{"id":672,"date":"2023-07-13T08:28:13","date_gmt":"2023-07-13T08:28:13","guid":{"rendered":"https:\/\/ohme.wpengine.com\/ie\/?page_id=672"},"modified":"2024-09-23T15:25:43","modified_gmt":"2024-09-23T15:25:43","slug":"contacte-nos-ohme-portugal","status":"publish","type":"page","link":"https:\/\/ohme-ev.com\/pt\/contacte-nos-ohme-portugal\/","title":{"rendered":"Contact us"},"content":{"rendered":"<div class=\"thin-hero \" style=\"background-color: #366c92;\">\n    <div class=\"content-container\">\n        <div class=\"wrapper\">\n            <h1>Contacte-nos<\/h1>\n                            <h5>Como podemos ajud\u00e1-lo?<\/h5>\n            \n                            <div class=\"button-container\">\n                                            \n                                    <\/div>\n                    <\/div>\n    <\/div>\n<\/div>\n\n<div id=\"business\" class=\"blockWrapper top-default bottom-default   \">\n\n\n<div class=\"contact-detail contentWrapper\">\n  <div class=\"imageContainer\">\n    <img decoding=\"async\" src=\"https:\/\/ohme-ev.com\/pt\/wp-content\/uploads\/sites\/21\/2023\/08\/50x50-small_Mobility-small_UK.jpg\" alt=\"Close up of a charger plugged into a grey car\" \/>\n  <\/div>\n  <div>\n    <h6 class=\"label\">Empresas<\/h6>\n    <h2 class=\"title\">Parcerias de neg\u00f3cios<\/h2>\n\n    <div class=\"text\"><p>Conecte-seaos nossos especialistas em carregamento de VE, a sua fonte preferida para obter assist\u00eancia e come\u00e7ar a usar a <a href=\"https:\/\/ohme-ev.com\/pt\/carregadores-ve-ohme-portugal\/\">Ohme<\/a>.<\/p>\n<\/div>\n        <div class=\"buttonsContainer\">\n        \n            <button\n                class=\"ohme-btn popup primary button\"\n                data-form-type=\"6\"\n                title=\"Entre em contato conosco se tiver algum problema.\"\n        >Pergunte agora<\/button>\n\n        <\/div>\n  <\/div>\n<\/div>\n<\/div>\n\n<div id=\"\" class=\"blockWrapper top-default bottom-default   \">\n\n\n<div class=\"contact-detail contentWrapper\">\n  <div class=\"imageContainer\">\n    <img decoding=\"async\" src=\"https:\/\/ohme-ev.com\/pt\/wp-content\/uploads\/sites\/21\/2023\/08\/50x50-small_Installers-small_UK.jpg\" alt=\"A person wearing protective gloves holding electrical wires\" \/>\n  <\/div>\n  <div>\n    <h6 class=\"label\">Empresas<\/h6>\n    <h2 class=\"title\">Instaladoras<\/h2>\n\n    <div class=\"text\"><p>Inscreva-se agora para se juntar \u00e0 nossa rede de engenheiros qualificados.<\/p>\n<p>J\u00e1 \u00e9 um instalador aprovado pela Ohme? N\u00e3o hesite em contactar-nos.<\/p>\n<\/div>\n        <div class=\"buttonsContainer\">\n        \n            <button\n                class=\"ohme-btn popup primary button\"\n                data-form-type=\"9\"\n                title=\"\"\n        >Envie-nos uma mensagem<\/button>\n\n    \n            <a href=\"https:\/\/ohme-ev.com\/pt\/instaladores\/\" target=\"_self\" >\n            <button class=\"ohme-btn secondaryLight button\" title=\"\">Torne-se um instalador Ohme<\/button>\n        <\/a>\n        <\/div>\n  <\/div>\n<\/div>\n<\/div>\n\n<div id=\"\" class=\"blockWrapper top-default bottom-default   \">\n\n\n<div class=\"contact-detail contentWrapper\">\n  <div class=\"imageContainer\">\n    <img decoding=\"async\" src=\"https:\/\/ohme-ev.com\/pt\/wp-content\/uploads\/sites\/21\/2024\/07\/Ohme_Charger6713-1.jpg\" alt=\"\" \/>\n  <\/div>\n  <div>\n    <h6 class=\"label\">Suporte<\/h6>\n    <h2 class=\"title\">Clientes<\/h2>\n\n    <div class=\"text\"><p>Entre em contato conosco aqui se precisar de suporte com o seu carregador Ohme EV.<\/p>\n<\/div>\n        <div class=\"buttonsContainer\">\n        \n            <button\n                class=\"ohme-btn popup primary button\"\n                data-form-type=\"3\"\n                title=\"Entre em contato conosco se tiver algum problema\"\n        >Entre em contato conosco se tiver algum problema<\/button>\n\n        <\/div>\n  <\/div>\n<\/div>\n<\/div>\n\n<div id=\"\" class=\"blockWrapper top-default bottom-default   \">\n\n    <div class=\"dualTilesWrapper blockWrapper\">\n        <h3><\/h3>\n        <div class=\"tilesContainer\">\n                                <div class=\"tileWrapper \">\n                        <h2 class=\"title\">Escrit\u00f3rio de Londres<\/h2>\n\n                        <div class=\"copy\"><p>Wellington House, 125-130 The Strand<br \/>\nLondon<br \/>\nWC2R 0AP<br \/>\nUK<\/p>\n<\/div>\n                                                                                                    <a class=\"emailAddress\" href=\"mailto:suporte@ohme-ev.com\">suporte@ohme-ev.com<\/a>\n                                                                        <div class=\"ctasContainer\">\n                                                    <\/div>\n                    <\/div>\n                                    <div class=\"tileWrapper \">\n                        <h2 class=\"title\">Escrit\u00f3rio da Irlanda<\/h2>\n\n                        <div class=\"copy\"><p>Sede da Ohme<br \/>\n74 Penrose Wharf<br \/>\nPenrose Quay<br \/>\nCork<br \/>\nRepublic of Ireland<\/p>\n<\/div>\n                                                                                                                        <div class=\"ctasContainer\">\n                                                    <\/div>\n                    <\/div>\n                        <\/div>\n    <\/div>\n\n<\/div>","protected":false},"excerpt":{"rendered":"","protected":false},"author":1,"featured_media":0,"parent":0,"menu_order":0,"comment_status":"closed","ping_status":"closed","template":"","meta":{"_acf_changed":true,"_helpful_status":1,"footnotes":"[]"},"partner":[],"class_list":["post-672","page","type-page","status-publish","hentry"],"acf":[],"yoast_head":"<!-- This site is optimized with the Yoast SEO Premium plugin v27.5 (Yoast SEO v27.5) - https:\/\/yoast.com\/product\/yoast-seo-premium-wordpress\/ -->\n<title>Contacte-nos | Ohme Portugal - Suporte e Informa\u00e7\u00f5es<\/title>\n<meta name=\"description\" content=\"Entre em contato com Ohme Portugal para suporte e informa\u00e7\u00f5es sobre nossos carregadores de ve\u00edculos el\u00e9tricos. Contacte-nos hoje.\" \/>\n<meta name=\"robots\" content=\"index, follow, max-snippet:-1, max-image-preview:large, max-video-preview:-1\" \/>\n<link rel=\"canonical\" href=\"https:\/\/ohme-ev.com\/pt\/contacte-nos-ohme-portugal\/\" \/>\n<meta property=\"og:locale\" content=\"pt_PT\" \/>\n<meta property=\"og:type\" content=\"article\" \/>\n<meta property=\"og:title\" content=\"Contact us\" \/>\n<meta property=\"og:description\" content=\"Entre em contato com Ohme Portugal para suporte e informa\u00e7\u00f5es sobre nossos carregadores de ve\u00edculos el\u00e9tricos. Contacte-nos hoje.\" \/>\n<meta property=\"og:url\" content=\"https:\/\/ohme-ev.com\/pt\/contacte-nos-ohme-portugal\/\" \/>\n<meta property=\"og:site_name\" content=\"Ohme EV Portugal\" \/>\n<meta property=\"article:publisher\" content=\"https:\/\/www.facebook.com\/OhmeEV\/\" \/>\n<meta property=\"article:modified_time\" content=\"2024-09-23T15:25:43+00:00\" \/>\n<meta name=\"twitter:card\" content=\"summary_large_image\" \/>\n<meta name=\"twitter:site\" content=\"@ohmeev\" \/>\n<script type=\"application\/ld+json\" class=\"yoast-schema-graph\">{\"@context\":\"https:\\\/\\\/schema.org\",\"@graph\":[{\"@type\":\"WebPage\",\"@id\":\"https:\\\/\\\/ohme-ev.com\\\/pt\\\/contacte-nos-ohme-portugal\\\/\",\"url\":\"https:\\\/\\\/ohme-ev.com\\\/pt\\\/contacte-nos-ohme-portugal\\\/\",\"name\":\"Contacte-nos | Ohme Portugal - Suporte e Informa\u00e7\u00f5es\",\"isPartOf\":{\"@id\":\"https:\\\/\\\/ohme-ev.com\\\/pt\\\/#website\"},\"datePublished\":\"2023-07-13T08:28:13+00:00\",\"dateModified\":\"2024-09-23T15:25:43+00:00\",\"description\":\"Entre em contato com Ohme Portugal para suporte e informa\u00e7\u00f5es sobre nossos carregadores de ve\u00edculos el\u00e9tricos. Contacte-nos hoje.\",\"breadcrumb\":{\"@id\":\"https:\\\/\\\/ohme-ev.com\\\/pt\\\/contacte-nos-ohme-portugal\\\/#breadcrumb\"},\"inLanguage\":\"pt-pt\",\"potentialAction\":[{\"@type\":\"ReadAction\",\"target\":[\"https:\\\/\\\/ohme-ev.com\\\/pt\\\/contacte-nos-ohme-portugal\\\/\"]}]},{\"@type\":\"BreadcrumbList\",\"@id\":\"https:\\\/\\\/ohme-ev.com\\\/pt\\\/contacte-nos-ohme-portugal\\\/#breadcrumb\",\"itemListElement\":[{\"@type\":\"ListItem\",\"position\":1,\"name\":\"Home\",\"item\":\"https:\\\/\\\/ohme-ev.com\\\/pt\\\/\"},{\"@type\":\"ListItem\",\"position\":2,\"name\":\"Contact us\"}]},{\"@type\":\"WebSite\",\"@id\":\"https:\\\/\\\/ohme-ev.com\\\/pt\\\/#website\",\"url\":\"https:\\\/\\\/ohme-ev.com\\\/pt\\\/\",\"name\":\"Ohme EV Portugal\",\"description\":\"Ohme - EV Smart Charging Solutions\",\"potentialAction\":[{\"@type\":\"SearchAction\",\"target\":{\"@type\":\"EntryPoint\",\"urlTemplate\":\"https:\\\/\\\/ohme-ev.com\\\/pt\\\/?s={search_term_string}\"},\"query-input\":{\"@type\":\"PropertyValueSpecification\",\"valueRequired\":true,\"valueName\":\"search_term_string\"}}],\"inLanguage\":\"pt-pt\"}]}<\/script>\n<!-- \/ Yoast SEO Premium plugin. -->","yoast_head_json":{"title":"Contacte-nos | Ohme Portugal - Suporte e Informa\u00e7\u00f5es","description":"Entre em contato com Ohme Portugal para suporte e informa\u00e7\u00f5es sobre nossos carregadores de ve\u00edculos el\u00e9tricos. Contacte-nos hoje.","robots":{"index":"index","follow":"follow","max-snippet":"max-snippet:-1","max-image-preview":"max-image-preview:large","max-video-preview":"max-video-preview:-1"},"canonical":"https:\/\/ohme-ev.com\/pt\/contacte-nos-ohme-portugal\/","og_locale":"pt_PT","og_type":"article","og_title":"Contact us","og_description":"Entre em contato com Ohme Portugal para suporte e informa\u00e7\u00f5es sobre nossos carregadores de ve\u00edculos el\u00e9tricos. Contacte-nos hoje.","og_url":"https:\/\/ohme-ev.com\/pt\/contacte-nos-ohme-portugal\/","og_site_name":"Ohme EV Portugal","article_publisher":"https:\/\/www.facebook.com\/OhmeEV\/","article_modified_time":"2024-09-23T15:25:43+00:00","twitter_card":"summary_large_image","twitter_site":"@ohmeev","schema":{"@context":"https:\/\/schema.org","@graph":[{"@type":"WebPage","@id":"https:\/\/ohme-ev.com\/pt\/contacte-nos-ohme-portugal\/","url":"https:\/\/ohme-ev.com\/pt\/contacte-nos-ohme-portugal\/","name":"Contacte-nos | Ohme Portugal - Suporte e Informa\u00e7\u00f5es","isPartOf":{"@id":"https:\/\/ohme-ev.com\/pt\/#website"},"datePublished":"2023-07-13T08:28:13+00:00","dateModified":"2024-09-23T15:25:43+00:00","description":"Entre em contato com Ohme Portugal para suporte e informa\u00e7\u00f5es sobre nossos carregadores de ve\u00edculos el\u00e9tricos. Contacte-nos hoje.","breadcrumb":{"@id":"https:\/\/ohme-ev.com\/pt\/contacte-nos-ohme-portugal\/#breadcrumb"},"inLanguage":"pt-pt","potentialAction":[{"@type":"ReadAction","target":["https:\/\/ohme-ev.com\/pt\/contacte-nos-ohme-portugal\/"]}]},{"@type":"BreadcrumbList","@id":"https:\/\/ohme-ev.com\/pt\/contacte-nos-ohme-portugal\/#breadcrumb","itemListElement":[{"@type":"ListItem","position":1,"name":"Home","item":"https:\/\/ohme-ev.com\/pt\/"},{"@type":"ListItem","position":2,"name":"Contact us"}]},{"@type":"WebSite","@id":"https:\/\/ohme-ev.com\/pt\/#website","url":"https:\/\/ohme-ev.com\/pt\/","name":"Ohme EV Portugal","description":"Ohme - EV Smart Charging Solutions","potentialAction":[{"@type":"SearchAction","target":{"@type":"EntryPoint","urlTemplate":"https:\/\/ohme-ev.com\/pt\/?s={search_term_string}"},"query-input":{"@type":"PropertyValueSpecification","valueRequired":true,"valueName":"search_term_string"}}],"inLanguage":"pt-pt"}]}},"_links":{"self":[{"href":"https:\/\/ohme-ev.com\/pt\/wp-json\/wp\/v2\/pages\/672","targetHints":{"allow":["GET"]}}],"collection":[{"href":"https:\/\/ohme-ev.com\/pt\/wp-json\/wp\/v2\/pages"}],"about":[{"href":"https:\/\/ohme-ev.com\/pt\/wp-json\/wp\/v2\/types\/page"}],"author":[{"embeddable":true,"href":"https:\/\/ohme-ev.com\/pt\/wp-json\/wp\/v2\/users\/1"}],"replies":[{"embeddable":true,"href":"https:\/\/ohme-ev.com\/pt\/wp-json\/wp\/v2\/comments?post=672"}],"version-history":[{"count":0,"href":"https:\/\/ohme-ev.com\/pt\/wp-json\/wp\/v2\/pages\/672\/revisions"}],"wp:attachment":[{"href":"https:\/\/ohme-ev.com\/pt\/wp-json\/wp\/v2\/media?parent=672"}],"wp:term":[{"taxonomy":"partner","embeddable":true,"href":"https:\/\/ohme-ev.com\/pt\/wp-json\/wp\/v2\/partner?post=672"}],"curies":[{"name":"wp","href":"https:\/\/api.w.org\/{rel}","templated":true}]}}