{"id":50,"date":"2023-06-26T12:03:21","date_gmt":"2023-06-26T12:03:21","guid":{"rendered":"https:\/\/ohme-cs-dev.local\/?page_id=50"},"modified":"2026-04-15T17:08:39","modified_gmt":"2026-04-15T17:08:39","slug":"vida-na-ohme","status":"publish","type":"page","link":"https:\/\/ohme-ev.com\/pt\/vida-na-ohme\/","title":{"rendered":"Life at Ohme"},"content":{"rendered":"<div class=\"image-text-hero with-colour\" style=\"background-color: #032536;\">\n\n    <div class=\"contentWrapper imageRight mobile-image-bottom\">\n        <div class=\"content-container\">\n            <div class=\"wrapper\">\n                                    <h1>Ol\u00e1, n\u00f3s somos a Ohme<\/h1>\n                \n                \n                                    <p><p>Temos como miss\u00e3o acelerar a transi\u00e7\u00e3o global para uma energia limpa, fornecendo tecnologia de carregamento inteligente acess\u00edvel e f\u00e1cil de usar para condutores em todo o mundo.<\/p>\n<\/p>\n                \n                \n            <a href=\"https:\/\/ohme-ev.com\/pt\/empregos\/\" target=\"_self\" >\n            <button class=\"ohme-btn primary button\" title=\"\">Veja as nossas posi\u00e7\u00f5es em aberto<\/button>\n        <\/a>\n    \n                            <\/div>\n        <\/div>\n\n        <div class=\"image-container\">\n                            <div class=\"image-wrapper\">\n                    <img decoding=\"async\" src=\"https:\/\/ohme-ev.com\/pt\/wp-content\/uploads\/sites\/21\/2023\/07\/Large-inset-header_Chizom_UK.png\" alt=\"\" \/>\n                <\/div>\n            \n                    <\/div>\n    <\/div>\n\n    <\/div>\n\n<div id=\"\" class=\"blockWrapper top-default bottom-default   \">\n\n\n<div class=\"contentWrapper textImageLeft  image\">\n            <div class=\"imageContainer\">\n            <img decoding=\"async\" loading=\"lazy\" src=\"https:\/\/ohme-ev.com\/pt\/wp-content\/uploads\/sites\/21\/2023\/07\/50x50-text-image_dark-car-charging_master.png\" alt=\"\"\/>\n        <\/div>\n\n        <div class=\"textContainer\">\n        <h3 class=\"title\">Abra caminho para um futuro el\u00e9trico. Um carregamento de cada vez.<\/h3>\n        <h4 class=\"subtitle regular\"><\/h4>\n        <div class=\"text\"><p>Na Ohme, estamos focados na engenharia de carregadores dom\u00e9sticos inteligentes que permitem aos condutores tirar o m\u00e1ximo partido do seu ve\u00edculo el\u00e9trico, enquanto poupam dinheiro e ajudam o planeta.<\/p>\n<p>A nossa tecnologia \u00fanica permite aos condutores carregar nos hor\u00e1rios mais baratos e ecol\u00f3gicos dispon\u00edveis. Estamos a levar o carregamento inteligente para o n\u00edvel seguinte. A nossa vis\u00e3o pode parecer ambiciosa, mas \u00e9 aqui que reside o potencial de Ohme, na cria\u00e7\u00e3o de solu\u00e7\u00f5es de carregamento que facilitam a transi\u00e7\u00e3o para ve\u00edculos el\u00e9tricos em todo o mundo. E estamos apenas a come\u00e7ar.<\/p>\n<\/div>\n        <div class=\"buttonsContainer\">\n                    <\/div>\n            <\/div>\n<\/div>\n<\/div>\n\n<div id=\"\" class=\"blockWrapper top-default bottom-default   \">\n\n<div class=\"text-image-right \">\n    <div class=\"inner\">\n        <div class=\"text-content\">\n                        <h3 class=\"title\">Junte-se a uma das empresas de carregamento de VE mais inovadoras e em r\u00e1pido crescimento na Europa.<\/h3>\n                        <div class=\"text\"><p>A Ohme encontra as suas ra\u00edzes nas pessoas: estamos a construir uma equipa de pessoas inspiradoras apaixonadas por abrir novos caminhos para criar um futuro mais verde.<\/p>\n<p>Se agitar as coisas numa das ind\u00fastrias de tecnologia mais importantes e reduzir o impacto no planeta \u00e9 a sua coisa, prepare-se para se adaptar bem.<\/p>\n<\/div>\n                                                <div class=\"buttons\">\n                                    \n            <a href=\"https:\/\/ohme-ev.com\/pt\/empregos\/\" target=\"_self\" >\n            <button class=\"ohme-btn primary button\" title=\"\">Ver todas as posi\u00e7\u00f5es em aberto<\/button>\n        <\/a>\n                                <\/div>\n                                <\/div>\n        <div class=\"media-content\">\n                        <img decoding=\"async\" loading=\"lazy\" src=\"https:\/\/ohme-ev.com\/pt\/wp-content\/uploads\/sites\/21\/2023\/07\/Mask-group.png\" alt=\"\" \/>\n                    <\/div>\n    <\/div>\n<\/div>\n\n<\/div>\n\n<div id=\"\" class=\"blockWrapper top-default bottom-default   \">\n\n<div class=\"text-image-right \">\n    <div class=\"inner\">\n        <div class=\"text-content\">\n                        <h3 class=\"title\">Conhe\u00e7a David, o nosso CEO e fundador<\/h3>\n                        <div class=\"text\"><p>Antes de cofundar a Ohme, David Watson cofundou a Temporis Capital. David viu uma oportunidade de ajustar a procura para satisfazer a oferta usando ve\u00edculos el\u00e9tricos e criou a Ohme com o objetivo de torn\u00e1-la a plataforma de carregamento inteligente mais fi\u00e1vel do mundo.<\/p>\n<p>David tinha um Tesla e teve a ideia de controlar o carregamento com um cabo inteligente, proporcionando aos clientes um controlo melhor e mais vis\u00edvel. O primeiro prot\u00f3tipo funcional para o carregador dom\u00e9stico Ohme foi produzido em 2018 com a vers\u00e3o de produ\u00e7\u00e3o final pronta em 2019.<\/p>\n<\/div>\n                                                        <\/div>\n        <div class=\"media-content\">\n                        <img decoding=\"async\" loading=\"lazy\" src=\"https:\/\/ohme-ev.com\/pt\/wp-content\/uploads\/sites\/21\/2023\/07\/ohme-ceo.png\" alt=\"\" \/>\n                    <\/div>\n    <\/div>\n<\/div>\n\n<\/div>\n\n<div id=\"\" class=\"blockWrapper top-default bottom-default   \">\n\n\n<div class=\"contentWrapper textImageLeft  image\">\n            <div class=\"imageContainer\">\n            <img decoding=\"async\" loading=\"lazy\" src=\"https:\/\/ohme-ev.com\/pt\/wp-content\/uploads\/sites\/21\/2023\/07\/ohme-founder.png\" alt=\"\"\/>\n        <\/div>\n\n        <div class=\"textContainer\">\n        <h3 class=\"title\">Conhe\u00e7a Derry, o nosso fundador<\/h3>\n        <h4 class=\"subtitle regular\"><\/h4>\n        <div class=\"text\"><p>Derry Guy, \u00e9 cofundador e Presidente da Ohme. \u00c9 tamb\u00e9m CEO do Grupo Temporis, a empresa fonte original de Ohme.<\/p>\n<p>O Grupo Temporis \u00e9 uma empresa de investimento especializada que gera um impacto positivo e mensur\u00e1vel na redu\u00e7\u00e3o dos efeitos das altera\u00e7\u00f5es clim\u00e1ticas em alinhamento com os \u201cObjetivos de Desenvolvimento Sustent\u00e1vel\u201d da ONU. Cofundou a Temporis para ajudar a acelerar a transi\u00e7\u00e3o para a energia verde e envolver-se ainda mais nessa paix\u00e3o antes de cofundar a Ohme juntamente com David Watson.<\/p>\n<p>Anteriormente, Derry desempenhou durante 30 anos as fun\u00e7\u00f5es de banqueiro comercial, financiador estruturado e fundador de neg\u00f3cios de gest\u00e3o de ativos alternativos.<\/p>\n<\/div>\n        <div class=\"buttonsContainer\">\n                    <\/div>\n            <\/div>\n<\/div>\n<\/div>\n\n<div id=\"\" class=\"blockWrapper top-default bottom-default   \">\n\n    <div class=\" keyPointsBlock\">\n        <div class=\"contentWrapper keyPoints\">\n\n                            <h3 class=\"mainTitle\">Os nossos valores e cren\u00e7as<\/h3>\n            \n            \n            <div class=\"keyPointsContainer \">\n                                                            <div class=\"keyPointWrapper\">\n\n                                                            <div class=\"mediaContainer image\">\n                                    <img decoding=\"async\" src=\"https:\/\/ohme-ev.com\/pt\/wp-content\/uploads\/sites\/21\/2023\/08\/Icon_do-good_master.svg\" alt=\"\" \/>\n                                <\/div>\n\n                            \n                            <h5 class=\"subtitle\">Ser \u00e9tico<\/h5>\n                            <div class=\"copy\"><p>Preocupamo-nos com as pessoas e com o ambiente.<\/p>\n<\/div>\n\n                            \n                        <\/div>\n                                            <div class=\"keyPointWrapper\">\n\n                                                            <div class=\"mediaContainer image\">\n                                    <img decoding=\"async\" src=\"https:\/\/ohme-ev.com\/pt\/wp-content\/uploads\/sites\/21\/2023\/08\/Icon_customer-obsessed_master.svg\" alt=\"\" \/>\n                                <\/div>\n\n                            \n                            <h5 class=\"subtitle\">Ser obcecado pelo cliente<\/h5>\n                            <div class=\"copy\"><p>O cliente est\u00e1 no centro de tudo o que fazemos.<\/p>\n<\/div>\n\n                            \n                        <\/div>\n                                            <div class=\"keyPointWrapper\">\n\n                                                            <div class=\"mediaContainer image\">\n                                    <img decoding=\"async\" src=\"https:\/\/ohme-ev.com\/pt\/wp-content\/uploads\/sites\/21\/2023\/08\/Icon_collaborative_master.svg\" alt=\"\" \/>\n                                <\/div>\n\n                            \n                            <h5 class=\"subtitle\">Ser colaborativo<\/h5>\n                            <div class=\"copy\"><p>Acreditamos que o nosso sucesso se baseia em rela\u00e7\u00f5es fortes.<\/p>\n<\/div>\n\n                            \n                        <\/div>\n                                            <div class=\"keyPointWrapper\">\n\n                                                            <div class=\"mediaContainer image\">\n                                    <img decoding=\"async\" src=\"https:\/\/ohme-ev.com\/pt\/wp-content\/uploads\/sites\/21\/2023\/08\/Icon_progressive_master.svg\" alt=\"\" \/>\n                                <\/div>\n\n                            \n                            <h5 class=\"subtitle\">Inovar, sempre<\/h5>\n                            <div class=\"copy\"><p>Inovamos, perturbamos e estamos sempre a aprender.<\/p>\n<\/div>\n\n                            \n                        <\/div>\n                                            <div class=\"keyPointWrapper\">\n\n                                                            <div class=\"mediaContainer image\">\n                                    <img decoding=\"async\" src=\"https:\/\/ohme-ev.com\/pt\/wp-content\/uploads\/sites\/21\/2023\/08\/Icon_brave_master.svg\" alt=\"\" \/>\n                                <\/div>\n\n                            \n                            <h5 class=\"subtitle\">Ser corajoso<\/h5>\n                            <div class=\"copy\"><p>Experimentamos coisas novas e lideramos atrav\u00e9s da possibilidade.<\/p>\n<\/div>\n\n                            \n                        <\/div>\n                                                <\/div>\n\n            <div class=\"cta-container\">\n                <div class=\"buttonsContainer\">\n                                    <\/div>\n            <\/div>\n\n        <\/div>\n    <\/div>\n\n<\/div>\n\n<div id=\"\" class=\"blockWrapper top-default bottom-default   \">\n\n    <div class=\"bgColour\">\n\n        <div class=\"threeColumnWrapper \">\n            <h2 class=\"title\">Ouvir os nossos colaboradores<\/h2>\n            <p class=\"subtitle regular \" style=\"\">Acreditamos que o maior impacto ocorre quando trabalhamos como uma equipa. Conhe\u00e7a alguns dos nossos colaboradores que est\u00e3o a impulsionar a nossa miss\u00e3o de acelerar a transi\u00e7\u00e3o global para as energia<\/p>\n            <div class=\"columnsContainer\">\n                                        <div class=\"column\">\n                            <div class=\"imageContainer \">\n                                                                    <img loading=\"lazy\" decoding=\"async\" width=\"334\" height=\"242\" src=\"https:\/\/ohme-ev.com\/pt\/wp-content\/uploads\/sites\/21\/2023\/10\/3-image-module_Roberto-Fauda-Pichet_master-334x242.jpg\" class=\"attachment-column_hero size-column_hero\" alt=\"\" srcset=\"https:\/\/ohme-ev.com\/pt\/wp-content\/uploads\/sites\/21\/2023\/10\/3-image-module_Roberto-Fauda-Pichet_master-334x242.jpg 334w, https:\/\/ohme-ev.com\/pt\/wp-content\/uploads\/sites\/21\/2023\/10\/3-image-module_Roberto-Fauda-Pichet_master-300x217.jpg 300w, https:\/\/ohme-ev.com\/pt\/wp-content\/uploads\/sites\/21\/2023\/10\/3-image-module_Roberto-Fauda-Pichet_master-254x184.jpg 254w, https:\/\/ohme-ev.com\/pt\/wp-content\/uploads\/sites\/21\/2023\/10\/3-image-module_Roberto-Fauda-Pichet_master.jpg 680w\" sizes=\"auto, (max-width: 334px) 100vw, 334px\" \/>\n                                                            <\/div>\n\n                            <div>\n                                <p class=\"label\">Engenheiro de Pr\u00e9-Venda<\/p>\n                                <p class=\"subtitleColumn\">Roberto Fauda Pichet<\/p>\n                                <div class=\"body\"><p>&#8220;Desde o primeiro dia, encontrei uma equipa pronta a apoiar-me e a ajudar-me a crescer. O que me atraiu foi a vis\u00e3o da Ohme para o carregamento dom\u00e9stico de VE e depois de viver o dia a dia da empresa, tenho a certeza: a Ohme est\u00e1 a definir o futuro do carregamento el\u00e9trico. \u00c9 um orgulho contribuir para esta miss\u00e3o.&#8221;<\/p>\n<\/div>\n                            <\/div>\n                        <\/div>\n                                                <div class=\"column\">\n                            <div class=\"imageContainer \">\n                                                                    <img loading=\"lazy\" decoding=\"async\" width=\"334\" height=\"242\" src=\"https:\/\/ohme-ev.com\/pt\/wp-content\/uploads\/sites\/21\/2026\/04\/Giulia_Genovese_Photo-334x242.webp\" class=\"attachment-column_hero size-column_hero\" alt=\"Giulia Genovese Photo\" srcset=\"https:\/\/ohme-ev.com\/pt\/wp-content\/uploads\/sites\/21\/2026\/04\/Giulia_Genovese_Photo-334x242.webp 334w, https:\/\/ohme-ev.com\/pt\/wp-content\/uploads\/sites\/21\/2026\/04\/Giulia_Genovese_Photo-300x217.webp 300w, https:\/\/ohme-ev.com\/pt\/wp-content\/uploads\/sites\/21\/2026\/04\/Giulia_Genovese_Photo-254x184.webp 254w, https:\/\/ohme-ev.com\/pt\/wp-content\/uploads\/sites\/21\/2026\/04\/Giulia_Genovese_Photo.webp 340w\" sizes=\"auto, (max-width: 334px) 100vw, 334px\" \/>\n                                                            <\/div>\n\n                            <div>\n                                <p class=\"label\">Suporte T\u00e9cnico<\/p>\n                                <p class=\"subtitleColumn\">Giulia Genovese<\/p>\n                                <div class=\"body\"><p>&#8220;A Ohme pareceu-me o lugar ideal desde o primeiro momento. Trabalhar numa empresa que impulsiona a mobilidade sustent\u00e1vel \u00e9 entusiasmante, especialmente pela sua aposta na tecnologia inteligente de carregamento dom\u00e9stico e pelo compromisso de tornar a energia mais acess\u00edvel. Al\u00e9m disso, o ritmo de trabalho e as oportunidades de continuar a aprender fazem deste o lugar perfeito para contribuir para um impacto positivo real.&#8221;<\/p>\n<\/div>\n                            <\/div>\n                        <\/div>\n                                                <div class=\"column\">\n                            <div class=\"imageContainer \">\n                                                                    <img loading=\"lazy\" decoding=\"async\" width=\"334\" height=\"242\" src=\"https:\/\/ohme-ev.com\/pt\/wp-content\/uploads\/sites\/21\/2026\/04\/Tiago_Silva_webp-334x242.webp\" class=\"attachment-column_hero size-column_hero\" alt=\"\" srcset=\"https:\/\/ohme-ev.com\/pt\/wp-content\/uploads\/sites\/21\/2026\/04\/Tiago_Silva_webp-334x242.webp 334w, https:\/\/ohme-ev.com\/pt\/wp-content\/uploads\/sites\/21\/2026\/04\/Tiago_Silva_webp-300x217.webp 300w, https:\/\/ohme-ev.com\/pt\/wp-content\/uploads\/sites\/21\/2026\/04\/Tiago_Silva_webp-254x184.webp 254w, https:\/\/ohme-ev.com\/pt\/wp-content\/uploads\/sites\/21\/2026\/04\/Tiago_Silva_webp.webp 340w\" sizes=\"auto, (max-width: 334px) 100vw, 334px\" \/>\n                                                            <\/div>\n\n                            <div>\n                                <p class=\"label\">Head of Sales<\/p>\n                                <p class=\"subtitleColumn\">Tiago Silva<\/p>\n                                <div class=\"body\"><p>&#8220;Fazer parte da Ohme \u00e9 motivo de orgulho. Estamos a acelerar a transi\u00e7\u00e3o energ\u00e9tica com tecnologia inteligente que faz a diferen\u00e7a no dia a dia das pessoas e isso entusiasma-me. Cada dia \u00e9 desafiante, mas o esp\u00edrito de equipa e a colabora\u00e7\u00e3o fazem com que valha sempre a pena. O que mais me motiva \u00e9 trabalhar de perto com clientes e parceiros, ajudando-os a compreender o papel do carregamento el\u00e9trico num futuro mais sustent\u00e1vel.&#8221;<\/p>\n<\/div>\n                            <\/div>\n                        <\/div>\n                                    <\/div>\n                            <div class=\"buttonsContainer\">\n                    \n            <a href=\"https:\/\/ohme-ev.com\/pt\/empregos\/\" target=\"_self\" >\n            <button class=\"ohme-btn secondaryLight button\" title=\"\">Quer fazer parte da equipa?<\/button>\n        <\/a>\n                    <\/div>\n                    <\/div>\n    <\/div>\n<\/div>","protected":false},"excerpt":{"rendered":"","protected":false},"author":1,"featured_media":0,"parent":0,"menu_order":0,"comment_status":"closed","ping_status":"closed","template":"","meta":{"_acf_changed":true,"_helpful_status":1,"footnotes":""},"partner":[],"class_list":["post-50","page","type-page","status-publish","hentry"],"acf":[],"yoast_head":"<!-- This site is optimized with the Yoast SEO Premium plugin v27.5 (Yoast SEO v27.5) - https:\/\/yoast.com\/product\/yoast-seo-premium-wordpress\/ -->\n<title>Vida na Ohme - Ohme EV Portugal<\/title>\n<meta name=\"robots\" content=\"index, follow, max-snippet:-1, max-image-preview:large, max-video-preview:-1\" \/>\n<link rel=\"canonical\" href=\"https:\/\/ohme-ev.com\/pt\/vida-na-ohme\/\" \/>\n<meta property=\"og:locale\" content=\"pt_PT\" \/>\n<meta property=\"og:type\" content=\"article\" \/>\n<meta property=\"og:title\" content=\"Life at Ohme\" \/>\n<meta property=\"og:url\" content=\"https:\/\/ohme-ev.com\/pt\/vida-na-ohme\/\" \/>\n<meta property=\"og:site_name\" content=\"Ohme EV Portugal\" \/>\n<meta property=\"article:publisher\" content=\"https:\/\/www.facebook.com\/OhmeEV\/\" \/>\n<meta property=\"article:modified_time\" content=\"2026-04-15T17:08:39+00:00\" \/>\n<meta name=\"twitter:card\" content=\"summary_large_image\" \/>\n<meta name=\"twitter:site\" content=\"@ohmeev\" \/>\n<script type=\"application\/ld+json\" class=\"yoast-schema-graph\">{\"@context\":\"https:\\\/\\\/schema.org\",\"@graph\":[{\"@type\":\"WebPage\",\"@id\":\"https:\\\/\\\/ohme-ev.com\\\/pt\\\/vida-na-ohme\\\/\",\"url\":\"https:\\\/\\\/ohme-ev.com\\\/pt\\\/vida-na-ohme\\\/\",\"name\":\"Vida na Ohme - Ohme EV Portugal\",\"isPartOf\":{\"@id\":\"https:\\\/\\\/ohme-ev.com\\\/pt\\\/#website\"},\"datePublished\":\"2023-06-26T12:03:21+00:00\",\"dateModified\":\"2026-04-15T17:08:39+00:00\",\"breadcrumb\":{\"@id\":\"https:\\\/\\\/ohme-ev.com\\\/pt\\\/vida-na-ohme\\\/#breadcrumb\"},\"inLanguage\":\"pt-pt\",\"potentialAction\":[{\"@type\":\"ReadAction\",\"target\":[\"https:\\\/\\\/ohme-ev.com\\\/pt\\\/vida-na-ohme\\\/\"]}]},{\"@type\":\"BreadcrumbList\",\"@id\":\"https:\\\/\\\/ohme-ev.com\\\/pt\\\/vida-na-ohme\\\/#breadcrumb\",\"itemListElement\":[{\"@type\":\"ListItem\",\"position\":1,\"name\":\"Home\",\"item\":\"https:\\\/\\\/ohme-ev.com\\\/pt\\\/\"},{\"@type\":\"ListItem\",\"position\":2,\"name\":\"Life at Ohme\"}]},{\"@type\":\"WebSite\",\"@id\":\"https:\\\/\\\/ohme-ev.com\\\/pt\\\/#website\",\"url\":\"https:\\\/\\\/ohme-ev.com\\\/pt\\\/\",\"name\":\"Ohme EV Portugal\",\"description\":\"Ohme - EV Smart Charging Solutions\",\"potentialAction\":[{\"@type\":\"SearchAction\",\"target\":{\"@type\":\"EntryPoint\",\"urlTemplate\":\"https:\\\/\\\/ohme-ev.com\\\/pt\\\/?s={search_term_string}\"},\"query-input\":{\"@type\":\"PropertyValueSpecification\",\"valueRequired\":true,\"valueName\":\"search_term_string\"}}],\"inLanguage\":\"pt-pt\"}]}<\/script>\n<!-- \/ Yoast SEO Premium plugin. -->","yoast_head_json":{"title":"Vida na Ohme - Ohme EV Portugal","robots":{"index":"index","follow":"follow","max-snippet":"max-snippet:-1","max-image-preview":"max-image-preview:large","max-video-preview":"max-video-preview:-1"},"canonical":"https:\/\/ohme-ev.com\/pt\/vida-na-ohme\/","og_locale":"pt_PT","og_type":"article","og_title":"Life at Ohme","og_url":"https:\/\/ohme-ev.com\/pt\/vida-na-ohme\/","og_site_name":"Ohme EV Portugal","article_publisher":"https:\/\/www.facebook.com\/OhmeEV\/","article_modified_time":"2026-04-15T17:08:39+00:00","twitter_card":"summary_large_image","twitter_site":"@ohmeev","schema":{"@context":"https:\/\/schema.org","@graph":[{"@type":"WebPage","@id":"https:\/\/ohme-ev.com\/pt\/vida-na-ohme\/","url":"https:\/\/ohme-ev.com\/pt\/vida-na-ohme\/","name":"Vida na Ohme - Ohme EV Portugal","isPartOf":{"@id":"https:\/\/ohme-ev.com\/pt\/#website"},"datePublished":"2023-06-26T12:03:21+00:00","dateModified":"2026-04-15T17:08:39+00:00","breadcrumb":{"@id":"https:\/\/ohme-ev.com\/pt\/vida-na-ohme\/#breadcrumb"},"inLanguage":"pt-pt","potentialAction":[{"@type":"ReadAction","target":["https:\/\/ohme-ev.com\/pt\/vida-na-ohme\/"]}]},{"@type":"BreadcrumbList","@id":"https:\/\/ohme-ev.com\/pt\/vida-na-ohme\/#breadcrumb","itemListElement":[{"@type":"ListItem","position":1,"name":"Home","item":"https:\/\/ohme-ev.com\/pt\/"},{"@type":"ListItem","position":2,"name":"Life at Ohme"}]},{"@type":"WebSite","@id":"https:\/\/ohme-ev.com\/pt\/#website","url":"https:\/\/ohme-ev.com\/pt\/","name":"Ohme EV Portugal","description":"Ohme - EV Smart Charging Solutions","potentialAction":[{"@type":"SearchAction","target":{"@type":"EntryPoint","urlTemplate":"https:\/\/ohme-ev.com\/pt\/?s={search_term_string}"},"query-input":{"@type":"PropertyValueSpecification","valueRequired":true,"valueName":"search_term_string"}}],"inLanguage":"pt-pt"}]}},"_links":{"self":[{"href":"https:\/\/ohme-ev.com\/pt\/wp-json\/wp\/v2\/pages\/50","targetHints":{"allow":["GET"]}}],"collection":[{"href":"https:\/\/ohme-ev.com\/pt\/wp-json\/wp\/v2\/pages"}],"about":[{"href":"https:\/\/ohme-ev.com\/pt\/wp-json\/wp\/v2\/types\/page"}],"author":[{"embeddable":true,"href":"https:\/\/ohme-ev.com\/pt\/wp-json\/wp\/v2\/users\/1"}],"replies":[{"embeddable":true,"href":"https:\/\/ohme-ev.com\/pt\/wp-json\/wp\/v2\/comments?post=50"}],"version-history":[{"count":0,"href":"https:\/\/ohme-ev.com\/pt\/wp-json\/wp\/v2\/pages\/50\/revisions"}],"wp:attachment":[{"href":"https:\/\/ohme-ev.com\/pt\/wp-json\/wp\/v2\/media?parent=50"}],"wp:term":[{"taxonomy":"partner","embeddable":true,"href":"https:\/\/ohme-ev.com\/pt\/wp-json\/wp\/v2\/partner?post=50"}],"curies":[{"name":"wp","href":"https:\/\/api.w.org\/{rel}","templated":true}]}}