{"id":40,"date":"2023-06-26T12:01:21","date_gmt":"2023-06-26T12:01:21","guid":{"rendered":"https:\/\/ohme-cs-dev.local\/?page_id=40"},"modified":"2025-12-29T10:47:12","modified_gmt":"2025-12-29T10:47:12","slug":"recursos-instaladores-ohme","status":"publish","type":"page","link":"https:\/\/ohme-ev.com\/pt\/recursos-instaladores-ohme\/","title":{"rendered":"Installer resources"},"content":{"rendered":"<div class=\"image-text-hero with-image gradient-enabled gradient-vertical has-mobile-bg\" style=\"--bg-desktop: url(&#039;https:\/\/ohme-ev.com\/pt\/wp-content\/uploads\/sites\/21\/2025\/09\/Installer-resources-Desktop1x.webp&#039;); --bg-mobile: url(&#039;https:\/\/ohme-ev.com\/pt\/wp-content\/uploads\/sites\/21\/2025\/09\/Installer-resources-Mobile1x.webp&#039;);\">\n\n    <div class=\"contentWrapper imageRight mobile-image-bottom\">\n        <div class=\"content-container\">\n            <div class=\"wrapper\">\n                                    <h1>Recursos do instalador<\/h1>\n                \n                \n                                    <p><p>A loja \u00fanica para instaladores aprovados pela Ohme: desde fichas t\u00e9cnicas, explicadores de produtos at\u00e9 materiais de marketing.<\/p>\n<\/p>\n                \n                \n\n                            <\/div>\n        <\/div>\n\n        <div class=\"image-container\">\n            \n                    <\/div>\n    <\/div>\n\n    <\/div>\n\n<div id=\"\" class=\"blockWrapper top-smaller bottom-smaller   \">\n\n<div class=\"info bg-grey\">\n    <div class=\"contentWrapper\">\n                    <h2>\n                Guias, assist\u00eancia e resolu\u00e7\u00e3o de problemas            <\/h2>\n                <div class=\"text\">\n            <p class=\"p1\">Encontre conselhos, guias de instala\u00e7\u00e3o e recursos de resolu\u00e7\u00e3o de problemas para ajudar na configura\u00e7\u00e3o e manuten\u00e7\u00e3o dos carregadores Ohme.<\/p>\n        <\/div>\n                        <div class=\"buttonsWrapper\">\n                        \n            <a href=\"https:\/\/ohme-ev.com\/pt\/support\/?category=para-instaladores\" target=\"_blank\" rel=\"noopener\">\n            <button class=\"ohme-btn primary button external\" title=\"\">Artigos de assist\u00eancia<\/button>\n        <\/a>\n                            \n            <a href=\"https:\/\/ohme-ev.com\/pt\/support\/product-manuals\/\" target=\"_blank\" rel=\"noopener\">\n            <button class=\"ohme-btn primary button external\" title=\"\">Manuais do produto<\/button>\n        <\/a>\n                        <\/div>\n            <\/div>\n<\/div>\n\n<\/div>\n\n<div id=\"\" class=\"blockWrapper top-default bottom-default   \">\n\n<div class=\"block installer-block contentWrapper\">\n    <div class=\"titles\">\n        <h2>Recursos e apoio ao instalador<\/h2>\n        <h5>Selecione o carregador que pretende atualizar<\/h5>\n    <\/div>\n    <div>\n        <div class=\"tabs-header\">\n                                            <div class=\"toggle-btn\" data-target=\"69dcd5d20a9d7\">\n                    <div class=\"tickbox\"><\/div>\n                    <img loading=\"lazy\" decoding=\"async\" width=\"286\" height=\"248\" src=\"https:\/\/ohme-ev.com\/pt\/wp-content\/uploads\/sites\/21\/2023\/07\/Specs_Home-Pro-cut-out_UK.png\" class=\"attachment-post-thumbnail size-post-thumbnail wp-post-image\" alt=\"\" \/>                    <p>Ohme Home Pro (11kW)<\/p>\n                <\/div>\n                                            <div class=\"toggle-btn\" data-target=\"69dcd5d20b651\">\n                    <div class=\"tickbox\"><\/div>\n                    <img loading=\"lazy\" decoding=\"async\" width=\"972\" height=\"844\" src=\"https:\/\/ohme-ev.com\/pt\/wp-content\/uploads\/sites\/21\/2023\/07\/Specs_Home-Pro-cut-out_Master.png\" class=\"attachment-post-thumbnail size-post-thumbnail wp-post-image\" alt=\"\" srcset=\"https:\/\/ohme-ev.com\/pt\/wp-content\/uploads\/sites\/21\/2023\/07\/Specs_Home-Pro-cut-out_Master.png 972w, https:\/\/ohme-ev.com\/pt\/wp-content\/uploads\/sites\/21\/2023\/07\/Specs_Home-Pro-cut-out_Master-300x260.png 300w, https:\/\/ohme-ev.com\/pt\/wp-content\/uploads\/sites\/21\/2023\/07\/Specs_Home-Pro-cut-out_Master-768x667.png 768w, https:\/\/ohme-ev.com\/pt\/wp-content\/uploads\/sites\/21\/2023\/07\/Specs_Home-Pro-cut-out_Master-212x184.png 212w, https:\/\/ohme-ev.com\/pt\/wp-content\/uploads\/sites\/21\/2023\/07\/Specs_Home-Pro-cut-out_Master-279x242.png 279w\" sizes=\"auto, (max-width: 972px) 100vw, 972px\" \/>                    <p>Ohme Home Pro (7.4kW)<\/p>\n                <\/div>\n                                            <div class=\"toggle-btn\" data-target=\"69dcd5d20bfc0\">\n                    <div class=\"tickbox\"><\/div>\n                    <img loading=\"lazy\" decoding=\"async\" width=\"442\" height=\"602\" src=\"https:\/\/ohme-ev.com\/pt\/wp-content\/uploads\/sites\/21\/2023\/08\/product_ePod-cut-out_master.png\" class=\"attachment-post-thumbnail size-post-thumbnail wp-post-image\" alt=\"\" srcset=\"https:\/\/ohme-ev.com\/pt\/wp-content\/uploads\/sites\/21\/2023\/08\/product_ePod-cut-out_master.png 442w, https:\/\/ohme-ev.com\/pt\/wp-content\/uploads\/sites\/21\/2023\/08\/product_ePod-cut-out_master-220x300.png 220w, https:\/\/ohme-ev.com\/pt\/wp-content\/uploads\/sites\/21\/2023\/08\/product_ePod-cut-out_master-330x450.png 330w\" sizes=\"auto, (max-width: 442px) 100vw, 442px\" \/>                    <p>Ohme ePod<\/p>\n                <\/div>\n                                            <div class=\"toggle-btn\" data-target=\"69dcd5d20c8a3\">\n                    <div class=\"tickbox\"><\/div>\n                    <img loading=\"lazy\" decoding=\"async\" width=\"319\" height=\"506\" src=\"https:\/\/ohme-ev.com\/pt\/wp-content\/uploads\/sites\/21\/2024\/01\/Specs_Home-Go-cut-out_master-e1699262419902.png\" class=\"attachment-post-thumbnail size-post-thumbnail wp-post-image\" alt=\"\" srcset=\"https:\/\/ohme-ev.com\/pt\/wp-content\/uploads\/sites\/21\/2024\/01\/Specs_Home-Go-cut-out_master-e1699262419902.png 319w, https:\/\/ohme-ev.com\/pt\/wp-content\/uploads\/sites\/21\/2024\/01\/Specs_Home-Go-cut-out_master-e1699262419902-189x300.png 189w, https:\/\/ohme-ev.com\/pt\/wp-content\/uploads\/sites\/21\/2024\/01\/Specs_Home-Go-cut-out_master-e1699262419902-116x184.png 116w, https:\/\/ohme-ev.com\/pt\/wp-content\/uploads\/sites\/21\/2024\/01\/Specs_Home-Go-cut-out_master-e1699262419902-153x242.png 153w\" sizes=\"auto, (max-width: 319px) 100vw, 319px\" \/>                    <p>Ohme Go<\/p>\n                <\/div>\n                                <\/div>\n        <div class=\"tabs-content\">\n                                                        <div class=\"content\" id=\"69dcd5d20a9d7\">\n                    \n<div class=\"wp-block-group specifications\">\n    <div class=\"wp-block-group__inner-container\">\n        <h6 class=\"wp-block-heading\">Controlo e acesso<\/h6>\n        <p>Atrav\u00e9s do ecr\u00e3 LCD incorporado<br \/>\nAtrav\u00e9s da aplica\u00e7\u00e3o para smartphone<br \/>\nAtrav\u00e9s dos bot\u00f5es no carregador<\/p>\n        <h6 class=\"wp-block-heading\">Conetividade<\/h6>\n        <p>Cart\u00e3o SIM multi-rede 3G\/4G<\/p>\n        <h6 class=\"wp-block-heading\">Tipo de ficha e cabo<\/h6>\n        <p>Vem com um cabo Tipo 2 fixo de 5 m com cabo como padr\u00e3o<\/p>\n        <h6 class=\"wp-block-heading\">Pot\u00eancia nominal<\/h6>\n        <p>Sa\u00edda de pot\u00eancia\/corrente m\u00e1xima: 11 kW\/ 16 A, 3P+N+PE<br \/>\nVoltagem: 400V AC, Frequ\u00eancia: 50 Hz<br \/>\nNota: os carregadores dom\u00e9sticos de 11 kW requerem alimenta\u00e7\u00e3o el\u00e9trica trif\u00e1sica dom\u00e9stica<\/p>\n        <h6 class=\"wp-block-heading\">Dimens\u00f5es e peso<\/h6>\n        <p>170 mm (A) x 200 mm (L) x 100 mm (P)<br \/>\n4 kg<\/p>\n        <h6 class=\"wp-block-heading\">Tecnologia<\/h6>\n        <p>Carregamento inteligente din\u00e2mico<br \/>\nIntegra\u00e7\u00e3o de tarifas de energia<br \/>\nTecnologia de carregamento solar (pr\u00f3ximamente)<br \/>\nBalanceamento de energia em casa atrav\u00e9s do grampo  (CT clamp)<br \/>\nAtualiza\u00e7\u00f5es remotamente<\/p>\n        <h6 class=\"wp-block-heading\">Cumprimento normativo<\/h6>\n        <ul>\n<li>IP55<\/li>\n<li>Marca\u00e7\u00e3o CE<\/li>\n<li>Conformidade com LVD, EMC, RED, RoHS, WEEE<\/li>\n<li>Certificado pela TUV Rheinland<\/li>\n<\/ul>\n        <h6 class=\"wp-block-heading\">Garantia<\/h6>\n        <p>3 anos como padr\u00e3o<\/p>\n    <\/div>\n<\/div>\n                <\/div>\n                                                            <div class=\"content\" id=\"69dcd5d20b651\">\n                    \n<div class=\"wp-block-group specifications\">\n    <div class=\"wp-block-group__inner-container\">\n        <h6 class=\"wp-block-heading\">Controlo e acesso<\/h6>\n        <p>Atrav\u00e9s de um ecr\u00e3 LCD incorporado<br \/>\nAtrav\u00e9s de uma aplica\u00e7\u00e3o para smartphone<br \/>\nAtrav\u00e9s de bot\u00f5es no carregador<\/p>\n        <h6 class=\"wp-block-heading\">Conetividade<\/h6>\n        <p>Cart\u00e3o SIM multi-rede (3G\/4G) ou Wi-Fi e Bluetooth, dependendo do modelo<\/p>\n        <h6 class=\"wp-block-heading\">Tipo de ficha e cabo<\/h6>\n        <p>Vem com um cabo tipo 2 de 5 metros ligado como padr\u00e3o<br \/>\nOp\u00e7\u00e3o de atualiza\u00e7\u00e3o para cabo de 8 metros dispon\u00edvel como extra<\/p>\n        <h6 class=\"wp-block-heading\">Pot\u00eancia nominal<\/h6>\n        <p>Sa\u00edda de pot\u00eancia\/corrente m\u00e1xima: 7,4 kW\/ 32 A, F+N+PE<br \/>\nAlimenta\u00e7\u00e3o nominal: 230V AC, Frequ\u00eancia: 50 Hz<\/p>\n        <h6 class=\"wp-block-heading\">Dimens\u00f5es e peso<\/h6>\n        <p>170 mm (A) x 200 mm (L) x 100 mm (P)<br \/>\n4 kg<\/p>\n        <h6 class=\"wp-block-heading\">Tecnologia<\/h6>\n        <p>Carregamento inteligente din\u00e2mico<br \/>\nIntegra\u00e7\u00e3o de tarifas de energia<br \/>\nPronto para carregamento solar atrav\u00e9s do grampo (CT Clamp)<br \/>\nBalanceamento de energia em casa atrav\u00e9s do grampo  (CT clamp)<br \/>\nAtualiza\u00e7\u00f5es remotamente<\/p>\n        <h6 class=\"wp-block-heading\">Cumprimento normativo<\/h6>\n        <ul>\n<li>IP55<\/li>\n<li>Marca\u00e7\u00e3o CE<\/li>\n<li>Conformidade com LVD, EMC, RED, RoHS, WEEE<\/li>\n<li>Certificado pela TUV Rheinland<\/li>\n<\/ul>\n        <h6 class=\"wp-block-heading\">Garantia<\/h6>\n        <p>3 anos como padr\u00e3o<\/p>\n    <\/div>\n<\/div>\n                <\/div>\n                                                            <div class=\"content\" id=\"69dcd5d20bfc0\">\n                    \n<div class=\"wp-block-group specifications\">\n    <div class=\"wp-block-group__inner-container\">\n        <h6 class=\"wp-block-heading\">Controlo e acesso<\/h6>\n        <p>Atrav\u00e9s da aplica\u00e7\u00e3o para smartphone<br \/>\nAtrav\u00e9s dos bot\u00f5es no carregador<\/p>\n        <h6 class=\"wp-block-heading\">Conectividade<\/h6>\n        <p>Cart\u00e3o SIM multi-rede 3G\/4G<\/p>\n        <h6 class=\"wp-block-heading\">Tipo de ficha e cabo<\/h6>\n        <p>Modelo sem cabo<br \/>\nCompat\u00edvel com ve\u00edculos el\u00e9tricos Tipo 1 e Tipo 2<br \/>\nCabo de 5 m e 8 m dispon\u00edvel como extra opcional<\/p>\n        <h6 class=\"wp-block-heading\">Pot\u00eancia nominal<\/h6>\n        <p>Sa\u00edda de pot\u00eancia\/corrente m\u00e1xima:<br \/>\n&#8211; 7,4 kW\/ 32 A<br \/>\n&#8211; 22 kW\/ 32 A<br \/>\nAlimenta\u00e7\u00e3o nominal:<br \/>\n&#8211; 7,4 kW: 230V AC, 50 Hz<br \/>\n&#8211; 22 kW: 230\/400V AC, 50 Hz<\/p>\n        <h6 class=\"wp-block-heading\">Dimens\u00f5es e peso<\/h6>\n        <p>230 mm (A) x 140 mm (L) x 100 mm (P)<br \/>\n1,48 kg<\/p>\n        <h6 class=\"wp-block-heading\">Tecnologia<\/h6>\n        <p>Carregamento inteligente din\u00e2mico<br \/>\nBalanceamento de energia em casa<br \/>\nAtualiza\u00e7\u00f5es remotamente<br \/>\nTecnologia de carregamento solar (pr\u00f3ximamente)<\/p>\n        <h6 class=\"wp-block-heading\">Conformidade<\/h6>\n        <ul>\n<li>IP54<\/li>\n<li>Marca\u00e7\u00e3o CE<\/li>\n<li>Conformidade com NP LVD, EMC, RED, RoHS, WEEE<\/li>\n<\/ul>\n        <h6 class=\"wp-block-heading\">Garantia<\/h6>\n        <p>3 anos como padr\u00e3o<\/p>\n    <\/div>\n<\/div>\n                <\/div>\n                                                            <div class=\"content\" id=\"69dcd5d20c8a3\">\n                    \n<div class=\"wp-block-group specifications\">\n    <div class=\"wp-block-group__inner-container\">\n        <h6 class=\"wp-block-heading\">Controlo e acesso<\/h6>\n        <p>Apenas conectar e carregar<\/p>\n        <h6 class=\"wp-block-heading\">Conectividade<\/h6>\n        <p>Cart\u00e3o SIM multi-rede 3G\/4G<\/p>\n        <h6 class=\"wp-block-heading\">Tipo de ficha e cabo<\/h6>\n        <p>Modelo com cabo<br \/>\nSchuko EU plug para Tipo 2<\/p>\n        <h6 class=\"wp-block-heading\">Pot\u00eancia nominal<\/h6>\n        <p>Sa\u00edda de pot\u00eancia\/ corrente m\u00e1xima: 3,7 kW, 16 A<br \/>\nVoltagem: 220-250V, Frequ\u00eancia: 50 Hz<\/p>\n        <h6 class=\"wp-block-heading\">Dimens\u00f5es e peso<\/h6>\n        <p>238mm (A) x 90mm (L) x 55mm (P)<br \/>\n4kg<\/p>\n        <h6 class=\"wp-block-heading\">Tecnologia<\/h6>\n        <p>Controlado via Smartphone<br \/>\nFatura\u00e7\u00e3o dividida<br \/>\nPorta de entrada OCPP 1.6<\/p>\n        <h6 class=\"wp-block-heading\">Conformidade<\/h6>\n        <ul>\n<li>IP55<\/li>\n<li>Marca\u00e7\u00e3o CE<\/li>\n<li>Certificado pela TUV Rheinland<\/li>\n<\/ul>\n        <h6 class=\"wp-block-heading\">Garantia<\/h6>\n        <p>2 anos como padr\u00e3o<\/p>\n    <\/div>\n<\/div>\n                <\/div>\n                                                <\/div>\n    <\/div>\n\n<\/div>\n\n<\/div>\n\n<div id=\"\" class=\"blockWrapper top-default bottom-default   \">\n\n<div class=\"info bg-white\">\n    <div class=\"contentWrapper\">\n                    <h2>\n                Guia de Verifica\u00e7\u00e3o da Instala\u00e7\u00e3o da Pin\u00e7a de Balanceo            <\/h2>\n                <div class=\"text\">\n            <p>Neste guia, encontrar\u00e1s as instru\u00e7\u00f5es detalhadas para verificar a instala\u00e7\u00e3o correta da Pin\u00e7a de Balanceo. Descarrega o documento para garantir que a instala\u00e7\u00e3o foi realizada corretamente.<\/p>\n        <\/div>\n                        <div class=\"buttonsWrapper\">\n                        \n            <a href=\"https:\/\/ohme-ev.com\/pt\/wp-content\/uploads\/sites\/21\/2024\/12\/Verifiche_hardware_traduzido_portugues-1.docx\" download>\n            <button class=\"ohme-btn primary button download\" title=\"Descarregar o guia de instala\u00e7\u00e3o\">Descarregar o guia de verifica\u00e7\u00e3o<\/button>\n        <\/a>\n\n                        <\/div>\n            <\/div>\n<\/div>\n\n<\/div>\n\n<div id=\"\" class=\"blockWrapper top-smaller bottom-smaller   \">\n\n<div class=\"info bg-white\">\n    <div class=\"contentWrapper\">\n                    <h2>\n                Kit de ferramentas de marketing            <\/h2>\n                <div class=\"text\">\n            <p><span class=\"NormalTextRun ContextualSpellingAndGrammarErrorV2Themed SCXW132594366 BCX4\">Aqui<\/span><span class=\"NormalTextRun SCXW132594366 BCX4\"> est\u00e3o alguns dos principais recursos que pode considerar \u00fateis para adicionar ao seu website, propostas e muito mais.<\/span><\/p>\n        <\/div>\n                        <div class=\"buttonsWrapper\">\n                        \n            <a href=\"https:\/\/ohme-ev.com\/pt\/wp-content\/uploads\/sites\/21\/2024\/02\/Panfletos-de-produtos-Ohme.pdf\" download>\n            <button class=\"ohme-btn secondaryLight button download\" title=\"\">Folheto digital<\/button>\n        <\/a>\n\n                            \n            <a href=\"https:\/\/ohme-ev.com\/pt\/wp-content\/uploads\/sites\/21\/2024\/02\/Pacote-de-Imagens-Ohme.zip\" download>\n            <button class=\"ohme-btn secondaryLight button download\" title=\"\">Pacote de fotografias<\/button>\n        <\/a>\n\n                        <\/div>\n            <\/div>\n<\/div>\n\n<\/div>\n\n<div id=\"\" class=\"blockWrapper top-default bottom-default   \">\n\n<div class=\"info bg-darkblue\">\n    <div class=\"contentWrapper\">\n                    <h2>\n                Precisa de ajuda?            <\/h2>\n                <div class=\"text\">\n            <p>Se j\u00e1 instala carregadores Ohme e n\u00e3o consegue encontrar o que precisa, deixe uma nota \u00e0 nossa equipa de Instaladores.<\/p>\n        <\/div>\n                        <div class=\"buttonsWrapper\">\n                        \n            <button\n                class=\"ohme-btn popup primary button\"\n                data-form-type=\"9\"\n                title=\"\"\n        >Contacte-nos<\/button>\n\n                        <\/div>\n            <\/div>\n<\/div>\n\n<\/div>\n\n<div id=\"\" class=\"blockWrapper top- bottom-   \">\n\n    <div class=\"step-by-step contentWrapper \">\n                <h3 class=\"sectionTitle\">Porqu\u00ea carregar o seu ve\u00edculo el\u00e9trico com a Ohme?<\/h3>\n                <div class=\"contentContainer\">\n            <div class=\"videoInfo\">\n                                    <div class=\"imageContainer\">\n                        <img decoding=\"async\" class=\"image\" src=\"https:\/\/ohme-ev.com\/pt\/wp-content\/uploads\/sites\/21\/2024\/01\/3-image-module_ePod-green-car_master.webp\" alt=\"\"\/>\n                    <\/div>\n                            <\/div>\n            <div class=\"infoWrapper\">\n                                                <h2 class=\"title\">Pacote tudo-em-um<\/h2>\n                                <div><p>Cuidamos de tudo, para que os condutores de VE n\u00e3o tenham de o fazer. Incluindo a instala\u00e7\u00e3o, garantimos uma configura\u00e7\u00e3o segura e de alta qualidade por um dos nossos instaladores recomendados aprovados pela Ohme.<\/p>\n<\/div>\n                            <\/div>\n        <\/div>\n    <\/div>\n\n<\/div>\n\n<div id=\"\" class=\"blockWrapper top- bottom-   \">\n\n    <div class=\"step-by-step contentWrapper \">\n                <div class=\"contentContainer\">\n            <div class=\"videoInfo\">\n                                    <div class=\"imageContainer\">\n                        <img decoding=\"async\" class=\"image\" src=\"https:\/\/ohme-ev.com\/pt\/wp-content\/uploads\/sites\/21\/2024\/01\/Ohme_Office-shoot_Lores_G6A9510.webp\" alt=\"\"\/>\n                    <\/div>\n                            <\/div>\n            <div class=\"infoWrapper\">\n                                                <h2 class=\"title\">Carregamento fi\u00e1vel e seguro<\/h2>\n                                <div><p>Todos os nossos carregadores est\u00e3o em conformidade com os mais recentes regulamentos europeus, para total tranquilidade.<\/p>\n<\/div>\n                            <\/div>\n        <\/div>\n    <\/div>\n\n<\/div>\n\n<div id=\"\" class=\"blockWrapper top- bottom-   \">\n\n    <div class=\"step-by-step contentWrapper \">\n                <div class=\"contentContainer\">\n            <div class=\"videoInfo\">\n                                    <div class=\"imageContainer\">\n                        <img decoding=\"async\" class=\"image\" src=\"https:\/\/ohme-ev.com\/pt\/wp-content\/uploads\/sites\/21\/2024\/01\/3-image-module_Mia-phone_master-622x450-1.webp\" alt=\"\"\/>\n                    <\/div>\n                            <\/div>\n            <div class=\"infoWrapper\">\n                                                <h2 class=\"title\">Apoio ao cliente premiado<\/h2>\n                                <div><p>Na Ohme, orgulhamo-nos de ser obcecados com os clientes. Acreditamos que a transi\u00e7\u00e3o para os ve\u00edculos el\u00e9tricos deve ser f\u00e1cil: as nossas equipas dedicadas ir\u00e3o orientar os clientes atrav\u00e9s da instala\u00e7\u00e3o em cada passo do caminho, ajudando-os a tirar o m\u00e1ximo partido da sua experi\u00eancia de carregamento.<\/p>\n<\/div>\n                            <\/div>\n        <\/div>\n    <\/div>\n\n<\/div>","protected":false},"excerpt":{"rendered":"","protected":false},"author":1,"featured_media":0,"parent":0,"menu_order":0,"comment_status":"closed","ping_status":"closed","template":"","meta":{"_acf_changed":true,"_helpful_status":1,"footnotes":""},"partner":[],"class_list":["post-40","page","type-page","status-publish","hentry"],"acf":[],"yoast_head":"<!-- This site is optimized with the Yoast SEO Premium plugin v27.3 (Yoast SEO v27.3) - https:\/\/yoast.com\/product\/yoast-seo-premium-wordpress\/ -->\n<title>Recursos para Instaladores Ohme - Carregadores Electricos<\/title>\n<meta name=\"description\" content=\"Encontre todos os recursos para instaladores Ohme. Acesse guias, suporte t\u00e9cnico e materiais para uma instala\u00e7\u00e3o eficiente e segura.\" \/>\n<meta name=\"robots\" content=\"index, follow, max-snippet:-1, max-image-preview:large, max-video-preview:-1\" \/>\n<link rel=\"canonical\" href=\"https:\/\/ohme-ev.com\/pt\/recursos-instaladores-ohme\/\" \/>\n<meta property=\"og:locale\" content=\"pt_PT\" \/>\n<meta property=\"og:type\" content=\"article\" \/>\n<meta property=\"og:title\" content=\"Installer resources\" \/>\n<meta property=\"og:description\" content=\"Encontre todos os recursos para instaladores Ohme. Acesse guias, suporte t\u00e9cnico e materiais para uma instala\u00e7\u00e3o eficiente e segura.\" \/>\n<meta property=\"og:url\" content=\"https:\/\/ohme-ev.com\/pt\/recursos-instaladores-ohme\/\" \/>\n<meta property=\"og:site_name\" content=\"Ohme EV Portugal\" \/>\n<meta property=\"article:publisher\" content=\"https:\/\/www.facebook.com\/OhmeEV\/\" \/>\n<meta property=\"article:modified_time\" content=\"2025-12-29T10:47:12+00:00\" \/>\n<meta name=\"twitter:card\" content=\"summary_large_image\" \/>\n<meta name=\"twitter:site\" content=\"@ohmeev\" \/>\n<script type=\"application\/ld+json\" class=\"yoast-schema-graph\">{\"@context\":\"https:\\\/\\\/schema.org\",\"@graph\":[{\"@type\":\"WebPage\",\"@id\":\"https:\\\/\\\/ohme-ev.com\\\/pt\\\/recursos-instaladores-ohme\\\/\",\"url\":\"https:\\\/\\\/ohme-ev.com\\\/pt\\\/recursos-instaladores-ohme\\\/\",\"name\":\"Recursos para Instaladores Ohme - Carregadores Electricos\",\"isPartOf\":{\"@id\":\"https:\\\/\\\/ohme-ev.com\\\/pt\\\/#website\"},\"datePublished\":\"2023-06-26T12:01:21+00:00\",\"dateModified\":\"2025-12-29T10:47:12+00:00\",\"description\":\"Encontre todos os recursos para instaladores Ohme. Acesse guias, suporte t\u00e9cnico e materiais para uma instala\u00e7\u00e3o eficiente e segura.\",\"breadcrumb\":{\"@id\":\"https:\\\/\\\/ohme-ev.com\\\/pt\\\/recursos-instaladores-ohme\\\/#breadcrumb\"},\"inLanguage\":\"pt-pt\",\"potentialAction\":[{\"@type\":\"ReadAction\",\"target\":[\"https:\\\/\\\/ohme-ev.com\\\/pt\\\/recursos-instaladores-ohme\\\/\"]}]},{\"@type\":\"BreadcrumbList\",\"@id\":\"https:\\\/\\\/ohme-ev.com\\\/pt\\\/recursos-instaladores-ohme\\\/#breadcrumb\",\"itemListElement\":[{\"@type\":\"ListItem\",\"position\":1,\"name\":\"Home\",\"item\":\"https:\\\/\\\/ohme-ev.com\\\/pt\\\/\"},{\"@type\":\"ListItem\",\"position\":2,\"name\":\"Installer resources\"}]},{\"@type\":\"WebSite\",\"@id\":\"https:\\\/\\\/ohme-ev.com\\\/pt\\\/#website\",\"url\":\"https:\\\/\\\/ohme-ev.com\\\/pt\\\/\",\"name\":\"Ohme EV Portugal\",\"description\":\"Ohme - EV Smart Charging Solutions\",\"potentialAction\":[{\"@type\":\"SearchAction\",\"target\":{\"@type\":\"EntryPoint\",\"urlTemplate\":\"https:\\\/\\\/ohme-ev.com\\\/pt\\\/?s={search_term_string}\"},\"query-input\":{\"@type\":\"PropertyValueSpecification\",\"valueRequired\":true,\"valueName\":\"search_term_string\"}}],\"inLanguage\":\"pt-pt\"}]}<\/script>\n<!-- \/ Yoast SEO Premium plugin. -->","yoast_head_json":{"title":"Recursos para Instaladores Ohme - Carregadores Electricos","description":"Encontre todos os recursos para instaladores Ohme. Acesse guias, suporte t\u00e9cnico e materiais para uma instala\u00e7\u00e3o eficiente e segura.","robots":{"index":"index","follow":"follow","max-snippet":"max-snippet:-1","max-image-preview":"max-image-preview:large","max-video-preview":"max-video-preview:-1"},"canonical":"https:\/\/ohme-ev.com\/pt\/recursos-instaladores-ohme\/","og_locale":"pt_PT","og_type":"article","og_title":"Installer resources","og_description":"Encontre todos os recursos para instaladores Ohme. Acesse guias, suporte t\u00e9cnico e materiais para uma instala\u00e7\u00e3o eficiente e segura.","og_url":"https:\/\/ohme-ev.com\/pt\/recursos-instaladores-ohme\/","og_site_name":"Ohme EV Portugal","article_publisher":"https:\/\/www.facebook.com\/OhmeEV\/","article_modified_time":"2025-12-29T10:47:12+00:00","twitter_card":"summary_large_image","twitter_site":"@ohmeev","schema":{"@context":"https:\/\/schema.org","@graph":[{"@type":"WebPage","@id":"https:\/\/ohme-ev.com\/pt\/recursos-instaladores-ohme\/","url":"https:\/\/ohme-ev.com\/pt\/recursos-instaladores-ohme\/","name":"Recursos para Instaladores Ohme - Carregadores Electricos","isPartOf":{"@id":"https:\/\/ohme-ev.com\/pt\/#website"},"datePublished":"2023-06-26T12:01:21+00:00","dateModified":"2025-12-29T10:47:12+00:00","description":"Encontre todos os recursos para instaladores Ohme. Acesse guias, suporte t\u00e9cnico e materiais para uma instala\u00e7\u00e3o eficiente e segura.","breadcrumb":{"@id":"https:\/\/ohme-ev.com\/pt\/recursos-instaladores-ohme\/#breadcrumb"},"inLanguage":"pt-pt","potentialAction":[{"@type":"ReadAction","target":["https:\/\/ohme-ev.com\/pt\/recursos-instaladores-ohme\/"]}]},{"@type":"BreadcrumbList","@id":"https:\/\/ohme-ev.com\/pt\/recursos-instaladores-ohme\/#breadcrumb","itemListElement":[{"@type":"ListItem","position":1,"name":"Home","item":"https:\/\/ohme-ev.com\/pt\/"},{"@type":"ListItem","position":2,"name":"Installer resources"}]},{"@type":"WebSite","@id":"https:\/\/ohme-ev.com\/pt\/#website","url":"https:\/\/ohme-ev.com\/pt\/","name":"Ohme EV Portugal","description":"Ohme - EV Smart Charging Solutions","potentialAction":[{"@type":"SearchAction","target":{"@type":"EntryPoint","urlTemplate":"https:\/\/ohme-ev.com\/pt\/?s={search_term_string}"},"query-input":{"@type":"PropertyValueSpecification","valueRequired":true,"valueName":"search_term_string"}}],"inLanguage":"pt-pt"}]}},"_links":{"self":[{"href":"https:\/\/ohme-ev.com\/pt\/wp-json\/wp\/v2\/pages\/40","targetHints":{"allow":["GET"]}}],"collection":[{"href":"https:\/\/ohme-ev.com\/pt\/wp-json\/wp\/v2\/pages"}],"about":[{"href":"https:\/\/ohme-ev.com\/pt\/wp-json\/wp\/v2\/types\/page"}],"author":[{"embeddable":true,"href":"https:\/\/ohme-ev.com\/pt\/wp-json\/wp\/v2\/users\/1"}],"replies":[{"embeddable":true,"href":"https:\/\/ohme-ev.com\/pt\/wp-json\/wp\/v2\/comments?post=40"}],"version-history":[{"count":0,"href":"https:\/\/ohme-ev.com\/pt\/wp-json\/wp\/v2\/pages\/40\/revisions"}],"wp:attachment":[{"href":"https:\/\/ohme-ev.com\/pt\/wp-json\/wp\/v2\/media?parent=40"}],"wp:term":[{"taxonomy":"partner","embeddable":true,"href":"https:\/\/ohme-ev.com\/pt\/wp-json\/wp\/v2\/partner?post=40"}],"curies":[{"name":"wp","href":"https:\/\/api.w.org\/{rel}","templated":true}]}}