{"id":38,"date":"2023-06-26T12:01:06","date_gmt":"2023-06-26T12:01:06","guid":{"rendered":"https:\/\/ohme-cs-dev.local\/?page_id=38"},"modified":"2025-12-23T14:31:07","modified_gmt":"2025-12-23T14:31:07","slug":"instaladores","status":"publish","type":"page","link":"https:\/\/ohme-ev.com\/pt\/instaladores\/","title":{"rendered":"Installers"},"content":{"rendered":"<div class=\"image-text-hero with-image gradient-enabled gradient-vertical has-mobile-bg\" style=\"--bg-desktop: url(&#039;https:\/\/ohme-ev.com\/pt\/wp-content\/uploads\/sites\/21\/2025\/12\/PT-instaladores-Desktop-1.webp&#039;); --bg-mobile: url(&#039;https:\/\/ohme-ev.com\/pt\/wp-content\/uploads\/sites\/21\/2025\/12\/PT-instaladores-Mobile-1.webp&#039;);\">\n\n    <div class=\"contentWrapper imageRight mobile-image-bottom\">\n        <div class=\"content-container\">\n            <div class=\"wrapper\">\n                                    <h1>Torne-se um instalador aprovado pela Ohme<\/h1>\n                \n                \n                                    <p><p>Pronto para fazer parte da revolu\u00e7\u00e3o dos ve\u00edculos el\u00e9tricos? Estamos \u00e0 procura dos melhores instaladores do mundo para se juntarem a n\u00f3s e ajudarem na transi\u00e7\u00e3o para os ve\u00edculos el\u00e9tricos em todo o mundo.<\/p>\n<\/p>\n                \n                \n            <button\n                class=\"ohme-btn popup secondaryDark button\"\n                data-form-type=\"3\"\n                title=\"\"\n        >Junte-se \u00e1 rede Ohme<\/button>\n\n    \n                            <\/div>\n        <\/div>\n\n        <div class=\"image-container\">\n            \n                    <\/div>\n    <\/div>\n\n    <\/div>\n\n<div id=\"\" class=\"blockWrapper top-default bottom-default   \">\n\n    <div class=\"\">\n\n        <div class=\"threeColumnWrapper \">\n            <h2 class=\"title\">A escolha inteligente para o seu neg\u00f3cio, para os condutores de VE e para o plan<\/h2>\n            <p class=\"subtitle regular \" style=\"\"><\/p>\n            <div class=\"columnsContainer\">\n                                        <div class=\"column\">\n                            <div class=\"imageContainer \">\n                                                                    <img loading=\"lazy\" decoding=\"async\" width=\"334\" height=\"242\" src=\"https:\/\/ohme-ev.com\/pt\/wp-content\/uploads\/sites\/21\/2023\/08\/3-image-module_Home-Pro-screw_master.png\" class=\"attachment-column_hero size-column_hero\" alt=\"\" srcset=\"https:\/\/ohme-ev.com\/pt\/wp-content\/uploads\/sites\/21\/2023\/08\/3-image-module_Home-Pro-screw_master.png 340w, https:\/\/ohme-ev.com\/pt\/wp-content\/uploads\/sites\/21\/2023\/08\/3-image-module_Home-Pro-screw_master-300x217.png 300w\" sizes=\"auto, (max-width: 334px) 100vw, 334px\" \/>\n                                                            <\/div>\n\n                            <div>\n                                <p class=\"label\"><\/p>\n                                <p class=\"subtitleColumn\">A sua instala\u00e7\u00e3o mais f\u00e1cil at\u00e9 agora<\/p>\n                                <div class=\"body\"><p>Porqu\u00ea trabalhar mais quando pode trabalhar de forma mais inteligente? Com conectividade 3G\/4G incorporada, pr\u00e9-cablagem e uma placa traseira para uma montagem f\u00e1cil, os nossos carregadores de VE dom\u00e9sticos s\u00e3o simples e r\u00e1pidos de instalar.<\/p>\n<\/div>\n                            <\/div>\n                        <\/div>\n                                                <div class=\"column\">\n                            <div class=\"imageContainer \">\n                                                                    <img loading=\"lazy\" decoding=\"async\" width=\"334\" height=\"242\" src=\"https:\/\/ohme-ev.com\/pt\/wp-content\/uploads\/sites\/21\/2024\/01\/3-image-module_black-car-charge_master-334x242.webp\" class=\"attachment-column_hero size-column_hero\" alt=\"\" srcset=\"https:\/\/ohme-ev.com\/pt\/wp-content\/uploads\/sites\/21\/2024\/01\/3-image-module_black-car-charge_master-334x242.webp 334w, https:\/\/ohme-ev.com\/pt\/wp-content\/uploads\/sites\/21\/2024\/01\/3-image-module_black-car-charge_master-300x217.webp 300w, https:\/\/ohme-ev.com\/pt\/wp-content\/uploads\/sites\/21\/2024\/01\/3-image-module_black-car-charge_master-254x184.webp 254w, https:\/\/ohme-ev.com\/pt\/wp-content\/uploads\/sites\/21\/2024\/01\/3-image-module_black-car-charge_master.webp 340w\" sizes=\"auto, (max-width: 334px) 100vw, 334px\" \/>\n                                                            <\/div>\n\n                            <div>\n                                <p class=\"label\"><\/p>\n                                <p class=\"subtitleColumn\">Comissionamento  <br>r\u00e1pido<\/p>\n                                <div class=\"body\"><p>Sem esperar, o comissionamento de um carregador Ohme demora, em m\u00e9dia, 3 minutos, para que os condutores de VE n\u00e3o percam tempo. Torn\u00e1mos as coisas f\u00e1ceis, de facto.<\/p>\n<\/div>\n                            <\/div>\n                        <\/div>\n                                                <div class=\"column\">\n                            <div class=\"imageContainer \">\n                                                                    <img loading=\"lazy\" decoding=\"async\" width=\"334\" height=\"242\" src=\"https:\/\/ohme-ev.com\/pt\/wp-content\/uploads\/sites\/21\/2024\/01\/3-image-module_Russ-sofa_master-334x242.webp\" class=\"attachment-column_hero size-column_hero\" alt=\"\" srcset=\"https:\/\/ohme-ev.com\/pt\/wp-content\/uploads\/sites\/21\/2024\/01\/3-image-module_Russ-sofa_master-334x242.webp 334w, https:\/\/ohme-ev.com\/pt\/wp-content\/uploads\/sites\/21\/2024\/01\/3-image-module_Russ-sofa_master-300x217.webp 300w, https:\/\/ohme-ev.com\/pt\/wp-content\/uploads\/sites\/21\/2024\/01\/3-image-module_Russ-sofa_master-254x184.webp 254w, https:\/\/ohme-ev.com\/pt\/wp-content\/uploads\/sites\/21\/2024\/01\/3-image-module_Russ-sofa_master.webp 340w\" sizes=\"auto, (max-width: 334px) 100vw, 334px\" \/>\n                                                            <\/div>\n\n                            <div>\n                                <p class=\"label\"><\/p>\n                                <p class=\"subtitleColumn\">Deixe-nos os cuidados posteriores<\/p>\n                                <div class=\"body\"><p>Fornecemos um servi\u00e7o de apoio ao cliente premiado para que se possa concentrar no que faz melhor. Os nossos especialistas t\u00e9cnicos dedicados est\u00e3o dispon\u00edveis para ajudar os clientes em cada passo do processo.<\/p>\n<\/div>\n                            <\/div>\n                        <\/div>\n                                    <\/div>\n                            <div class=\"buttonsContainer\">\n                    \n            <button\n                class=\"ohme-btn popup primary button\"\n                data-form-type=\"9\"\n                title=\"\"\n        >Junte-se \u00e1 rede Ohme<\/button>\n\n    \n            <a href=\"https:\/\/ohme-ev.com\/pt\/recursos-instaladores-ohme\/\" target=\"_self\" >\n            <button class=\"ohme-btn secondaryLight button\" title=\"\">Recursos para instaladores<\/button>\n        <\/a>\n                    <\/div>\n                    <\/div>\n    <\/div>\n<\/div>\n\n<div id=\"\" class=\"blockWrapper top-default bottom-default   \">\n\n<div class=\"text-image-right \">\n    <div class=\"inner\">\n        <div class=\"text-content\">\n                        <h3 class=\"title\">Fa\u00e7a crescer o seu neg\u00f3cio com a Ohme<\/h3>\n                        <div class=\"text\"><ul>\n<li>Obtenha acesso gratuito \u00e0 nossa forma\u00e7\u00e3o online sobre produtos e material de marketing para o ajudar a controlar a instala\u00e7\u00e3o dos nossos carregadores l\u00edderes de mercado.<\/li>\n<li>Gerencie rapidamente novos pedidos de or\u00e7amento e empregos. Os nossos especialistas ir\u00e3o garantir que as suas necessidades e pedidos s\u00e3o cumpridos.<\/li>\n<li>Desbloqueie oportunidades adicionais \u00e0 medida que conclui as instala\u00e7\u00f5es. Para mostrar a nossa gratid\u00e3o por se associar \u00e0 Ohme, sempre faremos o m\u00e1ximo por voc\u00ea.<\/li>\n<\/ul>\n<\/div>\n                                                <div class=\"buttons\">\n                                    \n            <button\n                class=\"ohme-btn popup primary button\"\n                data-form-type=\"9\"\n                title=\"\"\n        >Candidate-se agora<\/button>\n\n                                <\/div>\n                                <\/div>\n        <div class=\"media-content\">\n                        <img decoding=\"async\" loading=\"lazy\" src=\"https:\/\/ohme-ev.com\/pt\/wp-content\/uploads\/sites\/21\/2024\/01\/50-text-image_Man-holding-charger-cable_Master_560x634.webp\" alt=\"\" \/>\n                    <\/div>\n    <\/div>\n<\/div>\n\n<\/div>\n\n<div id=\"\" class=\"blockWrapper top-default bottom-default   \">\n\n<div class=\"info bg-darkgreen\">\n    <div class=\"contentWrapper\">\n                    <h2>\n                Torne-se um instalador aprovado pela Ohme            <\/h2>\n                <div class=\"text\">\n            <p>Pronto para come\u00e7ar a sua viagem connosco? Candidate-se hoje para se juntar \u00e0s nossas redes de engenheiros e eletricistas qualificados.<\/p>\n        <\/div>\n                        <div class=\"buttonsWrapper\">\n                        \n            <button\n                class=\"ohme-btn popup primary button\"\n                data-form-type=\"9\"\n                title=\"\"\n        >Perguntar agora<\/button>\n\n                        <\/div>\n            <\/div>\n<\/div>\n\n<\/div>\n\n<div id=\"\" class=\"blockWrapper top-default bottom-default   \">\n\n    <div class=\"\">\n\n        <div class=\"threeColumnWrapper \">\n            <h2 class=\"title\">Deixe o apoio ao cliente por nossa conta<\/h2>\n            <p class=\"subtitle regular \" style=\"\">As nossas equipas de especialistas ir\u00e3o cuidar dos seus clientes quando precisarem de um pouco mais de ajuda.<\/p>\n            <div class=\"columnsContainer\">\n                                        <div class=\"column\">\n                            <div class=\"imageContainer \">\n                                                                    <img loading=\"lazy\" decoding=\"async\" width=\"334\" height=\"242\" src=\"https:\/\/ohme-ev.com\/pt\/wp-content\/uploads\/sites\/21\/2024\/01\/man-on-headset-334x242.webp\" class=\"attachment-column_hero size-column_hero\" alt=\"\" srcset=\"https:\/\/ohme-ev.com\/pt\/wp-content\/uploads\/sites\/21\/2024\/01\/man-on-headset-334x242.webp 334w, https:\/\/ohme-ev.com\/pt\/wp-content\/uploads\/sites\/21\/2024\/01\/man-on-headset-300x217.webp 300w, https:\/\/ohme-ev.com\/pt\/wp-content\/uploads\/sites\/21\/2024\/01\/man-on-headset-254x184.webp 254w, https:\/\/ohme-ev.com\/pt\/wp-content\/uploads\/sites\/21\/2024\/01\/man-on-headset.webp 680w\" sizes=\"auto, (max-width: 334px) 100vw, 334px\" \/>\n                                                            <\/div>\n\n                            <div>\n                                <p class=\"label\"><\/p>\n                                <p class=\"subtitleColumn\">Equipa de apoio \u00e0 instala\u00e7\u00e3o<\/p>\n                                <div class=\"body\"><p>Os nossos especialistas em Instala\u00e7\u00e3o est\u00e3o aqui para orientar os condutores atrav\u00e9s do processo de instala\u00e7\u00e3o e compreender as suas necessidades de carregamento antes do grande dia. A sua miss\u00e3o? Dar confian\u00e7a aos nossos novos clientes em tirar o melhor partido do seu carregador Ohme.<\/p>\n<\/div>\n                            <\/div>\n                        <\/div>\n                                                <div class=\"column\">\n                            <div class=\"imageContainer \">\n                                                                    <img loading=\"lazy\" decoding=\"async\" width=\"334\" height=\"242\" src=\"https:\/\/ohme-ev.com\/pt\/wp-content\/uploads\/sites\/21\/2024\/01\/3-image-module_tech-team_master-622x450-1-334x242.webp\" class=\"attachment-column_hero size-column_hero\" alt=\"\" srcset=\"https:\/\/ohme-ev.com\/pt\/wp-content\/uploads\/sites\/21\/2024\/01\/3-image-module_tech-team_master-622x450-1-334x242.webp 334w, https:\/\/ohme-ev.com\/pt\/wp-content\/uploads\/sites\/21\/2024\/01\/3-image-module_tech-team_master-622x450-1-300x217.webp 300w, https:\/\/ohme-ev.com\/pt\/wp-content\/uploads\/sites\/21\/2024\/01\/3-image-module_tech-team_master-622x450-1-254x184.webp 254w, https:\/\/ohme-ev.com\/pt\/wp-content\/uploads\/sites\/21\/2024\/01\/3-image-module_tech-team_master-622x450-1.webp 622w\" sizes=\"auto, (max-width: 334px) 100vw, 334px\" \/>\n                                                            <\/div>\n\n                            <div>\n                                <p class=\"label\"><\/p>\n                                <p class=\"subtitleColumn\">Equipa de Assist\u00eancia T\u00e9cnica<\/p>\n                                <div class=\"body\"><p>A nossa equipa de Assist\u00eancia T\u00e9cnica fala a sua l\u00edngua e tem forma\u00e7\u00e3o para se colocar no seu lugar. Est\u00e3o aqui para ajudar quando os clientes precisam de apoio t\u00e9cnico; veja-os como o seu parceiro de elei\u00e7\u00e3o para colocar os carregadores a funcionar num instante.<\/p>\n<\/div>\n                            <\/div>\n                        <\/div>\n                                                <div class=\"column\">\n                            <div class=\"imageContainer \">\n                                                                    <img loading=\"lazy\" decoding=\"async\" width=\"334\" height=\"242\" src=\"https:\/\/ohme-ev.com\/pt\/wp-content\/uploads\/sites\/21\/2024\/01\/3-image-module_Mia-phone_master-622x450-1-334x242.webp\" class=\"attachment-column_hero size-column_hero\" alt=\"\" srcset=\"https:\/\/ohme-ev.com\/pt\/wp-content\/uploads\/sites\/21\/2024\/01\/3-image-module_Mia-phone_master-622x450-1-334x242.webp 334w, https:\/\/ohme-ev.com\/pt\/wp-content\/uploads\/sites\/21\/2024\/01\/3-image-module_Mia-phone_master-622x450-1-300x217.webp 300w, https:\/\/ohme-ev.com\/pt\/wp-content\/uploads\/sites\/21\/2024\/01\/3-image-module_Mia-phone_master-622x450-1-254x184.webp 254w, https:\/\/ohme-ev.com\/pt\/wp-content\/uploads\/sites\/21\/2024\/01\/3-image-module_Mia-phone_master-622x450-1.webp 622w\" sizes=\"auto, (max-width: 334px) 100vw, 334px\" \/>\n                                                            <\/div>\n\n                            <div>\n                                <p class=\"label\"><\/p>\n                                <p class=\"subtitleColumn\">Equipa de Apoio ao Cliente<\/p>\n                                <div class=\"body\"><p>Os nossos especialistas em Apoio ao Cliente est\u00e3o prontos para ajudar os clientes da Ohme com quest\u00f5es gerais sobre carregamento e produtos. Orgulham-se em \u201clargar tudo e n\u00e3o esquecer nada\u201d para proporcionar ao cliente a melhor experi\u00eancia poss\u00edvel.<\/p>\n<\/div>\n                            <\/div>\n                        <\/div>\n                                    <\/div>\n                    <\/div>\n    <\/div>\n<\/div>\n\n<div id=\"\" class=\"blockWrapper top-default bottom-default   \">\n\n\n    <div class=\"featuresWrapper\">\n        <div class=\"contentWrapper features\">\n            <h3 class=\"title\">Os melhores carregadores em que pode confiar<\/h3>\n            <p class=\"subtitle\"><\/p>\n            <div class=\"featuresContainer\">\n                                        <div class=\"featureWrapper\">\n                            <div class=\"iconContainer\">\n                                <img decoding=\"async\" src=\"https:\/\/ohme-ev.com\/pt\/wp-content\/uploads\/sites\/21\/2023\/07\/Tick.svg\" alt=\"\"\/>\n                            <\/div>\n                            <p class=\"copy\">Instala\u00e7\u00e3o segura e r\u00e1pida<\/p>\n                        <\/div>\n\n                                                <div class=\"featureWrapper\">\n                            <div class=\"iconContainer\">\n                                <img decoding=\"async\" src=\"https:\/\/ohme-ev.com\/pt\/wp-content\/uploads\/sites\/21\/2023\/07\/Tick.svg\" alt=\"\"\/>\n                            <\/div>\n                            <p class=\"copy\">Carregue mais rapidamente do que com uma tomada el\u00e9trica padr\u00e3o<\/p>\n                        <\/div>\n\n                                                <div class=\"featureWrapper\">\n                            <div class=\"iconContainer\">\n                                <img decoding=\"async\" src=\"https:\/\/ohme-ev.com\/pt\/wp-content\/uploads\/sites\/21\/2023\/07\/Tick.svg\" alt=\"\"\/>\n                            <\/div>\n                            <p class=\"copy\">Op\u00e7\u00f5es de conectividade: 3G\/4G, Wi-Fi ou Bluetooth (de acordo com a disponibilidade e o modelo)<\/p>\n                        <\/div>\n\n                                                <div class=\"featureWrapper\">\n                            <div class=\"iconContainer\">\n                                <img decoding=\"async\" src=\"https:\/\/ohme-ev.com\/pt\/wp-content\/uploads\/sites\/21\/2023\/07\/Tick.svg\" alt=\"\"\/>\n                            <\/div>\n                            <p class=\"copy\">F\u00e1cil de configurar para um carregamento fi\u00e1vel nos hor\u00e1rios mais baratos<\/p>\n                        <\/div>\n\n                                                <div class=\"featureWrapper\">\n                            <div class=\"iconContainer\">\n                                <img decoding=\"async\" src=\"https:\/\/ohme-ev.com\/pt\/wp-content\/uploads\/sites\/21\/2023\/07\/Tick.svg\" alt=\"\"\/>\n                            <\/div>\n                            <p class=\"copy\">Carregamento solar (dependente do modelo)<\/p>\n                        <\/div>\n\n                                                <div class=\"featureWrapper\">\n                            <div class=\"iconContainer\">\n                                <img decoding=\"async\" src=\"https:\/\/ohme-ev.com\/pt\/wp-content\/uploads\/sites\/21\/2023\/07\/Tick.svg\" alt=\"\"\/>\n                            <\/div>\n                            <p class=\"copy\">Certifica\u00e7\u00e3o ISO 9001, ISO 27001<\/p>\n                        <\/div>\n\n                                    <\/div>\n            \n\n        <\/div>\n    <\/div>\n<\/div>\n\n<div id=\"\" class=\"blockWrapper top-default bottom-default   \">\n\n    <div class=\"dualTilesWrapper blockWrapper\">\n        <h3><\/h3>\n        <div class=\"tilesContainer\">\n                                <div class=\"tileWrapper \">\n                        <h2 class=\"title\">Torne-se um instalador aprovado pela Ohme<\/h2>\n\n                        <div class=\"copy\"><p>Pronto para come\u00e7ar a sua viagem connosco? Candidate-se hoje para se juntar \u00e0s nossas redes de engenheiros e eletricistas qualificados.<\/p>\n<\/div>\n                                                                                                                        <div class=\"ctasContainer\">\n                            \n            <button\n                class=\"ohme-btn popup primary button\"\n                data-form-type=\"9\"\n                title=\"\"\n        >Candidate-se agora<\/button>\n\n                            <\/div>\n                    <\/div>\n                                    <div class=\"tileWrapper \">\n                        <h2 class=\"title\">J\u00e1 \u00e9 instalador Ohme?<\/h2>\n\n                        <div class=\"copy\"><p>Reunimos guias de v\u00eddeo e manuais de produtos para o ajudar enquanto trabalha. Se j\u00e1 instala carregadores Ohme e n\u00e3o consegue encontrar o que precisa, contacte os nossos especialistas para obter apoio.<\/p>\n<\/div>\n                                                                                                                        <div class=\"ctasContainer\">\n                            \n            <a href=\"https:\/\/ohme-ev.com\/pt\/recursos-instaladores-ohme\/\" target=\"_self\" >\n            <button class=\"ohme-btn primary button\" title=\"\">Recursos do instalador<\/button>\n        <\/a>\n                            <\/div>\n                    <\/div>\n                        <\/div>\n    <\/div>\n\n<\/div>","protected":false},"excerpt":{"rendered":"","protected":false},"author":1,"featured_media":0,"parent":0,"menu_order":0,"comment_status":"closed","ping_status":"closed","template":"","meta":{"_acf_changed":true,"_helpful_status":1,"footnotes":""},"partner":[],"class_list":["post-38","page","type-page","status-publish","hentry"],"acf":[],"yoast_head":"<!-- This site is optimized with the Yoast SEO Premium plugin v27.4 (Yoast SEO v27.4) - https:\/\/yoast.com\/product\/yoast-seo-premium-wordpress\/ -->\n<title>Torne-se um Instalador de Carregadores Ohme<\/title>\n<meta name=\"description\" content=\"Torne-se um instalador autorizado de carregadores Ohme. Expanda seu neg\u00f3cio com a crescente demanda por mobilidade el\u00e9trica.\" \/>\n<meta name=\"robots\" content=\"index, follow, max-snippet:-1, max-image-preview:large, max-video-preview:-1\" \/>\n<link rel=\"canonical\" href=\"https:\/\/ohme-ev.com\/pt\/instaladores\/\" \/>\n<meta property=\"og:locale\" content=\"pt_PT\" \/>\n<meta property=\"og:type\" content=\"article\" \/>\n<meta property=\"og:title\" content=\"Installers\" \/>\n<meta property=\"og:description\" content=\"Torne-se um instalador autorizado de carregadores Ohme. Expanda seu neg\u00f3cio com a crescente demanda por mobilidade el\u00e9trica.\" \/>\n<meta property=\"og:url\" content=\"https:\/\/ohme-ev.com\/pt\/instaladores\/\" \/>\n<meta property=\"og:site_name\" content=\"Ohme EV Portugal\" \/>\n<meta property=\"article:publisher\" content=\"https:\/\/www.facebook.com\/OhmeEV\/\" \/>\n<meta property=\"article:modified_time\" content=\"2025-12-23T14:31:07+00:00\" \/>\n<meta name=\"twitter:card\" content=\"summary_large_image\" \/>\n<meta name=\"twitter:site\" content=\"@ohmeev\" \/>\n<script type=\"application\/ld+json\" class=\"yoast-schema-graph\">{\"@context\":\"https:\\\/\\\/schema.org\",\"@graph\":[{\"@type\":\"WebPage\",\"@id\":\"https:\\\/\\\/ohme-ev.com\\\/pt\\\/instaladores\\\/\",\"url\":\"https:\\\/\\\/ohme-ev.com\\\/pt\\\/instaladores\\\/\",\"name\":\"Torne-se um Instalador de Carregadores Ohme\",\"isPartOf\":{\"@id\":\"https:\\\/\\\/ohme-ev.com\\\/pt\\\/#website\"},\"datePublished\":\"2023-06-26T12:01:06+00:00\",\"dateModified\":\"2025-12-23T14:31:07+00:00\",\"description\":\"Torne-se um instalador autorizado de carregadores Ohme. Expanda seu neg\u00f3cio com a crescente demanda por mobilidade el\u00e9trica.\",\"breadcrumb\":{\"@id\":\"https:\\\/\\\/ohme-ev.com\\\/pt\\\/instaladores\\\/#breadcrumb\"},\"inLanguage\":\"pt-pt\",\"potentialAction\":[{\"@type\":\"ReadAction\",\"target\":[\"https:\\\/\\\/ohme-ev.com\\\/pt\\\/instaladores\\\/\"]}]},{\"@type\":\"BreadcrumbList\",\"@id\":\"https:\\\/\\\/ohme-ev.com\\\/pt\\\/instaladores\\\/#breadcrumb\",\"itemListElement\":[{\"@type\":\"ListItem\",\"position\":1,\"name\":\"Home\",\"item\":\"https:\\\/\\\/ohme-ev.com\\\/pt\\\/\"},{\"@type\":\"ListItem\",\"position\":2,\"name\":\"Installers\"}]},{\"@type\":\"WebSite\",\"@id\":\"https:\\\/\\\/ohme-ev.com\\\/pt\\\/#website\",\"url\":\"https:\\\/\\\/ohme-ev.com\\\/pt\\\/\",\"name\":\"Ohme EV Portugal\",\"description\":\"Ohme - EV Smart Charging Solutions\",\"potentialAction\":[{\"@type\":\"SearchAction\",\"target\":{\"@type\":\"EntryPoint\",\"urlTemplate\":\"https:\\\/\\\/ohme-ev.com\\\/pt\\\/?s={search_term_string}\"},\"query-input\":{\"@type\":\"PropertyValueSpecification\",\"valueRequired\":true,\"valueName\":\"search_term_string\"}}],\"inLanguage\":\"pt-pt\"}]}<\/script>\n<!-- \/ Yoast SEO Premium plugin. -->","yoast_head_json":{"title":"Torne-se um Instalador de Carregadores Ohme","description":"Torne-se um instalador autorizado de carregadores Ohme. Expanda seu neg\u00f3cio com a crescente demanda por mobilidade el\u00e9trica.","robots":{"index":"index","follow":"follow","max-snippet":"max-snippet:-1","max-image-preview":"max-image-preview:large","max-video-preview":"max-video-preview:-1"},"canonical":"https:\/\/ohme-ev.com\/pt\/instaladores\/","og_locale":"pt_PT","og_type":"article","og_title":"Installers","og_description":"Torne-se um instalador autorizado de carregadores Ohme. Expanda seu neg\u00f3cio com a crescente demanda por mobilidade el\u00e9trica.","og_url":"https:\/\/ohme-ev.com\/pt\/instaladores\/","og_site_name":"Ohme EV Portugal","article_publisher":"https:\/\/www.facebook.com\/OhmeEV\/","article_modified_time":"2025-12-23T14:31:07+00:00","twitter_card":"summary_large_image","twitter_site":"@ohmeev","schema":{"@context":"https:\/\/schema.org","@graph":[{"@type":"WebPage","@id":"https:\/\/ohme-ev.com\/pt\/instaladores\/","url":"https:\/\/ohme-ev.com\/pt\/instaladores\/","name":"Torne-se um Instalador de Carregadores Ohme","isPartOf":{"@id":"https:\/\/ohme-ev.com\/pt\/#website"},"datePublished":"2023-06-26T12:01:06+00:00","dateModified":"2025-12-23T14:31:07+00:00","description":"Torne-se um instalador autorizado de carregadores Ohme. Expanda seu neg\u00f3cio com a crescente demanda por mobilidade el\u00e9trica.","breadcrumb":{"@id":"https:\/\/ohme-ev.com\/pt\/instaladores\/#breadcrumb"},"inLanguage":"pt-pt","potentialAction":[{"@type":"ReadAction","target":["https:\/\/ohme-ev.com\/pt\/instaladores\/"]}]},{"@type":"BreadcrumbList","@id":"https:\/\/ohme-ev.com\/pt\/instaladores\/#breadcrumb","itemListElement":[{"@type":"ListItem","position":1,"name":"Home","item":"https:\/\/ohme-ev.com\/pt\/"},{"@type":"ListItem","position":2,"name":"Installers"}]},{"@type":"WebSite","@id":"https:\/\/ohme-ev.com\/pt\/#website","url":"https:\/\/ohme-ev.com\/pt\/","name":"Ohme EV Portugal","description":"Ohme - EV Smart Charging Solutions","potentialAction":[{"@type":"SearchAction","target":{"@type":"EntryPoint","urlTemplate":"https:\/\/ohme-ev.com\/pt\/?s={search_term_string}"},"query-input":{"@type":"PropertyValueSpecification","valueRequired":true,"valueName":"search_term_string"}}],"inLanguage":"pt-pt"}]}},"_links":{"self":[{"href":"https:\/\/ohme-ev.com\/pt\/wp-json\/wp\/v2\/pages\/38","targetHints":{"allow":["GET"]}}],"collection":[{"href":"https:\/\/ohme-ev.com\/pt\/wp-json\/wp\/v2\/pages"}],"about":[{"href":"https:\/\/ohme-ev.com\/pt\/wp-json\/wp\/v2\/types\/page"}],"author":[{"embeddable":true,"href":"https:\/\/ohme-ev.com\/pt\/wp-json\/wp\/v2\/users\/1"}],"replies":[{"embeddable":true,"href":"https:\/\/ohme-ev.com\/pt\/wp-json\/wp\/v2\/comments?post=38"}],"version-history":[{"count":0,"href":"https:\/\/ohme-ev.com\/pt\/wp-json\/wp\/v2\/pages\/38\/revisions"}],"wp:attachment":[{"href":"https:\/\/ohme-ev.com\/pt\/wp-json\/wp\/v2\/media?parent=38"}],"wp:term":[{"taxonomy":"partner","embeddable":true,"href":"https:\/\/ohme-ev.com\/pt\/wp-json\/wp\/v2\/partner?post=38"}],"curies":[{"name":"wp","href":"https:\/\/api.w.org\/{rel}","templated":true}]}}