{"id":2665,"date":"2023-06-26T12:03:53","date_gmt":"2023-06-26T12:03:53","guid":{"rendered":"https:\/\/ohme-cs-dev.local\/?page_id=56"},"modified":"2024-05-07T09:06:12","modified_gmt":"2024-05-07T09:06:12","slug":"noticias-imprensa","status":"publish","type":"page","link":"https:\/\/ohme-ev.com\/pt\/noticias-imprensa\/","title":{"rendered":"News and press"},"content":{"rendered":"<div class=\"thin-hero \" style=\"background-color: #366c92;\">\n    <div class=\"content-container\">\n        <div class=\"wrapper\">\n            <h1>Not\u00edcias e imprensa<\/h1>\n            \n                    <\/div>\n    <\/div>\n<\/div>\n\n<div class=\"news-and-press-block blockWrapper top-default bottom-default\">\n    <div class=\"contentWrapper\">\n        <div class=\"search-filter-container\">\n            <div class=\"search-input-container\">\n                <form action=\"https:\/\/ohme-ev.com\/pt\/noticias-imprensa\/\">\n                    <label for=\"search_query\">Pesquisar<\/label>\n                    <input type=\"search\" id=\"search_query\" name=\"query\" value=\"\"\/>\n                <\/form>\n            <\/div>\n            <div class=\"filter-wrapper\">\n                <p class=\"label\">Categoria<\/p>\n                <div class=\"filters\">\n                                        <button data-id=\"all\" class=\"ohme-btn filter\">Todos<\/button>\n                                        <button data-id=\"press\" class=\"ohme-btn filter\">Comunicados de imprensa<\/button>\n                                        <button data-id=\"news\" class=\"ohme-btn filter\">Not\u00edcias<\/button>\n                                    <\/div>\n            <\/div>\n        <\/div>\n\n                <div class=\"tiles\">\n                        <a href=\"https:\/\/ohme-ev.com\/pt\/noticias-imprensa\/novo-carregador-domestico-trifasico-epod-s-22kw\/\">\n                <div class=\"tile\">\n                    <img loading=\"lazy\" decoding=\"async\" width=\"1200\" height=\"800\" src=\"https:\/\/ohme-ev.com\/pt\/wp-content\/uploads\/sites\/21\/2025\/06\/A7501737-Edited-1.webp\" class=\"attachment-post-thumbnail size-post-thumbnail wp-post-image\" alt=\"\" srcset=\"https:\/\/ohme-ev.com\/pt\/wp-content\/uploads\/sites\/21\/2025\/06\/A7501737-Edited-1.webp 1200w, https:\/\/ohme-ev.com\/pt\/wp-content\/uploads\/sites\/21\/2025\/06\/A7501737-Edited-1-300x200.webp 300w, https:\/\/ohme-ev.com\/pt\/wp-content\/uploads\/sites\/21\/2025\/06\/A7501737-Edited-1-1024x683.webp 1024w, https:\/\/ohme-ev.com\/pt\/wp-content\/uploads\/sites\/21\/2025\/06\/A7501737-Edited-1-768x512.webp 768w, https:\/\/ohme-ev.com\/pt\/wp-content\/uploads\/sites\/21\/2025\/06\/A7501737-Edited-1-276x184.webp 276w, https:\/\/ohme-ev.com\/pt\/wp-content\/uploads\/sites\/21\/2025\/06\/A7501737-Edited-1-340x227.webp 340w\" sizes=\"auto, (max-width: 1200px) 100vw, 1200px\" \/>                    <div class=\"content\">\n                        <div class=\"date\">\n                                                        <p class=\"type\">News<\/p>\n                                                        June 23 2025                        <\/div>\n                        <h4 class=\"title\">Ohme carrega o futuro com o novo carregador dom\u00e9stico trif\u00e1sico ePod S de 22kW\u00a0<\/h4>\n                        <div class=\"link\" href=\"https:\/\/ohme-ev.com\/pt\/noticias-imprensa\/novo-carregador-domestico-trifasico-epod-s-22kw\/\">Ler<\/div>\n                    <\/div>\n                <\/div>\n            <\/a>\n                        <a href=\"https:\/\/ohme-ev.com\/pt\/noticias-imprensa\/ohme-multicar-carregamento-ves\/\">\n                <div class=\"tile\">\n                    <img loading=\"lazy\" decoding=\"async\" width=\"2560\" height=\"1707\" src=\"https:\/\/ohme-ev.com\/pt\/wp-content\/uploads\/sites\/21\/2023\/08\/Ohme-DMS-13-scaled.jpg\" class=\"attachment-post-thumbnail size-post-thumbnail wp-post-image\" alt=\"Lady operating EV charger with blue car\" srcset=\"https:\/\/ohme-ev.com\/pt\/wp-content\/uploads\/sites\/21\/2023\/08\/Ohme-DMS-13-scaled.jpg 2560w, https:\/\/ohme-ev.com\/pt\/wp-content\/uploads\/sites\/21\/2023\/08\/Ohme-DMS-13-300x200.jpg 300w, https:\/\/ohme-ev.com\/pt\/wp-content\/uploads\/sites\/21\/2023\/08\/Ohme-DMS-13-1024x683.jpg 1024w, https:\/\/ohme-ev.com\/pt\/wp-content\/uploads\/sites\/21\/2023\/08\/Ohme-DMS-13-768x512.jpg 768w, https:\/\/ohme-ev.com\/pt\/wp-content\/uploads\/sites\/21\/2023\/08\/Ohme-DMS-13-1536x1024.jpg 1536w, https:\/\/ohme-ev.com\/pt\/wp-content\/uploads\/sites\/21\/2023\/08\/Ohme-DMS-13-2048x1365.jpg 2048w, https:\/\/ohme-ev.com\/pt\/wp-content\/uploads\/sites\/21\/2023\/08\/Ohme-DMS-13-675x450.jpg 675w, https:\/\/ohme-ev.com\/pt\/wp-content\/uploads\/sites\/21\/2023\/08\/Ohme-DMS-13-600x400.jpg 600w\" sizes=\"auto, (max-width: 2560px) 100vw, 2560px\" \/>                    <div class=\"content\">\n                        <div class=\"date\">\n                                                        <p class=\"type\">News<\/p>\n                                                        March 11 2025                        <\/div>\n                        <h4 class=\"title\">Dois EVs. Uma app. Zero problemas \u2013 bem-vindo ao OhmeMultiCar<\/h4>\n                        <div class=\"link\" href=\"https:\/\/ohme-ev.com\/pt\/noticias-imprensa\/ohme-multicar-carregamento-ves\/\">Ler<\/div>\n                    <\/div>\n                <\/div>\n            <\/a>\n                        <a href=\"https:\/\/ohme-ev.com\/pt\/noticias-imprensa\/perguntas-e-respostas\/\">\n                <div class=\"tile\">\n                    <img loading=\"lazy\" decoding=\"async\" width=\"512\" height=\"512\" src=\"https:\/\/ohme-ev.com\/pt\/wp-content\/uploads\/sites\/21\/2024\/08\/ezgif-5-c0bacfa465.webp\" class=\"attachment-post-thumbnail size-post-thumbnail wp-post-image\" alt=\"\" srcset=\"https:\/\/ohme-ev.com\/pt\/wp-content\/uploads\/sites\/21\/2024\/08\/ezgif-5-c0bacfa465.webp 512w, https:\/\/ohme-ev.com\/pt\/wp-content\/uploads\/sites\/21\/2024\/08\/ezgif-5-c0bacfa465-300x300.webp 300w, https:\/\/ohme-ev.com\/pt\/wp-content\/uploads\/sites\/21\/2024\/08\/ezgif-5-c0bacfa465-150x150.webp 150w, https:\/\/ohme-ev.com\/pt\/wp-content\/uploads\/sites\/21\/2024\/08\/ezgif-5-c0bacfa465-184x184.webp 184w, https:\/\/ohme-ev.com\/pt\/wp-content\/uploads\/sites\/21\/2024\/08\/ezgif-5-c0bacfa465-242x242.webp 242w\" sizes=\"auto, (max-width: 512px) 100vw, 512px\" \/>                    <div class=\"content\">\n                        <div class=\"date\">\n                                                        <p class=\"type\">Press<\/p>\n                                                        August 26 2024                        <\/div>\n                        <h4 class=\"title\">Perguntas e Respostas: Umberto De Gaetano, Respons\u00e1vel pelo Desenvolvimento Comercial, Ohme  Po<\/h4>\n                        <div class=\"link\" href=\"https:\/\/ohme-ev.com\/pt\/noticias-imprensa\/perguntas-e-respostas\/\">Ler<\/div>\n                    <\/div>\n                <\/div>\n            <\/a>\n                        <a href=\"https:\/\/ohme-ev.com\/pt\/noticias-imprensa\/tarifas-de-eletricidade-dinamicas-ohme\/\">\n                <div class=\"tile\">\n                    <img loading=\"lazy\" decoding=\"async\" width=\"2560\" height=\"1718\" src=\"https:\/\/ohme-ev.com\/pt\/wp-content\/uploads\/sites\/21\/2024\/08\/ezgif-6-e266fa77cf-scaled.webp\" class=\"attachment-post-thumbnail size-post-thumbnail wp-post-image\" alt=\"\" srcset=\"https:\/\/ohme-ev.com\/pt\/wp-content\/uploads\/sites\/21\/2024\/08\/ezgif-6-e266fa77cf-scaled.webp 2560w, https:\/\/ohme-ev.com\/pt\/wp-content\/uploads\/sites\/21\/2024\/08\/ezgif-6-e266fa77cf-300x201.webp 300w, https:\/\/ohme-ev.com\/pt\/wp-content\/uploads\/sites\/21\/2024\/08\/ezgif-6-e266fa77cf-1024x687.webp 1024w, https:\/\/ohme-ev.com\/pt\/wp-content\/uploads\/sites\/21\/2024\/08\/ezgif-6-e266fa77cf-768x515.webp 768w, https:\/\/ohme-ev.com\/pt\/wp-content\/uploads\/sites\/21\/2024\/08\/ezgif-6-e266fa77cf-1536x1031.webp 1536w, https:\/\/ohme-ev.com\/pt\/wp-content\/uploads\/sites\/21\/2024\/08\/ezgif-6-e266fa77cf-2048x1374.webp 2048w, https:\/\/ohme-ev.com\/pt\/wp-content\/uploads\/sites\/21\/2024\/08\/ezgif-6-e266fa77cf-274x184.webp 274w, https:\/\/ohme-ev.com\/pt\/wp-content\/uploads\/sites\/21\/2024\/08\/ezgif-6-e266fa77cf-340x228.webp 340w\" sizes=\"auto, (max-width: 2560px) 100vw, 2560px\" \/>                    <div class=\"content\">\n                        <div class=\"date\">\n                                                        <p class=\"type\">Press<\/p>\n                                                        August 5 2024                        <\/div>\n                        <h4 class=\"title\">Compre um carregador para o seu carro el\u00e9trico, com integra\u00e7\u00e3o de tarifa din\u00e2mica ou perca no futuro, alerta a Ohme\u00a0<\/h4>\n                        <div class=\"link\" href=\"https:\/\/ohme-ev.com\/pt\/noticias-imprensa\/tarifas-de-eletricidade-dinamicas-ohme\/\">Ler<\/div>\n                    <\/div>\n                <\/div>\n            <\/a>\n                        <a href=\"https:\/\/ohme-ev.com\/pt\/noticias-imprensa\/ohme-go-portugal\/\">\n                <div class=\"tile\">\n                    <img loading=\"lazy\" decoding=\"async\" width=\"7917\" height=\"5278\" src=\"https:\/\/ohme-ev.com\/pt\/wp-content\/uploads\/sites\/21\/2024\/06\/Ohme-Go.jpg\" class=\"attachment-post-thumbnail size-post-thumbnail wp-post-image\" alt=\"\" srcset=\"https:\/\/ohme-ev.com\/pt\/wp-content\/uploads\/sites\/21\/2024\/06\/Ohme-Go.jpg 7917w, https:\/\/ohme-ev.com\/pt\/wp-content\/uploads\/sites\/21\/2024\/06\/Ohme-Go-300x200.jpg 300w, https:\/\/ohme-ev.com\/pt\/wp-content\/uploads\/sites\/21\/2024\/06\/Ohme-Go-1024x683.jpg 1024w, https:\/\/ohme-ev.com\/pt\/wp-content\/uploads\/sites\/21\/2024\/06\/Ohme-Go-768x512.jpg 768w, https:\/\/ohme-ev.com\/pt\/wp-content\/uploads\/sites\/21\/2024\/06\/Ohme-Go-1536x1024.jpg 1536w, https:\/\/ohme-ev.com\/pt\/wp-content\/uploads\/sites\/21\/2024\/06\/Ohme-Go-276x184.jpg 276w, https:\/\/ohme-ev.com\/pt\/wp-content\/uploads\/sites\/21\/2024\/06\/Ohme-Go-340x227.jpg 340w\" sizes=\"auto, (max-width: 7917px) 100vw, 7917px\" \/>                    <div class=\"content\">\n                        <div class=\"date\">\n                                                        <p class=\"type\">Press<\/p>\n                                                        June 25 2024                        <\/div>\n                        <h4 class=\"title\">Ohme expande a sua gama de carregadores para ve\u00edculos el\u00e9tricos em Portugal com o Go<\/h4>\n                        <div class=\"link\" href=\"https:\/\/ohme-ev.com\/pt\/noticias-imprensa\/ohme-go-portugal\/\">Ler<\/div>\n                    <\/div>\n                <\/div>\n            <\/a>\n                        <a href=\"https:\/\/ohme-ev.com\/pt\/noticias-imprensa\/ohme-cme-parceria\/\">\n                <div class=\"tile\">\n                    <img loading=\"lazy\" decoding=\"async\" width=\"1200\" height=\"800\" src=\"https:\/\/ohme-ev.com\/pt\/wp-content\/uploads\/sites\/21\/2024\/02\/Home-Pro-lifestyle.jpg\" class=\"attachment-post-thumbnail size-post-thumbnail wp-post-image\" alt=\"\" srcset=\"https:\/\/ohme-ev.com\/pt\/wp-content\/uploads\/sites\/21\/2024\/02\/Home-Pro-lifestyle.jpg 1200w, https:\/\/ohme-ev.com\/pt\/wp-content\/uploads\/sites\/21\/2024\/02\/Home-Pro-lifestyle-300x200.jpg 300w, https:\/\/ohme-ev.com\/pt\/wp-content\/uploads\/sites\/21\/2024\/02\/Home-Pro-lifestyle-1024x683.jpg 1024w, https:\/\/ohme-ev.com\/pt\/wp-content\/uploads\/sites\/21\/2024\/02\/Home-Pro-lifestyle-768x512.jpg 768w, https:\/\/ohme-ev.com\/pt\/wp-content\/uploads\/sites\/21\/2024\/02\/Home-Pro-lifestyle-276x184.jpg 276w, https:\/\/ohme-ev.com\/pt\/wp-content\/uploads\/sites\/21\/2024\/02\/Home-Pro-lifestyle-340x227.jpg 340w\" sizes=\"auto, (max-width: 1200px) 100vw, 1200px\" \/>                    <div class=\"content\">\n                        <div class=\"date\">\n                                                        <p class=\"type\">News<\/p>\n                                                        June 4 2024                        <\/div>\n                        <h4 class=\"title\">Grupo ProCME estabelece parceria com a Ohme para carregar ve\u00edculos el\u00e9tricos em Portugal<\/h4>\n                        <div class=\"link\" href=\"https:\/\/ohme-ev.com\/pt\/noticias-imprensa\/ohme-cme-parceria\/\">Ler<\/div>\n                    <\/div>\n                <\/div>\n            <\/a>\n                        <a href=\"https:\/\/ohme-ev.com\/pt\/noticias-imprensa\/ohme-tecnologia-premiada\/\">\n                <div class=\"tile\">\n                    <img loading=\"lazy\" decoding=\"async\" width=\"1536\" height=\"1025\" src=\"https:\/\/ohme-ev.com\/pt\/wp-content\/uploads\/sites\/21\/2024\/05\/ohme10.png\" class=\"attachment-post-thumbnail size-post-thumbnail wp-post-image\" alt=\"\" srcset=\"https:\/\/ohme-ev.com\/pt\/wp-content\/uploads\/sites\/21\/2024\/05\/ohme10.png 1536w, https:\/\/ohme-ev.com\/pt\/wp-content\/uploads\/sites\/21\/2024\/05\/ohme10-300x200.png 300w, https:\/\/ohme-ev.com\/pt\/wp-content\/uploads\/sites\/21\/2024\/05\/ohme10-1024x683.png 1024w, https:\/\/ohme-ev.com\/pt\/wp-content\/uploads\/sites\/21\/2024\/05\/ohme10-768x513.png 768w, https:\/\/ohme-ev.com\/pt\/wp-content\/uploads\/sites\/21\/2024\/05\/ohme10-276x184.png 276w, https:\/\/ohme-ev.com\/pt\/wp-content\/uploads\/sites\/21\/2024\/05\/ohme10-340x227.png 340w\" sizes=\"auto, (max-width: 1536px) 100vw, 1536px\" \/>                    <div class=\"content\">\n                        <div class=\"date\">\n                                                        <p class=\"type\">Press<\/p>\n                                                        May 6 2024                        <\/div>\n                        <h4 class=\"title\">A tecnologia de carregamento inteligente e din\u00e2mico da Ohme em Portugal<\/h4>\n                        <div class=\"link\" href=\"https:\/\/ohme-ev.com\/pt\/noticias-imprensa\/ohme-tecnologia-premiada\/\">Ler<\/div>\n                    <\/div>\n                <\/div>\n            <\/a>\n                    <\/div>\n        <div class=\"pagination\">\n    <div class=\"items\">\n        <p>P\u00e1gina 1 de 1<\/p>    <\/div>\n<\/div>        \n    <\/div>\n<\/div>","protected":false},"excerpt":{"rendered":"","protected":false},"author":1,"featured_media":0,"parent":0,"menu_order":0,"comment_status":"closed","ping_status":"closed","template":"","meta":{"_acf_changed":true,"_helpful_status":1,"footnotes":""},"partner":[],"class_list":["post-2665","page","type-page","status-publish","hentry"],"acf":[],"yoast_head":"<!-- This site is optimized with the Yoast SEO Premium plugin v27.4 (Yoast SEO v27.4) - https:\/\/yoast.com\/product\/yoast-seo-premium-wordpress\/ -->\n<title>Not\u00edcias e imprensa - Ohme EV Portugal<\/title>\n<meta name=\"robots\" content=\"index, follow, max-snippet:-1, max-image-preview:large, max-video-preview:-1\" \/>\n<link rel=\"canonical\" href=\"https:\/\/ohme-ev.com\/pt\/noticias-imprensa\/\" \/>\n<meta property=\"og:locale\" content=\"pt_PT\" \/>\n<meta property=\"og:type\" content=\"article\" \/>\n<meta property=\"og:title\" content=\"News and press\" \/>\n<meta property=\"og:url\" content=\"https:\/\/ohme-ev.com\/pt\/noticias-imprensa\/\" \/>\n<meta property=\"og:site_name\" content=\"Ohme EV Portugal\" \/>\n<meta property=\"article:publisher\" content=\"https:\/\/www.facebook.com\/OhmeEV\/\" \/>\n<meta property=\"article:modified_time\" content=\"2024-05-07T09:06:12+00:00\" \/>\n<meta name=\"twitter:card\" content=\"summary_large_image\" \/>\n<meta name=\"twitter:site\" content=\"@ohmeev\" \/>\n<script type=\"application\/ld+json\" class=\"yoast-schema-graph\">{\"@context\":\"https:\\\/\\\/schema.org\",\"@graph\":[{\"@type\":\"WebPage\",\"@id\":\"https:\\\/\\\/ohme-ev.com\\\/pt\\\/noticias-imprensa\\\/\",\"url\":\"https:\\\/\\\/ohme-ev.com\\\/pt\\\/noticias-imprensa\\\/\",\"name\":\"Not\u00edcias e imprensa - Ohme EV Portugal\",\"isPartOf\":{\"@id\":\"https:\\\/\\\/ohme-ev.com\\\/pt\\\/#website\"},\"datePublished\":\"2023-06-26T12:03:53+00:00\",\"dateModified\":\"2024-05-07T09:06:12+00:00\",\"breadcrumb\":{\"@id\":\"https:\\\/\\\/ohme-ev.com\\\/pt\\\/noticias-imprensa\\\/#breadcrumb\"},\"inLanguage\":\"pt-pt\",\"potentialAction\":[{\"@type\":\"ReadAction\",\"target\":[\"https:\\\/\\\/ohme-ev.com\\\/pt\\\/noticias-imprensa\\\/\"]}]},{\"@type\":\"BreadcrumbList\",\"@id\":\"https:\\\/\\\/ohme-ev.com\\\/pt\\\/noticias-imprensa\\\/#breadcrumb\",\"itemListElement\":[{\"@type\":\"ListItem\",\"position\":1,\"name\":\"Home\",\"item\":\"https:\\\/\\\/ohme-ev.com\\\/pt\\\/\"},{\"@type\":\"ListItem\",\"position\":2,\"name\":\"News and press\"}]},{\"@type\":\"WebSite\",\"@id\":\"https:\\\/\\\/ohme-ev.com\\\/pt\\\/#website\",\"url\":\"https:\\\/\\\/ohme-ev.com\\\/pt\\\/\",\"name\":\"Ohme EV Portugal\",\"description\":\"Ohme - EV Smart Charging Solutions\",\"potentialAction\":[{\"@type\":\"SearchAction\",\"target\":{\"@type\":\"EntryPoint\",\"urlTemplate\":\"https:\\\/\\\/ohme-ev.com\\\/pt\\\/?s={search_term_string}\"},\"query-input\":{\"@type\":\"PropertyValueSpecification\",\"valueRequired\":true,\"valueName\":\"search_term_string\"}}],\"inLanguage\":\"pt-pt\"}]}<\/script>\n<!-- \/ Yoast SEO Premium plugin. -->","yoast_head_json":{"title":"Not\u00edcias e imprensa - Ohme EV Portugal","robots":{"index":"index","follow":"follow","max-snippet":"max-snippet:-1","max-image-preview":"max-image-preview:large","max-video-preview":"max-video-preview:-1"},"canonical":"https:\/\/ohme-ev.com\/pt\/noticias-imprensa\/","og_locale":"pt_PT","og_type":"article","og_title":"News and press","og_url":"https:\/\/ohme-ev.com\/pt\/noticias-imprensa\/","og_site_name":"Ohme EV Portugal","article_publisher":"https:\/\/www.facebook.com\/OhmeEV\/","article_modified_time":"2024-05-07T09:06:12+00:00","twitter_card":"summary_large_image","twitter_site":"@ohmeev","schema":{"@context":"https:\/\/schema.org","@graph":[{"@type":"WebPage","@id":"https:\/\/ohme-ev.com\/pt\/noticias-imprensa\/","url":"https:\/\/ohme-ev.com\/pt\/noticias-imprensa\/","name":"Not\u00edcias e imprensa - Ohme EV Portugal","isPartOf":{"@id":"https:\/\/ohme-ev.com\/pt\/#website"},"datePublished":"2023-06-26T12:03:53+00:00","dateModified":"2024-05-07T09:06:12+00:00","breadcrumb":{"@id":"https:\/\/ohme-ev.com\/pt\/noticias-imprensa\/#breadcrumb"},"inLanguage":"pt-pt","potentialAction":[{"@type":"ReadAction","target":["https:\/\/ohme-ev.com\/pt\/noticias-imprensa\/"]}]},{"@type":"BreadcrumbList","@id":"https:\/\/ohme-ev.com\/pt\/noticias-imprensa\/#breadcrumb","itemListElement":[{"@type":"ListItem","position":1,"name":"Home","item":"https:\/\/ohme-ev.com\/pt\/"},{"@type":"ListItem","position":2,"name":"News and press"}]},{"@type":"WebSite","@id":"https:\/\/ohme-ev.com\/pt\/#website","url":"https:\/\/ohme-ev.com\/pt\/","name":"Ohme EV Portugal","description":"Ohme - EV Smart Charging Solutions","potentialAction":[{"@type":"SearchAction","target":{"@type":"EntryPoint","urlTemplate":"https:\/\/ohme-ev.com\/pt\/?s={search_term_string}"},"query-input":{"@type":"PropertyValueSpecification","valueRequired":true,"valueName":"search_term_string"}}],"inLanguage":"pt-pt"}]}},"_links":{"self":[{"href":"https:\/\/ohme-ev.com\/pt\/wp-json\/wp\/v2\/pages\/2665","targetHints":{"allow":["GET"]}}],"collection":[{"href":"https:\/\/ohme-ev.com\/pt\/wp-json\/wp\/v2\/pages"}],"about":[{"href":"https:\/\/ohme-ev.com\/pt\/wp-json\/wp\/v2\/types\/page"}],"author":[{"embeddable":true,"href":"https:\/\/ohme-ev.com\/pt\/wp-json\/wp\/v2\/users\/1"}],"replies":[{"embeddable":true,"href":"https:\/\/ohme-ev.com\/pt\/wp-json\/wp\/v2\/comments?post=2665"}],"version-history":[{"count":0,"href":"https:\/\/ohme-ev.com\/pt\/wp-json\/wp\/v2\/pages\/2665\/revisions"}],"wp:attachment":[{"href":"https:\/\/ohme-ev.com\/pt\/wp-json\/wp\/v2\/media?parent=2665"}],"wp:term":[{"taxonomy":"partner","embeddable":true,"href":"https:\/\/ohme-ev.com\/pt\/wp-json\/wp\/v2\/partner?post=2665"}],"curies":[{"name":"wp","href":"https:\/\/api.w.org\/{rel}","templated":true}]}}