{"id":42472,"date":"2025-07-28T07:50:42","date_gmt":"2025-07-28T07:50:42","guid":{"rendered":"https:\/\/ohme-ev.com\/es\/?page_id=3549"},"modified":"2026-01-19T10:24:50","modified_gmt":"2026-01-19T10:24:50","slug":"come-funzionano-caricatori-ohme","status":"publish","type":"page","link":"https:\/\/ohme-ev.com\/it\/come-funzionano-caricatori-ohme\/","title":{"rendered":"Come funzionano i nostri caricatori"},"content":{"rendered":"<div class=\"image-text-hero with-image gradient-enabled gradient-vertical has-mobile-bg\" style=\"--bg-desktop: url(&#039;https:\/\/ohme-ev.com\/it\/wp-content\/uploads\/sites\/18\/2025\/09\/How-our-chargers-work-Desktop1x.webp&#039;); --bg-mobile: url(&#039;https:\/\/ohme-ev.com\/it\/wp-content\/uploads\/sites\/18\/2025\/09\/How-our-chargers-work-Mobile1x.webp&#039;);\">\n\n    <div class=\"contentWrapper imageRight mobile-image-bottom\">\n        <div class=\"content-container\">\n            <div class=\"wrapper\">\n                                    <h1>Come funzionano i nostri caricatori<\/h1>\n                \n                \n                                    <p><p>Abbiamo progettato e sviluppato due caricatori domestici all\u2019avanguardia per permetterti di sfruttare al massimo il tuo veicolo elettrico.<br \/>\nL\u2019esclusiva tecnologia di ricarica intelligente di Ohme utilizza dati in tempo reale per offrirti una ricarica pi\u00f9 intelligente, sostenibile ed economica.<\/p>\n<\/p>\n                \n                \n\n                            <\/div>\n        <\/div>\n\n        <div class=\"image-container\">\n            \n                    <\/div>\n    <\/div>\n\n    <\/div>\n\n<div id=\"\" class=\"blockWrapper top-default bottom-default   \">\n\n    <div class=\"addColour keyPointsBlock\">\n        <div class=\"contentWrapper keyPoints\">\n\n            \n            \n            <div class=\"keyPointsContainer \">\n                                                            <div class=\"keyPointWrapper\">\n\n                                                            <div class=\"mediaContainer image\">\n                                    <img decoding=\"async\" src=\"https:\/\/ohme-ev.com\/it\/wp-content\/uploads\/sites\/18\/2023\/07\/3-column-icons_dynamic-charging_master.svg\" alt=\"\" \/>\n                                <\/div>\n\n                            \n                            <h5 class=\"subtitle\">Ricarica dinamica<\/h5>\n                            <div class=\"copy\"><p class=\"\" data-start=\"44\" data-end=\"356\">I nostri caricatori utilizzano dati in tempo reale per avviare e interrompere la ricarica, allineandosi ai periodi di bassa domanda energetica, quando i prezzi sono pi\u00f9 bassi. Ottimizzano in modo affidabile le tue sessioni di ricarica, contribuendo al bilanciamento della rete elettrica.<\/p>\n<\/div>\n\n                            \n                        <\/div>\n                                            <div class=\"keyPointWrapper\">\n\n                                                            <div class=\"mediaContainer image\">\n                                    <img decoding=\"async\" src=\"https:\/\/ohme-ev.com\/it\/wp-content\/uploads\/sites\/18\/2023\/07\/3-column-icons_any-tariff_master.svg\" alt=\"\" \/>\n                                <\/div>\n\n                            \n                            <h5 class=\"subtitle\">Qualsiasi tariffa energetica<\/h5>\n                            <div class=\"copy\"><p>Siamo l\u2019unico fornitore di ricarica per veicoli elettrici integrato con tariffe come Intelligent Octopus e OVO Charge Anytime nel Regno Unito. Anche se i nostri caricatori sono compatibili, questa funzionalit\u00e0 non \u00e8 ancora disponibile in Italia.<\/p>\n<\/div>\n\n                            \n                        <\/div>\n                                            <div class=\"keyPointWrapper\">\n\n                                                            <div class=\"mediaContainer image\">\n                                    <img decoding=\"async\" src=\"https:\/\/ohme-ev.com\/it\/wp-content\/uploads\/sites\/18\/2023\/07\/3-column-icons_next-generation_master.svg\" alt=\"\" \/>\n                                <\/div>\n\n                            \n                            <h5 class=\"subtitle\">Nuova generazione, adesso<\/h5>\n                            <div class=\"copy\"><p>Approfitta degli aggiornamenti tecnologici over-the-air per restare sempre all\u2019avanguardia nella ricarica dei veicoli elettrici. \u00c8 semplice: una volta connesso al cloud di Ohme, potrai accedere alle nuove funzionalit\u00e0 non appena saranno disponibili.<\/p>\n<\/div>\n\n                            \n                        <\/div>\n                                                <\/div>\n\n            <div class=\"cta-container\">\n                <div class=\"buttonsContainer\">\n                    \n\n                <\/div>\n            <\/div>\n\n        <\/div>\n    <\/div>\n\n<\/div>\n\n<div id=\"\" class=\"blockWrapper top-default bottom-default   \">\n\n\n<div class=\"charging-comparison contentWrapper\">\n<div >\n  <h3 class=\"title\">Ricarica dinamica senza paragoni<\/h3>\n  <div class=\"itemsContainer\">\n            <div class=\"itemWrapper\">\n            <div class=\"sectionTop\">\n            <h5 class=\"subtitle\">Ricarica standard<\/h5>\n            <div class=\"copy\"><p>Sessione di ricarica con tariffa standard utilizzando un semplice programma di avvio\/arresto. L\u2019auto viene ricaricata fino al raggiungimento dell\u2019obiettivo di carica, e il prezzo dell\u2019energia consumata rimane lo stesso durante l\u2019intera finestra di ricarica, accumulandosi.<\/p>\n<\/div>\n            <\/div>\n            <div class=\"sectionBottom\">\n            <div class=\"imgContainer\">\n            <img decoding=\"async\" src=\"https:\/\/ohme-ev.com\/it\/wp-content\/uploads\/sites\/18\/2023\/07\/2-image-module_standard-charging_UK.png\" alt=\"\" \/>\n          <\/div>\n          <div class=\"costInfoContainer\">\n          <p class=\"description\">Finestra di ricarica standard o fascia oraria in tariffa ridotta.<\/p>\n          <p class=\"cost\"><\/p>\n          <\/div>\n          <\/div>\n        <\/div>\n            <div class=\"itemWrapper\">\n            <div class=\"sectionTop\">\n            <h5 class=\"subtitle\">Ricarica dinamica<\/h5>\n            <div class=\"copy\"><p>I caricatori Ohme utilizzano dati in tempo reale dalla rete per raggiungere automaticamente il livello di carica desiderato entro un determinato orario. L\u2019auto si ricarica quando la domanda di elettricit\u00e0 \u00e8 pi\u00f9 bassa e i prezzi sono pi\u00f9 convenienti, senza mai rinunciare all\u2019obiettivo di carica impostato.<\/p>\n<\/div>\n            <\/div>\n            <div class=\"sectionBottom\">\n            <div class=\"imgContainer\">\n            <img decoding=\"async\" src=\"https:\/\/ohme-ev.com\/it\/wp-content\/uploads\/sites\/18\/2023\/07\/2-image-module_dynamic-charging_UK.png\" alt=\"\" \/>\n          <\/div>\n          <div class=\"costInfoContainer\">\n          <p class=\"description\">Finestra di ricarica intelligente: pi\u00f9 economica ed ecologica<\/p>\n          <p class=\"cost\"><\/p>\n          <\/div>\n          <\/div>\n        <\/div>\n        <\/div>\n<\/div>\n<\/div>\n<\/div>\n\n<div id=\"\" class=\"blockWrapper top- bottom-   \">\n\n    <div class=\"step-by-step contentWrapper bg-grey\">\n                <div class=\"contentContainer\">\n            <div class=\"videoInfo\">\n                                    <div class=\"video-block video\">\n                        <div class=\"videoWrapper\">\n                                                                                            <div class=\"vimeo-embed\">\n                                    <iframe src=\"\/\/player.vimeo.com\/video\/1104394104?h=fe4a0ad98c&#038;badge=0&#038;autopause=0&#038;player_id=0&#038;app_id=58479\" allow=\"autoplay; fullscreen;\" title=\"\"><\/iframe>\n                                <\/div>\n                                                                                    <\/div>\n                                            <\/div>\n                            <\/div>\n            <div class=\"infoWrapper\">\n                                                <h2 class=\"title\">Dai energia alla tua auto con il sole<\/h2>\n                                <div><p>Diamo il benvenuto a Solar Boost, la nostra ultima funzionalit\u00e0 sviluppata per permetterti di utilizzare il tuo Ohme Home Pro o Ohme ePod per ricaricare il veicolo elettrico con l\u2019energia solare in eccesso generata dal tuo impianto.<br data-start=\"319\" data-end=\"322\" \/>Riduci la dipendenza dalla rete elettrica e assicurati che la tua auto sia sempre pronta, indipendentemente dalle condizioni meteo.<br data-start=\"453\" data-end=\"456\" \/>Una ricarica ancora pi\u00f9 intelligente, economica e sostenibile per tutti i conducenti.<\/p>\n<\/div>\n                                <div class=\"buttonsContainer\">\n                    \n            <a href=\"https:\/\/ohme-ev.com\/it\/support\/come-caricare-con-solar-boost\/\" target=\"_self\" >\n            <button class=\"ohme-btn primary button\" title=\"\">Scopri di pi\u00f9<\/button>\n        <\/a>\n                    <\/div>\n                            <\/div>\n        <\/div>\n    <\/div>\n\n<\/div>\n\n<div id=\"\" class=\"blockWrapper top-default bottom-default   \">\n\n    <div class=\"contentWrapper largeTile \">\n        <div class=\"productsContainer\">\n                                            <div class=\"productWrapper\" style=\"background-image: url('https:\/\/ohme-ev.com\/it\/wp-content\/uploads\/sites\/18\/2023\/07\/gradientBg.png');\" data-product-type=\"Home Pro\">\n                    <h3 class=\"title\">Ohme Home Pro<\/h3>\n                    <h6 class=\"subtitle\">La soluzione completa per la ricarica domestica, con schermo LCD e cavo fisso Tipo 2 che garantisce una ricarica rapida, sicura e semplice<\/h6>\n                    <div class=\"buttonsContainer\">\n                                                    \n            <a href=\"https:\/\/survey.ohme-ev.com\/survey\/direct?partnerId=849b82ed-3059-49fc-bbea-a39aef561b64&#038;journeyId=86e92b39-dcb9-4937-98e7-8e5623aa5dc9&#038;region=it\" target=\"_blank\" rel=\"noopener\">\n            <button class=\"ohme-btn survey primary button\" title=\"\">Ottieni un preventivo<\/button>\n        <\/a>\n\n    \n            <a href=\"https:\/\/ohme-ev.com\/it\/prodotto\/ohme-home-pro\/\" target=\"_self\" >\n            <button class=\"ohme-btn secondaryDark button\" title=\"\">Scopri di pi\u00f9<\/button>\n        <\/a>\n                                                <\/div>\n                    <div class=\"imageContainer\">\n                        <img decoding=\"async\" src=\"https:\/\/ohme-ev.com\/it\/wp-content\/uploads\/sites\/18\/2023\/07\/Specs_Home-Pro-cut-out_UK.png\" alt=\"\" \/>\n                    <\/div>\n                    <p class=\"shortText\"><\/p>\n                <\/div>\n                                <div class=\"productWrapper\" style=\"background-image: url('https:\/\/ohme-ev.com\/it\/wp-content\/uploads\/sites\/18\/2023\/07\/gradientBg.png');\" data-product-type=\"ePod\">\n                    <h3 class=\"title\">Ohme ePod S<\/h3>\n                    <h6 class=\"subtitle\">Design compatto e discreto, ideale per installazioni domestiche e compatibile con qualsiasi marca o modello di veicolo elettrico<\/h6>\n                    <div class=\"buttonsContainer\">\n                                                    \n            <a href=\"https:\/\/survey.ohme-ev.com\/survey\/direct?partnerId=849b82ed-3059-49fc-bbea-a39aef561b64&#038;journeyId=86e92b39-dcb9-4937-98e7-8e5623aa5dc9&#038;region=it\" target=\"_blank\" rel=\"noopener\">\n            <button class=\"ohme-btn survey primary button\" title=\"\">Ottieni un preventivo<\/button>\n        <\/a>\n\n    \n            <a href=\"https:\/\/ohme-ev.com\/it\/prodotto\/ohme-epod-s\/\" target=\"_self\" >\n            <button class=\"ohme-btn secondaryDark button\" title=\"\">Scopri di pi\u00f9<\/button>\n        <\/a>\n                                                <\/div>\n                    <div class=\"imageContainer\">\n                        <img decoding=\"async\" src=\"https:\/\/ohme-ev.com\/it\/wp-content\/uploads\/sites\/18\/2026\/01\/Blue-BG_ePod-S-cut-out_IT-1.png.webp\" alt=\"wallbox Ohme ePod S\" \/>\n                    <\/div>\n                    <p class=\"shortText\"><\/p>\n                <\/div>\n                                    <\/div>\n    <\/div>\n\n<\/div>\n\n<div id=\"\" class=\"blockWrapper top-default bottom-default   \">\n\n<div class=\"text-image-right bg-white\">\n    <div class=\"inner\">\n        <div class=\"text-content\">\n                        <h3 class=\"title\">L\u2019integrazione delle tariffe energetiche non \u00e8 mai stata cos\u00ec semplice<\/h3>\n                        <div class=\"text\"><p>Siamo l\u2019unico fornitore di ricarica per veicoli elettrici integrato con tutte le tariffe energetiche, incluse quelle dinamiche. Questo ti permette di ricaricare a un prezzo incredibilmente basso, risparmiando denaro e aiutando il pianeta.<\/p>\n<\/div>\n                                                <div class=\"buttons\">\n                                    \n                                <\/div>\n                                <\/div>\n        <div class=\"media-content\">\n                        <img decoding=\"async\" loading=\"lazy\" src=\"https:\/\/ohme-ev.com\/it\/wp-content\/uploads\/sites\/18\/2025\/05\/iPhoneinHands_OhmeApp_Tariffs.webp\" alt=\"\" \/>\n                    <\/div>\n    <\/div>\n<\/div>\n\n<\/div>\n\n<div id=\"\" class=\"blockWrapper top-default bottom-default   \">\n\n<div class=\"info bg-grey\">\n    <div class=\"contentWrapper\">\n                    <h2>\n                Nuovo nel mondo della mobilit\u00e0 elettrica?            <\/h2>\n                <div class=\"text\">\n            <p>Ecco tutto ci\u00f2 che un nuovo conducente di veicoli elettrici deve sapere sulla ricarica domestica.<\/p>\n        <\/div>\n                        <div class=\"buttonsWrapper\">\n                        \n            <a href=\"https:\/\/ohme-ev.com\/it\/nuovo-nel-mondo-dei-veicoli-elettrici\/\" target=\"_self\" >\n            <button class=\"ohme-btn primary button\" title=\"\">Collegare l\u2019auto<\/button>\n        <\/a>\n                        <\/div>\n            <\/div>\n<\/div>\n\n<\/div>\n\n<div id=\"\" class=\"blockWrapper top-default bottom-default   \">\n\n<div class=\"standalone-tiles\">\n    <h2>Vuoi saperne di pi\u00f9?<\/h2>\n    \n    <div class=\"tiles-wrapper\">\n                                <a href=\"https:\/\/ohme-ev.com\/it\/support\/come-programmare-una-ricarica\/\" class=\"tile\">\n                <div class=\"tile-main\">\n                    <div class=\"tile-image\">\n                        <img loading=\"lazy\" decoding=\"async\" width=\"150\" height=\"150\" src=\"https:\/\/ohme-ev.com\/it\/wp-content\/uploads\/sites\/18\/2023\/08\/Support_charger-offline-header_UK-150x150.jpg\" class=\"attachment-thumbnail size-thumbnail wp-post-image\" alt=\"Person standing next to a blue EV with the Ohme Home Pro on the wall behind\" srcset=\"https:\/\/ohme-ev.com\/it\/wp-content\/uploads\/sites\/18\/2023\/08\/Support_charger-offline-header_UK-150x150.jpg 150w, https:\/\/ohme-ev.com\/it\/wp-content\/uploads\/sites\/18\/2023\/08\/Support_charger-offline-header_UK-600x600.jpg 600w\" sizes=\"auto, (max-width: 150px) 100vw, 150px\" \/>                    <\/div>\n                    <div class=\"tile-heading\">\n                        <p>Come posso programmare una ricarica con Ohme?<\/p>\n                    <\/div>\n                <\/div>\n                <div class=\"tile-footer\">\n                    <div class=\"metadata\">\n                        <p>October 9 2024<\/p>\n                        <span class=\"arrow\"><\/span>\n                    <\/div>\n                <\/div>\n            <\/a>\n                        <a href=\"https:\/\/ohme-ev.com\/it\/blog\/caricatore-intelligente-home-pro\/\" class=\"tile\">\n                <div class=\"tile-main\">\n                    <div class=\"tile-image\">\n                        <img loading=\"lazy\" decoding=\"async\" width=\"150\" height=\"150\" src=\"https:\/\/ohme-ev.com\/it\/wp-content\/uploads\/sites\/18\/2023\/07\/volvo-homepro-v3-150x150.jpg\" class=\"attachment-thumbnail size-thumbnail wp-post-image\" alt=\"Ohme Home Pro EV charger Volvo EX90\" srcset=\"https:\/\/ohme-ev.com\/it\/wp-content\/uploads\/sites\/18\/2023\/07\/volvo-homepro-v3-150x150.jpg 150w, https:\/\/ohme-ev.com\/it\/wp-content\/uploads\/sites\/18\/2023\/07\/volvo-homepro-v3-600x600.jpg 600w\" sizes=\"auto, (max-width: 150px) 100vw, 150px\" \/>                    <\/div>\n                    <div class=\"tile-heading\">\n                        <p>Conosci l\u2019Ohme Home Pro?<\/p>\n                    <\/div>\n                <\/div>\n                <div class=\"tile-footer\">\n                    <div class=\"metadata\">\n                        <p>February 25 2025<\/p>\n                        <span class=\"arrow\"><\/span>\n                    <\/div>\n                <\/div>\n            <\/a>\n                        <a href=\"https:\/\/ohme-ev.com\/it\/support\/manuale-prodotti-caricatori-ohme\/\" class=\"tile\">\n                <div class=\"tile-main\">\n                    <div class=\"tile-image\">\n                        <img loading=\"lazy\" decoding=\"async\" width=\"150\" height=\"150\" src=\"https:\/\/ohme-ev.com\/it\/wp-content\/uploads\/sites\/18\/2023\/08\/Support_epod-help-header_UK-150x150.jpg\" class=\"attachment-thumbnail size-thumbnail wp-post-image\" alt=\"Person smiling using the Ohme ePod charger\" srcset=\"https:\/\/ohme-ev.com\/it\/wp-content\/uploads\/sites\/18\/2023\/08\/Support_epod-help-header_UK-150x150.jpg 150w, https:\/\/ohme-ev.com\/it\/wp-content\/uploads\/sites\/18\/2023\/08\/Support_epod-help-header_UK-600x600.jpg 600w\" sizes=\"auto, (max-width: 150px) 100vw, 150px\" \/>                    <\/div>\n                    <div class=\"tile-heading\">\n                        <p>Manuale dei Prodotti<\/p>\n                    <\/div>\n                <\/div>\n                <div class=\"tile-footer\">\n                    <div class=\"metadata\">\n                        <p>May 30 2024<\/p>\n                        <span class=\"arrow\"><\/span>\n                    <\/div>\n                <\/div>\n            <\/a>\n                        <\/div>\n\n        <div class=\"cta-container\">\n        \n            <a href=\"https:\/\/ohme-ev.com\/it\/blog-ohme\/\" target=\"_self\" >\n            <button class=\"ohme-btn primary button\" title=\"\">Visita il nostro blog<\/button>\n        <\/a>\n        <\/div>\n    <\/div>\n\n<\/div>\n\n\n<p><\/p>\n","protected":false},"excerpt":{"rendered":"","protected":false},"author":27,"featured_media":0,"parent":0,"menu_order":0,"comment_status":"closed","ping_status":"closed","template":"","meta":{"_acf_changed":true,"_helpful_status":1,"footnotes":""},"partner":[],"class_list":["post-42472","page","type-page","status-publish","hentry"],"acf":[],"yoast_head":"<!-- This site is optimized with the Yoast SEO Premium plugin v27.4 (Yoast SEO v27.4) - https:\/\/yoast.com\/product\/yoast-seo-premium-wordpress\/ -->\n<title>Come funzionano i caricatori Ohme | Ohme EV Italia<\/title>\n<meta name=\"description\" content=\"Scopri come funzionano i caricatori Ohme: sfruttano i dati in tempo reale per offrire una ricarica intelligente, economica e sostenibile.\" \/>\n<meta name=\"robots\" content=\"index, follow, max-snippet:-1, max-image-preview:large, max-video-preview:-1\" \/>\n<link rel=\"canonical\" href=\"https:\/\/ohme-ev.com\/it\/come-funzionano-caricatori-ohme\/\" \/>\n<meta property=\"og:locale\" content=\"it_IT\" \/>\n<meta property=\"og:type\" content=\"article\" \/>\n<meta property=\"og:title\" content=\"Come funzionano i nostri caricatori\" \/>\n<meta property=\"og:description\" content=\"Scopri come funzionano i caricatori Ohme: sfruttano i dati in tempo reale per offrire una ricarica intelligente, economica e sostenibile.\" \/>\n<meta property=\"og:url\" content=\"https:\/\/ohme-ev.com\/it\/come-funzionano-caricatori-ohme\/\" \/>\n<meta property=\"og:site_name\" content=\"Ohme EV Italia\" \/>\n<meta property=\"article:publisher\" content=\"https:\/\/www.facebook.com\/OhmeEV\/\" \/>\n<meta property=\"article:modified_time\" content=\"2026-01-19T10:24:50+00:00\" \/>\n<meta name=\"twitter:card\" content=\"summary_large_image\" \/>\n<meta name=\"twitter:site\" content=\"@ohmeev\" \/>\n<script type=\"application\/ld+json\" class=\"yoast-schema-graph\">{\"@context\":\"https:\\\/\\\/schema.org\",\"@graph\":[{\"@type\":\"WebPage\",\"@id\":\"https:\\\/\\\/ohme-ev.com\\\/it\\\/come-funzionano-caricatori-ohme\\\/\",\"url\":\"https:\\\/\\\/ohme-ev.com\\\/it\\\/come-funzionano-caricatori-ohme\\\/\",\"name\":\"Come funzionano i caricatori Ohme | Ohme EV Italia\",\"isPartOf\":{\"@id\":\"https:\\\/\\\/ohme-ev.com\\\/it\\\/#website\"},\"datePublished\":\"2025-07-28T07:50:42+00:00\",\"dateModified\":\"2026-01-19T10:24:50+00:00\",\"description\":\"Scopri come funzionano i caricatori Ohme: sfruttano i dati in tempo reale per offrire una ricarica intelligente, economica e sostenibile.\",\"breadcrumb\":{\"@id\":\"https:\\\/\\\/ohme-ev.com\\\/it\\\/come-funzionano-caricatori-ohme\\\/#breadcrumb\"},\"inLanguage\":\"it-it\",\"potentialAction\":[{\"@type\":\"ReadAction\",\"target\":[\"https:\\\/\\\/ohme-ev.com\\\/it\\\/come-funzionano-caricatori-ohme\\\/\"]}]},{\"@type\":\"BreadcrumbList\",\"@id\":\"https:\\\/\\\/ohme-ev.com\\\/it\\\/come-funzionano-caricatori-ohme\\\/#breadcrumb\",\"itemListElement\":[{\"@type\":\"ListItem\",\"position\":1,\"name\":\"Home\",\"item\":\"https:\\\/\\\/ohme-ev.com\\\/it\\\/\"},{\"@type\":\"ListItem\",\"position\":2,\"name\":\"Come funzionano i nostri caricatori\"}]},{\"@type\":\"WebSite\",\"@id\":\"https:\\\/\\\/ohme-ev.com\\\/it\\\/#website\",\"url\":\"https:\\\/\\\/ohme-ev.com\\\/it\\\/\",\"name\":\"Ohme Italia\",\"description\":\"Ohme - EV Smart Charging Solutions\",\"publisher\":{\"@id\":\"https:\\\/\\\/ohme-ev.com\\\/it\\\/#organization\"},\"potentialAction\":[{\"@type\":\"SearchAction\",\"target\":{\"@type\":\"EntryPoint\",\"urlTemplate\":\"https:\\\/\\\/ohme-ev.com\\\/it\\\/?s={search_term_string}\"},\"query-input\":{\"@type\":\"PropertyValueSpecification\",\"valueRequired\":true,\"valueName\":\"search_term_string\"}}],\"inLanguage\":\"it-it\"},{\"@type\":\"Organization\",\"@id\":\"https:\\\/\\\/ohme-ev.com\\\/it\\\/#organization\",\"name\":\"Ohme Italia\",\"url\":\"https:\\\/\\\/ohme-ev.com\\\/it\\\/\",\"logo\":{\"@type\":\"ImageObject\",\"inLanguage\":\"it-it\",\"@id\":\"https:\\\/\\\/ohme-ev.com\\\/it\\\/#\\\/schema\\\/logo\\\/image\\\/\",\"url\":\"https:\\\/\\\/ohme-ev.com\\\/it\\\/wp-content\\\/uploads\\\/sites\\\/18\\\/2024\\\/01\\\/cropped-New-favicon.png\",\"contentUrl\":\"https:\\\/\\\/ohme-ev.com\\\/it\\\/wp-content\\\/uploads\\\/sites\\\/18\\\/2024\\\/01\\\/cropped-New-favicon.png\",\"width\":512,\"height\":512,\"caption\":\"Ohme Italia\"},\"image\":{\"@id\":\"https:\\\/\\\/ohme-ev.com\\\/it\\\/#\\\/schema\\\/logo\\\/image\\\/\"},\"sameAs\":[\"https:\\\/\\\/www.facebook.com\\\/OhmeEV\\\/\",\"https:\\\/\\\/x.com\\\/ohmeev\"]}]}<\/script>\n<!-- \/ Yoast SEO Premium plugin. -->","yoast_head_json":{"title":"Come funzionano i caricatori Ohme | Ohme EV Italia","description":"Scopri come funzionano i caricatori Ohme: sfruttano i dati in tempo reale per offrire una ricarica intelligente, economica e sostenibile.","robots":{"index":"index","follow":"follow","max-snippet":"max-snippet:-1","max-image-preview":"max-image-preview:large","max-video-preview":"max-video-preview:-1"},"canonical":"https:\/\/ohme-ev.com\/it\/come-funzionano-caricatori-ohme\/","og_locale":"it_IT","og_type":"article","og_title":"Come funzionano i nostri caricatori","og_description":"Scopri come funzionano i caricatori Ohme: sfruttano i dati in tempo reale per offrire una ricarica intelligente, economica e sostenibile.","og_url":"https:\/\/ohme-ev.com\/it\/come-funzionano-caricatori-ohme\/","og_site_name":"Ohme EV Italia","article_publisher":"https:\/\/www.facebook.com\/OhmeEV\/","article_modified_time":"2026-01-19T10:24:50+00:00","twitter_card":"summary_large_image","twitter_site":"@ohmeev","schema":{"@context":"https:\/\/schema.org","@graph":[{"@type":"WebPage","@id":"https:\/\/ohme-ev.com\/it\/come-funzionano-caricatori-ohme\/","url":"https:\/\/ohme-ev.com\/it\/come-funzionano-caricatori-ohme\/","name":"Come funzionano i caricatori Ohme | Ohme EV Italia","isPartOf":{"@id":"https:\/\/ohme-ev.com\/it\/#website"},"datePublished":"2025-07-28T07:50:42+00:00","dateModified":"2026-01-19T10:24:50+00:00","description":"Scopri come funzionano i caricatori Ohme: sfruttano i dati in tempo reale per offrire una ricarica intelligente, economica e sostenibile.","breadcrumb":{"@id":"https:\/\/ohme-ev.com\/it\/come-funzionano-caricatori-ohme\/#breadcrumb"},"inLanguage":"it-it","potentialAction":[{"@type":"ReadAction","target":["https:\/\/ohme-ev.com\/it\/come-funzionano-caricatori-ohme\/"]}]},{"@type":"BreadcrumbList","@id":"https:\/\/ohme-ev.com\/it\/come-funzionano-caricatori-ohme\/#breadcrumb","itemListElement":[{"@type":"ListItem","position":1,"name":"Home","item":"https:\/\/ohme-ev.com\/it\/"},{"@type":"ListItem","position":2,"name":"Come funzionano i nostri caricatori"}]},{"@type":"WebSite","@id":"https:\/\/ohme-ev.com\/it\/#website","url":"https:\/\/ohme-ev.com\/it\/","name":"Ohme Italia","description":"Ohme - EV Smart Charging Solutions","publisher":{"@id":"https:\/\/ohme-ev.com\/it\/#organization"},"potentialAction":[{"@type":"SearchAction","target":{"@type":"EntryPoint","urlTemplate":"https:\/\/ohme-ev.com\/it\/?s={search_term_string}"},"query-input":{"@type":"PropertyValueSpecification","valueRequired":true,"valueName":"search_term_string"}}],"inLanguage":"it-it"},{"@type":"Organization","@id":"https:\/\/ohme-ev.com\/it\/#organization","name":"Ohme Italia","url":"https:\/\/ohme-ev.com\/it\/","logo":{"@type":"ImageObject","inLanguage":"it-it","@id":"https:\/\/ohme-ev.com\/it\/#\/schema\/logo\/image\/","url":"https:\/\/ohme-ev.com\/it\/wp-content\/uploads\/sites\/18\/2024\/01\/cropped-New-favicon.png","contentUrl":"https:\/\/ohme-ev.com\/it\/wp-content\/uploads\/sites\/18\/2024\/01\/cropped-New-favicon.png","width":512,"height":512,"caption":"Ohme Italia"},"image":{"@id":"https:\/\/ohme-ev.com\/it\/#\/schema\/logo\/image\/"},"sameAs":["https:\/\/www.facebook.com\/OhmeEV\/","https:\/\/x.com\/ohmeev"]}]}},"_links":{"self":[{"href":"https:\/\/ohme-ev.com\/it\/wp-json\/wp\/v2\/pages\/42472","targetHints":{"allow":["GET"]}}],"collection":[{"href":"https:\/\/ohme-ev.com\/it\/wp-json\/wp\/v2\/pages"}],"about":[{"href":"https:\/\/ohme-ev.com\/it\/wp-json\/wp\/v2\/types\/page"}],"author":[{"embeddable":true,"href":"https:\/\/ohme-ev.com\/it\/wp-json\/wp\/v2\/users\/27"}],"replies":[{"embeddable":true,"href":"https:\/\/ohme-ev.com\/it\/wp-json\/wp\/v2\/comments?post=42472"}],"version-history":[{"count":0,"href":"https:\/\/ohme-ev.com\/it\/wp-json\/wp\/v2\/pages\/42472\/revisions"}],"wp:attachment":[{"href":"https:\/\/ohme-ev.com\/it\/wp-json\/wp\/v2\/media?parent=42472"}],"wp:term":[{"taxonomy":"partner","embeddable":true,"href":"https:\/\/ohme-ev.com\/it\/wp-json\/wp\/v2\/partner?post=42472"}],"curies":[{"name":"wp","href":"https:\/\/api.w.org\/{rel}","templated":true}]}}