{"id":2240,"date":"2023-06-26T08:46:21","date_gmt":"2023-06-26T08:46:21","guid":{"rendered":"https:\/\/ohme-cs-dev.local\/?page_id=5"},"modified":"2026-01-13T10:44:46","modified_gmt":"2026-01-13T10:44:46","slug":"colonnine-elettriche-intelligenti","status":"publish","type":"page","link":"https:\/\/ohme-ev.com\/it\/","title":{"rendered":"Home"},"content":{"rendered":"\n<div class=\"fullscreen-hero gradient-enabled gradient-vertical\">\n    <!-- Desktop Media -->\n            <picture>\n            <source media=\"(orientation: portrait) and (max-width: 767px)\" srcset=\"https:\/\/ohme-ev.com\/it\/wp-content\/uploads\/sites\/18\/2025\/09\/Home-page-Mobile-2-1.webp 300w,\n            https:\/\/ohme-ev.com\/it\/wp-content\/uploads\/sites\/18\/2025\/09\/Home-page-Mobile-2-1.webp 400w,\n            https:\/\/ohme-ev.com\/it\/wp-content\/uploads\/sites\/18\/2025\/09\/Home-page-Mobile-2-1.webp 480w,\n            https:\/\/ohme-ev.com\/it\/wp-content\/uploads\/sites\/18\/2025\/09\/Home-page-Mobile-2-1.webp 600w,\n            https:\/\/ohme-ev.com\/it\/wp-content\/uploads\/sites\/18\/2025\/09\/Home-page-Mobile-2-1.webp 720w,\n            \" sizes=\"(max-width: 399px) 100vw, calc(100vw - 40px)\" \/>\n            <source media=\"(orientation: landscape) and (min-width: 768px)\" srcset=\"https:\/\/ohme-ev.com\/it\/wp-content\/uploads\/sites\/18\/2025\/09\/Homepage-Desktop-3.webp 740w,\n            https:\/\/ohme-ev.com\/it\/wp-content\/uploads\/sites\/18\/2025\/09\/Homepage-Desktop-3.webp 1024w,\n            https:\/\/ohme-ev.com\/it\/wp-content\/uploads\/sites\/18\/2025\/09\/Homepage-Desktop-3.webp 1240w,\n            https:\/\/ohme-ev.com\/it\/wp-content\/uploads\/sites\/18\/2025\/09\/Homepage-Desktop-3.webp 1590w,\n            https:\/\/ohme-ev.com\/it\/wp-content\/uploads\/sites\/18\/2025\/09\/Homepage-Desktop-3.webp 1680w,\n            https:\/\/ohme-ev.com\/it\/wp-content\/uploads\/sites\/18\/2025\/09\/Homepage-Desktop-3.webp 1880w,\n            https:\/\/ohme-ev.com\/it\/wp-content\/uploads\/sites\/18\/2025\/09\/Homepage-Desktop-3.webp 2000w,\n            https:\/\/ohme-ev.com\/it\/wp-content\/uploads\/sites\/18\/2025\/09\/Homepage-Desktop-3.webp 3000w\n            \" sizes=\"calc(100vw - 40px)\" \/>\n            <img decoding=\"async\" class=\"responsive-image\" src=\"https:\/\/ohme-ev.com\/it\/wp-content\/uploads\/sites\/18\/2025\/09\/Homepage-Desktop-3.webp\" alt=\"\"\/>\n        <\/picture>\n    \n\n    \n    <div class=\"content-container\">\n        <div class=\"wrapper threeColumnWrapper\">\n                            <h1>\u00c8 ora di ricaricare in modo intelligente<\/h1>\n            \n            <p class=\"hero-subtitle\">Sblocca la ricarica intelligente, sostenibile ed economica dei veicoli elettrici a casa. Tutto in una volta.<\/p>\n\n            \n            <a href=\"https:\/\/ohme-ev.com\/it\/colonnine-ricarica-auto-casa\/\" target=\"_self\" >\n            <button class=\"ohme-btn primary button\" title=\"\">Scopri i nostri prodotti<\/button>\n        <\/a>\n    \n            \n            \n                    <\/div>\n    <\/div>\n\n    <!-- Scroll Animation -->\n                    <div class=\"scroll-animation-container\" style=\"width:60px; height:60px;\">\n            <lottie-player\n                    src=\"https:\/\/ohme-ev.com\/it\/wp-content\/uploads\/sites\/18\/2025\/09\/Ohme_ScrollAnimation2-1.json\"\n                    background=\"rgba(255,255,255,0)\"\n                    speed=\"1\"\n                    style=\"width: 60px; height: 60px;\"\n                loop                autoplay            ><\/lottie-player>\n        <\/div>\n    <\/div>\n\n<div id=\"\" class=\"blockWrapper top-smaller bottom-default   \">\n\n    <div class=\"\">\n\n        <div class=\"threeColumnWrapper \">\n            <h2 class=\"title\">Perch\u00e9 caricare l&#8217;auto elettrica con la colonnina Ohme?<\/h2>\n            <p class=\"subtitle regular \" style=\"\">Oltre la tecnologia intelligente: ottieni di pi\u00f9 dalla tua auto elettrica grazie alla nostra tecnologia di ricarica intelligente, facile da usare e proiettata al futuro.<\/p>\n            <div class=\"columnsContainer\">\n                                        <div class=\"column\">\n                            <div class=\"imageContainer \">\n                                                                    <img loading=\"lazy\" decoding=\"async\" width=\"334\" height=\"242\" src=\"https:\/\/ohme-ev.com\/it\/wp-content\/uploads\/sites\/18\/2024\/02\/3-image-module_ePod-S-close-LBG_FR-334x242.webp\" class=\"attachment-column_hero size-column_hero\" alt=\"\" srcset=\"https:\/\/ohme-ev.com\/it\/wp-content\/uploads\/sites\/18\/2024\/02\/3-image-module_ePod-S-close-LBG_FR-334x242.webp 334w, https:\/\/ohme-ev.com\/it\/wp-content\/uploads\/sites\/18\/2024\/02\/3-image-module_ePod-S-close-LBG_FR-300x217.webp 300w, https:\/\/ohme-ev.com\/it\/wp-content\/uploads\/sites\/18\/2024\/02\/3-image-module_ePod-S-close-LBG_FR-254x184.webp 254w, https:\/\/ohme-ev.com\/it\/wp-content\/uploads\/sites\/18\/2024\/02\/3-image-module_ePod-S-close-LBG_FR.webp 680w\" sizes=\"auto, (max-width: 334px) 100vw, 334px\" \/>\n                                                            <\/div>\n\n                            <div>\n                                <p class=\"label\"><\/p>\n                                <p class=\"subtitleColumn\">Tecnologia unica<\/p>\n                                <div class=\"body\"><p>I nostri caricabatterie offrono un maggiore controllo per ottenere il massimo dal veicolo elettrico; inoltre, sono facili da configurare per ricaricarli nelle fasce orarie pi\u00f9 economiche disponibili. \u00c8 semplice: l&#8217;auto sar\u00e0 sempre carica ogni volta che ne avrai bisogno.<\/p>\n<\/div>\n                            <\/div>\n                        <\/div>\n                                                <div class=\"column\">\n                            <div class=\"imageContainer \">\n                                                                    <img loading=\"lazy\" decoding=\"async\" width=\"334\" height=\"242\" src=\"https:\/\/ohme-ev.com\/it\/wp-content\/uploads\/sites\/18\/2024\/12\/3-Image-Module-Life-at-Ohme-334x242.webp\" class=\"attachment-column_hero size-column_hero\" alt=\"\" srcset=\"https:\/\/ohme-ev.com\/it\/wp-content\/uploads\/sites\/18\/2024\/12\/3-Image-Module-Life-at-Ohme-334x242.webp 334w, https:\/\/ohme-ev.com\/it\/wp-content\/uploads\/sites\/18\/2024\/12\/3-Image-Module-Life-at-Ohme-300x217.webp 300w, https:\/\/ohme-ev.com\/it\/wp-content\/uploads\/sites\/18\/2024\/12\/3-Image-Module-Life-at-Ohme-254x184.webp 254w, https:\/\/ohme-ev.com\/it\/wp-content\/uploads\/sites\/18\/2024\/12\/3-Image-Module-Life-at-Ohme.webp 680w\" sizes=\"auto, (max-width: 334px) 100vw, 334px\" \/>\n                                                            <\/div>\n\n                            <div>\n                                <p class=\"label\"><\/p>\n                                <p class=\"subtitleColumn\">Servizio impeccabile<\/p>\n                                <div class=\"body\"><p>Siamo concentrati sul cliente crediamo che il passaggio all&#8217;elettrico debba essere facile. Il nostro team di esperti \u00e8 qui per guidarti in ogni fase del percorso, aiutandoti a ottimizzare l&#8217;esperienza di ricarica.<\/p>\n<\/div>\n                            <\/div>\n                        <\/div>\n                                                <div class=\"column\">\n                            <div class=\"imageContainer \">\n                                                                    <img loading=\"lazy\" decoding=\"async\" width=\"340\" height=\"204\" src=\"https:\/\/ohme-ev.com\/it\/wp-content\/uploads\/sites\/18\/2025\/03\/IT_3-card-header_Ohme-EV-charger-app-multicar-select-car_1x-340x204.webp\" class=\"attachment-column_hero size-column_hero\" alt=\"\" srcset=\"https:\/\/ohme-ev.com\/it\/wp-content\/uploads\/sites\/18\/2025\/03\/IT_3-card-header_Ohme-EV-charger-app-multicar-select-car_1x-340x204.webp 340w, https:\/\/ohme-ev.com\/it\/wp-content\/uploads\/sites\/18\/2025\/03\/IT_3-card-header_Ohme-EV-charger-app-multicar-select-car_1x-300x180.webp 300w, https:\/\/ohme-ev.com\/it\/wp-content\/uploads\/sites\/18\/2025\/03\/IT_3-card-header_Ohme-EV-charger-app-multicar-select-car_1x-307x184.webp 307w, https:\/\/ohme-ev.com\/it\/wp-content\/uploads\/sites\/18\/2025\/03\/IT_3-card-header_Ohme-EV-charger-app-multicar-select-car_1x.webp 680w\" sizes=\"auto, (max-width: 340px) 100vw, 340px\" \/>\n                                                            <\/div>\n\n                            <div>\n                                <p class=\"label\"><\/p>\n                                <p class=\"subtitleColumn\">Scopri Multicar<\/p>\n                                <div class=\"body\"><p>Nuova funzionalit\u00e0! Con l\u2019app Ohme puoi salvare, scegliere e passare da un veicolo all\u2019altro. Perfetto per auto private o aziendali.<\/p>\n<\/div>\n                            <\/div>\n                        <\/div>\n                                    <\/div>\n                            <div class=\"buttonsContainer\">\n                    \n                    <\/div>\n                    <\/div>\n    <\/div>\n<\/div>\n\n<div id=\"\" class=\"blockWrapper top-default bottom-default   \">\n\n<div class=\"text-image-right bg-white\">\n    <div class=\"inner\">\n        <div class=\"text-content\">\n                        <h3 class=\"title\">Scopri i nostri caricabatterie<\/h3>\n            <h4 class=\"subtitle\">La ricarica domestica \u00e8 diventata semplicissima. Proprio come dovrebbe essere.<\/h4>            <div class=\"text\"><ul>\n<li>Compatibile con tutti i veicoli elettrici disponibili<\/li>\n<li>Design discreto e compatto<\/li>\n<li>Controllo delle sessioni di ricarica tramite l&#8217;app Ohme per smartphone<\/li>\n<li>Opzioni di connettivit\u00e0: 4G, Wi-Fi o Bluetooth (a seconda della disponibilit\u00e0 e del modello)<\/li>\n<\/ul>\n<\/div>\n                                                <div class=\"buttons\">\n                                    \n            <a href=\"https:\/\/survey.ohme-ev.com\/survey\/direct?partnerId=849b82ed-3059-49fc-bbea-a39aef561b64&#038;journeyId=86e92b39-dcb9-4937-98e7-8e5623aa5dc9&#038;region=it\" target=\"_blank\" rel=\"noopener\">\n            <button class=\"ohme-btn survey primary button\" title=\"\">Ottieni un preventivo<\/button>\n        <\/a>\n\n                                <\/div>\n                                <\/div>\n        <div class=\"media-content\">\n                        <img decoding=\"async\" loading=\"lazy\" src=\"https:\/\/ohme-ev.com\/it\/wp-content\/uploads\/sites\/18\/2024\/02\/50x50_EPS-HP-products-dark-background_master.webp\" alt=\"Colonnine elettriche intelligenti Ohme: Ohme ePod s e Ohme Home Pro\" \/>\n                    <\/div>\n    <\/div>\n<\/div>\n\n<\/div>\n\n<div id=\"\" class=\"blockWrapper top-default bottom-default   \">\n\n<div class=\"info bg-darkblue\">\n    <div class=\"contentWrapper\">\n                    <h2>\n                Inizia a usare Ohme            <\/h2>\n                <div class=\"text\">\n            <p>\u00c8 semplice: condividi i dettagli con noi e ti metteremo in contatto con uno dei nostri partner di installazione.<\/p>\n        <\/div>\n                        <div class=\"buttonsWrapper\">\n                        \n            <a href=\"https:\/\/ohme-ev.com\/it\/colonnine-ricarica-auto-casa\/\" target=\"_self\" >\n            <button class=\"ohme-btn secondaryDark button\" title=\"\">Scopri i nostri prodotti<\/button>\n        <\/a>\n                        <\/div>\n            <\/div>\n<\/div>\n\n<\/div>\n\n<div id=\"\" class=\"blockWrapper top-default bottom-default   \">\n\n<div class=\"old-standalone-tiles blockWrapper\">\n    <div class=\"contentWrapper\">\n        <h2>Soluzioni aziendali<\/h2>\n                <div class=\"tiles-wrapper\">\n            <div class=\"tiles\">\n                                                            <a href=\"https:\/\/ohme-ev.com\/it\/soluzioni-di-ricarica-per-flotte\/\">\n                                        <div class=\"tile custom\">\n                        <img loading=\"lazy\" decoding=\"async\" width=\"299\" height=\"184\" src=\"https:\/\/ohme-ev.com\/it\/wp-content\/uploads\/sites\/18\/2024\/05\/card-header_man-charging-car_master-299x184.png\" class=\"attachment-tile_hero size-tile_hero\" alt=\"Gestione della flotta\" srcset=\"https:\/\/ohme-ev.com\/it\/wp-content\/uploads\/sites\/18\/2024\/05\/card-header_man-charging-car_master-299x184.png 299w, https:\/\/ohme-ev.com\/it\/wp-content\/uploads\/sites\/18\/2024\/05\/card-header_man-charging-car_master-300x184.png 300w, https:\/\/ohme-ev.com\/it\/wp-content\/uploads\/sites\/18\/2024\/05\/card-header_man-charging-car_master-340x209.png 340w, https:\/\/ohme-ev.com\/it\/wp-content\/uploads\/sites\/18\/2024\/05\/card-header_man-charging-car_master.png 680w\" sizes=\"auto, (max-width: 299px) 100vw, 299px\" \/>                        <div class=\"content\">\n                            <h3 class=\"title\">Gestione della flotta<\/h3>\n                            <p>Soluzioni di ricarica leader che offrono ai gestori di flotte il controllo totale sui veicoli elettrici, personalizzate per le esigenze aziendali e dei conducenti. <\/p>\n                                                            <div class=\"link\">Scopri di pi\u00f9<\/div>\n                                                    <\/div>\n                    <\/div>\n                                            <\/a>\n                                                                                <a href=\"https:\/\/ohme-ev.com\/it\/partner-commerciali\/\">\n                                        <div class=\"tile custom\">\n                        <img loading=\"lazy\" decoding=\"async\" width=\"307\" height=\"184\" src=\"https:\/\/ohme-ev.com\/it\/wp-content\/uploads\/sites\/18\/2023\/08\/3-image-module_plug-close_master.jpg\" class=\"attachment-tile_hero size-tile_hero\" alt=\"Partnership\" srcset=\"https:\/\/ohme-ev.com\/it\/wp-content\/uploads\/sites\/18\/2023\/08\/3-image-module_plug-close_master.jpg 680w, https:\/\/ohme-ev.com\/it\/wp-content\/uploads\/sites\/18\/2023\/08\/3-image-module_plug-close_master-300x180.jpg 300w\" sizes=\"auto, (max-width: 307px) 100vw, 307px\" \/>                        <div class=\"content\">\n                            <h3 class=\"title\">Partnership<\/h3>\n                            <p>Lavoriamo con alcuni dei brand pi\u00f9 importanti: Che siate produttori di automobili, fornitori di energia o costruttori edili, abbiamo la giusta offerta di ricarica per i vostri veicoli elettrici. <\/p>\n                                                            <div class=\"link\">Scopri di pi\u00f9<\/div>\n                                                    <\/div>\n                    <\/div>\n                                            <\/a>\n                                                                                <a href=\"https:\/\/ohme-ev.com\/it\/installatori\/\">\n                                        <div class=\"tile custom\">\n                        <img loading=\"lazy\" decoding=\"async\" width=\"326\" height=\"184\" src=\"https:\/\/ohme-ev.com\/it\/wp-content\/uploads\/sites\/18\/2023\/08\/Support_wires-close-up-header_UK-798x450.jpg\" class=\"attachment-tile_hero size-tile_hero\" alt=\"Installatori\" srcset=\"https:\/\/ohme-ev.com\/it\/wp-content\/uploads\/sites\/18\/2023\/08\/Support_wires-close-up-header_UK-798x450.jpg 798w, https:\/\/ohme-ev.com\/it\/wp-content\/uploads\/sites\/18\/2023\/08\/Support_wires-close-up-header_UK-300x169.jpg 300w, https:\/\/ohme-ev.com\/it\/wp-content\/uploads\/sites\/18\/2023\/08\/Support_wires-close-up-header_UK-1024x578.jpg 1024w, https:\/\/ohme-ev.com\/it\/wp-content\/uploads\/sites\/18\/2023\/08\/Support_wires-close-up-header_UK-768x433.jpg 768w, https:\/\/ohme-ev.com\/it\/wp-content\/uploads\/sites\/18\/2023\/08\/Support_wires-close-up-header_UK-1536x867.jpg 1536w, https:\/\/ohme-ev.com\/it\/wp-content\/uploads\/sites\/18\/2023\/08\/Support_wires-close-up-header_UK.jpg 1868w\" sizes=\"auto, (max-width: 326px) 100vw, 326px\" \/>                        <div class=\"content\">\n                            <h3 class=\"title\">Installatori<\/h3>\n                            <p>Sei pronto a far parte della rivoluzione elettrica? Stiamo cercando i migliori installatori, che si uniscano a noi e che contribuiscano alla transizione vero la mobilit\u00e0 elettrica in tutto il mondo.<\/p>\n                                                            <div class=\"link\">Scopri di pi\u00f9<\/div>\n                                                    <\/div>\n                    <\/div>\n                                            <\/a>\n                                                    <div class=\"backdrop  \"><\/div>\n            <\/div>\n            \n        <\/div>\n    <\/div>\n<\/div>\n\n<\/div>","protected":false},"excerpt":{"rendered":"","protected":false},"author":1,"featured_media":2177,"parent":0,"menu_order":0,"comment_status":"closed","ping_status":"closed","template":"","meta":{"_acf_changed":true,"_helpful_status":1,"footnotes":""},"partner":[],"class_list":["post-2240","page","type-page","status-publish","has-post-thumbnail","hentry"],"acf":[],"yoast_head":"<!-- This site is optimized with the Yoast SEO Premium plugin v27.3 (Yoast SEO v27.3) - https:\/\/yoast.com\/product\/yoast-seo-premium-wordpress\/ -->\n<title>Colonnine Ricarica Auto - Ohme Italia<\/title>\n<meta name=\"description\" content=\"Scopri le colonnine ricarica auto Ohme. Ricarica veloce, efficiente ed economica per il tuo veicolo elettrico.\" \/>\n<meta name=\"robots\" content=\"index, follow, max-snippet:-1, max-image-preview:large, max-video-preview:-1\" \/>\n<link rel=\"canonical\" href=\"https:\/\/ohme-ev.com\/it\/\" \/>\n<meta property=\"og:locale\" content=\"it_IT\" \/>\n<meta property=\"og:type\" content=\"article\" \/>\n<meta property=\"og:title\" content=\"Home\" \/>\n<meta property=\"og:description\" content=\"Scopri le colonnine ricarica auto Ohme. Ricarica veloce, efficiente ed economica per il tuo veicolo elettrico.\" \/>\n<meta property=\"og:url\" content=\"https:\/\/ohme-ev.com\/it\/\" \/>\n<meta property=\"og:site_name\" content=\"Ohme EV Italia\" \/>\n<meta property=\"article:publisher\" content=\"https:\/\/www.facebook.com\/OhmeEV\/\" \/>\n<meta property=\"article:modified_time\" content=\"2026-01-13T10:44:46+00:00\" \/>\n<meta property=\"og:image\" content=\"https:\/\/ohme-ev.com\/it\/wp-content\/uploads\/sites\/18\/2023\/09\/Header_HomePro-desktop_master-scaled.jpg\" \/>\n\t<meta property=\"og:image:width\" content=\"2560\" \/>\n\t<meta property=\"og:image:height\" content=\"1582\" \/>\n\t<meta property=\"og:image:type\" content=\"image\/jpeg\" \/>\n<meta name=\"twitter:card\" content=\"summary_large_image\" \/>\n<meta name=\"twitter:site\" content=\"@ohmeev\" \/>\n<meta name=\"twitter:label1\" content=\"Est. reading time\" \/>\n\t<meta name=\"twitter:data1\" content=\"1 minute\" \/>\n<script type=\"application\/ld+json\" class=\"yoast-schema-graph\">{\"@context\":\"https:\\\/\\\/schema.org\",\"@graph\":[{\"@type\":\"WebPage\",\"@id\":\"https:\\\/\\\/ohme-ev.com\\\/it\\\/\",\"url\":\"https:\\\/\\\/ohme-ev.com\\\/it\\\/\",\"name\":\"Colonnine Ricarica Auto - Ohme Italia\",\"isPartOf\":{\"@id\":\"https:\\\/\\\/ohme-ev.com\\\/it\\\/#website\"},\"primaryImageOfPage\":{\"@id\":\"https:\\\/\\\/ohme-ev.com\\\/it\\\/#primaryimage\"},\"image\":{\"@id\":\"https:\\\/\\\/ohme-ev.com\\\/it\\\/#primaryimage\"},\"thumbnailUrl\":\"https:\\\/\\\/ohme-ev.com\\\/it\\\/wp-content\\\/uploads\\\/sites\\\/18\\\/2023\\\/09\\\/Header_HomePro-desktop_master-scaled.jpg\",\"datePublished\":\"2023-06-26T08:46:21+00:00\",\"dateModified\":\"2026-01-13T10:44:46+00:00\",\"description\":\"Scopri le colonnine ricarica auto Ohme. Ricarica veloce, efficiente ed economica per il tuo veicolo elettrico.\",\"breadcrumb\":{\"@id\":\"https:\\\/\\\/ohme-ev.com\\\/it\\\/#breadcrumb\"},\"inLanguage\":\"it-it\",\"potentialAction\":[{\"@type\":\"ReadAction\",\"target\":[\"https:\\\/\\\/ohme-ev.com\\\/it\\\/\"]}]},{\"@type\":\"ImageObject\",\"inLanguage\":\"it-it\",\"@id\":\"https:\\\/\\\/ohme-ev.com\\\/it\\\/#primaryimage\",\"url\":\"https:\\\/\\\/ohme-ev.com\\\/it\\\/wp-content\\\/uploads\\\/sites\\\/18\\\/2023\\\/09\\\/Header_HomePro-desktop_master-scaled.jpg\",\"contentUrl\":\"https:\\\/\\\/ohme-ev.com\\\/it\\\/wp-content\\\/uploads\\\/sites\\\/18\\\/2023\\\/09\\\/Header_HomePro-desktop_master-scaled.jpg\",\"width\":2560,\"height\":1582,\"caption\":\"Colonnine Elettriche Intelligenti Ohme Home Pro\"},{\"@type\":\"BreadcrumbList\",\"@id\":\"https:\\\/\\\/ohme-ev.com\\\/it\\\/#breadcrumb\",\"itemListElement\":[{\"@type\":\"ListItem\",\"position\":1,\"name\":\"Home\",\"item\":\"https:\\\/\\\/ohme-ev.com\\\/it\\\/\"},{\"@type\":\"ListItem\",\"position\":2,\"name\":\"Home\"}]},{\"@type\":\"WebSite\",\"@id\":\"https:\\\/\\\/ohme-ev.com\\\/it\\\/#website\",\"url\":\"https:\\\/\\\/ohme-ev.com\\\/it\\\/\",\"name\":\"Ohme Italia\",\"description\":\"Ohme - EV Smart Charging Solutions\",\"publisher\":{\"@id\":\"https:\\\/\\\/ohme-ev.com\\\/it\\\/#organization\"},\"potentialAction\":[{\"@type\":\"SearchAction\",\"target\":{\"@type\":\"EntryPoint\",\"urlTemplate\":\"https:\\\/\\\/ohme-ev.com\\\/it\\\/?s={search_term_string}\"},\"query-input\":{\"@type\":\"PropertyValueSpecification\",\"valueRequired\":true,\"valueName\":\"search_term_string\"}}],\"inLanguage\":\"it-it\"},{\"@type\":\"Organization\",\"@id\":\"https:\\\/\\\/ohme-ev.com\\\/it\\\/#organization\",\"name\":\"Ohme Italia\",\"url\":\"https:\\\/\\\/ohme-ev.com\\\/it\\\/\",\"logo\":{\"@type\":\"ImageObject\",\"inLanguage\":\"it-it\",\"@id\":\"https:\\\/\\\/ohme-ev.com\\\/it\\\/#\\\/schema\\\/logo\\\/image\\\/\",\"url\":\"https:\\\/\\\/ohme-ev.com\\\/it\\\/wp-content\\\/uploads\\\/sites\\\/18\\\/2024\\\/01\\\/cropped-New-favicon.png\",\"contentUrl\":\"https:\\\/\\\/ohme-ev.com\\\/it\\\/wp-content\\\/uploads\\\/sites\\\/18\\\/2024\\\/01\\\/cropped-New-favicon.png\",\"width\":512,\"height\":512,\"caption\":\"Ohme Italia\"},\"image\":{\"@id\":\"https:\\\/\\\/ohme-ev.com\\\/it\\\/#\\\/schema\\\/logo\\\/image\\\/\"},\"sameAs\":[\"https:\\\/\\\/www.facebook.com\\\/OhmeEV\\\/\",\"https:\\\/\\\/x.com\\\/ohmeev\"]}]}<\/script>\n<!-- \/ Yoast SEO Premium plugin. -->","yoast_head_json":{"title":"Colonnine Ricarica Auto - Ohme Italia","description":"Scopri le colonnine ricarica auto Ohme. Ricarica veloce, efficiente ed economica per il tuo veicolo elettrico.","robots":{"index":"index","follow":"follow","max-snippet":"max-snippet:-1","max-image-preview":"max-image-preview:large","max-video-preview":"max-video-preview:-1"},"canonical":"https:\/\/ohme-ev.com\/it\/","og_locale":"it_IT","og_type":"article","og_title":"Home","og_description":"Scopri le colonnine ricarica auto Ohme. Ricarica veloce, efficiente ed economica per il tuo veicolo elettrico.","og_url":"https:\/\/ohme-ev.com\/it\/","og_site_name":"Ohme EV Italia","article_publisher":"https:\/\/www.facebook.com\/OhmeEV\/","article_modified_time":"2026-01-13T10:44:46+00:00","og_image":[{"width":2560,"height":1582,"url":"https:\/\/ohme-ev.com\/it\/wp-content\/uploads\/sites\/18\/2023\/09\/Header_HomePro-desktop_master-scaled.jpg","type":"image\/jpeg"}],"twitter_card":"summary_large_image","twitter_site":"@ohmeev","twitter_misc":{"Est. reading time":"1 minute"},"schema":{"@context":"https:\/\/schema.org","@graph":[{"@type":"WebPage","@id":"https:\/\/ohme-ev.com\/it\/","url":"https:\/\/ohme-ev.com\/it\/","name":"Colonnine Ricarica Auto - Ohme Italia","isPartOf":{"@id":"https:\/\/ohme-ev.com\/it\/#website"},"primaryImageOfPage":{"@id":"https:\/\/ohme-ev.com\/it\/#primaryimage"},"image":{"@id":"https:\/\/ohme-ev.com\/it\/#primaryimage"},"thumbnailUrl":"https:\/\/ohme-ev.com\/it\/wp-content\/uploads\/sites\/18\/2023\/09\/Header_HomePro-desktop_master-scaled.jpg","datePublished":"2023-06-26T08:46:21+00:00","dateModified":"2026-01-13T10:44:46+00:00","description":"Scopri le colonnine ricarica auto Ohme. Ricarica veloce, efficiente ed economica per il tuo veicolo elettrico.","breadcrumb":{"@id":"https:\/\/ohme-ev.com\/it\/#breadcrumb"},"inLanguage":"it-it","potentialAction":[{"@type":"ReadAction","target":["https:\/\/ohme-ev.com\/it\/"]}]},{"@type":"ImageObject","inLanguage":"it-it","@id":"https:\/\/ohme-ev.com\/it\/#primaryimage","url":"https:\/\/ohme-ev.com\/it\/wp-content\/uploads\/sites\/18\/2023\/09\/Header_HomePro-desktop_master-scaled.jpg","contentUrl":"https:\/\/ohme-ev.com\/it\/wp-content\/uploads\/sites\/18\/2023\/09\/Header_HomePro-desktop_master-scaled.jpg","width":2560,"height":1582,"caption":"Colonnine Elettriche Intelligenti Ohme Home Pro"},{"@type":"BreadcrumbList","@id":"https:\/\/ohme-ev.com\/it\/#breadcrumb","itemListElement":[{"@type":"ListItem","position":1,"name":"Home","item":"https:\/\/ohme-ev.com\/it\/"},{"@type":"ListItem","position":2,"name":"Home"}]},{"@type":"WebSite","@id":"https:\/\/ohme-ev.com\/it\/#website","url":"https:\/\/ohme-ev.com\/it\/","name":"Ohme Italia","description":"Ohme - EV Smart Charging Solutions","publisher":{"@id":"https:\/\/ohme-ev.com\/it\/#organization"},"potentialAction":[{"@type":"SearchAction","target":{"@type":"EntryPoint","urlTemplate":"https:\/\/ohme-ev.com\/it\/?s={search_term_string}"},"query-input":{"@type":"PropertyValueSpecification","valueRequired":true,"valueName":"search_term_string"}}],"inLanguage":"it-it"},{"@type":"Organization","@id":"https:\/\/ohme-ev.com\/it\/#organization","name":"Ohme Italia","url":"https:\/\/ohme-ev.com\/it\/","logo":{"@type":"ImageObject","inLanguage":"it-it","@id":"https:\/\/ohme-ev.com\/it\/#\/schema\/logo\/image\/","url":"https:\/\/ohme-ev.com\/it\/wp-content\/uploads\/sites\/18\/2024\/01\/cropped-New-favicon.png","contentUrl":"https:\/\/ohme-ev.com\/it\/wp-content\/uploads\/sites\/18\/2024\/01\/cropped-New-favicon.png","width":512,"height":512,"caption":"Ohme Italia"},"image":{"@id":"https:\/\/ohme-ev.com\/it\/#\/schema\/logo\/image\/"},"sameAs":["https:\/\/www.facebook.com\/OhmeEV\/","https:\/\/x.com\/ohmeev"]}]}},"_links":{"self":[{"href":"https:\/\/ohme-ev.com\/it\/wp-json\/wp\/v2\/pages\/2240","targetHints":{"allow":["GET"]}}],"collection":[{"href":"https:\/\/ohme-ev.com\/it\/wp-json\/wp\/v2\/pages"}],"about":[{"href":"https:\/\/ohme-ev.com\/it\/wp-json\/wp\/v2\/types\/page"}],"author":[{"embeddable":true,"href":"https:\/\/ohme-ev.com\/it\/wp-json\/wp\/v2\/users\/1"}],"replies":[{"embeddable":true,"href":"https:\/\/ohme-ev.com\/it\/wp-json\/wp\/v2\/comments?post=2240"}],"version-history":[{"count":0,"href":"https:\/\/ohme-ev.com\/it\/wp-json\/wp\/v2\/pages\/2240\/revisions"}],"wp:featuredmedia":[{"embeddable":true,"href":"https:\/\/ohme-ev.com\/it\/wp-json\/wp\/v2\/media\/2177"}],"wp:attachment":[{"href":"https:\/\/ohme-ev.com\/it\/wp-json\/wp\/v2\/media?parent=2240"}],"wp:term":[{"taxonomy":"partner","embeddable":true,"href":"https:\/\/ohme-ev.com\/it\/wp-json\/wp\/v2\/partner?post=2240"}],"curies":[{"name":"wp","href":"https:\/\/api.w.org\/{rel}","templated":true}]}}