{"id":2237,"date":"2023-06-26T12:01:28","date_gmt":"2023-06-26T12:01:28","guid":{"rendered":"https:\/\/ohme-cs-dev.local\/?page_id=42"},"modified":"2026-01-19T10:30:42","modified_gmt":"2026-01-19T10:30:42","slug":"partner-commerciali","status":"publish","type":"page","link":"https:\/\/ohme-ev.com\/it\/partner-commerciali\/","title":{"rendered":"Business partnerships"},"content":{"rendered":"<div class=\"image-text-hero with-image gradient-enabled gradient-vertical has-mobile-bg\" style=\"--bg-desktop: url(&#039;https:\/\/ohme-ev.com\/it\/wp-content\/uploads\/sites\/18\/2025\/09\/Mobility-page-Desktop1x.webp&#039;); --bg-mobile: url(&#039;https:\/\/ohme-ev.com\/it\/wp-content\/uploads\/sites\/18\/2025\/09\/Mobility-page-Mobile1x.webp&#039;);\">\n\n    <div class=\"contentWrapper imageRight mobile-image-bottom\">\n        <div class=\"content-container\">\n            <div class=\"wrapper\">\n                                    <h1>Partnership commerciali<\/h1>\n                \n                \n                                    <p><p>Alcune delle pi\u00f9 grandi aziende ci hanno affidato la fornitura di caricabatterie domestici intelligente e facili da usare per i loro clienti. Che voi siate produttori di automobili, fornitori di energia o uno sviluppatore di alloggi, abbiamo la giusta offerta di ricarica per i vostri EV. <\/p>\n<\/p>\n                \n                \n            <button\n                class=\"ohme-btn popup secondaryDark button\"\n                data-form-type=\"6\"\n                title=\"\"\n        >Informati ora<\/button>\n\n    \n                            <\/div>\n        <\/div>\n\n        <div class=\"image-container\">\n            \n                    <\/div>\n    <\/div>\n\n    <\/div>\n\n<div id=\"\" class=\"blockWrapper top-default bottom-default   \">\n\n    <div class=\"\">\n\n        <div class=\"threeColumnWrapper \">\n            <h2 class=\"title\">Perch\u00e9 collaborare con Ohme?<\/h2>\n            <p class=\"subtitle regular \" style=\"\">Oltre la tecnologia intelligente: ottieni di pi\u00f9 dalla tua auto elettrica grazie alla nostra tecnologia di ricarica intelligente, facile da usare e proiettata al futuro.<\/p>\n            <div class=\"columnsContainer\">\n                                        <div class=\"column\">\n                            <div class=\"imageContainer \">\n                                                                    <img loading=\"lazy\" decoding=\"async\" width=\"334\" height=\"242\" src=\"https:\/\/ohme-ev.com\/it\/wp-content\/uploads\/sites\/18\/2023\/07\/3-image-module_ePod-zoom_master.png\" class=\"attachment-column_hero size-column_hero\" alt=\"\" srcset=\"https:\/\/ohme-ev.com\/it\/wp-content\/uploads\/sites\/18\/2023\/07\/3-image-module_ePod-zoom_master.png 680w, https:\/\/ohme-ev.com\/it\/wp-content\/uploads\/sites\/18\/2023\/07\/3-image-module_ePod-zoom_master-300x217.png 300w, https:\/\/ohme-ev.com\/it\/wp-content\/uploads\/sites\/18\/2023\/07\/3-image-module_ePod-zoom_master-622x450.png 622w\" sizes=\"auto, (max-width: 334px) 100vw, 334px\" \/>\n                                                            <\/div>\n\n                            <div>\n                                <p class=\"label\"><\/p>\n                                <p class=\"subtitleColumn\">Tecnologia unica<\/p>\n                                <div class=\"body\"><p>I nostri caricabatterie offrono ai conducenti maggior controllo, per ottenere il massimo dalle auto elettriche e consentire loro di ricaricarsi nelle fasce orarie pi\u00f9 economiche disponibili. \u00c8 semplice: la loro auto sar\u00e0 sempre carica, sar\u00e0 pronta ogni in qualsiasi momento tu ne abbia bisogno.<\/p>\n<\/div>\n                            <\/div>\n                        <\/div>\n                                                <div class=\"column\">\n                            <div class=\"imageContainer \">\n                                                                    <img loading=\"lazy\" decoding=\"async\" width=\"340\" height=\"204\" src=\"https:\/\/ohme-ev.com\/it\/wp-content\/uploads\/sites\/18\/2026\/01\/ePod-S-Lifestyle-340x204.webp\" class=\"attachment-column_hero size-column_hero\" alt=\"Ohme ePod S lifestyle\" srcset=\"https:\/\/ohme-ev.com\/it\/wp-content\/uploads\/sites\/18\/2026\/01\/ePod-S-Lifestyle-340x204.webp 340w, https:\/\/ohme-ev.com\/it\/wp-content\/uploads\/sites\/18\/2026\/01\/ePod-S-Lifestyle-300x180.webp 300w, https:\/\/ohme-ev.com\/it\/wp-content\/uploads\/sites\/18\/2026\/01\/ePod-S-Lifestyle-307x184.webp 307w, https:\/\/ohme-ev.com\/it\/wp-content\/uploads\/sites\/18\/2026\/01\/ePod-S-Lifestyle-740x444.webp 740w, https:\/\/ohme-ev.com\/it\/wp-content\/uploads\/sites\/18\/2026\/01\/ePod-S-Lifestyle-400x240.webp 400w, https:\/\/ohme-ev.com\/it\/wp-content\/uploads\/sites\/18\/2026\/01\/ePod-S-Lifestyle-480x288.webp 480w, https:\/\/ohme-ev.com\/it\/wp-content\/uploads\/sites\/18\/2026\/01\/ePod-S-Lifestyle-600x360.webp 600w, https:\/\/ohme-ev.com\/it\/wp-content\/uploads\/sites\/18\/2026\/01\/ePod-S-Lifestyle-720x432.webp 720w, https:\/\/ohme-ev.com\/it\/wp-content\/uploads\/sites\/18\/2026\/01\/ePod-S-Lifestyle.webp 750w\" sizes=\"auto, (max-width: 340px) 100vw, 340px\" \/>\n                                                            <\/div>\n\n                            <div>\n                                <p class=\"label\"><\/p>\n                                <p class=\"subtitleColumn\">Pacchetto tutto-in-uno<\/p>\n                                <div class=\"body\"><p>Ci prendiamo cura di tutto, in modo che non dobbiate farlo voi. Includendo il processo di installazione, sia standard che personalizzato, garantiamo ai tuoi clienti una configurazione sicura e di alta qualit\u00e0 da parte di uno dei nostri partner approvati da Ohme.<\/p>\n<\/div>\n                            <\/div>\n                        <\/div>\n                                                <div class=\"column\">\n                            <div class=\"imageContainer \">\n                                                                    <img loading=\"lazy\" decoding=\"async\" width=\"334\" height=\"242\" src=\"https:\/\/ohme-ev.com\/it\/wp-content\/uploads\/sites\/18\/2024\/12\/3-Image-Module-Life-at-Ohme-334x242.webp\" class=\"attachment-column_hero size-column_hero\" alt=\"\" srcset=\"https:\/\/ohme-ev.com\/it\/wp-content\/uploads\/sites\/18\/2024\/12\/3-Image-Module-Life-at-Ohme-334x242.webp 334w, https:\/\/ohme-ev.com\/it\/wp-content\/uploads\/sites\/18\/2024\/12\/3-Image-Module-Life-at-Ohme-300x217.webp 300w, https:\/\/ohme-ev.com\/it\/wp-content\/uploads\/sites\/18\/2024\/12\/3-Image-Module-Life-at-Ohme-254x184.webp 254w, https:\/\/ohme-ev.com\/it\/wp-content\/uploads\/sites\/18\/2024\/12\/3-Image-Module-Life-at-Ohme.webp 680w\" sizes=\"auto, (max-width: 334px) 100vw, 334px\" \/>\n                                                            <\/div>\n\n                            <div>\n                                <p class=\"label\"><\/p>\n                                <p class=\"subtitleColumn\">Servizio di prima classe<\/p>\n                                <div class=\"body\"><p>Siamo concentrati sui cliente, e crediamo che il passaggio all&#8217;elettrico debba essere facile. I nostri esperti sono qui per guidare i tuoi clienti in ogni fase del percorso, aiutandoli a ottenere il massimo dalla loro esperienza di ricarica.<\/p>\n<\/div>\n                            <\/div>\n                        <\/div>\n                                    <\/div>\n                    <\/div>\n    <\/div>\n<\/div>\n\n<div id=\"\" class=\"blockWrapper top-default bottom-default   \">\n\n\n<div class=\" keyStatsBlock\">\n  <div class=\"contentWrapper stats\">\n    <h3 class=\"title\">L&#8217;abbiamo fatto nel Regno Unito<\/h3>\n    <div class=\"statsContainer\">\n                <div class=\"statWrapper\">\n            <h1 class=\"stat\">15 <\/h1>\n            <p class=\"copy\">Produttori di auto partner<\/p>\n          <\/div>\n\n                <div class=\"statWrapper\">\n            <h1 class=\"stat\">900 <\/h1>\n            <p class=\"copy\">Rivenditori automobilistici sono nostri partner<\/p>\n          <\/div>\n\n                <div class=\"statWrapper\">\n            <h1 class=\"stat\">10+ <\/h1>\n            <p class=\"copy\">Societ\u00e0 di leasing e broker<\/p>\n          <\/div>\n\n          <\/div>\n  <\/div>\n<\/div>\n<\/div>\n\n<div id=\"\" class=\"blockWrapper top-default bottom-default   \">\n\n<div class=\"text-image-right \">\n    <div class=\"inner\">\n        <div class=\"text-content\">\n                        <h3 class=\"title\">Partner di ricarica ufficiale Audi nel Regno Unito<\/h3>\n                        <div class=\"text\"><h3>Offerta di ricarica su misura per veicoli elettrici<\/h3>\n<p>Abbiamo collaborato con Audi nel Regno Unito e in Irlanda, per fornire ai loro clienti una tariffa promozionale sui caricabatterie Home Pro ed ePod S.<\/p>\n<h3>Formazione e attivazione<\/h3>\n<p>Dalle unit\u00e0 di carica display per i rivenditori alla formazione del personale e a un portale partner dedicato, abbiamo aiutato i clienti di Audi in ogni fase. Integrandosi alle migliori tariffe elettriche, Ohme potrebbe ridurre il costo di esercizio per i clienti Audi.<\/p>\n<h3>Servizio completamente supportato<\/h3>\n<p>Abbiamo collaborato con Audi per formare i loro rivenditori e il loro personale, in modo che fossero pienamente informati sui caricabatterie di Ohme e sulla partnership. La nostra soluzione completa e modulare ci ha reso pi\u00f9 facile supportare Audi, \u00a0in questo modo abbiamo soddisfatto e loro esigenze specifiche e il loro modello di vendita.<\/p>\n<\/div>\n                                                <div class=\"buttons\">\n                                    \n                                <\/div>\n                                <\/div>\n        <div class=\"media-content\">\n                        <img decoding=\"async\" loading=\"lazy\" src=\"https:\/\/ohme-ev.com\/it\/wp-content\/uploads\/sites\/18\/2023\/02\/6760_Audi_HomePro_front.jpg\" alt=\"Audi e-tron Gt Ireland Ohme Home Pro EV charger\" \/>\n                    <\/div>\n    <\/div>\n<\/div>\n\n<\/div>\n\n<div id=\"\" class=\"blockWrapper top-default bottom-default   \">\n\n\n<div class=\"contentWrapper textImageLeft  image\">\n            <div class=\"imageContainer\">\n            <img decoding=\"async\" loading=\"lazy\" src=\"https:\/\/ohme-ev.com\/it\/wp-content\/uploads\/sites\/18\/2023\/08\/Large-inset-header_solar-field_master.png\" alt=\"Solar panels in a green field\"\/>\n        <\/div>\n\n        <div class=\"textContainer\">\n        <h3 class=\"title\">Collaborazione con Octopus Energy nel Regno Unito<\/h3>\n        <h4 class=\"subtitle regular\"><\/h4>\n        <div class=\"text\"><h3>Il vostro partner per la ricarica intelligente di veicoli elettrici<\/h3>\n<p>Octopus Energy \u00e8 uno dei maggiori fornitori di energia nel Regno Unito, con una famosa gamma di tariffe nelle ore di minor consumo per i conducenti di veicoli elettrici. Octopus ha scelto Ohme come fornitore approvato di caricabatterie, per offrire ai conducenti un facile accesso a una ricarica conveniente a casa.<\/p>\n<h3>Facile integrazione delle tariffe energetiche<\/h3>\n<p>Le tariffe nelle ore di minor consumo di Octopus Energy offrono la possibilit\u00e0 di scegliere tra orari fissi o flessibili per i conducenti. La capacit\u00e0 dei caricabatterie di Ohme di integrarsi con qualsiasi tariffa energetica, consentendo ai proprietari di veicoli elettrici di risparmiare automaticamente denaro, indipendentemente dall&#8217;auto e dalla tariffa che possiedono.<\/p>\n<h3>Bilanciare l&#8217;offerta e la domanda<\/h3>\n<p>La flessibilit\u00e0 del software e della tecnologia di Ohme consente a Octopus Energy e ad altri fornitori di elettricit\u00e0 di evitare la ricarica nelle ore di punta. I caricabatterie Ohme possono fornire i tempi di ricarica pi\u00f9 intelligenti e convenienti, per soddisfare sia i clienti che i fornitori.<\/p>\n<\/div>\n        <div class=\"buttonsContainer\">\n                    <\/div>\n            <\/div>\n<\/div>\n<\/div>\n\n<div id=\"\" class=\"blockWrapper top-default bottom-default   \">\n\n\n    <div class=\"featuresWrapper\">\n        <div class=\"contentWrapper features\">\n            <h3 class=\"title\">I migliori caricabatterie su cui puoi contare<\/h3>\n            <p class=\"subtitle\"><\/p>\n            <div class=\"featuresContainer\">\n                                        <div class=\"featureWrapper\">\n                            <div class=\"iconContainer\">\n                                <img decoding=\"async\" src=\"https:\/\/ohme-ev.com\/it\/wp-content\/uploads\/sites\/18\/2023\/07\/Tick.svg\" alt=\"\"\/>\n                            <\/div>\n                            <p class=\"copy\">Installazione rapida e sicura<\/p>\n                        <\/div>\n\n                                                <div class=\"featureWrapper\">\n                            <div class=\"iconContainer\">\n                                <img decoding=\"async\" src=\"https:\/\/ohme-ev.com\/it\/wp-content\/uploads\/sites\/18\/2023\/07\/Tick.svg\" alt=\"\"\/>\n                            <\/div>\n                            <p class=\"copy\">Compatibile con tutti i veicoli elettrici disponibili <\/p>\n                        <\/div>\n\n                                                <div class=\"featureWrapper\">\n                            <div class=\"iconContainer\">\n                                <img decoding=\"async\" src=\"https:\/\/ohme-ev.com\/it\/wp-content\/uploads\/sites\/18\/2023\/07\/Tick.svg\" alt=\"\"\/>\n                            <\/div>\n                            <p class=\"copy\">Opzioni di connettivit\u00e0: 3G\/4G, Wi-Fi o Bluetooth (a seconda della disponibilit\u00e0 e del modello)<\/p>\n                        <\/div>\n\n                                                <div class=\"featureWrapper\">\n                            <div class=\"iconContainer\">\n                                <img decoding=\"async\" src=\"https:\/\/ohme-ev.com\/it\/wp-content\/uploads\/sites\/18\/2023\/07\/Tick.svg\" alt=\"\"\/>\n                            <\/div>\n                            <p class=\"copy\">Facili da configurare per una ricarica affidabile nelle fasce orarie pi\u00f9 economiche<\/p>\n                        <\/div>\n\n                                                <div class=\"featureWrapper\">\n                            <div class=\"iconContainer\">\n                                <img decoding=\"async\" src=\"https:\/\/ohme-ev.com\/it\/wp-content\/uploads\/sites\/18\/2023\/07\/Tick.svg\" alt=\"\"\/>\n                            <\/div>\n                            <p class=\"copy\">Ricarica solare (a seconda del modello)<\/p>\n                        <\/div>\n\n                                                <div class=\"featureWrapper\">\n                            <div class=\"iconContainer\">\n                                <img decoding=\"async\" src=\"https:\/\/ohme-ev.com\/it\/wp-content\/uploads\/sites\/18\/2023\/07\/Tick.svg\" alt=\"\"\/>\n                            <\/div>\n                            <p class=\"copy\">Certificazione ISO 9001, ISO 27001<\/p>\n                        <\/div>\n\n                                    <\/div>\n            \n\n        <\/div>\n    <\/div>\n<\/div>\n\n<div id=\"\" class=\"blockWrapper top-default bottom-default   \">\n\n<div class=\"info bg-darkgreen\">\n    <div class=\"contentWrapper\">\n                    <h2>\n                Diventa partner Ohme            <\/h2>\n                <div class=\"text\">\n            <p>Collaborare con Ohme semplifica il passaggio a un veicolo elettrico, sia per te che per I tuoi clienti. Contatta uno dei nostri esperti per discutere delle tue esigenze, e come la nostra tecnologia unica potrebbe essere integrata nella tua offerta di veicoli elettrici.<\/p>\n<p>Abbiamo la competenza necessaria per realizzare le tue ambizioni su larga scala.<\/p>\n        <\/div>\n                        <div class=\"buttonsWrapper\">\n                        \n            <button\n                class=\"ohme-btn popup secondaryDark button\"\n                data-form-type=\"6\"\n                title=\"\"\n        >Informati ora<\/button>\n\n                        <\/div>\n            <\/div>\n<\/div>\n\n<\/div>","protected":false},"excerpt":{"rendered":"","protected":false},"author":1,"featured_media":0,"parent":0,"menu_order":0,"comment_status":"closed","ping_status":"closed","template":"","meta":{"_acf_changed":true,"_helpful_status":1,"footnotes":""},"partner":[],"class_list":["post-2237","page","type-page","status-publish","hentry"],"acf":[],"yoast_head":"<!-- This site is optimized with the Yoast SEO Premium plugin v27.4 (Yoast SEO v27.4) - https:\/\/yoast.com\/product\/yoast-seo-premium-wordpress\/ -->\n<title>Accordi Commerciali - Caricatori Ohme per Aziende<\/title>\n<meta name=\"description\" content=\"Esplora gli accordi commerciali di Ohme per aziende. Soluzioni personalizzate di ricarica per veicoli elettrici.\" \/>\n<meta name=\"robots\" content=\"index, follow, max-snippet:-1, max-image-preview:large, max-video-preview:-1\" \/>\n<link rel=\"canonical\" href=\"https:\/\/ohme-ev.com\/it\/partner-commerciali\/\" \/>\n<meta property=\"og:locale\" content=\"it_IT\" \/>\n<meta property=\"og:type\" content=\"article\" \/>\n<meta property=\"og:title\" content=\"Business partnerships\" \/>\n<meta property=\"og:description\" content=\"Esplora gli accordi commerciali di Ohme per aziende. Soluzioni personalizzate di ricarica per veicoli elettrici.\" \/>\n<meta property=\"og:url\" content=\"https:\/\/ohme-ev.com\/it\/partner-commerciali\/\" \/>\n<meta property=\"og:site_name\" content=\"Ohme EV Italia\" \/>\n<meta property=\"article:publisher\" content=\"https:\/\/www.facebook.com\/OhmeEV\/\" \/>\n<meta property=\"article:modified_time\" content=\"2026-01-19T10:30:42+00:00\" \/>\n<meta name=\"twitter:card\" content=\"summary_large_image\" \/>\n<meta name=\"twitter:site\" content=\"@ohmeev\" \/>\n<script type=\"application\/ld+json\" class=\"yoast-schema-graph\">{\"@context\":\"https:\\\/\\\/schema.org\",\"@graph\":[{\"@type\":\"WebPage\",\"@id\":\"https:\\\/\\\/ohme-ev.com\\\/it\\\/partner-commerciali\\\/\",\"url\":\"https:\\\/\\\/ohme-ev.com\\\/it\\\/partner-commerciali\\\/\",\"name\":\"Accordi Commerciali - Caricatori Ohme per Aziende\",\"isPartOf\":{\"@id\":\"https:\\\/\\\/ohme-ev.com\\\/it\\\/#website\"},\"datePublished\":\"2023-06-26T12:01:28+00:00\",\"dateModified\":\"2026-01-19T10:30:42+00:00\",\"description\":\"Esplora gli accordi commerciali di Ohme per aziende. Soluzioni personalizzate di ricarica per veicoli elettrici.\",\"breadcrumb\":{\"@id\":\"https:\\\/\\\/ohme-ev.com\\\/it\\\/partner-commerciali\\\/#breadcrumb\"},\"inLanguage\":\"it-it\",\"potentialAction\":[{\"@type\":\"ReadAction\",\"target\":[\"https:\\\/\\\/ohme-ev.com\\\/it\\\/partner-commerciali\\\/\"]}]},{\"@type\":\"BreadcrumbList\",\"@id\":\"https:\\\/\\\/ohme-ev.com\\\/it\\\/partner-commerciali\\\/#breadcrumb\",\"itemListElement\":[{\"@type\":\"ListItem\",\"position\":1,\"name\":\"Home\",\"item\":\"https:\\\/\\\/ohme-ev.com\\\/it\\\/\"},{\"@type\":\"ListItem\",\"position\":2,\"name\":\"Business partnerships\"}]},{\"@type\":\"WebSite\",\"@id\":\"https:\\\/\\\/ohme-ev.com\\\/it\\\/#website\",\"url\":\"https:\\\/\\\/ohme-ev.com\\\/it\\\/\",\"name\":\"Ohme Italia\",\"description\":\"Ohme - EV Smart Charging Solutions\",\"publisher\":{\"@id\":\"https:\\\/\\\/ohme-ev.com\\\/it\\\/#organization\"},\"potentialAction\":[{\"@type\":\"SearchAction\",\"target\":{\"@type\":\"EntryPoint\",\"urlTemplate\":\"https:\\\/\\\/ohme-ev.com\\\/it\\\/?s={search_term_string}\"},\"query-input\":{\"@type\":\"PropertyValueSpecification\",\"valueRequired\":true,\"valueName\":\"search_term_string\"}}],\"inLanguage\":\"it-it\"},{\"@type\":\"Organization\",\"@id\":\"https:\\\/\\\/ohme-ev.com\\\/it\\\/#organization\",\"name\":\"Ohme Italia\",\"url\":\"https:\\\/\\\/ohme-ev.com\\\/it\\\/\",\"logo\":{\"@type\":\"ImageObject\",\"inLanguage\":\"it-it\",\"@id\":\"https:\\\/\\\/ohme-ev.com\\\/it\\\/#\\\/schema\\\/logo\\\/image\\\/\",\"url\":\"https:\\\/\\\/ohme-ev.com\\\/it\\\/wp-content\\\/uploads\\\/sites\\\/18\\\/2024\\\/01\\\/cropped-New-favicon.png\",\"contentUrl\":\"https:\\\/\\\/ohme-ev.com\\\/it\\\/wp-content\\\/uploads\\\/sites\\\/18\\\/2024\\\/01\\\/cropped-New-favicon.png\",\"width\":512,\"height\":512,\"caption\":\"Ohme Italia\"},\"image\":{\"@id\":\"https:\\\/\\\/ohme-ev.com\\\/it\\\/#\\\/schema\\\/logo\\\/image\\\/\"},\"sameAs\":[\"https:\\\/\\\/www.facebook.com\\\/OhmeEV\\\/\",\"https:\\\/\\\/x.com\\\/ohmeev\"]}]}<\/script>\n<!-- \/ Yoast SEO Premium plugin. -->","yoast_head_json":{"title":"Accordi Commerciali - Caricatori Ohme per Aziende","description":"Esplora gli accordi commerciali di Ohme per aziende. Soluzioni personalizzate di ricarica per veicoli elettrici.","robots":{"index":"index","follow":"follow","max-snippet":"max-snippet:-1","max-image-preview":"max-image-preview:large","max-video-preview":"max-video-preview:-1"},"canonical":"https:\/\/ohme-ev.com\/it\/partner-commerciali\/","og_locale":"it_IT","og_type":"article","og_title":"Business partnerships","og_description":"Esplora gli accordi commerciali di Ohme per aziende. Soluzioni personalizzate di ricarica per veicoli elettrici.","og_url":"https:\/\/ohme-ev.com\/it\/partner-commerciali\/","og_site_name":"Ohme EV Italia","article_publisher":"https:\/\/www.facebook.com\/OhmeEV\/","article_modified_time":"2026-01-19T10:30:42+00:00","twitter_card":"summary_large_image","twitter_site":"@ohmeev","schema":{"@context":"https:\/\/schema.org","@graph":[{"@type":"WebPage","@id":"https:\/\/ohme-ev.com\/it\/partner-commerciali\/","url":"https:\/\/ohme-ev.com\/it\/partner-commerciali\/","name":"Accordi Commerciali - Caricatori Ohme per Aziende","isPartOf":{"@id":"https:\/\/ohme-ev.com\/it\/#website"},"datePublished":"2023-06-26T12:01:28+00:00","dateModified":"2026-01-19T10:30:42+00:00","description":"Esplora gli accordi commerciali di Ohme per aziende. Soluzioni personalizzate di ricarica per veicoli elettrici.","breadcrumb":{"@id":"https:\/\/ohme-ev.com\/it\/partner-commerciali\/#breadcrumb"},"inLanguage":"it-it","potentialAction":[{"@type":"ReadAction","target":["https:\/\/ohme-ev.com\/it\/partner-commerciali\/"]}]},{"@type":"BreadcrumbList","@id":"https:\/\/ohme-ev.com\/it\/partner-commerciali\/#breadcrumb","itemListElement":[{"@type":"ListItem","position":1,"name":"Home","item":"https:\/\/ohme-ev.com\/it\/"},{"@type":"ListItem","position":2,"name":"Business partnerships"}]},{"@type":"WebSite","@id":"https:\/\/ohme-ev.com\/it\/#website","url":"https:\/\/ohme-ev.com\/it\/","name":"Ohme Italia","description":"Ohme - EV Smart Charging Solutions","publisher":{"@id":"https:\/\/ohme-ev.com\/it\/#organization"},"potentialAction":[{"@type":"SearchAction","target":{"@type":"EntryPoint","urlTemplate":"https:\/\/ohme-ev.com\/it\/?s={search_term_string}"},"query-input":{"@type":"PropertyValueSpecification","valueRequired":true,"valueName":"search_term_string"}}],"inLanguage":"it-it"},{"@type":"Organization","@id":"https:\/\/ohme-ev.com\/it\/#organization","name":"Ohme Italia","url":"https:\/\/ohme-ev.com\/it\/","logo":{"@type":"ImageObject","inLanguage":"it-it","@id":"https:\/\/ohme-ev.com\/it\/#\/schema\/logo\/image\/","url":"https:\/\/ohme-ev.com\/it\/wp-content\/uploads\/sites\/18\/2024\/01\/cropped-New-favicon.png","contentUrl":"https:\/\/ohme-ev.com\/it\/wp-content\/uploads\/sites\/18\/2024\/01\/cropped-New-favicon.png","width":512,"height":512,"caption":"Ohme Italia"},"image":{"@id":"https:\/\/ohme-ev.com\/it\/#\/schema\/logo\/image\/"},"sameAs":["https:\/\/www.facebook.com\/OhmeEV\/","https:\/\/x.com\/ohmeev"]}]}},"_links":{"self":[{"href":"https:\/\/ohme-ev.com\/it\/wp-json\/wp\/v2\/pages\/2237","targetHints":{"allow":["GET"]}}],"collection":[{"href":"https:\/\/ohme-ev.com\/it\/wp-json\/wp\/v2\/pages"}],"about":[{"href":"https:\/\/ohme-ev.com\/it\/wp-json\/wp\/v2\/types\/page"}],"author":[{"embeddable":true,"href":"https:\/\/ohme-ev.com\/it\/wp-json\/wp\/v2\/users\/1"}],"replies":[{"embeddable":true,"href":"https:\/\/ohme-ev.com\/it\/wp-json\/wp\/v2\/comments?post=2237"}],"version-history":[{"count":0,"href":"https:\/\/ohme-ev.com\/it\/wp-json\/wp\/v2\/pages\/2237\/revisions"}],"wp:attachment":[{"href":"https:\/\/ohme-ev.com\/it\/wp-json\/wp\/v2\/media?parent=2237"}],"wp:term":[{"taxonomy":"partner","embeddable":true,"href":"https:\/\/ohme-ev.com\/it\/wp-json\/wp\/v2\/partner?post=2237"}],"curies":[{"name":"wp","href":"https:\/\/api.w.org\/{rel}","templated":true}]}}