{"id":2236,"date":"2023-06-26T12:03:21","date_gmt":"2023-06-26T12:03:21","guid":{"rendered":"https:\/\/ohme-cs-dev.local\/?page_id=50"},"modified":"2026-04-15T13:51:22","modified_gmt":"2026-04-15T13:51:22","slug":"vita-in-ohme","status":"publish","type":"page","link":"https:\/\/ohme-ev.com\/it\/vita-in-ohme\/","title":{"rendered":"Life at Ohme"},"content":{"rendered":"<div class=\"image-text-hero with-colour\" style=\"background-color: #032536;\">\n\n    <div class=\"contentWrapper imageRight mobile-image-bottom\">\n        <div class=\"content-container\">\n            <div class=\"wrapper\">\n                                    <h1>Ciao, siamo Ohme<\/h1>\n                \n                \n                                    <p><p>La nostra missione \u00e8 accelerare la transizione globale verso l&#039;energia pulita fornendo una tecnologia di ricarica intelligente conveniente e facile da usare per i conducenti di tutto il mondo. <\/p>\n<\/p>\n                \n                \n            <a href=\"https:\/\/ohme-ev.com\/it\/lavori\/\" target=\"_self\" >\n            <button class=\"ohme-btn primary button\" title=\"\">Visualizza le nostre posizioni aperte<\/button>\n        <\/a>\n    \n                            <\/div>\n        <\/div>\n\n        <div class=\"image-container\">\n                            <div class=\"image-wrapper\">\n                    <img decoding=\"async\" src=\"https:\/\/ohme-ev.com\/it\/wp-content\/uploads\/sites\/18\/2023\/07\/Large-inset-header_Chizom_UK.png\" alt=\"\" \/>\n                <\/div>\n            \n                    <\/div>\n    <\/div>\n\n    <\/div>\n\n<div id=\"\" class=\"blockWrapper top-default bottom-default   \">\n\n\n<div class=\"contentWrapper textImageLeft  image\">\n            <div class=\"imageContainer\">\n            <img decoding=\"async\" loading=\"lazy\" src=\"https:\/\/ohme-ev.com\/it\/wp-content\/uploads\/sites\/18\/2023\/07\/50x50-text-image_dark-car-charging_master.png\" alt=\"\"\/>\n        <\/div>\n\n        <div class=\"textContainer\">\n        <h3 class=\"title\">Apri la strada a un futuro elettrico. Una ricarica alla volta.<\/h3>\n        <h4 class=\"subtitle regular\"><\/h4>\n        <div class=\"text\"><p>Noi di Ohme ci concentriamo sulla progettazione di caricabatterie intelligenti per la casa, che offrano ai conducenti la possibilit\u00e0 di ottenere il massimo dai loro veicoli elettrici, risparmiando loro denaro e aiutando il pianeta.<\/p>\n<p>La nostra tecnologia unica consente ai conducenti di effettuare la ricarica nelle fasce orarie pi\u00f9 economiche ed ecologiche disponibili. Stiamo portando la ricarica intelligente a un livello superiore.<\/p>\n<p>La nostra visione pu\u00f2 sembrare ambiziosa, ma \u00e8 qui che risiede il potenziale di Ohme: creare soluzioni di ricarica che facilitino la transizione all&#8217;elettricit\u00e0 in tutto il mondo. Abbiamo appena iniziato.<\/p>\n<\/div>\n        <div class=\"buttonsContainer\">\n                    <\/div>\n            <\/div>\n<\/div>\n<\/div>\n\n<div id=\"\" class=\"blockWrapper top-default bottom-default   \">\n\n<div class=\"text-image-right \">\n    <div class=\"inner\">\n        <div class=\"text-content\">\n                        <h3 class=\"title\">Entra a far parte di una delle societ\u00e0 di ricarica per veicoli elettrici pi\u00f9 innovative e in rapida crescita in Europa.<\/h3>\n                        <div class=\"text\"><p>Ohme trova le sue radici nelle persone: stiamo costruendo un team di individui stimolanti, appassionati di aprire nuovi orizzonti per creare un futuro pi\u00f9 verde.<\/p>\n<p>Se la tua passione \u00e8 quella di rivoluzionare le cose in uno dei settori tecnologici pi\u00f9 importanti e di ridurre l&#8217;impatto sul pianeta, preparati a entrare.<\/p>\n<\/div>\n                                                <div class=\"buttons\">\n                                    \n            <a href=\"https:\/\/ohme-ev.com\/it\/lavori\/\" target=\"_self\" >\n            <button class=\"ohme-btn primary button\" title=\"\">Visualizza tutte le posizioni aperte<\/button>\n        <\/a>\n                                <\/div>\n                                <\/div>\n        <div class=\"media-content\">\n                        <img decoding=\"async\" loading=\"lazy\" src=\"https:\/\/ohme-ev.com\/it\/wp-content\/uploads\/sites\/18\/2023\/07\/Mask-group.png\" alt=\"\" \/>\n                    <\/div>\n    <\/div>\n<\/div>\n\n<\/div>\n\n<div id=\"\" class=\"blockWrapper top-default bottom-default   \">\n\n<div class=\"text-image-right \">\n    <div class=\"inner\">\n        <div class=\"text-content\">\n                        <h3 class=\"title\">Conosciamo David, il nostro CEO e fondatore<\/h3>\n                        <div class=\"text\"><p>Prima di partecipare alla fondazione di Ohme, David Watson \u00e8 stato il co-fondatore di Temporis Capital. David ha visto l&#8217;opportunit\u00e0 di adattare la domanda per soddisfare l&#8217;offerta utilizzando veicoli elettrici, e ha creato Ohme con l&#8217;obiettivo di renderla la piattaforma di ricarica intelligente pi\u00f9 affidabile al mondo.<\/p>\n<p>David possedeva una Tesla e ha avuto l&#8217;idea di controllare la ricarica con un cavo intelligente, offrendo ai clienti un controllo migliore e pi\u00f9 visible. Il primo prototipo funzionante del caricabatterie domestico Ohme \u00e8 stato prodotto nel 2018 con la versione di produzione finale pronta nel 2019.<\/p>\n<\/div>\n                                                        <\/div>\n        <div class=\"media-content\">\n                        <img decoding=\"async\" loading=\"lazy\" src=\"https:\/\/ohme-ev.com\/it\/wp-content\/uploads\/sites\/18\/2023\/07\/ohme-ceo.png\" alt=\"\" \/>\n                    <\/div>\n    <\/div>\n<\/div>\n\n<\/div>\n\n<div id=\"\" class=\"blockWrapper top-default bottom-default   \">\n\n\n<div class=\"contentWrapper textImageLeft  image\">\n            <div class=\"imageContainer\">\n            <img decoding=\"async\" loading=\"lazy\" src=\"https:\/\/ohme-ev.com\/it\/wp-content\/uploads\/sites\/18\/2023\/07\/ohme-founder.png\" alt=\"\"\/>\n        <\/div>\n\n        <div class=\"textContainer\">\n        <h3 class=\"title\">Conosciamo Derry, il nostro fondatore<\/h3>\n        <h4 class=\"subtitle regular\"><\/h4>\n        <div class=\"text\"><p>Derry Guy, co-fondatore e presidente di Ohme. \u00c8 anche CEO di Temporis Group, la societ\u00e0 originaria di Ohme.<\/p>\n<p>Temporis Group \u00e8 una societ\u00e0 di investimento specializzata che genera un impatto positivo e misurabile sulla riduzione degli effetti del cambiamento climatico in linea con gli &#8220;Obiettivi di sviluppo sostenibile&#8221; delle Nazioni Unite. Ha co-fondato Temporis per accelerare la transizione all&#8217;energia verde e impegnarsi ulteriormente in questa passione, prima di co-fondare Ohme insieme a David Watson.<\/p>\n<p>In precedenza, Derry ha trascorso 30 anni come promotore finanziario, finanziatore strutturato e fondatore di attivit\u00e0 alternative di gestione patrimoniale.<\/p>\n<\/div>\n        <div class=\"buttonsContainer\">\n                    <\/div>\n            <\/div>\n<\/div>\n<\/div>\n\n<div id=\"\" class=\"blockWrapper top-default bottom-default   \">\n\n    <div class=\" keyPointsBlock\">\n        <div class=\"contentWrapper keyPoints\">\n\n                            <h3 class=\"mainTitle\">I nostri valori e le nostre convinzioni<\/h3>\n            \n            \n            <div class=\"keyPointsContainer \">\n                                                            <div class=\"keyPointWrapper\">\n\n                                                            <div class=\"mediaContainer image\">\n                                    <img decoding=\"async\" src=\"https:\/\/ohme-ev.com\/it\/wp-content\/uploads\/sites\/18\/2023\/08\/Icon_do-good_master.svg\" alt=\"\" \/>\n                                <\/div>\n\n                            \n                            <h5 class=\"subtitle\">Essere etici<\/h5>\n                            <div class=\"copy\"><p>Ci prendiamo cura delle persone e dell&#8217;ambiente.<\/p>\n<\/div>\n\n                            \n                        <\/div>\n                                            <div class=\"keyPointWrapper\">\n\n                                                            <div class=\"mediaContainer image\">\n                                    <img decoding=\"async\" src=\"https:\/\/ohme-ev.com\/it\/wp-content\/uploads\/sites\/18\/2023\/08\/Icon_customer-obsessed_master.svg\" alt=\"\" \/>\n                                <\/div>\n\n                            \n                            <h5 class=\"subtitle\">Incentrati sui clienti<\/h5>\n                            <div class=\"copy\"><p>Il cliente \u00e8 al centro di tutto ci\u00f2 che facciamo.<\/p>\n<\/div>\n\n                            \n                        <\/div>\n                                            <div class=\"keyPointWrapper\">\n\n                                                            <div class=\"mediaContainer image\">\n                                    <img decoding=\"async\" src=\"https:\/\/ohme-ev.com\/it\/wp-content\/uploads\/sites\/18\/2023\/08\/Icon_collaborative_master.svg\" alt=\"\" \/>\n                                <\/div>\n\n                            \n                            <h5 class=\"subtitle\">Collaborativi<\/h5>\n                            <div class=\"copy\"><p>Crediamo che il nostro successo si basi su solide relazioni.<\/p>\n<\/div>\n\n                            \n                        <\/div>\n                                            <div class=\"keyPointWrapper\">\n\n                                                            <div class=\"mediaContainer image\">\n                                    <img decoding=\"async\" src=\"https:\/\/ohme-ev.com\/it\/wp-content\/uploads\/sites\/18\/2023\/08\/Icon_progressive_master.svg\" alt=\"\" \/>\n                                <\/div>\n\n                            \n                            <h5 class=\"subtitle\">Innovativi, sempre<\/h5>\n                            <div class=\"copy\"><p>Innoviamo, stravolgiamo e impariamo sempre.<\/p>\n<\/div>\n\n                            \n                        <\/div>\n                                            <div class=\"keyPointWrapper\">\n\n                                                            <div class=\"mediaContainer image\">\n                                    <img decoding=\"async\" src=\"https:\/\/ohme-ev.com\/it\/wp-content\/uploads\/sites\/18\/2023\/08\/Icon_brave_master.svg\" alt=\"\" \/>\n                                <\/div>\n\n                            \n                            <h5 class=\"subtitle\">Coraggiosi<\/h5>\n                            <div class=\"copy\"><p>Proviamo cose nuove e guidiamo attraverso le possibilit\u00e0.<\/p>\n<\/div>\n\n                            \n                        <\/div>\n                                                <\/div>\n\n            <div class=\"cta-container\">\n                <div class=\"buttonsContainer\">\n                                    <\/div>\n            <\/div>\n\n        <\/div>\n    <\/div>\n\n<\/div>\n\n<div id=\"\" class=\"blockWrapper top-default bottom-default   \">\n\n    <div class=\"bgColour\">\n\n        <div class=\"threeColumnWrapper \">\n            <h2 class=\"title\">Ascolta il nostro personale <\/h2>\n            <p class=\"subtitle regular \" style=\"\">Crediamo nell&#8217;impatto del teamwork. Incontra membri chiave che guidano la nostra missione per l&#8217;energia pulita.<\/p>\n            <div class=\"columnsContainer\">\n                                        <div class=\"column\">\n                            <div class=\"imageContainer \">\n                                                                    <img loading=\"lazy\" decoding=\"async\" width=\"334\" height=\"242\" src=\"https:\/\/ohme-ev.com\/it\/wp-content\/uploads\/sites\/18\/2024\/02\/3-image-module_Roberto-Fauda-Pichet_master-334x242.jpg\" class=\"attachment-column_hero size-column_hero\" alt=\"\" srcset=\"https:\/\/ohme-ev.com\/it\/wp-content\/uploads\/sites\/18\/2024\/02\/3-image-module_Roberto-Fauda-Pichet_master-334x242.jpg 334w, https:\/\/ohme-ev.com\/it\/wp-content\/uploads\/sites\/18\/2024\/02\/3-image-module_Roberto-Fauda-Pichet_master-300x217.jpg 300w, https:\/\/ohme-ev.com\/it\/wp-content\/uploads\/sites\/18\/2024\/02\/3-image-module_Roberto-Fauda-Pichet_master-254x184.jpg 254w, https:\/\/ohme-ev.com\/it\/wp-content\/uploads\/sites\/18\/2024\/02\/3-image-module_Roberto-Fauda-Pichet_master.jpg 680w\" sizes=\"auto, (max-width: 334px) 100vw, 334px\" \/>\n                                                            <\/div>\n\n                            <div>\n                                <p class=\"label\">Ingegnere Pre-vendita<\/p>\n                                <p class=\"subtitleColumn\">Roberto Fauda Pichet<\/p>\n                                <div class=\"body\"><p>\u201cSin dal primo giorno, ho trovato un team di supporto desideroso di aiutarmi a crescere. Quello che inizialmente mi ha attirato \u00e8 stata l&#8217;ambiziosa visione dell&#8217;azienda, per la ricarica di veicoli elettrici domestici. Dopo aver vissuto l&#8217;ambiente dinamico del nostro ufficio, \u00e8 chiaro che Ohme rappresenta il futuro della ricarica EV e sono entusiasta di farne parte.\u201d<\/p>\n<\/div>\n                            <\/div>\n                        <\/div>\n                                                <div class=\"column\">\n                            <div class=\"imageContainer \">\n                                                                    <img loading=\"lazy\" decoding=\"async\" width=\"334\" height=\"242\" src=\"https:\/\/ohme-ev.com\/it\/wp-content\/uploads\/sites\/18\/2026\/04\/Giulia-G_webp-334x242.webp\" class=\"attachment-column_hero size-column_hero\" alt=\"\" srcset=\"https:\/\/ohme-ev.com\/it\/wp-content\/uploads\/sites\/18\/2026\/04\/Giulia-G_webp-334x242.webp 334w, https:\/\/ohme-ev.com\/it\/wp-content\/uploads\/sites\/18\/2026\/04\/Giulia-G_webp-300x217.webp 300w, https:\/\/ohme-ev.com\/it\/wp-content\/uploads\/sites\/18\/2026\/04\/Giulia-G_webp-254x184.webp 254w, https:\/\/ohme-ev.com\/it\/wp-content\/uploads\/sites\/18\/2026\/04\/Giulia-G_webp.webp 340w\" sizes=\"auto, (max-width: 334px) 100vw, 334px\" \/>\n                                                            <\/div>\n\n                            <div>\n                                <p class=\"label\">Supporto Tecnico<\/p>\n                                <p class=\"subtitleColumn\">Giulia Genovese<\/p>\n                                <div class=\"body\"><p>&#8220;Ohme mi \u00e8 sembrato il posto giusto fin dal primo momento. Lavorare in un&#8217;azienda che promuove la mobilit\u00e0 sostenibile \u00e8 davvero entusiasmante, soprattutto per il suo impegno nella tecnologia di ricarica intelligente e per rendere l&#8217;energia pi\u00f9 accessibile a tutti. Inoltre, il ritmo di lavoro e le opportunit\u00e0 di crescita continua lo rendono il luogo ideale per contribuire ad un impatto positivo concreto.&#8221;<\/p>\n<\/div>\n                            <\/div>\n                        <\/div>\n                                                <div class=\"column\">\n                            <div class=\"imageContainer \">\n                                                                    <img loading=\"lazy\" decoding=\"async\" width=\"334\" height=\"242\" src=\"https:\/\/ohme-ev.com\/it\/wp-content\/uploads\/sites\/18\/2024\/02\/3-image-module_Thomas-Mathieu_master-334x242.jpg\" class=\"attachment-column_hero size-column_hero\" alt=\"\" srcset=\"https:\/\/ohme-ev.com\/it\/wp-content\/uploads\/sites\/18\/2024\/02\/3-image-module_Thomas-Mathieu_master-334x242.jpg 334w, https:\/\/ohme-ev.com\/it\/wp-content\/uploads\/sites\/18\/2024\/02\/3-image-module_Thomas-Mathieu_master-300x217.jpg 300w, https:\/\/ohme-ev.com\/it\/wp-content\/uploads\/sites\/18\/2024\/02\/3-image-module_Thomas-Mathieu_master-254x184.jpg 254w, https:\/\/ohme-ev.com\/it\/wp-content\/uploads\/sites\/18\/2024\/02\/3-image-module_Thomas-Mathieu_master.jpg 680w\" sizes=\"auto, (max-width: 334px) 100vw, 334px\" \/>\n                                                            <\/div>\n\n                            <div>\n                                <p class=\"label\">Responsabile dello sviluppo aziendale<\/p>\n                                <p class=\"subtitleColumn\">Thomas Mathieu<\/p>\n                                <div class=\"body\"><p>\u201cCi\u00f2 che apprezzo di pi\u00f9 del lavoro in Ohme \u00e8 l&#8217;abbondanza di opportunit\u00e0 che mi attendono. Fin dal primo giorno, ho potuto percepire l&#8217;entusiasmo per il progresso, l&#8217;impegno per l&#8217;eccellenza e la dedizione nel fornire ai clienti la migliore esperienza di ricarica EV possibile, che mi ha davvero conquistato.\u201d<\/p>\n<\/div>\n                            <\/div>\n                        <\/div>\n                                    <\/div>\n                            <div class=\"buttonsContainer\">\n                    \n            <a href=\"https:\/\/ohme-ev.com\/it\/lavori\/\" target=\"_self\" >\n            <button class=\"ohme-btn secondaryLight button\" title=\"\">Hai voglia di continuare?<\/button>\n        <\/a>\n                    <\/div>\n                    <\/div>\n    <\/div>\n<\/div>","protected":false},"excerpt":{"rendered":"","protected":false},"author":1,"featured_media":0,"parent":0,"menu_order":0,"comment_status":"closed","ping_status":"closed","template":"","meta":{"_acf_changed":true,"_helpful_status":1,"footnotes":""},"partner":[],"class_list":["post-2236","page","type-page","status-publish","hentry"],"acf":[],"yoast_head":"<!-- This site is optimized with the Yoast SEO Premium plugin v27.4 (Yoast SEO v27.4) - https:\/\/yoast.com\/product\/yoast-seo-premium-wordpress\/ -->\n<title>Life at Ohme - Ohme EV Italia<\/title>\n<meta name=\"robots\" content=\"index, follow, max-snippet:-1, max-image-preview:large, max-video-preview:-1\" \/>\n<link rel=\"canonical\" href=\"https:\/\/ohme-ev.com\/it\/vita-in-ohme\/\" \/>\n<meta property=\"og:locale\" content=\"it_IT\" \/>\n<meta property=\"og:type\" content=\"article\" \/>\n<meta property=\"og:title\" content=\"Life at Ohme\" \/>\n<meta property=\"og:url\" content=\"https:\/\/ohme-ev.com\/it\/vita-in-ohme\/\" \/>\n<meta property=\"og:site_name\" content=\"Ohme EV Italia\" \/>\n<meta property=\"article:publisher\" content=\"https:\/\/www.facebook.com\/OhmeEV\/\" \/>\n<meta property=\"article:modified_time\" content=\"2026-04-15T13:51:22+00:00\" \/>\n<meta name=\"twitter:card\" content=\"summary_large_image\" \/>\n<meta name=\"twitter:site\" content=\"@ohmeev\" \/>\n<script type=\"application\/ld+json\" class=\"yoast-schema-graph\">{\"@context\":\"https:\\\/\\\/schema.org\",\"@graph\":[{\"@type\":\"WebPage\",\"@id\":\"https:\\\/\\\/ohme-ev.com\\\/it\\\/vita-in-ohme\\\/\",\"url\":\"https:\\\/\\\/ohme-ev.com\\\/it\\\/vita-in-ohme\\\/\",\"name\":\"Life at Ohme - Ohme EV Italia\",\"isPartOf\":{\"@id\":\"https:\\\/\\\/ohme-ev.com\\\/it\\\/#website\"},\"datePublished\":\"2023-06-26T12:03:21+00:00\",\"dateModified\":\"2026-04-15T13:51:22+00:00\",\"breadcrumb\":{\"@id\":\"https:\\\/\\\/ohme-ev.com\\\/it\\\/vita-in-ohme\\\/#breadcrumb\"},\"inLanguage\":\"it-it\",\"potentialAction\":[{\"@type\":\"ReadAction\",\"target\":[\"https:\\\/\\\/ohme-ev.com\\\/it\\\/vita-in-ohme\\\/\"]}]},{\"@type\":\"BreadcrumbList\",\"@id\":\"https:\\\/\\\/ohme-ev.com\\\/it\\\/vita-in-ohme\\\/#breadcrumb\",\"itemListElement\":[{\"@type\":\"ListItem\",\"position\":1,\"name\":\"Home\",\"item\":\"https:\\\/\\\/ohme-ev.com\\\/it\\\/\"},{\"@type\":\"ListItem\",\"position\":2,\"name\":\"Life at Ohme\"}]},{\"@type\":\"WebSite\",\"@id\":\"https:\\\/\\\/ohme-ev.com\\\/it\\\/#website\",\"url\":\"https:\\\/\\\/ohme-ev.com\\\/it\\\/\",\"name\":\"Ohme Italia\",\"description\":\"Ohme - EV Smart Charging Solutions\",\"publisher\":{\"@id\":\"https:\\\/\\\/ohme-ev.com\\\/it\\\/#organization\"},\"potentialAction\":[{\"@type\":\"SearchAction\",\"target\":{\"@type\":\"EntryPoint\",\"urlTemplate\":\"https:\\\/\\\/ohme-ev.com\\\/it\\\/?s={search_term_string}\"},\"query-input\":{\"@type\":\"PropertyValueSpecification\",\"valueRequired\":true,\"valueName\":\"search_term_string\"}}],\"inLanguage\":\"it-it\"},{\"@type\":\"Organization\",\"@id\":\"https:\\\/\\\/ohme-ev.com\\\/it\\\/#organization\",\"name\":\"Ohme Italia\",\"url\":\"https:\\\/\\\/ohme-ev.com\\\/it\\\/\",\"logo\":{\"@type\":\"ImageObject\",\"inLanguage\":\"it-it\",\"@id\":\"https:\\\/\\\/ohme-ev.com\\\/it\\\/#\\\/schema\\\/logo\\\/image\\\/\",\"url\":\"https:\\\/\\\/ohme-ev.com\\\/it\\\/wp-content\\\/uploads\\\/sites\\\/18\\\/2024\\\/01\\\/cropped-New-favicon.png\",\"contentUrl\":\"https:\\\/\\\/ohme-ev.com\\\/it\\\/wp-content\\\/uploads\\\/sites\\\/18\\\/2024\\\/01\\\/cropped-New-favicon.png\",\"width\":512,\"height\":512,\"caption\":\"Ohme Italia\"},\"image\":{\"@id\":\"https:\\\/\\\/ohme-ev.com\\\/it\\\/#\\\/schema\\\/logo\\\/image\\\/\"},\"sameAs\":[\"https:\\\/\\\/www.facebook.com\\\/OhmeEV\\\/\",\"https:\\\/\\\/x.com\\\/ohmeev\"]}]}<\/script>\n<!-- \/ Yoast SEO Premium plugin. -->","yoast_head_json":{"title":"Life at Ohme - Ohme EV Italia","robots":{"index":"index","follow":"follow","max-snippet":"max-snippet:-1","max-image-preview":"max-image-preview:large","max-video-preview":"max-video-preview:-1"},"canonical":"https:\/\/ohme-ev.com\/it\/vita-in-ohme\/","og_locale":"it_IT","og_type":"article","og_title":"Life at Ohme","og_url":"https:\/\/ohme-ev.com\/it\/vita-in-ohme\/","og_site_name":"Ohme EV Italia","article_publisher":"https:\/\/www.facebook.com\/OhmeEV\/","article_modified_time":"2026-04-15T13:51:22+00:00","twitter_card":"summary_large_image","twitter_site":"@ohmeev","schema":{"@context":"https:\/\/schema.org","@graph":[{"@type":"WebPage","@id":"https:\/\/ohme-ev.com\/it\/vita-in-ohme\/","url":"https:\/\/ohme-ev.com\/it\/vita-in-ohme\/","name":"Life at Ohme - Ohme EV Italia","isPartOf":{"@id":"https:\/\/ohme-ev.com\/it\/#website"},"datePublished":"2023-06-26T12:03:21+00:00","dateModified":"2026-04-15T13:51:22+00:00","breadcrumb":{"@id":"https:\/\/ohme-ev.com\/it\/vita-in-ohme\/#breadcrumb"},"inLanguage":"it-it","potentialAction":[{"@type":"ReadAction","target":["https:\/\/ohme-ev.com\/it\/vita-in-ohme\/"]}]},{"@type":"BreadcrumbList","@id":"https:\/\/ohme-ev.com\/it\/vita-in-ohme\/#breadcrumb","itemListElement":[{"@type":"ListItem","position":1,"name":"Home","item":"https:\/\/ohme-ev.com\/it\/"},{"@type":"ListItem","position":2,"name":"Life at Ohme"}]},{"@type":"WebSite","@id":"https:\/\/ohme-ev.com\/it\/#website","url":"https:\/\/ohme-ev.com\/it\/","name":"Ohme Italia","description":"Ohme - EV Smart Charging Solutions","publisher":{"@id":"https:\/\/ohme-ev.com\/it\/#organization"},"potentialAction":[{"@type":"SearchAction","target":{"@type":"EntryPoint","urlTemplate":"https:\/\/ohme-ev.com\/it\/?s={search_term_string}"},"query-input":{"@type":"PropertyValueSpecification","valueRequired":true,"valueName":"search_term_string"}}],"inLanguage":"it-it"},{"@type":"Organization","@id":"https:\/\/ohme-ev.com\/it\/#organization","name":"Ohme Italia","url":"https:\/\/ohme-ev.com\/it\/","logo":{"@type":"ImageObject","inLanguage":"it-it","@id":"https:\/\/ohme-ev.com\/it\/#\/schema\/logo\/image\/","url":"https:\/\/ohme-ev.com\/it\/wp-content\/uploads\/sites\/18\/2024\/01\/cropped-New-favicon.png","contentUrl":"https:\/\/ohme-ev.com\/it\/wp-content\/uploads\/sites\/18\/2024\/01\/cropped-New-favicon.png","width":512,"height":512,"caption":"Ohme Italia"},"image":{"@id":"https:\/\/ohme-ev.com\/it\/#\/schema\/logo\/image\/"},"sameAs":["https:\/\/www.facebook.com\/OhmeEV\/","https:\/\/x.com\/ohmeev"]}]}},"_links":{"self":[{"href":"https:\/\/ohme-ev.com\/it\/wp-json\/wp\/v2\/pages\/2236","targetHints":{"allow":["GET"]}}],"collection":[{"href":"https:\/\/ohme-ev.com\/it\/wp-json\/wp\/v2\/pages"}],"about":[{"href":"https:\/\/ohme-ev.com\/it\/wp-json\/wp\/v2\/types\/page"}],"author":[{"embeddable":true,"href":"https:\/\/ohme-ev.com\/it\/wp-json\/wp\/v2\/users\/1"}],"replies":[{"embeddable":true,"href":"https:\/\/ohme-ev.com\/it\/wp-json\/wp\/v2\/comments?post=2236"}],"version-history":[{"count":0,"href":"https:\/\/ohme-ev.com\/it\/wp-json\/wp\/v2\/pages\/2236\/revisions"}],"wp:attachment":[{"href":"https:\/\/ohme-ev.com\/it\/wp-json\/wp\/v2\/media?parent=2236"}],"wp:term":[{"taxonomy":"partner","embeddable":true,"href":"https:\/\/ohme-ev.com\/it\/wp-json\/wp\/v2\/partner?post=2236"}],"curies":[{"name":"wp","href":"https:\/\/api.w.org\/{rel}","templated":true}]}}