{"id":2797,"date":"2023-09-11T16:52:22","date_gmt":"2023-09-11T16:52:22","guid":{"rendered":"https:\/\/ohme-ev.com\/be\/?post_type=product&#038;p=2147"},"modified":"2025-12-19T13:37:27","modified_gmt":"2025-12-19T13:37:27","slug":"ohme-go","status":"publish","type":"product","link":"https:\/\/ohme-ev.com\/fr\/produit\/ohme-go\/","title":{"rendered":"Ohme Go"},"content":{"rendered":"<div class=\"product-hero bg-darkblue\">\n    <div class=\"contentWrapper\">\n        <div class=\"image-container\">\n                            <div class=\"image-wrapper\">\n                    <img decoding=\"async\" src=\"https:\/\/ohme-ev.com\/fr\/wp-content\/uploads\/sites\/9\/2024\/02\/ohme-go-in-use-master.webp\" alt=\"https:\/\/ohme-ev.com\/fr\/wp-content\/uploads\/sites\/9\/2024\/02\/ohme-go-in-use-master.webp\" \/>\n                <\/div>\n                                            <\/div>\n        <div class=\"content-container\">\n            <div class=\"wrapper\">\n                <h1 class=\"title\">D\u00e9couvrez l\u2019Ohme Go<\/h1>\n                                    <h5 class=\"subtitle\">Les fonctionnalit\u00e9s d&#8217;une borne, l&#8217;installation en moins<\/h5>\n                                                \n            <button\n                class=\"ohme-btn popup primary button\"\n                data-form-type=\"8\"\n                title=\"\"\n        >Demander un devis<\/button>\n\n                                        <p><p>Le c\u00e2ble de recharge intelligent Ohme Go est compatible avec tous les v\u00e9hicules \u00e9lectriques pour une recharge \u00e0 la maison, au travail ou en d\u00e9placement.<\/p>\n<\/p>\n                                            <\/div>\n        <\/div>\n    <\/div>\n<\/div>\n\n<div id=\"\" class=\"blockWrapper top-default bottom-default   \">\n\n    <div class=\"bgColour\">\n\n        <div class=\"threeColumnWrapper \">\n            <h2 class=\"title\">Le c\u00e2ble de recharge intelligent<\/h2>\n            <p class=\"subtitle regular \" style=\"\">Le compromis pens\u00e9 sp\u00e9cialement pour les hybrides rechargeables<\/p>\n            <div class=\"columnsContainer\">\n                                        <div class=\"column\">\n                            <div class=\"imageContainer \">\n                                                                    <img loading=\"lazy\" decoding=\"async\" width=\"214\" height=\"242\" src=\"https:\/\/ohme-ev.com\/fr\/wp-content\/uploads\/sites\/9\/2024\/02\/50-text-image_Man-holding-charger-cable_Master_560x634-214x242.webp\" class=\"attachment-column_hero size-column_hero\" alt=\"\" srcset=\"https:\/\/ohme-ev.com\/fr\/wp-content\/uploads\/sites\/9\/2024\/02\/50-text-image_Man-holding-charger-cable_Master_560x634-214x242.webp 214w, https:\/\/ohme-ev.com\/fr\/wp-content\/uploads\/sites\/9\/2024\/02\/50-text-image_Man-holding-charger-cable_Master_560x634-265x300.webp 265w, https:\/\/ohme-ev.com\/fr\/wp-content\/uploads\/sites\/9\/2024\/02\/50-text-image_Man-holding-charger-cable_Master_560x634-163x184.webp 163w, https:\/\/ohme-ev.com\/fr\/wp-content\/uploads\/sites\/9\/2024\/02\/50-text-image_Man-holding-charger-cable_Master_560x634.webp 560w\" sizes=\"auto, (max-width: 214px) 100vw, 214px\" \/>\n                                                            <\/div>\n\n                            <div>\n                                <p class=\"label\"><\/p>\n                                <p class=\"subtitleColumn\">Aucune installation n\u00e9cessaire<\/p>\n                                <div class=\"body\"><p>Le c\u00e2ble dispose d&#8217;une prise Schuko qui le rend imm\u00e9diatement utilisable. Une prise simple ou renforc\u00e9e suffit !<\/p>\n<\/div>\n                            <\/div>\n                        <\/div>\n                                                <div class=\"column\">\n                            <div class=\"imageContainer \">\n                                                                    <img loading=\"lazy\" decoding=\"async\" width=\"234\" height=\"242\" src=\"https:\/\/ohme-ev.com\/fr\/wp-content\/uploads\/sites\/9\/2023\/09\/ohme-go-light-angle-234x242.webp\" class=\"attachment-column_hero size-column_hero\" alt=\"\" srcset=\"https:\/\/ohme-ev.com\/fr\/wp-content\/uploads\/sites\/9\/2023\/09\/ohme-go-light-angle-234x242.webp 234w, https:\/\/ohme-ev.com\/fr\/wp-content\/uploads\/sites\/9\/2023\/09\/ohme-go-light-angle-289x300.webp 289w, https:\/\/ohme-ev.com\/fr\/wp-content\/uploads\/sites\/9\/2023\/09\/ohme-go-light-angle-988x1024.webp 988w, https:\/\/ohme-ev.com\/fr\/wp-content\/uploads\/sites\/9\/2023\/09\/ohme-go-light-angle-768x796.webp 768w, https:\/\/ohme-ev.com\/fr\/wp-content\/uploads\/sites\/9\/2023\/09\/ohme-go-light-angle-178x184.webp 178w, https:\/\/ohme-ev.com\/fr\/wp-content\/uploads\/sites\/9\/2023\/09\/ohme-go-light-angle.webp 1154w\" sizes=\"auto, (max-width: 234px) 100vw, 234px\" \/>\n                                                            <\/div>\n\n                            <div>\n                                <p class=\"label\"><\/p>\n                                <p class=\"subtitleColumn\">Ecran LCD sur le c\u00e2ble<\/p>\n                                <div class=\"body\"><p>L&#8217;\u00e9cran int\u00e9gr\u00e9e vous permet de v\u00e9rifier les informations de charge n\u00e9cessaires.<\/p>\n<\/div>\n                            <\/div>\n                        <\/div>\n                                                <div class=\"column\">\n                            <div class=\"imageContainer \">\n                                                                    <img loading=\"lazy\" decoding=\"async\" width=\"214\" height=\"242\" src=\"https:\/\/ohme-ev.com\/fr\/wp-content\/uploads\/sites\/9\/2024\/05\/50-text-image_smart-charge-app-screen_FR-214x242.png\" class=\"attachment-column_hero size-column_hero\" alt=\"\" srcset=\"https:\/\/ohme-ev.com\/fr\/wp-content\/uploads\/sites\/9\/2024\/05\/50-text-image_smart-charge-app-screen_FR-214x242.png 214w, https:\/\/ohme-ev.com\/fr\/wp-content\/uploads\/sites\/9\/2024\/05\/50-text-image_smart-charge-app-screen_FR-265x300.png 265w, https:\/\/ohme-ev.com\/fr\/wp-content\/uploads\/sites\/9\/2024\/05\/50-text-image_smart-charge-app-screen_FR-163x184.png 163w, https:\/\/ohme-ev.com\/fr\/wp-content\/uploads\/sites\/9\/2024\/05\/50-text-image_smart-charge-app-screen_FR.png 577w\" sizes=\"auto, (max-width: 214px) 100vw, 214px\" \/>\n                                                            <\/div>\n\n                            <div>\n                                <p class=\"label\"><\/p>\n                                <p class=\"subtitleColumn\">Pilotable depuis notre application d\u00e9di\u00e9e<\/p>\n                                <div class=\"body\"><p>L&#8217;appli smartphone est simple \u00e0 t\u00e9l\u00e9charger et donne acc\u00e8s pour vos utilisateurs au pilotage et au suivi de la recharge.<\/p>\n<\/div>\n                            <\/div>\n                        <\/div>\n                                    <\/div>\n                    <\/div>\n    <\/div>\n<\/div>\n\n<div id=\"\" class=\"blockWrapper top-default bottom-default   \">\n\n<div class=\"text-image-right \">\n    <div class=\"inner\">\n        <div class=\"text-content\">\n                        <h3 class=\"title\">Application smartphone pour encore plus de contr\u00f4le<\/h3>\n                        <div class=\"text\"><h3>Programmez vos recharges<\/h3>\n<p>Optimisez le co\u00fbt de vos recharges en configurant un calendrier personnalis\u00e9 dans l\u2019application Ohme, en fonction de vos pr\u00e9f\u00e9rences d\u2019horaires et de tarifs.<\/p>\n<h3>Ajoutez votre tarif d\u2019\u00e9lectricit\u00e9<\/h3>\n<p>Configurez votre tarif d\u2019\u00e9lectricit\u00e9 manuellement afin de privil\u00e9gier l\u2019\u00e9lectricit\u00e9 en heures creuses.<\/p>\n<h3>Surveillez votre consommation d\u2019\u00e9nergie<\/h3>\n<p>Gardez un \u0153il sur le co\u00fbt de chaque sessions de recharge pour mieux comprendre votre consommation.<\/p>\n<\/div>\n                                                <div class=\"buttons\">\n                                    \n            <button\n                class=\"ohme-btn popup primary button\"\n                data-form-type=\"8\"\n                title=\"\"\n        >Obtenir plus d&#039;informations<\/button>\n\n                                <\/div>\n                                    <div class=\"buttons\">\n                                                            <a href=\"https:\/\/apps.apple.com\/gb\/app\/ohme-intelligent-ev-charger\/id1377322844\" target=\"\">\n                            <img decoding=\"async\" src=\"https:\/\/ohme-ev.com\/fr\/wp-content\/uploads\/sites\/9\/2023\/09\/app-store-fr.webp\" alt=\"\" \/>\n                        <\/a>\n                                                                                <a href=\"https:\/\/play.google.com\/store\/apps\/details?id=io.ohme.androidu0026hl=en_GBu0026gl=US\" target=\"\">\n                            <img decoding=\"async\" src=\"https:\/\/ohme-ev.com\/fr\/wp-content\/uploads\/sites\/9\/2023\/09\/google-play-fr-nopad.webp\" alt=\"\" \/>\n                        <\/a>\n                                                <\/div>\n                    <\/div>\n        <div class=\"media-content\">\n                        <img decoding=\"async\" loading=\"lazy\" src=\"https:\/\/ohme-ev.com\/fr\/wp-content\/uploads\/sites\/9\/2024\/01\/50-text-image_Charge-app-screen_FR_50.webp\" alt=\"\" \/>\n                    <\/div>\n    <\/div>\n<\/div>\n\n<\/div>\n\n<div id=\"\" class=\"blockWrapper top-default bottom-default   \">\n\n\n<div class=\"contentWrapper textImageLeft  image\">\n            <div class=\"imageContainer\">\n            <img decoding=\"async\" loading=\"lazy\" src=\"https:\/\/ohme-ev.com\/fr\/wp-content\/uploads\/sites\/9\/2024\/01\/Support_ePod-S-header_FR.webp\" alt=\"\"\/>\n        <\/div>\n\n        <div class=\"textContainer\">\n        <h3 class=\"title\">Vous pr\u00e9f\u00e9rez une borne ?<\/h3>\n        <h4 class=\"subtitle regular\"><\/h4>\n        <div class=\"text\"><p>Simple, verte et intelligente&#8230; <\/p>\n<p>D\u00e9couvrez l&#8217;ePod S, notre borne de recharge qui s&#8217;adapte \u00e0 votre contrat d&#8217;\u00e9lectricit\u00e9 et vos usages.<\/p>\n<\/div>\n        <div class=\"buttonsContainer\">\n            \n            <button\n                class=\"ohme-btn popup primary button\"\n                data-form-type=\"8\"\n                title=\"\"\n        >Demande de devis<\/button>\n\n    \n            <a href=\"https:\/\/ohme-ev.com\/fr\/produit\/ohme-epod-s\/\" target=\"_self\" >\n            <button class=\"ohme-btn secondaryLight button\" title=\"\">En savoir plus sur l&#039;ePod S<\/button>\n        <\/a>\n            <\/div>\n            <\/div>\n<\/div>\n<\/div>\n\n<div id=\"compare\" class=\"blockWrapper top-default bottom-default   \">\n\n<div class=\"block compare-specs\">\n    <div class=\"contentWrapper\">\n        <h2 class=\"header\">\n            Comparer nos solutions de recharge        <\/h2>\n        <div class=\"nav-space\">\n                    <div class=\"carousel-nav\">\n                <div class=\"prev\"><\/div>\n                <div class=\"next\"><\/div>\n            <\/div>\n                <\/div>\n        <div class=\"product-carousel\">\n                                    <div class=\"product-wrapper\">\n                <div class=\"product__info\">\n                    <img loading=\"lazy\" decoding=\"async\" width=\"1200\" height=\"1200\" src=\"https:\/\/ohme-ev.com\/fr\/wp-content\/uploads\/sites\/9\/2024\/12\/commando-type2.webp\" class=\"attachment-post-thumbnail size-post-thumbnail wp-post-image\" alt=\"\" srcset=\"https:\/\/ohme-ev.com\/fr\/wp-content\/uploads\/sites\/9\/2024\/12\/commando-type2.webp 1200w, https:\/\/ohme-ev.com\/fr\/wp-content\/uploads\/sites\/9\/2024\/12\/commando-type2-300x300.webp 300w, https:\/\/ohme-ev.com\/fr\/wp-content\/uploads\/sites\/9\/2024\/12\/commando-type2-1024x1024.webp 1024w, https:\/\/ohme-ev.com\/fr\/wp-content\/uploads\/sites\/9\/2024\/12\/commando-type2-150x150.webp 150w, https:\/\/ohme-ev.com\/fr\/wp-content\/uploads\/sites\/9\/2024\/12\/commando-type2-768x768.webp 768w, https:\/\/ohme-ev.com\/fr\/wp-content\/uploads\/sites\/9\/2024\/12\/commando-type2-184x184.webp 184w, https:\/\/ohme-ev.com\/fr\/wp-content\/uploads\/sites\/9\/2024\/12\/commando-type2-242x242.webp 242w\" sizes=\"auto, (max-width: 1200px) 100vw, 1200px\" \/>                    <h4>Ohme Go (Commando)<\/h4>\n                                                        <\/div>\n                <div class=\"product__specs\">\n                                        <h6>Contr\u00f4le et interface<\/h6>\n                    <p>Plug-and-charge uniquement<\/p>\n                                                            <h6>Connectivit\u00e9<\/h6>\n                    <p>Carte SIM multi-r\u00e9seaux 3G \/ 4G<\/p>\n                                                            <h6>Type de prise et c\u00e2ble<\/h6>\n                    <p>C\u00e2ble de recharge &#8211; standard 5m prise Commando vers Type 2<br \/>\nC\u00e2ble de 8m disponible en option<\/p>\n                                                            <h6>Puissance<\/h6>\n                    <p>Puissance de sortie\/courant maximal : 3,7 kW, 16 A<br \/>\nAlimentation nominale : 230 \u00e0 250 V<br \/>\nFr\u00e9quence : 50 Hz<\/p>\n                                                            <h6>Dimensions et poids<\/h6>\n                    <p>238mm (H) x 90mm (L) x 55mm (P)<br \/>\n4kg<\/p>\n                                                            <h6>Technologie<\/h6>\n                    <p>Contr\u00f4le des sessions de recharge via l\u2019application smartphone Ohme<br \/>\nFacturation partag\u00e9e (split billing)<br \/>\nPasserelle OCPP 1.6<\/p>\n                                                            <h6>Conformit\u00e9<\/h6>\n                    <ul>\n<li>IP55<\/li>\n<li>Marquage CE<\/li>\n<li>Certifi\u00e9 TUV Rheinland<\/li>\n<\/ul>\n                                                            <h6>Garantie<\/h6>\n                    <p>Garantie 2 ans incluse<\/p>\n                                    <\/div>\n            <\/div>\n                                    <div class=\"product-wrapper\">\n                <div class=\"product__info\">\n                    <img loading=\"lazy\" decoding=\"async\" width=\"1927\" height=\"2000\" src=\"https:\/\/ohme-ev.com\/fr\/wp-content\/uploads\/sites\/9\/2023\/09\/Schucko-retouch-Front-no-shaddow.png\" class=\"attachment-post-thumbnail size-post-thumbnail wp-post-image\" alt=\"\" srcset=\"https:\/\/ohme-ev.com\/fr\/wp-content\/uploads\/sites\/9\/2023\/09\/Schucko-retouch-Front-no-shaddow.png 1927w, https:\/\/ohme-ev.com\/fr\/wp-content\/uploads\/sites\/9\/2023\/09\/Schucko-retouch-Front-no-shaddow-289x300.png 289w, https:\/\/ohme-ev.com\/fr\/wp-content\/uploads\/sites\/9\/2023\/09\/Schucko-retouch-Front-no-shaddow-987x1024.png 987w, https:\/\/ohme-ev.com\/fr\/wp-content\/uploads\/sites\/9\/2023\/09\/Schucko-retouch-Front-no-shaddow-768x797.png 768w, https:\/\/ohme-ev.com\/fr\/wp-content\/uploads\/sites\/9\/2023\/09\/Schucko-retouch-Front-no-shaddow-1480x1536.png 1480w, https:\/\/ohme-ev.com\/fr\/wp-content\/uploads\/sites\/9\/2023\/09\/Schucko-retouch-Front-no-shaddow-177x184.png 177w, https:\/\/ohme-ev.com\/fr\/wp-content\/uploads\/sites\/9\/2023\/09\/Schucko-retouch-Front-no-shaddow-233x242.png 233w\" sizes=\"auto, (max-width: 1927px) 100vw, 1927px\" \/>                    <h4>Ohme Go<\/h4>\n                                                        <\/div>\n                <div class=\"product__specs\">\n                                        <h6>Contr\u00f4le et interface<\/h6>\n                    <p>Plug-and-charge uniquement<\/p>\n                                                            <h6>Connectivit\u00e9<\/h6>\n                    <p>Carte SIM multi-r\u00e9seaux 3G \/ 4G<\/p>\n                                                            <h6>Type de prise et c\u00e2ble<\/h6>\n                    <p>Mod\u00e8le avec c\u00e2ble de recharge int\u00e9gr\u00e9 de 5m &#8211; prise de type Schuko UE (Type 2)<br \/>\nC\u00e2ble de 8m disponible en option<\/p>\n                                                            <h6>Puissance<\/h6>\n                    <p>Puissance de sortie\/courant maximal : 3,7 kW, 16 A<br \/>\nAlimentation nominale : 230 \u00e0 250 V<br \/>\nFr\u00e9quence : 50 Hz<\/p>\n                                                            <h6>Dimensions et poids<\/h6>\n                    <p>238mm (H) x 90mm (L) x 55mm (P)<br \/>\n4kg<\/p>\n                                                            <h6>Technologie<\/h6>\n                    <p>Contr\u00f4le des sessions de recharge via l\u2019application smartphone Ohme<br \/>\nFacturation partag\u00e9e (split billing)<br \/>\nPasserelle OCPP 1.6<\/p>\n                                                            <h6>Conformit\u00e9<\/h6>\n                    <ul>\n<li>IP55<\/li>\n<li>Marquage CE<\/li>\n<li>Certifi\u00e9 TUV Rheinland<\/li>\n<\/ul>\n                                                            <h6>Garantie<\/h6>\n                    <p>Garantie 2 ans incluse<\/p>\n                                    <\/div>\n            <\/div>\n                    <\/div>\n\n    <\/div>\n<\/div>\n\n<\/div>","protected":false},"featured_media":2949,"template":"","class_list":["post-2797","product","type-product","status-publish","has-post-thumbnail","hentry"],"acf":[],"yoast_head":"<!-- This site is optimized with the Yoast SEO Premium plugin v27.3 (Yoast SEO v27.3) - https:\/\/yoast.com\/product\/yoast-seo-premium-wordpress\/ -->\n<title>Ohme Go - C\u00e2ble de recharge intelligent - Ohme EV France<\/title>\n<meta name=\"description\" content=\"Le c\u00e2ble de recharge Ohme Go est compatible avec tous les v\u00e9hicules \u00e9lectriques pour une recharge \u00e0 la maison, au travail ou en d\u00e9placement.\" \/>\n<meta name=\"robots\" content=\"noindex, follow\" \/>\n<meta property=\"og:locale\" content=\"fr_FR\" \/>\n<meta property=\"og:type\" content=\"article\" \/>\n<meta property=\"og:title\" content=\"Ohme Go\" \/>\n<meta property=\"og:description\" content=\"Le c\u00e2ble de recharge Ohme Go est compatible avec tous les v\u00e9hicules \u00e9lectriques pour une recharge \u00e0 la maison, au travail ou en d\u00e9placement.\" \/>\n<meta property=\"og:url\" content=\"https:\/\/ohme-ev.com\/fr\/produit\/ohme-go\/\" \/>\n<meta property=\"og:site_name\" content=\"Ohme EV France\" \/>\n<meta property=\"article:publisher\" content=\"https:\/\/www.facebook.com\/OhmeEV\/\" \/>\n<meta property=\"article:modified_time\" content=\"2025-12-19T13:37:27+00:00\" \/>\n<meta property=\"og:image\" content=\"https:\/\/ohme-ev.com\/fr\/wp-content\/uploads\/sites\/9\/2023\/09\/Schucko-retouch-Front-no-shaddow.png\" \/>\n\t<meta property=\"og:image:width\" content=\"1927\" \/>\n\t<meta property=\"og:image:height\" content=\"2000\" \/>\n\t<meta property=\"og:image:type\" content=\"image\/png\" \/>\n<meta name=\"twitter:card\" content=\"summary_large_image\" \/>\n<meta name=\"twitter:site\" content=\"@ohmeev\" \/>\n<meta name=\"twitter:label1\" content=\"Est. reading time\" \/>\n\t<meta name=\"twitter:data1\" content=\"1 minute\" \/>\n<script type=\"application\/ld+json\" class=\"yoast-schema-graph\">{\"@context\":\"https:\\\/\\\/schema.org\",\"@graph\":[{\"@type\":\"WebPage\",\"@id\":\"https:\\\/\\\/ohme-ev.com\\\/fr\\\/produit\\\/ohme-go\\\/\",\"url\":\"https:\\\/\\\/ohme-ev.com\\\/fr\\\/produit\\\/ohme-go\\\/\",\"name\":\"Ohme Go - C\u00e2ble de recharge intelligent - Ohme EV France\",\"isPartOf\":{\"@id\":\"https:\\\/\\\/ohme-ev.com\\\/fr\\\/#website\"},\"primaryImageOfPage\":{\"@id\":\"https:\\\/\\\/ohme-ev.com\\\/fr\\\/produit\\\/ohme-go\\\/#primaryimage\"},\"image\":{\"@id\":\"https:\\\/\\\/ohme-ev.com\\\/fr\\\/produit\\\/ohme-go\\\/#primaryimage\"},\"thumbnailUrl\":\"https:\\\/\\\/ohme-ev.com\\\/fr\\\/wp-content\\\/uploads\\\/sites\\\/9\\\/2023\\\/09\\\/Schucko-retouch-Front-no-shaddow.png\",\"datePublished\":\"2023-09-11T16:52:22+00:00\",\"dateModified\":\"2025-12-19T13:37:27+00:00\",\"description\":\"Le c\u00e2ble de recharge Ohme Go est compatible avec tous les v\u00e9hicules \u00e9lectriques pour une recharge \u00e0 la maison, au travail ou en d\u00e9placement.\",\"breadcrumb\":{\"@id\":\"https:\\\/\\\/ohme-ev.com\\\/fr\\\/produit\\\/ohme-go\\\/#breadcrumb\"},\"inLanguage\":\"fr-fr\",\"potentialAction\":[{\"@type\":\"ReadAction\",\"target\":[\"https:\\\/\\\/ohme-ev.com\\\/fr\\\/produit\\\/ohme-go\\\/\"]}]},{\"@type\":\"ImageObject\",\"inLanguage\":\"fr-fr\",\"@id\":\"https:\\\/\\\/ohme-ev.com\\\/fr\\\/produit\\\/ohme-go\\\/#primaryimage\",\"url\":\"https:\\\/\\\/ohme-ev.com\\\/fr\\\/wp-content\\\/uploads\\\/sites\\\/9\\\/2023\\\/09\\\/Schucko-retouch-Front-no-shaddow.png\",\"contentUrl\":\"https:\\\/\\\/ohme-ev.com\\\/fr\\\/wp-content\\\/uploads\\\/sites\\\/9\\\/2023\\\/09\\\/Schucko-retouch-Front-no-shaddow.png\",\"width\":1927,\"height\":2000},{\"@type\":\"BreadcrumbList\",\"@id\":\"https:\\\/\\\/ohme-ev.com\\\/fr\\\/produit\\\/ohme-go\\\/#breadcrumb\",\"itemListElement\":[{\"@type\":\"ListItem\",\"position\":1,\"name\":\"Home\",\"item\":\"https:\\\/\\\/ohme-ev.com\\\/fr\\\/\"},{\"@type\":\"ListItem\",\"position\":2,\"name\":\"Products\",\"item\":\"https:\\\/\\\/ohme-ev.com\\\/fr\\\/product\\\/\"},{\"@type\":\"ListItem\",\"position\":3,\"name\":\"Ohme Go\"}]},{\"@type\":\"WebSite\",\"@id\":\"https:\\\/\\\/ohme-ev.com\\\/fr\\\/#website\",\"url\":\"https:\\\/\\\/ohme-ev.com\\\/fr\\\/\",\"name\":\"Ohme EV France\",\"description\":\"Ohme - EV Smart Charging Solutions\",\"potentialAction\":[{\"@type\":\"SearchAction\",\"target\":{\"@type\":\"EntryPoint\",\"urlTemplate\":\"https:\\\/\\\/ohme-ev.com\\\/fr\\\/?s={search_term_string}\"},\"query-input\":{\"@type\":\"PropertyValueSpecification\",\"valueRequired\":true,\"valueName\":\"search_term_string\"}}],\"inLanguage\":\"fr-fr\"}]}<\/script>\n<!-- \/ Yoast SEO Premium plugin. -->","yoast_head_json":{"title":"Ohme Go - C\u00e2ble de recharge intelligent - Ohme EV France","description":"Le c\u00e2ble de recharge Ohme Go est compatible avec tous les v\u00e9hicules \u00e9lectriques pour une recharge \u00e0 la maison, au travail ou en d\u00e9placement.","robots":{"index":"noindex","follow":"follow"},"og_locale":"fr_FR","og_type":"article","og_title":"Ohme Go","og_description":"Le c\u00e2ble de recharge Ohme Go est compatible avec tous les v\u00e9hicules \u00e9lectriques pour une recharge \u00e0 la maison, au travail ou en d\u00e9placement.","og_url":"https:\/\/ohme-ev.com\/fr\/produit\/ohme-go\/","og_site_name":"Ohme EV France","article_publisher":"https:\/\/www.facebook.com\/OhmeEV\/","article_modified_time":"2025-12-19T13:37:27+00:00","og_image":[{"width":1927,"height":2000,"url":"https:\/\/ohme-ev.com\/fr\/wp-content\/uploads\/sites\/9\/2023\/09\/Schucko-retouch-Front-no-shaddow.png","type":"image\/png"}],"twitter_card":"summary_large_image","twitter_site":"@ohmeev","twitter_misc":{"Est. reading time":"1 minute"},"schema":{"@context":"https:\/\/schema.org","@graph":[{"@type":"WebPage","@id":"https:\/\/ohme-ev.com\/fr\/produit\/ohme-go\/","url":"https:\/\/ohme-ev.com\/fr\/produit\/ohme-go\/","name":"Ohme Go - C\u00e2ble de recharge intelligent - Ohme EV France","isPartOf":{"@id":"https:\/\/ohme-ev.com\/fr\/#website"},"primaryImageOfPage":{"@id":"https:\/\/ohme-ev.com\/fr\/produit\/ohme-go\/#primaryimage"},"image":{"@id":"https:\/\/ohme-ev.com\/fr\/produit\/ohme-go\/#primaryimage"},"thumbnailUrl":"https:\/\/ohme-ev.com\/fr\/wp-content\/uploads\/sites\/9\/2023\/09\/Schucko-retouch-Front-no-shaddow.png","datePublished":"2023-09-11T16:52:22+00:00","dateModified":"2025-12-19T13:37:27+00:00","description":"Le c\u00e2ble de recharge Ohme Go est compatible avec tous les v\u00e9hicules \u00e9lectriques pour une recharge \u00e0 la maison, au travail ou en d\u00e9placement.","breadcrumb":{"@id":"https:\/\/ohme-ev.com\/fr\/produit\/ohme-go\/#breadcrumb"},"inLanguage":"fr-fr","potentialAction":[{"@type":"ReadAction","target":["https:\/\/ohme-ev.com\/fr\/produit\/ohme-go\/"]}]},{"@type":"ImageObject","inLanguage":"fr-fr","@id":"https:\/\/ohme-ev.com\/fr\/produit\/ohme-go\/#primaryimage","url":"https:\/\/ohme-ev.com\/fr\/wp-content\/uploads\/sites\/9\/2023\/09\/Schucko-retouch-Front-no-shaddow.png","contentUrl":"https:\/\/ohme-ev.com\/fr\/wp-content\/uploads\/sites\/9\/2023\/09\/Schucko-retouch-Front-no-shaddow.png","width":1927,"height":2000},{"@type":"BreadcrumbList","@id":"https:\/\/ohme-ev.com\/fr\/produit\/ohme-go\/#breadcrumb","itemListElement":[{"@type":"ListItem","position":1,"name":"Home","item":"https:\/\/ohme-ev.com\/fr\/"},{"@type":"ListItem","position":2,"name":"Products","item":"https:\/\/ohme-ev.com\/fr\/product\/"},{"@type":"ListItem","position":3,"name":"Ohme Go"}]},{"@type":"WebSite","@id":"https:\/\/ohme-ev.com\/fr\/#website","url":"https:\/\/ohme-ev.com\/fr\/","name":"Ohme EV France","description":"Ohme - EV Smart Charging Solutions","potentialAction":[{"@type":"SearchAction","target":{"@type":"EntryPoint","urlTemplate":"https:\/\/ohme-ev.com\/fr\/?s={search_term_string}"},"query-input":{"@type":"PropertyValueSpecification","valueRequired":true,"valueName":"search_term_string"}}],"inLanguage":"fr-fr"}]}},"_links":{"self":[{"href":"https:\/\/ohme-ev.com\/fr\/wp-json\/wp\/v2\/product\/2797","targetHints":{"allow":["GET"]}}],"collection":[{"href":"https:\/\/ohme-ev.com\/fr\/wp-json\/wp\/v2\/product"}],"about":[{"href":"https:\/\/ohme-ev.com\/fr\/wp-json\/wp\/v2\/types\/product"}],"wp:featuredmedia":[{"embeddable":true,"href":"https:\/\/ohme-ev.com\/fr\/wp-json\/wp\/v2\/media\/2949"}],"wp:attachment":[{"href":"https:\/\/ohme-ev.com\/fr\/wp-json\/wp\/v2\/media?parent=2797"}],"curies":[{"name":"wp","href":"https:\/\/api.w.org\/{rel}","templated":true}]}}