{"id":6660,"date":"2025-09-11T11:43:45","date_gmt":"2025-09-11T11:43:45","guid":{"rendered":"https:\/\/ohme-ev.com\/fr\/?page_id=6660"},"modified":"2026-02-18T09:59:05","modified_gmt":"2026-02-18T09:59:05","slug":"installation-de-borne-de-recharge-electrique-en-occitanie","status":"publish","type":"page","link":"https:\/\/ohme-ev.com\/fr\/installez-une-borne-de-recharge-a-domicile\/installation-de-borne-de-recharge-electrique-en-occitanie\/","title":{"rendered":"Installation de borne de recharge \u00e9lectrique en Occitanie"},"content":{"rendered":"<div class=\"image-text-hero with-colour\" style=\"background-color: #366c92;\">\n\n    <div class=\"contentWrapper imageLeft mobile-image-bottom\">\n        <div class=\"content-container\">\n            <div class=\"wrapper\">\n                                    <h1>Installation de borne de recharge en Occitanie<\/h1>\n                \n                \n                                    <p><p>Vous habitez en Occitanie et souhaitez installer une borne de recharge pour votre v\u00e9hicule \u00e9lectrique ? Avec Ohme, profitez d\u2019une solution cl\u00e9 en main : mat\u00e9riel de qualit\u00e9, installateurs certifi\u00e9s IRVE et accompagnement pour les aides financi\u00e8res. Que vous soyez \u00e0 Toulouse, Montpellier, Perpignan, N\u00eemes, Albi ou Carcassonne, nos experts r\u00e9gionaux interviennent rapidement pour rendre votre recharge simple, rapide et s\u00e9curis\u00e9e.<\/p>\n<\/p>\n                \n                \n            <a href=\"https:\/\/survey.ohme-ev.com\/survey\/direct?partnerId=60c9abdd-d5ce-4a5a-97e0-fbdda63d9886&#038;journeyId=51f543e9-9006-48e3-ba62-0422acd0a96d&#038;region=fr\" target=\"_blank\" rel=\"noopener\">\n            <button class=\"ohme-btn survey primary button\" title=\"\">Demander un devis<\/button>\n        <\/a>\n\n    \n                            <\/div>\n        <\/div>\n\n        <div class=\"image-container\">\n                            <div class=\"image-wrapper\">\n                    <img decoding=\"async\" src=\"https:\/\/ohme-ev.com\/fr\/wp-content\/uploads\/sites\/9\/2025\/04\/A7501738-Edited-2.webp\" alt=\"\" \/>\n                <\/div>\n            \n                    <\/div>\n    <\/div>\n\n    <\/div>\n\n<div id=\"\" class=\"blockWrapper top-default bottom-default   \">\n\n<div class=\"text-image-right bg-grey\">\n    <div class=\"inner\">\n        <div class=\"text-content\">\n                        <h3 class=\"title\">Pourquoi choisir Ohme pour votre borne de recharge en Occitanie ?<\/h3>\n                        <div class=\"text\"><p data-start=\"1163\" data-end=\"1308\">L\u2019installation d\u2019une borne de recharge ne s\u2019improvise pas. Avec Ohme, vous avez la garantie d\u2019un projet men\u00e9 par des professionnels qualifi\u00e9s :<\/p>\n<ul>\n<li data-start=\"1310\" data-end=\"1530\">\n<p data-start=\"1312\" data-end=\"1530\"><strong data-start=\"1314\" data-end=\"1350\">Fiabilit\u00e9 \u00e0 toute \u00e9preuve<\/strong>\u00a0: nos bornes sont s\u00e9lectionn\u00e9es pour leur robustesse, leur efficacit\u00e9 \u00e9nerg\u00e9tique et leur compatibilit\u00e9 avec tous les mod\u00e8les de v\u00e9hicules \u00e9lectriques et hybrides rechargeables.<\/p>\n<\/li>\n<li data-start=\"1531\" data-end=\"1698\">\n<p data-start=\"1533\" data-end=\"1698\"><strong data-start=\"1535\" data-end=\"1567\">Installateurs certifi\u00e9s IRVE<\/strong> : notre r\u00e9seau est compos\u00e9 d\u2019\u00e9lectriciens agr\u00e9\u00e9s, form\u00e9s aux normes en vigueur pour garantir une installation en toute s\u00e9curit\u00e9.<\/p>\n<\/li>\n<li data-start=\"1699\" data-end=\"1868\">\n<p data-start=\"1701\" data-end=\"1868\"><strong data-start=\"1703\" data-end=\"1729\">Accompagnement complet<\/strong> : nous vous guidons de A \u00e0 Z, de l\u2019\u00e9tude technique \u00e0 la mise en service de votre borne.<\/p>\n<\/li>\n<\/ul>\n<\/div>\n                                                <div class=\"buttons\">\n                                    \n            <a href=\"https:\/\/survey.ohme-ev.com\/survey\/direct?partnerId=60c9abdd-d5ce-4a5a-97e0-fbdda63d9886&#038;journeyId=51f543e9-9006-48e3-ba62-0422acd0a96d&#038;region=fr\" target=\"_blank\" rel=\"noopener\">\n            <button class=\"ohme-btn survey primary button\" title=\"\">Demander un devis<\/button>\n        <\/a>\n\n                                <\/div>\n                                <\/div>\n        <div class=\"media-content\">\n                        <img decoding=\"async\" loading=\"lazy\" src=\"https:\/\/ohme-ev.com\/fr\/wp-content\/uploads\/sites\/9\/2025\/03\/A7501837-1.webp\" alt=\"\" \/>\n                    <\/div>\n    <\/div>\n<\/div>\n\n<\/div>\n\n<!-- start block wrapper top -->\n<div id=\"\" class=\"blockWrapper top-default bottom-default   \">\n\n<div class=\"block video-block contentWrapper\">\n        <h2>D\u00e9couvrez les diff\u00e9rentes \u00e9tapes de l&#8217;installation<\/h2>\n            <h5>R\u00e9alis\u00e9e par un de nos installateurs certifi\u00e9s : Eco Charge<\/h5>\n    \n    <div class=\"video\">\n        <div class=\"cover-image\">\n            <img decoding=\"async\" src=\"https:\/\/ohme-ev.com\/fr\/wp-content\/uploads\/sites\/9\/2023\/11\/Header-image_ePod-S-DBG_FR-scaled.webp\" alt=\"Visuel de la borne de recharge Ohme ePod S sur fond color\u00e9\" \/>\n            <img decoding=\"async\" class=\"play-icon\" src=\"https:\/\/ohme-ev.com\/fr\/wp-content\/themes\/ohme-energy\/shared\/images\/play.svg\" alt=\"Play icom\" \/>\n        <\/div>\n        <iframe loading=\"lazy\" title=\"Video d&#039;installation Ohme x Eco Charge 2025\" width=\"640\" height=\"360\" src=\"https:\/\/www.youtube.com\/embed\/dm4ybYV4h6o?feature=oembed&#038;hd=1&#038;autohide=1&#038;rel=0\" frameborder=\"0\" allow=\"accelerometer; autoplay; clipboard-write; encrypted-media; gyroscope; picture-in-picture; web-share\" referrerpolicy=\"strict-origin-when-cross-origin\" allowfullscreen frameborder=\"0\"style=\"display:none\"><\/iframe>    <\/div>\n\n    \n        <h4>Vid\u00e9o d&#8217;installation Ohme x Eco Charge<\/h4>\n    \n    \n<\/div>\n\n<\/div>\n\n\n<div style=\"height:100px\" aria-hidden=\"true\" class=\"wp-block-spacer\"><\/div>\n\n\n<div id=\"\" class=\"blockWrapper top-default bottom-default   \">\n\n<div class=\"old-standalone-tiles blockWrapper\">\n    <div class=\"contentWrapper\">\n        <h2>Quelles aides pour financer votre borne de recharge ?<\/h2>\n                <div class=\"tiles-wrapper\">\n            <div class=\"tiles\">\n                                                        <div class=\"tile custom\">\n                                                <div class=\"content\">\n                            <h3 class=\"title\">Programme Advenir<\/h3>\n                            <p>soutenu par l\u2019ADEME et les certificats d\u2019\u00e9conomies d\u2019\u00e9nergie (CEE), finance une partie de l\u2019installation de votre borne de recharge.<\/p>\n                                                    <\/div>\n                    <\/div>\n                                                                            <div class=\"tile custom\">\n                                                <div class=\"content\">\n                            <h3 class=\"title\">Cr\u00e9dit d&#8217;imp\u00f4t<\/h3>\n                            <p>Pour les particuliers, jusqu\u2019\u00e0 500\u20ac. Ce cr\u00e9dit est valable aussi bien pour les propri\u00e9taires que pour les locataires ou occupants \u00e0 titre gratuit.<\/p>\n                                                    <\/div>\n                    <\/div>\n                                                                            <div class=\"tile custom\">\n                                                <div class=\"content\">\n                            <h3 class=\"title\">TVA r\u00e9duite \u00e0 5,5%<\/h3>\n                            <p>Les travaux d\u2019installation de bornes de recharge b\u00e9n\u00e9ficient d\u2019un taux de TVA r\u00e9duit \u00e0 5,5 %, au lieu de 20 %, d\u00e8s lors qu\u2019ils sont r\u00e9alis\u00e9s dans un logement construit depuis plus de deux ans.<\/p>\n                                                    <\/div>\n                    <\/div>\n                                                    <div class=\"backdrop  \"><\/div>\n            <\/div>\n            \n        <\/div>\n    <\/div>\n<\/div>\n\n<\/div>\n\n\n<div style=\"height:100px\" aria-hidden=\"true\" class=\"wp-block-spacer\"><\/div>\n\n\n\n    <div class=\"trustpilot-container\">\n\n        <div class=\"trustpilot-widget\" data-locale=\"fr-FR\" data-template-id=\"53aa8912dec7e10d38f59f36\" data-businessunit-id=\"5d3237d97eea3b0001c71608\" data-style-height=\"140px\" data-style-width=\"100%\" data-stars=\"4, 5\" data-review-languages=\"fr\">\n            <a href=\"https:\/\/fr.trustpilot.com\/review\/www.ohme-ev.com\" target=\"_blank\" rel=\"noopener\">Trustpilot<\/a>\n        <\/div>\n    <\/div>\n\n","protected":false},"excerpt":{"rendered":"","protected":false},"author":34,"featured_media":0,"parent":5772,"menu_order":0,"comment_status":"closed","ping_status":"closed","template":"","meta":{"_acf_changed":true,"_helpful_status":1,"footnotes":""},"partner":[],"class_list":["post-6660","page","type-page","status-publish","hentry"],"acf":[],"yoast_head":"<!-- This site is optimized with the Yoast SEO Premium plugin v27.5 (Yoast SEO v27.5) - https:\/\/yoast.com\/product\/yoast-seo-premium-wordpress\/ -->\n<title>Installation de borne de recharge \u00e9lectrique en Occitanie - Ohme EV France<\/title>\n<meta name=\"description\" content=\"Installation de borne de recharge \u00e9lectrique en Occitanie. Installateurs certifi\u00e9s IRVE, aides financi\u00e8res &amp; devis gratuit avec Ohme.\" \/>\n<meta name=\"robots\" content=\"index, follow, max-snippet:-1, max-image-preview:large, max-video-preview:-1\" \/>\n<link rel=\"canonical\" href=\"https:\/\/ohme-ev.com\/fr\/installez-une-borne-de-recharge-a-domicile\/installation-de-borne-de-recharge-electrique-en-occitanie\/\" \/>\n<meta property=\"og:locale\" content=\"fr_FR\" \/>\n<meta property=\"og:type\" content=\"article\" \/>\n<meta property=\"og:title\" content=\"Installation de borne de recharge \u00e9lectrique en Occitanie\" \/>\n<meta property=\"og:description\" content=\"Installation de borne de recharge \u00e9lectrique en Occitanie. Installateurs certifi\u00e9s IRVE, aides financi\u00e8res &amp; devis gratuit avec Ohme.\" \/>\n<meta property=\"og:url\" content=\"https:\/\/ohme-ev.com\/fr\/installez-une-borne-de-recharge-a-domicile\/installation-de-borne-de-recharge-electrique-en-occitanie\/\" \/>\n<meta property=\"og:site_name\" content=\"Ohme EV France\" \/>\n<meta property=\"article:publisher\" content=\"https:\/\/www.facebook.com\/OhmeEV\/\" \/>\n<meta property=\"article:modified_time\" content=\"2026-02-18T09:59:05+00:00\" \/>\n<meta name=\"twitter:card\" content=\"summary_large_image\" \/>\n<meta name=\"twitter:site\" content=\"@ohmeev\" \/>\n<script type=\"application\/ld+json\" class=\"yoast-schema-graph\">{\"@context\":\"https:\\\/\\\/schema.org\",\"@graph\":[{\"@type\":\"WebPage\",\"@id\":\"https:\\\/\\\/ohme-ev.com\\\/fr\\\/installez-une-borne-de-recharge-a-domicile\\\/installation-de-borne-de-recharge-electrique-en-occitanie\\\/\",\"url\":\"https:\\\/\\\/ohme-ev.com\\\/fr\\\/installez-une-borne-de-recharge-a-domicile\\\/installation-de-borne-de-recharge-electrique-en-occitanie\\\/\",\"name\":\"Installation de borne de recharge \u00e9lectrique en Occitanie - Ohme EV France\",\"isPartOf\":{\"@id\":\"https:\\\/\\\/ohme-ev.com\\\/fr\\\/#website\"},\"datePublished\":\"2025-09-11T11:43:45+00:00\",\"dateModified\":\"2026-02-18T09:59:05+00:00\",\"description\":\"Installation de borne de recharge \u00e9lectrique en Occitanie. Installateurs certifi\u00e9s IRVE, aides financi\u00e8res & devis gratuit avec Ohme.\",\"breadcrumb\":{\"@id\":\"https:\\\/\\\/ohme-ev.com\\\/fr\\\/installez-une-borne-de-recharge-a-domicile\\\/installation-de-borne-de-recharge-electrique-en-occitanie\\\/#breadcrumb\"},\"inLanguage\":\"fr-fr\",\"potentialAction\":[{\"@type\":\"ReadAction\",\"target\":[\"https:\\\/\\\/ohme-ev.com\\\/fr\\\/installez-une-borne-de-recharge-a-domicile\\\/installation-de-borne-de-recharge-electrique-en-occitanie\\\/\"]}]},{\"@type\":\"BreadcrumbList\",\"@id\":\"https:\\\/\\\/ohme-ev.com\\\/fr\\\/installez-une-borne-de-recharge-a-domicile\\\/installation-de-borne-de-recharge-electrique-en-occitanie\\\/#breadcrumb\",\"itemListElement\":[{\"@type\":\"ListItem\",\"position\":1,\"name\":\"Home\",\"item\":\"https:\\\/\\\/ohme-ev.com\\\/fr\\\/\"},{\"@type\":\"ListItem\",\"position\":2,\"name\":\"Installez une borne de recharge \u00e0 domicile et faites des \u00e9conomies !\",\"item\":\"https:\\\/\\\/ohme-ev.com\\\/fr\\\/installez-une-borne-de-recharge-a-domicile\\\/\"},{\"@type\":\"ListItem\",\"position\":3,\"name\":\"Installation de borne de recharge \u00e9lectrique en Occitanie\"}]},{\"@type\":\"WebSite\",\"@id\":\"https:\\\/\\\/ohme-ev.com\\\/fr\\\/#website\",\"url\":\"https:\\\/\\\/ohme-ev.com\\\/fr\\\/\",\"name\":\"Ohme EV France\",\"description\":\"Ohme - EV Smart Charging Solutions\",\"potentialAction\":[{\"@type\":\"SearchAction\",\"target\":{\"@type\":\"EntryPoint\",\"urlTemplate\":\"https:\\\/\\\/ohme-ev.com\\\/fr\\\/?s={search_term_string}\"},\"query-input\":{\"@type\":\"PropertyValueSpecification\",\"valueRequired\":true,\"valueName\":\"search_term_string\"}}],\"inLanguage\":\"fr-fr\"}]}<\/script>\n<!-- \/ Yoast SEO Premium plugin. -->","yoast_head_json":{"title":"Installation de borne de recharge \u00e9lectrique en Occitanie - Ohme EV France","description":"Installation de borne de recharge \u00e9lectrique en Occitanie. Installateurs certifi\u00e9s IRVE, aides financi\u00e8res & devis gratuit avec Ohme.","robots":{"index":"index","follow":"follow","max-snippet":"max-snippet:-1","max-image-preview":"max-image-preview:large","max-video-preview":"max-video-preview:-1"},"canonical":"https:\/\/ohme-ev.com\/fr\/installez-une-borne-de-recharge-a-domicile\/installation-de-borne-de-recharge-electrique-en-occitanie\/","og_locale":"fr_FR","og_type":"article","og_title":"Installation de borne de recharge \u00e9lectrique en Occitanie","og_description":"Installation de borne de recharge \u00e9lectrique en Occitanie. Installateurs certifi\u00e9s IRVE, aides financi\u00e8res & devis gratuit avec Ohme.","og_url":"https:\/\/ohme-ev.com\/fr\/installez-une-borne-de-recharge-a-domicile\/installation-de-borne-de-recharge-electrique-en-occitanie\/","og_site_name":"Ohme EV France","article_publisher":"https:\/\/www.facebook.com\/OhmeEV\/","article_modified_time":"2026-02-18T09:59:05+00:00","twitter_card":"summary_large_image","twitter_site":"@ohmeev","schema":{"@context":"https:\/\/schema.org","@graph":[{"@type":"WebPage","@id":"https:\/\/ohme-ev.com\/fr\/installez-une-borne-de-recharge-a-domicile\/installation-de-borne-de-recharge-electrique-en-occitanie\/","url":"https:\/\/ohme-ev.com\/fr\/installez-une-borne-de-recharge-a-domicile\/installation-de-borne-de-recharge-electrique-en-occitanie\/","name":"Installation de borne de recharge \u00e9lectrique en Occitanie - Ohme EV France","isPartOf":{"@id":"https:\/\/ohme-ev.com\/fr\/#website"},"datePublished":"2025-09-11T11:43:45+00:00","dateModified":"2026-02-18T09:59:05+00:00","description":"Installation de borne de recharge \u00e9lectrique en Occitanie. Installateurs certifi\u00e9s IRVE, aides financi\u00e8res & devis gratuit avec Ohme.","breadcrumb":{"@id":"https:\/\/ohme-ev.com\/fr\/installez-une-borne-de-recharge-a-domicile\/installation-de-borne-de-recharge-electrique-en-occitanie\/#breadcrumb"},"inLanguage":"fr-fr","potentialAction":[{"@type":"ReadAction","target":["https:\/\/ohme-ev.com\/fr\/installez-une-borne-de-recharge-a-domicile\/installation-de-borne-de-recharge-electrique-en-occitanie\/"]}]},{"@type":"BreadcrumbList","@id":"https:\/\/ohme-ev.com\/fr\/installez-une-borne-de-recharge-a-domicile\/installation-de-borne-de-recharge-electrique-en-occitanie\/#breadcrumb","itemListElement":[{"@type":"ListItem","position":1,"name":"Home","item":"https:\/\/ohme-ev.com\/fr\/"},{"@type":"ListItem","position":2,"name":"Installez une borne de recharge \u00e0 domicile et faites des \u00e9conomies !","item":"https:\/\/ohme-ev.com\/fr\/installez-une-borne-de-recharge-a-domicile\/"},{"@type":"ListItem","position":3,"name":"Installation de borne de recharge \u00e9lectrique en Occitanie"}]},{"@type":"WebSite","@id":"https:\/\/ohme-ev.com\/fr\/#website","url":"https:\/\/ohme-ev.com\/fr\/","name":"Ohme EV France","description":"Ohme - EV Smart Charging Solutions","potentialAction":[{"@type":"SearchAction","target":{"@type":"EntryPoint","urlTemplate":"https:\/\/ohme-ev.com\/fr\/?s={search_term_string}"},"query-input":{"@type":"PropertyValueSpecification","valueRequired":true,"valueName":"search_term_string"}}],"inLanguage":"fr-fr"}]}},"_links":{"self":[{"href":"https:\/\/ohme-ev.com\/fr\/wp-json\/wp\/v2\/pages\/6660","targetHints":{"allow":["GET"]}}],"collection":[{"href":"https:\/\/ohme-ev.com\/fr\/wp-json\/wp\/v2\/pages"}],"about":[{"href":"https:\/\/ohme-ev.com\/fr\/wp-json\/wp\/v2\/types\/page"}],"author":[{"embeddable":true,"href":"https:\/\/ohme-ev.com\/fr\/wp-json\/wp\/v2\/users\/34"}],"replies":[{"embeddable":true,"href":"https:\/\/ohme-ev.com\/fr\/wp-json\/wp\/v2\/comments?post=6660"}],"version-history":[{"count":0,"href":"https:\/\/ohme-ev.com\/fr\/wp-json\/wp\/v2\/pages\/6660\/revisions"}],"up":[{"embeddable":true,"href":"https:\/\/ohme-ev.com\/fr\/wp-json\/wp\/v2\/pages\/5772"}],"wp:attachment":[{"href":"https:\/\/ohme-ev.com\/fr\/wp-json\/wp\/v2\/media?parent=6660"}],"wp:term":[{"taxonomy":"partner","embeddable":true,"href":"https:\/\/ohme-ev.com\/fr\/wp-json\/wp\/v2\/partner?post=6660"}],"curies":[{"name":"wp","href":"https:\/\/api.w.org\/{rel}","templated":true}]}}