{"id":6489,"date":"2025-09-12T13:34:00","date_gmt":"2025-09-12T13:34:00","guid":{"rendered":"https:\/\/ohme-ev.com\/fr\/?page_id=6489"},"modified":"2025-09-24T12:27:22","modified_gmt":"2025-09-24T12:27:22","slug":"partenariat-beev-x-ohme-la-solution-intelligente-pour-votre-borne-de-recharge","status":"publish","type":"page","link":"https:\/\/ohme-ev.com\/fr\/partenariat-beev-x-ohme-la-solution-intelligente-pour-votre-borne-de-recharge\/","title":{"rendered":"Partenariat Beev x Ohme \u2013 La solution intelligente pour votre borne de recharge"},"content":{"rendered":"\n<div class=\"fullscreen-hero gradient-enabled gradient-vertical\">\n    <!-- Desktop Media -->\n            <picture>\n            <source media=\"(orientation: portrait) and (max-width: 767px)\" srcset=\" 300w,\n             400w,\n             480w,\n             600w,\n             720w,\n            \" sizes=\"(max-width: 399px) 100vw, calc(100vw - 40px)\" \/>\n            <source media=\"(orientation: landscape) and (min-width: 768px)\" srcset=\"https:\/\/ohme-ev.com\/fr\/wp-content\/uploads\/sites\/9\/2023\/11\/A7501737-Edited-1.webp 740w,\n            https:\/\/ohme-ev.com\/fr\/wp-content\/uploads\/sites\/9\/2023\/11\/A7501737-Edited-1.webp 1024w,\n            https:\/\/ohme-ev.com\/fr\/wp-content\/uploads\/sites\/9\/2023\/11\/A7501737-Edited-1.webp 1240w,\n            https:\/\/ohme-ev.com\/fr\/wp-content\/uploads\/sites\/9\/2023\/11\/A7501737-Edited-1.webp 1590w,\n            https:\/\/ohme-ev.com\/fr\/wp-content\/uploads\/sites\/9\/2023\/11\/A7501737-Edited-1.webp 1680w,\n            https:\/\/ohme-ev.com\/fr\/wp-content\/uploads\/sites\/9\/2023\/11\/A7501737-Edited-1.webp 1880w,\n            https:\/\/ohme-ev.com\/fr\/wp-content\/uploads\/sites\/9\/2023\/11\/A7501737-Edited-1.webp 2000w,\n            https:\/\/ohme-ev.com\/fr\/wp-content\/uploads\/sites\/9\/2023\/11\/A7501737-Edited-1.webp 3000w\n            \" sizes=\"calc(100vw - 40px)\" \/>\n            <img decoding=\"async\" class=\"responsive-image\" src=\"https:\/\/ohme-ev.com\/fr\/wp-content\/uploads\/sites\/9\/2023\/11\/A7501737-Edited-1.webp\" alt=\"\"\/>\n        <\/picture>\n    \n\n    \n    <div class=\"content-container\">\n        <div class=\"wrapper threeColumnWrapper\">\n                            <h1>Ohme &amp; Beev : un partenariat pour faciliter l&#039;acc\u00e8s \u00e0 la recharge \u00e0 domicile<\/h1>\n            \n            <p class=\"hero-subtitle\"><\/p>\n\n            \n\n            \n            \n                    <\/div>\n    <\/div>\n\n    <!-- Scroll Animation -->\n    <\/div>\n\n\n<div style=\"height:50px\" aria-hidden=\"true\" class=\"wp-block-spacer\"><\/div>\n\n\n<div id=\"\" class=\"blockWrapper top-default bottom-default   \">\n\n<div class=\"old-standalone-tiles blockWrapper\">\n    <div class=\"contentWrapper\">\n        <h2>Pourquoi choisir notre Ohme ePod S ?<\/h2>\n                <div class=\"tiles-wrapper\">\n            <div class=\"tiles\">\n                                                        <div class=\"tile custom\">\n                        <img loading=\"lazy\" decoding=\"async\" width=\"154\" height=\"184\" src=\"https:\/\/ohme-ev.com\/fr\/wp-content\/uploads\/sites\/9\/2024\/02\/epod-wall-154x184.webp\" class=\"attachment-tile_hero size-tile_hero\" alt=\"Gestion intelligente de la recharge\" srcset=\"https:\/\/ohme-ev.com\/fr\/wp-content\/uploads\/sites\/9\/2024\/02\/epod-wall-154x184.webp 154w, https:\/\/ohme-ev.com\/fr\/wp-content\/uploads\/sites\/9\/2024\/02\/epod-wall-251x300.webp 251w, https:\/\/ohme-ev.com\/fr\/wp-content\/uploads\/sites\/9\/2024\/02\/epod-wall-856x1024.webp 856w, https:\/\/ohme-ev.com\/fr\/wp-content\/uploads\/sites\/9\/2024\/02\/epod-wall-768x918.webp 768w, https:\/\/ohme-ev.com\/fr\/wp-content\/uploads\/sites\/9\/2024\/02\/epod-wall-202x242.webp 202w, https:\/\/ohme-ev.com\/fr\/wp-content\/uploads\/sites\/9\/2024\/02\/epod-wall.webp 1094w\" sizes=\"auto, (max-width: 154px) 100vw, 154px\" \/>                        <div class=\"content\">\n                            <h3 class=\"title\">Gestion intelligente de la recharge<\/h3>\n                            <p>La borne Ohme ePod S optimise automatiquement vos sessions de recharge. Elle adapte la consommation \u00e0 vos habitudes, aux tarifs d\u2019\u00e9lectricit\u00e9 et \u00e0 votre v\u00e9hicule, pour une recharge plus \u00e9conomique. <\/p>\n                                                    <\/div>\n                    <\/div>\n                                                                            <div class=\"tile custom\">\n                        <img loading=\"lazy\" decoding=\"async\" width=\"327\" height=\"184\" src=\"https:\/\/ohme-ev.com\/fr\/wp-content\/uploads\/sites\/9\/2023\/08\/50x50-small_Energy-small_UK-800x450.jpg\" class=\"attachment-tile_hero size-tile_hero\" alt=\"Recharge solaire int\u00e9gr\u00e9e\" srcset=\"https:\/\/ohme-ev.com\/fr\/wp-content\/uploads\/sites\/9\/2023\/08\/50x50-small_Energy-small_UK-800x450.jpg 800w, https:\/\/ohme-ev.com\/fr\/wp-content\/uploads\/sites\/9\/2023\/08\/50x50-small_Energy-small_UK-300x169.jpg 300w, https:\/\/ohme-ev.com\/fr\/wp-content\/uploads\/sites\/9\/2023\/08\/50x50-small_Energy-small_UK-1024x575.jpg 1024w, https:\/\/ohme-ev.com\/fr\/wp-content\/uploads\/sites\/9\/2023\/08\/50x50-small_Energy-small_UK-768x431.jpg 768w, https:\/\/ohme-ev.com\/fr\/wp-content\/uploads\/sites\/9\/2023\/08\/50x50-small_Energy-small_UK.jpg 1150w\" sizes=\"auto, (max-width: 327px) 100vw, 327px\" \/>                        <div class=\"content\">\n                            <h3 class=\"title\">Recharge solaire int\u00e9gr\u00e9e<\/h3>\n                            <p>Vous disposez de panneaux solaires chez vous ? L\u2019ePod S vous permet de recharger directement avec votre \u00e9nergie solaire. R\u00e9sultat : vous roulez plus vert et r\u00e9duisez encore vos factures d\u2019\u00e9lectricit\u00e9.<\/p>\n                                                    <\/div>\n                    <\/div>\n                                                                            <div class=\"tile custom\">\n                        <img loading=\"lazy\" decoding=\"async\" width=\"163\" height=\"184\" src=\"https:\/\/ohme-ev.com\/fr\/wp-content\/uploads\/sites\/9\/2024\/01\/50-text-image_Man-holding-charger-cable_Master_560x634-163x184.webp\" class=\"attachment-tile_hero size-tile_hero\" alt=\"Compatible avec tous v\u00e9hicules \u00e9lectriques\" srcset=\"https:\/\/ohme-ev.com\/fr\/wp-content\/uploads\/sites\/9\/2024\/01\/50-text-image_Man-holding-charger-cable_Master_560x634-163x184.webp 163w, https:\/\/ohme-ev.com\/fr\/wp-content\/uploads\/sites\/9\/2024\/01\/50-text-image_Man-holding-charger-cable_Master_560x634-265x300.webp 265w, https:\/\/ohme-ev.com\/fr\/wp-content\/uploads\/sites\/9\/2024\/01\/50-text-image_Man-holding-charger-cable_Master_560x634-214x242.webp 214w, https:\/\/ohme-ev.com\/fr\/wp-content\/uploads\/sites\/9\/2024\/01\/50-text-image_Man-holding-charger-cable_Master_560x634.webp 560w\" sizes=\"auto, (max-width: 163px) 100vw, 163px\" \/>                        <div class=\"content\">\n                            <h3 class=\"title\">Compatible avec tous v\u00e9hicules \u00e9lectriques<\/h3>\n                            <p>Peu importe la marque ou le mod\u00e8le de votre voiture \u00e9lectrique ou hybride rechargeable, la borne Ohme ePod S est con\u00e7ue pour \u00eatre 100 % compatible et \u00e9volutive.<\/p>\n                                                    <\/div>\n                    <\/div>\n                                                    <div class=\"backdrop  \"><\/div>\n            <\/div>\n            \n        <\/div>\n    <\/div>\n<\/div>\n\n<\/div>\n\n<div id=\"\" class=\"blockWrapper top-default bottom-default   \">\n\n\n<div class=\"contentWrapper textImageLeft  image\">\n            <div class=\"imageContainer\">\n            <img decoding=\"async\" loading=\"lazy\" src=\"https:\/\/ohme-ev.com\/fr\/wp-content\/uploads\/sites\/9\/2025\/07\/installation-de-bornes-de-recharge-beev-1-scaled-1.webp\" alt=\"\"\/>\n        <\/div>\n\n        <div class=\"textContainer\">\n        <h3 class=\"title\">Beev, le partenaire de confiance pour votre installation<\/h3>\n        <h4 class=\"subtitle regular\"><\/h4>\n        <div class=\"text\"><p data-start=\"1780\" data-end=\"1846\">Choisir Beev, c\u2019est b\u00e9n\u00e9ficier d\u2019un <strong data-start=\"1816\" data-end=\"1842\">accompagnement complet<\/strong> :<\/p>\n<ul data-start=\"1847\" data-end=\"2051\">\n<li data-start=\"1847\" data-end=\"1921\">\n<p data-start=\"1849\" data-end=\"1921\">Conseils personnalis\u00e9s pour optimisert votre exp\u00e9rience de recharge selon votre installation<\/p>\n<\/li>\n<li data-start=\"1922\" data-end=\"1986\">\n<p data-start=\"1924\" data-end=\"1986\">Un <strong data-start=\"1927\" data-end=\"1983\">r\u00e9seau d\u2019installateurs qualifi\u00e9s sur toute la France<\/strong>.<\/p>\n<\/li>\n<li data-start=\"1987\" data-end=\"2051\">\n<p data-start=\"1989\" data-end=\"2051\">Une installation cl\u00e9 en main, rapide et conforme aux normes.<\/p>\n<\/li>\n<\/ul>\n<p data-start=\"2053\" data-end=\"2184\">Avec Beev, pas de stress : vous \u00eates guid\u00e9 \u00e0 chaque \u00e9tape, de la demande initiale jusqu\u2019\u00e0 la premi\u00e8re recharge de votre v\u00e9hicule.<\/p>\n<\/div>\n        <div class=\"buttonsContainer\">\n            \n            <a href=\"https:\/\/www.beev.co\/bornes-de-recharge\/mon-projet-borne-particulier\/?type=b2c&#038;step=1\" target=\"_blank\" rel=\"noopener\">\n            <button class=\"ohme-btn primary button external\" title=\"\">Je souhaite faire installer ma borne par Beev<\/button>\n        <\/a>\n            <\/div>\n            <\/div>\n<\/div>\n<\/div>\n\n<!-- start block wrapper top -->\n<div id=\"\" class=\"blockWrapper top-default bottom-default   \">\n\n<div class=\"block video-block contentWrapper\">\n        <h2>Une collaboration concr\u00e8te : la vid\u00e9o Beev x Carrefour \u00c9nergies<\/h2>\n        \n    <div class=\"video\">\n        <div class=\"cover-image\">\n            <img decoding=\"async\" src=\"https:\/\/ohme-ev.com\/fr\/wp-content\/uploads\/sites\/9\/2025\/07\/1753794783780.webp\" alt=\"\" \/>\n            <img decoding=\"async\" class=\"play-icon\" src=\"https:\/\/ohme-ev.com\/fr\/wp-content\/themes\/ohme-energy\/shared\/images\/play.svg\" alt=\"Play icom\" \/>\n        <\/div>\n        <iframe loading=\"lazy\" title=\"Avec Beev et Carrefour \u00c9nergies, C\u00e9line recharge sa voiture \u00e9lectrique en toute simplicit\u00e9 !\" width=\"640\" height=\"360\" src=\"https:\/\/www.youtube.com\/embed\/XXqa12RZ1qs?feature=oembed&#038;hd=1&#038;autohide=1&#038;rel=0\" frameborder=\"0\" allow=\"accelerometer; autoplay; clipboard-write; encrypted-media; gyroscope; picture-in-picture; web-share\" referrerpolicy=\"strict-origin-when-cross-origin\" allowfullscreen frameborder=\"0\"style=\"display:none\"><\/iframe>    <\/div>\n\n    \n    \n    \n<\/div>\n\n<\/div>\n\n<div id=\"\" class=\"blockWrapper top-default bottom-default   \">\n\n<div class=\"text-image-right bg-blue\">\n    <div class=\"inner\">\n        <div class=\"text-content\">\n                        <h3 class=\"title\">Les avantages du partenariat Beev x Ohme<\/h3>\n                        <div class=\"text\"><p data-start=\"2236\" data-end=\"2351\">En associant <strong data-start=\"2249\" data-end=\"2294\">la technologie innovante de l\u2019Ohme ePod S<\/strong> et <strong data-start=\"2298\" data-end=\"2329\">l\u2019expertise terrain de Beev<\/strong>, vous profitez de :<\/p>\n<ul data-start=\"2353\" data-end=\"2637\">\n<li data-start=\"2353\" data-end=\"2408\">\n<p data-start=\"2355\" data-end=\"2408\">Une <strong data-start=\"2361\" data-end=\"2405\">borne de recharge fiable et intelligente<\/strong>.<\/p>\n<\/li>\n<li data-start=\"2409\" data-end=\"2466\">\n<p data-start=\"2411\" data-end=\"2466\">Une <strong data-start=\"2418\" data-end=\"2463\">installation disponible partout en France<\/strong>.<\/p>\n<\/li>\n<li data-start=\"2467\" data-end=\"2526\">\n<p data-start=\"2469\" data-end=\"2526\">Un accompagnement humain et professionnel, de A \u00e0 Z.<\/p>\n<\/li>\n<li data-start=\"2527\" data-end=\"2637\">\n<p data-start=\"2529\" data-end=\"2637\">Des fonctionnalit\u00e9s avanc\u00e9es : <strong data-start=\"2570\" data-end=\"2590\">recharge solaire<\/strong> et la <strong data-start=\"2597\" data-end=\"2634\">gestion intelligente de la recharge.<\/strong><\/p>\n<\/li>\n<\/ul>\n<\/div>\n                                                        <\/div>\n        <div class=\"media-content\">\n                        <img decoding=\"async\" loading=\"lazy\" src=\"https:\/\/ohme-ev.com\/fr\/wp-content\/uploads\/sites\/9\/2025\/04\/A7501738-Edited-2.webp\" alt=\"\" \/>\n                    <\/div>\n    <\/div>\n<\/div>\n\n<\/div>\n\n\n<div style=\"height:100px\" aria-hidden=\"true\" class=\"wp-block-spacer\"><\/div>\n\n\n\n    <div class=\"trustpilot-container\">\n\n        <div class=\"trustpilot-widget\" data-locale=\"fr-FR\" data-template-id=\"53aa8912dec7e10d38f59f36\" data-businessunit-id=\"5d3237d97eea3b0001c71608\" data-style-height=\"140px\" data-style-width=\"100%\" data-stars=\"4, 5\" data-review-languages=\"fr\">\n            <a href=\"https:\/\/fr.trustpilot.com\/review\/www.ohme-ev.com\" target=\"_blank\" rel=\"noopener\">Trustpilot<\/a>\n        <\/div>\n    <\/div>\n\n\n\n\n<p><\/p>\n","protected":false},"excerpt":{"rendered":"","protected":false},"author":34,"featured_media":0,"parent":0,"menu_order":0,"comment_status":"closed","ping_status":"closed","template":"","meta":{"_acf_changed":true,"_helpful_status":1,"footnotes":""},"partner":[],"class_list":["post-6489","page","type-page","status-publish","hentry"],"acf":[],"yoast_head":"<!-- This site is optimized with the Yoast SEO Premium plugin v27.3 (Yoast SEO v27.3) - https:\/\/yoast.com\/product\/yoast-seo-premium-wordpress\/ -->\n<title>Partenariat Beev x Ohme | Installation borne Ohme ePod S<\/title>\n<meta name=\"description\" content=\"D\u00e9couvrez le partenariat Beev x Ohme : borne Ohme ePod S intelligente, installation partout en France par des experts certifi\u00e9s.\" \/>\n<meta name=\"robots\" content=\"index, follow, max-snippet:-1, max-image-preview:large, max-video-preview:-1\" \/>\n<link rel=\"canonical\" href=\"https:\/\/ohme-ev.com\/fr\/partenariat-beev-x-ohme-la-solution-intelligente-pour-votre-borne-de-recharge\/\" \/>\n<meta property=\"og:locale\" content=\"fr_FR\" \/>\n<meta property=\"og:type\" content=\"article\" \/>\n<meta property=\"og:title\" content=\"Partenariat Beev x Ohme \u2013 La solution intelligente pour votre borne de recharge\" \/>\n<meta property=\"og:description\" content=\"D\u00e9couvrez le partenariat Beev x Ohme : borne Ohme ePod S intelligente, installation partout en France par des experts certifi\u00e9s.\" \/>\n<meta property=\"og:url\" content=\"https:\/\/ohme-ev.com\/fr\/partenariat-beev-x-ohme-la-solution-intelligente-pour-votre-borne-de-recharge\/\" \/>\n<meta property=\"og:site_name\" content=\"Ohme EV France\" \/>\n<meta property=\"article:publisher\" content=\"https:\/\/www.facebook.com\/OhmeEV\/\" \/>\n<meta property=\"article:modified_time\" content=\"2025-09-24T12:27:22+00:00\" \/>\n<meta name=\"twitter:card\" content=\"summary_large_image\" \/>\n<meta name=\"twitter:site\" content=\"@ohmeev\" \/>\n<script type=\"application\/ld+json\" class=\"yoast-schema-graph\">{\"@context\":\"https:\\\/\\\/schema.org\",\"@graph\":[{\"@type\":\"WebPage\",\"@id\":\"https:\\\/\\\/ohme-ev.com\\\/fr\\\/partenariat-beev-x-ohme-la-solution-intelligente-pour-votre-borne-de-recharge\\\/\",\"url\":\"https:\\\/\\\/ohme-ev.com\\\/fr\\\/partenariat-beev-x-ohme-la-solution-intelligente-pour-votre-borne-de-recharge\\\/\",\"name\":\"Partenariat Beev x Ohme | Installation borne Ohme ePod S\",\"isPartOf\":{\"@id\":\"https:\\\/\\\/ohme-ev.com\\\/fr\\\/#website\"},\"datePublished\":\"2025-09-12T13:34:00+00:00\",\"dateModified\":\"2025-09-24T12:27:22+00:00\",\"description\":\"D\u00e9couvrez le partenariat Beev x Ohme : borne Ohme ePod S intelligente, installation partout en France par des experts certifi\u00e9s.\",\"breadcrumb\":{\"@id\":\"https:\\\/\\\/ohme-ev.com\\\/fr\\\/partenariat-beev-x-ohme-la-solution-intelligente-pour-votre-borne-de-recharge\\\/#breadcrumb\"},\"inLanguage\":\"fr-fr\",\"potentialAction\":[{\"@type\":\"ReadAction\",\"target\":[\"https:\\\/\\\/ohme-ev.com\\\/fr\\\/partenariat-beev-x-ohme-la-solution-intelligente-pour-votre-borne-de-recharge\\\/\"]}]},{\"@type\":\"BreadcrumbList\",\"@id\":\"https:\\\/\\\/ohme-ev.com\\\/fr\\\/partenariat-beev-x-ohme-la-solution-intelligente-pour-votre-borne-de-recharge\\\/#breadcrumb\",\"itemListElement\":[{\"@type\":\"ListItem\",\"position\":1,\"name\":\"Home\",\"item\":\"https:\\\/\\\/ohme-ev.com\\\/fr\\\/\"},{\"@type\":\"ListItem\",\"position\":2,\"name\":\"Partenariat Beev x Ohme \u2013 La solution intelligente pour votre borne de recharge\"}]},{\"@type\":\"WebSite\",\"@id\":\"https:\\\/\\\/ohme-ev.com\\\/fr\\\/#website\",\"url\":\"https:\\\/\\\/ohme-ev.com\\\/fr\\\/\",\"name\":\"Ohme EV France\",\"description\":\"Ohme - EV Smart Charging Solutions\",\"potentialAction\":[{\"@type\":\"SearchAction\",\"target\":{\"@type\":\"EntryPoint\",\"urlTemplate\":\"https:\\\/\\\/ohme-ev.com\\\/fr\\\/?s={search_term_string}\"},\"query-input\":{\"@type\":\"PropertyValueSpecification\",\"valueRequired\":true,\"valueName\":\"search_term_string\"}}],\"inLanguage\":\"fr-fr\"}]}<\/script>\n<!-- \/ Yoast SEO Premium plugin. -->","yoast_head_json":{"title":"Partenariat Beev x Ohme | Installation borne Ohme ePod S","description":"D\u00e9couvrez le partenariat Beev x Ohme : borne Ohme ePod S intelligente, installation partout en France par des experts certifi\u00e9s.","robots":{"index":"index","follow":"follow","max-snippet":"max-snippet:-1","max-image-preview":"max-image-preview:large","max-video-preview":"max-video-preview:-1"},"canonical":"https:\/\/ohme-ev.com\/fr\/partenariat-beev-x-ohme-la-solution-intelligente-pour-votre-borne-de-recharge\/","og_locale":"fr_FR","og_type":"article","og_title":"Partenariat Beev x Ohme \u2013 La solution intelligente pour votre borne de recharge","og_description":"D\u00e9couvrez le partenariat Beev x Ohme : borne Ohme ePod S intelligente, installation partout en France par des experts certifi\u00e9s.","og_url":"https:\/\/ohme-ev.com\/fr\/partenariat-beev-x-ohme-la-solution-intelligente-pour-votre-borne-de-recharge\/","og_site_name":"Ohme EV France","article_publisher":"https:\/\/www.facebook.com\/OhmeEV\/","article_modified_time":"2025-09-24T12:27:22+00:00","twitter_card":"summary_large_image","twitter_site":"@ohmeev","schema":{"@context":"https:\/\/schema.org","@graph":[{"@type":"WebPage","@id":"https:\/\/ohme-ev.com\/fr\/partenariat-beev-x-ohme-la-solution-intelligente-pour-votre-borne-de-recharge\/","url":"https:\/\/ohme-ev.com\/fr\/partenariat-beev-x-ohme-la-solution-intelligente-pour-votre-borne-de-recharge\/","name":"Partenariat Beev x Ohme | Installation borne Ohme ePod S","isPartOf":{"@id":"https:\/\/ohme-ev.com\/fr\/#website"},"datePublished":"2025-09-12T13:34:00+00:00","dateModified":"2025-09-24T12:27:22+00:00","description":"D\u00e9couvrez le partenariat Beev x Ohme : borne Ohme ePod S intelligente, installation partout en France par des experts certifi\u00e9s.","breadcrumb":{"@id":"https:\/\/ohme-ev.com\/fr\/partenariat-beev-x-ohme-la-solution-intelligente-pour-votre-borne-de-recharge\/#breadcrumb"},"inLanguage":"fr-fr","potentialAction":[{"@type":"ReadAction","target":["https:\/\/ohme-ev.com\/fr\/partenariat-beev-x-ohme-la-solution-intelligente-pour-votre-borne-de-recharge\/"]}]},{"@type":"BreadcrumbList","@id":"https:\/\/ohme-ev.com\/fr\/partenariat-beev-x-ohme-la-solution-intelligente-pour-votre-borne-de-recharge\/#breadcrumb","itemListElement":[{"@type":"ListItem","position":1,"name":"Home","item":"https:\/\/ohme-ev.com\/fr\/"},{"@type":"ListItem","position":2,"name":"Partenariat Beev x Ohme \u2013 La solution intelligente pour votre borne de recharge"}]},{"@type":"WebSite","@id":"https:\/\/ohme-ev.com\/fr\/#website","url":"https:\/\/ohme-ev.com\/fr\/","name":"Ohme EV France","description":"Ohme - EV Smart Charging Solutions","potentialAction":[{"@type":"SearchAction","target":{"@type":"EntryPoint","urlTemplate":"https:\/\/ohme-ev.com\/fr\/?s={search_term_string}"},"query-input":{"@type":"PropertyValueSpecification","valueRequired":true,"valueName":"search_term_string"}}],"inLanguage":"fr-fr"}]}},"_links":{"self":[{"href":"https:\/\/ohme-ev.com\/fr\/wp-json\/wp\/v2\/pages\/6489","targetHints":{"allow":["GET"]}}],"collection":[{"href":"https:\/\/ohme-ev.com\/fr\/wp-json\/wp\/v2\/pages"}],"about":[{"href":"https:\/\/ohme-ev.com\/fr\/wp-json\/wp\/v2\/types\/page"}],"author":[{"embeddable":true,"href":"https:\/\/ohme-ev.com\/fr\/wp-json\/wp\/v2\/users\/34"}],"replies":[{"embeddable":true,"href":"https:\/\/ohme-ev.com\/fr\/wp-json\/wp\/v2\/comments?post=6489"}],"version-history":[{"count":0,"href":"https:\/\/ohme-ev.com\/fr\/wp-json\/wp\/v2\/pages\/6489\/revisions"}],"wp:attachment":[{"href":"https:\/\/ohme-ev.com\/fr\/wp-json\/wp\/v2\/media?parent=6489"}],"wp:term":[{"taxonomy":"partner","embeddable":true,"href":"https:\/\/ohme-ev.com\/fr\/wp-json\/wp\/v2\/partner?post=6489"}],"curies":[{"name":"wp","href":"https:\/\/api.w.org\/{rel}","templated":true}]}}