{"id":6100,"date":"2025-02-03T09:21:53","date_gmt":"2025-02-03T09:21:53","guid":{"rendered":"https:\/\/ohme-ev.com\/?page_id=42834"},"modified":"2025-09-23T12:18:12","modified_gmt":"2025-09-23T12:18:12","slug":"borne-recharge-ohme-compatible-tesla","status":"publish","type":"page","link":"https:\/\/ohme-ev.com\/fr\/borne-recharge-ohme-compatible-tesla\/","title":{"rendered":"Borne de recharge pour Tesla | Ohme France"},"content":{"rendered":"\n<div class=\"fullscreen-hero gradient-enabled gradient-vertical\">\n    <!-- Desktop Media -->\n            <picture>\n            <source media=\"(orientation: portrait) and (max-width: 767px)\" srcset=\" 300w,\n             400w,\n             480w,\n             600w,\n             720w,\n            \" sizes=\"(max-width: 399px) 100vw, calc(100vw - 40px)\" \/>\n            <source media=\"(orientation: landscape) and (min-width: 768px)\" srcset=\"https:\/\/ohme-ev.com\/fr\/wp-content\/uploads\/sites\/9\/2025\/09\/Homepage-FR-Desktop1x-1.webp 740w,\n            https:\/\/ohme-ev.com\/fr\/wp-content\/uploads\/sites\/9\/2025\/09\/Homepage-FR-Desktop1x-1.webp 1024w,\n            https:\/\/ohme-ev.com\/fr\/wp-content\/uploads\/sites\/9\/2025\/09\/Homepage-FR-Desktop1x-1.webp 1240w,\n            https:\/\/ohme-ev.com\/fr\/wp-content\/uploads\/sites\/9\/2025\/09\/Homepage-FR-Desktop1x-1.webp 1590w,\n            https:\/\/ohme-ev.com\/fr\/wp-content\/uploads\/sites\/9\/2025\/09\/Homepage-FR-Desktop1x-1.webp 1680w,\n            https:\/\/ohme-ev.com\/fr\/wp-content\/uploads\/sites\/9\/2025\/09\/Homepage-FR-Desktop1x-1.webp 1880w,\n            https:\/\/ohme-ev.com\/fr\/wp-content\/uploads\/sites\/9\/2025\/09\/Homepage-FR-Desktop1x-1.webp 2000w,\n            https:\/\/ohme-ev.com\/fr\/wp-content\/uploads\/sites\/9\/2025\/09\/Homepage-FR-Desktop1x-1.webp 3000w\n            \" sizes=\"calc(100vw - 40px)\" \/>\n            <img decoding=\"async\" class=\"responsive-image\" src=\"https:\/\/ohme-ev.com\/fr\/wp-content\/uploads\/sites\/9\/2025\/09\/Homepage-FR-Desktop1x-1.webp\" alt=\"\"\/>\n        <\/picture>\n    \n\n    \n    <div class=\"content-container\">\n        <div class=\"wrapper threeColumnWrapper\">\n                            <h1>Borne de recharge Ohme ePod S : compatible avec tous les mod\u00e8les Tesla<\/h1>\n            \n            <p class=\"hero-subtitle\"><\/p>\n\n            \n            <a href=\"https:\/\/survey.ohme-ev.com\/survey\/direct?partnerId=60c9abdd-d5ce-4a5a-97e0-fbdda63d9886&#038;journeyId=51f543e9-9006-48e3-ba62-0422acd0a96d&#038;region=fr\" target=\"_blank\" rel=\"noopener\">\n            <button class=\"ohme-btn survey primary button\" title=\"\">Demander un devis<\/button>\n        <\/a>\n\n    \n            \n            \n                    <\/div>\n    <\/div>\n\n    <!-- Scroll Animation -->\n    <\/div>\n\n<div id=\"\" class=\"blockWrapper top-default bottom-default   \">\n\n\n<div class=\"contentWrapper textImageLeft  image\">\n            <div class=\"imageContainer\">\n            <img decoding=\"async\" loading=\"lazy\" src=\"https:\/\/ohme-ev.com\/fr\/wp-content\/uploads\/sites\/9\/2025\/03\/A7501737-Edited-1.webp\" alt=\"\"\/>\n        <\/div>\n\n        <div class=\"textContainer\">\n        <h3 class=\"title\">Compatibilit\u00e9 avec chaque mod\u00e8le de Tesla<\/h3>\n        <h4 class=\"subtitle regular\"><\/h4>\n        <div class=\"text\"><ul>\n<li data-start=\"1528\" data-end=\"1623\">\n<p data-start=\"1530\" data-end=\"1623\"><strong data-start=\"1530\" data-end=\"1547\">Tesla Model 3<\/strong> : recharge quotidienne optimis\u00e9e pour les trajets urbains et p\u00e9riurbains.<\/p>\n<\/li>\n<li data-start=\"1624\" data-end=\"1747\">\n<p data-start=\"1626\" data-end=\"1747\"><strong data-start=\"1626\" data-end=\"1643\">Tesla Model Y<\/strong> : solution id\u00e9ale pour les familles et grands rouleurs, avec une gestion intelligente de l\u2019autonomie.<\/p>\n<\/li>\n<li data-start=\"1748\" data-end=\"1891\">\n<p data-start=\"1750\" data-end=\"1891\"><strong data-start=\"1750\" data-end=\"1777\">Tesla Model S &amp; Model X<\/strong> : bornes adapt\u00e9es aux puissances \u00e9lev\u00e9es et aux longs trajets, garantissant une recharge efficace et s\u00e9curis\u00e9e.<\/p>\n<\/li>\n<\/ul>\n<\/div>\n        <div class=\"buttonsContainer\">\n                    <\/div>\n            <\/div>\n<\/div>\n<\/div>\n\n<div id=\"\" class=\"blockWrapper top-default bottom-default   \">\n\n<div class=\"text-image-right bg-darkgreen\">\n    <div class=\"inner\">\n        <div class=\"text-content\">\n                        <h3 class=\"title\">L\u2019Ohme ePod S en d\u00e9tails<\/h3>\n                        <div class=\"text\"><ul>\n<li data-start=\"2046\" data-end=\"2132\">\n<p data-start=\"2048\" data-end=\"2132\"><strong data-start=\"2048\" data-end=\"2061\">Puissance<\/strong> : jusqu\u2019\u00e0 7,4 kW (monophas\u00e9) ou 22 kW (triphas\u00e9 selon installation).<\/p>\n<\/li>\n<li data-start=\"2133\" data-end=\"2213\">\n<p data-start=\"2135\" data-end=\"2213\"><strong data-start=\"2135\" data-end=\"2149\">Connecteur<\/strong> : Type 2, standard europ\u00e9en et parfaitement adapt\u00e9 aux Tesla.<\/p>\n<\/li>\n<li data-start=\"2214\" data-end=\"2316\">\n<p data-start=\"2216\" data-end=\"2316\"><strong data-start=\"2216\" data-end=\"2243\">Application mobile Ohme<\/strong> : pilotage \u00e0 distance, suivi consommation, programmation intelligente.<\/p>\n<\/li>\n<li data-start=\"2317\" data-end=\"2408\">\n<p data-start=\"2319\" data-end=\"2408\"><strong data-start=\"2319\" data-end=\"2338\">Gestion solaire<\/strong> : priorisation de l\u2019\u00e9nergie photovolta\u00efque pour une recharge verte.<\/p>\n<\/li>\n<\/ul>\n<\/div>\n                                                <div class=\"buttons\">\n                                    \n            <a href=\"https:\/\/ohme-ev.com\/fr\/comment-fonctionnent-nos-bornes\/\" target=\"_self\" >\n            <button class=\"ohme-btn primary button\" title=\"\">En savoir plus <\/button>\n        <\/a>\n                                <\/div>\n                                <\/div>\n        <div class=\"media-content\">\n                        <img decoding=\"async\" loading=\"lazy\" src=\"https:\/\/ohme-ev.com\/fr\/wp-content\/uploads\/sites\/9\/2025\/04\/A7501738-Edited-2.webp\" alt=\"\" \/>\n                    <\/div>\n    <\/div>\n<\/div>\n\n<\/div>\n\n<div id=\"\" class=\"blockWrapper top-default bottom-default   \">\n\n    <div class=\"\">\n\n        <div class=\"threeColumnWrapper \">\n            <h2 class=\"title\">La solution de recharge sur-mesure pour votre Tesla<\/h2>\n            <p class=\"subtitle regular \" style=\"\">La recharge \u00e0 domicile est un \u00e9l\u00e9ment essentiel pour profiter pleinement de votre Tesla.<\/p>\n            <div class=\"columnsContainer\">\n                                        <div class=\"column\">\n                            <div class=\"imageContainer \">\n                                                                    <img loading=\"lazy\" decoding=\"async\" width=\"340\" height=\"228\" src=\"https:\/\/ohme-ev.com\/fr\/wp-content\/uploads\/sites\/9\/2024\/12\/Ohme_Nov_NatHouse_348.webp\" class=\"attachment-column_hero size-column_hero\" alt=\"\" \/>\n                                                            <\/div>\n\n                            <div>\n                                <p class=\"label\"><\/p>\n                                <p class=\"subtitleColumn\">Recharge intelligente<\/p>\n                                <div class=\"body\"><p>Avec l\u2019application Ohme, programmez vos recharges aux heures creuses, suivez votre consommation et r\u00e9duisez vos co\u00fbts de recharge.<\/p>\n<\/div>\n                            <\/div>\n                        <\/div>\n                                                <div class=\"column\">\n                            <div class=\"imageContainer \">\n                                                                    <img loading=\"lazy\" decoding=\"async\" width=\"340\" height=\"227\" src=\"https:\/\/ohme-ev.com\/fr\/wp-content\/uploads\/sites\/9\/2024\/10\/A7501746-Edited-1-1-1-340x227.webp\" class=\"attachment-column_hero size-column_hero\" alt=\"\" srcset=\"https:\/\/ohme-ev.com\/fr\/wp-content\/uploads\/sites\/9\/2024\/10\/A7501746-Edited-1-1-1-340x227.webp 340w, https:\/\/ohme-ev.com\/fr\/wp-content\/uploads\/sites\/9\/2024\/10\/A7501746-Edited-1-1-1-300x200.webp 300w, https:\/\/ohme-ev.com\/fr\/wp-content\/uploads\/sites\/9\/2024\/10\/A7501746-Edited-1-1-1-768x512.webp 768w, https:\/\/ohme-ev.com\/fr\/wp-content\/uploads\/sites\/9\/2024\/10\/A7501746-Edited-1-1-1-276x184.webp 276w, https:\/\/ohme-ev.com\/fr\/wp-content\/uploads\/sites\/9\/2024\/10\/A7501746-Edited-1-1-1.webp 800w\" sizes=\"auto, (max-width: 340px) 100vw, 340px\" \/>\n                                                            <\/div>\n\n                            <div>\n                                <p class=\"label\"><\/p>\n                                <p class=\"subtitleColumn\">Compatibilit\u00e9 solaire<\/p>\n                                <div class=\"body\"><p data-start=\"887\" data-end=\"1042\">L\u2019ePod S permet d\u2019int\u00e9grer la production de panneaux photovolta\u00efques pour recharger votre Tesla avec une \u00e9nergie 100 % verte.<\/p>\n<\/div>\n                            <\/div>\n                        <\/div>\n                                                <div class=\"column\">\n                            <div class=\"imageContainer \">\n                                                                    <img loading=\"lazy\" decoding=\"async\" width=\"334\" height=\"242\" src=\"https:\/\/ohme-ev.com\/fr\/wp-content\/uploads\/sites\/9\/2024\/02\/3-image-module_Mia-phone_master-622x450-1-334x242.webp\" class=\"attachment-column_hero size-column_hero\" alt=\"\" srcset=\"https:\/\/ohme-ev.com\/fr\/wp-content\/uploads\/sites\/9\/2024\/02\/3-image-module_Mia-phone_master-622x450-1-334x242.webp 334w, https:\/\/ohme-ev.com\/fr\/wp-content\/uploads\/sites\/9\/2024\/02\/3-image-module_Mia-phone_master-622x450-1-300x217.webp 300w, https:\/\/ohme-ev.com\/fr\/wp-content\/uploads\/sites\/9\/2024\/02\/3-image-module_Mia-phone_master-622x450-1-254x184.webp 254w, https:\/\/ohme-ev.com\/fr\/wp-content\/uploads\/sites\/9\/2024\/02\/3-image-module_Mia-phone_master-622x450-1.webp 622w\" sizes=\"auto, (max-width: 334px) 100vw, 334px\" \/>\n                                                            <\/div>\n\n                            <div>\n                                <p class=\"label\"><\/p>\n                                <p class=\"subtitleColumn\">Accompagnement sur-mesure<\/p>\n                                <div class=\"body\"><p>Nos \u00e9quipes vous accompagnent \u00e0 chaque \u00e9tape de votre projet, notre service client est disponible \u00e0 tout moment pour vous garantir une exp\u00e9rience de recharge optimale.<\/p>\n<\/div>\n                            <\/div>\n                        <\/div>\n                                    <\/div>\n                    <\/div>\n    <\/div>\n<\/div>\n\n<div id=\"\" class=\"blockWrapper top-smaller bottom-smaller   \">\n\n<div class=\"divider\" style=\"width: 80%; background-color: #ffffff;\"><\/div>\n\n<\/div>\n\n<div id=\"\" class=\"blockWrapper top-smaller bottom-default   \">\n\n\n<div class=\"contentWrapper textImageLeft  image\">\n            <div class=\"imageContainer\">\n            <img decoding=\"async\" loading=\"lazy\" src=\"https:\/\/ohme-ev.com\/fr\/wp-content\/uploads\/sites\/9\/2025\/01\/windmills-1838788_1280-1.webp\" alt=\"\"\/>\n        <\/div>\n\n        <div class=\"textContainer\">\n        <h3 class=\"title larger\">Choisir une borne Ohme c&#8217;est :<\/h3>\n        <h4 class=\"subtitle regular\"><\/h4>\n        <div class=\"text\"><h3>L&#8217;int\u00e9gration de vos tarifs \u00e9nerg\u00e9tiques<\/h3>\n<p>Programmez vos tarifs sur votre application et laissez votre borne charger lorsque l&#8217;\u00e9lectricit\u00e9 est la moins co\u00fbteuse<\/p>\n<h3>Une application d\u00e9di\u00e9e<\/h3>\n<p>Pour contr\u00f4ler vos sessions de charge, planifier des routines et garder le contr\u00f4le de votre consommation d\u2019\u00e9nergie et de vos \u00e9conomies<\/p>\n<h3>L&#8217;acc\u00e9s \u00e0 la recharge solaire<\/h3>\n<p>Rechargez votre Tesla avec votre surplus de production solaire, r\u00e9duisez votre d\u00e9pendance au r\u00e9seau tout en vous assurant que votre voiture est toujours pr\u00eate. Quel que soit le temps.<\/p>\n<\/div>\n        <div class=\"buttonsContainer\">\n            \n            <a href=\"https:\/\/ohme-ev.com\/fr\/nos-bornes-de-recharge\/\" target=\"_blank\" rel=\"noopener\">\n            <button class=\"ohme-btn primary button external\" title=\"\">En savoir plus<\/button>\n        <\/a>\n            <\/div>\n            <\/div>\n<\/div>\n<\/div>\n\n\n<div style=\"height:100px\" aria-hidden=\"true\" class=\"wp-block-spacer\"><\/div>\n\n\n\n\n<div id=\"\" class=\"blockWrapper top-default bottom-default   \">\n\n    <div class=\"accordion-block bg-white\">\n        <div class=\"contentWrapper\">\n                            <h2>FAQ : Recharger sa Tesla avec une borne Ohme<\/h2>\n                                        <div class=\"accordion-sections\" data-accordion-type=\"single\">\n                                        <h3 class=\"open\">Puis-je recharger ma Tesla Model Y avec une borne Ohme ?<\/h3>\n                    <div><p data-start=\"3073\" data-end=\"3219\">Oui, l\u2019ePod S est compatible avec tous les mod\u00e8les Tesla, y compris la Model Y.<\/p>\n<\/div>\n                                        <h3>La borne Ohme ePod S est-elle compatible avec l\u2019adaptateur Tesla ?<\/h3>\n                    <div><p data-start=\"3221\" data-end=\"3396\">Oui, gr\u00e2ce \u00e0 son connecteur Type 2 standard, elle fonctionne parfaitement avec ou sans adaptateur.<\/p>\n<\/div>\n                                        <h3>Quelle est la puissance maximale de recharge ?<\/h3>\n                    <div><p data-start=\"3398\" data-end=\"3559\">Jusqu\u2019\u00e0 22 kW en triphas\u00e9 (selon installation \u00e9lectrique), id\u00e9ale pour des recharges rapides \u00e0 domicile.<\/p>\n<\/div>\n                                        <h3>Puis-je utiliser mes panneaux solaires pour recharger ma Tesla ?<\/h3>\n                    <div><p data-start=\"3561\" data-end=\"3704\">Oui, la borne Ohme ePod S int\u00e8gre la gestion de la recharge solaire.<\/p>\n<\/div>\n                                    <\/div>\n                    <\/div>\n    <\/div>\n\n<\/div>\n\n\n<div style=\"height:100px\" aria-hidden=\"true\" class=\"wp-block-spacer\"><\/div>\n\n\n\n    <div class=\"trustpilot-container\">\n\n        <div class=\"trustpilot-widget\" data-locale=\"fr-FR\" data-template-id=\"53aa8912dec7e10d38f59f36\" data-businessunit-id=\"5d3237d97eea3b0001c71608\" data-style-height=\"140px\" data-style-width=\"100%\" data-stars=\"4, 5\" data-review-languages=\"fr\">\n            <a href=\"https:\/\/fr.trustpilot.com\/review\/www.ohme-ev.com\" target=\"_blank\" rel=\"noopener\">Trustpilot<\/a>\n        <\/div>\n    <\/div>\n\n","protected":false},"excerpt":{"rendered":"","protected":false},"author":50,"featured_media":0,"parent":0,"menu_order":0,"comment_status":"closed","ping_status":"closed","template":"landing-page-full-width.php","meta":{"_acf_changed":false,"_helpful_status":1,"footnotes":""},"partner":[],"class_list":["post-6100","page","type-page","status-publish","hentry"],"acf":[],"yoast_head":"<!-- This site is optimized with the Yoast SEO Premium plugin v27.4 (Yoast SEO v27.4) - https:\/\/yoast.com\/product\/yoast-seo-premium-wordpress\/ -->\n<title>Borne de recharge Ohme ePod S compatible Tesla<\/title>\n<meta name=\"description\" content=\"La borne de recharge Ohme ePod S, compatible avec tous les mod\u00e8les Tesla. Recharge intelligente, fiable et solaire, avec installation \u00e0 domicile.\" \/>\n<meta name=\"robots\" content=\"noindex, nofollow\" \/>\n<meta property=\"og:locale\" content=\"fr_FR\" \/>\n<meta property=\"og:type\" content=\"article\" \/>\n<meta property=\"og:title\" content=\"Borne de recharge pour Tesla | Ohme France\" \/>\n<meta property=\"og:description\" content=\"La borne de recharge Ohme ePod S, compatible avec tous les mod\u00e8les Tesla. Recharge intelligente, fiable et solaire, avec installation \u00e0 domicile.\" \/>\n<meta property=\"og:url\" content=\"https:\/\/ohme-ev.com\/fr\/borne-recharge-ohme-compatible-tesla\/\" \/>\n<meta property=\"og:site_name\" content=\"Ohme EV France\" \/>\n<meta property=\"article:publisher\" content=\"https:\/\/www.facebook.com\/OhmeEV\/\" \/>\n<meta property=\"article:modified_time\" content=\"2025-09-23T12:18:12+00:00\" \/>\n<meta name=\"twitter:card\" content=\"summary_large_image\" \/>\n<meta name=\"twitter:site\" content=\"@ohmeev\" \/>\n<script type=\"application\/ld+json\" class=\"yoast-schema-graph\">{\"@context\":\"https:\\\/\\\/schema.org\",\"@graph\":[{\"@type\":\"WebPage\",\"@id\":\"https:\\\/\\\/ohme-ev.com\\\/fr\\\/borne-recharge-ohme-compatible-tesla\\\/\",\"url\":\"https:\\\/\\\/ohme-ev.com\\\/fr\\\/borne-recharge-ohme-compatible-tesla\\\/\",\"name\":\"Borne de recharge Ohme ePod S compatible Tesla\",\"isPartOf\":{\"@id\":\"https:\\\/\\\/ohme-ev.com\\\/fr\\\/#website\"},\"datePublished\":\"2025-02-03T09:21:53+00:00\",\"dateModified\":\"2025-09-23T12:18:12+00:00\",\"description\":\"La borne de recharge Ohme ePod S, compatible avec tous les mod\u00e8les Tesla. Recharge intelligente, fiable et solaire, avec installation \u00e0 domicile.\",\"breadcrumb\":{\"@id\":\"https:\\\/\\\/ohme-ev.com\\\/fr\\\/borne-recharge-ohme-compatible-tesla\\\/#breadcrumb\"},\"inLanguage\":\"fr-fr\",\"potentialAction\":[{\"@type\":\"ReadAction\",\"target\":[\"https:\\\/\\\/ohme-ev.com\\\/fr\\\/borne-recharge-ohme-compatible-tesla\\\/\"]}]},{\"@type\":\"BreadcrumbList\",\"@id\":\"https:\\\/\\\/ohme-ev.com\\\/fr\\\/borne-recharge-ohme-compatible-tesla\\\/#breadcrumb\",\"itemListElement\":[{\"@type\":\"ListItem\",\"position\":1,\"name\":\"Home\",\"item\":\"https:\\\/\\\/ohme-ev.com\\\/fr\\\/\"},{\"@type\":\"ListItem\",\"position\":2,\"name\":\"Borne de recharge pour Tesla | Ohme France\"}]},{\"@type\":\"WebSite\",\"@id\":\"https:\\\/\\\/ohme-ev.com\\\/fr\\\/#website\",\"url\":\"https:\\\/\\\/ohme-ev.com\\\/fr\\\/\",\"name\":\"Ohme EV France\",\"description\":\"Ohme - EV Smart Charging Solutions\",\"potentialAction\":[{\"@type\":\"SearchAction\",\"target\":{\"@type\":\"EntryPoint\",\"urlTemplate\":\"https:\\\/\\\/ohme-ev.com\\\/fr\\\/?s={search_term_string}\"},\"query-input\":{\"@type\":\"PropertyValueSpecification\",\"valueRequired\":true,\"valueName\":\"search_term_string\"}}],\"inLanguage\":\"fr-fr\"}]}<\/script>\n<!-- \/ Yoast SEO Premium plugin. -->","yoast_head_json":{"title":"Borne de recharge Ohme ePod S compatible Tesla","description":"La borne de recharge Ohme ePod S, compatible avec tous les mod\u00e8les Tesla. Recharge intelligente, fiable et solaire, avec installation \u00e0 domicile.","robots":{"index":"noindex","follow":"nofollow"},"og_locale":"fr_FR","og_type":"article","og_title":"Borne de recharge pour Tesla | Ohme France","og_description":"La borne de recharge Ohme ePod S, compatible avec tous les mod\u00e8les Tesla. Recharge intelligente, fiable et solaire, avec installation \u00e0 domicile.","og_url":"https:\/\/ohme-ev.com\/fr\/borne-recharge-ohme-compatible-tesla\/","og_site_name":"Ohme EV France","article_publisher":"https:\/\/www.facebook.com\/OhmeEV\/","article_modified_time":"2025-09-23T12:18:12+00:00","twitter_card":"summary_large_image","twitter_site":"@ohmeev","schema":{"@context":"https:\/\/schema.org","@graph":[{"@type":"WebPage","@id":"https:\/\/ohme-ev.com\/fr\/borne-recharge-ohme-compatible-tesla\/","url":"https:\/\/ohme-ev.com\/fr\/borne-recharge-ohme-compatible-tesla\/","name":"Borne de recharge Ohme ePod S compatible Tesla","isPartOf":{"@id":"https:\/\/ohme-ev.com\/fr\/#website"},"datePublished":"2025-02-03T09:21:53+00:00","dateModified":"2025-09-23T12:18:12+00:00","description":"La borne de recharge Ohme ePod S, compatible avec tous les mod\u00e8les Tesla. Recharge intelligente, fiable et solaire, avec installation \u00e0 domicile.","breadcrumb":{"@id":"https:\/\/ohme-ev.com\/fr\/borne-recharge-ohme-compatible-tesla\/#breadcrumb"},"inLanguage":"fr-fr","potentialAction":[{"@type":"ReadAction","target":["https:\/\/ohme-ev.com\/fr\/borne-recharge-ohme-compatible-tesla\/"]}]},{"@type":"BreadcrumbList","@id":"https:\/\/ohme-ev.com\/fr\/borne-recharge-ohme-compatible-tesla\/#breadcrumb","itemListElement":[{"@type":"ListItem","position":1,"name":"Home","item":"https:\/\/ohme-ev.com\/fr\/"},{"@type":"ListItem","position":2,"name":"Borne de recharge pour Tesla | Ohme France"}]},{"@type":"WebSite","@id":"https:\/\/ohme-ev.com\/fr\/#website","url":"https:\/\/ohme-ev.com\/fr\/","name":"Ohme EV France","description":"Ohme - EV Smart Charging Solutions","potentialAction":[{"@type":"SearchAction","target":{"@type":"EntryPoint","urlTemplate":"https:\/\/ohme-ev.com\/fr\/?s={search_term_string}"},"query-input":{"@type":"PropertyValueSpecification","valueRequired":true,"valueName":"search_term_string"}}],"inLanguage":"fr-fr"}]}},"_links":{"self":[{"href":"https:\/\/ohme-ev.com\/fr\/wp-json\/wp\/v2\/pages\/6100","targetHints":{"allow":["GET"]}}],"collection":[{"href":"https:\/\/ohme-ev.com\/fr\/wp-json\/wp\/v2\/pages"}],"about":[{"href":"https:\/\/ohme-ev.com\/fr\/wp-json\/wp\/v2\/types\/page"}],"author":[{"embeddable":true,"href":"https:\/\/ohme-ev.com\/fr\/wp-json\/wp\/v2\/users\/50"}],"replies":[{"embeddable":true,"href":"https:\/\/ohme-ev.com\/fr\/wp-json\/wp\/v2\/comments?post=6100"}],"version-history":[{"count":0,"href":"https:\/\/ohme-ev.com\/fr\/wp-json\/wp\/v2\/pages\/6100\/revisions"}],"wp:attachment":[{"href":"https:\/\/ohme-ev.com\/fr\/wp-json\/wp\/v2\/media?parent=6100"}],"wp:term":[{"taxonomy":"partner","embeddable":true,"href":"https:\/\/ohme-ev.com\/fr\/wp-json\/wp\/v2\/partner?post=6100"}],"curies":[{"name":"wp","href":"https:\/\/api.w.org\/{rel}","templated":true}]}}