{"id":6026,"date":"2023-08-23T16:12:01","date_gmt":"2023-08-23T16:12:01","guid":{"rendered":"https:\/\/ohme.wpengine.com\/?page_id=1747"},"modified":"2026-02-18T09:51:01","modified_gmt":"2026-02-18T09:51:01","slug":"comment-recharger-son-vehicule-a-domicile","status":"publish","type":"page","link":"https:\/\/ohme-ev.com\/fr\/comment-recharger-son-vehicule-a-domicile\/","title":{"rendered":"Comment recharger son v\u00e9hicule \u00e0 domicile"},"content":{"rendered":"<div class=\"image-text-hero with-image gradient-enabled gradient-vertical has-mobile-bg\" style=\"--bg-desktop: url(&#039;https:\/\/ohme-ev.com\/fr\/wp-content\/uploads\/sites\/9\/2025\/09\/New-to-EVs-Desktop1x.webp&#039;); --bg-mobile: url(&#039;https:\/\/ohme-ev.com\/fr\/wp-content\/uploads\/sites\/9\/2025\/09\/New-to-EVs-Mobile1x.webp&#039;);\">\n\n    <div class=\"contentWrapper imageRight mobile-image-bottom\">\n        <div class=\"content-container\">\n            <div class=\"wrapper\">\n                                    <h1>Vous venez d&#039;acqu\u00e9rir votre v\u00e9hicule \u00e9lectrique ?<\/h1>\n                \n                \n                                    <p><p>Vous trouverez ci-dessous ce que chaque nouveau conducteur de v\u00e9hicule \u00e9lectrique doit savoir sur la recharge \u00e0 domicile.<\/p>\n<\/p>\n                \n                \n            <a href=\"https:\/\/ohme-ev.com\/fr\/produit\/\" target=\"_self\" >\n            <button class=\"ohme-btn secondaryDark button\" title=\"\">D\u00e9couvrir nos bornes<\/button>\n        <\/a>\n    \n                            <\/div>\n        <\/div>\n\n        <div class=\"image-container\">\n            \n                    <\/div>\n    <\/div>\n\n    <\/div>\n\n<div id=\"\" class=\"blockWrapper top-default bottom-default   \">\n\n<div class=\"text-image-right bg-white\">\n    <div class=\"inner\">\n        <div class=\"text-content\">\n                        <h3 class=\"title\">Qu&#8217;est-ce qu&#8217;une borne de recharge ?<\/h3>\n                        <div class=\"text\"><p>Une borne de recharge permet aux conducteurs de v\u00e9hicules \u00e9lectriques de se recharger directement depuis leur foyer. La recharge est moins co\u00fbteuse et permet de gagner du temps en \u00e9vitant les allers-retours aux stations de recharge publiques.<\/p>\n<\/div>\n                                                <div class=\"buttons\">\n                                    \n            <a href=\"https:\/\/survey.ohme-ev.com\/survey\/direct?partnerId=60c9abdd-d5ce-4a5a-97e0-fbdda63d9886&#038;journeyId=51f543e9-9006-48e3-ba62-0422acd0a96d&#038;region=fr\" target=\"_blank\" rel=\"noopener\">\n            <button class=\"ohme-btn survey primary button\" title=\"\">Demander un devis<\/button>\n        <\/a>\n\n                                <\/div>\n                                <\/div>\n        <div class=\"media-content\">\n                        <img decoding=\"async\" loading=\"lazy\" src=\"https:\/\/ohme-ev.com\/fr\/wp-content\/uploads\/sites\/9\/2026\/01\/comment-recharger-son-vehicule-a-domicile.webp\" alt=\"\" \/>\n                    <\/div>\n    <\/div>\n<\/div>\n\n<\/div>\n\n<div id=\"\" class=\"blockWrapper top-default bottom-default   \">\n\n<div class=\"info bg-darkblue\">\n    <div class=\"contentWrapper\">\n                    <h2>\n                Compatibles avec tous les mod\u00e8les de v\u00e9hicules \u00e9lectriques             <\/h2>\n                <div class=\"text\">\n            <p>Les bornes Ohme sont con\u00e7ues pour \u00eatre compatibles avec tous les mod\u00e8les de v\u00e9hicules \u00e9lectriques sur le march\u00e9. Vous pouvez ainsi charger avec votre borne Ohme quel que soit la marque de votre v\u00e9hicule \u00e9lectrique.<\/p>\n        <\/div>\n                        <div class=\"buttonsWrapper\">\n                        \n            <a href=\"https:\/\/ohme-ev.com\/fr\/borne-recharge-ohme-compatible-tesla\/\" target=\"_self\" >\n            <button class=\"ohme-btn primary button\" title=\"\">En savoir plus sur la compatibilit\u00e9 Ohme &#8211; Tesla<\/button>\n        <\/a>\n                        <\/div>\n            <\/div>\n<\/div>\n\n<\/div>\n\n<div id=\"\" class=\"blockWrapper top-default bottom-default   \">\n\n    <div class=\"dualTilesWrapper blockWrapper\">\n        <h3><\/h3>\n        <div class=\"tilesContainer\">\n                                <div class=\"tileWrapper \">\n                        <h2 class=\"title\">Qu&#8217;est ce que la recharge acc\u00e9l\u00e9r\u00e9e ?<\/h2>\n\n                        <div class=\"copy\"><p>Ces bornes de recharge, avec une capacit\u00e9 de 7 \u00e0 22kW, sont les plus r\u00e9pandus. La solution de recharge parfaite lorsque vous stationnez quelques heures au m\u00eame endroit (\u00e0 la maison, au travail&#8230;).<\/p>\n<\/div>\n                                                                                                                        <div class=\"ctasContainer\">\n                                                    <\/div>\n                    <\/div>\n                                    <div class=\"tileWrapper \">\n                        <h2 class=\"title\">Qu&#8217;est ce que la recharge rapide ?<\/h2>\n\n                        <div class=\"copy\"><p>Les bornes de recharge rapides, d&#8217;une intensit\u00e9 de 50 \u00e0 350kW, sont parfaites pour compl\u00e9ter la charge de votre v\u00e9hicule lorsque vous \u00eates sur la route. Elles ne sont pas adapt\u00e9es pour une installation \u00e0 domicile, elles sont habituellement dans des stations services et aires d&#8217;autoroutes.<\/p>\n<\/div>\n                                                                                                                        <div class=\"ctasContainer\">\n                                                    <\/div>\n                    <\/div>\n                        <\/div>\n    <\/div>\n\n<\/div>\n\n<div id=\"\" class=\"blockWrapper top-default bottom-default   \">\n\n<div class=\"old-standalone-tiles blockWrapper\">\n    <div class=\"contentWrapper\">\n        <h2>Bien d\u00e9buter votre 1\u00e8re recharge<\/h2>\n                <div class=\"tiles-wrapper\">\n            <div class=\"tiles\">\n                                                        <div class=\"tile custom\">\n                        <img loading=\"lazy\" decoding=\"async\" width=\"307\" height=\"184\" src=\"https:\/\/ohme-ev.com\/fr\/wp-content\/uploads\/sites\/9\/2023\/08\/Card-header_Woman-driver-sun-visor_master-750x450.png\" class=\"attachment-tile_hero size-tile_hero\" alt=\"Que signifie kWh ?\" srcset=\"https:\/\/ohme-ev.com\/fr\/wp-content\/uploads\/sites\/9\/2023\/08\/Card-header_Woman-driver-sun-visor_master-750x450.png 750w, https:\/\/ohme-ev.com\/fr\/wp-content\/uploads\/sites\/9\/2023\/08\/Card-header_Woman-driver-sun-visor_master-300x180.png 300w, https:\/\/ohme-ev.com\/fr\/wp-content\/uploads\/sites\/9\/2023\/08\/Card-header_Woman-driver-sun-visor_master-768x461.png 768w, https:\/\/ohme-ev.com\/fr\/wp-content\/uploads\/sites\/9\/2023\/08\/Card-header_Woman-driver-sun-visor_master.png 1020w\" sizes=\"auto, (max-width: 307px) 100vw, 307px\" \/>                        <div class=\"content\">\n                            <h3 class=\"title\">Que signifie kWh ?<\/h3>\n                            <p>kWh signifie kilowatt heure et repr\u00e9sente la capacit\u00e9 de stockage de la batterie du v\u00e9hicule. Pour simplifier, cela repr\u00e9sente la taille du r\u00e9servoir d&#8217;\u00e9lectricit\u00e9.<\/p>\n                                                    <\/div>\n                    <\/div>\n                                                                            <div class=\"tile custom\">\n                        <img loading=\"lazy\" decoding=\"async\" width=\"276\" height=\"184\" src=\"https:\/\/ohme-ev.com\/fr\/wp-content\/uploads\/sites\/9\/2025\/03\/A7501737-Edited-1-276x184.webp\" class=\"attachment-tile_hero size-tile_hero\" alt=\"Quelle puissance de borne choisir ?\" srcset=\"https:\/\/ohme-ev.com\/fr\/wp-content\/uploads\/sites\/9\/2025\/03\/A7501737-Edited-1-276x184.webp 276w, https:\/\/ohme-ev.com\/fr\/wp-content\/uploads\/sites\/9\/2025\/03\/A7501737-Edited-1-300x200.webp 300w, https:\/\/ohme-ev.com\/fr\/wp-content\/uploads\/sites\/9\/2025\/03\/A7501737-Edited-1-1024x683.webp 1024w, https:\/\/ohme-ev.com\/fr\/wp-content\/uploads\/sites\/9\/2025\/03\/A7501737-Edited-1-768x512.webp 768w, https:\/\/ohme-ev.com\/fr\/wp-content\/uploads\/sites\/9\/2025\/03\/A7501737-Edited-1-340x227.webp 340w, https:\/\/ohme-ev.com\/fr\/wp-content\/uploads\/sites\/9\/2025\/03\/A7501737-Edited-1.webp 1200w\" sizes=\"auto, (max-width: 276px) 100vw, 276px\" \/>                        <div class=\"content\">\n                            <h3 class=\"title\">Quelle puissance de borne choisir ?<\/h3>\n                            <p>Cela d\u00e9pend de votre installation. Si vous \u00eates en monophas\u00e9 il est n\u00e9cessaire d&#8217;opter pour du 7kW, alors que du 22kw conviendra pour une installation en triphas\u00e9.<\/p>\n                                                    <\/div>\n                    <\/div>\n                                                                            <div class=\"tile custom\">\n                        <img loading=\"lazy\" decoding=\"async\" width=\"307\" height=\"184\" src=\"https:\/\/ohme-ev.com\/fr\/wp-content\/uploads\/sites\/9\/2023\/08\/Card-header_Charge-cap-open-_UK-750x450.png\" class=\"attachment-tile_hero size-tile_hero\" alt=\"A quel moment lancer ma recharge ?\" srcset=\"https:\/\/ohme-ev.com\/fr\/wp-content\/uploads\/sites\/9\/2023\/08\/Card-header_Charge-cap-open-_UK-750x450.png 750w, https:\/\/ohme-ev.com\/fr\/wp-content\/uploads\/sites\/9\/2023\/08\/Card-header_Charge-cap-open-_UK-300x180.png 300w, https:\/\/ohme-ev.com\/fr\/wp-content\/uploads\/sites\/9\/2023\/08\/Card-header_Charge-cap-open-_UK-768x461.png 768w, https:\/\/ohme-ev.com\/fr\/wp-content\/uploads\/sites\/9\/2023\/08\/Card-header_Charge-cap-open-_UK.png 1020w\" sizes=\"auto, (max-width: 307px) 100vw, 307px\" \/>                        <div class=\"content\">\n                            <h3 class=\"title\">A quel moment lancer ma recharge ?<\/h3>\n                            <p>Il est pr\u00e9f\u00e9rable de conserver un niveau de charge entre 20 et 80% afin de maximiser la dur\u00e9e de vie de la batterie.<\/p>\n                                                    <\/div>\n                    <\/div>\n                                                                                <a href=\"https:\/\/ohme-ev.com\/fr\/combien-coute-la-recharge-de-votre-vehicule-a-domicile\/\">\n                                        <div class=\"tile custom\">\n                        <img loading=\"lazy\" decoding=\"async\" width=\"307\" height=\"184\" src=\"https:\/\/ohme-ev.com\/fr\/wp-content\/uploads\/sites\/9\/2023\/08\/Card-header_Blerina-ePod-phone_master-750x450.png\" class=\"attachment-tile_hero size-tile_hero\" alt=\"Combien \u00e7a co\u00fbte ?\" srcset=\"https:\/\/ohme-ev.com\/fr\/wp-content\/uploads\/sites\/9\/2023\/08\/Card-header_Blerina-ePod-phone_master-750x450.png 750w, https:\/\/ohme-ev.com\/fr\/wp-content\/uploads\/sites\/9\/2023\/08\/Card-header_Blerina-ePod-phone_master-300x180.png 300w, https:\/\/ohme-ev.com\/fr\/wp-content\/uploads\/sites\/9\/2023\/08\/Card-header_Blerina-ePod-phone_master-768x461.png 768w, https:\/\/ohme-ev.com\/fr\/wp-content\/uploads\/sites\/9\/2023\/08\/Card-header_Blerina-ePod-phone_master.png 1020w\" sizes=\"auto, (max-width: 307px) 100vw, 307px\" \/>                        <div class=\"content\">\n                            <h3 class=\"title\">Combien \u00e7a co\u00fbte ?<\/h3>\n                            <p>Avec un co\u00fbt par km plus bas que celui du p\u00e9trole, recharger \u00e0 domicile est plus \u00e9cologique et moins co\u00fbteux. Vos \u00e9conomies d\u00e9pendront de votre mod\u00e8le de v\u00e9hicule et de votre contrat d\u2019\u00e9lectricit\u00e9.<\/p>\n                                                            <div class=\"link\">Learn more<\/div>\n                                                    <\/div>\n                    <\/div>\n                                            <\/a>\n                                                                            <div class=\"tile custom\">\n                        <img loading=\"lazy\" decoding=\"async\" width=\"307\" height=\"184\" src=\"https:\/\/ohme-ev.com\/fr\/wp-content\/uploads\/sites\/9\/2023\/08\/Card-header_Car-tunnel_master-750x450.png\" class=\"attachment-tile_hero size-tile_hero\" alt=\"Combien de temps pour charger mon v\u00e9hicule ?\" srcset=\"https:\/\/ohme-ev.com\/fr\/wp-content\/uploads\/sites\/9\/2023\/08\/Card-header_Car-tunnel_master-750x450.png 750w, https:\/\/ohme-ev.com\/fr\/wp-content\/uploads\/sites\/9\/2023\/08\/Card-header_Car-tunnel_master-300x180.png 300w, https:\/\/ohme-ev.com\/fr\/wp-content\/uploads\/sites\/9\/2023\/08\/Card-header_Car-tunnel_master-768x461.png 768w, https:\/\/ohme-ev.com\/fr\/wp-content\/uploads\/sites\/9\/2023\/08\/Card-header_Car-tunnel_master.png 1020w\" sizes=\"auto, (max-width: 307px) 100vw, 307px\" \/>                        <div class=\"content\">\n                            <h3 class=\"title\">Combien de temps pour charger mon v\u00e9hicule ?<\/h3>\n                            <p>Le temps de recharge varie selon la batterie et le chargeur. Comptez en moyenne 11 heures avec une borne 7,4 kW.<\/p>\n                                                    <\/div>\n                    <\/div>\n                                                                            <div class=\"tile custom\">\n                        <img loading=\"lazy\" decoding=\"async\" width=\"307\" height=\"184\" src=\"https:\/\/ohme-ev.com\/fr\/wp-content\/uploads\/sites\/9\/2023\/08\/Card-header_Charge-dashboard_master-750x450.png\" class=\"attachment-tile_hero size-tile_hero\" alt=\"Qu&#039;est ce que l&#039;autonomie ?\" srcset=\"https:\/\/ohme-ev.com\/fr\/wp-content\/uploads\/sites\/9\/2023\/08\/Card-header_Charge-dashboard_master-750x450.png 750w, https:\/\/ohme-ev.com\/fr\/wp-content\/uploads\/sites\/9\/2023\/08\/Card-header_Charge-dashboard_master-300x180.png 300w, https:\/\/ohme-ev.com\/fr\/wp-content\/uploads\/sites\/9\/2023\/08\/Card-header_Charge-dashboard_master-768x461.png 768w, https:\/\/ohme-ev.com\/fr\/wp-content\/uploads\/sites\/9\/2023\/08\/Card-header_Charge-dashboard_master.png 1020w\" sizes=\"auto, (max-width: 307px) 100vw, 307px\" \/>                        <div class=\"content\">\n                            <h3 class=\"title\">Qu&#8217;est ce que l&#8217;autonomie ?<\/h3>\n                            <p>L\u2019autonomie correspond \u00e0 la distance que votre voiture \u00e9lectrique peut parcourir avec une seule charge compl\u00e8te \u2013 imaginez-la comme votre terrain de jeux avant la prochaine recharge.\r\n<\/p>\n                                                    <\/div>\n                    <\/div>\n                                                    <div class=\"backdrop  \"><\/div>\n            <\/div>\n            \n        <\/div>\n    <\/div>\n<\/div>\n\n<\/div>\n\n<div id=\"\" class=\"blockWrapper top-default bottom-default   \">\n\n<div class=\"info bg-darkblue\">\n    <div class=\"contentWrapper\">\n                    <h2>\n                Calculer le temps de recharge de votre v\u00e9hicule \u00e9lectrique            <\/h2>\n                <div class=\"text\">\n            <p>Pour calculer le temps de chargement il suffit de diviser la taille de la batterie par la vitesse du chargeur. Ainsi pour un v\u00e9hicule \u00e9quip\u00e9 d&#8217;une batterie de 62kWh recharg\u00e9 par une borne \u00e0 7,4kW (62 \u00f7 7.4=8,38) il faudra un peu plus de 8h pour charger \u00e0 100%.<\/p>\n        <\/div>\n                    <\/div>\n<\/div>\n\n<\/div>\n\n<div id=\"\" class=\"blockWrapper top-default bottom-default   \">\n\n<div class=\"text-image-right bg-white\">\n    <div class=\"inner\">\n        <div class=\"text-content\">\n                        <h3 class=\"title\">Qu&#8217;est ce que la recharge intelligente ?<\/h3>\n                        <div class=\"text\"><p class=\"\" data-start=\"0\" data-end=\"348\">C\u2019est un syst\u00e8me qui utilise les donn\u00e9es en temps r\u00e9el pour identifier les meilleurs cr\u00e9neaux de recharge. En utilisant une borne Ohme, votre voiture communique avec nous et avec le r\u00e9seau \u00e9lectrique pour d\u00e9terminer les moments les plus \u00e9cologiques et les moins chers pour se recharger.<\/p>\n<p class=\"\" data-start=\"350\" data-end=\"638\"><strong data-start=\"350\" data-end=\"377\">Contr\u00f4le via smartphone<\/strong><br data-start=\"377\" data-end=\"380\" \/>Gr\u00e2ce \u00e0 l\u2019application Ohme, vous contr\u00f4lez votre borne du bout des doigts. Programmez des routines, planifiez des sessions de recharge ponctuelles, d\u00e9finissez un plafond de prix (\u20ac\/kWh) et suivez vos co\u00fbts et votre consommation d\u2019\u00e9nergie en toute simplicit\u00e9.<\/p>\n<p class=\"\" data-start=\"640\" data-end=\"1008\"><strong data-start=\"640\" data-end=\"665\">\u00c9quilibrage du r\u00e9seau<\/strong><br data-start=\"665\" data-end=\"668\" \/>Notre technologie ajuste la recharge en fonction des pics et creux de la demande, ce qu\u2019on appelle le <em data-start=\"770\" data-end=\"784\" data-is-only-node=\"\">peak shaving<\/em>. Ce m\u00e9canisme permet de r\u00e9duire la pression sur le r\u00e9seau en limitant les pics de consommation. Les fournisseurs d\u2019\u00e9nergie proposent souvent un tarif plus avantageux durant les heures creuses pour encourager cette pratique.<\/p>\n<\/div>\n                                                <div class=\"buttons\">\n                                    \n                                <\/div>\n                                <\/div>\n        <div class=\"media-content\">\n                        <img decoding=\"async\" loading=\"lazy\" src=\"https:\/\/ohme-ev.com\/fr\/wp-content\/uploads\/sites\/9\/2024\/02\/mokka-lifestyle-crop.jpg\" alt=\"Verre Opel mokka recharge\" \/>\n                    <\/div>\n    <\/div>\n<\/div>\n\n<\/div>\n\n<div id=\"\" class=\"blockWrapper top-default bottom-default   \">\n\n<div class=\"info bg-darkblue\">\n    <div class=\"contentWrapper\">\n                    <h2>\n                Vous souhaitez installer une borne de recharge \u00e0 votre domicile ?            <\/h2>\n                <div class=\"text\">\n            <p>Remplissez le formulaire ci-dessous pour nous en dire plus sur votre projet !<\/p>\n        <\/div>\n                        <div class=\"buttonsWrapper\">\n                        \n            <a href=\"https:\/\/survey.ohme-ev.com\/survey\/direct?partnerId=60c9abdd-d5ce-4a5a-97e0-fbdda63d9886&#038;journeyId=51f543e9-9006-48e3-ba62-0422acd0a96d&#038;region=fr\" target=\"_blank\" rel=\"noopener\">\n            <button class=\"ohme-btn survey primary button\" title=\"\">Faire une demande de devis<\/button>\n        <\/a>\n\n                        <\/div>\n            <\/div>\n<\/div>\n\n<\/div>\n\n\n<div style=\"height:100px\" aria-hidden=\"true\" class=\"wp-block-spacer\"><\/div>\n\n\n\n    <div class=\"trustpilot-container\">\n\n        <div class=\"trustpilot-widget\" data-locale=\"fr-FR\" data-template-id=\"53aa8912dec7e10d38f59f36\" data-businessunit-id=\"5d3237d97eea3b0001c71608\" data-style-height=\"140px\" data-style-width=\"100%\" data-stars=\"4, 5\" data-review-languages=\"fr\">\n            <a href=\"https:\/\/fr.trustpilot.com\/review\/www.ohme-ev.com\" target=\"_blank\" rel=\"noopener\">Trustpilot<\/a>\n        <\/div>\n    <\/div>\n\n","protected":false},"excerpt":{"rendered":"","protected":false},"author":13,"featured_media":0,"parent":0,"menu_order":0,"comment_status":"closed","ping_status":"closed","template":"","meta":{"_acf_changed":true,"_helpful_status":1,"footnotes":""},"partner":[],"class_list":["post-6026","page","type-page","status-publish","hentry"],"acf":[],"yoast_head":"<!-- This site is optimized with the Yoast SEO Premium plugin v27.4 (Yoast SEO v27.4) - https:\/\/yoast.com\/product\/yoast-seo-premium-wordpress\/ -->\n<title>Comment recharger son v\u00e9hicule \u00e0 domicile avec Ohme<\/title>\n<meta name=\"description\" content=\"Tout ce qu&#039;il faut savoir sur la recharge \u00e0 domicile de votre v\u00e9hicule: temps de recharge, types de recharge, pour quelle dur\u00e9e, \u00e0 quel prix?\" \/>\n<meta name=\"robots\" content=\"index, follow, max-snippet:-1, max-image-preview:large, max-video-preview:-1\" \/>\n<link rel=\"canonical\" href=\"https:\/\/ohme-ev.com\/fr\/comment-recharger-son-vehicule-a-domicile\/\" \/>\n<meta property=\"og:locale\" content=\"fr_FR\" \/>\n<meta property=\"og:type\" content=\"article\" \/>\n<meta property=\"og:title\" content=\"Comment recharger son v\u00e9hicule \u00e0 domicile\" \/>\n<meta property=\"og:description\" content=\"Tout ce qu&#039;il faut savoir sur la recharge \u00e0 domicile de votre v\u00e9hicule: temps de recharge, types de recharge, pour quelle dur\u00e9e, \u00e0 quel prix?\" \/>\n<meta property=\"og:url\" content=\"https:\/\/ohme-ev.com\/fr\/comment-recharger-son-vehicule-a-domicile\/\" \/>\n<meta property=\"og:site_name\" content=\"Ohme EV France\" \/>\n<meta property=\"article:publisher\" content=\"https:\/\/www.facebook.com\/OhmeEV\/\" \/>\n<meta property=\"article:modified_time\" content=\"2026-02-18T09:51:01+00:00\" \/>\n<meta name=\"twitter:card\" content=\"summary_large_image\" \/>\n<meta name=\"twitter:site\" content=\"@ohmeev\" \/>\n<script type=\"application\/ld+json\" class=\"yoast-schema-graph\">{\"@context\":\"https:\\\/\\\/schema.org\",\"@graph\":[{\"@type\":\"WebPage\",\"@id\":\"https:\\\/\\\/ohme-ev.com\\\/fr\\\/comment-recharger-son-vehicule-a-domicile\\\/\",\"url\":\"https:\\\/\\\/ohme-ev.com\\\/fr\\\/comment-recharger-son-vehicule-a-domicile\\\/\",\"name\":\"Comment recharger son v\u00e9hicule \u00e0 domicile avec Ohme\",\"isPartOf\":{\"@id\":\"https:\\\/\\\/ohme-ev.com\\\/fr\\\/#website\"},\"datePublished\":\"2023-08-23T16:12:01+00:00\",\"dateModified\":\"2026-02-18T09:51:01+00:00\",\"description\":\"Tout ce qu'il faut savoir sur la recharge \u00e0 domicile de votre v\u00e9hicule: temps de recharge, types de recharge, pour quelle dur\u00e9e, \u00e0 quel prix?\",\"breadcrumb\":{\"@id\":\"https:\\\/\\\/ohme-ev.com\\\/fr\\\/comment-recharger-son-vehicule-a-domicile\\\/#breadcrumb\"},\"inLanguage\":\"fr-fr\",\"potentialAction\":[{\"@type\":\"ReadAction\",\"target\":[\"https:\\\/\\\/ohme-ev.com\\\/fr\\\/comment-recharger-son-vehicule-a-domicile\\\/\"]}]},{\"@type\":\"BreadcrumbList\",\"@id\":\"https:\\\/\\\/ohme-ev.com\\\/fr\\\/comment-recharger-son-vehicule-a-domicile\\\/#breadcrumb\",\"itemListElement\":[{\"@type\":\"ListItem\",\"position\":1,\"name\":\"Home\",\"item\":\"https:\\\/\\\/ohme-ev.com\\\/fr\\\/\"},{\"@type\":\"ListItem\",\"position\":2,\"name\":\"Comment recharger son v\u00e9hicule \u00e0 domicile\"}]},{\"@type\":\"WebSite\",\"@id\":\"https:\\\/\\\/ohme-ev.com\\\/fr\\\/#website\",\"url\":\"https:\\\/\\\/ohme-ev.com\\\/fr\\\/\",\"name\":\"Ohme EV France\",\"description\":\"Ohme - EV Smart Charging Solutions\",\"potentialAction\":[{\"@type\":\"SearchAction\",\"target\":{\"@type\":\"EntryPoint\",\"urlTemplate\":\"https:\\\/\\\/ohme-ev.com\\\/fr\\\/?s={search_term_string}\"},\"query-input\":{\"@type\":\"PropertyValueSpecification\",\"valueRequired\":true,\"valueName\":\"search_term_string\"}}],\"inLanguage\":\"fr-fr\"}]}<\/script>\n<!-- \/ Yoast SEO Premium plugin. -->","yoast_head_json":{"title":"Comment recharger son v\u00e9hicule \u00e0 domicile avec Ohme","description":"Tout ce qu'il faut savoir sur la recharge \u00e0 domicile de votre v\u00e9hicule: temps de recharge, types de recharge, pour quelle dur\u00e9e, \u00e0 quel prix?","robots":{"index":"index","follow":"follow","max-snippet":"max-snippet:-1","max-image-preview":"max-image-preview:large","max-video-preview":"max-video-preview:-1"},"canonical":"https:\/\/ohme-ev.com\/fr\/comment-recharger-son-vehicule-a-domicile\/","og_locale":"fr_FR","og_type":"article","og_title":"Comment recharger son v\u00e9hicule \u00e0 domicile","og_description":"Tout ce qu'il faut savoir sur la recharge \u00e0 domicile de votre v\u00e9hicule: temps de recharge, types de recharge, pour quelle dur\u00e9e, \u00e0 quel prix?","og_url":"https:\/\/ohme-ev.com\/fr\/comment-recharger-son-vehicule-a-domicile\/","og_site_name":"Ohme EV France","article_publisher":"https:\/\/www.facebook.com\/OhmeEV\/","article_modified_time":"2026-02-18T09:51:01+00:00","twitter_card":"summary_large_image","twitter_site":"@ohmeev","schema":{"@context":"https:\/\/schema.org","@graph":[{"@type":"WebPage","@id":"https:\/\/ohme-ev.com\/fr\/comment-recharger-son-vehicule-a-domicile\/","url":"https:\/\/ohme-ev.com\/fr\/comment-recharger-son-vehicule-a-domicile\/","name":"Comment recharger son v\u00e9hicule \u00e0 domicile avec Ohme","isPartOf":{"@id":"https:\/\/ohme-ev.com\/fr\/#website"},"datePublished":"2023-08-23T16:12:01+00:00","dateModified":"2026-02-18T09:51:01+00:00","description":"Tout ce qu'il faut savoir sur la recharge \u00e0 domicile de votre v\u00e9hicule: temps de recharge, types de recharge, pour quelle dur\u00e9e, \u00e0 quel prix?","breadcrumb":{"@id":"https:\/\/ohme-ev.com\/fr\/comment-recharger-son-vehicule-a-domicile\/#breadcrumb"},"inLanguage":"fr-fr","potentialAction":[{"@type":"ReadAction","target":["https:\/\/ohme-ev.com\/fr\/comment-recharger-son-vehicule-a-domicile\/"]}]},{"@type":"BreadcrumbList","@id":"https:\/\/ohme-ev.com\/fr\/comment-recharger-son-vehicule-a-domicile\/#breadcrumb","itemListElement":[{"@type":"ListItem","position":1,"name":"Home","item":"https:\/\/ohme-ev.com\/fr\/"},{"@type":"ListItem","position":2,"name":"Comment recharger son v\u00e9hicule \u00e0 domicile"}]},{"@type":"WebSite","@id":"https:\/\/ohme-ev.com\/fr\/#website","url":"https:\/\/ohme-ev.com\/fr\/","name":"Ohme EV France","description":"Ohme - EV Smart Charging Solutions","potentialAction":[{"@type":"SearchAction","target":{"@type":"EntryPoint","urlTemplate":"https:\/\/ohme-ev.com\/fr\/?s={search_term_string}"},"query-input":{"@type":"PropertyValueSpecification","valueRequired":true,"valueName":"search_term_string"}}],"inLanguage":"fr-fr"}]}},"_links":{"self":[{"href":"https:\/\/ohme-ev.com\/fr\/wp-json\/wp\/v2\/pages\/6026","targetHints":{"allow":["GET"]}}],"collection":[{"href":"https:\/\/ohme-ev.com\/fr\/wp-json\/wp\/v2\/pages"}],"about":[{"href":"https:\/\/ohme-ev.com\/fr\/wp-json\/wp\/v2\/types\/page"}],"author":[{"embeddable":true,"href":"https:\/\/ohme-ev.com\/fr\/wp-json\/wp\/v2\/users\/13"}],"replies":[{"embeddable":true,"href":"https:\/\/ohme-ev.com\/fr\/wp-json\/wp\/v2\/comments?post=6026"}],"version-history":[{"count":0,"href":"https:\/\/ohme-ev.com\/fr\/wp-json\/wp\/v2\/pages\/6026\/revisions"}],"wp:attachment":[{"href":"https:\/\/ohme-ev.com\/fr\/wp-json\/wp\/v2\/media?parent=6026"}],"wp:term":[{"taxonomy":"partner","embeddable":true,"href":"https:\/\/ohme-ev.com\/fr\/wp-json\/wp\/v2\/partner?post=6026"}],"curies":[{"name":"wp","href":"https:\/\/api.w.org\/{rel}","templated":true}]}}