{"id":5986,"date":"2023-06-26T11:11:12","date_gmt":"2023-06-26T11:11:12","guid":{"rendered":"https:\/\/ohme-cs-dev.local\/?page_id=31"},"modified":"2026-02-18T09:48:43","modified_gmt":"2026-02-18T09:48:43","slug":"comment-se-deroule-linstallation","status":"publish","type":"page","link":"https:\/\/ohme-ev.com\/fr\/comment-se-deroule-linstallation\/","title":{"rendered":"Comment se d\u00e9roule l&#8217;installation"},"content":{"rendered":"\n<p><\/p>\n\n\n<div class=\"image-text-hero with-image gradient-enabled gradient-vertical has-mobile-bg\" style=\"--bg-desktop: url(&#039;https:\/\/ohme-ev.com\/fr\/wp-content\/uploads\/sites\/9\/2026\/01\/FR-Comment-se-deroule-linstallation-Desktop.webp&#039;); --bg-mobile: url(&#039;https:\/\/ohme-ev.com\/fr\/wp-content\/uploads\/sites\/9\/2026\/01\/FR-Comment-se-deroule-linstallation-Mobile.webp&#039;);\">\n\n    <div class=\"contentWrapper imageRight mobile-image-bottom\">\n        <div class=\"content-container\">\n            <div class=\"wrapper\">\n                                    <h1>Comment faire installer une borne Ohme \u00e0 votre domicile<\/h1>\n                \n                \n                                    <p><p>Vous souhaitez faire installer une Ohme chez vous ? Suivez notre guide pas \u00e0 pas ci-dessous<\/p>\n<\/p>\n                \n                \n            <a href=\"https:\/\/survey.ohme-ev.com\/survey\/direct?partnerId=60c9abdd-d5ce-4a5a-97e0-fbdda63d9886&#038;journeyId=51f543e9-9006-48e3-ba62-0422acd0a96d&#038;region=fr\" target=\"_blank\" rel=\"noopener\">\n            <button class=\"ohme-btn survey primary button\" title=\"\">Demander un devis<\/button>\n        <\/a>\n\n    \n                            <\/div>\n        <\/div>\n\n        <div class=\"image-container\">\n            \n                    <\/div>\n    <\/div>\n\n    <\/div>\n\n<!-- start block wrapper top -->\n<div id=\"\" class=\"blockWrapper top-default bottom-default   \">\n<!-- end block wrapper top -->\n\n\n<!-- \/\/\/\/\/\/\/\/\/  start block  \/\/\/\/\/\/\/\/\/ -->\n\n<div class=\"block timeline contentWrapper\">\n  <h2>\n      <\/h2>\n  <div class=\"sections-container\">\n    <div class=\"timeline-line\">\n\n    <\/div>\n    <div class=\"timeline-content\">\n                        <div class=\"section\">\n            <h3>\n              Avant l&#8217;installation            <\/h3>\n                                                      <div class=\"subsection\">\n                  <h5 class=\"subsection__title\">\n                    Remplissez notre formulaire d&#8217;\u00e9ligibilit\u00e9                  <\/h5>\n                                      <p>\n                      Pour bien d\u00e9buter, remplissez notre formulaire d&#8217;\u00e9ligibilit\u00e9. Il nous permettra de rapidement d\u00e9terminer les conditions d&#8217;installation pour votre domicile et ainsi pouvoir vous orienter au mieux durant la suite du parcours.                    <\/p>\n                                                                                          \n            <a href=\"https:\/\/survey.ohme-ev.com\/survey\/direct?partnerId=60c9abdd-d5ce-4a5a-97e0-fbdda63d9886&#038;journeyId=51f543e9-9006-48e3-ba62-0422acd0a96d&#038;region=fr\" target=\"_blank\" rel=\"noopener\">\n            <button class=\"ohme-btn survey primary button\" title=\"\">Formulaire d&#039;\u00e9ligibilit\u00e9<\/button>\n        <\/a>\n\n                    <\/div>\n                              <div class=\"subsection\">\n                  <h5 class=\"subsection__title\">\n                    Mise en relation avec un de nos installateurs partenaires                  <\/h5>\n                                      <p>\n                      Nous vous mettons ensuite en relation avec l&#8217;installateur partenaire Ohme le plus proche de chez vous. Ce dernier vous contactera pour organiser une visite technique \u00e0 votre domicile pour \u00e9tablir un devis.                    <\/p>\n                                                                          <div class=\"tip\">\n                      <h6>\n                        A noter                      <\/h6>\n                      <p>\n                        Il est parfois possible d&#8217;obtenir un devis de la part de votre installateur en lui envoyant des photos de votre installation \u00e9lectrique.                      <\/p>\n                    <\/div>\n                                                      \n                <\/div>\n                              <div class=\"subsection\">\n                  <h5 class=\"subsection__title\">\n                    Convenez d&#8217;une date d&#8217;installation                   <\/h5>\n                                      <p>\n                      Une fois le devis accept\u00e9, convenez d&#8217;une date d&#8217;installation avec notre installateur partenaire Ohme.                    <\/p>\n                                                                                          \n                <\/div>\n                                    <\/div>\n\n                  <div class=\"section\">\n            <h3>\n              Le jour de l&#8217;installation            <\/h3>\n                                                      <div class=\"subsection\">\n                  <h5 class=\"subsection__title\">\n                    Notre installateur partenaire Ohme se pr\u00e9sentera avec une borne \u00e0 votre domicile                  <\/h5>\n                                      <p>\n                      Pensez \u00e0 lib\u00e9rer l&#8217;espace o\u00f9 vous souhaitez faire installer la borne et la zone autour de votre panneau \u00e9lectrique. Assurez vous d&#8217;\u00eatre pr\u00e9sent le jour de l&#8217;installation pour v\u00e9rifier que l&#8217;emplacement de la borne r\u00e9pond \u00e0 vos attentes.                    <\/p>\n                                                                          <div class=\"tip\">\n                      <h6>\n                        A noter                      <\/h6>\n                      <p>\n                        Bien que chaque installation soit unique, cela prend en moyenne 2 heures. Parfois un peu plus (parfois un peu moins). Pour plus de pr\u00e9cision, demandez directement \u00e0 notre installateur partenaire.                      <\/p>\n                    <\/div>\n                                                      \n                <\/div>\n                              <div class=\"subsection\">\n                  <h5 class=\"subsection__title\">\n                    Laissez votre installateur s&#8217;occuper de l&#8217;installation                  <\/h5>\n                                      <p>\n                      Votre installateur s\u2019occupera de tout configurer, puis il vous expliquera le fonctionnement de votre borne Ohme avant de nettoyer et de partir.<br \/>\r\n<br \/>\r\n<br \/>\r\n<br \/>\r\n<br \/>\r\n<br \/>\r\n<br \/>\r\n<br \/>\r\n<br \/>\r\n                    <\/p>\n                                                                                          \n                <\/div>\n                                    <\/div>\n\n                  <div class=\"section\">\n            <h3>\n              Apr\u00e8s l&#8217;installation            <\/h3>\n                                                      <div class=\"subsection\">\n                  <h5 class=\"subsection__title\">\n                    F\u00e9licitations, vous avez d\u00e9sormais acc\u00e8s \u00e0 une recharge intelligente, simple et \u00e9conomique                  <\/h5>\n                                      <p>\n                      Consultez notre rubrique &#8220;Aide et FAQ&#8221; pour optimiser vos futurs sessions de recharge.                    <\/p>\n                                                                                          \n            <a href=\"https:\/\/ohme-ev.com\/fr\/aide-et-faq\/\" target=\"_self\" >\n            <button class=\"ohme-btn primary button\" title=\"\">Aide et FAQ<\/button>\n        <\/a>\n                    <\/div>\n                                    <\/div>\n\n                  <\/div>\n\n  <\/div>\n\n<\/div>\n<!-- \/\/\/\/\/\/\/\/\/  end block  \/\/\/\/\/\/\/\/\/ -->\n\n\n<!-- start block wrapper bottom -->\n<\/div><!-- end block wrapper bottom -->\n\n<div id=\"\" class=\"blockWrapper top-default bottom-default   \">\n\n<div class=\"standalone-tiles\">\n    <h2>Vous souhaitez en savoir plus ?<\/h2>\n    \n    <div class=\"tiles-wrapper\">\n                                <a href=\"https:\/\/ohme-ev.com\/fr\/blog\/options-de-recharge-a-domicile\/\" class=\"tile\">\n                <div class=\"tile-main\">\n                    <div class=\"tile-image\">\n                        <img loading=\"lazy\" decoding=\"async\" width=\"150\" height=\"150\" src=\"https:\/\/ohme-ev.com\/fr\/wp-content\/uploads\/sites\/9\/2024\/04\/maxim-hopman-lcysD7F8ycc-unsplash-1-150x150.webp\" class=\"attachment-thumbnail size-thumbnail wp-post-image\" alt=\"\" \/>                    <\/div>\n                    <div class=\"tile-heading\">\n                        <p>Choisir sa recharge \u00e0 domicile<\/p>\n                    <\/div>\n                <\/div>\n                <div class=\"tile-footer\">\n                    <div class=\"metadata\">\n                        <p>April 22 2024<\/p>\n                        <span class=\"arrow\"><\/span>\n                    <\/div>\n                <\/div>\n            <\/a>\n                        <a href=\"https:\/\/ohme-ev.com\/fr\/blog\/installation-borne-de-recharge-a-domicile-tout-ce-quil-faut-savoir\/\" class=\"tile\">\n                <div class=\"tile-main\">\n                    <div class=\"tile-image\">\n                        <img loading=\"lazy\" decoding=\"async\" width=\"150\" height=\"150\" src=\"https:\/\/ohme-ev.com\/fr\/wp-content\/uploads\/sites\/9\/2024\/11\/A7501748-Edited-1-1-150x150.webp\" class=\"attachment-thumbnail size-thumbnail wp-post-image\" alt=\"\" \/>                    <\/div>\n                    <div class=\"tile-heading\">\n                        <p>Installation borne de recharge \u00e0 domicile\u00a0: tout ce qu\u2019il faut savoir<\/p>\n                    <\/div>\n                <\/div>\n                <div class=\"tile-footer\">\n                    <div class=\"metadata\">\n                        <p>November 27 2024<\/p>\n                        <span class=\"arrow\"><\/span>\n                    <\/div>\n                <\/div>\n            <\/a>\n                        <a href=\"https:\/\/ohme-ev.com\/fr\/blog\/limpact-dune-borne-de-recharge-sur-la-consommation-electrique-de-votre-maison\/\" class=\"tile\">\n                <div class=\"tile-main\">\n                    <div class=\"tile-image\">\n                        <img loading=\"lazy\" decoding=\"async\" width=\"150\" height=\"150\" src=\"https:\/\/ohme-ev.com\/fr\/wp-content\/uploads\/sites\/9\/2024\/04\/maxim-hopman-lcysD7F8ycc-unsplash-1-150x150.webp\" class=\"attachment-thumbnail size-thumbnail wp-post-image\" alt=\"\" \/>                    <\/div>\n                    <div class=\"tile-heading\">\n                        <p>L&#8217;impact d&#8217;une borne de recharge sur la consommation \u00e9lectrique de votre maison<\/p>\n                    <\/div>\n                <\/div>\n                <div class=\"tile-footer\">\n                    <div class=\"metadata\">\n                        <p>November 18 2024<\/p>\n                        <span class=\"arrow\"><\/span>\n                    <\/div>\n                <\/div>\n            <\/a>\n                        <\/div>\n\n        <div class=\"cta-container\">\n        \n    <\/div>\n    <\/div>\n\n<\/div>\n\n\n<div style=\"height:100px\" aria-hidden=\"true\" class=\"wp-block-spacer\"><\/div>\n\n\n\n    <div class=\"trustpilot-container\">\n\n        <div class=\"trustpilot-widget\" data-locale=\"fr-FR\" data-template-id=\"53aa8912dec7e10d38f59f36\" data-businessunit-id=\"5d3237d97eea3b0001c71608\" data-style-height=\"140px\" data-style-width=\"100%\" data-stars=\"4, 5\" data-review-languages=\"fr\">\n            <a href=\"https:\/\/fr.trustpilot.com\/review\/www.ohme-ev.com\" target=\"_blank\" rel=\"noopener\">Trustpilot<\/a>\n        <\/div>\n    <\/div>\n\n","protected":false},"excerpt":{"rendered":"","protected":false},"author":1,"featured_media":0,"parent":0,"menu_order":0,"comment_status":"closed","ping_status":"closed","template":"","meta":{"_acf_changed":true,"_helpful_status":1,"footnotes":""},"partner":[],"class_list":["post-5986","page","type-page","status-publish","hentry"],"acf":[],"yoast_head":"<!-- This site is optimized with the Yoast SEO Premium plugin v27.4 (Yoast SEO v27.4) - https:\/\/yoast.com\/product\/yoast-seo-premium-wordpress\/ -->\n<title>Comment se d\u00e9roule l&#039;installation | Borne de recharge Ohme<\/title>\n<meta name=\"description\" content=\"Apprenez en plus sur le processus d&#039;installation de nos bornes de recharge. Du formulaire d&#039;\u00e9ligibilit\u00e9 \u00e0 l&#039;installation de votre borne !\" \/>\n<meta name=\"robots\" content=\"index, follow, max-snippet:-1, max-image-preview:large, max-video-preview:-1\" \/>\n<link rel=\"canonical\" href=\"https:\/\/ohme-ev.com\/fr\/comment-se-deroule-linstallation\/\" \/>\n<meta property=\"og:locale\" content=\"fr_FR\" \/>\n<meta property=\"og:type\" content=\"article\" \/>\n<meta property=\"og:title\" content=\"Comment se d\u00e9roule l&#039;installation\" \/>\n<meta property=\"og:description\" content=\"Apprenez en plus sur le processus d&#039;installation de nos bornes de recharge. Du formulaire d&#039;\u00e9ligibilit\u00e9 \u00e0 l&#039;installation de votre borne !\" \/>\n<meta property=\"og:url\" content=\"https:\/\/ohme-ev.com\/fr\/comment-se-deroule-linstallation\/\" \/>\n<meta property=\"og:site_name\" content=\"Ohme EV France\" \/>\n<meta property=\"article:publisher\" content=\"https:\/\/www.facebook.com\/OhmeEV\/\" \/>\n<meta property=\"article:modified_time\" content=\"2026-02-18T09:48:43+00:00\" \/>\n<meta name=\"twitter:card\" content=\"summary_large_image\" \/>\n<meta name=\"twitter:site\" content=\"@ohmeev\" \/>\n<script type=\"application\/ld+json\" class=\"yoast-schema-graph\">{\"@context\":\"https:\\\/\\\/schema.org\",\"@graph\":[{\"@type\":\"WebPage\",\"@id\":\"https:\\\/\\\/ohme-ev.com\\\/fr\\\/comment-se-deroule-linstallation\\\/\",\"url\":\"https:\\\/\\\/ohme-ev.com\\\/fr\\\/comment-se-deroule-linstallation\\\/\",\"name\":\"Comment se d\u00e9roule l'installation | Borne de recharge Ohme\",\"isPartOf\":{\"@id\":\"https:\\\/\\\/ohme-ev.com\\\/fr\\\/#website\"},\"datePublished\":\"2023-06-26T11:11:12+00:00\",\"dateModified\":\"2026-02-18T09:48:43+00:00\",\"description\":\"Apprenez en plus sur le processus d'installation de nos bornes de recharge. Du formulaire d'\u00e9ligibilit\u00e9 \u00e0 l'installation de votre borne !\",\"breadcrumb\":{\"@id\":\"https:\\\/\\\/ohme-ev.com\\\/fr\\\/comment-se-deroule-linstallation\\\/#breadcrumb\"},\"inLanguage\":\"fr-fr\",\"potentialAction\":[{\"@type\":\"ReadAction\",\"target\":[\"https:\\\/\\\/ohme-ev.com\\\/fr\\\/comment-se-deroule-linstallation\\\/\"]}]},{\"@type\":\"BreadcrumbList\",\"@id\":\"https:\\\/\\\/ohme-ev.com\\\/fr\\\/comment-se-deroule-linstallation\\\/#breadcrumb\",\"itemListElement\":[{\"@type\":\"ListItem\",\"position\":1,\"name\":\"Home\",\"item\":\"https:\\\/\\\/ohme-ev.com\\\/fr\\\/\"},{\"@type\":\"ListItem\",\"position\":2,\"name\":\"Comment se d\u00e9roule l&#8217;installation\"}]},{\"@type\":\"WebSite\",\"@id\":\"https:\\\/\\\/ohme-ev.com\\\/fr\\\/#website\",\"url\":\"https:\\\/\\\/ohme-ev.com\\\/fr\\\/\",\"name\":\"Ohme EV France\",\"description\":\"Ohme - EV Smart Charging Solutions\",\"potentialAction\":[{\"@type\":\"SearchAction\",\"target\":{\"@type\":\"EntryPoint\",\"urlTemplate\":\"https:\\\/\\\/ohme-ev.com\\\/fr\\\/?s={search_term_string}\"},\"query-input\":{\"@type\":\"PropertyValueSpecification\",\"valueRequired\":true,\"valueName\":\"search_term_string\"}}],\"inLanguage\":\"fr-fr\"}]}<\/script>\n<!-- \/ Yoast SEO Premium plugin. -->","yoast_head_json":{"title":"Comment se d\u00e9roule l'installation | Borne de recharge Ohme","description":"Apprenez en plus sur le processus d'installation de nos bornes de recharge. Du formulaire d'\u00e9ligibilit\u00e9 \u00e0 l'installation de votre borne !","robots":{"index":"index","follow":"follow","max-snippet":"max-snippet:-1","max-image-preview":"max-image-preview:large","max-video-preview":"max-video-preview:-1"},"canonical":"https:\/\/ohme-ev.com\/fr\/comment-se-deroule-linstallation\/","og_locale":"fr_FR","og_type":"article","og_title":"Comment se d\u00e9roule l'installation","og_description":"Apprenez en plus sur le processus d'installation de nos bornes de recharge. Du formulaire d'\u00e9ligibilit\u00e9 \u00e0 l'installation de votre borne !","og_url":"https:\/\/ohme-ev.com\/fr\/comment-se-deroule-linstallation\/","og_site_name":"Ohme EV France","article_publisher":"https:\/\/www.facebook.com\/OhmeEV\/","article_modified_time":"2026-02-18T09:48:43+00:00","twitter_card":"summary_large_image","twitter_site":"@ohmeev","schema":{"@context":"https:\/\/schema.org","@graph":[{"@type":"WebPage","@id":"https:\/\/ohme-ev.com\/fr\/comment-se-deroule-linstallation\/","url":"https:\/\/ohme-ev.com\/fr\/comment-se-deroule-linstallation\/","name":"Comment se d\u00e9roule l'installation | Borne de recharge Ohme","isPartOf":{"@id":"https:\/\/ohme-ev.com\/fr\/#website"},"datePublished":"2023-06-26T11:11:12+00:00","dateModified":"2026-02-18T09:48:43+00:00","description":"Apprenez en plus sur le processus d'installation de nos bornes de recharge. Du formulaire d'\u00e9ligibilit\u00e9 \u00e0 l'installation de votre borne !","breadcrumb":{"@id":"https:\/\/ohme-ev.com\/fr\/comment-se-deroule-linstallation\/#breadcrumb"},"inLanguage":"fr-fr","potentialAction":[{"@type":"ReadAction","target":["https:\/\/ohme-ev.com\/fr\/comment-se-deroule-linstallation\/"]}]},{"@type":"BreadcrumbList","@id":"https:\/\/ohme-ev.com\/fr\/comment-se-deroule-linstallation\/#breadcrumb","itemListElement":[{"@type":"ListItem","position":1,"name":"Home","item":"https:\/\/ohme-ev.com\/fr\/"},{"@type":"ListItem","position":2,"name":"Comment se d\u00e9roule l&#8217;installation"}]},{"@type":"WebSite","@id":"https:\/\/ohme-ev.com\/fr\/#website","url":"https:\/\/ohme-ev.com\/fr\/","name":"Ohme EV France","description":"Ohme - EV Smart Charging Solutions","potentialAction":[{"@type":"SearchAction","target":{"@type":"EntryPoint","urlTemplate":"https:\/\/ohme-ev.com\/fr\/?s={search_term_string}"},"query-input":{"@type":"PropertyValueSpecification","valueRequired":true,"valueName":"search_term_string"}}],"inLanguage":"fr-fr"}]}},"_links":{"self":[{"href":"https:\/\/ohme-ev.com\/fr\/wp-json\/wp\/v2\/pages\/5986","targetHints":{"allow":["GET"]}}],"collection":[{"href":"https:\/\/ohme-ev.com\/fr\/wp-json\/wp\/v2\/pages"}],"about":[{"href":"https:\/\/ohme-ev.com\/fr\/wp-json\/wp\/v2\/types\/page"}],"author":[{"embeddable":true,"href":"https:\/\/ohme-ev.com\/fr\/wp-json\/wp\/v2\/users\/1"}],"replies":[{"embeddable":true,"href":"https:\/\/ohme-ev.com\/fr\/wp-json\/wp\/v2\/comments?post=5986"}],"version-history":[{"count":0,"href":"https:\/\/ohme-ev.com\/fr\/wp-json\/wp\/v2\/pages\/5986\/revisions"}],"wp:attachment":[{"href":"https:\/\/ohme-ev.com\/fr\/wp-json\/wp\/v2\/media?parent=5986"}],"wp:term":[{"taxonomy":"partner","embeddable":true,"href":"https:\/\/ohme-ev.com\/fr\/wp-json\/wp\/v2\/partner?post=5986"}],"curies":[{"name":"wp","href":"https:\/\/api.w.org\/{rel}","templated":true}]}}