{"id":5952,"date":"2023-06-26T11:10:56","date_gmt":"2023-06-26T11:10:56","guid":{"rendered":"https:\/\/ohme-cs-dev.local\/?page_id=29"},"modified":"2026-03-30T12:34:20","modified_gmt":"2026-03-30T12:34:20","slug":"comment-fonctionnent-nos-bornes","status":"publish","type":"page","link":"https:\/\/ohme-ev.com\/fr\/comment-fonctionnent-nos-bornes\/","title":{"rendered":"Comment fonctionnent nos bornes"},"content":{"rendered":"<div class=\"image-text-hero with-image  has-mobile-bg\" style=\"--bg-desktop: url(&#039;https:\/\/ohme-ev.com\/fr\/wp-content\/uploads\/sites\/9\/2026\/01\/FR-Comment-fonctionnent-nos-bornes-Desktop.webp&#039;); --bg-mobile: url(&#039;https:\/\/ohme-ev.com\/fr\/wp-content\/uploads\/sites\/9\/2026\/01\/FR-Comment-fonctionnent-nos-bornes-Mobile.webp&#039;);\">\n\n    <div class=\"contentWrapper imageRight mobile-image-bottom\">\n        <div class=\"content-container\">\n            <div class=\"wrapper\">\n                                    <h1>Comment fonctionnent nos bornes<\/h1>\n                \n                \n                                    <p><p>Nous avons d\u00e9velopp\u00e9 nos solutions de recharge dans le but de vous aider \u00e0 maximiser le potentiel de votre v\u00e9hicule \u00e9lectrique. Notre technologie de charge intelligente se base sur vos donn\u00e9es en temps r\u00e9el pour vous garantir une exp\u00e9riene de recharge plus simple et \u00e9conomique. <\/p>\n<\/p>\n                \n                \n            <a href=\"https:\/\/survey.ohme-ev.com\/survey\/direct?partnerId=60c9abdd-d5ce-4a5a-97e0-fbdda63d9886&#038;journeyId=51f543e9-9006-48e3-ba62-0422acd0a96d&#038;region=fr\" target=\"_blank\" rel=\"noopener\">\n            <button class=\"ohme-btn survey secondaryDark button\" title=\"\">Demander un devis<\/button>\n        <\/a>\n\n    \n                            <\/div>\n        <\/div>\n\n        <div class=\"image-container\">\n            \n                    <\/div>\n    <\/div>\n\n    <\/div>\n\n<div id=\"\" class=\"blockWrapper top-default bottom-default   \">\n\n    <div class=\"addColour keyPointsBlock\">\n        <div class=\"contentWrapper keyPoints\">\n\n            \n            \n            <div class=\"keyPointsContainer \">\n                                                            <div class=\"keyPointWrapper\">\n\n                                                            <div class=\"mediaContainer image\">\n                                    <img decoding=\"async\" src=\"https:\/\/ohme-ev.com\/fr\/wp-content\/uploads\/sites\/9\/2023\/07\/3-column-icons_dynamic-charging_master.svg\" alt=\"\" \/>\n                                <\/div>\n\n                            \n                            <h5 class=\"subtitle\">Recharge intelligente<\/h5>\n                            <div class=\"copy\"><p>Nos bornes de recharge analysent vos donn\u00e9es en temps r\u00e9el pour d\u00e9marrer ou arr\u00eater vos cycles de charge, s&#8217;alignant aux moments o\u00f9 l&#8217;\u00e9nergie est la moins co\u00fbteuse. Vous optimisez ainsi vos sessions de charge tout en contribuant \u00e0 l&#8217;\u00e9quilibre du r\u00e9seau \u00e9nerg\u00e9tique.<\/p>\n<\/div>\n\n                            \n                        <\/div>\n                                            <div class=\"keyPointWrapper\">\n\n                                                            <div class=\"mediaContainer image\">\n                                    <img decoding=\"async\" src=\"https:\/\/ohme-ev.com\/fr\/wp-content\/uploads\/sites\/9\/2023\/07\/3-column-icons_any-tariff_master.svg\" alt=\"\" \/>\n                                <\/div>\n\n                            \n                            <h5 class=\"subtitle\">Compatible tous tarifs<\/h5>\n                            <div class=\"copy\"><p>Nos solutions de recharge sont compatibles avec tous les tarifs energ\u00e9tiques sur le march\u00e9, nous trouvons le moment o\u00f9 l&#8217;\u00e9nergie est la moins co\u00fbteuse (et la plus \u00e9cologique) pour vous.<\/p>\n<\/div>\n\n                            \n                        <\/div>\n                                            <div class=\"keyPointWrapper\">\n\n                                                            <div class=\"mediaContainer image\">\n                                    <img decoding=\"async\" src=\"https:\/\/ohme-ev.com\/fr\/wp-content\/uploads\/sites\/9\/2023\/07\/3-column-icons_next-generation_master.svg\" alt=\"\" \/>\n                                <\/div>\n\n                            \n                            <h5 class=\"subtitle\">Connexion en r\u00e9seau<\/h5>\n                            <div class=\"copy\"><p>Une fois votre borne connect\u00e9e en r\u00e9seau, votre borne se met \u00e0 jour automatiquement. Vous faisant ainsi b\u00e9n\u00e9ficier de toutes nos nouvelles fonctionnalit\u00e9s.<\/p>\n<\/div>\n\n                            \n                        <\/div>\n                                                <\/div>\n\n            <div class=\"cta-container\">\n                <div class=\"buttonsContainer\">\n                    \n\n                <\/div>\n            <\/div>\n\n        <\/div>\n    <\/div>\n\n<\/div>\n\n<div id=\"\" class=\"blockWrapper top-default bottom-default   \">\n\n\n<div class=\"charging-comparison contentWrapper\">\n<div >\n  <h3 class=\"title\">Recharge standard vs Recharge intelligente<\/h3>\n  <div class=\"itemsContainer\">\n            <div class=\"itemWrapper\">\n            <div class=\"sectionTop\">\n            <h5 class=\"subtitle\">Recharge standard<\/h5>\n            <div class=\"copy\"><p>La recharge standard utilise un syst\u00e8me basique de programme de recharge. Votre v\u00e9hicule se charge jusqu&#8217;\u00e0 atteindre la capacit\u00e9 maximale de sa batterie, avec un tarif \u00e9nerg\u00e9tique identique tout au long du cycle de charge.<\/p>\n<\/div>\n            <\/div>\n            <div class=\"sectionBottom\">\n            <div class=\"imgContainer\">\n            <img decoding=\"async\" src=\"https:\/\/ohme-ev.com\/fr\/wp-content\/uploads\/sites\/9\/2025\/04\/Group-9.webp\" alt=\"\" \/>\n          <\/div>\n          <div class=\"costInfoContainer\">\n          <p class=\"description\"><\/p>\n          <p class=\"cost\"><\/p>\n          <\/div>\n          <\/div>\n        <\/div>\n            <div class=\"itemWrapper\">\n            <div class=\"sectionTop\">\n            <h5 class=\"subtitle\">Recharge intelligente<\/h5>\n            <div class=\"copy\"><p>Les bornes Ohme analysent les donn\u00e9es du r\u00e9seau en temps r\u00e9el pour atteindre automatiquement le niveau de charge souhait\u00e9. La recharge d\u00e9marre lorsque la demande d&#8217;\u00e9lectricit\u00e9 est basse et les prix sont au minimum, tout en atteignant l&#8217;objectif de charge.<\/p>\n<\/div>\n            <\/div>\n            <div class=\"sectionBottom\">\n            <div class=\"imgContainer\">\n            <img decoding=\"async\" src=\"https:\/\/ohme-ev.com\/fr\/wp-content\/uploads\/sites\/9\/2025\/04\/Group-10.webp\" alt=\"\" \/>\n          <\/div>\n          <div class=\"costInfoContainer\">\n          <p class=\"description\"><\/p>\n          <p class=\"cost\"><\/p>\n          <\/div>\n          <\/div>\n        <\/div>\n        <\/div>\n<\/div>\n<\/div>\n<\/div>\n\n<div id=\"\" class=\"blockWrapper top-default bottom-default   \">\n\n\n<div class=\"contentWrapper textImageLeft  video\">\n            <div class=\"videoContainer full\">\n            <video  playsinline controls src=\"https:\/\/ohme-ev.com\/fr\/wp-content\/uploads\/sites\/9\/2025\/04\/SolarBoost_AnimationVideo_FR_wCaptions_v2-5-1.mp4\"><\/video>\n        <\/div>\n        <div class=\"textContainer\">\n        <h3 class=\"title\">Rechargez votre v\u00e9hicule gr\u00e2ce \u00e0 l&#8217;\u00e9nergie solaire<\/h3>\n        <h4 class=\"subtitle regular\"><\/h4>\n        <div class=\"text\"><p>D\u00e9couvrez Solar Boost, notre nouvelle fonctionnalit\u00e9 qui vous permet de recharger votre v\u00e9hicule \u00e9lectrique \u00e0 partir de l\u2019exc\u00e9dent d\u2019\u00e9nergie issue de vos panneaux photovolta\u00efques. R\u00e9duisant ainsi votre d\u00e9pendance au r\u00e9seau tout en assurant la recharge de votre v\u00e9hicule, peu importe la m\u00e9t\u00e9o. Vous donnant acc\u00e8s \u00e0 une recharge plus responsable et moins co\u00fbteuse.<\/p>\n<\/div>\n        <div class=\"buttonsContainer\">\n            \n            <\/div>\n            <\/div>\n<\/div>\n<\/div>\n\n<div class=\"product-hero bg-darkgreen\">\n    <div class=\"contentWrapper\">\n        <div class=\"image-container\">\n                            <div class=\"image-wrapper\">\n                    <img decoding=\"async\" src=\"https:\/\/ohme-ev.com\/fr\/wp-content\/uploads\/sites\/9\/2025\/04\/Ohme-ePod-S_FRONT_LIGHT_WORLD_RT-2-1.webp\" alt=\"https:\/\/ohme-ev.com\/fr\/wp-content\/uploads\/sites\/9\/2025\/04\/Ohme-ePod-S_FRONT_LIGHT_WORLD_RT-2-1.webp\" \/>\n                <\/div>\n                                            <\/div>\n        <div class=\"content-container\">\n            <div class=\"wrapper\">\n                <h1 class=\"title\">Ohme ePod S<\/h1>\n                                    <h5 class=\"subtitle\">Borne de recharge tout-en-un : intelligente, simple et \u00e9conomique<\/h5>\n                                                \n            <a href=\"https:\/\/survey.ohme-ev.com\/survey\/direct?partnerId=60c9abdd-d5ce-4a5a-97e0-fbdda63d9886&#038;journeyId=51f543e9-9006-48e3-ba62-0422acd0a96d&#038;region=fr\" target=\"_blank\" rel=\"noopener\">\n            <button class=\"ohme-btn survey primary button\" title=\"\">Demander un devis<\/button>\n        <\/a>\n\n                                                <\/div>\n        <\/div>\n    <\/div>\n<\/div>\n\n<div id=\"\" class=\"blockWrapper top-default bottom-default   \">\n\n<div class=\"text-image-right bg-white\">\n    <div class=\"inner\">\n        <div class=\"text-content\">\n                        <h3 class=\"title\">Int\u00e9grez facilement vos tarifs \u00e9nerg\u00e9tiques <\/h3>\n                        <div class=\"text\"><p>Nous sommes le seul fabricant de bornes de recharge \u00e0 \u00eatre compatible avec tous les tarifs \u00e9nerg\u00e9tiques. Sur l&#8217;application Ohme, choisissez votre fournisseur d&#8217;\u00e9nergie pour voir la liste des tarifs qu&#8217;ils proposent et s\u00e9lectionnez le votre. On s&#8217;occupe du reste.<\/p>\n<\/div>\n                                                <div class=\"buttons\">\n                                    \n                                <\/div>\n                                <\/div>\n        <div class=\"media-content\">\n                        <img decoding=\"async\" loading=\"lazy\" src=\"https:\/\/ohme-ev.com\/fr\/wp-content\/uploads\/sites\/9\/2025\/01\/power-lines-532720_1280.webp\" alt=\"\" \/>\n                    <\/div>\n    <\/div>\n<\/div>\n\n<\/div>\n\n<div id=\"\" class=\"blockWrapper top-default bottom-default   \">\n\n<div class=\"standalone-tiles\">\n    <h2>Vous souhaitez en savoir plus ?<\/h2>\n    \n    <div class=\"tiles-wrapper\">\n                                <a href=\"https:\/\/ohme-ev.com\/fr\/blog\/options-de-recharge-a-domicile\/\" class=\"tile\">\n                <div class=\"tile-main\">\n                    <div class=\"tile-image\">\n                        <img loading=\"lazy\" decoding=\"async\" width=\"150\" height=\"150\" src=\"https:\/\/ohme-ev.com\/fr\/wp-content\/uploads\/sites\/9\/2024\/04\/maxim-hopman-lcysD7F8ycc-unsplash-1-150x150.webp\" class=\"attachment-thumbnail size-thumbnail wp-post-image\" alt=\"\" \/>                    <\/div>\n                    <div class=\"tile-heading\">\n                        <p>Choisir sa recharge \u00e0 domicile<\/p>\n                    <\/div>\n                <\/div>\n                <div class=\"tile-footer\">\n                    <div class=\"metadata\">\n                        <p>April 22 2024<\/p>\n                        <span class=\"arrow\"><\/span>\n                    <\/div>\n                <\/div>\n            <\/a>\n                        <a href=\"https:\/\/ohme-ev.com\/fr\/blog\/installation-borne-de-recharge-a-domicile-tout-ce-quil-faut-savoir\/\" class=\"tile\">\n                <div class=\"tile-main\">\n                    <div class=\"tile-image\">\n                        <img loading=\"lazy\" decoding=\"async\" width=\"150\" height=\"150\" src=\"https:\/\/ohme-ev.com\/fr\/wp-content\/uploads\/sites\/9\/2024\/11\/A7501748-Edited-1-1-150x150.webp\" class=\"attachment-thumbnail size-thumbnail wp-post-image\" alt=\"\" \/>                    <\/div>\n                    <div class=\"tile-heading\">\n                        <p>Installation borne de recharge \u00e0 domicile\u00a0: tout ce qu\u2019il faut savoir<\/p>\n                    <\/div>\n                <\/div>\n                <div class=\"tile-footer\">\n                    <div class=\"metadata\">\n                        <p>November 27 2024<\/p>\n                        <span class=\"arrow\"><\/span>\n                    <\/div>\n                <\/div>\n            <\/a>\n                        <a href=\"https:\/\/ohme-ev.com\/fr\/blog\/lintegration-des-vehicules-electriques-aux-energies-renouvelables\/\" class=\"tile\">\n                <div class=\"tile-main\">\n                    <div class=\"tile-image\">\n                        <img loading=\"lazy\" decoding=\"async\" width=\"150\" height=\"150\" src=\"https:\/\/ohme-ev.com\/fr\/wp-content\/uploads\/sites\/9\/2025\/02\/nicholas-doherty-pONBhDyOFoM-unsplash-1-150x150.webp\" class=\"attachment-thumbnail size-thumbnail wp-post-image\" alt=\"\" \/>                    <\/div>\n                    <div class=\"tile-heading\">\n                        <p>L&#8217;int\u00e9gration des v\u00e9hicules \u00e9lectriques aux \u00e9nergies renouvelables : comment les bornes intelligentes s\u2019adaptent ?<\/p>\n                    <\/div>\n                <\/div>\n                <div class=\"tile-footer\">\n                    <div class=\"metadata\">\n                        <p>February 26 2025<\/p>\n                        <span class=\"arrow\"><\/span>\n                    <\/div>\n                <\/div>\n            <\/a>\n                        <\/div>\n\n        <div class=\"cta-container\">\n        \n            <a href=\"https:\/\/ohme-ev.com\/fr\/aide-et-faq\/\" target=\"_blank\" rel=\"noopener\">\n            <button class=\"ohme-btn primary button external\" title=\"\">Aide &amp; FAQ<\/button>\n        <\/a>\n        <\/div>\n    <\/div>\n\n<\/div>\n\n\n    <div class=\"trustpilot-container\">\n\n        <div class=\"trustpilot-widget\" data-locale=\"fr-FR\" data-template-id=\"53aa8912dec7e10d38f59f36\" data-businessunit-id=\"5d3237d97eea3b0001c71608\" data-style-height=\"140px\" data-style-width=\"100%\" data-stars=\"4, 5\" data-review-languages=\"fr\">\n            <a href=\"https:\/\/fr.trustpilot.com\/review\/www.ohme-ev.com\" target=\"_blank\" rel=\"noopener\">Trustpilot<\/a>\n        <\/div>\n    <\/div>\n\n","protected":false},"excerpt":{"rendered":"","protected":false},"author":1,"featured_media":0,"parent":0,"menu_order":0,"comment_status":"closed","ping_status":"closed","template":"","meta":{"_acf_changed":true,"_helpful_status":1,"footnotes":""},"partner":[],"class_list":["post-5952","page","type-page","status-publish","hentry"],"acf":[],"yoast_head":"<!-- This site is optimized with the Yoast SEO Premium plugin v27.4 (Yoast SEO v27.4) - https:\/\/yoast.com\/product\/yoast-seo-premium-wordpress\/ -->\n<title>Comment fonctionnent nos bornes - Ohme EV France<\/title>\n<meta name=\"description\" content=\"Apprenez comment fonctionnent nos bornes de recharge \u00e0 domicile. Int\u00e9grez facilement vos tarifs \u00e9nerg\u00e9tiques et profitez du smart charging\" \/>\n<meta name=\"robots\" content=\"index, follow, max-snippet:-1, max-image-preview:large, max-video-preview:-1\" \/>\n<link rel=\"canonical\" href=\"https:\/\/ohme-ev.com\/fr\/comment-fonctionnent-nos-bornes\/\" \/>\n<meta property=\"og:locale\" content=\"fr_FR\" \/>\n<meta property=\"og:type\" content=\"article\" \/>\n<meta property=\"og:title\" content=\"Comment fonctionnent nos bornes\" \/>\n<meta property=\"og:description\" content=\"Apprenez comment fonctionnent nos bornes de recharge \u00e0 domicile. Int\u00e9grez facilement vos tarifs \u00e9nerg\u00e9tiques et profitez du smart charging\" \/>\n<meta property=\"og:url\" content=\"https:\/\/ohme-ev.com\/fr\/comment-fonctionnent-nos-bornes\/\" \/>\n<meta property=\"og:site_name\" content=\"Ohme EV France\" \/>\n<meta property=\"article:publisher\" content=\"https:\/\/www.facebook.com\/OhmeEV\/\" \/>\n<meta property=\"article:modified_time\" content=\"2026-03-30T12:34:20+00:00\" \/>\n<meta name=\"twitter:card\" content=\"summary_large_image\" \/>\n<meta name=\"twitter:site\" content=\"@ohmeev\" \/>\n<script type=\"application\/ld+json\" class=\"yoast-schema-graph\">{\"@context\":\"https:\\\/\\\/schema.org\",\"@graph\":[{\"@type\":\"WebPage\",\"@id\":\"https:\\\/\\\/ohme-ev.com\\\/fr\\\/comment-fonctionnent-nos-bornes\\\/\",\"url\":\"https:\\\/\\\/ohme-ev.com\\\/fr\\\/comment-fonctionnent-nos-bornes\\\/\",\"name\":\"Comment fonctionnent nos bornes - Ohme EV France\",\"isPartOf\":{\"@id\":\"https:\\\/\\\/ohme-ev.com\\\/fr\\\/#website\"},\"datePublished\":\"2023-06-26T11:10:56+00:00\",\"dateModified\":\"2026-03-30T12:34:20+00:00\",\"description\":\"Apprenez comment fonctionnent nos bornes de recharge \u00e0 domicile. Int\u00e9grez facilement vos tarifs \u00e9nerg\u00e9tiques et profitez du smart charging\",\"breadcrumb\":{\"@id\":\"https:\\\/\\\/ohme-ev.com\\\/fr\\\/comment-fonctionnent-nos-bornes\\\/#breadcrumb\"},\"inLanguage\":\"fr-fr\",\"potentialAction\":[{\"@type\":\"ReadAction\",\"target\":[\"https:\\\/\\\/ohme-ev.com\\\/fr\\\/comment-fonctionnent-nos-bornes\\\/\"]}]},{\"@type\":\"BreadcrumbList\",\"@id\":\"https:\\\/\\\/ohme-ev.com\\\/fr\\\/comment-fonctionnent-nos-bornes\\\/#breadcrumb\",\"itemListElement\":[{\"@type\":\"ListItem\",\"position\":1,\"name\":\"Home\",\"item\":\"https:\\\/\\\/ohme-ev.com\\\/fr\\\/\"},{\"@type\":\"ListItem\",\"position\":2,\"name\":\"Comment fonctionnent nos bornes\"}]},{\"@type\":\"WebSite\",\"@id\":\"https:\\\/\\\/ohme-ev.com\\\/fr\\\/#website\",\"url\":\"https:\\\/\\\/ohme-ev.com\\\/fr\\\/\",\"name\":\"Ohme EV France\",\"description\":\"Ohme - EV Smart Charging Solutions\",\"potentialAction\":[{\"@type\":\"SearchAction\",\"target\":{\"@type\":\"EntryPoint\",\"urlTemplate\":\"https:\\\/\\\/ohme-ev.com\\\/fr\\\/?s={search_term_string}\"},\"query-input\":{\"@type\":\"PropertyValueSpecification\",\"valueRequired\":true,\"valueName\":\"search_term_string\"}}],\"inLanguage\":\"fr-fr\"}]}<\/script>\n<!-- \/ Yoast SEO Premium plugin. -->","yoast_head_json":{"title":"Comment fonctionnent nos bornes - Ohme EV France","description":"Apprenez comment fonctionnent nos bornes de recharge \u00e0 domicile. Int\u00e9grez facilement vos tarifs \u00e9nerg\u00e9tiques et profitez du smart charging","robots":{"index":"index","follow":"follow","max-snippet":"max-snippet:-1","max-image-preview":"max-image-preview:large","max-video-preview":"max-video-preview:-1"},"canonical":"https:\/\/ohme-ev.com\/fr\/comment-fonctionnent-nos-bornes\/","og_locale":"fr_FR","og_type":"article","og_title":"Comment fonctionnent nos bornes","og_description":"Apprenez comment fonctionnent nos bornes de recharge \u00e0 domicile. Int\u00e9grez facilement vos tarifs \u00e9nerg\u00e9tiques et profitez du smart charging","og_url":"https:\/\/ohme-ev.com\/fr\/comment-fonctionnent-nos-bornes\/","og_site_name":"Ohme EV France","article_publisher":"https:\/\/www.facebook.com\/OhmeEV\/","article_modified_time":"2026-03-30T12:34:20+00:00","twitter_card":"summary_large_image","twitter_site":"@ohmeev","schema":{"@context":"https:\/\/schema.org","@graph":[{"@type":"WebPage","@id":"https:\/\/ohme-ev.com\/fr\/comment-fonctionnent-nos-bornes\/","url":"https:\/\/ohme-ev.com\/fr\/comment-fonctionnent-nos-bornes\/","name":"Comment fonctionnent nos bornes - Ohme EV France","isPartOf":{"@id":"https:\/\/ohme-ev.com\/fr\/#website"},"datePublished":"2023-06-26T11:10:56+00:00","dateModified":"2026-03-30T12:34:20+00:00","description":"Apprenez comment fonctionnent nos bornes de recharge \u00e0 domicile. Int\u00e9grez facilement vos tarifs \u00e9nerg\u00e9tiques et profitez du smart charging","breadcrumb":{"@id":"https:\/\/ohme-ev.com\/fr\/comment-fonctionnent-nos-bornes\/#breadcrumb"},"inLanguage":"fr-fr","potentialAction":[{"@type":"ReadAction","target":["https:\/\/ohme-ev.com\/fr\/comment-fonctionnent-nos-bornes\/"]}]},{"@type":"BreadcrumbList","@id":"https:\/\/ohme-ev.com\/fr\/comment-fonctionnent-nos-bornes\/#breadcrumb","itemListElement":[{"@type":"ListItem","position":1,"name":"Home","item":"https:\/\/ohme-ev.com\/fr\/"},{"@type":"ListItem","position":2,"name":"Comment fonctionnent nos bornes"}]},{"@type":"WebSite","@id":"https:\/\/ohme-ev.com\/fr\/#website","url":"https:\/\/ohme-ev.com\/fr\/","name":"Ohme EV France","description":"Ohme - EV Smart Charging Solutions","potentialAction":[{"@type":"SearchAction","target":{"@type":"EntryPoint","urlTemplate":"https:\/\/ohme-ev.com\/fr\/?s={search_term_string}"},"query-input":{"@type":"PropertyValueSpecification","valueRequired":true,"valueName":"search_term_string"}}],"inLanguage":"fr-fr"}]}},"_links":{"self":[{"href":"https:\/\/ohme-ev.com\/fr\/wp-json\/wp\/v2\/pages\/5952","targetHints":{"allow":["GET"]}}],"collection":[{"href":"https:\/\/ohme-ev.com\/fr\/wp-json\/wp\/v2\/pages"}],"about":[{"href":"https:\/\/ohme-ev.com\/fr\/wp-json\/wp\/v2\/types\/page"}],"author":[{"embeddable":true,"href":"https:\/\/ohme-ev.com\/fr\/wp-json\/wp\/v2\/users\/1"}],"replies":[{"embeddable":true,"href":"https:\/\/ohme-ev.com\/fr\/wp-json\/wp\/v2\/comments?post=5952"}],"version-history":[{"count":0,"href":"https:\/\/ohme-ev.com\/fr\/wp-json\/wp\/v2\/pages\/5952\/revisions"}],"wp:attachment":[{"href":"https:\/\/ohme-ev.com\/fr\/wp-json\/wp\/v2\/media?parent=5952"}],"wp:term":[{"taxonomy":"partner","embeddable":true,"href":"https:\/\/ohme-ev.com\/fr\/wp-json\/wp\/v2\/partner?post=5952"}],"curies":[{"name":"wp","href":"https:\/\/api.w.org\/{rel}","templated":true}]}}