{"id":5772,"date":"2025-01-28T16:31:15","date_gmt":"2025-01-28T16:31:15","guid":{"rendered":"https:\/\/ohme-ev.com\/?page_id=41898"},"modified":"2026-04-21T14:28:28","modified_gmt":"2026-04-21T14:28:28","slug":"installez-une-borne-de-recharge-a-domicile","status":"publish","type":"page","link":"https:\/\/ohme-ev.com\/fr\/installez-une-borne-de-recharge-a-domicile\/","title":{"rendered":"Installez une borne de recharge \u00e0 domicile et faites des \u00e9conomies !"},"content":{"rendered":"<div class=\"image-text-hero with-image gradient-enabled gradient-vertical has-mobile-bg\" style=\"--bg-desktop: url(&#039;https:\/\/ohme-ev.com\/fr\/wp-content\/uploads\/sites\/9\/2026\/01\/FR-Installez-une-borne-de-recharge-a-domicile-Desktop.webp&#039;); --bg-mobile: url(&#039;https:\/\/ohme-ev.com\/fr\/wp-content\/uploads\/sites\/9\/2026\/01\/FR-Installez-une-borne-de-recharge-a-domicile-Mobile.webp&#039;);\">\n\n    <div class=\"contentWrapper imageRight mobile-image-bottom\">\n        <div class=\"content-container\">\n            <div class=\"wrapper\">\n                                    <h1>Votre borne de recharge pour des \u00e9conomies sur vos sessions de charge !<\/h1>\n                \n                                    <h5>Economisez sur le co\u00fbt de vos recharges, demandez une estimation pour une installation de borne de recharge.<\/h5>\n                \n                                    <p><p>La solution de recharge simple, intelligente et \u00e9conomique<\/p>\n<\/p>\n                \n                \n            <a href=\"https:\/\/survey.ohme-ev.com\/survey\/direct?partnerId=60c9abdd-d5ce-4a5a-97e0-fbdda63d9886&#038;journeyId=51f543e9-9006-48e3-ba62-0422acd0a96d&#038;region=fr\" target=\"_blank\" rel=\"noopener\">\n            <button class=\"ohme-btn survey secondaryDark button\" title=\"\">Demander un devis<\/button>\n        <\/a>\n\n    \n                            <\/div>\n        <\/div>\n\n        <div class=\"image-container\">\n            \n                    <\/div>\n    <\/div>\n\n    <\/div>\n\n<div id=\"\" class=\"blockWrapper top-default bottom-default   \">\n\n    <div class=\"\">\n\n        <div class=\"threeColumnWrapper \">\n            <h2 class=\"title\">Une solution sur-mesure pour les foyers souhaitant r\u00e9aliser des \u00e9conomies<\/h2>\n            <p class=\"subtitle regular \" style=\"\">Economisez sur chacune de vos recharge gr\u00e2ce au smart charging. Branchez votre v\u00e9hicule \u00e9lectrique et laissez votre borne de recharge Ohme s&#8217;occuper du reste !<\/p>\n            <div class=\"columnsContainer\">\n                                        <div class=\"column\">\n                            <div class=\"imageContainer \">\n                                                                    <img loading=\"lazy\" decoding=\"async\" width=\"340\" height=\"228\" src=\"https:\/\/ohme-ev.com\/fr\/wp-content\/uploads\/sites\/9\/2026\/01\/installez-une-borne-de-recharge-a-domicile-340x228.webp\" class=\"attachment-column_hero size-column_hero\" alt=\"\" srcset=\"https:\/\/ohme-ev.com\/fr\/wp-content\/uploads\/sites\/9\/2026\/01\/installez-une-borne-de-recharge-a-domicile-340x228.webp 340w, https:\/\/ohme-ev.com\/fr\/wp-content\/uploads\/sites\/9\/2026\/01\/installez-une-borne-de-recharge-a-domicile-300x201.webp 300w, https:\/\/ohme-ev.com\/fr\/wp-content\/uploads\/sites\/9\/2026\/01\/installez-une-borne-de-recharge-a-domicile-1024x687.webp 1024w, https:\/\/ohme-ev.com\/fr\/wp-content\/uploads\/sites\/9\/2026\/01\/installez-une-borne-de-recharge-a-domicile-768x515.webp 768w, https:\/\/ohme-ev.com\/fr\/wp-content\/uploads\/sites\/9\/2026\/01\/installez-une-borne-de-recharge-a-domicile-274x184.webp 274w, https:\/\/ohme-ev.com\/fr\/wp-content\/uploads\/sites\/9\/2026\/01\/installez-une-borne-de-recharge-a-domicile-740x496.webp 740w, https:\/\/ohme-ev.com\/fr\/wp-content\/uploads\/sites\/9\/2026\/01\/installez-une-borne-de-recharge-a-domicile-400x268.webp 400w, https:\/\/ohme-ev.com\/fr\/wp-content\/uploads\/sites\/9\/2026\/01\/installez-une-borne-de-recharge-a-domicile-480x322.webp 480w, https:\/\/ohme-ev.com\/fr\/wp-content\/uploads\/sites\/9\/2026\/01\/installez-une-borne-de-recharge-a-domicile-600x402.webp 600w, https:\/\/ohme-ev.com\/fr\/wp-content\/uploads\/sites\/9\/2026\/01\/installez-une-borne-de-recharge-a-domicile-720x483.webp 720w, https:\/\/ohme-ev.com\/fr\/wp-content\/uploads\/sites\/9\/2026\/01\/installez-une-borne-de-recharge-a-domicile.webp 1139w\" sizes=\"auto, (max-width: 340px) 100vw, 340px\" \/>\n                                                            <\/div>\n\n                            <div>\n                                <p class=\"label\"><\/p>\n                                <p class=\"subtitleColumn\">Technologie intelligente<\/p>\n                                <div class=\"body\"><p>Gr\u00e2ce \u00e0 leur syst\u00e8me de d\u00e9lestage les bornes de recharge Ohme permettent d&#8217;ajuster automatiquement la charge de votre v\u00e9hicule \u00e0 l&#8217;\u00e9nergie disponible de votre foyer.<\/p>\n<\/div>\n                            <\/div>\n                        <\/div>\n                                                <div class=\"column\">\n                            <div class=\"imageContainer \">\n                                                                    <img loading=\"lazy\" decoding=\"async\" width=\"334\" height=\"242\" src=\"https:\/\/ohme-ev.com\/fr\/wp-content\/uploads\/sites\/9\/2024\/02\/3-image-module_Mia-phone_master-622x450-1-334x242.webp\" class=\"attachment-column_hero size-column_hero\" alt=\"\" srcset=\"https:\/\/ohme-ev.com\/fr\/wp-content\/uploads\/sites\/9\/2024\/02\/3-image-module_Mia-phone_master-622x450-1-334x242.webp 334w, https:\/\/ohme-ev.com\/fr\/wp-content\/uploads\/sites\/9\/2024\/02\/3-image-module_Mia-phone_master-622x450-1-300x217.webp 300w, https:\/\/ohme-ev.com\/fr\/wp-content\/uploads\/sites\/9\/2024\/02\/3-image-module_Mia-phone_master-622x450-1-254x184.webp 254w, https:\/\/ohme-ev.com\/fr\/wp-content\/uploads\/sites\/9\/2024\/02\/3-image-module_Mia-phone_master-622x450-1.webp 622w\" sizes=\"auto, (max-width: 334px) 100vw, 334px\" \/>\n                                                            <\/div>\n\n                            <div>\n                                <p class=\"label\"><\/p>\n                                <p class=\"subtitleColumn\">Accompagnement sur-mesure<\/p>\n                                <div class=\"body\"><p>Nos \u00e9quipes vous accompagnent \u00e0 chaque \u00e9tape de votre projet, notre service client est disponible \u00e0 tout moment pour vous garantir une exp\u00e9rience de recharge optimale.<\/p>\n<\/div>\n                            <\/div>\n                        <\/div>\n                                                <div class=\"column\">\n                            <div class=\"imageContainer \">\n                                                                    <img loading=\"lazy\" decoding=\"async\" width=\"214\" height=\"242\" src=\"https:\/\/ohme-ev.com\/fr\/wp-content\/uploads\/sites\/9\/2024\/05\/50-text-image_Charge-app-screen_FR-214x242.png\" class=\"attachment-column_hero size-column_hero\" alt=\"\u00e9cran de chargement de votre v\u00e9hicule \u00e9lectrique sur votre application Ohme\" srcset=\"https:\/\/ohme-ev.com\/fr\/wp-content\/uploads\/sites\/9\/2024\/05\/50-text-image_Charge-app-screen_FR-214x242.png 214w, https:\/\/ohme-ev.com\/fr\/wp-content\/uploads\/sites\/9\/2024\/05\/50-text-image_Charge-app-screen_FR-265x300.png 265w, https:\/\/ohme-ev.com\/fr\/wp-content\/uploads\/sites\/9\/2024\/05\/50-text-image_Charge-app-screen_FR-163x184.png 163w, https:\/\/ohme-ev.com\/fr\/wp-content\/uploads\/sites\/9\/2024\/05\/50-text-image_Charge-app-screen_FR.png 577w\" sizes=\"auto, (max-width: 214px) 100vw, 214px\" \/>\n                                                            <\/div>\n\n                            <div>\n                                <p class=\"label\"><\/p>\n                                <p class=\"subtitleColumn\">Facile d&#8217;utilisation<\/p>\n                                <div class=\"body\"><p>Programmez vos cycles de recharge, interrompez une session \u00e0 tout moment ou passez d&#8217;un v\u00e9hicule \u00e0 un autre depuis votre application smartphone d\u00e9di\u00e9e.<\/p>\n<\/div>\n                            <\/div>\n                        <\/div>\n                                    <\/div>\n                    <\/div>\n    <\/div>\n<\/div>\n\n\n<div style=\"height:100px\" aria-hidden=\"true\" class=\"wp-block-spacer\"><\/div>\n\n\n<div id=\"\" class=\"blockWrapper top-default bottom-default   \">\n\n\n<div class=\"contentWrapper textImageLeft centered-image image\">\n            <div class=\"imageContainer\">\n            <img decoding=\"async\" loading=\"lazy\" src=\"https:\/\/ohme-ev.com\/fr\/wp-content\/uploads\/sites\/9\/2023\/11\/A7501737-Edited-1.webp\" alt=\"\"\/>\n        <\/div>\n\n        <div class=\"textContainer\">\n        <h3 class=\"title larger\">Faites des \u00e9conomies gr\u00e2ce aux bornes de recharge Ohme<\/h3>\n        <h4 class=\"subtitle regular\"><\/h4>\n        <div class=\"text\"><p data-start=\"171\" data-end=\"708\">Opter pour une borne de recharge Ohme, c\u2019est faire le choix d\u2019une recharge intelligente qui vous permet de r\u00e9duire consid\u00e9rablement vos d\u00e9penses en \u00e9lectricit\u00e9. Gr\u00e2ce \u00e0 une programmation optimis\u00e9e selon les heures creuses et les fluctuations du r\u00e9seau, nos stations de recharge vous aident \u00e0 tirer parti des meilleurs tarifs. Que ce soit pour votre domicile ou votre entreprise, l\u2019installation d\u2019une borne de recharge voiture \u00e9lectrique Ohme vous offre un retour sur investissement rapide tout en contribuant \u00e0 une mobilit\u00e9 plus durable.<\/p>\n<\/div>\n        <div class=\"buttonsContainer\">\n            \n            <a href=\"https:\/\/ohme-ev.com\/fr\/combien-coute-la-recharge-de-votre-vehicule-a-domicile\/\" target=\"_self\" >\n            <button class=\"ohme-btn primary button\" title=\"\">En savoir plus<\/button>\n        <\/a>\n            <\/div>\n            <\/div>\n<\/div>\n<\/div>\n\n\n<div style=\"height:100px\" aria-hidden=\"true\" class=\"wp-block-spacer\"><\/div>\n\n\n<div id=\"\" class=\"blockWrapper top-default bottom-default   \">\n\n<div class=\"text-image-right bg-blue\">\n    <div class=\"inner\">\n        <div class=\"text-content\">\n                        <h3 class=\"title larger\">D\u00e9couvrez Solar Boost<\/h3>\n            <h4 class=\"subtitle\"> <\/h4>            <div class=\"text\"><p>Vous disposez d\u2019une installation photovolta\u00efque ? Faites le choix d&#8217;une borne compatible avec vos panneaux solaires ! Gr\u00e2ce \u00e0 la fonctionnalit\u00e9 Solar Boost vous pouvez avoir recours \u00e0 l\u2019\u00e9nergie solaire issue de votre installation\u00a0 pour recharger votre v\u00e9hicule \u00e9lectrique. Vous r\u00e9duisez ainsi votre d\u00e9pendance au r\u00e9sau traditionnel.<\/p>\n<\/div>\n                                                        <\/div>\n        <div class=\"media-content\">\n                            <video  playsinline controls src=\"https:\/\/ohme-ev.com\/fr\/wp-content\/uploads\/sites\/9\/2025\/04\/SolarBoost_AnimationVideo_FR_wCaptions_v2-5-1.mp4\"><\/video>\n                    <\/div>\n    <\/div>\n<\/div>\n\n<\/div>\n\n\n<div style=\"height:100px\" aria-hidden=\"true\" class=\"wp-block-spacer\"><\/div>\n\n\n<div id=\"\" class=\"blockWrapper top-default bottom-default   \">\n\n<div class=\"old-standalone-tiles blockWrapper\">\n    <div class=\"contentWrapper\">\n        <h2>Installer une borne Ohme partout en France<\/h2>\n                <div class=\"tiles-wrapper\">\n            <div class=\"tiles\">\n                                                            <a href=\"https:\/\/ohme-ev.com\/fr\/installez-une-borne-de-recharge-a-domicile\/installation-de-borne-de-recharge-electrique-en-bretagne\/\">\n                                        <div class=\"tile custom\">\n                        <img loading=\"lazy\" decoding=\"async\" width=\"276\" height=\"184\" src=\"https:\/\/ohme-ev.com\/fr\/wp-content\/uploads\/sites\/9\/2025\/04\/A7501738-Edited-2-276x184.webp\" class=\"attachment-tile_hero size-tile_hero\" alt=\"Installer une borne en Bretagne\" srcset=\"https:\/\/ohme-ev.com\/fr\/wp-content\/uploads\/sites\/9\/2025\/04\/A7501738-Edited-2-276x184.webp 276w, https:\/\/ohme-ev.com\/fr\/wp-content\/uploads\/sites\/9\/2025\/04\/A7501738-Edited-2-300x200.webp 300w, https:\/\/ohme-ev.com\/fr\/wp-content\/uploads\/sites\/9\/2025\/04\/A7501738-Edited-2-1024x683.webp 1024w, https:\/\/ohme-ev.com\/fr\/wp-content\/uploads\/sites\/9\/2025\/04\/A7501738-Edited-2-768x512.webp 768w, https:\/\/ohme-ev.com\/fr\/wp-content\/uploads\/sites\/9\/2025\/04\/A7501738-Edited-2-340x227.webp 340w, https:\/\/ohme-ev.com\/fr\/wp-content\/uploads\/sites\/9\/2025\/04\/A7501738-Edited-2.webp 1200w\" sizes=\"auto, (max-width: 276px) 100vw, 276px\" \/>                        <div class=\"content\">\n                            <h3 class=\"title\">Installer une borne en Bretagne<\/h3>\n                            <p>Vous habitez en Bretagne et souhaitez installer une borne de recharge pour votre v\u00e9hicule \u00e9lectrique ? Avec Ohme, profitez d\u2019une solution cl\u00e9 en main !<\/p>\n                                                            <div class=\"link\">En savoir plus<\/div>\n                                                    <\/div>\n                    <\/div>\n                                            <\/a>\n                                                                                <a href=\"https:\/\/ohme-ev.com\/fr\/installez-une-borne-de-recharge-a-domicile\/installation-de-borne-de-recharge-en-auvergne-rhone-alpes\/\">\n                                        <div class=\"tile custom\">\n                        <img loading=\"lazy\" decoding=\"async\" width=\"276\" height=\"184\" src=\"https:\/\/ohme-ev.com\/fr\/wp-content\/uploads\/sites\/9\/2024\/10\/A7501762-Edited-1-276x184.webp\" class=\"attachment-tile_hero size-tile_hero\" alt=\"Installer une borne en Auvergne Rh\u00f4ne-Alpes\" srcset=\"https:\/\/ohme-ev.com\/fr\/wp-content\/uploads\/sites\/9\/2024\/10\/A7501762-Edited-1-276x184.webp 276w, https:\/\/ohme-ev.com\/fr\/wp-content\/uploads\/sites\/9\/2024\/10\/A7501762-Edited-1-300x200.webp 300w, https:\/\/ohme-ev.com\/fr\/wp-content\/uploads\/sites\/9\/2024\/10\/A7501762-Edited-1-768x512.webp 768w, https:\/\/ohme-ev.com\/fr\/wp-content\/uploads\/sites\/9\/2024\/10\/A7501762-Edited-1-340x227.webp 340w, https:\/\/ohme-ev.com\/fr\/wp-content\/uploads\/sites\/9\/2024\/10\/A7501762-Edited-1.webp 800w\" sizes=\"auto, (max-width: 276px) 100vw, 276px\" \/>                        <div class=\"content\">\n                            <h3 class=\"title\">Installer une borne en Auvergne Rh\u00f4ne-Alpes<\/h3>\n                            <p>Vous habitez en Auvergne Rh\u00f4ne-Alpes et souhaitez installer une borne de recharge pour votre v\u00e9hicule \u00e9lectrique ? Avec Ohme, profitez d\u2019une solution cl\u00e9 en main !<\/p>\n                                                            <div class=\"link\">En savoir plus<\/div>\n                                                    <\/div>\n                    <\/div>\n                                            <\/a>\n                                                                                <a href=\"https:\/\/ohme-ev.com\/fr\/installez-une-borne-de-recharge-a-domicile\/installation-de-borne-de-recharge-electrique-en-paca\/\">\n                                        <div class=\"tile custom\">\n                        <img loading=\"lazy\" decoding=\"async\" width=\"274\" height=\"184\" src=\"https:\/\/ohme-ev.com\/fr\/wp-content\/uploads\/sites\/9\/2026\/01\/fournisseurs-denergie-274x184.webp\" class=\"attachment-tile_hero size-tile_hero\" alt=\"Installer une borne en Provence Alpes C\u00f4te d&#039;Azur\" srcset=\"https:\/\/ohme-ev.com\/fr\/wp-content\/uploads\/sites\/9\/2026\/01\/fournisseurs-denergie-274x184.webp 274w, https:\/\/ohme-ev.com\/fr\/wp-content\/uploads\/sites\/9\/2026\/01\/fournisseurs-denergie-300x201.webp 300w, https:\/\/ohme-ev.com\/fr\/wp-content\/uploads\/sites\/9\/2026\/01\/fournisseurs-denergie-1024x687.webp 1024w, https:\/\/ohme-ev.com\/fr\/wp-content\/uploads\/sites\/9\/2026\/01\/fournisseurs-denergie-768x515.webp 768w, https:\/\/ohme-ev.com\/fr\/wp-content\/uploads\/sites\/9\/2026\/01\/fournisseurs-denergie-340x228.webp 340w, https:\/\/ohme-ev.com\/fr\/wp-content\/uploads\/sites\/9\/2026\/01\/fournisseurs-denergie-740x496.webp 740w, https:\/\/ohme-ev.com\/fr\/wp-content\/uploads\/sites\/9\/2026\/01\/fournisseurs-denergie-400x268.webp 400w, https:\/\/ohme-ev.com\/fr\/wp-content\/uploads\/sites\/9\/2026\/01\/fournisseurs-denergie-480x322.webp 480w, https:\/\/ohme-ev.com\/fr\/wp-content\/uploads\/sites\/9\/2026\/01\/fournisseurs-denergie-600x402.webp 600w, https:\/\/ohme-ev.com\/fr\/wp-content\/uploads\/sites\/9\/2026\/01\/fournisseurs-denergie-720x483.webp 720w, https:\/\/ohme-ev.com\/fr\/wp-content\/uploads\/sites\/9\/2026\/01\/fournisseurs-denergie.webp 1139w\" sizes=\"auto, (max-width: 274px) 100vw, 274px\" \/>                        <div class=\"content\">\n                            <h3 class=\"title\">Installer une borne en Provence Alpes C\u00f4te d&#8217;Azur<\/h3>\n                            <p>Vous habitez en Provence-Alpes-C\u00f4te d\u2019Azur et souhaitez installer une borne de recharge pour votre v\u00e9hicule \u00e9lectrique ? Avec Ohme, profitez d\u2019une solution cl\u00e9 en main !<\/p>\n                                                            <div class=\"link\">En savoir plus<\/div>\n                                                    <\/div>\n                    <\/div>\n                                            <\/a>\n                                                    <div class=\"backdrop  \"><\/div>\n            <\/div>\n            \n            <\/div>\n    <\/div>\n<\/div>\n\n<\/div>\n\n\n<div style=\"height:50px\" aria-hidden=\"true\" class=\"wp-block-spacer\"><\/div>\n\n\n\n\n\n\n\n    <div class=\"trustpilot-container\">\n\n        <div class=\"trustpilot-widget\" data-locale=\"fr-FR\" data-template-id=\"53aa8912dec7e10d38f59f36\" data-businessunit-id=\"5d3237d97eea3b0001c71608\" data-style-height=\"140px\" data-style-width=\"100%\" data-stars=\"4, 5\" data-review-languages=\"fr\">\n            <a href=\"https:\/\/fr.trustpilot.com\/review\/www.ohme-ev.com\" target=\"_blank\" rel=\"noopener\">Trustpilot<\/a>\n        <\/div>\n    <\/div>\n\n\n\n\n<p><\/p>\n","protected":false},"excerpt":{"rendered":"","protected":false},"author":31,"featured_media":0,"parent":0,"menu_order":0,"comment_status":"closed","ping_status":"closed","template":"","meta":{"_acf_changed":true,"_helpful_status":1,"footnotes":""},"partner":[],"class_list":["post-5772","page","type-page","status-publish","hentry"],"acf":[],"yoast_head":"<!-- This site is optimized with the Yoast SEO Premium plugin v27.4 (Yoast SEO v27.4) - https:\/\/yoast.com\/product\/yoast-seo-premium-wordpress\/ -->\n<title>Installez une borne de recharge \u00e0 domicile<\/title>\n<meta name=\"description\" content=\"Installez une borne de recharge \u00e0 domicile et faites des \u00e9conomies gr\u00e2ce \u00e0 nos solutions de recharge pilotables \u00e0 distance.\" \/>\n<meta name=\"robots\" content=\"noindex, nofollow\" \/>\n<meta property=\"og:locale\" content=\"fr_FR\" \/>\n<meta property=\"og:type\" content=\"article\" \/>\n<meta property=\"og:title\" content=\"Installez une borne de recharge \u00e0 domicile et faites des \u00e9conomies !\" \/>\n<meta property=\"og:description\" content=\"Installez une borne de recharge \u00e0 domicile et faites des \u00e9conomies gr\u00e2ce \u00e0 nos solutions de recharge pilotables \u00e0 distance.\" \/>\n<meta property=\"og:url\" content=\"https:\/\/ohme-ev.com\/fr\/installez-une-borne-de-recharge-a-domicile\/\" \/>\n<meta property=\"og:site_name\" content=\"Ohme EV France\" \/>\n<meta property=\"article:publisher\" content=\"https:\/\/www.facebook.com\/OhmeEV\/\" \/>\n<meta property=\"article:modified_time\" content=\"2026-04-21T14:28:28+00:00\" \/>\n<meta name=\"twitter:card\" content=\"summary_large_image\" \/>\n<meta name=\"twitter:site\" content=\"@ohmeev\" \/>\n<script type=\"application\/ld+json\" class=\"yoast-schema-graph\">{\"@context\":\"https:\\\/\\\/schema.org\",\"@graph\":[{\"@type\":\"WebPage\",\"@id\":\"https:\\\/\\\/ohme-ev.com\\\/fr\\\/installez-une-borne-de-recharge-a-domicile\\\/\",\"url\":\"https:\\\/\\\/ohme-ev.com\\\/fr\\\/installez-une-borne-de-recharge-a-domicile\\\/\",\"name\":\"Installez une borne de recharge \u00e0 domicile\",\"isPartOf\":{\"@id\":\"https:\\\/\\\/ohme-ev.com\\\/fr\\\/#website\"},\"datePublished\":\"2025-01-28T16:31:15+00:00\",\"dateModified\":\"2026-04-21T14:28:28+00:00\",\"description\":\"Installez une borne de recharge \u00e0 domicile et faites des \u00e9conomies gr\u00e2ce \u00e0 nos solutions de recharge pilotables \u00e0 distance.\",\"breadcrumb\":{\"@id\":\"https:\\\/\\\/ohme-ev.com\\\/fr\\\/installez-une-borne-de-recharge-a-domicile\\\/#breadcrumb\"},\"inLanguage\":\"fr-fr\",\"potentialAction\":[{\"@type\":\"ReadAction\",\"target\":[\"https:\\\/\\\/ohme-ev.com\\\/fr\\\/installez-une-borne-de-recharge-a-domicile\\\/\"]}]},{\"@type\":\"BreadcrumbList\",\"@id\":\"https:\\\/\\\/ohme-ev.com\\\/fr\\\/installez-une-borne-de-recharge-a-domicile\\\/#breadcrumb\",\"itemListElement\":[{\"@type\":\"ListItem\",\"position\":1,\"name\":\"Home\",\"item\":\"https:\\\/\\\/ohme-ev.com\\\/fr\\\/\"},{\"@type\":\"ListItem\",\"position\":2,\"name\":\"Installez une borne de recharge \u00e0 domicile et faites des \u00e9conomies !\"}]},{\"@type\":\"WebSite\",\"@id\":\"https:\\\/\\\/ohme-ev.com\\\/fr\\\/#website\",\"url\":\"https:\\\/\\\/ohme-ev.com\\\/fr\\\/\",\"name\":\"Ohme EV France\",\"description\":\"Ohme - EV Smart Charging Solutions\",\"potentialAction\":[{\"@type\":\"SearchAction\",\"target\":{\"@type\":\"EntryPoint\",\"urlTemplate\":\"https:\\\/\\\/ohme-ev.com\\\/fr\\\/?s={search_term_string}\"},\"query-input\":{\"@type\":\"PropertyValueSpecification\",\"valueRequired\":true,\"valueName\":\"search_term_string\"}}],\"inLanguage\":\"fr-fr\"}]}<\/script>\n<!-- \/ Yoast SEO Premium plugin. -->","yoast_head_json":{"title":"Installez une borne de recharge \u00e0 domicile","description":"Installez une borne de recharge \u00e0 domicile et faites des \u00e9conomies gr\u00e2ce \u00e0 nos solutions de recharge pilotables \u00e0 distance.","robots":{"index":"noindex","follow":"nofollow"},"og_locale":"fr_FR","og_type":"article","og_title":"Installez une borne de recharge \u00e0 domicile et faites des \u00e9conomies !","og_description":"Installez une borne de recharge \u00e0 domicile et faites des \u00e9conomies gr\u00e2ce \u00e0 nos solutions de recharge pilotables \u00e0 distance.","og_url":"https:\/\/ohme-ev.com\/fr\/installez-une-borne-de-recharge-a-domicile\/","og_site_name":"Ohme EV France","article_publisher":"https:\/\/www.facebook.com\/OhmeEV\/","article_modified_time":"2026-04-21T14:28:28+00:00","twitter_card":"summary_large_image","twitter_site":"@ohmeev","schema":{"@context":"https:\/\/schema.org","@graph":[{"@type":"WebPage","@id":"https:\/\/ohme-ev.com\/fr\/installez-une-borne-de-recharge-a-domicile\/","url":"https:\/\/ohme-ev.com\/fr\/installez-une-borne-de-recharge-a-domicile\/","name":"Installez une borne de recharge \u00e0 domicile","isPartOf":{"@id":"https:\/\/ohme-ev.com\/fr\/#website"},"datePublished":"2025-01-28T16:31:15+00:00","dateModified":"2026-04-21T14:28:28+00:00","description":"Installez une borne de recharge \u00e0 domicile et faites des \u00e9conomies gr\u00e2ce \u00e0 nos solutions de recharge pilotables \u00e0 distance.","breadcrumb":{"@id":"https:\/\/ohme-ev.com\/fr\/installez-une-borne-de-recharge-a-domicile\/#breadcrumb"},"inLanguage":"fr-fr","potentialAction":[{"@type":"ReadAction","target":["https:\/\/ohme-ev.com\/fr\/installez-une-borne-de-recharge-a-domicile\/"]}]},{"@type":"BreadcrumbList","@id":"https:\/\/ohme-ev.com\/fr\/installez-une-borne-de-recharge-a-domicile\/#breadcrumb","itemListElement":[{"@type":"ListItem","position":1,"name":"Home","item":"https:\/\/ohme-ev.com\/fr\/"},{"@type":"ListItem","position":2,"name":"Installez une borne de recharge \u00e0 domicile et faites des \u00e9conomies !"}]},{"@type":"WebSite","@id":"https:\/\/ohme-ev.com\/fr\/#website","url":"https:\/\/ohme-ev.com\/fr\/","name":"Ohme EV France","description":"Ohme - EV Smart Charging Solutions","potentialAction":[{"@type":"SearchAction","target":{"@type":"EntryPoint","urlTemplate":"https:\/\/ohme-ev.com\/fr\/?s={search_term_string}"},"query-input":{"@type":"PropertyValueSpecification","valueRequired":true,"valueName":"search_term_string"}}],"inLanguage":"fr-fr"}]}},"_links":{"self":[{"href":"https:\/\/ohme-ev.com\/fr\/wp-json\/wp\/v2\/pages\/5772","targetHints":{"allow":["GET"]}}],"collection":[{"href":"https:\/\/ohme-ev.com\/fr\/wp-json\/wp\/v2\/pages"}],"about":[{"href":"https:\/\/ohme-ev.com\/fr\/wp-json\/wp\/v2\/types\/page"}],"author":[{"embeddable":true,"href":"https:\/\/ohme-ev.com\/fr\/wp-json\/wp\/v2\/users\/31"}],"replies":[{"embeddable":true,"href":"https:\/\/ohme-ev.com\/fr\/wp-json\/wp\/v2\/comments?post=5772"}],"version-history":[{"count":0,"href":"https:\/\/ohme-ev.com\/fr\/wp-json\/wp\/v2\/pages\/5772\/revisions"}],"wp:attachment":[{"href":"https:\/\/ohme-ev.com\/fr\/wp-json\/wp\/v2\/media?parent=5772"}],"wp:term":[{"taxonomy":"partner","embeddable":true,"href":"https:\/\/ohme-ev.com\/fr\/wp-json\/wp\/v2\/partner?post=5772"}],"curies":[{"name":"wp","href":"https:\/\/api.w.org\/{rel}","templated":true}]}}