{"id":5730,"date":"2025-04-10T12:39:25","date_gmt":"2025-04-10T12:39:25","guid":{"rendered":"https:\/\/ohme-ev.com\/fr\/?page_id=5730"},"modified":"2025-04-28T14:29:01","modified_gmt":"2025-04-28T14:29:01","slug":"notre-distributeur-partenaire-baywa-r-e","status":"publish","type":"page","link":"https:\/\/ohme-ev.com\/fr\/notre-distributeur-partenaire-baywa-r-e\/","title":{"rendered":"Notre distributeur partenaire : BayWa r.e."},"content":{"rendered":"<div class=\"image-text-hero with-colour\" style=\"background-color: #366c92;\">\n\n    <div class=\"contentWrapper imageRight mobile-image-bottom\">\n        <div class=\"content-container\">\n            <div class=\"wrapper\">\n                                    <h1>Facilitez la recharge de votre v\u00e9hicule \u00e9lectrique gr\u00e2ce \u00e0 l&#039;\u00e9nergie solaire !<\/h1>\n                \n                                    <h5>BayWa r.e., notre partenaire sp\u00e9cialiste du photovolta\u00efque en France<\/h5>\n                \n                                    <p><p>Ohme est fier d&#039;annoncer son partenariat strat\u00e9gique avec BayWa r.e., sp\u00e9cialiste du photovolta\u00efque en France. Ce partenariat s&#039;inscrit dans une vision commune : rendre la mobilit\u00e9 \u00e9lectrique plus durable et accessible gr\u00e2ce \u00e0 l&#039;int\u00e9gration des \u00e9nergies renouvelables dans le processus de recharge des v\u00e9hicules \u00e9lectriques.<\/p>\n<\/p>\n                \n                \n            <a href=\"https:\/\/solarshop.baywa-re.fr\/OHME-Ohme-EPod-S-T2S-41-119445\" target=\"_blank\" rel=\"noopener\">\n            <button class=\"ohme-btn primary button external\" title=\"\">Acc\u00e9der au site de notre partenaire<\/button>\n        <\/a>\n    \n                            <\/div>\n        <\/div>\n\n        <div class=\"image-container\">\n                            <div class=\"image-wrapper\">\n                    <img decoding=\"async\" src=\"https:\/\/ohme-ev.com\/fr\/wp-content\/uploads\/sites\/9\/2024\/02\/5050-text-imager_solar-field_master.webp\" alt=\"Panneaux solaires\" \/>\n                <\/div>\n            \n                    <\/div>\n    <\/div>\n\n    <\/div>\n\n<div id=\"\" class=\"blockWrapper top-default bottom-default   \">\n\n<div class=\"text-image-right bg-blue\">\n    <div class=\"inner\">\n        <div class=\"text-content\">\n                        <h3 class=\"title\">D\u00e9couvrez Solar Boost<\/h3>\n                        <div class=\"text\"><p>Vous disposez d\u2019une installation photovolta\u00efque ? Gr\u00e2ce \u00e0 la fonctionnalit\u00e9 Solar Boost vous pouvez avoir recours \u00e0 l\u2019\u00e9nergie solaire issue de vos panneaux\u00a0 pour recharger votre v\u00e9hicule \u00e9lectrique. Vous r\u00e9duisez ainsi votre d\u00e9pendance au r\u00e9sau traditionnel.<\/p>\n<\/div>\n                                                        <\/div>\n        <div class=\"media-content\">\n                            <video  playsinline controls src=\"https:\/\/ohme-ev.com\/fr\/wp-content\/uploads\/sites\/9\/2025\/04\/SolarBoost_AnimationVideo_FR_wCaptions_v2-5-1.mp4\"><\/video>\n                    <\/div>\n    <\/div>\n<\/div>\n\n<\/div>\n\n<div id=\"\" class=\"blockWrapper top-none bottom-default   \">\n\n    <div class=\"\">\n\n        <div class=\"threeColumnWrapper \">\n            <h2 class=\"title\">Rechargez votre v\u00e9hicule \u00e9lectrique avec votre propre \u00e9nergie solaire<\/h2>\n            <p class=\"subtitle regular \" style=\"\"><\/p>\n            <div class=\"columnsContainer\">\n                                        <div class=\"column\">\n                            <div class=\"imageContainer \">\n                                                                    <img loading=\"lazy\" decoding=\"async\" width=\"340\" height=\"227\" src=\"https:\/\/ohme-ev.com\/fr\/wp-content\/uploads\/sites\/9\/2025\/03\/Panneau-Solaire-1-340x227.webp\" class=\"attachment-column_hero size-column_hero\" alt=\"\" srcset=\"https:\/\/ohme-ev.com\/fr\/wp-content\/uploads\/sites\/9\/2025\/03\/Panneau-Solaire-1-340x227.webp 340w, https:\/\/ohme-ev.com\/fr\/wp-content\/uploads\/sites\/9\/2025\/03\/Panneau-Solaire-1-300x200.webp 300w, https:\/\/ohme-ev.com\/fr\/wp-content\/uploads\/sites\/9\/2025\/03\/Panneau-Solaire-1-768x512.webp 768w, https:\/\/ohme-ev.com\/fr\/wp-content\/uploads\/sites\/9\/2025\/03\/Panneau-Solaire-1-276x184.webp 276w, https:\/\/ohme-ev.com\/fr\/wp-content\/uploads\/sites\/9\/2025\/03\/Panneau-Solaire-1.webp 1000w\" sizes=\"auto, (max-width: 340px) 100vw, 340px\" \/>\n                                                            <\/div>\n\n                            <div>\n                                <p class=\"label\"><\/p>\n                                <p class=\"subtitleColumn\">D\u00e9tecter les surplus d\u2019\u00e9nergie photovolta\u00efque<\/p>\n                                <div class=\"body\"><p>Solar Boost identifie en temps r\u00e9el les pics de production d&#8217;\u00e9nergie photovolta\u00efque qui sont automatiquement redirig\u00e9s vers la recharge du v\u00e9hicule.<\/p>\n<\/div>\n                            <\/div>\n                        <\/div>\n                                                <div class=\"column\">\n                            <div class=\"imageContainer \">\n                                                                    <img loading=\"lazy\" decoding=\"async\" width=\"340\" height=\"210\" src=\"https:\/\/ohme-ev.com\/fr\/wp-content\/uploads\/sites\/9\/2025\/01\/power-lines-532720_1280-340x210.webp\" class=\"attachment-column_hero size-column_hero\" alt=\"\" srcset=\"https:\/\/ohme-ev.com\/fr\/wp-content\/uploads\/sites\/9\/2025\/01\/power-lines-532720_1280-340x210.webp 340w, https:\/\/ohme-ev.com\/fr\/wp-content\/uploads\/sites\/9\/2025\/01\/power-lines-532720_1280-300x185.webp 300w, https:\/\/ohme-ev.com\/fr\/wp-content\/uploads\/sites\/9\/2025\/01\/power-lines-532720_1280-1024x633.webp 1024w, https:\/\/ohme-ev.com\/fr\/wp-content\/uploads\/sites\/9\/2025\/01\/power-lines-532720_1280-768x475.webp 768w, https:\/\/ohme-ev.com\/fr\/wp-content\/uploads\/sites\/9\/2025\/01\/power-lines-532720_1280-298x184.webp 298w, https:\/\/ohme-ev.com\/fr\/wp-content\/uploads\/sites\/9\/2025\/01\/power-lines-532720_1280.webp 1280w\" sizes=\"auto, (max-width: 340px) 100vw, 340px\" \/>\n                                                            <\/div>\n\n                            <div>\n                                <p class=\"label\"><\/p>\n                                <p class=\"subtitleColumn\">Prioriser l&#8217;\u00e9nergie solaire quand c&#8217;est possible<\/p>\n                                <div class=\"body\"><p>Lorsque la production est suffisante, r\u00e9duisez votre d\u00e9pendance au r\u00e9seau traditionnel.<\/p>\n<\/div>\n                            <\/div>\n                        <\/div>\n                                                <div class=\"column\">\n                            <div class=\"imageContainer \">\n                                                                    <img loading=\"lazy\" decoding=\"async\" width=\"340\" height=\"227\" src=\"https:\/\/ohme-ev.com\/fr\/wp-content\/uploads\/sites\/9\/2025\/03\/shutterstock_2177925717-1-340x227.webp\" class=\"attachment-column_hero size-column_hero\" alt=\"\" srcset=\"https:\/\/ohme-ev.com\/fr\/wp-content\/uploads\/sites\/9\/2025\/03\/shutterstock_2177925717-1-340x227.webp 340w, https:\/\/ohme-ev.com\/fr\/wp-content\/uploads\/sites\/9\/2025\/03\/shutterstock_2177925717-1-300x200.webp 300w, https:\/\/ohme-ev.com\/fr\/wp-content\/uploads\/sites\/9\/2025\/03\/shutterstock_2177925717-1-1024x683.webp 1024w, https:\/\/ohme-ev.com\/fr\/wp-content\/uploads\/sites\/9\/2025\/03\/shutterstock_2177925717-1-768x512.webp 768w, https:\/\/ohme-ev.com\/fr\/wp-content\/uploads\/sites\/9\/2025\/03\/shutterstock_2177925717-1-276x184.webp 276w, https:\/\/ohme-ev.com\/fr\/wp-content\/uploads\/sites\/9\/2025\/03\/shutterstock_2177925717-1.webp 1199w\" sizes=\"auto, (max-width: 340px) 100vw, 340px\" \/>\n                                                            <\/div>\n\n                            <div>\n                                <p class=\"label\"><\/p>\n                                <p class=\"subtitleColumn\">Ajuster dynamiquement la puissance de recharge<\/p>\n                                <div class=\"body\"><p>En fonction des fluctuations de la production solaire, garantissant une utilisation optimale de l\u2019\u00e9nergie disponible.<\/p>\n<\/div>\n                            <\/div>\n                        <\/div>\n                                    <\/div>\n                    <\/div>\n    <\/div>\n<\/div>\n\n<div id=\"\" class=\"blockWrapper top-default bottom-default   \">\n\n\n<div class=\"contentWrapper textImageLeft  image\">\n            <div class=\"imageContainer\">\n            <img decoding=\"async\" loading=\"lazy\" src=\"https:\/\/ohme-ev.com\/fr\/wp-content\/uploads\/sites\/9\/2025\/04\/BePositive-2.webp\" alt=\"\"\/>\n        <\/div>\n\n        <div class=\"textContainer\">\n        <h3 class=\"title larger\">Un mot de notre partenaire<\/h3>\n        <h4 class=\"subtitle regular\">Prasanna Jayaratnam, Responsable D\u00e9veloppement IRVE BayWa r.e.<\/h4>\n        <div class=\"text\"><p><em>\u00ab La borne Ohme que nous proposons permet aux particuliers de recharger facilement leur v\u00e9hicule \u00e9lectrique en autoconsommant l\u2019\u00e9nergie photovolta\u00efque de leurs panneaux solaires. Les utilisateurs r\u00e9sidentiels \u00e9tant sensibles \u00e0 l\u2019id\u00e9e d\u2019une ind\u00e9pendance \u00e9nerg\u00e9tique accrue, cette technologie offre un relais de croissance pour les installateurs r\u00e9sidentiels. \u00bb<\/em><\/p>\n<\/div>\n        <div class=\"buttonsContainer\">\n            \n        <\/div>\n            <\/div>\n<\/div>\n<\/div>\n\n<div id=\"\" class=\"blockWrapper top-default bottom-default   no-max-width\">\n\n<div class=\"block quote-carousel-block\">\n    <div class=\"quote-carousel \">\n\n        <div class=\"title-arrow-container\">\n            <h2>Ce que nos utilisateurs disent de nous !<\/h2>\n            <div class=\"arrow-container\">\n            <\/div>\n        <\/div>\n\n        <div class=\"carousel-wrapper \">\n                                                <div class=\"item\">\n                        <div class=\"inner-content\">\n                            <p class=\"quote\">Borne esth\u00e9tique et fonctionnelle, je suis ravie !<\/p>\n                            <p class=\"author\">Marie J<\/p>\n                        <\/div>\n                    <\/div>\n                                    <div class=\"item\">\n                        <div class=\"inner-content\">\n                            <p class=\"quote\">Tr\u00e8s satisfait parfait fonctionnement ainsi que l&#8217;application bravo<\/p>\n                            <p class=\"author\">Casimir L<\/p>\n                        <\/div>\n                    <\/div>\n                                    <div class=\"item\">\n                        <div class=\"inner-content\">\n                            <p class=\"quote\">Super produit La charge s&#8217;adapte \u00e0 la puissance disponible La borne est discr\u00e8te et esth\u00e9tique<\/p>\n                            <p class=\"author\">C.G<\/p>\n                        <\/div>\n                    <\/div>\n                                    <div class=\"item\">\n                        <div class=\"inner-content\">\n                            <p class=\"quote\">Super borne et services professionnels je ne peux que recommander<\/p>\n                            <p class=\"author\">Christian D<\/p>\n                        <\/div>\n                    <\/div>\n                                    <div class=\"item\">\n                        <div class=\"inner-content\">\n                            <p class=\"quote\">J&#8217;ai fait installer une borne de recharge Ohme chez moi et j&#8217;en suis tr\u00e8s satisfait !  Rapport Qualit\u00e9 &#8211; Prix au top.<\/p>\n                            <p class=\"author\">Bouvier<\/p>\n                        <\/div>\n                    <\/div>\n                                    <div class=\"item\">\n                        <div class=\"inner-content\">\n                            <p class=\"quote\">Borne esth\u00e9tique et fonctionnelle, je suis ravie !<\/p>\n                            <p class=\"author\">Marie J<\/p>\n                        <\/div>\n                    <\/div>\n                                    <div class=\"item\">\n                        <div class=\"inner-content\">\n                            <p class=\"quote\">Tr\u00e8s satisfait parfait fonctionnement ainsi que l&#8217;application bravo<\/p>\n                            <p class=\"author\">Casimir L<\/p>\n                        <\/div>\n                    <\/div>\n                                    <div class=\"item\">\n                        <div class=\"inner-content\">\n                            <p class=\"quote\">Super produit La charge s&#8217;adapte \u00e0 la puissance disponible La borne est discr\u00e8te et esth\u00e9tique<\/p>\n                            <p class=\"author\">C.G<\/p>\n                        <\/div>\n                    <\/div>\n                                    <div class=\"item\">\n                        <div class=\"inner-content\">\n                            <p class=\"quote\">Super borne et services professionnels je ne peux que recommander<\/p>\n                            <p class=\"author\">Christian D<\/p>\n                        <\/div>\n                    <\/div>\n                                    <div class=\"item\">\n                        <div class=\"inner-content\">\n                            <p class=\"quote\">J&#8217;ai fait installer une borne de recharge Ohme chez moi et j&#8217;en suis tr\u00e8s satisfait !  Rapport Qualit\u00e9 &#8211; Prix au top.<\/p>\n                            <p class=\"author\">Bouvier<\/p>\n                        <\/div>\n                    <\/div>\n                                    <\/div>\n                <div class=\"trustpilot-widget trustpilot-logo\" data-locale=\"fr-fr\" data-template-id=\"53aa8807dec7e10d38f59f32\" data-businessunit-id=\"5d3237d97eea3b0001c71608\" data-style-height=\"150px\" data-style-width=\"100%\" data-theme=\"dark\">\n            <a href=\"https:\/\/uk.trustpilot.com\/review\/www.ohme-ev.com\" target=\"_blank\" rel=\"noopener\">Trustpilot<\/a>\n        <\/div>\n            <\/div>\n<\/div>\n<\/div>\n\n\n<p><\/p>\n","protected":false},"excerpt":{"rendered":"","protected":false},"author":34,"featured_media":0,"parent":0,"menu_order":0,"comment_status":"closed","ping_status":"closed","template":"","meta":{"_acf_changed":false,"_helpful_status":1,"footnotes":""},"partner":[],"class_list":["post-5730","page","type-page","status-publish","hentry"],"acf":[],"yoast_head":"<!-- This site is optimized with the Yoast SEO Premium plugin v27.5 (Yoast SEO v27.5) - https:\/\/yoast.com\/product\/yoast-seo-premium-wordpress\/ -->\n<title>Notre distributeur partenaire : BayWa r.e. - Ohme EV France<\/title>\n<meta name=\"robots\" content=\"index, follow, max-snippet:-1, max-image-preview:large, max-video-preview:-1\" \/>\n<link rel=\"canonical\" href=\"https:\/\/ohme-ev.com\/fr\/notre-distributeur-partenaire-baywa-r-e\/\" \/>\n<meta property=\"og:locale\" content=\"fr_FR\" \/>\n<meta property=\"og:type\" content=\"article\" \/>\n<meta property=\"og:title\" content=\"Notre distributeur partenaire : BayWa r.e.\" \/>\n<meta property=\"og:url\" content=\"https:\/\/ohme-ev.com\/fr\/notre-distributeur-partenaire-baywa-r-e\/\" \/>\n<meta property=\"og:site_name\" content=\"Ohme EV France\" \/>\n<meta property=\"article:publisher\" content=\"https:\/\/www.facebook.com\/OhmeEV\/\" \/>\n<meta property=\"article:modified_time\" content=\"2025-04-28T14:29:01+00:00\" \/>\n<meta name=\"twitter:card\" content=\"summary_large_image\" \/>\n<meta name=\"twitter:site\" content=\"@ohmeev\" \/>\n<script type=\"application\/ld+json\" class=\"yoast-schema-graph\">{\"@context\":\"https:\\\/\\\/schema.org\",\"@graph\":[{\"@type\":\"WebPage\",\"@id\":\"https:\\\/\\\/ohme-ev.com\\\/fr\\\/notre-distributeur-partenaire-baywa-r-e\\\/\",\"url\":\"https:\\\/\\\/ohme-ev.com\\\/fr\\\/notre-distributeur-partenaire-baywa-r-e\\\/\",\"name\":\"Notre distributeur partenaire : BayWa r.e. - Ohme EV France\",\"isPartOf\":{\"@id\":\"https:\\\/\\\/ohme-ev.com\\\/fr\\\/#website\"},\"datePublished\":\"2025-04-10T12:39:25+00:00\",\"dateModified\":\"2025-04-28T14:29:01+00:00\",\"breadcrumb\":{\"@id\":\"https:\\\/\\\/ohme-ev.com\\\/fr\\\/notre-distributeur-partenaire-baywa-r-e\\\/#breadcrumb\"},\"inLanguage\":\"fr-fr\",\"potentialAction\":[{\"@type\":\"ReadAction\",\"target\":[\"https:\\\/\\\/ohme-ev.com\\\/fr\\\/notre-distributeur-partenaire-baywa-r-e\\\/\"]}]},{\"@type\":\"BreadcrumbList\",\"@id\":\"https:\\\/\\\/ohme-ev.com\\\/fr\\\/notre-distributeur-partenaire-baywa-r-e\\\/#breadcrumb\",\"itemListElement\":[{\"@type\":\"ListItem\",\"position\":1,\"name\":\"Home\",\"item\":\"https:\\\/\\\/ohme-ev.com\\\/fr\\\/\"},{\"@type\":\"ListItem\",\"position\":2,\"name\":\"Notre distributeur partenaire : BayWa r.e.\"}]},{\"@type\":\"WebSite\",\"@id\":\"https:\\\/\\\/ohme-ev.com\\\/fr\\\/#website\",\"url\":\"https:\\\/\\\/ohme-ev.com\\\/fr\\\/\",\"name\":\"Ohme EV France\",\"description\":\"Ohme - EV Smart Charging Solutions\",\"potentialAction\":[{\"@type\":\"SearchAction\",\"target\":{\"@type\":\"EntryPoint\",\"urlTemplate\":\"https:\\\/\\\/ohme-ev.com\\\/fr\\\/?s={search_term_string}\"},\"query-input\":{\"@type\":\"PropertyValueSpecification\",\"valueRequired\":true,\"valueName\":\"search_term_string\"}}],\"inLanguage\":\"fr-fr\"}]}<\/script>\n<!-- \/ Yoast SEO Premium plugin. -->","yoast_head_json":{"title":"Notre distributeur partenaire : BayWa r.e. - Ohme EV France","robots":{"index":"index","follow":"follow","max-snippet":"max-snippet:-1","max-image-preview":"max-image-preview:large","max-video-preview":"max-video-preview:-1"},"canonical":"https:\/\/ohme-ev.com\/fr\/notre-distributeur-partenaire-baywa-r-e\/","og_locale":"fr_FR","og_type":"article","og_title":"Notre distributeur partenaire : BayWa r.e.","og_url":"https:\/\/ohme-ev.com\/fr\/notre-distributeur-partenaire-baywa-r-e\/","og_site_name":"Ohme EV France","article_publisher":"https:\/\/www.facebook.com\/OhmeEV\/","article_modified_time":"2025-04-28T14:29:01+00:00","twitter_card":"summary_large_image","twitter_site":"@ohmeev","schema":{"@context":"https:\/\/schema.org","@graph":[{"@type":"WebPage","@id":"https:\/\/ohme-ev.com\/fr\/notre-distributeur-partenaire-baywa-r-e\/","url":"https:\/\/ohme-ev.com\/fr\/notre-distributeur-partenaire-baywa-r-e\/","name":"Notre distributeur partenaire : BayWa r.e. - Ohme EV France","isPartOf":{"@id":"https:\/\/ohme-ev.com\/fr\/#website"},"datePublished":"2025-04-10T12:39:25+00:00","dateModified":"2025-04-28T14:29:01+00:00","breadcrumb":{"@id":"https:\/\/ohme-ev.com\/fr\/notre-distributeur-partenaire-baywa-r-e\/#breadcrumb"},"inLanguage":"fr-fr","potentialAction":[{"@type":"ReadAction","target":["https:\/\/ohme-ev.com\/fr\/notre-distributeur-partenaire-baywa-r-e\/"]}]},{"@type":"BreadcrumbList","@id":"https:\/\/ohme-ev.com\/fr\/notre-distributeur-partenaire-baywa-r-e\/#breadcrumb","itemListElement":[{"@type":"ListItem","position":1,"name":"Home","item":"https:\/\/ohme-ev.com\/fr\/"},{"@type":"ListItem","position":2,"name":"Notre distributeur partenaire : BayWa r.e."}]},{"@type":"WebSite","@id":"https:\/\/ohme-ev.com\/fr\/#website","url":"https:\/\/ohme-ev.com\/fr\/","name":"Ohme EV France","description":"Ohme - EV Smart Charging Solutions","potentialAction":[{"@type":"SearchAction","target":{"@type":"EntryPoint","urlTemplate":"https:\/\/ohme-ev.com\/fr\/?s={search_term_string}"},"query-input":{"@type":"PropertyValueSpecification","valueRequired":true,"valueName":"search_term_string"}}],"inLanguage":"fr-fr"}]}},"_links":{"self":[{"href":"https:\/\/ohme-ev.com\/fr\/wp-json\/wp\/v2\/pages\/5730","targetHints":{"allow":["GET"]}}],"collection":[{"href":"https:\/\/ohme-ev.com\/fr\/wp-json\/wp\/v2\/pages"}],"about":[{"href":"https:\/\/ohme-ev.com\/fr\/wp-json\/wp\/v2\/types\/page"}],"author":[{"embeddable":true,"href":"https:\/\/ohme-ev.com\/fr\/wp-json\/wp\/v2\/users\/34"}],"replies":[{"embeddable":true,"href":"https:\/\/ohme-ev.com\/fr\/wp-json\/wp\/v2\/comments?post=5730"}],"version-history":[{"count":0,"href":"https:\/\/ohme-ev.com\/fr\/wp-json\/wp\/v2\/pages\/5730\/revisions"}],"wp:attachment":[{"href":"https:\/\/ohme-ev.com\/fr\/wp-json\/wp\/v2\/media?parent=5730"}],"wp:term":[{"taxonomy":"partner","embeddable":true,"href":"https:\/\/ohme-ev.com\/fr\/wp-json\/wp\/v2\/partner?post=5730"}],"curies":[{"name":"wp","href":"https:\/\/api.w.org\/{rel}","templated":true}]}}