{"id":5695,"date":"2025-04-09T10:41:03","date_gmt":"2025-04-09T10:41:03","guid":{"rendered":"https:\/\/ohme-ev.com\/fr\/?page_id=5695"},"modified":"2026-01-15T14:32:23","modified_gmt":"2026-01-15T14:32:23","slug":"ressources-installateurs","status":"publish","type":"page","link":"https:\/\/ohme-ev.com\/fr\/ressources-installateurs\/","title":{"rendered":"Ressources pour installateurs"},"content":{"rendered":"<div class=\"image-text-hero with-image gradient-enabled gradient-vertical has-mobile-bg\" style=\"--bg-desktop: url(&#039;https:\/\/ohme-ev.com\/fr\/wp-content\/uploads\/sites\/9\/2026\/01\/FR-Ressources-installateurs-Desktop.webp&#039;); --bg-mobile: url(&#039;https:\/\/ohme-ev.com\/fr\/wp-content\/uploads\/sites\/9\/2026\/01\/FR-Ressources-installateurs-Mobile.webp&#039;);\">\n\n    <div class=\"contentWrapper imageRight mobile-image-bottom\">\n        <div class=\"content-container\">\n            <div class=\"wrapper\">\n                                    <h1>Ressources pour nos installateurs certifi\u00e9s Ohme<\/h1>\n                \n                \n                                    <p><p>Retrouvez nos fiches produits, informations techniques et photos pour vous familiariser avec nos solutions de recharge.<\/p>\n<\/p>\n                \n                \n\n                            <\/div>\n        <\/div>\n\n        <div class=\"image-container\">\n            \n                    <\/div>\n    <\/div>\n\n    <\/div>\n\n<div id=\"\" class=\"blockWrapper top-none bottom-smaller   \">\n\n<div class=\"info bg-grey\">\n    <div class=\"contentWrapper\">\n                    <h2>\n                Guides, assistance et d\u00e9pannage            <\/h2>\n                <div class=\"text\">\n            <p class=\"p1\">Trouvez des conseils, des guides d\u2019installation et des ressources de d\u00e9pannage pour vous aider \u00e0 configurer et entretenir les chargeurs Ohme.<\/p>\n        <\/div>\n                        <div class=\"buttonsWrapper\">\n                        \n            <a href=\"https:\/\/ohme-ev.com\/fr\/aide\/?category=pour-les-installateurs\" target=\"_blank\" rel=\"noopener\">\n            <button class=\"ohme-btn primary button external\" title=\"\">Pour les installateurs<\/button>\n        <\/a>\n                            \n            <a href=\"https:\/\/ohme-ev.com\/fr\/aide\/manuels-des-produits\/\" target=\"_blank\" rel=\"noopener\">\n            <button class=\"ohme-btn primary button external\" title=\"\">Manuels des produits<\/button>\n        <\/a>\n                        <\/div>\n            <\/div>\n<\/div>\n\n<\/div>\n\n<div id=\"\" class=\"blockWrapper top-none bottom-none   \">\n\n<div class=\"info bg-white\">\n    <div class=\"contentWrapper\">\n                    <h2>\n                Documentation commerciale            <\/h2>\n                <div class=\"text\">\n            <div><span lang=\"FR\">Vous trouverez ici quelques ressources sur notre borne de recharge ePod S.<\/span><\/div>\n        <\/div>\n                        <div class=\"buttonsWrapper\">\n                        \n            <a href=\"https:\/\/ohme-ev.com\/fr\/wp-content\/uploads\/sites\/9\/2025\/09\/ePod-S-Product-Data-Sheet-FR-Digital.pdf\" download>\n            <button class=\"ohme-btn secondaryLight button download\" title=\"\">Ohme ePod S &#8211; Fiche produit<\/button>\n        <\/a>\n\n                        <\/div>\n            <\/div>\n<\/div>\n\n<\/div>\n\n<div id=\"\" class=\"blockWrapper top-none bottom-none   \">\n\n<div class=\"info bg-white\">\n    <div class=\"contentWrapper\">\n                    <h2>\n                Documentation marketing            <\/h2>\n                <div class=\"text\">\n            <div><span lang=\"FR\">Vous trouverez ici quelques ressources pour promouvoir Ohme sur votre site internet, ainsi que des supports PDF pr\u00e9sentant nos solutions.<\/span><\/div>\n        <\/div>\n                        <div class=\"buttonsWrapper\">\n                        \n            <a href=\"https:\/\/ohme-ev.com\/fr\/wp-content\/uploads\/sites\/9\/2025\/04\/Ohme-digital-cheat-sheet-FR-May-2025-compresse.pdf\" download>\n            <button class=\"ohme-btn secondaryLight button download\" title=\"\">Pr\u00e9sentation : Recharger avec Ohme<\/button>\n        <\/a>\n\n                            \n            <a href=\"https:\/\/ohme-ev.com\/fr\/wp-content\/uploads\/sites\/9\/2025\/09\/Flyer_A5_ePodS_Digital.pdf\" download>\n            <button class=\"ohme-btn secondaryLight button download\" title=\"\">Flyer marketing A5<\/button>\n        <\/a>\n\n                            \n            <a href=\"https:\/\/ohme-ev.com\/fr\/wp-content\/uploads\/sites\/9\/2023\/11\/ePod-S.zip\" download>\n            <button class=\"ohme-btn secondaryLight button download\" title=\"\">Pack photo ePod S<\/button>\n        <\/a>\n\n                        <\/div>\n            <\/div>\n<\/div>\n\n<\/div>\n\n\n<div style=\"height:40px\" aria-hidden=\"true\" class=\"wp-block-spacer\"><\/div>\n\n\n<div id=\"\" class=\"blockWrapper top-default bottom-default   \">\n\n\n<div class=\"contentWrapper textImageLeft centered-image image\">\n            <div class=\"imageContainer\">\n            <img decoding=\"async\" loading=\"lazy\" src=\"https:\/\/ohme-ev.com\/fr\/wp-content\/uploads\/sites\/9\/2024\/10\/A7501746-Edited-1-1.webp\" alt=\"\"\/>\n        <\/div>\n\n        <div class=\"textContainer\">\n        <h3 class=\"title larger\">Vous allez r\u00e9aliser une installation de borne Ohme ?<\/h3>\n        <h4 class=\"subtitle regular\"><\/h4>\n        <div class=\"text\"><p>Pour r\u00e9aliser l&#8217;installation d&#8217;une borne Ohme, vous devez tout d&#8217;abord vous cr\u00e9er un compte sur notre portail installateur. Vous pouvez effectuer votre demande en suivant le lien ci-dessous. Il est n\u00e9cessaire de cr\u00e9er un compte afin de r\u00e9aliser la mise en service des bornes de recharge Ohme ou modifier leur configuration apr\u00e8s l\u2019installation.<\/p>\n<\/div>\n        <div class=\"buttonsContainer\">\n            \n            <a href=\"https:\/\/ohme.typeform.com\/to\/Wvk5Hu0A?typeform-source=ohme.typeform.com\" target=\"_blank\" rel=\"noopener\">\n            <button class=\"ohme-btn secondaryLight button external\" title=\"\">Demandez vos acc\u00e8s au portail installateur<\/button>\n        <\/a>\n            <\/div>\n            <\/div>\n<\/div>\n<\/div>\n\n\n<div style=\"height:40px\" aria-hidden=\"true\" class=\"wp-block-spacer\"><\/div>\n\n\n<div id=\"\" class=\"blockWrapper top-default bottom-default   \">\n\n<div class=\"standalone-tiles\">\n    <h2>Helpdesk Ohme<\/h2>\n    \n    <div class=\"tiles-wrapper\">\n                                <a href=\"https:\/\/ohme-ev.com\/fr\/aide\/comment-installer-un-ohme-epod-s\/\" class=\"tile\">\n                <div class=\"tile-main\">\n                    <div class=\"tile-image\">\n                        <img loading=\"lazy\" decoding=\"async\" width=\"150\" height=\"150\" src=\"https:\/\/ohme-ev.com\/fr\/wp-content\/uploads\/sites\/9\/2024\/01\/Support_ePod-S-header_FR-150x150.webp\" class=\"attachment-thumbnail size-thumbnail wp-post-image\" alt=\"\" \/>                    <\/div>\n                    <div class=\"tile-heading\">\n                        <p>Comment installer une borne Ohme\u00a0ePod\u00a0S\u00a0?<\/p>\n                    <\/div>\n                <\/div>\n                <div class=\"tile-footer\">\n                    <div class=\"metadata\">\n                        <p>November 29 2023<\/p>\n                        <span class=\"arrow\"><\/span>\n                    <\/div>\n                <\/div>\n            <\/a>\n                        <a href=\"https:\/\/ohme-ev.com\/fr\/aide\/comment-installer-une-pince-amperemetrique\/\" class=\"tile\">\n                <div class=\"tile-main\">\n                    <div class=\"tile-image\">\n                        <img loading=\"lazy\" decoding=\"async\" width=\"150\" height=\"150\" src=\"https:\/\/ohme-ev.com\/fr\/wp-content\/uploads\/sites\/9\/2023\/11\/Support_charge-schedule-header_UK-150x150.webp\" class=\"attachment-thumbnail size-thumbnail wp-post-image\" alt=\"\" \/>                    <\/div>\n                    <div class=\"tile-heading\">\n                        <p>Comment installer une pince amp\u00e8rem\u00e9trique\u00a0?<\/p>\n                    <\/div>\n                <\/div>\n                <div class=\"tile-footer\">\n                    <div class=\"metadata\">\n                        <p>November 29 2023<\/p>\n                        <span class=\"arrow\"><\/span>\n                    <\/div>\n                <\/div>\n            <\/a>\n                        <a href=\"https:\/\/ohme-ev.com\/fr\/aide\/comment-mettre-en-service-une-borne-de-recharge-ohme-et-revenir-en-mode-installateur\/\" class=\"tile\">\n                <div class=\"tile-main\">\n                    <div class=\"tile-image\">\n                        <img loading=\"lazy\" decoding=\"async\" width=\"150\" height=\"150\" src=\"https:\/\/ohme-ev.com\/fr\/wp-content\/uploads\/sites\/9\/2023\/11\/A7501737-Edited-1-150x150.webp\" class=\"attachment-thumbnail size-thumbnail wp-post-image\" alt=\"\" \/>                    <\/div>\n                    <div class=\"tile-heading\">\n                        <p>Comment mettre en service une borne de recharge Ohme et revenir en mode installateur\u00a0?<\/p>\n                    <\/div>\n                <\/div>\n                <div class=\"tile-footer\">\n                    <div class=\"metadata\">\n                        <p>November 29 2023<\/p>\n                        <span class=\"arrow\"><\/span>\n                    <\/div>\n                <\/div>\n            <\/a>\n                        <\/div>\n\n        <div class=\"cta-container\">\n        \n    <\/div>\n    <\/div>\n\n<\/div>\n\n<div id=\"\" class=\"blockWrapper top- bottom-   \">\n\n    <div class=\"step-by-step contentWrapper bg-white\">\n                <h3 class=\"sectionTitle\">Pourquoi opter pour Ohme ?<\/h3>\n                <div class=\"contentContainer\">\n            <div class=\"videoInfo\">\n                                    <div class=\"imageContainer\">\n                        <img decoding=\"async\" class=\"image\" src=\"https:\/\/ohme-ev.com\/fr\/wp-content\/uploads\/sites\/9\/2025\/03\/A7501837-1.webp\" alt=\"\"\/>\n                    <\/div>\n                            <\/div>\n            <div class=\"infoWrapper\">\n                                                <h2 class=\"title\">Installation rapide<\/h2>\n                                <div><p style=\"text-align: left\">Nos bornes sont con\u00e7ues pour simplifier votre travail, avec un montage optimis\u00e9. Elles peuvent \u00eatre fix\u00e9es \u00e0 un mur ou sur un pied selon les besoins de votre client.<\/p>\n<\/div>\n                            <\/div>\n        <\/div>\n    <\/div>\n\n<\/div>\n\n<div id=\"\" class=\"blockWrapper top- bottom-   \">\n\n    <div class=\"step-by-step contentWrapper bg-white\">\n                <div class=\"contentContainer\">\n            <div class=\"videoInfo\">\n                                    <div class=\"imageContainer\">\n                        <img decoding=\"async\" class=\"image\" src=\"https:\/\/ohme-ev.com\/fr\/wp-content\/uploads\/sites\/9\/2024\/02\/3-image-module_Russ-sofa_master.webp\" alt=\"\"\/>\n                    <\/div>\n                            <\/div>\n            <div class=\"infoWrapper\">\n                                                <h2 class=\"title\">Des formations d\u00e9di\u00e9es<\/h2>\n                                <div><p>Nous avons mis en place des <strong data-start=\"634\" data-end=\"661\">formations certifi\u00e9es Ohme <\/strong>sp\u00e9cifiques pour les installateurs, ainsi chacun de nos partenaires est en capacit\u00e9 d&#8217;installer nos bornes selon les conditions pos\u00e9es par ses clients.<\/p>\n<\/div>\n                            <\/div>\n        <\/div>\n    <\/div>\n\n<\/div>\n\n<div id=\"\" class=\"blockWrapper top- bottom-   \">\n\n    <div class=\"step-by-step contentWrapper bg-white\">\n                <div class=\"contentContainer\">\n            <div class=\"videoInfo\">\n                                    <div class=\"imageContainer\">\n                        <img decoding=\"async\" class=\"image\" src=\"https:\/\/ohme-ev.com\/fr\/wp-content\/uploads\/sites\/9\/2023\/11\/Large-rectangle_customer-care_FR.webp\" alt=\"Employ\u00e9e Ohme au t\u00e9l\u00e9phone avec un client\"\/>\n                    <\/div>\n                            <\/div>\n            <div class=\"infoWrapper\">\n                                                <h2 class=\"title\">Un support technique r\u00e9actif<\/h2>\n                                <div><p>Chez Ohme, notre priorit\u00e9 est la satisfaction de nos clients. Le passage \u00e0 la mobilit\u00e9 \u00e9lectrique doit \u00eatre un jeu d\u2019enfant et nos \u00e9quipes sont \u00e0 votre disposition pour vous accompagner tout au long de l&#8217;installation de nos bornes chez vos clients<\/p>\n<\/div>\n                            <\/div>\n        <\/div>\n    <\/div>\n\n<\/div>\n\n<div id=\"\" class=\"blockWrapper top-default bottom-smaller   \">\n\n<div class=\"info bg-darkblue\">\n    <div class=\"contentWrapper\">\n                    <h2>\n                Besoin d&#8217;aide ?            <\/h2>\n                <div class=\"text\">\n            <p>Si vous installez d\u00e9j\u00e0 des bornes Ohme et que vous ne trouvez pas ce dont vous avez besoin, veuillez contacter nos experts.<\/p>\n        <\/div>\n                <div class=\"phoneNumberContainer\">\n                        <div class=\"phoneNumberWrapper\">\n                                                                <a class=\"phoneNumber\" href=\"tel:+33 1 89 71 42 87\">+33 1 89 71 42 87<\/a>\n                            <\/div>\n                    <\/div>\n                        <div class=\"buttonsWrapper\">\n                        \n            <button\n                class=\"ohme-btn popup primary button\"\n                data-form-type=\"3\"\n                title=\"\"\n        >Contactez nous<\/button>\n\n                        <\/div>\n            <\/div>\n<\/div>\n\n<\/div>","protected":false},"excerpt":{"rendered":"","protected":false},"author":34,"featured_media":0,"parent":0,"menu_order":0,"comment_status":"closed","ping_status":"closed","template":"","meta":{"_acf_changed":true,"_helpful_status":1,"footnotes":""},"partner":[],"class_list":["post-5695","page","type-page","status-publish","hentry"],"acf":[],"yoast_head":"<!-- This site is optimized with the Yoast SEO Premium plugin v27.5 (Yoast SEO v27.5) - https:\/\/yoast.com\/product\/yoast-seo-premium-wordpress\/ -->\n<title>Installateurs certifi\u00e9s Ohme - Ressources en ligne - Ohme EV France<\/title>\n<meta name=\"description\" content=\"Retrouvez sur cette page les informations techniques de l&#039;ePod S et de l&#039;Ohme Go pour votre activit\u00e9 d&#039;installateurs certifi\u00e9s Ohme\" \/>\n<meta name=\"robots\" content=\"index, follow, max-snippet:-1, max-image-preview:large, max-video-preview:-1\" \/>\n<link rel=\"canonical\" href=\"https:\/\/ohme-ev.com\/fr\/ressources-installateurs\/\" \/>\n<meta property=\"og:locale\" content=\"fr_FR\" \/>\n<meta property=\"og:type\" content=\"article\" \/>\n<meta property=\"og:title\" content=\"Ressources pour installateurs\" \/>\n<meta property=\"og:description\" content=\"Retrouvez sur cette page les informations techniques de l&#039;ePod S et de l&#039;Ohme Go pour votre activit\u00e9 d&#039;installateurs certifi\u00e9s Ohme\" \/>\n<meta property=\"og:url\" content=\"https:\/\/ohme-ev.com\/fr\/ressources-installateurs\/\" \/>\n<meta property=\"og:site_name\" content=\"Ohme EV France\" \/>\n<meta property=\"article:publisher\" content=\"https:\/\/www.facebook.com\/OhmeEV\/\" \/>\n<meta property=\"article:modified_time\" content=\"2026-01-15T14:32:23+00:00\" \/>\n<meta name=\"twitter:card\" content=\"summary_large_image\" \/>\n<meta name=\"twitter:site\" content=\"@ohmeev\" \/>\n<script type=\"application\/ld+json\" class=\"yoast-schema-graph\">{\"@context\":\"https:\\\/\\\/schema.org\",\"@graph\":[{\"@type\":\"WebPage\",\"@id\":\"https:\\\/\\\/ohme-ev.com\\\/fr\\\/ressources-installateurs\\\/\",\"url\":\"https:\\\/\\\/ohme-ev.com\\\/fr\\\/ressources-installateurs\\\/\",\"name\":\"Installateurs certifi\u00e9s Ohme - Ressources en ligne - Ohme EV France\",\"isPartOf\":{\"@id\":\"https:\\\/\\\/ohme-ev.com\\\/fr\\\/#website\"},\"datePublished\":\"2025-04-09T10:41:03+00:00\",\"dateModified\":\"2026-01-15T14:32:23+00:00\",\"description\":\"Retrouvez sur cette page les informations techniques de l'ePod S et de l'Ohme Go pour votre activit\u00e9 d'installateurs certifi\u00e9s Ohme\",\"breadcrumb\":{\"@id\":\"https:\\\/\\\/ohme-ev.com\\\/fr\\\/ressources-installateurs\\\/#breadcrumb\"},\"inLanguage\":\"fr-fr\",\"potentialAction\":[{\"@type\":\"ReadAction\",\"target\":[\"https:\\\/\\\/ohme-ev.com\\\/fr\\\/ressources-installateurs\\\/\"]}]},{\"@type\":\"BreadcrumbList\",\"@id\":\"https:\\\/\\\/ohme-ev.com\\\/fr\\\/ressources-installateurs\\\/#breadcrumb\",\"itemListElement\":[{\"@type\":\"ListItem\",\"position\":1,\"name\":\"Home\",\"item\":\"https:\\\/\\\/ohme-ev.com\\\/fr\\\/\"},{\"@type\":\"ListItem\",\"position\":2,\"name\":\"Ressources pour installateurs\"}]},{\"@type\":\"WebSite\",\"@id\":\"https:\\\/\\\/ohme-ev.com\\\/fr\\\/#website\",\"url\":\"https:\\\/\\\/ohme-ev.com\\\/fr\\\/\",\"name\":\"Ohme EV France\",\"description\":\"Ohme - EV Smart Charging Solutions\",\"potentialAction\":[{\"@type\":\"SearchAction\",\"target\":{\"@type\":\"EntryPoint\",\"urlTemplate\":\"https:\\\/\\\/ohme-ev.com\\\/fr\\\/?s={search_term_string}\"},\"query-input\":{\"@type\":\"PropertyValueSpecification\",\"valueRequired\":true,\"valueName\":\"search_term_string\"}}],\"inLanguage\":\"fr-fr\"}]}<\/script>\n<!-- \/ Yoast SEO Premium plugin. -->","yoast_head_json":{"title":"Installateurs certifi\u00e9s Ohme - Ressources en ligne - Ohme EV France","description":"Retrouvez sur cette page les informations techniques de l'ePod S et de l'Ohme Go pour votre activit\u00e9 d'installateurs certifi\u00e9s Ohme","robots":{"index":"index","follow":"follow","max-snippet":"max-snippet:-1","max-image-preview":"max-image-preview:large","max-video-preview":"max-video-preview:-1"},"canonical":"https:\/\/ohme-ev.com\/fr\/ressources-installateurs\/","og_locale":"fr_FR","og_type":"article","og_title":"Ressources pour installateurs","og_description":"Retrouvez sur cette page les informations techniques de l'ePod S et de l'Ohme Go pour votre activit\u00e9 d'installateurs certifi\u00e9s Ohme","og_url":"https:\/\/ohme-ev.com\/fr\/ressources-installateurs\/","og_site_name":"Ohme EV France","article_publisher":"https:\/\/www.facebook.com\/OhmeEV\/","article_modified_time":"2026-01-15T14:32:23+00:00","twitter_card":"summary_large_image","twitter_site":"@ohmeev","schema":{"@context":"https:\/\/schema.org","@graph":[{"@type":"WebPage","@id":"https:\/\/ohme-ev.com\/fr\/ressources-installateurs\/","url":"https:\/\/ohme-ev.com\/fr\/ressources-installateurs\/","name":"Installateurs certifi\u00e9s Ohme - Ressources en ligne - Ohme EV France","isPartOf":{"@id":"https:\/\/ohme-ev.com\/fr\/#website"},"datePublished":"2025-04-09T10:41:03+00:00","dateModified":"2026-01-15T14:32:23+00:00","description":"Retrouvez sur cette page les informations techniques de l'ePod S et de l'Ohme Go pour votre activit\u00e9 d'installateurs certifi\u00e9s Ohme","breadcrumb":{"@id":"https:\/\/ohme-ev.com\/fr\/ressources-installateurs\/#breadcrumb"},"inLanguage":"fr-fr","potentialAction":[{"@type":"ReadAction","target":["https:\/\/ohme-ev.com\/fr\/ressources-installateurs\/"]}]},{"@type":"BreadcrumbList","@id":"https:\/\/ohme-ev.com\/fr\/ressources-installateurs\/#breadcrumb","itemListElement":[{"@type":"ListItem","position":1,"name":"Home","item":"https:\/\/ohme-ev.com\/fr\/"},{"@type":"ListItem","position":2,"name":"Ressources pour installateurs"}]},{"@type":"WebSite","@id":"https:\/\/ohme-ev.com\/fr\/#website","url":"https:\/\/ohme-ev.com\/fr\/","name":"Ohme EV France","description":"Ohme - EV Smart Charging Solutions","potentialAction":[{"@type":"SearchAction","target":{"@type":"EntryPoint","urlTemplate":"https:\/\/ohme-ev.com\/fr\/?s={search_term_string}"},"query-input":{"@type":"PropertyValueSpecification","valueRequired":true,"valueName":"search_term_string"}}],"inLanguage":"fr-fr"}]}},"_links":{"self":[{"href":"https:\/\/ohme-ev.com\/fr\/wp-json\/wp\/v2\/pages\/5695","targetHints":{"allow":["GET"]}}],"collection":[{"href":"https:\/\/ohme-ev.com\/fr\/wp-json\/wp\/v2\/pages"}],"about":[{"href":"https:\/\/ohme-ev.com\/fr\/wp-json\/wp\/v2\/types\/page"}],"author":[{"embeddable":true,"href":"https:\/\/ohme-ev.com\/fr\/wp-json\/wp\/v2\/users\/34"}],"replies":[{"embeddable":true,"href":"https:\/\/ohme-ev.com\/fr\/wp-json\/wp\/v2\/comments?post=5695"}],"version-history":[{"count":0,"href":"https:\/\/ohme-ev.com\/fr\/wp-json\/wp\/v2\/pages\/5695\/revisions"}],"wp:attachment":[{"href":"https:\/\/ohme-ev.com\/fr\/wp-json\/wp\/v2\/media?parent=5695"}],"wp:term":[{"taxonomy":"partner","embeddable":true,"href":"https:\/\/ohme-ev.com\/fr\/wp-json\/wp\/v2\/partner?post=5695"}],"curies":[{"name":"wp","href":"https:\/\/api.w.org\/{rel}","templated":true}]}}