{"id":45727,"date":"2026-04-29T13:23:24","date_gmt":"2026-04-29T13:23:24","guid":{"rendered":"https:\/\/ohme-ev.com\/fr\/?page_id=45727"},"modified":"2026-04-29T15:14:22","modified_gmt":"2026-04-29T15:14:22","slug":"rechargez-son-vehicule-avec-le-soleil","status":"publish","type":"page","link":"https:\/\/ohme-ev.com\/fr\/rechargez-son-vehicule-avec-le-soleil\/","title":{"rendered":"Rechargez votre v\u00e9hicule \u00e9lectrique \u00e0 l&#8217;\u00e9nergie solaire"},"content":{"rendered":"<div class=\"image-text-hero with-image gradient-enabled gradient-vertical has-mobile-bg\" style=\"--bg-desktop: url(&#039;https:\/\/ohme-ev.com\/fr\/wp-content\/uploads\/sites\/9\/2025\/09\/Energy-Desktop1x.webp&#039;); --bg-mobile: url(&#039;https:\/\/ohme-ev.com\/fr\/wp-content\/uploads\/sites\/9\/2025\/09\/Energy-Mobile1x.webp&#039;);\">\n\n    <div class=\"contentWrapper imageRight mobile-image-bottom\">\n        <div class=\"content-container\">\n            <div class=\"wrapper\">\n                                    <h1>Rechargez votre v\u00e9hicule \u00e9lectrique \u00e0 l&#039;\u00e9nergie solaire<\/h1>\n                \n                \n                                    <p><p>Optimisez vos recharges de votre v\u00e9hicule avec gr\u00e2ce \u00e0 votre production solaire avec Solar Boost.<\/p>\n<\/p>\n                \n                \n            <a href=\"https:\/\/ohme-ev.com\/fr\/comment-fonctionnent-nos-bornes\/\" target=\"_self\" >\n            <button class=\"ohme-btn secondaryDark button\" title=\"\">D\u00e9couvrir nos bornes<\/button>\n        <\/a>\n    \n                            <\/div>\n        <\/div>\n\n        <div class=\"image-container\">\n            \n                    <\/div>\n    <\/div>\n\n    <\/div>\n\n\n<div style=\"height:20px\" aria-hidden=\"true\" class=\"wp-block-spacer\"><\/div>\n\n\n<div id=\"\" class=\"blockWrapper top-default bottom-default   \">\n\n<div class=\"old-standalone-tiles blockWrapper\">\n    <div class=\"contentWrapper\">\n        <h2>Les avantages<\/h2>\n                <div class=\"tiles-wrapper\">\n            <div class=\"tiles\">\n                                                        <div class=\"tile custom\">\n                        <img loading=\"lazy\" decoding=\"async\" width=\"170\" height=\"184\" src=\"https:\/\/ohme-ev.com\/fr\/wp-content\/uploads\/sites\/9\/2024\/02\/5050-text-imager_solar-field_master-170x184.webp\" class=\"attachment-tile_hero size-tile_hero\" alt=\"Favorisez l&#039;\u00e9nergie verte\" srcset=\"https:\/\/ohme-ev.com\/fr\/wp-content\/uploads\/sites\/9\/2024\/02\/5050-text-imager_solar-field_master-170x184.webp 170w, https:\/\/ohme-ev.com\/fr\/wp-content\/uploads\/sites\/9\/2024\/02\/5050-text-imager_solar-field_master-277x300.webp 277w, https:\/\/ohme-ev.com\/fr\/wp-content\/uploads\/sites\/9\/2024\/02\/5050-text-imager_solar-field_master-223x242.webp 223w, https:\/\/ohme-ev.com\/fr\/wp-content\/uploads\/sites\/9\/2024\/02\/5050-text-imager_solar-field_master.webp 600w\" sizes=\"auto, (max-width: 170px) 100vw, 170px\" \/>                        <div class=\"content\">\n                            <h3 class=\"title\">Favorisez l&#8217;\u00e9nergie verte<\/h3>\n                            <p>Utilisez en priorit\u00e9 l&#8217;\u00e9lectricit\u00e9 produite par vos panneaux solaires pour recharger votre voiture.\r\n\r\n<\/p>\n                                                    <\/div>\n                    <\/div>\n                                                                            <div class=\"tile custom\">\n                        <img loading=\"lazy\" decoding=\"async\" width=\"276\" height=\"184\" src=\"https:\/\/ohme-ev.com\/fr\/wp-content\/uploads\/sites\/9\/2025\/03\/A7501737-Edited-1-276x184.webp\" class=\"attachment-tile_hero size-tile_hero\" alt=\"Economisez sur vos factures\" srcset=\"https:\/\/ohme-ev.com\/fr\/wp-content\/uploads\/sites\/9\/2025\/03\/A7501737-Edited-1-276x184.webp 276w, https:\/\/ohme-ev.com\/fr\/wp-content\/uploads\/sites\/9\/2025\/03\/A7501737-Edited-1-300x200.webp 300w, https:\/\/ohme-ev.com\/fr\/wp-content\/uploads\/sites\/9\/2025\/03\/A7501737-Edited-1-1024x683.webp 1024w, https:\/\/ohme-ev.com\/fr\/wp-content\/uploads\/sites\/9\/2025\/03\/A7501737-Edited-1-768x512.webp 768w, https:\/\/ohme-ev.com\/fr\/wp-content\/uploads\/sites\/9\/2025\/03\/A7501737-Edited-1-340x227.webp 340w, https:\/\/ohme-ev.com\/fr\/wp-content\/uploads\/sites\/9\/2025\/03\/A7501737-Edited-1.webp 1200w\" sizes=\"auto, (max-width: 276px) 100vw, 276px\" \/>                        <div class=\"content\">\n                            <h3 class=\"title\">Economisez sur vos factures<\/h3>\n                            <p>R\u00e9duisez votre consommation du r\u00e9seau et faites baisser concr\u00e8tement votre co\u00fbt de recharge.\r\n\r\n<\/p>\n                                                    <\/div>\n                    <\/div>\n                                                                            <div class=\"tile custom\">\n                        <img loading=\"lazy\" decoding=\"async\" width=\"326\" height=\"184\" src=\"https:\/\/ohme-ev.com\/fr\/wp-content\/uploads\/sites\/9\/2023\/08\/Support_who-to-contact-header_UK-1-326x184.jpg\" class=\"attachment-tile_hero size-tile_hero\" alt=\"Suivez vos recharges en temps r\u00e9el\" srcset=\"https:\/\/ohme-ev.com\/fr\/wp-content\/uploads\/sites\/9\/2023\/08\/Support_who-to-contact-header_UK-1-326x184.jpg 326w, https:\/\/ohme-ev.com\/fr\/wp-content\/uploads\/sites\/9\/2023\/08\/Support_who-to-contact-header_UK-1-300x169.jpg 300w, https:\/\/ohme-ev.com\/fr\/wp-content\/uploads\/sites\/9\/2023\/08\/Support_who-to-contact-header_UK-1-1024x578.jpg 1024w, https:\/\/ohme-ev.com\/fr\/wp-content\/uploads\/sites\/9\/2023\/08\/Support_who-to-contact-header_UK-1-768x433.jpg 768w, https:\/\/ohme-ev.com\/fr\/wp-content\/uploads\/sites\/9\/2023\/08\/Support_who-to-contact-header_UK-1-1536x867.jpg 1536w, https:\/\/ohme-ev.com\/fr\/wp-content\/uploads\/sites\/9\/2023\/08\/Support_who-to-contact-header_UK-1-340x192.jpg 340w, https:\/\/ohme-ev.com\/fr\/wp-content\/uploads\/sites\/9\/2023\/08\/Support_who-to-contact-header_UK-1.jpg 1868w\" sizes=\"auto, (max-width: 326px) 100vw, 326px\" \/>                        <div class=\"content\">\n                            <h3 class=\"title\">Suivez vos recharges en temps r\u00e9el<\/h3>\n                            <p>Pilotez votre borne d\u00e8s que votre exc\u00e9dent solaire est disponible, et  visualisez la production, consommation et recharge depuis l&#8217;app.\r\n\r\n<\/p>\n                                                    <\/div>\n                    <\/div>\n                                                    <div class=\"backdrop  \"><\/div>\n            <\/div>\n            \n        <\/div>\n    <\/div>\n<\/div>\n\n<\/div>\n\n\n<div style=\"height:20px\" aria-hidden=\"true\" class=\"wp-block-spacer\"><\/div>\n\n\n<div id=\"\" class=\"blockWrapper top-default bottom-default   \">\n\n<div class=\"text-image-right bg-blue\">\n    <div class=\"inner\">\n        <div class=\"text-content\">\n                        <h3 class=\"title larger\">Comment fonctionne Solar Boost<\/h3>\n                        <div class=\"text\"><p>Avec Solar Boost, votre borne Ohme sait exactement quand vos panneaux produisent plus que ce dont vous avez besoin. Elle utilise cet exc\u00e9dent pour recharger votre v\u00e9hicule \u00e9lectrique. Le r\u00e9sultat : une voiture recharg\u00e9e au meilleur moment, avec l&#8217;\u00e9nergie la plus propre et la moins ch\u00e8re qui soit\u2026 celle que vous produisez vous-m\u00eame<\/p>\n<\/div>\n                                                        <\/div>\n        <div class=\"media-content\">\n                            <video  playsinline controls src=\"https:\/\/ohme-ev.com\/fr\/wp-content\/uploads\/sites\/9\/2025\/04\/SolarBoost_AnimationVideo_FR_wCaptions_v2-5-1.mp4\"><\/video>\n                    <\/div>\n    <\/div>\n<\/div>\n\n<\/div>\n\n\n<div style=\"height:20px\" aria-hidden=\"true\" class=\"wp-block-spacer\"><\/div>\n\n\n<div id=\"\" class=\"blockWrapper top-default bottom-default   \">\n\n    <div class=\"accordion-block bg-grey\">\n        <div class=\"contentWrapper\">\n                            <h2>FAQ<\/h2>\n                                        <div class=\"accordion-sections\" data-accordion-type=\"single\">\n                                        <h3 class=\"open\">Ai-je besoin de panneaux solaires pour utiliser Solar Boost ?<\/h3>\n                    <div><p>Oui, Solar Boost est con\u00e7u pour les propri\u00e9taires disposant d&#8217;une installation solaire. La borne Ohme se connecte \u00e0 votre syst\u00e8me pour lire votre production en temps r\u00e9el.<\/p>\n<\/div>\n                                        <h3>Solar Boost est-il compatible avec toutes les bornes Ohme ?<\/h3>\n                    <div><p>Toutes les bornes Ohme ePod S 7,4 kW install\u00e9es apr\u00e8s janvier 2023 sont compatibles Solar Boost.<\/p>\n<\/div>\n                                        <h3>Y a-t-il un co\u00fbt suppl\u00e9mentaire pour activer Solar Boost ?<\/h3>\n                    <div><p>La fonctionnalit\u00e9 Solar Boost est incluse avec toutes les bornes Ohme, aucun co\u00fbt suppl\u00e9mentaire n&#8217;est \u00e0 pr\u00e9voir.<\/p>\n<\/div>\n                                        <h3>Comment activer Solar Boost ?<\/h3>\n                    <div><p>Rendez-vous dans l&#8217;application Ohme, section \u00ab Recharge intelligente \u00bb, puis activez Solar Boost en quelques secondes.<\/p>\n<\/div>\n                                        <h3>Que se passe-t-il par temps nuageux ?<\/h3>\n                    <div><p>Si votre production solaire est insuffisante, Ohme peut compl\u00e9ter la recharge via le r\u00e9seau selon votre param\u00e9trage. Vous gardez le contr\u00f4le total depuis l&#8217;application.<\/p>\n<\/div>\n                                    <\/div>\n                    <\/div>\n    <\/div>\n\n<\/div>\n\n\n<div style=\"height:100px\" aria-hidden=\"true\" class=\"wp-block-spacer\"><\/div>\n\n\n\n    <div class=\"trustpilot-container\">\n\n        <div class=\"trustpilot-widget\" data-locale=\"fr-FR\" data-template-id=\"53aa8912dec7e10d38f59f36\" data-businessunit-id=\"5d3237d97eea3b0001c71608\" data-style-height=\"140px\" data-style-width=\"100%\" data-stars=\"4, 5\" data-review-languages=\"fr\">\n            <a href=\"https:\/\/fr.trustpilot.com\/review\/www.ohme-ev.com\" target=\"_blank\" rel=\"noopener\">Trustpilot<\/a>\n        <\/div>\n    <\/div>\n\n\n\n\n<p><\/p>\n","protected":false},"excerpt":{"rendered":"","protected":false},"author":34,"featured_media":0,"parent":0,"menu_order":0,"comment_status":"closed","ping_status":"closed","template":"","meta":{"_acf_changed":true,"_helpful_status":1,"footnotes":""},"partner":[],"class_list":["post-45727","page","type-page","status-publish","hentry"],"acf":[],"yoast_head":"<!-- This site is optimized with the Yoast SEO Premium plugin v27.5 (Yoast SEO v27.5) - https:\/\/yoast.com\/product\/yoast-seo-premium-wordpress\/ -->\n<title>Solar Boost Ohme \u2013 Rechargez votre VE avec le soleil<\/title>\n<meta name=\"description\" content=\"Rechargez votre voiture \u00e9lectrique gr\u00e2ce \u00e0 vos panneaux solaires avec Solar Boost d&#039;Ohme. Automatique, intelligent et sans effort.\" \/>\n<meta name=\"robots\" content=\"index, follow, max-snippet:-1, max-image-preview:large, max-video-preview:-1\" \/>\n<link rel=\"canonical\" href=\"https:\/\/ohme-ev.com\/fr\/rechargez-son-vehicule-avec-le-soleil\/\" \/>\n<meta property=\"og:locale\" content=\"fr_FR\" \/>\n<meta property=\"og:type\" content=\"article\" \/>\n<meta property=\"og:title\" content=\"Rechargez votre v\u00e9hicule \u00e9lectrique \u00e0 l&#039;\u00e9nergie solaire\" \/>\n<meta property=\"og:description\" content=\"Rechargez votre voiture \u00e9lectrique gr\u00e2ce \u00e0 vos panneaux solaires avec Solar Boost d&#039;Ohme. Automatique, intelligent et sans effort.\" \/>\n<meta property=\"og:url\" content=\"https:\/\/ohme-ev.com\/fr\/rechargez-son-vehicule-avec-le-soleil\/\" \/>\n<meta property=\"og:site_name\" content=\"Ohme EV France\" \/>\n<meta property=\"article:publisher\" content=\"https:\/\/www.facebook.com\/OhmeEV\/\" \/>\n<meta property=\"article:modified_time\" content=\"2026-04-29T15:14:22+00:00\" \/>\n<meta name=\"twitter:card\" content=\"summary_large_image\" \/>\n<meta name=\"twitter:site\" content=\"@ohmeev\" \/>\n<script type=\"application\/ld+json\" class=\"yoast-schema-graph\">{\"@context\":\"https:\\\/\\\/schema.org\",\"@graph\":[{\"@type\":\"WebPage\",\"@id\":\"https:\\\/\\\/ohme-ev.com\\\/fr\\\/rechargez-son-vehicule-avec-le-soleil\\\/\",\"url\":\"https:\\\/\\\/ohme-ev.com\\\/fr\\\/rechargez-son-vehicule-avec-le-soleil\\\/\",\"name\":\"Solar Boost Ohme \u2013 Rechargez votre VE avec le soleil\",\"isPartOf\":{\"@id\":\"https:\\\/\\\/ohme-ev.com\\\/fr\\\/#website\"},\"datePublished\":\"2026-04-29T13:23:24+00:00\",\"dateModified\":\"2026-04-29T15:14:22+00:00\",\"description\":\"Rechargez votre voiture \u00e9lectrique gr\u00e2ce \u00e0 vos panneaux solaires avec Solar Boost d'Ohme. Automatique, intelligent et sans effort.\",\"breadcrumb\":{\"@id\":\"https:\\\/\\\/ohme-ev.com\\\/fr\\\/rechargez-son-vehicule-avec-le-soleil\\\/#breadcrumb\"},\"inLanguage\":\"fr-fr\",\"potentialAction\":[{\"@type\":\"ReadAction\",\"target\":[\"https:\\\/\\\/ohme-ev.com\\\/fr\\\/rechargez-son-vehicule-avec-le-soleil\\\/\"]}]},{\"@type\":\"BreadcrumbList\",\"@id\":\"https:\\\/\\\/ohme-ev.com\\\/fr\\\/rechargez-son-vehicule-avec-le-soleil\\\/#breadcrumb\",\"itemListElement\":[{\"@type\":\"ListItem\",\"position\":1,\"name\":\"Home\",\"item\":\"https:\\\/\\\/ohme-ev.com\\\/fr\\\/\"},{\"@type\":\"ListItem\",\"position\":2,\"name\":\"Rechargez votre v\u00e9hicule \u00e9lectrique \u00e0 l&#8217;\u00e9nergie solaire\"}]},{\"@type\":\"WebSite\",\"@id\":\"https:\\\/\\\/ohme-ev.com\\\/fr\\\/#website\",\"url\":\"https:\\\/\\\/ohme-ev.com\\\/fr\\\/\",\"name\":\"Ohme EV France\",\"description\":\"Ohme - EV Smart Charging Solutions\",\"potentialAction\":[{\"@type\":\"SearchAction\",\"target\":{\"@type\":\"EntryPoint\",\"urlTemplate\":\"https:\\\/\\\/ohme-ev.com\\\/fr\\\/?s={search_term_string}\"},\"query-input\":{\"@type\":\"PropertyValueSpecification\",\"valueRequired\":true,\"valueName\":\"search_term_string\"}}],\"inLanguage\":\"fr-fr\"}]}<\/script>\n<!-- \/ Yoast SEO Premium plugin. -->","yoast_head_json":{"title":"Solar Boost Ohme \u2013 Rechargez votre VE avec le soleil","description":"Rechargez votre voiture \u00e9lectrique gr\u00e2ce \u00e0 vos panneaux solaires avec Solar Boost d'Ohme. Automatique, intelligent et sans effort.","robots":{"index":"index","follow":"follow","max-snippet":"max-snippet:-1","max-image-preview":"max-image-preview:large","max-video-preview":"max-video-preview:-1"},"canonical":"https:\/\/ohme-ev.com\/fr\/rechargez-son-vehicule-avec-le-soleil\/","og_locale":"fr_FR","og_type":"article","og_title":"Rechargez votre v\u00e9hicule \u00e9lectrique \u00e0 l'\u00e9nergie solaire","og_description":"Rechargez votre voiture \u00e9lectrique gr\u00e2ce \u00e0 vos panneaux solaires avec Solar Boost d'Ohme. Automatique, intelligent et sans effort.","og_url":"https:\/\/ohme-ev.com\/fr\/rechargez-son-vehicule-avec-le-soleil\/","og_site_name":"Ohme EV France","article_publisher":"https:\/\/www.facebook.com\/OhmeEV\/","article_modified_time":"2026-04-29T15:14:22+00:00","twitter_card":"summary_large_image","twitter_site":"@ohmeev","schema":{"@context":"https:\/\/schema.org","@graph":[{"@type":"WebPage","@id":"https:\/\/ohme-ev.com\/fr\/rechargez-son-vehicule-avec-le-soleil\/","url":"https:\/\/ohme-ev.com\/fr\/rechargez-son-vehicule-avec-le-soleil\/","name":"Solar Boost Ohme \u2013 Rechargez votre VE avec le soleil","isPartOf":{"@id":"https:\/\/ohme-ev.com\/fr\/#website"},"datePublished":"2026-04-29T13:23:24+00:00","dateModified":"2026-04-29T15:14:22+00:00","description":"Rechargez votre voiture \u00e9lectrique gr\u00e2ce \u00e0 vos panneaux solaires avec Solar Boost d'Ohme. Automatique, intelligent et sans effort.","breadcrumb":{"@id":"https:\/\/ohme-ev.com\/fr\/rechargez-son-vehicule-avec-le-soleil\/#breadcrumb"},"inLanguage":"fr-fr","potentialAction":[{"@type":"ReadAction","target":["https:\/\/ohme-ev.com\/fr\/rechargez-son-vehicule-avec-le-soleil\/"]}]},{"@type":"BreadcrumbList","@id":"https:\/\/ohme-ev.com\/fr\/rechargez-son-vehicule-avec-le-soleil\/#breadcrumb","itemListElement":[{"@type":"ListItem","position":1,"name":"Home","item":"https:\/\/ohme-ev.com\/fr\/"},{"@type":"ListItem","position":2,"name":"Rechargez votre v\u00e9hicule \u00e9lectrique \u00e0 l&#8217;\u00e9nergie solaire"}]},{"@type":"WebSite","@id":"https:\/\/ohme-ev.com\/fr\/#website","url":"https:\/\/ohme-ev.com\/fr\/","name":"Ohme EV France","description":"Ohme - EV Smart Charging Solutions","potentialAction":[{"@type":"SearchAction","target":{"@type":"EntryPoint","urlTemplate":"https:\/\/ohme-ev.com\/fr\/?s={search_term_string}"},"query-input":{"@type":"PropertyValueSpecification","valueRequired":true,"valueName":"search_term_string"}}],"inLanguage":"fr-fr"}]}},"_links":{"self":[{"href":"https:\/\/ohme-ev.com\/fr\/wp-json\/wp\/v2\/pages\/45727","targetHints":{"allow":["GET"]}}],"collection":[{"href":"https:\/\/ohme-ev.com\/fr\/wp-json\/wp\/v2\/pages"}],"about":[{"href":"https:\/\/ohme-ev.com\/fr\/wp-json\/wp\/v2\/types\/page"}],"author":[{"embeddable":true,"href":"https:\/\/ohme-ev.com\/fr\/wp-json\/wp\/v2\/users\/34"}],"replies":[{"embeddable":true,"href":"https:\/\/ohme-ev.com\/fr\/wp-json\/wp\/v2\/comments?post=45727"}],"version-history":[{"count":0,"href":"https:\/\/ohme-ev.com\/fr\/wp-json\/wp\/v2\/pages\/45727\/revisions"}],"wp:attachment":[{"href":"https:\/\/ohme-ev.com\/fr\/wp-json\/wp\/v2\/media?parent=45727"}],"wp:term":[{"taxonomy":"partner","embeddable":true,"href":"https:\/\/ohme-ev.com\/fr\/wp-json\/wp\/v2\/partner?post=45727"}],"curies":[{"name":"wp","href":"https:\/\/api.w.org\/{rel}","templated":true}]}}