{"id":3534,"date":"2024-07-08T14:25:50","date_gmt":"2024-07-08T14:25:50","guid":{"rendered":"https:\/\/ohme-ev.com\/fr\/?page_id=3534"},"modified":"2024-07-11T09:41:22","modified_gmt":"2024-07-11T09:41:22","slug":"concours-photo-de-lete-2024-pour-lepod-s","status":"publish","type":"page","link":"https:\/\/ohme-ev.com\/fr\/concours-photo-de-lete-2024-pour-lepod-s\/","title":{"rendered":"Concours photo de l&#8217;\u00e9t\u00e9 2024 pour l&#8217;ePod S"},"content":{"rendered":"<div class=\"image-text-hero with-colour\" style=\"background-color: #032536;\">\n\n    <div class=\"contentWrapper imageLeft mobile-image-bottom\">\n        <div class=\"content-container\">\n            <div class=\"wrapper\">\n                                    <h1>C\u00e9l\u00e9brez le premier \u00e9t\u00e9 de Ohme en images !<\/h1>\n                \n                \n                                    <p><p>Partagez avec nous votre plus belle photo de l&#039;ePod S apr\u00e8s son installation !<\/p>\n<\/p>\n                \n                \n    \n                            <\/div>\n        <\/div>\n\n        <div class=\"image-container\">\n                            <div class=\"image-wrapper\">\n                    <img decoding=\"async\" src=\"https:\/\/ohme-ev.com\/fr\/wp-content\/uploads\/sites\/9\/2024\/07\/ePodS_vuehaut-1.jpeg\" alt=\"\" \/>\n                <\/div>\n            \n                    <\/div>\n    <\/div>\n\n    <\/div>\n\n<div id=\"\" class=\"blockWrapper top-default bottom-default   \">\n\n\n<div class=\"contentWrapper textImageLeft  image\">\n            <div class=\"imageContainer\">\n            <img decoding=\"async\" loading=\"lazy\" src=\"https:\/\/ohme-ev.com\/fr\/wp-content\/uploads\/sites\/9\/2024\/02\/mokka-lifestyle-crop.jpg\" alt=\"Verre Opel mokka recharge\"\/>\n        <\/div>\n\n        <div class=\"textContainer\">\n        <h3 class=\"title\">Partagez votre quotidien<\/h3>\n        <h4 class=\"subtitle regular\"><\/h4>\n        <div class=\"text\"><h4>Partagez sur les r\u00e9seaux votre plus belle photo de l&#8217;ePod S pendant ou apr\u00e8s son installation !<\/h4>\n<p><!-- wp:paragraph --><\/p>\n<p>Le concours se d\u00e9roule jusqu&#8217;au 23 ao\u00fbt 2024 \u00e0 minuit. Les photos sont \u00e0 poster sur votre page Facebook ou LinkedIn en identifiant le <a href=\"https:\/\/www.linkedin.com\/company\/ohmeev\/mycompany\/?viewAsMember=true\">compte entreprise Ohme<\/a>, avec le #ohmefrance.<\/p>\n<p><!-- \/wp:paragraph --><\/p>\n<ol>\n<li>Choisir votre r\u00e9seau social, ou les deux<\/li>\n<li>identifier Ohme :\n<ul>\n<li>Facebook : @ohme<\/li>\n<li>LinkedIn : @ohme<\/li>\n<\/ul>\n<\/li>\n<li>Ajouter le hashtag #OhmeFrance<\/li>\n<\/ol>\n<p>Les photos envoy\u00e9es par mail \u00e0 notre \u00e9quipe commerciale en seront pas prises en compte.<\/p>\n<p>Un jury compos\u00e9 de 4 collaborateurs Ohme France se r\u00e9unira le 26 ao\u00fbt pour choisir le gagnant. Les r\u00e9sultats seront annonc\u00e9s le 27 ao\u00fbt sur les pages LinkedIn et Facebook. La photo sera \u00e9galement publi\u00e9e dans notre newsletter de septembre avec le nom de l&#8217;installateur gagnant.<\/p>\n<p>La s\u00e9lection portera sur l&#8217;angle de la prise de vue, le contexte de la photo ainsi que sur des crit\u00e8res esth\u00e9tiques notamment d&#8217;exposition et de luminosit\u00e9.<!-- \/wp:paragraph --><\/p>\n<\/div>\n        <div class=\"buttonsContainer\">\n            \n        <\/div>\n            <\/div>\n<\/div>\n<\/div>\n\n<div id=\"\" class=\"blockWrapper top-default bottom-default   \">\n\n    <div class=\" keyPointsBlock\">\n        <div class=\"contentWrapper keyPoints\">\n\n                            <h3 class=\"mainTitle\">Modalit\u00e9s de participation<\/h3>\n            \n            \n            <div class=\"keyPointsContainer \">\n                                                            <div class=\"keyPointWrapper\">\n\n                                                            <div class=\"mediaContainer image\">\n                                    <img decoding=\"async\" src=\"https:\/\/ohme-ev.com\/fr\/wp-content\/uploads\/sites\/9\/2024\/07\/LinkedIn.png\" alt=\"\" \/>\n                                <\/div>\n\n                            \n                            <h5 class=\"subtitle\">LinkedIn<\/h5>\n                            <div class=\"copy\"><p>@Ohme + #OhmeFrance dans votre publication<\/p>\n<\/div>\n\n                            \n                        <\/div>\n                                            <div class=\"keyPointWrapper\">\n\n                                                            <div class=\"mediaContainer image\">\n                                    <img decoding=\"async\" src=\"https:\/\/ohme-ev.com\/fr\/wp-content\/uploads\/sites\/9\/2024\/07\/logofacebook.png\" alt=\"\" \/>\n                                <\/div>\n\n                            \n                            <h5 class=\"subtitle\">Facebook<\/h5>\n                            <div class=\"copy\"><p>@Ohme + #OhmeFrance dans votre publication<\/p>\n<\/div>\n\n                            \n                        <\/div>\n                                            <div class=\"keyPointWrapper\">\n\n                                                            <div class=\"mediaContainer image\">\n                                    <img decoding=\"async\" src=\"https:\/\/ohme-ev.com\/fr\/wp-content\/uploads\/sites\/9\/2024\/07\/edenredcarte.jpg\" alt=\"\" \/>\n                                <\/div>\n\n                            \n                            <h5 class=\"subtitle\">Une carte cadeau \u00e0 gagner<\/h5>\n                            <div class=\"copy\"><p>d&#8217;une valeur de 100\u20ac \u00e0 valoir aupr\u00e8s du r\u00e9seau d&#8217;enseignes Edenred.<\/p>\n<\/div>\n\n                            \n                        <\/div>\n                                                <\/div>\n\n            <div class=\"cta-container\">\n                <div class=\"buttonsContainer\">\n                                    <\/div>\n            <\/div>\n\n        <\/div>\n    <\/div>\n\n<\/div>\n\n\n<p>Conditions de participation et droits d&#8217;usage :<\/p>\n\n\n\n<p>Vous devez \u00eatre l&#8217;auteur de la photo que vous publierez. Il est interdit d&#8217;utiliser la photo d&#8217;autrui ou une photo d\u00e9j existante sur un site internet ou tout autre support de communication. <\/p>\n\n\n\n<p>Ohme se r\u00e9serve le droit d&#8217;utilisation et de reproduction \u00e0 des fins de commnuication, et s&#8217;engage \u00e0 respecter le copyright de l&#8217;auteur. Les auteurs s&#8217;engagent \u00e0 autoriser la pr\u00e9sentation de leurs photos sur le site internet, les r\u00e9seaux sociaux et tout autre support print ou digital \u00e0 des fins commerciales, utilis\u00e9es par Ohme. En soumettant sa photographie, chaque participant au pr\u00e9sent concours accepte le r\u00e9glement et garantit que le clich\u00e9 pr\u00e9sent\u00e9 est libre de droit.<\/p>\n\n\n<div id=\"\" class=\"blockWrapper top-default bottom-default   no-max-width\">\n\n<div class=\"block quote-carousel-block\">\n    <div class=\"quote-carousel \">\n\n        <div class=\"title-arrow-container\">\n            <h2>Nos clients partagent leur satisfaction<\/h2>\n            <div class=\"arrow-container\">\n            <\/div>\n        <\/div>\n\n        <div class=\"carousel-wrapper \">\n                                                <div class=\"item\">\n                        <div class=\"inner-content\">\n                            <p class=\"quote\">Je recommande \u00e0 100%. Super communication, je ne pourrais pas \u00eatre plus satisfaite de Ohme.<\/p>\n                            <p class=\"author\">Mark M.<\/p>\n                        <\/div>\n                    <\/div>\n                                    <div class=\"item\">\n                        <div class=\"inner-content\">\n                            <p class=\"quote\">L&#8217;ePod S est la seule borne avec d\u00e9lestage qui me permet de r\u00e9aliser 3 installations par jour en toute facilit\u00e9.<\/p>\n                            <p class=\"author\">Hello-borne<\/p>\n                        <\/div>\n                    <\/div>\n                                    <div class=\"item\">\n                        <div class=\"inner-content\">\n                            <p class=\"quote\">De la prise de contact \u00e0 l&#8217;installation, le process a \u00e9t\u00e9 tr\u00e8s fluide. Une bonne premi\u00e8re d\u00e9couverte de l&#8217;\u00e9lectrique.<\/p>\n                            <p class=\"author\">Sarah W.<\/p>\n                        <\/div>\n                    <\/div>\n                                    <div class=\"item\">\n                        <div class=\"inner-content\">\n                            <p class=\"quote\">La borne est petite et simple \u00e0 utiliser. Le c\u00e2ble est discret, on le devine \u00e0 peine.<\/p>\n                            <p class=\"author\">Leah D.<\/p>\n                        <\/div>\n                    <\/div>\n                                    <div class=\"item\">\n                        <div class=\"inner-content\">\n                            <p class=\"quote\">Je recommande \u00e0 100%. Super communication, je ne pourrais pas \u00eatre plus satisfaite de Ohme.<\/p>\n                            <p class=\"author\">Mark M.<\/p>\n                        <\/div>\n                    <\/div>\n                                    <div class=\"item\">\n                        <div class=\"inner-content\">\n                            <p class=\"quote\">L&#8217;ePod S est la seule borne avec d\u00e9lestage qui me permet de r\u00e9aliser 3 installations par jour en toute facilit\u00e9.<\/p>\n                            <p class=\"author\">Hello-borne<\/p>\n                        <\/div>\n                    <\/div>\n                                    <div class=\"item\">\n                        <div class=\"inner-content\">\n                            <p class=\"quote\">De la prise de contact \u00e0 l&#8217;installation, le process a \u00e9t\u00e9 tr\u00e8s fluide. Une bonne premi\u00e8re d\u00e9couverte de l&#8217;\u00e9lectrique.<\/p>\n                            <p class=\"author\">Sarah W.<\/p>\n                        <\/div>\n                    <\/div>\n                                    <div class=\"item\">\n                        <div class=\"inner-content\">\n                            <p class=\"quote\">La borne est petite et simple \u00e0 utiliser. Le c\u00e2ble est discret, on le devine \u00e0 peine.<\/p>\n                            <p class=\"author\">Leah D.<\/p>\n                        <\/div>\n                    <\/div>\n                                    <\/div>\n                <div class=\"trustpilot-widget trustpilot-logo\" data-locale=\"fr-fr\" data-template-id=\"53aa8807dec7e10d38f59f32\" data-businessunit-id=\"5d3237d97eea3b0001c71608\" data-style-height=\"150px\" data-style-width=\"100%\" data-theme=\"dark\">\n            <a href=\"https:\/\/uk.trustpilot.com\/review\/www.ohme-ev.com\" target=\"_blank\" rel=\"noopener\">Trustpilot<\/a>\n        <\/div>\n            <\/div>\n<\/div>\n<\/div>","protected":false},"excerpt":{"rendered":"<p>Conditions de participation et droits d&#8217;usage : Vous devez \u00eatre l&#8217;auteur de la photo que vous publierez. Il est interdit d&#8217;utiliser la photo d&#8217;autrui ou une photo d\u00e9j existante sur un site internet ou tout autre support de communication. Ohme se r\u00e9serve le droit d&#8217;utilisation et de reproduction \u00e0 des fins de commnuication, et s&#8217;engage [&hellip;]<\/p>\n","protected":false},"author":22,"featured_media":0,"parent":0,"menu_order":0,"comment_status":"closed","ping_status":"closed","template":"","meta":{"_acf_changed":true,"_helpful_status":1,"footnotes":""},"partner":[],"class_list":["post-3534","page","type-page","status-publish","hentry"],"acf":[],"yoast_head":"<!-- This site is optimized with the Yoast SEO Premium plugin v27.6 (Yoast SEO v27.6) - https:\/\/yoast.com\/product\/yoast-seo-premium-wordpress\/ -->\n<title>Concours photo de l&#039;\u00e9t\u00e9 2024 pour l&#039;ePod S - Ohme EV France<\/title>\n<meta name=\"description\" content=\"Concours photos Ohme de l&#039;\u00e9t\u00e9 2024 ! Postez votre plus belle photo de l&#039;ePod S et gagnez une carte cadeau d&#039;une valeur de 100\u20ac !\" \/>\n<meta name=\"robots\" content=\"index, follow, max-snippet:-1, max-image-preview:large, max-video-preview:-1\" \/>\n<link rel=\"canonical\" href=\"https:\/\/ohme-ev.com\/fr\/concours-photo-de-lete-2024-pour-lepod-s\/\" \/>\n<meta property=\"og:locale\" content=\"fr_FR\" \/>\n<meta property=\"og:type\" content=\"article\" \/>\n<meta property=\"og:title\" content=\"Concours photo de l&#039;\u00e9t\u00e9 2024 pour l&#039;ePod S\" \/>\n<meta property=\"og:description\" content=\"Concours photos Ohme de l&#039;\u00e9t\u00e9 2024 ! Postez votre plus belle photo de l&#039;ePod S et gagnez une carte cadeau d&#039;une valeur de 100\u20ac !\" \/>\n<meta property=\"og:url\" content=\"https:\/\/ohme-ev.com\/fr\/concours-photo-de-lete-2024-pour-lepod-s\/\" \/>\n<meta property=\"og:site_name\" content=\"Ohme EV France\" \/>\n<meta property=\"article:publisher\" content=\"https:\/\/www.facebook.com\/OhmeEV\/\" \/>\n<meta property=\"article:modified_time\" content=\"2024-07-11T09:41:22+00:00\" \/>\n<meta name=\"twitter:card\" content=\"summary_large_image\" \/>\n<meta name=\"twitter:site\" content=\"@ohmeev\" \/>\n<meta name=\"twitter:label1\" content=\"Est. reading time\" \/>\n\t<meta name=\"twitter:data1\" content=\"1 minute\" \/>\n<script type=\"application\/ld+json\" class=\"yoast-schema-graph\">{\"@context\":\"https:\\\/\\\/schema.org\",\"@graph\":[{\"@type\":\"WebPage\",\"@id\":\"https:\\\/\\\/ohme-ev.com\\\/fr\\\/concours-photo-de-lete-2024-pour-lepod-s\\\/\",\"url\":\"https:\\\/\\\/ohme-ev.com\\\/fr\\\/concours-photo-de-lete-2024-pour-lepod-s\\\/\",\"name\":\"Concours photo de l'\u00e9t\u00e9 2024 pour l'ePod S - Ohme EV France\",\"isPartOf\":{\"@id\":\"https:\\\/\\\/ohme-ev.com\\\/fr\\\/#website\"},\"datePublished\":\"2024-07-08T14:25:50+00:00\",\"dateModified\":\"2024-07-11T09:41:22+00:00\",\"description\":\"Concours photos Ohme de l'\u00e9t\u00e9 2024 ! Postez votre plus belle photo de l'ePod S et gagnez une carte cadeau d'une valeur de 100\u20ac !\",\"breadcrumb\":{\"@id\":\"https:\\\/\\\/ohme-ev.com\\\/fr\\\/concours-photo-de-lete-2024-pour-lepod-s\\\/#breadcrumb\"},\"inLanguage\":\"fr-fr\",\"potentialAction\":[{\"@type\":\"ReadAction\",\"target\":[\"https:\\\/\\\/ohme-ev.com\\\/fr\\\/concours-photo-de-lete-2024-pour-lepod-s\\\/\"]}]},{\"@type\":\"BreadcrumbList\",\"@id\":\"https:\\\/\\\/ohme-ev.com\\\/fr\\\/concours-photo-de-lete-2024-pour-lepod-s\\\/#breadcrumb\",\"itemListElement\":[{\"@type\":\"ListItem\",\"position\":1,\"name\":\"Home\",\"item\":\"https:\\\/\\\/ohme-ev.com\\\/fr\\\/\"},{\"@type\":\"ListItem\",\"position\":2,\"name\":\"Concours photo de l&#8217;\u00e9t\u00e9 2024 pour l&#8217;ePod S\"}]},{\"@type\":\"WebSite\",\"@id\":\"https:\\\/\\\/ohme-ev.com\\\/fr\\\/#website\",\"url\":\"https:\\\/\\\/ohme-ev.com\\\/fr\\\/\",\"name\":\"Ohme EV France\",\"description\":\"Ohme - EV Smart Charging Solutions\",\"potentialAction\":[{\"@type\":\"SearchAction\",\"target\":{\"@type\":\"EntryPoint\",\"urlTemplate\":\"https:\\\/\\\/ohme-ev.com\\\/fr\\\/?s={search_term_string}\"},\"query-input\":{\"@type\":\"PropertyValueSpecification\",\"valueRequired\":true,\"valueName\":\"search_term_string\"}}],\"inLanguage\":\"fr-fr\"}]}<\/script>\n<!-- \/ Yoast SEO Premium plugin. -->","yoast_head_json":{"title":"Concours photo de l'\u00e9t\u00e9 2024 pour l'ePod S - Ohme EV France","description":"Concours photos Ohme de l'\u00e9t\u00e9 2024 ! Postez votre plus belle photo de l'ePod S et gagnez une carte cadeau d'une valeur de 100\u20ac !","robots":{"index":"index","follow":"follow","max-snippet":"max-snippet:-1","max-image-preview":"max-image-preview:large","max-video-preview":"max-video-preview:-1"},"canonical":"https:\/\/ohme-ev.com\/fr\/concours-photo-de-lete-2024-pour-lepod-s\/","og_locale":"fr_FR","og_type":"article","og_title":"Concours photo de l'\u00e9t\u00e9 2024 pour l'ePod S","og_description":"Concours photos Ohme de l'\u00e9t\u00e9 2024 ! Postez votre plus belle photo de l'ePod S et gagnez une carte cadeau d'une valeur de 100\u20ac !","og_url":"https:\/\/ohme-ev.com\/fr\/concours-photo-de-lete-2024-pour-lepod-s\/","og_site_name":"Ohme EV France","article_publisher":"https:\/\/www.facebook.com\/OhmeEV\/","article_modified_time":"2024-07-11T09:41:22+00:00","twitter_card":"summary_large_image","twitter_site":"@ohmeev","twitter_misc":{"Est. reading time":"1 minute"},"schema":{"@context":"https:\/\/schema.org","@graph":[{"@type":"WebPage","@id":"https:\/\/ohme-ev.com\/fr\/concours-photo-de-lete-2024-pour-lepod-s\/","url":"https:\/\/ohme-ev.com\/fr\/concours-photo-de-lete-2024-pour-lepod-s\/","name":"Concours photo de l'\u00e9t\u00e9 2024 pour l'ePod S - Ohme EV France","isPartOf":{"@id":"https:\/\/ohme-ev.com\/fr\/#website"},"datePublished":"2024-07-08T14:25:50+00:00","dateModified":"2024-07-11T09:41:22+00:00","description":"Concours photos Ohme de l'\u00e9t\u00e9 2024 ! Postez votre plus belle photo de l'ePod S et gagnez une carte cadeau d'une valeur de 100\u20ac !","breadcrumb":{"@id":"https:\/\/ohme-ev.com\/fr\/concours-photo-de-lete-2024-pour-lepod-s\/#breadcrumb"},"inLanguage":"fr-fr","potentialAction":[{"@type":"ReadAction","target":["https:\/\/ohme-ev.com\/fr\/concours-photo-de-lete-2024-pour-lepod-s\/"]}]},{"@type":"BreadcrumbList","@id":"https:\/\/ohme-ev.com\/fr\/concours-photo-de-lete-2024-pour-lepod-s\/#breadcrumb","itemListElement":[{"@type":"ListItem","position":1,"name":"Home","item":"https:\/\/ohme-ev.com\/fr\/"},{"@type":"ListItem","position":2,"name":"Concours photo de l&#8217;\u00e9t\u00e9 2024 pour l&#8217;ePod S"}]},{"@type":"WebSite","@id":"https:\/\/ohme-ev.com\/fr\/#website","url":"https:\/\/ohme-ev.com\/fr\/","name":"Ohme EV France","description":"Ohme - EV Smart Charging Solutions","potentialAction":[{"@type":"SearchAction","target":{"@type":"EntryPoint","urlTemplate":"https:\/\/ohme-ev.com\/fr\/?s={search_term_string}"},"query-input":{"@type":"PropertyValueSpecification","valueRequired":true,"valueName":"search_term_string"}}],"inLanguage":"fr-fr"}]}},"_links":{"self":[{"href":"https:\/\/ohme-ev.com\/fr\/wp-json\/wp\/v2\/pages\/3534","targetHints":{"allow":["GET"]}}],"collection":[{"href":"https:\/\/ohme-ev.com\/fr\/wp-json\/wp\/v2\/pages"}],"about":[{"href":"https:\/\/ohme-ev.com\/fr\/wp-json\/wp\/v2\/types\/page"}],"author":[{"embeddable":true,"href":"https:\/\/ohme-ev.com\/fr\/wp-json\/wp\/v2\/users\/22"}],"replies":[{"embeddable":true,"href":"https:\/\/ohme-ev.com\/fr\/wp-json\/wp\/v2\/comments?post=3534"}],"version-history":[{"count":0,"href":"https:\/\/ohme-ev.com\/fr\/wp-json\/wp\/v2\/pages\/3534\/revisions"}],"wp:attachment":[{"href":"https:\/\/ohme-ev.com\/fr\/wp-json\/wp\/v2\/media?parent=3534"}],"wp:term":[{"taxonomy":"partner","embeddable":true,"href":"https:\/\/ohme-ev.com\/fr\/wp-json\/wp\/v2\/partner?post=3534"}],"curies":[{"name":"wp","href":"https:\/\/api.w.org\/{rel}","templated":true}]}}