{"id":3191,"date":"2023-06-26T12:01:28","date_gmt":"2023-06-26T12:01:28","guid":{"rendered":"https:\/\/ohme-cs-dev.local\/?page_id=42"},"modified":"2024-07-03T20:09:37","modified_gmt":"2024-07-03T20:09:37","slug":"mobility","status":"publish","type":"page","link":"https:\/\/ohme-ev.com\/fr\/mobility\/","title":{"rendered":"Boostez le potentiel \u00e9lectrique"},"content":{"rendered":"<div class=\"image-text-hero with-colour\" style=\"background-color: #032536;\">\n\n    <div class=\"contentWrapper imageLeft mobile-image-bottom\">\n        <div class=\"content-container\">\n            <div class=\"wrapper\">\n                                    <h1>Boostez le potentiel \u00e9lectrique de votre flotte d&#039;hybrides rechargeables !<\/h1>\n                \n                                    <h5>Aidez vos conducteurs \u00e0 optimiser l&#039;utilisation de leur hybride rechargeable avec le c\u00e2ble intelligent Ohme Go<\/h5>\n                \n                                    <p><p>Les fonctionnalit\u00e9s d&#039;une borne, l&#039;installation en moins<\/p>\n<\/p>\n                \n                \n            <button\n                data-calendly-url=\"https:\/\/calendly.com\/cedric-marquant-olxl\/30min\"\n                class=\"ohme-btn primary calendly button\"\n                title=\"\"\n        >Parlons-en !<\/button>\n\n    \n                            <\/div>\n        <\/div>\n\n        <div class=\"image-container\">\n                            <div class=\"image-wrapper\">\n                    <img decoding=\"async\" src=\"https:\/\/ohme-ev.com\/fr\/wp-content\/uploads\/sites\/9\/2024\/02\/ohme-go-in-use-master.webp\" alt=\"\" \/>\n                <\/div>\n            \n                    <\/div>\n    <\/div>\n\n    <\/div>\n\n<div id=\"\" class=\"blockWrapper top-default bottom-smaller   \">\n\n    <div class=\"bgColour\">\n\n        <div class=\"threeColumnWrapper \">\n            <h2 class=\"title\">Le c\u00e2ble de recharge intelligent<\/h2>\n            <p class=\"subtitle regular \" style=\"\">Le compromis pens\u00e9 sp\u00e9cialement pour les hybrides rechargeables<\/p>\n            <div class=\"columnsContainer\">\n                                        <div class=\"column\">\n                            <div class=\"imageContainer \">\n                                                            <\/div>\n\n                            <div>\n                                <p class=\"label\"><\/p>\n                                <p class=\"subtitleColumn\">Aucune installation n\u00e9cessaire<\/p>\n                                <div class=\"body\"><p>Le c\u00e2ble dispose d&#8217;une prise Schuko qui le rend imm\u00e9diatement utilisable. Une prise simple ou renforc\u00e9e suffit !<\/p>\n<\/div>\n                            <\/div>\n                        <\/div>\n                                                <div class=\"column\">\n                            <div class=\"imageContainer \">\n                                                                    <img loading=\"lazy\" decoding=\"async\" width=\"334\" height=\"242\" src=\"https:\/\/ohme-ev.com\/fr\/wp-content\/uploads\/sites\/9\/2024\/02\/portal-laptop-334x242.webp\" class=\"attachment-column_hero size-column_hero\" alt=\"dealer portal access on a laptop\" srcset=\"https:\/\/ohme-ev.com\/fr\/wp-content\/uploads\/sites\/9\/2024\/02\/portal-laptop-334x242.webp 334w, https:\/\/ohme-ev.com\/fr\/wp-content\/uploads\/sites\/9\/2024\/02\/portal-laptop-300x217.webp 300w, https:\/\/ohme-ev.com\/fr\/wp-content\/uploads\/sites\/9\/2024\/02\/portal-laptop-254x184.webp 254w, https:\/\/ohme-ev.com\/fr\/wp-content\/uploads\/sites\/9\/2024\/02\/portal-laptop.webp 680w\" sizes=\"auto, (max-width: 334px) 100vw, 334px\" \/>\n                                                            <\/div>\n\n                            <div>\n                                <p class=\"label\"><\/p>\n                                <p class=\"subtitleColumn\">Suivi des recharges \u00e0 domicile<\/p>\n                                <div class=\"body\"><p>Notre plateforme d\u00e9di\u00e9e Ohme vous permet de suivre les sessions de recharge de vos conducteurs et d&#8217;effectuer vos remboursements en cons\u00e9quence.<\/p>\n<\/div>\n                            <\/div>\n                        <\/div>\n                                                <div class=\"column\">\n                            <div class=\"imageContainer \">\n                                                                    <img loading=\"lazy\" decoding=\"async\" width=\"214\" height=\"242\" src=\"https:\/\/ohme-ev.com\/fr\/wp-content\/uploads\/sites\/9\/2024\/05\/50-text-image_smart-charge-app-screen_FR-214x242.jpg\" class=\"attachment-column_hero size-column_hero\" alt=\"\" srcset=\"https:\/\/ohme-ev.com\/fr\/wp-content\/uploads\/sites\/9\/2024\/05\/50-text-image_smart-charge-app-screen_FR-214x242.jpg 214w, https:\/\/ohme-ev.com\/fr\/wp-content\/uploads\/sites\/9\/2024\/05\/50-text-image_smart-charge-app-screen_FR-265x300.jpg 265w, https:\/\/ohme-ev.com\/fr\/wp-content\/uploads\/sites\/9\/2024\/05\/50-text-image_smart-charge-app-screen_FR-905x1024.jpg 905w, https:\/\/ohme-ev.com\/fr\/wp-content\/uploads\/sites\/9\/2024\/05\/50-text-image_smart-charge-app-screen_FR-768x869.jpg 768w, https:\/\/ohme-ev.com\/fr\/wp-content\/uploads\/sites\/9\/2024\/05\/50-text-image_smart-charge-app-screen_FR-163x184.jpg 163w, https:\/\/ohme-ev.com\/fr\/wp-content\/uploads\/sites\/9\/2024\/05\/50-text-image_smart-charge-app-screen_FR.jpg 1154w\" sizes=\"auto, (max-width: 214px) 100vw, 214px\" \/>\n                                                            <\/div>\n\n                            <div>\n                                <p class=\"label\"><\/p>\n                                <p class=\"subtitleColumn\">Pilotable depuis notre application d\u00e9di\u00e9e<\/p>\n                                <div class=\"body\"><p>L&#8217;appli smartphone est simple \u00e0 t\u00e9l\u00e9charger et donne acc\u00e8s pour vos utilisateurs au pilotage et au suivi de la recharge.<\/p>\n<\/div>\n                            <\/div>\n                        <\/div>\n                                    <\/div>\n                            <div class=\"buttonsContainer\">\n                    \n                    <\/div>\n                    <\/div>\n    <\/div>\n<\/div>\n\n<div id=\"\" class=\"blockWrapper top-smaller bottom-default   \">\n\n\n<div class=\" keyStatsBlock\">\n  <div class=\"contentWrapper stats\">\n    <h3 class=\"title\">Ohme, leader de la recharge \u00e0 domicile au Royaume-Uni, arrive en France<\/h3>\n    <div class=\"statsContainer\">\n                <div class=\"statWrapper\">\n            <h1 class=\"stat\">86% <\/h1>\n            <p class=\"copy\">des clients nous attribuent la note de 5\/5 sur Trustpilot<\/p>\n          <\/div>\n\n                <div class=\"statWrapper\">\n            <h1 class=\"stat\">4,3\/5 <\/h1>\n            <p class=\"copy\">pour notre appli de pilotage Ohme sur l&#8217;AppStore<\/p>\n          <\/div>\n\n                <div class=\"statWrapper\">\n            <h1 class=\"stat\">+76 <\/h1>\n            <p class=\"copy\">Net Promoter Score en 2023<\/p>\n          <\/div>\n\n          <\/div>\n  <\/div>\n<\/div>\n<\/div>\n\n<div id=\"\" class=\"blockWrapper top-default bottom-default   \">\n\n\n<div class=\"contentWrapper textImageLeft  image\">\n            <div class=\"imageContainer\">\n            <img decoding=\"async\" loading=\"lazy\" src=\"https:\/\/ohme-ev.com\/fr\/wp-content\/uploads\/sites\/9\/2024\/04\/Cedric-profile.jpg\" alt=\"C\u00e9dric Marquant, notre Responsable mobilit\u00e9 &#038; partenariats\"\/>\n        <\/div>\n\n        <div class=\"textContainer\">\n        <h3 class=\"title\">Prenons 30 minutes ensemble<\/h3>\n        <h4 class=\"subtitle regular\">C\u00e9dric Marquant, Head of Mobility France<\/h4>\n        <div class=\"text\"><h4>Vous avez des ambitions de mobilit\u00e9 \u00e9lectrique ? Nous vous aidons \u00e0 les mettre en oeuvre.<\/h4>\n<p>Manque de connaissances en mati\u00e8re de recharge ou tout simplement du bon \u00e9quipement&#8230; Discutons ensemble de la solution que repr\u00e9sente le c\u00e2ble de recharge intelligent pour votre flotte et vos conducteurs.<\/p>\n<\/div>\n        <div class=\"buttonsContainer\">\n            \n            <button\n                data-calendly-url=\"https:\/\/calendly.com\/cedric-marquant-olxl\/30min\"\n                class=\"ohme-btn primary calendly button\"\n                title=\"\"\n        >Je r\u00e9serve un cr\u00e9neau avec C\u00e9dric<\/button>\n\n            <\/div>\n            <\/div>\n<\/div>\n<\/div>\n\n<div id=\"\" class=\"blockWrapper top-default bottom-default   no-max-width\">\n\n<div class=\"block quote-carousel-block\">\n    <div class=\"quote-carousel \">\n\n        <div class=\"title-arrow-container\">\n            <h2>Nos clients partagent leur satisfaction<\/h2>\n            <div class=\"arrow-container\">\n            <\/div>\n        <\/div>\n\n        <div class=\"carousel-wrapper \">\n                                                <div class=\"item\">\n                        <div class=\"inner-content\">\n                            <p class=\"quote\">Je recommande \u00e0 100%. Super communication, je ne pourrais pas \u00eatre plus satisfaite de Ohme.<\/p>\n                            <p class=\"author\">Mark M.<\/p>\n                        <\/div>\n                    <\/div>\n                                    <div class=\"item\">\n                        <div class=\"inner-content\">\n                            <p class=\"quote\">L&#8217;ePod S est la seule borne avec d\u00e9lestage qui me permet de r\u00e9aliser 3 installations par jour en toute facilit\u00e9.<\/p>\n                            <p class=\"author\">Hello-borne<\/p>\n                        <\/div>\n                    <\/div>\n                                    <div class=\"item\">\n                        <div class=\"inner-content\">\n                            <p class=\"quote\">De la prise de contact \u00e0 l&#8217;installation, le process a \u00e9t\u00e9 tr\u00e8s fluide. Une bonne premi\u00e8re d\u00e9couverte de l&#8217;\u00e9lectrique.<\/p>\n                            <p class=\"author\">Sarah W.<\/p>\n                        <\/div>\n                    <\/div>\n                                    <div class=\"item\">\n                        <div class=\"inner-content\">\n                            <p class=\"quote\">La borne est petite et simple \u00e0 utiliser. Le c\u00e2ble est discret, on le devine \u00e0 peine.<\/p>\n                            <p class=\"author\">Leah D.<\/p>\n                        <\/div>\n                    <\/div>\n                                    <div class=\"item\">\n                        <div class=\"inner-content\">\n                            <p class=\"quote\">Je recommande \u00e0 100%. Super communication, je ne pourrais pas \u00eatre plus satisfaite de Ohme.<\/p>\n                            <p class=\"author\">Mark M.<\/p>\n                        <\/div>\n                    <\/div>\n                                    <div class=\"item\">\n                        <div class=\"inner-content\">\n                            <p class=\"quote\">L&#8217;ePod S est la seule borne avec d\u00e9lestage qui me permet de r\u00e9aliser 3 installations par jour en toute facilit\u00e9.<\/p>\n                            <p class=\"author\">Hello-borne<\/p>\n                        <\/div>\n                    <\/div>\n                                    <div class=\"item\">\n                        <div class=\"inner-content\">\n                            <p class=\"quote\">De la prise de contact \u00e0 l&#8217;installation, le process a \u00e9t\u00e9 tr\u00e8s fluide. Une bonne premi\u00e8re d\u00e9couverte de l&#8217;\u00e9lectrique.<\/p>\n                            <p class=\"author\">Sarah W.<\/p>\n                        <\/div>\n                    <\/div>\n                                    <div class=\"item\">\n                        <div class=\"inner-content\">\n                            <p class=\"quote\">La borne est petite et simple \u00e0 utiliser. Le c\u00e2ble est discret, on le devine \u00e0 peine.<\/p>\n                            <p class=\"author\">Leah D.<\/p>\n                        <\/div>\n                    <\/div>\n                                    <\/div>\n                <div class=\"trustpilot-widget trustpilot-logo\" data-locale=\"fr-fr\" data-template-id=\"53aa8807dec7e10d38f59f32\" data-businessunit-id=\"5d3237d97eea3b0001c71608\" data-style-height=\"150px\" data-style-width=\"100%\" data-theme=\"dark\">\n            <a href=\"https:\/\/uk.trustpilot.com\/review\/www.ohme-ev.com\" target=\"_blank\" rel=\"noopener\">Trustpilot<\/a>\n        <\/div>\n            <\/div>\n<\/div>\n<\/div>","protected":false},"excerpt":{"rendered":"","protected":false},"author":1,"featured_media":0,"parent":0,"menu_order":0,"comment_status":"closed","ping_status":"closed","template":"","meta":{"_acf_changed":false,"_helpful_status":1,"footnotes":""},"partner":[],"class_list":["post-3191","page","type-page","status-publish","hentry"],"acf":[],"yoast_head":"<!-- This site is optimized with the Yoast SEO Premium plugin v27.3 (Yoast SEO v27.3) - https:\/\/yoast.com\/product\/yoast-seo-premium-wordpress\/ -->\n<title>Boostez le potentiel \u00e9lectrique - Ohme EV France<\/title>\n<meta name=\"description\" content=\"Aidez vos conducteurs \u00e0 optimiser l&#039;utilisation de leur hybride rechargeable avec le c\u00e2ble intelligent Ohme Go\" \/>\n<meta name=\"robots\" content=\"index, follow, max-snippet:-1, max-image-preview:large, max-video-preview:-1\" \/>\n<link rel=\"canonical\" href=\"https:\/\/ohme-ev.com\/fr\/mobility\/\" \/>\n<meta property=\"og:locale\" content=\"fr_FR\" \/>\n<meta property=\"og:type\" content=\"article\" \/>\n<meta property=\"og:title\" content=\"Boostez le potentiel \u00e9lectrique\" \/>\n<meta property=\"og:description\" content=\"Aidez vos conducteurs \u00e0 optimiser l&#039;utilisation de leur hybride rechargeable avec le c\u00e2ble intelligent Ohme Go\" \/>\n<meta property=\"og:url\" content=\"https:\/\/ohme-ev.com\/fr\/mobility\/\" \/>\n<meta property=\"og:site_name\" content=\"Ohme EV France\" \/>\n<meta property=\"article:publisher\" content=\"https:\/\/www.facebook.com\/OhmeEV\/\" \/>\n<meta property=\"article:modified_time\" content=\"2024-07-03T20:09:37+00:00\" \/>\n<meta name=\"twitter:card\" content=\"summary_large_image\" \/>\n<meta name=\"twitter:site\" content=\"@ohmeev\" \/>\n<script type=\"application\/ld+json\" class=\"yoast-schema-graph\">{\"@context\":\"https:\\\/\\\/schema.org\",\"@graph\":[{\"@type\":\"WebPage\",\"@id\":\"https:\\\/\\\/ohme-ev.com\\\/fr\\\/mobility\\\/\",\"url\":\"https:\\\/\\\/ohme-ev.com\\\/fr\\\/mobility\\\/\",\"name\":\"Boostez le potentiel \u00e9lectrique - Ohme EV France\",\"isPartOf\":{\"@id\":\"https:\\\/\\\/ohme-ev.com\\\/fr\\\/#website\"},\"datePublished\":\"2023-06-26T12:01:28+00:00\",\"dateModified\":\"2024-07-03T20:09:37+00:00\",\"description\":\"Aidez vos conducteurs \u00e0 optimiser l'utilisation de leur hybride rechargeable avec le c\u00e2ble intelligent Ohme Go\",\"breadcrumb\":{\"@id\":\"https:\\\/\\\/ohme-ev.com\\\/fr\\\/mobility\\\/#breadcrumb\"},\"inLanguage\":\"fr-fr\",\"potentialAction\":[{\"@type\":\"ReadAction\",\"target\":[\"https:\\\/\\\/ohme-ev.com\\\/fr\\\/mobility\\\/\"]}]},{\"@type\":\"BreadcrumbList\",\"@id\":\"https:\\\/\\\/ohme-ev.com\\\/fr\\\/mobility\\\/#breadcrumb\",\"itemListElement\":[{\"@type\":\"ListItem\",\"position\":1,\"name\":\"Home\",\"item\":\"https:\\\/\\\/ohme-ev.com\\\/fr\\\/\"},{\"@type\":\"ListItem\",\"position\":2,\"name\":\"Boostez le potentiel \u00e9lectrique\"}]},{\"@type\":\"WebSite\",\"@id\":\"https:\\\/\\\/ohme-ev.com\\\/fr\\\/#website\",\"url\":\"https:\\\/\\\/ohme-ev.com\\\/fr\\\/\",\"name\":\"Ohme EV France\",\"description\":\"Ohme - EV Smart Charging Solutions\",\"potentialAction\":[{\"@type\":\"SearchAction\",\"target\":{\"@type\":\"EntryPoint\",\"urlTemplate\":\"https:\\\/\\\/ohme-ev.com\\\/fr\\\/?s={search_term_string}\"},\"query-input\":{\"@type\":\"PropertyValueSpecification\",\"valueRequired\":true,\"valueName\":\"search_term_string\"}}],\"inLanguage\":\"fr-fr\"}]}<\/script>\n<!-- \/ Yoast SEO Premium plugin. -->","yoast_head_json":{"title":"Boostez le potentiel \u00e9lectrique - Ohme EV France","description":"Aidez vos conducteurs \u00e0 optimiser l'utilisation de leur hybride rechargeable avec le c\u00e2ble intelligent Ohme Go","robots":{"index":"index","follow":"follow","max-snippet":"max-snippet:-1","max-image-preview":"max-image-preview:large","max-video-preview":"max-video-preview:-1"},"canonical":"https:\/\/ohme-ev.com\/fr\/mobility\/","og_locale":"fr_FR","og_type":"article","og_title":"Boostez le potentiel \u00e9lectrique","og_description":"Aidez vos conducteurs \u00e0 optimiser l'utilisation de leur hybride rechargeable avec le c\u00e2ble intelligent Ohme Go","og_url":"https:\/\/ohme-ev.com\/fr\/mobility\/","og_site_name":"Ohme EV France","article_publisher":"https:\/\/www.facebook.com\/OhmeEV\/","article_modified_time":"2024-07-03T20:09:37+00:00","twitter_card":"summary_large_image","twitter_site":"@ohmeev","schema":{"@context":"https:\/\/schema.org","@graph":[{"@type":"WebPage","@id":"https:\/\/ohme-ev.com\/fr\/mobility\/","url":"https:\/\/ohme-ev.com\/fr\/mobility\/","name":"Boostez le potentiel \u00e9lectrique - Ohme EV France","isPartOf":{"@id":"https:\/\/ohme-ev.com\/fr\/#website"},"datePublished":"2023-06-26T12:01:28+00:00","dateModified":"2024-07-03T20:09:37+00:00","description":"Aidez vos conducteurs \u00e0 optimiser l'utilisation de leur hybride rechargeable avec le c\u00e2ble intelligent Ohme Go","breadcrumb":{"@id":"https:\/\/ohme-ev.com\/fr\/mobility\/#breadcrumb"},"inLanguage":"fr-fr","potentialAction":[{"@type":"ReadAction","target":["https:\/\/ohme-ev.com\/fr\/mobility\/"]}]},{"@type":"BreadcrumbList","@id":"https:\/\/ohme-ev.com\/fr\/mobility\/#breadcrumb","itemListElement":[{"@type":"ListItem","position":1,"name":"Home","item":"https:\/\/ohme-ev.com\/fr\/"},{"@type":"ListItem","position":2,"name":"Boostez le potentiel \u00e9lectrique"}]},{"@type":"WebSite","@id":"https:\/\/ohme-ev.com\/fr\/#website","url":"https:\/\/ohme-ev.com\/fr\/","name":"Ohme EV France","description":"Ohme - EV Smart Charging Solutions","potentialAction":[{"@type":"SearchAction","target":{"@type":"EntryPoint","urlTemplate":"https:\/\/ohme-ev.com\/fr\/?s={search_term_string}"},"query-input":{"@type":"PropertyValueSpecification","valueRequired":true,"valueName":"search_term_string"}}],"inLanguage":"fr-fr"}]}},"_links":{"self":[{"href":"https:\/\/ohme-ev.com\/fr\/wp-json\/wp\/v2\/pages\/3191","targetHints":{"allow":["GET"]}}],"collection":[{"href":"https:\/\/ohme-ev.com\/fr\/wp-json\/wp\/v2\/pages"}],"about":[{"href":"https:\/\/ohme-ev.com\/fr\/wp-json\/wp\/v2\/types\/page"}],"author":[{"embeddable":true,"href":"https:\/\/ohme-ev.com\/fr\/wp-json\/wp\/v2\/users\/1"}],"replies":[{"embeddable":true,"href":"https:\/\/ohme-ev.com\/fr\/wp-json\/wp\/v2\/comments?post=3191"}],"version-history":[{"count":0,"href":"https:\/\/ohme-ev.com\/fr\/wp-json\/wp\/v2\/pages\/3191\/revisions"}],"wp:attachment":[{"href":"https:\/\/ohme-ev.com\/fr\/wp-json\/wp\/v2\/media?parent=3191"}],"wp:term":[{"taxonomy":"partner","embeddable":true,"href":"https:\/\/ohme-ev.com\/fr\/wp-json\/wp\/v2\/partner?post=3191"}],"curies":[{"name":"wp","href":"https:\/\/api.w.org\/{rel}","templated":true}]}}