{"id":3034,"date":"2024-03-29T13:45:41","date_gmt":"2024-03-29T13:45:41","guid":{"rendered":"https:\/\/ohme-ev.com\/fr\/?page_id=3034"},"modified":"2026-01-19T12:59:53","modified_gmt":"2026-01-19T12:59:53","slug":"fournisseurs-denergie","status":"publish","type":"page","link":"https:\/\/ohme-ev.com\/fr\/fournisseurs-denergie\/","title":{"rendered":"Fournisseurs d&#8217;\u00e9nergie"},"content":{"rendered":"<div class=\"image-text-hero with-image gradient-enabled gradient-vertical has-mobile-bg\" style=\"--bg-desktop: url(&#039;https:\/\/ohme-ev.com\/fr\/wp-content\/uploads\/sites\/9\/2025\/09\/Energy-Desktop1x.webp&#039;); --bg-mobile: url(&#039;https:\/\/ohme-ev.com\/fr\/wp-content\/uploads\/sites\/9\/2025\/09\/Energy-Mobile1x.webp&#039;);\">\n\n    <div class=\"contentWrapper imageRight mobile-image-bottom\">\n        <div class=\"content-container\">\n            <div class=\"wrapper\">\n                                    <h1>Fournisseurs d&#039;\u00e9nergie<\/h1>\n                \n                                    <h5>Votre partenaire pour une recharge \u00e0 domicile plus intelligente<\/h5>\n                \n                                    <p><p>Proposez \u00e0 vos clients une borne de recharge \u00e0 domicile plus intelligente, plus \u00e9cologique et moins ch\u00e8re. Le partenariat avec Ohme facilite le passage de vos clients vers le v\u00e9hicule \u00e9lectrique.<\/p>\n<\/p>\n                \n                \n            <button\n                class=\"ohme-btn popup secondaryDark button\"\n                data-form-type=\"6\"\n                title=\"\"\n        >Faisons connaissance !<\/button>\n\n    \n                            <\/div>\n        <\/div>\n\n        <div class=\"image-container\">\n            \n                    <\/div>\n    <\/div>\n\n    <\/div>\n\n<div id=\"\" class=\"blockWrapper top-default bottom-default   \">\n\n<div class=\"text-image-right bg-white\">\n    <div class=\"inner\">\n        <div class=\"text-content\">\n                        <h3 class=\"title\">Toujours mieux servir vos clients<\/h3>\n                        <div class=\"text\"><h3><\/h3>\n<p>En tant que fournisseur d\u2019\u00e9nergie, vous d\u00e9ployez des nouvelles offres plus pertinentes et respectueuses de l\u2019environnement. Ceci dans le but de toujours mieux servir vos clients.<\/p>\n<p>Ohme, gr\u00e2ce \u00e0 sa technologie unique de pilotage de la recharge (smart charging) fait co\u00efncider vos tarifs \u00e9nerg\u00e9tiques avec la recharge du v\u00e9hicule \u00e9lectrique. Ainsi, vos clients optimisent leurs co\u00fbts en lien avec le contrat d\u2019\u00e9nergie qu\u2019ils ont choisi. Par exemple, si vous disposez d\u2019un contrat avec heures creuses ou tarifs flexibles, vous rechargez votre v\u00e9hicule \u00e0 moindre co\u00fbt selon la sp\u00e9cificit\u00e9 de votre contrat. Tout cela sans action de votre part puisque le chargeur Ohme le fait pour vous.<\/p>\n<p>Pour vous accompagner dans la cr\u00e9ation ou le d\u00e9veloppement d\u2019offres de borne de recharge pour v\u00e9hicules \u00e9lectriques, Ohme est l\u00e0 pour vous.<\/p>\n<\/div>\n                                                <div class=\"buttons\">\n                                    \n            <button\n                class=\"ohme-btn popup primary button\"\n                data-form-type=\"6\"\n                title=\"\"\n        >Devenir partenaire<\/button>\n\n                                <\/div>\n                                <\/div>\n        <div class=\"media-content\">\n                        <img decoding=\"async\" loading=\"lazy\" src=\"https:\/\/ohme-ev.com\/fr\/wp-content\/uploads\/sites\/9\/2026\/01\/fournisseurs-denergie.webp\" alt=\"\" \/>\n                    <\/div>\n    <\/div>\n<\/div>\n\n<\/div>\n\n<div id=\"\" class=\"blockWrapper top-default bottom-default   \">\n\n    <div class=\"\">\n\n        <div class=\"threeColumnWrapper \">\n            <h2 class=\"title\">Pourquoi devenir partenaire Ohme?<\/h2>\n            <p class=\"subtitle regular \" style=\"\">Vous proposez \u00e0 vos clients une offre de recharge innovante pour tirer le meilleur parti de leur v\u00e9hicule \u00e9lectrique. Notre technologie de recharge est intelligente, facile \u00e0 utiliser et \u00e9volutive.<\/p>\n            <div class=\"columnsContainer\">\n                                        <div class=\"column\">\n                            <div class=\"imageContainer \">\n                                                                    <img loading=\"lazy\" decoding=\"async\" width=\"334\" height=\"242\" src=\"https:\/\/ohme-ev.com\/fr\/wp-content\/uploads\/sites\/9\/2023\/11\/3-image-module_ePod-S-close-LBG_FR-334x242.webp\" class=\"attachment-column_hero size-column_hero\" alt=\"Borne de recharge Ohme ePod S sur fond color\u00e9 clair\" srcset=\"https:\/\/ohme-ev.com\/fr\/wp-content\/uploads\/sites\/9\/2023\/11\/3-image-module_ePod-S-close-LBG_FR-334x242.webp 334w, https:\/\/ohme-ev.com\/fr\/wp-content\/uploads\/sites\/9\/2023\/11\/3-image-module_ePod-S-close-LBG_FR-300x217.webp 300w, https:\/\/ohme-ev.com\/fr\/wp-content\/uploads\/sites\/9\/2023\/11\/3-image-module_ePod-S-close-LBG_FR-254x184.webp 254w, https:\/\/ohme-ev.com\/fr\/wp-content\/uploads\/sites\/9\/2023\/11\/3-image-module_ePod-S-close-LBG_FR.webp 680w\" sizes=\"auto, (max-width: 334px) 100vw, 334px\" \/>\n                                                            <\/div>\n\n                            <div>\n                                <p class=\"label\"><\/p>\n                                <p class=\"subtitleColumn\">Technologie unique<\/p>\n                                <div class=\"body\"><div><span lang=\"FR\">Nos bornes de recharge s\u2019adaptent \u00e0 toutes les pr\u00e9f\u00e9rences. Permettant ainsi \u00e0 vos clients de tirer le meilleur parti de leur v\u00e9hicule \u00e9lectrique, tout en rechargeant aux heures creuses en toute facilit\u00e9.<\/span><\/div>\n<\/div>\n                            <\/div>\n                        <\/div>\n                                                <div class=\"column\">\n                            <div class=\"imageContainer \">\n                                                                    <img loading=\"lazy\" decoding=\"async\" width=\"334\" height=\"242\" src=\"https:\/\/ohme-ev.com\/fr\/wp-content\/uploads\/sites\/9\/2025\/09\/3-image-module_Home-Pro-lifestyle-woman_UK-334x242.webp\" class=\"attachment-column_hero size-column_hero\" alt=\"\" srcset=\"https:\/\/ohme-ev.com\/fr\/wp-content\/uploads\/sites\/9\/2025\/09\/3-image-module_Home-Pro-lifestyle-woman_UK-334x242.webp 334w, https:\/\/ohme-ev.com\/fr\/wp-content\/uploads\/sites\/9\/2025\/09\/3-image-module_Home-Pro-lifestyle-woman_UK-300x217.webp 300w, https:\/\/ohme-ev.com\/fr\/wp-content\/uploads\/sites\/9\/2025\/09\/3-image-module_Home-Pro-lifestyle-woman_UK-254x184.webp 254w, https:\/\/ohme-ev.com\/fr\/wp-content\/uploads\/sites\/9\/2025\/09\/3-image-module_Home-Pro-lifestyle-woman_UK.webp 680w\" sizes=\"auto, (max-width: 334px) 100vw, 334px\" \/>\n                                                            <\/div>\n\n                            <div>\n                                <p class=\"label\"><\/p>\n                                <p class=\"subtitleColumn\">Offre tout inclus<\/p>\n                                <div class=\"body\"><p><span lang=\"FR\"><span lang=\"FR\">Nous nous occupons de tout et\u00a0<\/span><\/span>garantissons une installation s\u00e9curis\u00e9e et de qualit\u00e9 par l\u2019un de nos installateurs certifi\u00e9s Ohme.<\/p>\n<\/div>\n                            <\/div>\n                        <\/div>\n                                                <div class=\"column\">\n                            <div class=\"imageContainer \">\n                                                                    <img loading=\"lazy\" decoding=\"async\" width=\"334\" height=\"242\" src=\"https:\/\/ohme-ev.com\/fr\/wp-content\/uploads\/sites\/9\/2024\/12\/3-Image-Module-Life-at-Ohme-334x242.webp\" class=\"attachment-column_hero size-column_hero\" alt=\"\" srcset=\"https:\/\/ohme-ev.com\/fr\/wp-content\/uploads\/sites\/9\/2024\/12\/3-Image-Module-Life-at-Ohme-334x242.webp 334w, https:\/\/ohme-ev.com\/fr\/wp-content\/uploads\/sites\/9\/2024\/12\/3-Image-Module-Life-at-Ohme-300x217.webp 300w, https:\/\/ohme-ev.com\/fr\/wp-content\/uploads\/sites\/9\/2024\/12\/3-Image-Module-Life-at-Ohme-254x184.webp 254w, https:\/\/ohme-ev.com\/fr\/wp-content\/uploads\/sites\/9\/2024\/12\/3-Image-Module-Life-at-Ohme.webp 680w\" sizes=\"auto, (max-width: 334px) 100vw, 334px\" \/>\n                                                            <\/div>\n\n                            <div>\n                                <p class=\"label\"><\/p>\n                                <p class=\"subtitleColumn\">Service d&#8217;exception<\/p>\n                                <div class=\"body\"><p>Notre priorit\u00e9 est la satisfaction de nos clients. Le passage \u00e0 la mobilit\u00e9 \u00e9lectrique doit \u00eatre un jeu d\u2019enfant et n<span lang=\"FR\">os experts sont la pour guider vos clients \u00e0 chaque \u00e9tape, pour une exp\u00e9rience de recharge optimale.<\/span><\/p>\n<\/div>\n                            <\/div>\n                        <\/div>\n                                    <\/div>\n                            <div class=\"buttonsContainer\">\n                    \n            <button\n                class=\"ohme-btn popup primary button\"\n                data-form-type=\"6\"\n                title=\"\"\n        >Devenir partenaire de Ohme<\/button>\n\n                    <\/div>\n                    <\/div>\n    <\/div>\n<\/div>\n\n<div id=\"\" class=\"blockWrapper top-default bottom-default   \">\n\n\n<div class=\"contentWrapper textImageLeft  image\">\n            <div class=\"imageContainer\">\n            <img decoding=\"async\" loading=\"lazy\" src=\"https:\/\/ohme-ev.com\/fr\/wp-content\/uploads\/sites\/9\/2024\/02\/5050-text-imager_solar-field_master.webp\" alt=\"Panneaux solaires\"\/>\n        <\/div>\n\n        <div class=\"textContainer\">\n        <h3 class=\"title\">Partenariat avec Octopus Energy pour un futur plus vert pour leurs clients<\/h3>\n        <h4 class=\"subtitle regular\"><\/h4>\n        <div class=\"text\"><h3><strong><span lang=\"FR\">Proposer une offre pertinente et innovante \u00e0 leurs clients<\/span><\/strong><\/h3>\n<p>Octopus Energy, l\u2019un des plus grands fournisseurs d\u2019\u00e9nergie du Royaume-Uni, <span lang=\"FR\">a choisi Ohme comme fournisseur de bornes de recharge agr\u00e9\u00e9 afin de permettre \u00e0 leur client de recharger leur v\u00e9hicule depuis leur domicile.\u00a0<\/span><\/p>\n<h3><strong><span lang=\"FR\">Int\u00e9gration avec les tarifs d\u2019\u00e9lectricit\u00e9 facilit\u00e9e<\/span><\/strong><\/h3>\n<p>Les tarifs heures creuses d&#8217;Octopus Energy permettent aux conducteurs de choisir entre des plages horaires fixes et flexibles pour charger lorsque cela leur convient. La technologie Ohme s&#8217;int\u00e8gre \u00e0 n&#8217;importe quel tarif d&#8217;\u00e9nergie, pour une recharge moins ch\u00e8re.<\/p>\n<h3><strong>\u00c9quilibre entre l\u2019offre et la demande d&#8217;\u00e9nergie\u00a0<\/strong><\/h3>\n<p>La flexibilit\u00e9 de la technologie Ohme a permis \u00e0 Octopus Energy, ainsi qu&#8217;\u00e0 d\u2019autres fournisseurs d\u2019\u00e9lectricit\u00e9, d\u2019\u00e9viter les recharges pendant les pics de consommation d\u2019\u00e9nergie. Pour une recharge plus intelligente, rentable, et \u00e9co-responsable.<\/p>\n<\/div>\n        <div class=\"buttonsContainer\">\n            \n            <a href=\"https:\/\/ohme-ev.com\/fr\/nos-partenariats\/\" target=\"_self\" >\n            <button class=\"ohme-btn secondaryLight button\" title=\"\">Nos autres partenariats<\/button>\n        <\/a>\n            <\/div>\n            <\/div>\n<\/div>\n<\/div>\n\n<div id=\"\" class=\"blockWrapper top-default bottom-default   \">\n\n\n    <div class=\"featuresWrapper\">\n        <div class=\"contentWrapper features\">\n            <h3 class=\"title\">Solutions de recharge innovantes<\/h3>\n            <p class=\"subtitle\"><\/p>\n            <div class=\"featuresContainer\">\n                                        <div class=\"featureWrapper\">\n                            <div class=\"iconContainer\">\n                                <img decoding=\"async\" src=\"https:\/\/ohme-ev.com\/fr\/wp-content\/uploads\/sites\/9\/2024\/07\/Installation.png\" alt=\"\"\/>\n                            <\/div>\n                            <p class=\"copy\">Installation rapide et s\u00e9curis\u00e9e<\/p>\n                        <\/div>\n\n                                                <div class=\"featureWrapper\">\n                            <div class=\"iconContainer\">\n                                <img decoding=\"async\" src=\"https:\/\/ohme-ev.com\/fr\/wp-content\/uploads\/sites\/9\/2023\/09\/Dynamic-charging.png\" alt=\"\"\/>\n                            <\/div>\n                            <p class=\"copy\">Gestion dynamique de la recharge<\/p>\n                        <\/div>\n\n                                                <div class=\"featureWrapper\">\n                            <div class=\"iconContainer\">\n                                <img decoding=\"async\" src=\"https:\/\/ohme-ev.com\/fr\/wp-content\/uploads\/sites\/9\/2023\/09\/fully-compliant-EV-regs.png\" alt=\"\"\/>\n                            <\/div>\n                            <p class=\"copy\">Certification TUV<\/p>\n                        <\/div>\n\n                                                <div class=\"featureWrapper\">\n                            <div class=\"iconContainer\">\n                                <img decoding=\"async\" src=\"https:\/\/ohme-ev.com\/fr\/wp-content\/uploads\/sites\/9\/2023\/09\/Next-gen.png\" alt=\"\"\/>\n                            <\/div>\n                            <p class=\"copy\">Carte SIM multi-r\u00e9seaux 3G \/ 4G<\/p>\n                        <\/div>\n\n                                                <div class=\"featureWrapper\">\n                            <div class=\"iconContainer\">\n                                <img decoding=\"async\" src=\"https:\/\/ohme-ev.com\/fr\/wp-content\/uploads\/sites\/9\/2024\/07\/Solar-ready.png\" alt=\"\"\/>\n                            <\/div>\n                            <p class=\"copy\">Recharge via la panneaux solaires<\/p>\n                        <\/div>\n\n                                                <div class=\"featureWrapper\">\n                            <div class=\"iconContainer\">\n                                <img decoding=\"async\" src=\"https:\/\/ohme-ev.com\/fr\/wp-content\/uploads\/sites\/9\/2023\/07\/Tick.svg\" alt=\"Ic\u00f4ne repr\u00e9sentant une coche dans une case\"\/>\n                            <\/div>\n                            <p class=\"copy\">Certifications ISO 9001, ISO 27001<\/p>\n                        <\/div>\n\n                                    <\/div>\n            \n\n        <\/div>\n    <\/div>\n<\/div>\n\n<div id=\"\" class=\"blockWrapper top-default bottom-default   \">\n\n<div class=\"info bg-darkgreen\">\n    <div class=\"contentWrapper\">\n                    <h2>\n                Si vous aussi vous souhaitez devenir un partenaire de Ohme&#8230;            <\/h2>\n                <div class=\"text\">\n            <p>Contactez l\u2019un de nos experts pour discuter de vos besoins et de la mani\u00e8re dont notre technologie pourrait s&#8217;int\u00e9grer \u00e0 votre offre de v\u00e9hicules \u00e9lectriques.<\/p>\n<p>Ensemble, nous pouvons concr\u00e9tiser vos ambitions.<\/p>\n        <\/div>\n                        <div class=\"buttonsWrapper\">\n                        \n            <button\n                class=\"ohme-btn popup primary button\"\n                data-form-type=\"6\"\n                title=\"\"\n        >Contactez nous<\/button>\n\n                        <\/div>\n            <\/div>\n<\/div>\n\n<\/div>","protected":false},"excerpt":{"rendered":"","protected":false},"author":22,"featured_media":0,"parent":0,"menu_order":0,"comment_status":"closed","ping_status":"closed","template":"","meta":{"_acf_changed":true,"_helpful_status":1,"footnotes":""},"partner":[],"class_list":["post-3034","page","type-page","status-publish","hentry"],"acf":[],"yoast_head":"<!-- This site is optimized with the Yoast SEO Premium plugin v27.3 (Yoast SEO v27.3) - https:\/\/yoast.com\/product\/yoast-seo-premium-wordpress\/ -->\n<title>Recharge intelligente \u00e0 domicile - Fournisseurs d&#039;\u00e9nergie - Ohme EV France<\/title>\n<meta name=\"description\" content=\"Ohme, acteur majeur de la recharge intelligente \u00e0 domicile, propose les solutions de recharge dynamique les plus innovantes.\" \/>\n<meta name=\"robots\" content=\"index, follow, max-snippet:-1, max-image-preview:large, max-video-preview:-1\" \/>\n<link rel=\"canonical\" href=\"https:\/\/ohme-ev.com\/fr\/fournisseurs-denergie\/\" \/>\n<meta property=\"og:locale\" content=\"fr_FR\" \/>\n<meta property=\"og:type\" content=\"article\" \/>\n<meta property=\"og:title\" content=\"Fournisseurs d&#039;\u00e9nergie\" \/>\n<meta property=\"og:description\" content=\"Ohme, acteur majeur de la recharge intelligente \u00e0 domicile, propose les solutions de recharge dynamique les plus innovantes.\" \/>\n<meta property=\"og:url\" content=\"https:\/\/ohme-ev.com\/fr\/fournisseurs-denergie\/\" \/>\n<meta property=\"og:site_name\" content=\"Ohme EV France\" \/>\n<meta property=\"article:publisher\" content=\"https:\/\/www.facebook.com\/OhmeEV\/\" \/>\n<meta property=\"article:modified_time\" content=\"2026-01-19T12:59:53+00:00\" \/>\n<meta name=\"twitter:card\" content=\"summary_large_image\" \/>\n<meta name=\"twitter:site\" content=\"@ohmeev\" \/>\n<script type=\"application\/ld+json\" class=\"yoast-schema-graph\">{\"@context\":\"https:\\\/\\\/schema.org\",\"@graph\":[{\"@type\":\"WebPage\",\"@id\":\"https:\\\/\\\/ohme-ev.com\\\/fr\\\/fournisseurs-denergie\\\/\",\"url\":\"https:\\\/\\\/ohme-ev.com\\\/fr\\\/fournisseurs-denergie\\\/\",\"name\":\"Recharge intelligente \u00e0 domicile - Fournisseurs d'\u00e9nergie - Ohme EV France\",\"isPartOf\":{\"@id\":\"https:\\\/\\\/ohme-ev.com\\\/fr\\\/#website\"},\"datePublished\":\"2024-03-29T13:45:41+00:00\",\"dateModified\":\"2026-01-19T12:59:53+00:00\",\"description\":\"Ohme, acteur majeur de la recharge intelligente \u00e0 domicile, propose les solutions de recharge dynamique les plus innovantes.\",\"breadcrumb\":{\"@id\":\"https:\\\/\\\/ohme-ev.com\\\/fr\\\/fournisseurs-denergie\\\/#breadcrumb\"},\"inLanguage\":\"fr-fr\",\"potentialAction\":[{\"@type\":\"ReadAction\",\"target\":[\"https:\\\/\\\/ohme-ev.com\\\/fr\\\/fournisseurs-denergie\\\/\"]}]},{\"@type\":\"BreadcrumbList\",\"@id\":\"https:\\\/\\\/ohme-ev.com\\\/fr\\\/fournisseurs-denergie\\\/#breadcrumb\",\"itemListElement\":[{\"@type\":\"ListItem\",\"position\":1,\"name\":\"Home\",\"item\":\"https:\\\/\\\/ohme-ev.com\\\/fr\\\/\"},{\"@type\":\"ListItem\",\"position\":2,\"name\":\"Fournisseurs d&#8217;\u00e9nergie\"}]},{\"@type\":\"WebSite\",\"@id\":\"https:\\\/\\\/ohme-ev.com\\\/fr\\\/#website\",\"url\":\"https:\\\/\\\/ohme-ev.com\\\/fr\\\/\",\"name\":\"Ohme EV France\",\"description\":\"Ohme - EV Smart Charging Solutions\",\"potentialAction\":[{\"@type\":\"SearchAction\",\"target\":{\"@type\":\"EntryPoint\",\"urlTemplate\":\"https:\\\/\\\/ohme-ev.com\\\/fr\\\/?s={search_term_string}\"},\"query-input\":{\"@type\":\"PropertyValueSpecification\",\"valueRequired\":true,\"valueName\":\"search_term_string\"}}],\"inLanguage\":\"fr-fr\"}]}<\/script>\n<!-- \/ Yoast SEO Premium plugin. -->","yoast_head_json":{"title":"Recharge intelligente \u00e0 domicile - Fournisseurs d'\u00e9nergie - Ohme EV France","description":"Ohme, acteur majeur de la recharge intelligente \u00e0 domicile, propose les solutions de recharge dynamique les plus innovantes.","robots":{"index":"index","follow":"follow","max-snippet":"max-snippet:-1","max-image-preview":"max-image-preview:large","max-video-preview":"max-video-preview:-1"},"canonical":"https:\/\/ohme-ev.com\/fr\/fournisseurs-denergie\/","og_locale":"fr_FR","og_type":"article","og_title":"Fournisseurs d'\u00e9nergie","og_description":"Ohme, acteur majeur de la recharge intelligente \u00e0 domicile, propose les solutions de recharge dynamique les plus innovantes.","og_url":"https:\/\/ohme-ev.com\/fr\/fournisseurs-denergie\/","og_site_name":"Ohme EV France","article_publisher":"https:\/\/www.facebook.com\/OhmeEV\/","article_modified_time":"2026-01-19T12:59:53+00:00","twitter_card":"summary_large_image","twitter_site":"@ohmeev","schema":{"@context":"https:\/\/schema.org","@graph":[{"@type":"WebPage","@id":"https:\/\/ohme-ev.com\/fr\/fournisseurs-denergie\/","url":"https:\/\/ohme-ev.com\/fr\/fournisseurs-denergie\/","name":"Recharge intelligente \u00e0 domicile - Fournisseurs d'\u00e9nergie - Ohme EV France","isPartOf":{"@id":"https:\/\/ohme-ev.com\/fr\/#website"},"datePublished":"2024-03-29T13:45:41+00:00","dateModified":"2026-01-19T12:59:53+00:00","description":"Ohme, acteur majeur de la recharge intelligente \u00e0 domicile, propose les solutions de recharge dynamique les plus innovantes.","breadcrumb":{"@id":"https:\/\/ohme-ev.com\/fr\/fournisseurs-denergie\/#breadcrumb"},"inLanguage":"fr-fr","potentialAction":[{"@type":"ReadAction","target":["https:\/\/ohme-ev.com\/fr\/fournisseurs-denergie\/"]}]},{"@type":"BreadcrumbList","@id":"https:\/\/ohme-ev.com\/fr\/fournisseurs-denergie\/#breadcrumb","itemListElement":[{"@type":"ListItem","position":1,"name":"Home","item":"https:\/\/ohme-ev.com\/fr\/"},{"@type":"ListItem","position":2,"name":"Fournisseurs d&#8217;\u00e9nergie"}]},{"@type":"WebSite","@id":"https:\/\/ohme-ev.com\/fr\/#website","url":"https:\/\/ohme-ev.com\/fr\/","name":"Ohme EV France","description":"Ohme - EV Smart Charging Solutions","potentialAction":[{"@type":"SearchAction","target":{"@type":"EntryPoint","urlTemplate":"https:\/\/ohme-ev.com\/fr\/?s={search_term_string}"},"query-input":{"@type":"PropertyValueSpecification","valueRequired":true,"valueName":"search_term_string"}}],"inLanguage":"fr-fr"}]}},"_links":{"self":[{"href":"https:\/\/ohme-ev.com\/fr\/wp-json\/wp\/v2\/pages\/3034","targetHints":{"allow":["GET"]}}],"collection":[{"href":"https:\/\/ohme-ev.com\/fr\/wp-json\/wp\/v2\/pages"}],"about":[{"href":"https:\/\/ohme-ev.com\/fr\/wp-json\/wp\/v2\/types\/page"}],"author":[{"embeddable":true,"href":"https:\/\/ohme-ev.com\/fr\/wp-json\/wp\/v2\/users\/22"}],"replies":[{"embeddable":true,"href":"https:\/\/ohme-ev.com\/fr\/wp-json\/wp\/v2\/comments?post=3034"}],"version-history":[{"count":0,"href":"https:\/\/ohme-ev.com\/fr\/wp-json\/wp\/v2\/pages\/3034\/revisions"}],"wp:attachment":[{"href":"https:\/\/ohme-ev.com\/fr\/wp-json\/wp\/v2\/media?parent=3034"}],"wp:term":[{"taxonomy":"partner","embeddable":true,"href":"https:\/\/ohme-ev.com\/fr\/wp-json\/wp\/v2\/partner?post=3034"}],"curies":[{"name":"wp","href":"https:\/\/api.w.org\/{rel}","templated":true}]}}