{"id":3030,"date":"2024-03-29T13:10:07","date_gmt":"2024-03-29T13:10:07","guid":{"rendered":"https:\/\/ohme-ev.com\/fr\/?page_id=3030"},"modified":"2026-01-15T14:33:37","modified_gmt":"2026-01-15T14:33:37","slug":"societes-de-leasing","status":"publish","type":"page","link":"https:\/\/ohme-ev.com\/fr\/societes-de-leasing\/","title":{"rendered":"Soci\u00e9t\u00e9s de leasing"},"content":{"rendered":"<div class=\"image-text-hero with-image gradient-enabled gradient-vertical has-mobile-bg\" style=\"--bg-desktop: url(&#039;https:\/\/ohme-ev.com\/fr\/wp-content\/uploads\/sites\/9\/2026\/01\/FR-societes-de-leasing-Desktop.webp&#039;); --bg-mobile: url(&#039;https:\/\/ohme-ev.com\/fr\/wp-content\/uploads\/sites\/9\/2026\/01\/FR-societes-de-leasing-Mobile.webp&#039;);\">\n\n    <div class=\"contentWrapper imageRight mobile-image-bottom\">\n        <div class=\"content-container\">\n            <div class=\"wrapper\">\n                                    <h1>Soci\u00e9t\u00e9s de leasing<\/h1>\n                \n                                    <h5>Optimisez le TCO de vos clients gr\u00e2ce \u00e0 notre technologie unique de pilotage de la recharge \u00e0 domicile<\/h5>\n                \n                                    <p><p>Proposez \u00e0 vos clients une borne de recharge \u00e0 domicile plus intelligente, plus \u00e9cologique et moins ch\u00e8re. Le partenariat avec Ohme facilite le passage de vos clients vers le v\u00e9hicule \u00e9lectrique. <\/p>\n<\/p>\n                \n                \n            <button\n                class=\"ohme-btn popup secondaryDark button\"\n                data-form-type=\"6\"\n                title=\"\"\n        >Contactez nous<\/button>\n\n    \n                            <\/div>\n        <\/div>\n\n        <div class=\"image-container\">\n            \n                    <\/div>\n    <\/div>\n\n    <\/div>\n\n<div id=\"\" class=\"blockWrapper top-default bottom-default   \">\n\n\n<div class=\" keyStatsBlock\">\n  <div class=\"contentWrapper stats\">\n    <h3 class=\"title\">Quelques chiffres<\/h3>\n    <div class=\"statsContainer\">\n                <div class=\"statWrapper\">\n            <h1 class=\"stat\">15 <\/h1>\n            <p class=\"copy\">Partenariats avec des constructeurs automobiles<\/p>\n          <\/div>\n\n                <div class=\"statWrapper\">\n            <h1 class=\"stat\">900 <\/h1>\n            <p class=\"copy\">Partenariats avec des concessionnaires<\/p>\n          <\/div>\n\n                <div class=\"statWrapper\">\n            <h1 class=\"stat\">10+ <\/h1>\n            <p class=\"copy\">Partenariats avec des soci\u00e9t\u00e9s de leasing<\/p>\n          <\/div>\n\n          <\/div>\n  <\/div>\n<\/div>\n<\/div>\n\n<div id=\"\" class=\"blockWrapper top-default bottom-default   \">\n\n    <div class=\"\">\n\n        <div class=\"threeColumnWrapper \">\n            <h2 class=\"title\">Pourquoi devenir un partenaire Ohme?<\/h2>\n            <p class=\"subtitle regular \" style=\"\">Vous proposez \u00e0 vos clients une offre de recharge innovante pour tirer le meilleur parti de leur v\u00e9hicule \u00e9lectrique. Notre technologie de recharge est intelligente, facile \u00e0 utiliser et \u00e9volutive.<\/p>\n            <div class=\"columnsContainer\">\n                                        <div class=\"column\">\n                            <div class=\"imageContainer \">\n                                                                    <img loading=\"lazy\" decoding=\"async\" width=\"334\" height=\"242\" src=\"https:\/\/ohme-ev.com\/fr\/wp-content\/uploads\/sites\/9\/2023\/11\/3-image-module_ePod-S-close-LBG_FR-334x242.webp\" class=\"attachment-column_hero size-column_hero\" alt=\"Borne de recharge Ohme ePod S sur fond color\u00e9 clair\" srcset=\"https:\/\/ohme-ev.com\/fr\/wp-content\/uploads\/sites\/9\/2023\/11\/3-image-module_ePod-S-close-LBG_FR-334x242.webp 334w, https:\/\/ohme-ev.com\/fr\/wp-content\/uploads\/sites\/9\/2023\/11\/3-image-module_ePod-S-close-LBG_FR-300x217.webp 300w, https:\/\/ohme-ev.com\/fr\/wp-content\/uploads\/sites\/9\/2023\/11\/3-image-module_ePod-S-close-LBG_FR-254x184.webp 254w, https:\/\/ohme-ev.com\/fr\/wp-content\/uploads\/sites\/9\/2023\/11\/3-image-module_ePod-S-close-LBG_FR.webp 680w\" sizes=\"auto, (max-width: 334px) 100vw, 334px\" \/>\n                                                            <\/div>\n\n                            <div>\n                                <p class=\"label\"><\/p>\n                                <p class=\"subtitleColumn\">Technologie unique<\/p>\n                                <div class=\"body\"><div><span lang=\"FR\">Nos bornes de recharge ont une technologie unique de pilotage de la recharge (smart charging) qui s&#8217;adapte au contrat de votre fournisseur d&#8217;\u00e9lectricit\u00e9. Vos clients peuvent ainsi recharger leur v\u00e9hicule \u00e9lectrique aux heures les moins co\u00fbteuses et en toute facilit\u00e9.\u00a0<\/span><\/div>\n<\/div>\n                            <\/div>\n                        <\/div>\n                                                <div class=\"column\">\n                            <div class=\"imageContainer \">\n                                                                    <img loading=\"lazy\" decoding=\"async\" width=\"340\" height=\"227\" src=\"https:\/\/ohme-ev.com\/fr\/wp-content\/uploads\/sites\/9\/2024\/12\/shutterstock_1812967378-340x227.webp\" class=\"attachment-column_hero size-column_hero\" alt=\"Femme chargeant son v\u00e9hicule \u00e9lectrique\" srcset=\"https:\/\/ohme-ev.com\/fr\/wp-content\/uploads\/sites\/9\/2024\/12\/shutterstock_1812967378-340x227.webp 340w, https:\/\/ohme-ev.com\/fr\/wp-content\/uploads\/sites\/9\/2024\/12\/shutterstock_1812967378-300x200.webp 300w, https:\/\/ohme-ev.com\/fr\/wp-content\/uploads\/sites\/9\/2024\/12\/shutterstock_1812967378-1024x683.webp 1024w, https:\/\/ohme-ev.com\/fr\/wp-content\/uploads\/sites\/9\/2024\/12\/shutterstock_1812967378-768x512.webp 768w, https:\/\/ohme-ev.com\/fr\/wp-content\/uploads\/sites\/9\/2024\/12\/shutterstock_1812967378-276x184.webp 276w, https:\/\/ohme-ev.com\/fr\/wp-content\/uploads\/sites\/9\/2024\/12\/shutterstock_1812967378.webp 1200w\" sizes=\"auto, (max-width: 340px) 100vw, 340px\" \/>\n                                                            <\/div>\n\n                            <div>\n                                <p class=\"label\"><\/p>\n                                <p class=\"subtitleColumn\">Offre tout inclus<\/p>\n                                <div class=\"body\"><p><span lang=\"FR\"><span lang=\"FR\">Nous nous occupons de tout et\u00a0<\/span><\/span>garantissons une installation s\u00e9curis\u00e9e et de qualit\u00e9 par l\u2019un de nos installateurs certifi\u00e9s Ohme.<\/p>\n<\/div>\n                            <\/div>\n                        <\/div>\n                                                <div class=\"column\">\n                            <div class=\"imageContainer \">\n                                                                    <img loading=\"lazy\" decoding=\"async\" width=\"334\" height=\"242\" src=\"https:\/\/ohme-ev.com\/fr\/wp-content\/uploads\/sites\/9\/2024\/12\/3-Image-Module-Life-at-Ohme-334x242.webp\" class=\"attachment-column_hero size-column_hero\" alt=\"\" srcset=\"https:\/\/ohme-ev.com\/fr\/wp-content\/uploads\/sites\/9\/2024\/12\/3-Image-Module-Life-at-Ohme-334x242.webp 334w, https:\/\/ohme-ev.com\/fr\/wp-content\/uploads\/sites\/9\/2024\/12\/3-Image-Module-Life-at-Ohme-300x217.webp 300w, https:\/\/ohme-ev.com\/fr\/wp-content\/uploads\/sites\/9\/2024\/12\/3-Image-Module-Life-at-Ohme-254x184.webp 254w, https:\/\/ohme-ev.com\/fr\/wp-content\/uploads\/sites\/9\/2024\/12\/3-Image-Module-Life-at-Ohme.webp 680w\" sizes=\"auto, (max-width: 334px) 100vw, 334px\" \/>\n                                                            <\/div>\n\n                            <div>\n                                <p class=\"label\"><\/p>\n                                <p class=\"subtitleColumn\">Service d&#8217;exception<\/p>\n                                <div class=\"body\"><p>Notre priorit\u00e9 est la satisfaction de nos clients. Le passage \u00e0 la mobilit\u00e9 \u00e9lectrique doit \u00eatre un jeu d\u2019enfant et n<span lang=\"FR\">os experts sont l\u00e0 pour guider vos clients \u00e0 chaque \u00e9tape, pour une exp\u00e9rience de recharge optimale.<\/span><\/p>\n<\/div>\n                            <\/div>\n                        <\/div>\n                                    <\/div>\n                    <\/div>\n    <\/div>\n<\/div>\n\n<div id=\"\" class=\"blockWrapper top-default bottom-default   \">\n\n<div class=\"info bg-grey\">\n    <div class=\"contentWrapper\">\n                    <h2>\n                B\u00e9n\u00e9ficiez d&#8217;une plateforme de suivi de la recharge            <\/h2>\n                <div class=\"text\">\n            <p>Nous mettons \u00e0 votre disposition une plateforme de suivi et de gestion des sessions de recharge de votre flotte.<\/p>\n<p>Gardez le contr\u00f4le sur sur vos v\u00e9hicules \u00e9lectriques.<\/p>\n        <\/div>\n                        <div class=\"buttonsWrapper\">\n                        \n            <a href=\"https:\/\/ohme-ev.com\/fr\/gestion-de-flotte\/\" target=\"_self\" >\n            <button class=\"ohme-btn primary button\" title=\"\">D\u00e9couvrir la plateforme<\/button>\n        <\/a>\n                        <\/div>\n            <\/div>\n<\/div>\n\n<\/div>\n\n<div id=\"\" class=\"blockWrapper top-default bottom-default   \">\n\n    <div class=\" keyPointsBlock\">\n        <div class=\"contentWrapper keyPoints\">\n\n                            <h3 class=\"mainTitle\">Une \u00e9quipe \u00e0 vos c\u00f4t\u00e9s tout au long du parcours client<\/h3>\n            \n            \n            <div class=\"keyPointsContainer \">\n                                                            <div class=\"keyPointWrapper\">\n\n                                                            <div class=\"mediaContainer image\">\n                                    <img decoding=\"async\" src=\"https:\/\/ohme-ev.com\/fr\/wp-content\/uploads\/sites\/9\/2023\/08\/3-column-icons_dealer-portal_master.svg\" alt=\"\" \/>\n                                <\/div>\n\n                            \n                            <h5 class=\"subtitle\">Un portail partenaire d\u00e9di\u00e9<\/h5>\n                            <div class=\"copy\"><p>Un portail pour nos partenaires, facile d&#8217;acc\u00e8s pour toutes vos \u00e9quipes. Simple \u00e0 utiliser avec le suivi des commandes clients et les statuts de chaque dossier.<\/p>\n<\/div>\n\n                            \n                        <\/div>\n                                            <div class=\"keyPointWrapper\">\n\n                                                            <div class=\"mediaContainer image\">\n                                    <img decoding=\"async\" src=\"https:\/\/ohme-ev.com\/fr\/wp-content\/uploads\/sites\/9\/2023\/08\/3-column-icons_EV-training_master.svg\" alt=\"\" \/>\n                                <\/div>\n\n                            \n                            <h5 class=\"subtitle\">Formation<\/h5>\n                            <div class=\"copy\"><p>Nous formons vos \u00e9quipes sur nos bornes de recharge et notre technologie unique de pilotage de la recharge. Ainsi, l&#8217;activation de notre partenariat sera rapide et le succ\u00e8s garanti.<\/p>\n<\/div>\n\n                            \n                        <\/div>\n                                            <div class=\"keyPointWrapper\">\n\n                                                            <div class=\"mediaContainer image\">\n                                    <img decoding=\"async\" src=\"https:\/\/ohme-ev.com\/fr\/wp-content\/uploads\/sites\/9\/2023\/08\/3-column-icons_retailer-support_master.svg\" alt=\"\" \/>\n                                <\/div>\n\n                            \n                            <h5 class=\"subtitle\">Accompagnement<\/h5>\n                            <div class=\"copy\"><p>De la demande de devis \u00e0 l&#8217;installation, nous nous adaptons \u00e0 vos besoins sp\u00e9cifiques et votre organisation.\u00a0 Notre solution est flexible pour s&#8217;ajuster \u00e0 votre \u00e9volution.<\/p>\n<\/div>\n\n                            \n                        <\/div>\n                                                <\/div>\n\n            <div class=\"cta-container\">\n                <div class=\"buttonsContainer\">\n                                    <\/div>\n            <\/div>\n\n        <\/div>\n    <\/div>\n\n<\/div>\n\n<div id=\"\" class=\"blockWrapper top-default bottom-default   \">\n\n<div class=\"info bg-darkgreen\">\n    <div class=\"contentWrapper\">\n                    <h2>\n                Devenir partenaire            <\/h2>\n                <div class=\"text\">\n            <p>Contactez l\u2019un de nos experts pour discuter de vos besoins et de la mani\u00e8re dont notre technologie pourrait s&#8217;int\u00e9grer \u00e0 votre offre de v\u00e9hicules \u00e9lectriques. Ensemble, nous pouvons concr\u00e9tiser vos ambitions.<\/p>\n        <\/div>\n                        <div class=\"buttonsWrapper\">\n                        \n            <button\n                class=\"ohme-btn popup primary button\"\n                data-form-type=\"6\"\n                title=\"\"\n        >Contactez nous<\/button>\n\n                        <\/div>\n            <\/div>\n<\/div>\n\n<\/div>\n\n\n<p><\/p>\n","protected":false},"excerpt":{"rendered":"","protected":false},"author":22,"featured_media":0,"parent":0,"menu_order":0,"comment_status":"closed","ping_status":"closed","template":"","meta":{"_acf_changed":true,"_helpful_status":1,"footnotes":""},"partner":[],"class_list":["post-3030","page","type-page","status-publish","hentry"],"acf":[],"yoast_head":"<!-- This site is optimized with the Yoast SEO Premium plugin v27.5 (Yoast SEO v27.5) - https:\/\/yoast.com\/product\/yoast-seo-premium-wordpress\/ -->\n<title>Solutions de recharge pour VE - Partenariats &amp; Professionnels - Ohme EV France<\/title>\n<meta name=\"description\" content=\"Optimisez le TCO de vos clients gr\u00e2ce \u00e0 notre technologie unique de pilotage de la recharge \u00e0 domicile\" \/>\n<meta name=\"robots\" content=\"index, follow, max-snippet:-1, max-image-preview:large, max-video-preview:-1\" \/>\n<link rel=\"canonical\" href=\"https:\/\/ohme-ev.com\/fr\/societes-de-leasing\/\" \/>\n<meta property=\"og:locale\" content=\"fr_FR\" \/>\n<meta property=\"og:type\" content=\"article\" \/>\n<meta property=\"og:title\" content=\"Soci\u00e9t\u00e9s de leasing\" \/>\n<meta property=\"og:description\" content=\"Optimisez le TCO de vos clients gr\u00e2ce \u00e0 notre technologie unique de pilotage de la recharge \u00e0 domicile\" \/>\n<meta property=\"og:url\" content=\"https:\/\/ohme-ev.com\/fr\/societes-de-leasing\/\" \/>\n<meta property=\"og:site_name\" content=\"Ohme EV France\" \/>\n<meta property=\"article:publisher\" content=\"https:\/\/www.facebook.com\/OhmeEV\/\" \/>\n<meta property=\"article:modified_time\" content=\"2026-01-15T14:33:37+00:00\" \/>\n<meta name=\"twitter:card\" content=\"summary_large_image\" \/>\n<meta name=\"twitter:site\" content=\"@ohmeev\" \/>\n<script type=\"application\/ld+json\" class=\"yoast-schema-graph\">{\"@context\":\"https:\\\/\\\/schema.org\",\"@graph\":[{\"@type\":\"WebPage\",\"@id\":\"https:\\\/\\\/ohme-ev.com\\\/fr\\\/societes-de-leasing\\\/\",\"url\":\"https:\\\/\\\/ohme-ev.com\\\/fr\\\/societes-de-leasing\\\/\",\"name\":\"Solutions de recharge pour VE - Partenariats & Professionnels - Ohme EV France\",\"isPartOf\":{\"@id\":\"https:\\\/\\\/ohme-ev.com\\\/fr\\\/#website\"},\"datePublished\":\"2024-03-29T13:10:07+00:00\",\"dateModified\":\"2026-01-15T14:33:37+00:00\",\"description\":\"Optimisez le TCO de vos clients gr\u00e2ce \u00e0 notre technologie unique de pilotage de la recharge \u00e0 domicile\",\"breadcrumb\":{\"@id\":\"https:\\\/\\\/ohme-ev.com\\\/fr\\\/societes-de-leasing\\\/#breadcrumb\"},\"inLanguage\":\"fr-fr\",\"potentialAction\":[{\"@type\":\"ReadAction\",\"target\":[\"https:\\\/\\\/ohme-ev.com\\\/fr\\\/societes-de-leasing\\\/\"]}]},{\"@type\":\"BreadcrumbList\",\"@id\":\"https:\\\/\\\/ohme-ev.com\\\/fr\\\/societes-de-leasing\\\/#breadcrumb\",\"itemListElement\":[{\"@type\":\"ListItem\",\"position\":1,\"name\":\"Home\",\"item\":\"https:\\\/\\\/ohme-ev.com\\\/fr\\\/\"},{\"@type\":\"ListItem\",\"position\":2,\"name\":\"Soci\u00e9t\u00e9s de leasing\"}]},{\"@type\":\"WebSite\",\"@id\":\"https:\\\/\\\/ohme-ev.com\\\/fr\\\/#website\",\"url\":\"https:\\\/\\\/ohme-ev.com\\\/fr\\\/\",\"name\":\"Ohme EV France\",\"description\":\"Ohme - EV Smart Charging Solutions\",\"potentialAction\":[{\"@type\":\"SearchAction\",\"target\":{\"@type\":\"EntryPoint\",\"urlTemplate\":\"https:\\\/\\\/ohme-ev.com\\\/fr\\\/?s={search_term_string}\"},\"query-input\":{\"@type\":\"PropertyValueSpecification\",\"valueRequired\":true,\"valueName\":\"search_term_string\"}}],\"inLanguage\":\"fr-fr\"}]}<\/script>\n<!-- \/ Yoast SEO Premium plugin. -->","yoast_head_json":{"title":"Solutions de recharge pour VE - Partenariats & Professionnels - Ohme EV France","description":"Optimisez le TCO de vos clients gr\u00e2ce \u00e0 notre technologie unique de pilotage de la recharge \u00e0 domicile","robots":{"index":"index","follow":"follow","max-snippet":"max-snippet:-1","max-image-preview":"max-image-preview:large","max-video-preview":"max-video-preview:-1"},"canonical":"https:\/\/ohme-ev.com\/fr\/societes-de-leasing\/","og_locale":"fr_FR","og_type":"article","og_title":"Soci\u00e9t\u00e9s de leasing","og_description":"Optimisez le TCO de vos clients gr\u00e2ce \u00e0 notre technologie unique de pilotage de la recharge \u00e0 domicile","og_url":"https:\/\/ohme-ev.com\/fr\/societes-de-leasing\/","og_site_name":"Ohme EV France","article_publisher":"https:\/\/www.facebook.com\/OhmeEV\/","article_modified_time":"2026-01-15T14:33:37+00:00","twitter_card":"summary_large_image","twitter_site":"@ohmeev","schema":{"@context":"https:\/\/schema.org","@graph":[{"@type":"WebPage","@id":"https:\/\/ohme-ev.com\/fr\/societes-de-leasing\/","url":"https:\/\/ohme-ev.com\/fr\/societes-de-leasing\/","name":"Solutions de recharge pour VE - Partenariats & Professionnels - Ohme EV France","isPartOf":{"@id":"https:\/\/ohme-ev.com\/fr\/#website"},"datePublished":"2024-03-29T13:10:07+00:00","dateModified":"2026-01-15T14:33:37+00:00","description":"Optimisez le TCO de vos clients gr\u00e2ce \u00e0 notre technologie unique de pilotage de la recharge \u00e0 domicile","breadcrumb":{"@id":"https:\/\/ohme-ev.com\/fr\/societes-de-leasing\/#breadcrumb"},"inLanguage":"fr-fr","potentialAction":[{"@type":"ReadAction","target":["https:\/\/ohme-ev.com\/fr\/societes-de-leasing\/"]}]},{"@type":"BreadcrumbList","@id":"https:\/\/ohme-ev.com\/fr\/societes-de-leasing\/#breadcrumb","itemListElement":[{"@type":"ListItem","position":1,"name":"Home","item":"https:\/\/ohme-ev.com\/fr\/"},{"@type":"ListItem","position":2,"name":"Soci\u00e9t\u00e9s de leasing"}]},{"@type":"WebSite","@id":"https:\/\/ohme-ev.com\/fr\/#website","url":"https:\/\/ohme-ev.com\/fr\/","name":"Ohme EV France","description":"Ohme - EV Smart Charging Solutions","potentialAction":[{"@type":"SearchAction","target":{"@type":"EntryPoint","urlTemplate":"https:\/\/ohme-ev.com\/fr\/?s={search_term_string}"},"query-input":{"@type":"PropertyValueSpecification","valueRequired":true,"valueName":"search_term_string"}}],"inLanguage":"fr-fr"}]}},"_links":{"self":[{"href":"https:\/\/ohme-ev.com\/fr\/wp-json\/wp\/v2\/pages\/3030","targetHints":{"allow":["GET"]}}],"collection":[{"href":"https:\/\/ohme-ev.com\/fr\/wp-json\/wp\/v2\/pages"}],"about":[{"href":"https:\/\/ohme-ev.com\/fr\/wp-json\/wp\/v2\/types\/page"}],"author":[{"embeddable":true,"href":"https:\/\/ohme-ev.com\/fr\/wp-json\/wp\/v2\/users\/22"}],"replies":[{"embeddable":true,"href":"https:\/\/ohme-ev.com\/fr\/wp-json\/wp\/v2\/comments?post=3030"}],"version-history":[{"count":0,"href":"https:\/\/ohme-ev.com\/fr\/wp-json\/wp\/v2\/pages\/3030\/revisions"}],"wp:attachment":[{"href":"https:\/\/ohme-ev.com\/fr\/wp-json\/wp\/v2\/media?parent=3030"}],"wp:term":[{"taxonomy":"partner","embeddable":true,"href":"https:\/\/ohme-ev.com\/fr\/wp-json\/wp\/v2\/partner?post=3030"}],"curies":[{"name":"wp","href":"https:\/\/api.w.org\/{rel}","templated":true}]}}