{"id":3029,"date":"2024-03-29T12:57:08","date_gmt":"2024-03-29T12:57:08","guid":{"rendered":"https:\/\/ohme-ev.com\/fr\/?page_id=3029"},"modified":"2026-04-07T14:09:56","modified_gmt":"2026-04-07T14:09:56","slug":"constructeurs-et-concessionnaires-automobiles","status":"publish","type":"page","link":"https:\/\/ohme-ev.com\/fr\/constructeurs-et-concessionnaires-automobiles\/","title":{"rendered":"Constructeurs et concessionnaires automobiles"},"content":{"rendered":"<div class=\"image-text-hero with-image gradient-enabled gradient-vertical has-mobile-bg\" style=\"--bg-desktop: url(&#039;https:\/\/ohme-ev.com\/fr\/wp-content\/uploads\/sites\/9\/2025\/09\/Mobility-page-Desktop1x.webp&#039;); --bg-mobile: url(&#039;https:\/\/ohme-ev.com\/fr\/wp-content\/uploads\/sites\/9\/2025\/09\/Mobility-page-Mobile1x.webp&#039;);\">\n\n    <div class=\"contentWrapper imageRight mobile-image-bottom\">\n        <div class=\"content-container\">\n            <div class=\"wrapper\">\n                                    <h1>Constructeurs et concessionnaires automobiles<\/h1>\n                \n                                    <h5>Votre partenaire pour une recharge plus intelligente<\/h5>\n                \n                                    <p><p>B\u00e9n\u00e9ficiez d&#039;une offre tout-inclus de borne de recharge combin\u00e9e \u00e0 un service client de qualit\u00e9. Le partenariat avec Ohme facilite le passage de vos clients vers le v\u00e9hicule \u00e9lectrique.<\/p>\n<\/p>\n                \n                \n            <button\n                class=\"ohme-btn popup secondaryDark button\"\n                data-form-type=\"6\"\n                title=\"\"\n        >Parlons-en !<\/button>\n\n    \n                            <\/div>\n        <\/div>\n\n        <div class=\"image-container\">\n            \n                    <\/div>\n    <\/div>\n\n    <\/div>\n\n<div id=\"\" class=\"blockWrapper top-default bottom-default   \">\n\n\n<div class=\" keyStatsBlock\">\n  <div class=\"contentWrapper stats\">\n    <h3 class=\"title\">Quelques chiffres<\/h3>\n    <div class=\"statsContainer\">\n                <div class=\"statWrapper\">\n            <h1 class=\"stat\">15 <\/h1>\n            <p class=\"copy\">Partenariats avec des constructeurs automobiles<\/p>\n          <\/div>\n\n                <div class=\"statWrapper\">\n            <h1 class=\"stat\">900 <\/h1>\n            <p class=\"copy\">Partenariats avec des concessionnaires<\/p>\n          <\/div>\n\n                <div class=\"statWrapper\">\n            <h1 class=\"stat\">10+ <\/h1>\n            <p class=\"copy\">Partenariats avec des soci\u00e9t\u00e9s de leasing<\/p>\n          <\/div>\n\n          <\/div>\n  <\/div>\n<\/div>\n<\/div>\n\n<div id=\"\" class=\"blockWrapper top-default bottom-default   \">\n\n<div class=\"text-image-right bg-white\">\n    <div class=\"inner\">\n        <div class=\"text-content\">\n                        <h3 class=\"title\">Partenaire officiel de Hyundai France<\/h3>\n                        <div class=\"text\"><h3><strong>Solutions de recharge sur mesure<\/strong><\/h3>\n<p><span lang=\"FR\">Hyundai nous a fait confiance pour offrir \u00e0 leurs clients un tarif pr\u00e9f\u00e9rentiel sur nos bornes de recharge,\u00a0 en France. <\/span>Int\u00e9grant ainsi notre technologie \u00e0 leur gamme de v\u00e9hicules \u00e9lectriques.<\/p>\n<h3><strong><span lang=\"FR\">Formation <\/span><span lang=\"FR\">et activation de l&#8217;offre<\/span><\/strong><\/h3>\n<p>Nos accompagnons les \u00e9quipes Hyundai et \u00e9quipons leur concessionnaires avec des bornes d\u2019exposition. Leurs \u00e9quipes sont \u00e9galement form\u00e9es \u00e0 l&#8217;utilisation d&#8217;une platfeforme en ligne, pour une gestion des demandes de devis facilit\u00e9e.<\/p>\n<h3><strong>Service personalis\u00e9 tout-en-un<\/strong><\/h3>\n<p>Notre priorit\u00e9 est de familiariser les \u00e9quipes Hyundai avec nos produits, ainsi que l&#8217;offre d\u00e9velopp\u00e9e ensemble. Notre solution cl\u00e9 en main nous a permis de r\u00e9pondre aux besoins sp\u00e9cifiques de ce partenariat.<\/p>\n<\/div>\n                                                <div class=\"buttons\">\n                                    \n            <button\n                class=\"ohme-btn popup primary button\"\n                data-form-type=\"6\"\n                title=\"\"\n        >Devenir partenaire<\/button>\n\n                                <\/div>\n                                <\/div>\n        <div class=\"media-content\">\n                        <img decoding=\"async\" loading=\"lazy\" src=\"https:\/\/ohme-ev.com\/fr\/wp-content\/uploads\/sites\/9\/2025\/11\/ezgif-3dc566eb08be3916.webp\" alt=\"\" \/>\n                    <\/div>\n    <\/div>\n<\/div>\n\n<\/div>\n\n<div id=\"\" class=\"blockWrapper top-default bottom-default   \">\n\n<div class=\"info bg-darkgreen\">\n    <div class=\"contentWrapper\">\n                    <h2>\n                La recharge \u00e0 domicile : votre nouveau levier de vente !            <\/h2>\n                <div class=\"text\">\n            <p>Vos clients sont convaincus par le v\u00e9hicule \u00e9lectrique, mais h\u00e9sitent encore sur la recharge ? Nous avons con\u00e7u une solution cl\u00e9 en main pens\u00e9e pour les concessions : en une seule action dans notre Portail Partenaires, vous d\u00e9clenchez un parcours enti\u00e8rement g\u00e9r\u00e9 par nos \u00e9quipes de l&#8217;installation \u00e0 la mise en service.<\/p>\n<p>D\u00e9couvrez comment la borne de recharge peut devenir un argument de vente naturel pour votre concession !<\/p>\n        <\/div>\n                        <div class=\"buttonsWrapper\">\n                        \n            <a href=\"https:\/\/ohme-ev.com\/fr\/wp-content\/uploads\/sites\/9\/2026\/04\/Use_Case_Mobility_Hyundai.pdf\" download>\n            <button class=\"ohme-btn primary button download\" title=\"\">Consulter le cas d&#039;usage<\/button>\n        <\/a>\n\n                        <\/div>\n            <\/div>\n<\/div>\n\n<\/div>\n\n<div id=\"\" class=\"blockWrapper top-default bottom-default   \">\n\n    <div class=\"\">\n\n        <div class=\"threeColumnWrapper \">\n            <h2 class=\"title\">Pourquoi devenir un partenaire Ohme?<\/h2>\n            <p class=\"subtitle regular \" style=\"\">Vous proposez \u00e0 vos clients une offre de recharge innovante pour tirer le meilleur parti de leur v\u00e9hicule \u00e9lectrique. Notre technologie de recharge est intelligente, facile \u00e0 utiliser et \u00e9volutive.<\/p>\n            <div class=\"columnsContainer\">\n                                        <div class=\"column\">\n                            <div class=\"imageContainer \">\n                                                                    <img loading=\"lazy\" decoding=\"async\" width=\"334\" height=\"242\" src=\"https:\/\/ohme-ev.com\/fr\/wp-content\/uploads\/sites\/9\/2023\/11\/3-image-module_ePod-S-close-LBG_FR-334x242.webp\" class=\"attachment-column_hero size-column_hero\" alt=\"Borne de recharge Ohme ePod S sur fond color\u00e9 clair\" srcset=\"https:\/\/ohme-ev.com\/fr\/wp-content\/uploads\/sites\/9\/2023\/11\/3-image-module_ePod-S-close-LBG_FR-334x242.webp 334w, https:\/\/ohme-ev.com\/fr\/wp-content\/uploads\/sites\/9\/2023\/11\/3-image-module_ePod-S-close-LBG_FR-300x217.webp 300w, https:\/\/ohme-ev.com\/fr\/wp-content\/uploads\/sites\/9\/2023\/11\/3-image-module_ePod-S-close-LBG_FR-254x184.webp 254w, https:\/\/ohme-ev.com\/fr\/wp-content\/uploads\/sites\/9\/2023\/11\/3-image-module_ePod-S-close-LBG_FR.webp 680w\" sizes=\"auto, (max-width: 334px) 100vw, 334px\" \/>\n                                                            <\/div>\n\n                            <div>\n                                <p class=\"label\"><\/p>\n                                <p class=\"subtitleColumn\">Technologie unique<\/p>\n                                <div class=\"body\"><div><span lang=\"FR\">Nos bornes de recharge ont une technologie unique de pilotage de la recharge (smart charging) qui s&#8217;adapte au contrat de votre fournisseur d&#8217;\u00e9lectricit\u00e9. Vos clients peuvent ainsi recharger leur v\u00e9hicule \u00e9lectrique aux heures les moins co\u00fbteuses et en toute facilit\u00e9.\u00a0<\/span><\/div>\n<\/div>\n                            <\/div>\n                        <\/div>\n                                                <div class=\"column\">\n                            <div class=\"imageContainer \">\n                                                            <\/div>\n\n                            <div>\n                                <p class=\"label\"><\/p>\n                                <p class=\"subtitleColumn\">Offre tout inclus<\/p>\n                                <div class=\"body\"><p><span lang=\"FR\"><span lang=\"FR\">Nous nous occupons de tout et\u00a0<\/span><\/span>garantissons une installation s\u00e9curis\u00e9e et de qualit\u00e9 par l\u2019un de nos installateurs certifi\u00e9s Ohme.<\/p>\n<\/div>\n                            <\/div>\n                        <\/div>\n                                                <div class=\"column\">\n                            <div class=\"imageContainer \">\n                                                                    <img loading=\"lazy\" decoding=\"async\" width=\"334\" height=\"242\" src=\"https:\/\/ohme-ev.com\/fr\/wp-content\/uploads\/sites\/9\/2024\/12\/3-Image-Module-Life-at-Ohme-334x242.webp\" class=\"attachment-column_hero size-column_hero\" alt=\"\" srcset=\"https:\/\/ohme-ev.com\/fr\/wp-content\/uploads\/sites\/9\/2024\/12\/3-Image-Module-Life-at-Ohme-334x242.webp 334w, https:\/\/ohme-ev.com\/fr\/wp-content\/uploads\/sites\/9\/2024\/12\/3-Image-Module-Life-at-Ohme-300x217.webp 300w, https:\/\/ohme-ev.com\/fr\/wp-content\/uploads\/sites\/9\/2024\/12\/3-Image-Module-Life-at-Ohme-254x184.webp 254w, https:\/\/ohme-ev.com\/fr\/wp-content\/uploads\/sites\/9\/2024\/12\/3-Image-Module-Life-at-Ohme.webp 680w\" sizes=\"auto, (max-width: 334px) 100vw, 334px\" \/>\n                                                            <\/div>\n\n                            <div>\n                                <p class=\"label\"><\/p>\n                                <p class=\"subtitleColumn\">Service d&#8217;exception<\/p>\n                                <div class=\"body\"><p>Notre priorit\u00e9 est la satisfaction de nos clients. Le passage \u00e0 la mobilit\u00e9 \u00e9lectrique doit \u00eatre un jeu d\u2019enfant et n<span lang=\"FR\">os experts sont l\u00e0 pour guider vos clients \u00e0 chaque \u00e9tape, pour une exp\u00e9rience de recharge optimale.<\/span><\/p>\n<\/div>\n                            <\/div>\n                        <\/div>\n                                    <\/div>\n                    <\/div>\n    <\/div>\n<\/div>","protected":false},"excerpt":{"rendered":"","protected":false},"author":22,"featured_media":0,"parent":0,"menu_order":0,"comment_status":"closed","ping_status":"closed","template":"","meta":{"_acf_changed":true,"_helpful_status":1,"footnotes":""},"partner":[],"class_list":["post-3029","page","type-page","status-publish","hentry"],"acf":[],"yoast_head":"<!-- This site is optimized with the Yoast SEO Premium plugin v27.4 (Yoast SEO v27.4) - https:\/\/yoast.com\/product\/yoast-seo-premium-wordpress\/ -->\n<title>Solutions de recharge pour VE - Partenariats &amp; Professionnels - Ohme EV France<\/title>\n<meta name=\"description\" content=\"Le partenariat avec Ohme facilite le passage de vos clients vers le v\u00e9hicule \u00e9lectrique. Nos solutions sont simples \u00e0 installer et utiliser.\" \/>\n<meta name=\"robots\" content=\"index, follow, max-snippet:-1, max-image-preview:large, max-video-preview:-1\" \/>\n<link rel=\"canonical\" href=\"https:\/\/ohme-ev.com\/fr\/constructeurs-et-concessionnaires-automobiles\/\" \/>\n<meta property=\"og:locale\" content=\"fr_FR\" \/>\n<meta property=\"og:type\" content=\"article\" \/>\n<meta property=\"og:title\" content=\"Constructeurs et concessionnaires automobiles\" \/>\n<meta property=\"og:description\" content=\"Le partenariat avec Ohme facilite le passage de vos clients vers le v\u00e9hicule \u00e9lectrique. Nos solutions sont simples \u00e0 installer et utiliser.\" \/>\n<meta property=\"og:url\" content=\"https:\/\/ohme-ev.com\/fr\/constructeurs-et-concessionnaires-automobiles\/\" \/>\n<meta property=\"og:site_name\" content=\"Ohme EV France\" \/>\n<meta property=\"article:publisher\" content=\"https:\/\/www.facebook.com\/OhmeEV\/\" \/>\n<meta property=\"article:modified_time\" content=\"2026-04-07T14:09:56+00:00\" \/>\n<meta name=\"twitter:card\" content=\"summary_large_image\" \/>\n<meta name=\"twitter:site\" content=\"@ohmeev\" \/>\n<script type=\"application\/ld+json\" class=\"yoast-schema-graph\">{\"@context\":\"https:\\\/\\\/schema.org\",\"@graph\":[{\"@type\":\"WebPage\",\"@id\":\"https:\\\/\\\/ohme-ev.com\\\/fr\\\/constructeurs-et-concessionnaires-automobiles\\\/\",\"url\":\"https:\\\/\\\/ohme-ev.com\\\/fr\\\/constructeurs-et-concessionnaires-automobiles\\\/\",\"name\":\"Solutions de recharge pour VE - Partenariats & Professionnels - Ohme EV France\",\"isPartOf\":{\"@id\":\"https:\\\/\\\/ohme-ev.com\\\/fr\\\/#website\"},\"datePublished\":\"2024-03-29T12:57:08+00:00\",\"dateModified\":\"2026-04-07T14:09:56+00:00\",\"description\":\"Le partenariat avec Ohme facilite le passage de vos clients vers le v\u00e9hicule \u00e9lectrique. Nos solutions sont simples \u00e0 installer et utiliser.\",\"breadcrumb\":{\"@id\":\"https:\\\/\\\/ohme-ev.com\\\/fr\\\/constructeurs-et-concessionnaires-automobiles\\\/#breadcrumb\"},\"inLanguage\":\"fr-fr\",\"potentialAction\":[{\"@type\":\"ReadAction\",\"target\":[\"https:\\\/\\\/ohme-ev.com\\\/fr\\\/constructeurs-et-concessionnaires-automobiles\\\/\"]}]},{\"@type\":\"BreadcrumbList\",\"@id\":\"https:\\\/\\\/ohme-ev.com\\\/fr\\\/constructeurs-et-concessionnaires-automobiles\\\/#breadcrumb\",\"itemListElement\":[{\"@type\":\"ListItem\",\"position\":1,\"name\":\"Home\",\"item\":\"https:\\\/\\\/ohme-ev.com\\\/fr\\\/\"},{\"@type\":\"ListItem\",\"position\":2,\"name\":\"Constructeurs et concessionnaires automobiles\"}]},{\"@type\":\"WebSite\",\"@id\":\"https:\\\/\\\/ohme-ev.com\\\/fr\\\/#website\",\"url\":\"https:\\\/\\\/ohme-ev.com\\\/fr\\\/\",\"name\":\"Ohme EV France\",\"description\":\"Ohme - EV Smart Charging Solutions\",\"potentialAction\":[{\"@type\":\"SearchAction\",\"target\":{\"@type\":\"EntryPoint\",\"urlTemplate\":\"https:\\\/\\\/ohme-ev.com\\\/fr\\\/?s={search_term_string}\"},\"query-input\":{\"@type\":\"PropertyValueSpecification\",\"valueRequired\":true,\"valueName\":\"search_term_string\"}}],\"inLanguage\":\"fr-fr\"}]}<\/script>\n<!-- \/ Yoast SEO Premium plugin. -->","yoast_head_json":{"title":"Solutions de recharge pour VE - Partenariats & Professionnels - Ohme EV France","description":"Le partenariat avec Ohme facilite le passage de vos clients vers le v\u00e9hicule \u00e9lectrique. Nos solutions sont simples \u00e0 installer et utiliser.","robots":{"index":"index","follow":"follow","max-snippet":"max-snippet:-1","max-image-preview":"max-image-preview:large","max-video-preview":"max-video-preview:-1"},"canonical":"https:\/\/ohme-ev.com\/fr\/constructeurs-et-concessionnaires-automobiles\/","og_locale":"fr_FR","og_type":"article","og_title":"Constructeurs et concessionnaires automobiles","og_description":"Le partenariat avec Ohme facilite le passage de vos clients vers le v\u00e9hicule \u00e9lectrique. Nos solutions sont simples \u00e0 installer et utiliser.","og_url":"https:\/\/ohme-ev.com\/fr\/constructeurs-et-concessionnaires-automobiles\/","og_site_name":"Ohme EV France","article_publisher":"https:\/\/www.facebook.com\/OhmeEV\/","article_modified_time":"2026-04-07T14:09:56+00:00","twitter_card":"summary_large_image","twitter_site":"@ohmeev","schema":{"@context":"https:\/\/schema.org","@graph":[{"@type":"WebPage","@id":"https:\/\/ohme-ev.com\/fr\/constructeurs-et-concessionnaires-automobiles\/","url":"https:\/\/ohme-ev.com\/fr\/constructeurs-et-concessionnaires-automobiles\/","name":"Solutions de recharge pour VE - Partenariats & Professionnels - Ohme EV France","isPartOf":{"@id":"https:\/\/ohme-ev.com\/fr\/#website"},"datePublished":"2024-03-29T12:57:08+00:00","dateModified":"2026-04-07T14:09:56+00:00","description":"Le partenariat avec Ohme facilite le passage de vos clients vers le v\u00e9hicule \u00e9lectrique. Nos solutions sont simples \u00e0 installer et utiliser.","breadcrumb":{"@id":"https:\/\/ohme-ev.com\/fr\/constructeurs-et-concessionnaires-automobiles\/#breadcrumb"},"inLanguage":"fr-fr","potentialAction":[{"@type":"ReadAction","target":["https:\/\/ohme-ev.com\/fr\/constructeurs-et-concessionnaires-automobiles\/"]}]},{"@type":"BreadcrumbList","@id":"https:\/\/ohme-ev.com\/fr\/constructeurs-et-concessionnaires-automobiles\/#breadcrumb","itemListElement":[{"@type":"ListItem","position":1,"name":"Home","item":"https:\/\/ohme-ev.com\/fr\/"},{"@type":"ListItem","position":2,"name":"Constructeurs et concessionnaires automobiles"}]},{"@type":"WebSite","@id":"https:\/\/ohme-ev.com\/fr\/#website","url":"https:\/\/ohme-ev.com\/fr\/","name":"Ohme EV France","description":"Ohme - EV Smart Charging Solutions","potentialAction":[{"@type":"SearchAction","target":{"@type":"EntryPoint","urlTemplate":"https:\/\/ohme-ev.com\/fr\/?s={search_term_string}"},"query-input":{"@type":"PropertyValueSpecification","valueRequired":true,"valueName":"search_term_string"}}],"inLanguage":"fr-fr"}]}},"_links":{"self":[{"href":"https:\/\/ohme-ev.com\/fr\/wp-json\/wp\/v2\/pages\/3029","targetHints":{"allow":["GET"]}}],"collection":[{"href":"https:\/\/ohme-ev.com\/fr\/wp-json\/wp\/v2\/pages"}],"about":[{"href":"https:\/\/ohme-ev.com\/fr\/wp-json\/wp\/v2\/types\/page"}],"author":[{"embeddable":true,"href":"https:\/\/ohme-ev.com\/fr\/wp-json\/wp\/v2\/users\/22"}],"replies":[{"embeddable":true,"href":"https:\/\/ohme-ev.com\/fr\/wp-json\/wp\/v2\/comments?post=3029"}],"version-history":[{"count":0,"href":"https:\/\/ohme-ev.com\/fr\/wp-json\/wp\/v2\/pages\/3029\/revisions"}],"wp:attachment":[{"href":"https:\/\/ohme-ev.com\/fr\/wp-json\/wp\/v2\/media?parent=3029"}],"wp:term":[{"taxonomy":"partner","embeddable":true,"href":"https:\/\/ohme-ev.com\/fr\/wp-json\/wp\/v2\/partner?post=3029"}],"curies":[{"name":"wp","href":"https:\/\/api.w.org\/{rel}","templated":true}]}}