{"id":2864,"date":"2023-12-18T13:37:59","date_gmt":"2023-12-18T13:37:59","guid":{"rendered":"https:\/\/ohme-ev.com\/be\/?page_id=2221"},"modified":"2026-01-22T10:16:23","modified_gmt":"2026-01-22T10:16:23","slug":"gestion-de-flotte","status":"publish","type":"page","link":"https:\/\/ohme-ev.com\/fr\/gestion-de-flotte\/","title":{"rendered":"Gestion de flotte"},"content":{"rendered":"<div class=\"image-text-hero with-colour gradient-enabled gradient-vertical\" style=\"background-color: #034048;\">\n\n    <div class=\"contentWrapper imageLeft mobile-image-bottom\">\n        <div class=\"content-container\">\n            <div class=\"wrapper\">\n                                    <h1>Plateforme de gestion de flotte<\/h1>\n                \n                                    <h5>Solution de recharge cl\u00e9 en main offrant aux gestionnaires de flotte un contr\u00f4le total de leurs v\u00e9hicules \u00e9lectriques. Adapt\u00e9e aux besoins sp\u00e9cifiques de leur entreprise et de leurs employ\u00e9s.<\/h5>\n                \n                \n                \n            <button\n                class=\"ohme-btn popup primary button\"\n                data-form-type=\"6\"\n                title=\"\"\n        >Renseignez-vous maintenant<\/button>\n\n    \n                            <\/div>\n        <\/div>\n\n        <div class=\"image-container\">\n                            <div class=\"image-wrapper\">\n                    <img decoding=\"async\" src=\"https:\/\/ohme-ev.com\/fr\/wp-content\/uploads\/sites\/9\/2024\/02\/large-inset-header-walking-away-from-car.webp\" alt=\"\" \/>\n                <\/div>\n            \n                    <\/div>\n    <\/div>\n\n    <\/div>\n\n<div id=\"\" class=\"blockWrapper top-default bottom-default   \">\n\n\n<div class=\"contentWrapper textImageLeft  image\">\n            <div class=\"imageContainer\">\n            <img decoding=\"async\" loading=\"lazy\" src=\"https:\/\/ohme-ev.com\/fr\/wp-content\/uploads\/sites\/9\/2025\/03\/shutterstock_2177925717-1.webp\" alt=\"\"\/>\n        <\/div>\n\n        <div class=\"textContainer\">\n        <h3 class=\"title\">Ohme devient compatible avec GAC Car Fleet<\/h3>\n        <h4 class=\"subtitle regular\">Une int\u00e9gration avec le logiciel de gestion de flotte de r\u00e9f\u00e9rence en Europe<\/h4>\n        <div class=\"text\"><p data-start=\"217\" data-end=\"653\">Ohme est heureux d\u2019annoncer la compatibilit\u00e9 de ses solutions de recharge avec GAC Car Fleet, le logiciel de gestion de flotte du groupe GAC Software, qui accompagne plus de 600 000 v\u00e9hicules en Europe.<br data-start=\"435\" data-end=\"438\" \/>Gr\u00e2ce \u00e0 cette int\u00e9gration, les utilisateurs de GAC Car Fleet peuvent acc\u00e9der directement aux donn\u00e9es issues des solutions de recharge Ohme, pour une gestion plus simple et plus efficace de leurs flottes \u00e9lectriques.<\/p>\n<\/div>\n        <div class=\"buttonsContainer\">\n                    <\/div>\n            <\/div>\n<\/div>\n<\/div>\n\n<div id=\"\" class=\"blockWrapper top-default bottom-default   \">\n\n<div class=\"info bg-darkblue\">\n    <div class=\"contentWrapper\">\n                    <h2>\n                Nous vous \u00e9paulons dans votre transition vers la mobilit\u00e9 \u00e9lectrique.            <\/h2>\n                <div class=\"text\">\n            <p>Notre forfait de recharge de flotte tout-en-un permet \u00e0 vos employ\u00e9s de recharger \u00e0 leur domicile, au travail ou sur la route, tout en facilitant le remboursement des frais de recharge. En toute simplicit\u00e9.<\/p>\n        <\/div>\n                        <div class=\"buttonsWrapper\">\n                        \n            <button\n                class=\"ohme-btn popup primary button\"\n                data-form-type=\"8\"\n                title=\"\"\n        >Renseignez-vous d\u00e8s maintenant<\/button>\n\n                        <\/div>\n            <\/div>\n<\/div>\n\n<\/div>\n\n<div id=\"\" class=\"blockWrapper top-default bottom-default   \">\n\n    <div class=\"\">\n\n        <div class=\"threeColumnWrapper \">\n            <h2 class=\"title\">Pourquoi recharger votre flotte avec Ohme ?<\/h2>\n            <p class=\"subtitle regular \" style=\"\"><\/p>\n            <div class=\"columnsContainer\">\n                                        <div class=\"column\">\n                            <div class=\"imageContainer \">\n                                                                    <img loading=\"lazy\" decoding=\"async\" width=\"334\" height=\"242\" src=\"https:\/\/ohme-ev.com\/fr\/wp-content\/uploads\/sites\/9\/2024\/02\/ohme-go-in-use-master-334x242.webp\" class=\"attachment-column_hero size-column_hero\" alt=\"\" srcset=\"https:\/\/ohme-ev.com\/fr\/wp-content\/uploads\/sites\/9\/2024\/02\/ohme-go-in-use-master-334x242.webp 334w, https:\/\/ohme-ev.com\/fr\/wp-content\/uploads\/sites\/9\/2024\/02\/ohme-go-in-use-master-300x217.webp 300w, https:\/\/ohme-ev.com\/fr\/wp-content\/uploads\/sites\/9\/2024\/02\/ohme-go-in-use-master-254x184.webp 254w, https:\/\/ohme-ev.com\/fr\/wp-content\/uploads\/sites\/9\/2024\/02\/ohme-go-in-use-master.webp 680w\" sizes=\"auto, (max-width: 334px) 100vw, 334px\" \/>\n                                                            <\/div>\n\n                            <div>\n                                <p class=\"label\"><\/p>\n                                <p class=\"subtitleColumn\">C\u00e2ble de recharge mobile<\/p>\n                                <div class=\"body\"><p>Fournissez \u00e0 chacun de vos employ\u00e9s un c\u00e2ble de recharge Ohme Go, pr\u00eat \u00e0 l&#8217;emploi sans installation et compatible avec tous les v\u00e9hicules \u00e9lectriques. Con\u00e7u pour fonctionner avec des prises domestiques standard, il accompagne tous vos employ\u00e9s pour une flexibilit\u00e9 ultime.<\/p>\n<\/div>\n                            <\/div>\n                        <\/div>\n                                                <div class=\"column\">\n                            <div class=\"imageContainer \">\n                                                                    <img loading=\"lazy\" decoding=\"async\" width=\"334\" height=\"242\" src=\"https:\/\/ohme-ev.com\/fr\/wp-content\/uploads\/sites\/9\/2024\/02\/portal-laptop-334x242.webp\" class=\"attachment-column_hero size-column_hero\" alt=\"dealer portal access on a laptop\" srcset=\"https:\/\/ohme-ev.com\/fr\/wp-content\/uploads\/sites\/9\/2024\/02\/portal-laptop-334x242.webp 334w, https:\/\/ohme-ev.com\/fr\/wp-content\/uploads\/sites\/9\/2024\/02\/portal-laptop-300x217.webp 300w, https:\/\/ohme-ev.com\/fr\/wp-content\/uploads\/sites\/9\/2024\/02\/portal-laptop-254x184.webp 254w, https:\/\/ohme-ev.com\/fr\/wp-content\/uploads\/sites\/9\/2024\/02\/portal-laptop.webp 680w\" sizes=\"auto, (max-width: 334px) 100vw, 334px\" \/>\n                                                            <\/div>\n\n                            <div>\n                                <p class=\"label\"><\/p>\n                                <p class=\"subtitleColumn\">Portail de gestion de flotte<\/p>\n                                <div class=\"body\"><p>Acc\u00e9dez \u00e0 une interface en ligne personnalis\u00e9e, vous offrant un contr\u00f4le complet et vous permettant de rembourser facilement les co\u00fbts de recharge. Notre portail centralise l\u2019historique de la consommation d\u2019\u00e9nergie de vos employ\u00e9s, associ\u00e9e \u00e0 chaque c\u00e2ble de recharge.<\/p>\n<\/div>\n                            <\/div>\n                        <\/div>\n                                                <div class=\"column\">\n                            <div class=\"imageContainer \">\n                                                                    <img loading=\"lazy\" decoding=\"async\" width=\"334\" height=\"242\" src=\"https:\/\/ohme-ev.com\/fr\/wp-content\/uploads\/sites\/9\/2024\/01\/3-image-module_Casual-sofa-office_master-621x450-1-334x242.webp\" class=\"attachment-column_hero size-column_hero\" alt=\"\" srcset=\"https:\/\/ohme-ev.com\/fr\/wp-content\/uploads\/sites\/9\/2024\/01\/3-image-module_Casual-sofa-office_master-621x450-1-334x242.webp 334w, https:\/\/ohme-ev.com\/fr\/wp-content\/uploads\/sites\/9\/2024\/01\/3-image-module_Casual-sofa-office_master-621x450-1-300x217.webp 300w, https:\/\/ohme-ev.com\/fr\/wp-content\/uploads\/sites\/9\/2024\/01\/3-image-module_Casual-sofa-office_master-621x450-1-254x184.webp 254w, https:\/\/ohme-ev.com\/fr\/wp-content\/uploads\/sites\/9\/2024\/01\/3-image-module_Casual-sofa-office_master-621x450-1.webp 621w\" sizes=\"auto, (max-width: 334px) 100vw, 334px\" \/>\n                                                            <\/div>\n\n                            <div>\n                                <p class=\"label\"><\/p>\n                                <p class=\"subtitleColumn\">Service d\u2019exception<\/p>\n                                <div class=\"body\"><p>Le passage \u00e0 la mobilit\u00e9 \u00e9lectrique doit \u00eatre un jeu d\u2019enfant : nous nous occupons de tout pour que vous n\u2019ayez pas \u00e0 le faire. Nos experts sont l\u00e0 pour vous guider, vous et vos employ\u00e9s, \u00e0 chaque \u00e9tape, leur permettant de tirer le meilleur parti de leur exp\u00e9rience de recharge.<\/p>\n<\/div>\n                            <\/div>\n                        <\/div>\n                                    <\/div>\n                    <\/div>\n    <\/div>\n<\/div>\n\n<div id=\"\" class=\"blockWrapper top-default bottom-default   \">\n\n<div class=\"text-image-right \">\n    <div class=\"inner\">\n        <div class=\"text-content\">\n                        <h3 class=\"title\">Ensemble, faisons passer la gestion de votre flotte au niveau sup\u00e9rieur.<\/h3>\n                        <div class=\"text\"><h3>Tableau de bord en ligne<\/h3>\n<p>Acc\u00e9dez \u00e0 une interface personnalis\u00e9e et obtenez une visibilit\u00e9 totale de chaque c\u00e2ble de recharge et de la consommation d\u2019\u00e9nergie globale de votre flotte. L\u2019activit\u00e9 de recharge de vos v\u00e9hicules, centralis\u00e9e en un seul endroit et disponible en quelques clics seulement.<\/p>\n<h3>Remboursements sans tracas<\/h3>\n<p>Un suivi facile de toutes les transactions associ\u00e9es \u00e0 chaque sessions de recharge, pour vous permettre de facilement rembourser vos employ\u00e9s. Consultez la r\u00e9partition compl\u00e8te des frais associ\u00e9s \u00e0 votre flotte et suivez les paiements gr\u00e2ce \u00e0 des mises \u00e0 jour r\u00e9guli\u00e8res.<\/p>\n<h3>Rapports et analyses<\/h3>\n<p>Exportez les donn\u00e9es mensuelles et hebdomadaires du kilom\u00e9trage sur l\u2019ensemble de vos conducteurs, ainsi que les \u00e9conomies d\u2019\u00e9missions de CO\u2082 estim\u00e9es. Vous permettant de comprendre tous les co\u00fbts associ\u00e9s \u00e0 votre r\u00e9seau et vos v\u00e9hicules.<\/p>\n<\/div>\n                                                        <\/div>\n        <div class=\"media-content\">\n                        <img decoding=\"async\" loading=\"lazy\" src=\"https:\/\/ohme-ev.com\/fr\/wp-content\/uploads\/sites\/9\/2024\/02\/driver-management-laptop.webp\" alt=\"\" \/>\n                    <\/div>\n    <\/div>\n<\/div>\n\n<\/div>\n\n<div id=\"\" class=\"blockWrapper top-default bottom-default   \">\n\n\n<div class=\"contentWrapper textImageLeft  image\">\n            <div class=\"imageContainer\">\n            <img decoding=\"async\" loading=\"lazy\" src=\"https:\/\/ohme-ev.com\/fr\/wp-content\/uploads\/sites\/9\/2024\/02\/ohme-go-light-front-master.webp\" alt=\"\"\/>\n        <\/div>\n\n        <div class=\"textContainer\">\n        <h3 class=\"title\">D\u00e9couvrez l\u2019Ohme Go<\/h3>\n        <h4 class=\"subtitle regular\">Borne mobile et intelligente, compatible avec tout les v\u00e9hicules \u00e9lectriques pour une recharge \u00e0 la maison, au travail ou en d\u00e9placement.<\/h4>\n        <div class=\"text\"><ul>\n<li>Pr\u00eate \u00e0 \u00eatre utilis\u00e9e directement branch\u00e9 sur une prise de courant domestique standard.<\/li>\n<li>Technologie dynamique pour une recharge plus intelligente et moins ch\u00e8re.<\/li>\n<li>Un design ultra compact et pratique, aucune installation n\u00e9cessaire.<\/li>\n<li>Facturation partag\u00e9e activ\u00e9e.<\/li>\n<li>Conforme aux r\u00e9glementations europ\u00e9ennes en vigueur pour une tranquillit\u00e9 d\u2019esprit totale.<\/li>\n<\/ul>\n<\/div>\n        <div class=\"buttonsContainer\">\n            \n            <a href=\"https:\/\/ohme-ev.com\/fr\/produit\/ohme-go\/\" target=\"_self\" >\n            <button class=\"ohme-btn primary button\" title=\"\">En savoir plus<\/button>\n        <\/a>\n            <\/div>\n            <\/div>\n<\/div>\n<\/div>\n\n<div id=\"\" class=\"blockWrapper top-default bottom-default   \">\n\n<div class=\"info bg-darkgreen\">\n    <div class=\"contentWrapper\">\n                    <h2>\n                Devenir partenaire            <\/h2>\n                <div class=\"text\">\n            <p>Nous avons la solution qu\u2019il vous faut, afin de faciliter la transition vers les v\u00e9hicules \u00e9lectriques pour vous et vos employ\u00e9s. Contactez l\u2019un de nos experts pour discuter de vos besoins et de la mani\u00e8re dont notre technologie pourrait alimenter votre flotte. Nous disposons de l\u2019expertise n\u00e9cessaire pour r\u00e9aliser vos ambitions \u00e0 grande \u00e9chelle.<\/p>\n        <\/div>\n                        <div class=\"buttonsWrapper\">\n                        \n            <button\n                class=\"ohme-btn popup primary button\"\n                data-form-type=\"6\"\n                title=\"\"\n        >Renseignez-vous maintenant<\/button>\n\n                        <\/div>\n            <\/div>\n<\/div>\n\n<\/div>","protected":false},"excerpt":{"rendered":"","protected":false},"author":13,"featured_media":0,"parent":0,"menu_order":0,"comment_status":"closed","ping_status":"closed","template":"","meta":{"_acf_changed":true,"_helpful_status":1,"footnotes":""},"partner":[],"class_list":["post-2864","page","type-page","status-publish","hentry"],"acf":[],"yoast_head":"<!-- This site is optimized with the Yoast SEO Premium plugin v27.4 (Yoast SEO v27.4) - https:\/\/yoast.com\/product\/yoast-seo-premium-wordpress\/ -->\n<title>Plateforme de gestion de flotte - Ohme EV France<\/title>\n<meta name=\"robots\" content=\"index, follow, max-snippet:-1, max-image-preview:large, max-video-preview:-1\" \/>\n<link rel=\"canonical\" href=\"https:\/\/ohme-ev.com\/fr\/gestion-de-flotte\/\" \/>\n<meta property=\"og:locale\" content=\"fr_FR\" \/>\n<meta property=\"og:type\" content=\"article\" \/>\n<meta property=\"og:title\" content=\"Gestion de flotte\" \/>\n<meta property=\"og:url\" content=\"https:\/\/ohme-ev.com\/fr\/gestion-de-flotte\/\" \/>\n<meta property=\"og:site_name\" content=\"Ohme EV France\" \/>\n<meta property=\"article:publisher\" content=\"https:\/\/www.facebook.com\/OhmeEV\/\" \/>\n<meta property=\"article:modified_time\" content=\"2026-01-22T10:16:23+00:00\" \/>\n<meta name=\"twitter:card\" content=\"summary_large_image\" \/>\n<meta name=\"twitter:site\" content=\"@ohmeev\" \/>\n<script type=\"application\/ld+json\" class=\"yoast-schema-graph\">{\"@context\":\"https:\\\/\\\/schema.org\",\"@graph\":[{\"@type\":\"WebPage\",\"@id\":\"https:\\\/\\\/ohme-ev.com\\\/fr\\\/gestion-de-flotte\\\/\",\"url\":\"https:\\\/\\\/ohme-ev.com\\\/fr\\\/gestion-de-flotte\\\/\",\"name\":\"Plateforme de gestion de flotte - Ohme EV France\",\"isPartOf\":{\"@id\":\"https:\\\/\\\/ohme-ev.com\\\/fr\\\/#website\"},\"datePublished\":\"2023-12-18T13:37:59+00:00\",\"dateModified\":\"2026-01-22T10:16:23+00:00\",\"breadcrumb\":{\"@id\":\"https:\\\/\\\/ohme-ev.com\\\/fr\\\/gestion-de-flotte\\\/#breadcrumb\"},\"inLanguage\":\"fr-fr\",\"potentialAction\":[{\"@type\":\"ReadAction\",\"target\":[\"https:\\\/\\\/ohme-ev.com\\\/fr\\\/gestion-de-flotte\\\/\"]}]},{\"@type\":\"BreadcrumbList\",\"@id\":\"https:\\\/\\\/ohme-ev.com\\\/fr\\\/gestion-de-flotte\\\/#breadcrumb\",\"itemListElement\":[{\"@type\":\"ListItem\",\"position\":1,\"name\":\"Home\",\"item\":\"https:\\\/\\\/ohme-ev.com\\\/fr\\\/\"},{\"@type\":\"ListItem\",\"position\":2,\"name\":\"Gestion de flotte\"}]},{\"@type\":\"WebSite\",\"@id\":\"https:\\\/\\\/ohme-ev.com\\\/fr\\\/#website\",\"url\":\"https:\\\/\\\/ohme-ev.com\\\/fr\\\/\",\"name\":\"Ohme EV France\",\"description\":\"Ohme - EV Smart Charging Solutions\",\"potentialAction\":[{\"@type\":\"SearchAction\",\"target\":{\"@type\":\"EntryPoint\",\"urlTemplate\":\"https:\\\/\\\/ohme-ev.com\\\/fr\\\/?s={search_term_string}\"},\"query-input\":{\"@type\":\"PropertyValueSpecification\",\"valueRequired\":true,\"valueName\":\"search_term_string\"}}],\"inLanguage\":\"fr-fr\"}]}<\/script>\n<!-- \/ Yoast SEO Premium plugin. -->","yoast_head_json":{"title":"Plateforme de gestion de flotte - Ohme EV France","robots":{"index":"index","follow":"follow","max-snippet":"max-snippet:-1","max-image-preview":"max-image-preview:large","max-video-preview":"max-video-preview:-1"},"canonical":"https:\/\/ohme-ev.com\/fr\/gestion-de-flotte\/","og_locale":"fr_FR","og_type":"article","og_title":"Gestion de flotte","og_url":"https:\/\/ohme-ev.com\/fr\/gestion-de-flotte\/","og_site_name":"Ohme EV France","article_publisher":"https:\/\/www.facebook.com\/OhmeEV\/","article_modified_time":"2026-01-22T10:16:23+00:00","twitter_card":"summary_large_image","twitter_site":"@ohmeev","schema":{"@context":"https:\/\/schema.org","@graph":[{"@type":"WebPage","@id":"https:\/\/ohme-ev.com\/fr\/gestion-de-flotte\/","url":"https:\/\/ohme-ev.com\/fr\/gestion-de-flotte\/","name":"Plateforme de gestion de flotte - Ohme EV France","isPartOf":{"@id":"https:\/\/ohme-ev.com\/fr\/#website"},"datePublished":"2023-12-18T13:37:59+00:00","dateModified":"2026-01-22T10:16:23+00:00","breadcrumb":{"@id":"https:\/\/ohme-ev.com\/fr\/gestion-de-flotte\/#breadcrumb"},"inLanguage":"fr-fr","potentialAction":[{"@type":"ReadAction","target":["https:\/\/ohme-ev.com\/fr\/gestion-de-flotte\/"]}]},{"@type":"BreadcrumbList","@id":"https:\/\/ohme-ev.com\/fr\/gestion-de-flotte\/#breadcrumb","itemListElement":[{"@type":"ListItem","position":1,"name":"Home","item":"https:\/\/ohme-ev.com\/fr\/"},{"@type":"ListItem","position":2,"name":"Gestion de flotte"}]},{"@type":"WebSite","@id":"https:\/\/ohme-ev.com\/fr\/#website","url":"https:\/\/ohme-ev.com\/fr\/","name":"Ohme EV France","description":"Ohme - EV Smart Charging Solutions","potentialAction":[{"@type":"SearchAction","target":{"@type":"EntryPoint","urlTemplate":"https:\/\/ohme-ev.com\/fr\/?s={search_term_string}"},"query-input":{"@type":"PropertyValueSpecification","valueRequired":true,"valueName":"search_term_string"}}],"inLanguage":"fr-fr"}]}},"_links":{"self":[{"href":"https:\/\/ohme-ev.com\/fr\/wp-json\/wp\/v2\/pages\/2864","targetHints":{"allow":["GET"]}}],"collection":[{"href":"https:\/\/ohme-ev.com\/fr\/wp-json\/wp\/v2\/pages"}],"about":[{"href":"https:\/\/ohme-ev.com\/fr\/wp-json\/wp\/v2\/types\/page"}],"author":[{"embeddable":true,"href":"https:\/\/ohme-ev.com\/fr\/wp-json\/wp\/v2\/users\/13"}],"replies":[{"embeddable":true,"href":"https:\/\/ohme-ev.com\/fr\/wp-json\/wp\/v2\/comments?post=2864"}],"version-history":[{"count":0,"href":"https:\/\/ohme-ev.com\/fr\/wp-json\/wp\/v2\/pages\/2864\/revisions"}],"wp:attachment":[{"href":"https:\/\/ohme-ev.com\/fr\/wp-json\/wp\/v2\/media?parent=2864"}],"wp:term":[{"taxonomy":"partner","embeddable":true,"href":"https:\/\/ohme-ev.com\/fr\/wp-json\/wp\/v2\/partner?post=2864"}],"curies":[{"name":"wp","href":"https:\/\/api.w.org\/{rel}","templated":true}]}}