{"id":2674,"date":"2023-06-26T12:03:53","date_gmt":"2023-06-26T12:03:53","guid":{"rendered":"https:\/\/ohme-cs-dev.local\/?page_id=56"},"modified":"2024-07-01T14:06:16","modified_gmt":"2024-07-01T14:06:16","slug":"espace-presse","status":"publish","type":"page","link":"https:\/\/ohme-ev.com\/fr\/espace-presse\/","title":{"rendered":"News and press"},"content":{"rendered":"<div class=\"thin-hero \" style=\"background-color: #366c92;\">\n    <div class=\"content-container\">\n        <div class=\"wrapper\">\n            <h1>Espace presse<\/h1>\n            \n                    <\/div>\n    <\/div>\n<\/div>\n\n<div class=\"news-and-press-block blockWrapper top-default bottom-default\">\n    <div class=\"contentWrapper\">\n        <div class=\"search-filter-container\">\n            <div class=\"search-input-container\">\n                <form action=\"https:\/\/ohme-ev.com\/fr\/espace-presse\/\">\n                    <label for=\"search_query\">Recherche<\/label>\n                    <input type=\"search\" id=\"search_query\" name=\"query\" value=\"\"\/>\n                <\/form>\n            <\/div>\n            <div class=\"filter-wrapper\">\n                <p class=\"label\">Cat\u00e9gories<\/p>\n                <div class=\"filters\">\n                                        <button data-id=\"all\" class=\"ohme-btn filter\">Toutes<\/button>\n                                        <button data-id=\"press\" class=\"ohme-btn filter\">Communiqu\u00e9s de presse<\/button>\n                                        <button data-id=\"news\" class=\"ohme-btn filter\">Actualit\u00e9s<\/button>\n                                    <\/div>\n            <\/div>\n        <\/div>\n\n                <div class=\"tiles\">\n                        <a href=\"https:\/\/ohme-ev.com\/fr\/espace-presse\/hyundai-motor-france-ohme\/\">\n                <div class=\"tile\">\n                    <img loading=\"lazy\" decoding=\"async\" width=\"1771\" height=\"1025\" src=\"https:\/\/ohme-ev.com\/fr\/wp-content\/uploads\/sites\/9\/2025\/11\/ezgif-3dc566eb08be3916.webp\" class=\"attachment-post-thumbnail size-post-thumbnail wp-post-image\" alt=\"\" srcset=\"https:\/\/ohme-ev.com\/fr\/wp-content\/uploads\/sites\/9\/2025\/11\/ezgif-3dc566eb08be3916.webp 1771w, https:\/\/ohme-ev.com\/fr\/wp-content\/uploads\/sites\/9\/2025\/11\/ezgif-3dc566eb08be3916-300x174.webp 300w, https:\/\/ohme-ev.com\/fr\/wp-content\/uploads\/sites\/9\/2025\/11\/ezgif-3dc566eb08be3916-1024x593.webp 1024w, https:\/\/ohme-ev.com\/fr\/wp-content\/uploads\/sites\/9\/2025\/11\/ezgif-3dc566eb08be3916-768x444.webp 768w, https:\/\/ohme-ev.com\/fr\/wp-content\/uploads\/sites\/9\/2025\/11\/ezgif-3dc566eb08be3916-1536x889.webp 1536w, https:\/\/ohme-ev.com\/fr\/wp-content\/uploads\/sites\/9\/2025\/11\/ezgif-3dc566eb08be3916-318x184.webp 318w, https:\/\/ohme-ev.com\/fr\/wp-content\/uploads\/sites\/9\/2025\/11\/ezgif-3dc566eb08be3916-340x197.webp 340w, https:\/\/ohme-ev.com\/fr\/wp-content\/uploads\/sites\/9\/2025\/11\/ezgif-3dc566eb08be3916-740x428.webp 740w, https:\/\/ohme-ev.com\/fr\/wp-content\/uploads\/sites\/9\/2025\/11\/ezgif-3dc566eb08be3916-1240x718.webp 1240w, https:\/\/ohme-ev.com\/fr\/wp-content\/uploads\/sites\/9\/2025\/11\/ezgif-3dc566eb08be3916-1590x920.webp 1590w, https:\/\/ohme-ev.com\/fr\/wp-content\/uploads\/sites\/9\/2025\/11\/ezgif-3dc566eb08be3916-1680x972.webp 1680w, https:\/\/ohme-ev.com\/fr\/wp-content\/uploads\/sites\/9\/2025\/11\/ezgif-3dc566eb08be3916-400x232.webp 400w, https:\/\/ohme-ev.com\/fr\/wp-content\/uploads\/sites\/9\/2025\/11\/ezgif-3dc566eb08be3916-480x278.webp 480w, https:\/\/ohme-ev.com\/fr\/wp-content\/uploads\/sites\/9\/2025\/11\/ezgif-3dc566eb08be3916-600x347.webp 600w, https:\/\/ohme-ev.com\/fr\/wp-content\/uploads\/sites\/9\/2025\/11\/ezgif-3dc566eb08be3916-720x417.webp 720w\" sizes=\"auto, (max-width: 1771px) 100vw, 1771px\" \/>                    <div class=\"content\">\n                        <div class=\"date\">\n                                                        <p class=\"type\">Press<\/p>\n                                                        November 27 2025                        <\/div>\n                        <h4 class=\"title\">Hyundai Motor France s\u2019associe \u00e0 Ohme pour faciliter la recharge \u00e0 domicile des v\u00e9hicules \u00e9lectriques<\/h4>\n                        <div class=\"link\" href=\"https:\/\/ohme-ev.com\/fr\/espace-presse\/hyundai-motor-france-ohme\/\">Lire<\/div>\n                    <\/div>\n                <\/div>\n            <\/a>\n                        <a href=\"https:\/\/ohme-ev.com\/fr\/espace-presse\/max-bld-et-xpeng-parlent-de-nous\/\">\n                <div class=\"tile\">\n                    <img loading=\"lazy\" decoding=\"async\" width=\"1200\" height=\"800\" src=\"https:\/\/ohme-ev.com\/fr\/wp-content\/uploads\/sites\/9\/2025\/06\/Banniere-Max-BLD-4.webp\" class=\"attachment-post-thumbnail size-post-thumbnail wp-post-image\" alt=\"\" srcset=\"https:\/\/ohme-ev.com\/fr\/wp-content\/uploads\/sites\/9\/2025\/06\/Banniere-Max-BLD-4.webp 1200w, https:\/\/ohme-ev.com\/fr\/wp-content\/uploads\/sites\/9\/2025\/06\/Banniere-Max-BLD-4-300x200.webp 300w, https:\/\/ohme-ev.com\/fr\/wp-content\/uploads\/sites\/9\/2025\/06\/Banniere-Max-BLD-4-1024x683.webp 1024w, https:\/\/ohme-ev.com\/fr\/wp-content\/uploads\/sites\/9\/2025\/06\/Banniere-Max-BLD-4-768x512.webp 768w, https:\/\/ohme-ev.com\/fr\/wp-content\/uploads\/sites\/9\/2025\/06\/Banniere-Max-BLD-4-276x184.webp 276w, https:\/\/ohme-ev.com\/fr\/wp-content\/uploads\/sites\/9\/2025\/06\/Banniere-Max-BLD-4-340x227.webp 340w\" sizes=\"auto, (max-width: 1200px) 100vw, 1200px\" \/>                    <div class=\"content\">\n                        <div class=\"date\">\n                                                        <p class=\"type\">News<\/p>\n                                                        June 26 2025                        <\/div>\n                        <h4 class=\"title\">Max BLD et Xpeng parlent de nous !<\/h4>\n                        <div class=\"link\" href=\"https:\/\/ohme-ev.com\/fr\/espace-presse\/max-bld-et-xpeng-parlent-de-nous\/\">Lire<\/div>\n                    <\/div>\n                <\/div>\n            <\/a>\n                        <a href=\"https:\/\/ohme-ev.com\/fr\/espace-presse\/ohme-accelere-la-recharge-a-domicile-avec-sa-borne-epod-s-triphasee-de-22-kw\/\">\n                <div class=\"tile\">\n                    <img loading=\"lazy\" decoding=\"async\" width=\"1200\" height=\"800\" src=\"https:\/\/ohme-ev.com\/fr\/wp-content\/uploads\/sites\/9\/2023\/11\/A7501737-Edited-1.webp\" class=\"attachment-post-thumbnail size-post-thumbnail wp-post-image\" alt=\"\" srcset=\"https:\/\/ohme-ev.com\/fr\/wp-content\/uploads\/sites\/9\/2023\/11\/A7501737-Edited-1.webp 1200w, https:\/\/ohme-ev.com\/fr\/wp-content\/uploads\/sites\/9\/2023\/11\/A7501737-Edited-1-300x200.webp 300w, https:\/\/ohme-ev.com\/fr\/wp-content\/uploads\/sites\/9\/2023\/11\/A7501737-Edited-1-1024x683.webp 1024w, https:\/\/ohme-ev.com\/fr\/wp-content\/uploads\/sites\/9\/2023\/11\/A7501737-Edited-1-768x512.webp 768w, https:\/\/ohme-ev.com\/fr\/wp-content\/uploads\/sites\/9\/2023\/11\/A7501737-Edited-1-276x184.webp 276w, https:\/\/ohme-ev.com\/fr\/wp-content\/uploads\/sites\/9\/2023\/11\/A7501737-Edited-1-340x227.webp 340w\" sizes=\"auto, (max-width: 1200px) 100vw, 1200px\" \/>                    <div class=\"content\">\n                        <div class=\"date\">\n                                                        <p class=\"type\">News<\/p>\n                                                        June 10 2025                        <\/div>\n                        <h4 class=\"title\">Ohme acc\u00e9l\u00e8re la recharge \u00e0 domicile avec sa borne ePod S triphas\u00e9e de 22kW<\/h4>\n                        <div class=\"link\" href=\"https:\/\/ohme-ev.com\/fr\/espace-presse\/ohme-accelere-la-recharge-a-domicile-avec-sa-borne-epod-s-triphasee-de-22-kw\/\">Lire<\/div>\n                    <\/div>\n                <\/div>\n            <\/a>\n                        <a href=\"https:\/\/ohme-ev.com\/fr\/espace-presse\/ohme-annonce-le-lancement-de-sa-nouvelle-fonctionnalite-multicar\/\">\n                <div class=\"tile\">\n                    <img loading=\"lazy\" decoding=\"async\" width=\"1199\" height=\"800\" src=\"https:\/\/ohme-ev.com\/fr\/wp-content\/uploads\/sites\/9\/2025\/03\/shutterstock_2177925717-1.webp\" class=\"attachment-post-thumbnail size-post-thumbnail wp-post-image\" alt=\"\" srcset=\"https:\/\/ohme-ev.com\/fr\/wp-content\/uploads\/sites\/9\/2025\/03\/shutterstock_2177925717-1.webp 1199w, https:\/\/ohme-ev.com\/fr\/wp-content\/uploads\/sites\/9\/2025\/03\/shutterstock_2177925717-1-300x200.webp 300w, https:\/\/ohme-ev.com\/fr\/wp-content\/uploads\/sites\/9\/2025\/03\/shutterstock_2177925717-1-1024x683.webp 1024w, https:\/\/ohme-ev.com\/fr\/wp-content\/uploads\/sites\/9\/2025\/03\/shutterstock_2177925717-1-768x512.webp 768w, https:\/\/ohme-ev.com\/fr\/wp-content\/uploads\/sites\/9\/2025\/03\/shutterstock_2177925717-1-276x184.webp 276w, https:\/\/ohme-ev.com\/fr\/wp-content\/uploads\/sites\/9\/2025\/03\/shutterstock_2177925717-1-340x227.webp 340w\" sizes=\"auto, (max-width: 1199px) 100vw, 1199px\" \/>                    <div class=\"content\">\n                        <div class=\"date\">\n                                                        <p class=\"type\">News<\/p>\n                                                        March 5 2025                        <\/div>\n                        <h4 class=\"title\">Ohme annonce le lancement de sa nouvelle fonctionnalit\u00e9 Multicar<\/h4>\n                        <div class=\"link\" href=\"https:\/\/ohme-ev.com\/fr\/espace-presse\/ohme-annonce-le-lancement-de-sa-nouvelle-fonctionnalite-multicar\/\">Lire<\/div>\n                    <\/div>\n                <\/div>\n            <\/a>\n                        <a href=\"https:\/\/ohme-ev.com\/fr\/espace-presse\/ohme-tarification-dynamique\/\">\n                <div class=\"tile\">\n                    <img loading=\"lazy\" decoding=\"async\" width=\"1181\" height=\"792\" src=\"https:\/\/ohme-ev.com\/fr\/wp-content\/uploads\/sites\/9\/2024\/08\/ezgif-7-3e832796e0.webp\" class=\"attachment-post-thumbnail size-post-thumbnail wp-post-image\" alt=\"\" srcset=\"https:\/\/ohme-ev.com\/fr\/wp-content\/uploads\/sites\/9\/2024\/08\/ezgif-7-3e832796e0.webp 1181w, https:\/\/ohme-ev.com\/fr\/wp-content\/uploads\/sites\/9\/2024\/08\/ezgif-7-3e832796e0-300x201.webp 300w, https:\/\/ohme-ev.com\/fr\/wp-content\/uploads\/sites\/9\/2024\/08\/ezgif-7-3e832796e0-1024x687.webp 1024w, https:\/\/ohme-ev.com\/fr\/wp-content\/uploads\/sites\/9\/2024\/08\/ezgif-7-3e832796e0-768x515.webp 768w, https:\/\/ohme-ev.com\/fr\/wp-content\/uploads\/sites\/9\/2024\/08\/ezgif-7-3e832796e0-274x184.webp 274w, https:\/\/ohme-ev.com\/fr\/wp-content\/uploads\/sites\/9\/2024\/08\/ezgif-7-3e832796e0-340x228.webp 340w\" sizes=\"auto, (max-width: 1181px) 100vw, 1181px\" \/>                    <div class=\"content\">\n                        <div class=\"date\">\n                                                        <p class=\"type\">Press<\/p>\n                                                        August 27 2024                        <\/div>\n                        <h4 class=\"title\">Optez pour un chargeur de v\u00e9hicule \u00e9lectrique avec tarification dynamique et r\u00e9alisez des \u00e9conomies<\/h4>\n                        <div class=\"link\" href=\"https:\/\/ohme-ev.com\/fr\/espace-presse\/ohme-tarification-dynamique\/\">Lire<\/div>\n                    <\/div>\n                <\/div>\n            <\/a>\n                        <a href=\"https:\/\/ohme-ev.com\/fr\/espace-presse\/nouvelle-aventure-alpine-sur-fortnite\/\">\n                <div class=\"tile\">\n                    <img loading=\"lazy\" decoding=\"async\" width=\"1920\" height=\"1080\" src=\"https:\/\/ohme-ev.com\/fr\/wp-content\/uploads\/sites\/9\/2024\/07\/ezgif-3-602d363e40.webp\" class=\"attachment-post-thumbnail size-post-thumbnail wp-post-image\" alt=\"\" srcset=\"https:\/\/ohme-ev.com\/fr\/wp-content\/uploads\/sites\/9\/2024\/07\/ezgif-3-602d363e40.webp 1920w, https:\/\/ohme-ev.com\/fr\/wp-content\/uploads\/sites\/9\/2024\/07\/ezgif-3-602d363e40-300x169.webp 300w, https:\/\/ohme-ev.com\/fr\/wp-content\/uploads\/sites\/9\/2024\/07\/ezgif-3-602d363e40-1024x576.webp 1024w, https:\/\/ohme-ev.com\/fr\/wp-content\/uploads\/sites\/9\/2024\/07\/ezgif-3-602d363e40-768x432.webp 768w, https:\/\/ohme-ev.com\/fr\/wp-content\/uploads\/sites\/9\/2024\/07\/ezgif-3-602d363e40-1536x864.webp 1536w, https:\/\/ohme-ev.com\/fr\/wp-content\/uploads\/sites\/9\/2024\/07\/ezgif-3-602d363e40-327x184.webp 327w, https:\/\/ohme-ev.com\/fr\/wp-content\/uploads\/sites\/9\/2024\/07\/ezgif-3-602d363e40-340x191.webp 340w\" sizes=\"auto, (max-width: 1920px) 100vw, 1920px\" \/>                    <div class=\"content\">\n                        <div class=\"date\">\n                                                        <p class=\"type\">News<\/p>\n                                                        July 16 2024                        <\/div>\n                        <h4 class=\"title\">Nouvelle aventure Alpine sur Fortnite<\/h4>\n                        <div class=\"link\" href=\"https:\/\/ohme-ev.com\/fr\/espace-presse\/nouvelle-aventure-alpine-sur-fortnite\/\">Lire<\/div>\n                    <\/div>\n                <\/div>\n            <\/a>\n                        <a href=\"https:\/\/ohme-ev.com\/fr\/espace-presse\/borne-de-recharge-electrique-ohme-compatible-avec-les-panneaux-solaires\/\">\n                <div class=\"tile\">\n                    <img loading=\"lazy\" decoding=\"async\" width=\"1244\" height=\"966\" src=\"https:\/\/ohme-ev.com\/fr\/wp-content\/uploads\/sites\/9\/2024\/02\/mokka-lifestyle-crop.jpg\" class=\"attachment-post-thumbnail size-post-thumbnail wp-post-image\" alt=\"Verre Opel mokka recharge\" srcset=\"https:\/\/ohme-ev.com\/fr\/wp-content\/uploads\/sites\/9\/2024\/02\/mokka-lifestyle-crop.jpg 1244w, https:\/\/ohme-ev.com\/fr\/wp-content\/uploads\/sites\/9\/2024\/02\/mokka-lifestyle-crop-300x233.jpg 300w, https:\/\/ohme-ev.com\/fr\/wp-content\/uploads\/sites\/9\/2024\/02\/mokka-lifestyle-crop-1024x795.jpg 1024w, https:\/\/ohme-ev.com\/fr\/wp-content\/uploads\/sites\/9\/2024\/02\/mokka-lifestyle-crop-768x596.jpg 768w, https:\/\/ohme-ev.com\/fr\/wp-content\/uploads\/sites\/9\/2024\/02\/mokka-lifestyle-crop-237x184.jpg 237w, https:\/\/ohme-ev.com\/fr\/wp-content\/uploads\/sites\/9\/2024\/02\/mokka-lifestyle-crop-312x242.jpg 312w\" sizes=\"auto, (max-width: 1244px) 100vw, 1244px\" \/>                    <div class=\"content\">\n                        <div class=\"date\">\n                                                        <p class=\"type\">Press<\/p>\n                                                        July 3 2024                        <\/div>\n                        <h4 class=\"title\">La borne Ohme ePod S d\u00e9sormais compatible avec les panneaux solaires<\/h4>\n                        <div class=\"link\" href=\"https:\/\/ohme-ev.com\/fr\/espace-presse\/borne-de-recharge-electrique-ohme-compatible-avec-les-panneaux-solaires\/\">Lire<\/div>\n                    <\/div>\n                <\/div>\n            <\/a>\n                        <a href=\"https:\/\/ohme-ev.com\/fr\/espace-presse\/ohme-yesss-electrique\/\">\n                <div class=\"tile\">\n                    <img loading=\"lazy\" decoding=\"async\" width=\"1440\" height=\"966\" src=\"https:\/\/ohme-ev.com\/fr\/wp-content\/uploads\/sites\/9\/2024\/05\/Ohme_Nov_NatHouse_348.jpg\" class=\"attachment-post-thumbnail size-post-thumbnail wp-post-image\" alt=\"Ohme ePod plugging in\" srcset=\"https:\/\/ohme-ev.com\/fr\/wp-content\/uploads\/sites\/9\/2024\/05\/Ohme_Nov_NatHouse_348.jpg 1440w, https:\/\/ohme-ev.com\/fr\/wp-content\/uploads\/sites\/9\/2024\/05\/Ohme_Nov_NatHouse_348-300x201.jpg 300w, https:\/\/ohme-ev.com\/fr\/wp-content\/uploads\/sites\/9\/2024\/05\/Ohme_Nov_NatHouse_348-1024x687.jpg 1024w, https:\/\/ohme-ev.com\/fr\/wp-content\/uploads\/sites\/9\/2024\/05\/Ohme_Nov_NatHouse_348-768x515.jpg 768w, https:\/\/ohme-ev.com\/fr\/wp-content\/uploads\/sites\/9\/2024\/05\/Ohme_Nov_NatHouse_348-274x184.jpg 274w, https:\/\/ohme-ev.com\/fr\/wp-content\/uploads\/sites\/9\/2024\/05\/Ohme_Nov_NatHouse_348-340x228.jpg 340w\" sizes=\"auto, (max-width: 1440px) 100vw, 1440px\" \/>                    <div class=\"content\">\n                        <div class=\"date\">\n                                                        <p class=\"type\">Press<\/p>\n                                                        May 13 2024                        <\/div>\n                        <h4 class=\"title\">Le chargeur Ohme ePod S est disponible chez YESSS Electrique<\/h4>\n                        <div class=\"link\" href=\"https:\/\/ohme-ev.com\/fr\/espace-presse\/ohme-yesss-electrique\/\">Lire<\/div>\n                    <\/div>\n                <\/div>\n            <\/a>\n                        <a href=\"https:\/\/ohme-ev.com\/fr\/espace-presse\/ohme-go-maintenant-disponible-en-france\/\">\n                <div class=\"tile\">\n                    <img loading=\"lazy\" decoding=\"async\" width=\"2560\" height=\"1718\" src=\"https:\/\/ohme-ev.com\/fr\/wp-content\/uploads\/sites\/9\/2024\/03\/Ohme-ePod-ID-Buzz-dog-low-scaled.jpg\" class=\"attachment-post-thumbnail size-post-thumbnail wp-post-image\" alt=\"Ohme ePod S et VW ID.Buzz\" srcset=\"https:\/\/ohme-ev.com\/fr\/wp-content\/uploads\/sites\/9\/2024\/03\/Ohme-ePod-ID-Buzz-dog-low-scaled.jpg 2560w, https:\/\/ohme-ev.com\/fr\/wp-content\/uploads\/sites\/9\/2024\/03\/Ohme-ePod-ID-Buzz-dog-low-300x201.jpg 300w, https:\/\/ohme-ev.com\/fr\/wp-content\/uploads\/sites\/9\/2024\/03\/Ohme-ePod-ID-Buzz-dog-low-1024x687.jpg 1024w, https:\/\/ohme-ev.com\/fr\/wp-content\/uploads\/sites\/9\/2024\/03\/Ohme-ePod-ID-Buzz-dog-low-768x515.jpg 768w, https:\/\/ohme-ev.com\/fr\/wp-content\/uploads\/sites\/9\/2024\/03\/Ohme-ePod-ID-Buzz-dog-low-1536x1031.jpg 1536w, https:\/\/ohme-ev.com\/fr\/wp-content\/uploads\/sites\/9\/2024\/03\/Ohme-ePod-ID-Buzz-dog-low-2048x1374.jpg 2048w, https:\/\/ohme-ev.com\/fr\/wp-content\/uploads\/sites\/9\/2024\/03\/Ohme-ePod-ID-Buzz-dog-low-274x184.jpg 274w, https:\/\/ohme-ev.com\/fr\/wp-content\/uploads\/sites\/9\/2024\/03\/Ohme-ePod-ID-Buzz-dog-low-340x228.jpg 340w\" sizes=\"auto, (max-width: 2560px) 100vw, 2560px\" \/>                    <div class=\"content\">\n                        <div class=\"date\">\n                                                        <p class=\"type\">Press<\/p>\n                                                        March 25 2024                        <\/div>\n                        <h4 class=\"title\">Ohme \u00e9tend son offre de solutions de recharge intelligente en France avec l\u2019Ohme Go<\/h4>\n                        <div class=\"link\" href=\"https:\/\/ohme-ev.com\/fr\/espace-presse\/ohme-go-maintenant-disponible-en-france\/\">Lire<\/div>\n                    <\/div>\n                <\/div>\n            <\/a>\n                        <a href=\"https:\/\/ohme-ev.com\/fr\/espace-presse\/borne-de-recharge-ohme-epod-s-maintenant-disponible-redirectdisable\/\">\n                <div class=\"tile\">\n                    <img loading=\"lazy\" decoding=\"async\" width=\"1244\" height=\"966\" src=\"https:\/\/ohme-ev.com\/fr\/wp-content\/uploads\/sites\/9\/2024\/02\/mokka-lifestyle-crop.jpg\" class=\"attachment-post-thumbnail size-post-thumbnail wp-post-image\" alt=\"Verre Opel mokka recharge\" srcset=\"https:\/\/ohme-ev.com\/fr\/wp-content\/uploads\/sites\/9\/2024\/02\/mokka-lifestyle-crop.jpg 1244w, https:\/\/ohme-ev.com\/fr\/wp-content\/uploads\/sites\/9\/2024\/02\/mokka-lifestyle-crop-300x233.jpg 300w, https:\/\/ohme-ev.com\/fr\/wp-content\/uploads\/sites\/9\/2024\/02\/mokka-lifestyle-crop-1024x795.jpg 1024w, https:\/\/ohme-ev.com\/fr\/wp-content\/uploads\/sites\/9\/2024\/02\/mokka-lifestyle-crop-768x596.jpg 768w, https:\/\/ohme-ev.com\/fr\/wp-content\/uploads\/sites\/9\/2024\/02\/mokka-lifestyle-crop-237x184.jpg 237w, https:\/\/ohme-ev.com\/fr\/wp-content\/uploads\/sites\/9\/2024\/02\/mokka-lifestyle-crop-312x242.jpg 312w\" sizes=\"auto, (max-width: 1244px) 100vw, 1244px\" \/>                    <div class=\"content\">\n                        <div class=\"date\">\n                                                        <p class=\"type\">Press<\/p>\n                                                        February 2 2024                        <\/div>\n                        <h4 class=\"title\">La technologie Ohme de pilotage intelligent de la recharge pour v\u00e9hicule \u00e9lectrique maintenant disponible en France<\/h4>\n                        <div class=\"link\" href=\"https:\/\/ohme-ev.com\/fr\/espace-presse\/borne-de-recharge-ohme-epod-s-maintenant-disponible-redirectdisable\/\">Lire<\/div>\n                    <\/div>\n                <\/div>\n            <\/a>\n                    <\/div>\n        <div class=\"pagination\">\n    <div class=\"items\">\n        <p>Page 1 sur 1<\/p>    <\/div>\n<\/div>        \n    <\/div>\n<\/div>","protected":false},"excerpt":{"rendered":"","protected":false},"author":1,"featured_media":0,"parent":0,"menu_order":0,"comment_status":"closed","ping_status":"closed","template":"","meta":{"_acf_changed":true,"_helpful_status":1,"footnotes":""},"partner":[],"class_list":["post-2674","page","type-page","status-publish","hentry"],"acf":[],"yoast_head":"<!-- This site is optimized with the Yoast SEO Premium plugin v27.3 (Yoast SEO v27.3) - https:\/\/yoast.com\/product\/yoast-seo-premium-wordpress\/ -->\n<title>Espace presse - Ohme EV France<\/title>\n<meta name=\"description\" content=\"Lancement de Ohme en France, partenariat Yesss Electrique etc... Retrouvez l&#039;ensemble de nos communiqu\u00e9s de presse en ligne.\" \/>\n<meta name=\"robots\" content=\"index, follow, max-snippet:-1, max-image-preview:large, max-video-preview:-1\" \/>\n<link rel=\"canonical\" href=\"https:\/\/ohme-ev.com\/fr\/espace-presse\/\" \/>\n<meta property=\"og:locale\" content=\"fr_FR\" \/>\n<meta property=\"og:type\" content=\"article\" \/>\n<meta property=\"og:title\" content=\"News and press\" \/>\n<meta property=\"og:description\" content=\"Lancement de Ohme en France, partenariat Yesss Electrique etc... Retrouvez l&#039;ensemble de nos communiqu\u00e9s de presse en ligne.\" \/>\n<meta property=\"og:url\" content=\"https:\/\/ohme-ev.com\/fr\/espace-presse\/\" \/>\n<meta property=\"og:site_name\" content=\"Ohme EV France\" \/>\n<meta property=\"article:publisher\" content=\"https:\/\/www.facebook.com\/OhmeEV\/\" \/>\n<meta property=\"article:modified_time\" content=\"2024-07-01T14:06:16+00:00\" \/>\n<meta name=\"twitter:card\" content=\"summary_large_image\" \/>\n<meta name=\"twitter:site\" content=\"@ohmeev\" \/>\n<script type=\"application\/ld+json\" class=\"yoast-schema-graph\">{\"@context\":\"https:\\\/\\\/schema.org\",\"@graph\":[{\"@type\":\"WebPage\",\"@id\":\"https:\\\/\\\/ohme-ev.com\\\/fr\\\/espace-presse\\\/\",\"url\":\"https:\\\/\\\/ohme-ev.com\\\/fr\\\/espace-presse\\\/\",\"name\":\"Espace presse - Ohme EV France\",\"isPartOf\":{\"@id\":\"https:\\\/\\\/ohme-ev.com\\\/fr\\\/#website\"},\"datePublished\":\"2023-06-26T12:03:53+00:00\",\"dateModified\":\"2024-07-01T14:06:16+00:00\",\"description\":\"Lancement de Ohme en France, partenariat Yesss Electrique etc... Retrouvez l'ensemble de nos communiqu\u00e9s de presse en ligne.\",\"breadcrumb\":{\"@id\":\"https:\\\/\\\/ohme-ev.com\\\/fr\\\/espace-presse\\\/#breadcrumb\"},\"inLanguage\":\"fr-fr\",\"potentialAction\":[{\"@type\":\"ReadAction\",\"target\":[\"https:\\\/\\\/ohme-ev.com\\\/fr\\\/espace-presse\\\/\"]}]},{\"@type\":\"BreadcrumbList\",\"@id\":\"https:\\\/\\\/ohme-ev.com\\\/fr\\\/espace-presse\\\/#breadcrumb\",\"itemListElement\":[{\"@type\":\"ListItem\",\"position\":1,\"name\":\"Home\",\"item\":\"https:\\\/\\\/ohme-ev.com\\\/fr\\\/\"},{\"@type\":\"ListItem\",\"position\":2,\"name\":\"News and press\"}]},{\"@type\":\"WebSite\",\"@id\":\"https:\\\/\\\/ohme-ev.com\\\/fr\\\/#website\",\"url\":\"https:\\\/\\\/ohme-ev.com\\\/fr\\\/\",\"name\":\"Ohme EV France\",\"description\":\"Ohme - EV Smart Charging Solutions\",\"potentialAction\":[{\"@type\":\"SearchAction\",\"target\":{\"@type\":\"EntryPoint\",\"urlTemplate\":\"https:\\\/\\\/ohme-ev.com\\\/fr\\\/?s={search_term_string}\"},\"query-input\":{\"@type\":\"PropertyValueSpecification\",\"valueRequired\":true,\"valueName\":\"search_term_string\"}}],\"inLanguage\":\"fr-fr\"}]}<\/script>\n<!-- \/ Yoast SEO Premium plugin. -->","yoast_head_json":{"title":"Espace presse - Ohme EV France","description":"Lancement de Ohme en France, partenariat Yesss Electrique etc... Retrouvez l'ensemble de nos communiqu\u00e9s de presse en ligne.","robots":{"index":"index","follow":"follow","max-snippet":"max-snippet:-1","max-image-preview":"max-image-preview:large","max-video-preview":"max-video-preview:-1"},"canonical":"https:\/\/ohme-ev.com\/fr\/espace-presse\/","og_locale":"fr_FR","og_type":"article","og_title":"News and press","og_description":"Lancement de Ohme en France, partenariat Yesss Electrique etc... Retrouvez l'ensemble de nos communiqu\u00e9s de presse en ligne.","og_url":"https:\/\/ohme-ev.com\/fr\/espace-presse\/","og_site_name":"Ohme EV France","article_publisher":"https:\/\/www.facebook.com\/OhmeEV\/","article_modified_time":"2024-07-01T14:06:16+00:00","twitter_card":"summary_large_image","twitter_site":"@ohmeev","schema":{"@context":"https:\/\/schema.org","@graph":[{"@type":"WebPage","@id":"https:\/\/ohme-ev.com\/fr\/espace-presse\/","url":"https:\/\/ohme-ev.com\/fr\/espace-presse\/","name":"Espace presse - Ohme EV France","isPartOf":{"@id":"https:\/\/ohme-ev.com\/fr\/#website"},"datePublished":"2023-06-26T12:03:53+00:00","dateModified":"2024-07-01T14:06:16+00:00","description":"Lancement de Ohme en France, partenariat Yesss Electrique etc... Retrouvez l'ensemble de nos communiqu\u00e9s de presse en ligne.","breadcrumb":{"@id":"https:\/\/ohme-ev.com\/fr\/espace-presse\/#breadcrumb"},"inLanguage":"fr-fr","potentialAction":[{"@type":"ReadAction","target":["https:\/\/ohme-ev.com\/fr\/espace-presse\/"]}]},{"@type":"BreadcrumbList","@id":"https:\/\/ohme-ev.com\/fr\/espace-presse\/#breadcrumb","itemListElement":[{"@type":"ListItem","position":1,"name":"Home","item":"https:\/\/ohme-ev.com\/fr\/"},{"@type":"ListItem","position":2,"name":"News and press"}]},{"@type":"WebSite","@id":"https:\/\/ohme-ev.com\/fr\/#website","url":"https:\/\/ohme-ev.com\/fr\/","name":"Ohme EV France","description":"Ohme - EV Smart Charging Solutions","potentialAction":[{"@type":"SearchAction","target":{"@type":"EntryPoint","urlTemplate":"https:\/\/ohme-ev.com\/fr\/?s={search_term_string}"},"query-input":{"@type":"PropertyValueSpecification","valueRequired":true,"valueName":"search_term_string"}}],"inLanguage":"fr-fr"}]}},"_links":{"self":[{"href":"https:\/\/ohme-ev.com\/fr\/wp-json\/wp\/v2\/pages\/2674","targetHints":{"allow":["GET"]}}],"collection":[{"href":"https:\/\/ohme-ev.com\/fr\/wp-json\/wp\/v2\/pages"}],"about":[{"href":"https:\/\/ohme-ev.com\/fr\/wp-json\/wp\/v2\/types\/page"}],"author":[{"embeddable":true,"href":"https:\/\/ohme-ev.com\/fr\/wp-json\/wp\/v2\/users\/1"}],"replies":[{"embeddable":true,"href":"https:\/\/ohme-ev.com\/fr\/wp-json\/wp\/v2\/comments?post=2674"}],"version-history":[{"count":0,"href":"https:\/\/ohme-ev.com\/fr\/wp-json\/wp\/v2\/pages\/2674\/revisions"}],"wp:attachment":[{"href":"https:\/\/ohme-ev.com\/fr\/wp-json\/wp\/v2\/media?parent=2674"}],"wp:term":[{"taxonomy":"partner","embeddable":true,"href":"https:\/\/ohme-ev.com\/fr\/wp-json\/wp\/v2\/partner?post=2674"}],"curies":[{"name":"wp","href":"https:\/\/api.w.org\/{rel}","templated":true}]}}