{"id":2201,"date":"2023-06-26T08:46:21","date_gmt":"2023-06-26T08:46:21","guid":{"rendered":"https:\/\/ohme-cs-dev.local\/?page_id=5"},"modified":"2026-03-23T15:47:40","modified_gmt":"2026-03-23T15:47:40","slug":"home","status":"publish","type":"page","link":"https:\/\/ohme-ev.com\/fr\/","title":{"rendered":"Home"},"content":{"rendered":"\n<div class=\"fullscreen-hero gradient-enabled gradient-vertical\">\n    <!-- Desktop Media -->\n            <picture>\n            <source media=\"(orientation: portrait) and (max-width: 767px)\" srcset=\"https:\/\/ohme-ev.com\/fr\/wp-content\/uploads\/sites\/9\/2025\/09\/Homepage-FR-Mobile1x-1.webp 300w,\n            https:\/\/ohme-ev.com\/fr\/wp-content\/uploads\/sites\/9\/2025\/09\/Homepage-FR-Mobile1x-1.webp 400w,\n            https:\/\/ohme-ev.com\/fr\/wp-content\/uploads\/sites\/9\/2025\/09\/Homepage-FR-Mobile1x-1.webp 480w,\n            https:\/\/ohme-ev.com\/fr\/wp-content\/uploads\/sites\/9\/2025\/09\/Homepage-FR-Mobile1x-1.webp 600w,\n            https:\/\/ohme-ev.com\/fr\/wp-content\/uploads\/sites\/9\/2025\/09\/Homepage-FR-Mobile1x-1.webp 720w,\n            \" sizes=\"(max-width: 399px) 100vw, calc(100vw - 40px)\" \/>\n            <source media=\"(orientation: landscape) and (min-width: 768px)\" srcset=\"https:\/\/ohme-ev.com\/fr\/wp-content\/uploads\/sites\/9\/2025\/09\/Homepage-FR-Desktop1x-1.webp 740w,\n            https:\/\/ohme-ev.com\/fr\/wp-content\/uploads\/sites\/9\/2025\/09\/Homepage-FR-Desktop1x-1.webp 1024w,\n            https:\/\/ohme-ev.com\/fr\/wp-content\/uploads\/sites\/9\/2025\/09\/Homepage-FR-Desktop1x-1.webp 1240w,\n            https:\/\/ohme-ev.com\/fr\/wp-content\/uploads\/sites\/9\/2025\/09\/Homepage-FR-Desktop1x-1.webp 1590w,\n            https:\/\/ohme-ev.com\/fr\/wp-content\/uploads\/sites\/9\/2025\/09\/Homepage-FR-Desktop1x-1.webp 1680w,\n            https:\/\/ohme-ev.com\/fr\/wp-content\/uploads\/sites\/9\/2025\/09\/Homepage-FR-Desktop1x-1.webp 1880w,\n            https:\/\/ohme-ev.com\/fr\/wp-content\/uploads\/sites\/9\/2025\/09\/Homepage-FR-Desktop1x-1.webp 2000w,\n            https:\/\/ohme-ev.com\/fr\/wp-content\/uploads\/sites\/9\/2025\/09\/Homepage-FR-Desktop1x-1.webp 3000w\n            \" sizes=\"calc(100vw - 40px)\" \/>\n            <img decoding=\"async\" class=\"responsive-image\" src=\"https:\/\/ohme-ev.com\/fr\/wp-content\/uploads\/sites\/9\/2025\/09\/Homepage-FR-Desktop1x-1.webp\" alt=\"\"\/>\n        <\/picture>\n    \n\n    \n    <div class=\"content-container\">\n        <div class=\"wrapper threeColumnWrapper\">\n                            <h1>La recharge de demain<\/h1>\n            \n            <p class=\"hero-subtitle\">Des solutions de recharge \u00e0 domicile pour v\u00e9hicules \u00e9lectriques : intelligentes, simples et \u00e9conomiques. Tout-en-un.<\/p>\n\n            \n            <a href=\"https:\/\/survey.ohme-ev.com\/survey\/direct?partnerId=60c9abdd-d5ce-4a5a-97e0-fbdda63d9886&#038;journeyId=51f543e9-9006-48e3-ba62-0422acd0a96d&#038;region=fr\" target=\"_blank\" rel=\"noopener\">\n            <button class=\"ohme-btn survey primary button\" title=\"\">Demander un devis<\/button>\n        <\/a>\n\n    \n            \n            \n                    <\/div>\n    <\/div>\n\n    <!-- Scroll Animation -->\n                    <div class=\"scroll-animation-container\" style=\"width:60px; height:60px;\">\n            <lottie-player\n                    src=\"https:\/\/ohme-ev.com\/fr\/wp-content\/uploads\/sites\/9\/2025\/09\/Ohme_ScrollAnimation2-1.json\"\n                    background=\"rgba(255,255,255,0)\"\n                    speed=\"1\"\n                    style=\"width: 60px; height: 60px;\"\n                loop                autoplay            ><\/lottie-player>\n        <\/div>\n    <\/div>\n\n<div id=\"\" class=\"blockWrapper top-default bottom-default   \">\n\n<div class=\"old-standalone-tiles blockWrapper\">\n    <div class=\"contentWrapper\">\n        <h2>Pourquoi choisir Ohme ?<\/h2>\n                <div class=\"tiles-wrapper\">\n            <div class=\"tiles\">\n                                                            <a href=\"https:\/\/ohme-ev.com\/fr\/comment-fonctionnent-nos-bornes\/\">\n                                        <div class=\"tile custom\">\n                        <img loading=\"lazy\" decoding=\"async\" width=\"276\" height=\"184\" src=\"https:\/\/ohme-ev.com\/fr\/wp-content\/uploads\/sites\/9\/2024\/10\/A7501746-Edited-1-1-276x184.webp\" class=\"attachment-tile_hero size-tile_hero\" alt=\"Technologie intelligente\" srcset=\"https:\/\/ohme-ev.com\/fr\/wp-content\/uploads\/sites\/9\/2024\/10\/A7501746-Edited-1-1-276x184.webp 276w, https:\/\/ohme-ev.com\/fr\/wp-content\/uploads\/sites\/9\/2024\/10\/A7501746-Edited-1-1-300x200.webp 300w, https:\/\/ohme-ev.com\/fr\/wp-content\/uploads\/sites\/9\/2024\/10\/A7501746-Edited-1-1-768x512.webp 768w, https:\/\/ohme-ev.com\/fr\/wp-content\/uploads\/sites\/9\/2024\/10\/A7501746-Edited-1-1-340x227.webp 340w, https:\/\/ohme-ev.com\/fr\/wp-content\/uploads\/sites\/9\/2024\/10\/A7501746-Edited-1-1.webp 800w\" sizes=\"auto, (max-width: 276px) 100vw, 276px\" \/>                        <div class=\"content\">\n                            <h3 class=\"title\">Technologie intelligente<\/h3>\n                            <p>Nos solutions de recharge s&#8217;adaptent \u00e0 vos tarifs \u00e9nerg\u00e9tiques, \u00e0 la consommation d&#8217;\u00e9nergie de votre foyer en temps r\u00e9el et \u00e0 vos pr\u00e9f\u00e9rences de charge.<\/p>\n                                                            <div class=\"link\">En savoir plus sur nos bornes<\/div>\n                                                    <\/div>\n                    <\/div>\n                                            <\/a>\n                                                                                <a href=\"https:\/\/ohme-ev.com\/fr\/comment-se-deroule-linstallation\/\">\n                                        <div class=\"tile custom\">\n                        <img loading=\"lazy\" decoding=\"async\" width=\"254\" height=\"184\" src=\"https:\/\/ohme-ev.com\/fr\/wp-content\/uploads\/sites\/9\/2024\/02\/3-image-module_Mia-phone_master-622x450-1-254x184.webp\" class=\"attachment-tile_hero size-tile_hero\" alt=\"Accompagnement sur-mesure\" srcset=\"https:\/\/ohme-ev.com\/fr\/wp-content\/uploads\/sites\/9\/2024\/02\/3-image-module_Mia-phone_master-622x450-1-254x184.webp 254w, https:\/\/ohme-ev.com\/fr\/wp-content\/uploads\/sites\/9\/2024\/02\/3-image-module_Mia-phone_master-622x450-1-300x217.webp 300w, https:\/\/ohme-ev.com\/fr\/wp-content\/uploads\/sites\/9\/2024\/02\/3-image-module_Mia-phone_master-622x450-1-334x242.webp 334w, https:\/\/ohme-ev.com\/fr\/wp-content\/uploads\/sites\/9\/2024\/02\/3-image-module_Mia-phone_master-622x450-1.webp 622w\" sizes=\"auto, (max-width: 254px) 100vw, 254px\" \/>                        <div class=\"content\">\n                            <h3 class=\"title\">Accompagnement sur-mesure<\/h3>\n                            <p>Nos \u00e9quipes vous accompagnent \u00e0 chaque \u00e9tape de votre projet, notre service client est disponible \u00e0 tout moment pour vous garantir une exp\u00e9rience de recharge optimale.<\/p>\n                                                            <div class=\"link\">En savoir plus sur l&#8217;installation<\/div>\n                                                    <\/div>\n                    <\/div>\n                                            <\/a>\n                                                                                <a href=\"https:\/\/ohme-ev.com\/fr\/decouvrez-lapplication-ohme\/\">\n                                        <div class=\"tile custom\">\n                        <img loading=\"lazy\" decoding=\"async\" width=\"312\" height=\"184\" src=\"https:\/\/ohme-ev.com\/fr\/wp-content\/uploads\/sites\/9\/2025\/03\/multicar-fr-1-312x184.webp\" class=\"attachment-tile_hero size-tile_hero\" alt=\"Facile d&#039;utilisation\" srcset=\"https:\/\/ohme-ev.com\/fr\/wp-content\/uploads\/sites\/9\/2025\/03\/multicar-fr-1-312x184.webp 312w, https:\/\/ohme-ev.com\/fr\/wp-content\/uploads\/sites\/9\/2025\/03\/multicar-fr-1-300x177.webp 300w, https:\/\/ohme-ev.com\/fr\/wp-content\/uploads\/sites\/9\/2025\/03\/multicar-fr-1-1024x605.webp 1024w, https:\/\/ohme-ev.com\/fr\/wp-content\/uploads\/sites\/9\/2025\/03\/multicar-fr-1-768x453.webp 768w, https:\/\/ohme-ev.com\/fr\/wp-content\/uploads\/sites\/9\/2025\/03\/multicar-fr-1-340x201.webp 340w, https:\/\/ohme-ev.com\/fr\/wp-content\/uploads\/sites\/9\/2025\/03\/multicar-fr-1.webp 1338w\" sizes=\"auto, (max-width: 312px) 100vw, 312px\" \/>                        <div class=\"content\">\n                            <h3 class=\"title\">Facile d&#8217;utilisation<\/h3>\n                            <p>Programmez vos cycles de recharge, interrompez une session \u00e0 tout moment ou passez d&#8217;un v\u00e9hicule \u00e0 un autre depuis votre application smartphone d\u00e9di\u00e9e.<\/p>\n                                                            <div class=\"link\">En savoir plus sur notre application<\/div>\n                                                    <\/div>\n                    <\/div>\n                                            <\/a>\n                                                    <div class=\"backdrop  \"><\/div>\n            <\/div>\n            \n        <\/div>\n    <\/div>\n<\/div>\n\n<\/div>\n\n<div id=\"\" class=\"blockWrapper top-default bottom-default   \">\n\n\n<div class=\" keyStatsBlock\">\n  <div class=\"contentWrapper stats\">\n    <h3 class=\"title\">Ohme, leader de la recharge \u00e0 domicile en Europe.<\/h3>\n    <div class=\"statsContainer\">\n                <div class=\"statWrapper\">\n            <h1 class=\"stat\">4,7 \u2605 <\/h1>\n            <p class=\"copy\">notre TrustScore calcul\u00e9 sur l&#8217;ensemble de nos avis.<\/p>\n          <\/div>\n\n                <div class=\"statWrapper\">\n            <h1 class=\"stat\">+ 13 000 <\/h1>\n            <p class=\"copy\">retours d&#8217;exp\u00e9rience recueillis aupr\u00e8s de nos clients sur Trustpilot.<\/p>\n          <\/div>\n\n                <div class=\"statWrapper\">\n            <h1 class=\"stat\">+ 84% <\/h1>\n            <p class=\"copy\">nous attribuent la note de 5\u2605.<\/p>\n          <\/div>\n\n          <\/div>\n  <\/div>\n<\/div>\n<\/div>\n\n<div id=\"\" class=\"blockWrapper top-default bottom-default   \">\n\n\n<div class=\"contentWrapper textImageLeft  image\">\n            <div class=\"imageContainer\">\n            <img decoding=\"async\" loading=\"lazy\" src=\"https:\/\/ohme-ev.com\/fr\/wp-content\/uploads\/sites\/9\/2024\/02\/50x50_ePod-S-Go-products-dark-background_master-V2.webp\" alt=\"\"\/>\n        <\/div>\n\n        <div class=\"textContainer\">\n        <h3 class=\"title\">D\u00e9couvrez nos solutions de recharge intelligente<\/h3>\n        <h4 class=\"subtitle regular\">Recharger votre voiture \u00e0 la maison devient un jeu d\u2019enfant. <\/h4>\n        <div class=\"text\"><ul>\n<li>\n<div><span lang=\"FR\">Rechargez plus rapidement qu\u2019avec une prise domestique.<\/span><\/div>\n<\/li>\n<li>\n<div><span lang=\"FR\">Un design compact et minimaliste.<\/span><\/div>\n<\/li>\n<li>\n<div><span lang=\"FR\">Contr\u00f4le sur mesure des sessions de recharge via l\u2019application smartphone Ohme.<\/span><\/div>\n<\/li>\n<li>\n<div><span lang=\"FR\">Conforme aux r\u00e9glementations europ\u00e9ennes en vigueur pour une tranquillit\u00e9 d\u2019esprit totale.<\/span><\/div>\n<\/li>\n<\/ul>\n<\/div>\n        <div class=\"buttonsContainer\">\n            \n            <a href=\"https:\/\/ohme-ev.com\/fr\/nos-bornes-de-recharge\/\" target=\"_self\" >\n            <button class=\"ohme-btn primary button\" title=\"\">D\u00e9couvrir nos produits<\/button>\n        <\/a>\n            <\/div>\n            <\/div>\n<\/div>\n<\/div>\n\n<div id=\"\" class=\"blockWrapper top-default bottom-default   \">\n\n<div class=\"old-standalone-tiles blockWrapper\">\n    <div class=\"contentWrapper\">\n        <h2>Solutions pour les professionnels<\/h2>\n                <div class=\"tiles-wrapper\">\n            <div class=\"tiles\">\n                                                            <a href=\"https:\/\/ohme-ev.com\/fr\/nos-partenariats\/\">\n                                        <div class=\"tile custom\">\n                        <img loading=\"lazy\" decoding=\"async\" width=\"307\" height=\"184\" src=\"https:\/\/ohme-ev.com\/fr\/wp-content\/uploads\/sites\/9\/2023\/08\/3-image-module_plug-close_master.jpg\" class=\"attachment-tile_hero size-tile_hero\" alt=\"Nos partenariats\" srcset=\"https:\/\/ohme-ev.com\/fr\/wp-content\/uploads\/sites\/9\/2023\/08\/3-image-module_plug-close_master.jpg 680w, https:\/\/ohme-ev.com\/fr\/wp-content\/uploads\/sites\/9\/2023\/08\/3-image-module_plug-close_master-300x180.jpg 300w\" sizes=\"auto, (max-width: 307px) 100vw, 307px\" \/>                        <div class=\"content\">\n                            <h3 class=\"title\">Nos partenariats<\/h3>\n                            <p>Certaines des plus grandes entreprises nous font confiance : que vous soyez un constructeur automobile, un fournisseur d\u2019\u00e9nergie ou un promoteur immobilier, nous avons une solution pour vous.<\/p>\n                                                            <div class=\"link\">En savoir plus<\/div>\n                                                    <\/div>\n                    <\/div>\n                                            <\/a>\n                                                                                <a href=\"https:\/\/ohme-ev.com\/fr\/devenez-un-installateur-certifie\/\">\n                                        <div class=\"tile custom\">\n                        <img loading=\"lazy\" decoding=\"async\" width=\"307\" height=\"184\" src=\"https:\/\/ohme-ev.com\/fr\/wp-content\/uploads\/sites\/9\/2023\/08\/Card-header_tool-box_master.jpg\" class=\"attachment-tile_hero size-tile_hero\" alt=\"Installateurs\" srcset=\"https:\/\/ohme-ev.com\/fr\/wp-content\/uploads\/sites\/9\/2023\/08\/Card-header_tool-box_master.jpg 680w, https:\/\/ohme-ev.com\/fr\/wp-content\/uploads\/sites\/9\/2023\/08\/Card-header_tool-box_master-300x180.jpg 300w\" sizes=\"auto, (max-width: 307px) 100vw, 307px\" \/>                        <div class=\"content\">\n                            <h3 class=\"title\">Installateurs<\/h3>\n                            <p>Pr\u00eat \u00e0 nous rejoindre ? Nous recherchons les meilleurs installateurs pour nous \u00e9pauler dans la transition vers la mobilit\u00e9 \u00e9lectrique. Ensemble, devenons la force motrice dont la plan\u00e8te a besoin.<\/p>\n                                                            <div class=\"link\">En savoir plus<\/div>\n                                                    <\/div>\n                    <\/div>\n                                            <\/a>\n                                                                                <a href=\"https:\/\/ohme-ev.com\/fr\/gestion-de-flotte\/\">\n                                        <div class=\"tile custom\">\n                        <img loading=\"lazy\" decoding=\"async\" width=\"254\" height=\"184\" src=\"https:\/\/ohme-ev.com\/fr\/wp-content\/uploads\/sites\/9\/2024\/02\/portal-laptop-254x184.webp\" class=\"attachment-tile_hero size-tile_hero\" alt=\"Plateforme de gestion de flotte\" srcset=\"https:\/\/ohme-ev.com\/fr\/wp-content\/uploads\/sites\/9\/2024\/02\/portal-laptop-254x184.webp 254w, https:\/\/ohme-ev.com\/fr\/wp-content\/uploads\/sites\/9\/2024\/02\/portal-laptop-300x217.webp 300w, https:\/\/ohme-ev.com\/fr\/wp-content\/uploads\/sites\/9\/2024\/02\/portal-laptop-334x242.webp 334w, https:\/\/ohme-ev.com\/fr\/wp-content\/uploads\/sites\/9\/2024\/02\/portal-laptop.webp 680w\" sizes=\"auto, (max-width: 254px) 100vw, 254px\" \/>                        <div class=\"content\">\n                            <h3 class=\"title\">Plateforme de gestion de flotte<\/h3>\n                            <p>Solution de recharge cl\u00e9 en main, leader du secteur, offrant aux gestionnaires de flotte un contr\u00f4le total de leurs v\u00e9hicules \u00e9lectriques.<\/p>\n                                                            <div class=\"link\">En savoir plus<\/div>\n                                                    <\/div>\n                    <\/div>\n                                            <\/a>\n                                                    <div class=\"backdrop  \"><\/div>\n            <\/div>\n            \n        <\/div>\n    <\/div>\n<\/div>\n\n<\/div>\n\n<div id=\"\" class=\"blockWrapper top-default bottom-default   \">\n\n<div class=\"awardsWrapper\">\n    <div class=\"awards contentWrapper\">\n                    <h3>Nos certifications<\/h3>\n        \n        \n        <div class=\"awardsContainer\">\n            <div class=\"awards-carousel\">\n                                                                                    <div class=\"awardWrapper\">\n                            <div class=\"award-wrapper-inner\">\n                                <div class=\"imgContainer\">\n                                    <img decoding=\"async\" width=\"146\" height=\"43\" src=\"https:\/\/ohme-ev.com\/fr\/wp-content\/uploads\/sites\/9\/2024\/05\/ADVENIR-e1714985056601.png\" class=\"attachment-full size-full\" alt=\"\" loading=\"lazy\" \/>                                <\/div>\n                                <div class=\"awardInfo\">\n                                                                            <p class=\"awardName\">R\u00e9f\u00e9renc\u00e9 conforme &#8211; \u00e9ligible \u00e0 la Prime <\/p>\n                                                                        <div class=\"awardLine\"><\/div>\n                                                                            <p class=\"awardBody\">Conformit\u00e9 aux exigences Advenir, r\u00e9glementations et normes de s\u00e9curit\u00e9 \u00e9lectriques en vigueur<\/p>\n                                                                    <\/div>\n                            <\/div>\n\n                        <\/div>\n                                                                    <div class=\"awardWrapper\">\n                            <div class=\"award-wrapper-inner\">\n                                <div class=\"imgContainer\">\n                                    <img decoding=\"async\" width=\"1024\" height=\"269\" src=\"https:\/\/ohme-ev.com\/fr\/wp-content\/uploads\/sites\/9\/2025\/10\/TUEV-Rheinland-Logo1.svg.webp\" class=\"attachment-full size-full\" alt=\"\" loading=\"lazy\" srcset=\"https:\/\/ohme-ev.com\/fr\/wp-content\/uploads\/sites\/9\/2025\/10\/TUEV-Rheinland-Logo1.svg.webp 1024w, https:\/\/ohme-ev.com\/fr\/wp-content\/uploads\/sites\/9\/2025\/10\/TUEV-Rheinland-Logo1.svg-300x79.webp 300w, https:\/\/ohme-ev.com\/fr\/wp-content\/uploads\/sites\/9\/2025\/10\/TUEV-Rheinland-Logo1.svg-768x202.webp 768w, https:\/\/ohme-ev.com\/fr\/wp-content\/uploads\/sites\/9\/2025\/10\/TUEV-Rheinland-Logo1.svg-340x89.webp 340w\" sizes=\"auto, (max-width: 1024px) 100vw, 1024px\" \/>                                <\/div>\n                                <div class=\"awardInfo\">\n                                                                            <p class=\"awardName\">ISO 9001, ISO 2700<\/p>\n                                                                        <div class=\"awardLine\"><\/div>\n                                                                            <p class=\"awardBody\">Conformit\u00e9 aux normes europ\u00e9ennes en vigueur<\/p>\n                                                                    <\/div>\n                            <\/div>\n\n                        <\/div>\n                                                <\/div>\n        <\/div>\n    <\/div>\n<\/div>\n\n<\/div>\n\n\n<div style=\"height:100px\" aria-hidden=\"true\" class=\"wp-block-spacer\"><\/div>\n\n\n\n    <div class=\"trustpilot-container\">\n\n        <div class=\"trustpilot-widget\" data-locale=\"fr-FR\" data-template-id=\"53aa8912dec7e10d38f59f36\" data-businessunit-id=\"5d3237d97eea3b0001c71608\" data-style-height=\"140px\" data-style-width=\"100%\" data-stars=\"4, 5\" data-review-languages=\"fr\">\n            <a href=\"https:\/\/fr.trustpilot.com\/review\/www.ohme-ev.com\" target=\"_blank\" rel=\"noopener\">Trustpilot<\/a>\n        <\/div>\n    <\/div>\n\n\n\n\n<div style=\"height:100px\" aria-hidden=\"true\" class=\"wp-block-spacer\"><\/div>\n\n\n\n<p><\/p>\n","protected":false},"excerpt":{"rendered":"","protected":false},"author":1,"featured_media":0,"parent":0,"menu_order":0,"comment_status":"closed","ping_status":"closed","template":"","meta":{"_acf_changed":false,"_helpful_status":1,"footnotes":""},"partner":[],"class_list":["post-2201","page","type-page","status-publish","hentry"],"acf":[],"yoast_head":"<!-- This site is optimized with the Yoast SEO Premium plugin v27.4 (Yoast SEO v27.4) - https:\/\/yoast.com\/product\/yoast-seo-premium-wordpress\/ -->\n<title>Bornes de recharge \u00e0 domicile pour v\u00e9hicules \u00e9lectriques - Ohme EV France<\/title>\n<meta name=\"description\" content=\"Ohme, des solutions de recharge intelligente, simple et \u00e9conomique pour recharger votre v\u00e9hicule \u00e9lectrique \u00e0 domicile.\" \/>\n<meta name=\"robots\" content=\"index, follow, max-snippet:-1, max-image-preview:large, max-video-preview:-1\" \/>\n<link rel=\"canonical\" href=\"https:\/\/ohme-ev.com\/fr\/\" \/>\n<meta property=\"og:locale\" content=\"fr_FR\" \/>\n<meta property=\"og:type\" content=\"article\" \/>\n<meta property=\"og:title\" content=\"Home\" \/>\n<meta property=\"og:description\" content=\"Ohme, des solutions de recharge intelligente, simple et \u00e9conomique pour recharger votre v\u00e9hicule \u00e9lectrique \u00e0 domicile.\" \/>\n<meta property=\"og:url\" content=\"https:\/\/ohme-ev.com\/fr\/\" \/>\n<meta property=\"og:site_name\" content=\"Ohme EV France\" \/>\n<meta property=\"article:publisher\" content=\"https:\/\/www.facebook.com\/OhmeEV\/\" \/>\n<meta property=\"article:modified_time\" content=\"2026-03-23T15:47:40+00:00\" \/>\n<meta name=\"twitter:card\" content=\"summary_large_image\" \/>\n<meta name=\"twitter:site\" content=\"@ohmeev\" \/>\n<script type=\"application\/ld+json\" class=\"yoast-schema-graph\">{\"@context\":\"https:\\\/\\\/schema.org\",\"@graph\":[{\"@type\":\"WebPage\",\"@id\":\"https:\\\/\\\/ohme-ev.com\\\/fr\\\/\",\"url\":\"https:\\\/\\\/ohme-ev.com\\\/fr\\\/\",\"name\":\"Bornes de recharge \u00e0 domicile pour v\u00e9hicules \u00e9lectriques - Ohme EV France\",\"isPartOf\":{\"@id\":\"https:\\\/\\\/ohme-ev.com\\\/fr\\\/#website\"},\"datePublished\":\"2023-06-26T08:46:21+00:00\",\"dateModified\":\"2026-03-23T15:47:40+00:00\",\"description\":\"Ohme, des solutions de recharge intelligente, simple et \u00e9conomique pour recharger votre v\u00e9hicule \u00e9lectrique \u00e0 domicile.\",\"breadcrumb\":{\"@id\":\"https:\\\/\\\/ohme-ev.com\\\/fr\\\/#breadcrumb\"},\"inLanguage\":\"fr-fr\",\"potentialAction\":[{\"@type\":\"ReadAction\",\"target\":[\"https:\\\/\\\/ohme-ev.com\\\/fr\\\/\"]}]},{\"@type\":\"BreadcrumbList\",\"@id\":\"https:\\\/\\\/ohme-ev.com\\\/fr\\\/#breadcrumb\",\"itemListElement\":[{\"@type\":\"ListItem\",\"position\":1,\"name\":\"Home\",\"item\":\"https:\\\/\\\/ohme-ev.com\\\/fr\\\/\"},{\"@type\":\"ListItem\",\"position\":2,\"name\":\"Home\"}]},{\"@type\":\"WebSite\",\"@id\":\"https:\\\/\\\/ohme-ev.com\\\/fr\\\/#website\",\"url\":\"https:\\\/\\\/ohme-ev.com\\\/fr\\\/\",\"name\":\"Ohme EV France\",\"description\":\"Ohme - EV Smart Charging Solutions\",\"potentialAction\":[{\"@type\":\"SearchAction\",\"target\":{\"@type\":\"EntryPoint\",\"urlTemplate\":\"https:\\\/\\\/ohme-ev.com\\\/fr\\\/?s={search_term_string}\"},\"query-input\":{\"@type\":\"PropertyValueSpecification\",\"valueRequired\":true,\"valueName\":\"search_term_string\"}}],\"inLanguage\":\"fr-fr\"}]}<\/script>\n<!-- \/ Yoast SEO Premium plugin. -->","yoast_head_json":{"title":"Bornes de recharge \u00e0 domicile pour v\u00e9hicules \u00e9lectriques - Ohme EV France","description":"Ohme, des solutions de recharge intelligente, simple et \u00e9conomique pour recharger votre v\u00e9hicule \u00e9lectrique \u00e0 domicile.","robots":{"index":"index","follow":"follow","max-snippet":"max-snippet:-1","max-image-preview":"max-image-preview:large","max-video-preview":"max-video-preview:-1"},"canonical":"https:\/\/ohme-ev.com\/fr\/","og_locale":"fr_FR","og_type":"article","og_title":"Home","og_description":"Ohme, des solutions de recharge intelligente, simple et \u00e9conomique pour recharger votre v\u00e9hicule \u00e9lectrique \u00e0 domicile.","og_url":"https:\/\/ohme-ev.com\/fr\/","og_site_name":"Ohme EV France","article_publisher":"https:\/\/www.facebook.com\/OhmeEV\/","article_modified_time":"2026-03-23T15:47:40+00:00","twitter_card":"summary_large_image","twitter_site":"@ohmeev","schema":{"@context":"https:\/\/schema.org","@graph":[{"@type":"WebPage","@id":"https:\/\/ohme-ev.com\/fr\/","url":"https:\/\/ohme-ev.com\/fr\/","name":"Bornes de recharge \u00e0 domicile pour v\u00e9hicules \u00e9lectriques - Ohme EV France","isPartOf":{"@id":"https:\/\/ohme-ev.com\/fr\/#website"},"datePublished":"2023-06-26T08:46:21+00:00","dateModified":"2026-03-23T15:47:40+00:00","description":"Ohme, des solutions de recharge intelligente, simple et \u00e9conomique pour recharger votre v\u00e9hicule \u00e9lectrique \u00e0 domicile.","breadcrumb":{"@id":"https:\/\/ohme-ev.com\/fr\/#breadcrumb"},"inLanguage":"fr-fr","potentialAction":[{"@type":"ReadAction","target":["https:\/\/ohme-ev.com\/fr\/"]}]},{"@type":"BreadcrumbList","@id":"https:\/\/ohme-ev.com\/fr\/#breadcrumb","itemListElement":[{"@type":"ListItem","position":1,"name":"Home","item":"https:\/\/ohme-ev.com\/fr\/"},{"@type":"ListItem","position":2,"name":"Home"}]},{"@type":"WebSite","@id":"https:\/\/ohme-ev.com\/fr\/#website","url":"https:\/\/ohme-ev.com\/fr\/","name":"Ohme EV France","description":"Ohme - EV Smart Charging Solutions","potentialAction":[{"@type":"SearchAction","target":{"@type":"EntryPoint","urlTemplate":"https:\/\/ohme-ev.com\/fr\/?s={search_term_string}"},"query-input":{"@type":"PropertyValueSpecification","valueRequired":true,"valueName":"search_term_string"}}],"inLanguage":"fr-fr"}]}},"_links":{"self":[{"href":"https:\/\/ohme-ev.com\/fr\/wp-json\/wp\/v2\/pages\/2201","targetHints":{"allow":["GET"]}}],"collection":[{"href":"https:\/\/ohme-ev.com\/fr\/wp-json\/wp\/v2\/pages"}],"about":[{"href":"https:\/\/ohme-ev.com\/fr\/wp-json\/wp\/v2\/types\/page"}],"author":[{"embeddable":true,"href":"https:\/\/ohme-ev.com\/fr\/wp-json\/wp\/v2\/users\/1"}],"replies":[{"embeddable":true,"href":"https:\/\/ohme-ev.com\/fr\/wp-json\/wp\/v2\/comments?post=2201"}],"version-history":[{"count":0,"href":"https:\/\/ohme-ev.com\/fr\/wp-json\/wp\/v2\/pages\/2201\/revisions"}],"wp:attachment":[{"href":"https:\/\/ohme-ev.com\/fr\/wp-json\/wp\/v2\/media?parent=2201"}],"wp:term":[{"taxonomy":"partner","embeddable":true,"href":"https:\/\/ohme-ev.com\/fr\/wp-json\/wp\/v2\/partner?post=2201"}],"curies":[{"name":"wp","href":"https:\/\/api.w.org\/{rel}","templated":true}]}}