{"id":2199,"date":"2023-06-26T12:01:21","date_gmt":"2023-06-26T12:01:21","guid":{"rendered":"https:\/\/ohme-cs-dev.local\/?page_id=40"},"modified":"2025-04-09T10:44:23","modified_gmt":"2025-04-09T10:44:23","slug":"ressources-installateurs-old","status":"publish","type":"page","link":"https:\/\/ohme-ev.com\/fr\/ressources-installateurs-old\/","title":{"rendered":"Ressources pour installateurs certifi\u00e9s Ohme"},"content":{"rendered":"<div class=\"image-text-hero with-colour\" style=\"background-color: #034048;\">\n\n    <div class=\"contentWrapper imageRight mobile-image-bottom\">\n        <div class=\"content-container\">\n            <div class=\"wrapper\">\n                                    <h1>Ressources pour nos installateurs certifi\u00e9s Ohme<\/h1>\n                \n                \n                                    <p><p>Retrouvez nos fiches produits, informations techniques et photos pour vous familiariser avec nos solutions de recharge.<\/p>\n<\/p>\n                \n                \n\n                            <\/div>\n        <\/div>\n\n        <div class=\"image-container\">\n                            <div class=\"image-wrapper\">\n                    <img decoding=\"async\" src=\"https:\/\/ohme-ev.com\/fr\/wp-content\/uploads\/sites\/9\/2023\/08\/Large-inset-header_hand-with-wires_UK.png\" alt=\"Zoom sur les mains d&#039;un \u00e9lectricien, portant des gants et un c\u00e2blage \u00e9lectrique\" \/>\n                <\/div>\n            \n                    <\/div>\n    <\/div>\n\n    <\/div>\n\n<div id=\"\" class=\"blockWrapper top-default bottom-smaller   \">\n\n<div class=\"block installer-block contentWrapper\">\n    <div class=\"titles\">\n        <h2>Ressources et aide<\/h2>\n        <h5><\/h5>\n    <\/div>\n    <div>\n        <div class=\"tabs-header\">\n                                            <div class=\"toggle-btn\" data-target=\"69f178137e0e5\">\n                    <div class=\"tickbox\"><\/div>\n                    <img loading=\"lazy\" decoding=\"async\" width=\"307\" height=\"455\" src=\"https:\/\/ohme-ev.com\/fr\/wp-content\/uploads\/sites\/9\/2023\/09\/Specs_ePod-S-cut-out_FR.png\" class=\"attachment-post-thumbnail size-post-thumbnail wp-post-image\" alt=\"\" srcset=\"https:\/\/ohme-ev.com\/fr\/wp-content\/uploads\/sites\/9\/2023\/09\/Specs_ePod-S-cut-out_FR.png 307w, https:\/\/ohme-ev.com\/fr\/wp-content\/uploads\/sites\/9\/2023\/09\/Specs_ePod-S-cut-out_FR-202x300.png 202w, https:\/\/ohme-ev.com\/fr\/wp-content\/uploads\/sites\/9\/2023\/09\/Specs_ePod-S-cut-out_FR-124x184.png 124w, https:\/\/ohme-ev.com\/fr\/wp-content\/uploads\/sites\/9\/2023\/09\/Specs_ePod-S-cut-out_FR-163x242.png 163w\" sizes=\"auto, (max-width: 307px) 100vw, 307px\" \/>                    <p>Ohme ePod S<\/p>\n                <\/div>\n                                            <div class=\"toggle-btn\" data-target=\"69f178137e5e0\">\n                    <div class=\"tickbox\"><\/div>\n                    <img loading=\"lazy\" decoding=\"async\" width=\"319\" height=\"506\" src=\"https:\/\/ohme-ev.com\/fr\/wp-content\/uploads\/sites\/9\/2024\/01\/Specs_Home-Go-cut-out_master-e1699262419902-1.png\" class=\"attachment-post-thumbnail size-post-thumbnail wp-post-image\" alt=\"\" srcset=\"https:\/\/ohme-ev.com\/fr\/wp-content\/uploads\/sites\/9\/2024\/01\/Specs_Home-Go-cut-out_master-e1699262419902-1.png 319w, https:\/\/ohme-ev.com\/fr\/wp-content\/uploads\/sites\/9\/2024\/01\/Specs_Home-Go-cut-out_master-e1699262419902-1-189x300.png 189w, https:\/\/ohme-ev.com\/fr\/wp-content\/uploads\/sites\/9\/2024\/01\/Specs_Home-Go-cut-out_master-e1699262419902-1-116x184.png 116w, https:\/\/ohme-ev.com\/fr\/wp-content\/uploads\/sites\/9\/2024\/01\/Specs_Home-Go-cut-out_master-e1699262419902-1-153x242.png 153w\" sizes=\"auto, (max-width: 319px) 100vw, 319px\" \/>                    <p>Ohme Go<\/p>\n                <\/div>\n                                <\/div>\n        <div class=\"tabs-content\">\n                                                        <div class=\"content\" id=\"69f178137e0e5\">\n                    <!-- start block wrapper top -->\n<div id=\"\" class=\"blockWrapper top-default bottom-default   \">\n<!-- end block wrapper top -->\n\n\n<!-- \/\/\/\/\/\/\/\/\/  start block  \/\/\/\/\/\/\/\/\/ -->\n\n<div class=\"block documents contentWrapper\">\n  <h6>\n    Documentation  <\/h6>\n  <hr>\n  <div class=\"files\">\n                  <a download href=\"https:\/\/ohme-ev.com\/fr\/wp-content\/uploads\/sites\/9\/2023\/07\/Ohme-ePod-S-7.4kW-Manuel-du-Produit.pdf\">\n\n        <div class=\"file\">\n          <div class=\"file__wrapper\">\n          <p class=\"file__wrapper__name\">\n            Ohme ePod S 7.4kW Manuel du Produit          <\/p>\n          <p class=\"file__wrapper__type\">\n            pdf          <\/p>\n          <\/div>\n\n        <\/div>\n      <\/a>\n\n                <a download href=\"https:\/\/ohme-ev.com\/fr\/wp-content\/uploads\/sites\/9\/2024\/08\/ePod-S-Product-Data-Sheet-FR-DIGITAL.pdf\">\n\n        <div class=\"file\">\n          <div class=\"file__wrapper\">\n          <p class=\"file__wrapper__name\">\n            Fiche produit Ohme ePod S          <\/p>\n          <p class=\"file__wrapper__type\">\n            pdf          <\/p>\n          <\/div>\n\n        <\/div>\n      <\/a>\n\n                <a download href=\"https:\/\/ohme-ev.com\/fr\/wp-content\/uploads\/sites\/9\/2023\/07\/Ohme-digital-cheat-sheet-FR-May-2024.pdf\">\n\n        <div class=\"file\">\n          <div class=\"file__wrapper\">\n          <p class=\"file__wrapper__name\">\n            Pr\u00e9sentation &#8211; Recharger avec Ohme          <\/p>\n          <p class=\"file__wrapper__type\">\n            pdf          <\/p>\n          <\/div>\n\n        <\/div>\n      <\/a>\n\n                <a download href=\"https:\/\/ohme-ev.com\/fr\/wp-content\/uploads\/sites\/9\/2024\/08\/Flyer_Ohme_A5_digital_2024.pdf\">\n\n        <div class=\"file\">\n          <div class=\"file__wrapper\">\n          <p class=\"file__wrapper__name\">\n            Flyer Ohme &#8211; Nos solutions de recharge          <\/p>\n          <p class=\"file__wrapper__type\">\n            pdf          <\/p>\n          <\/div>\n\n        <\/div>\n      <\/a>\n\n                <a download href=\"https:\/\/ohme-ev.com\/fr\/wp-content\/uploads\/sites\/9\/2023\/07\/A5-POS-leaflet-ePod-S-FR.pdf\">\n\n        <div class=\"file\">\n          <div class=\"file__wrapper\">\n          <p class=\"file__wrapper__name\">\n            Flyer Ohme &#8211; Notre borne ePod S          <\/p>\n          <p class=\"file__wrapper__type\">\n            pdf          <\/p>\n          <\/div>\n\n        <\/div>\n      <\/a>\n\n        <\/div>\n\n<\/div>\n<!-- \/\/\/\/\/\/\/\/\/  end block  \/\/\/\/\/\/\/\/\/ -->\n\n\n<!-- start block wrapper bottom -->\n<\/div><!-- end block wrapper bottom -->\n\n\n<div class=\"wp-block-group specifications\">\n    <div class=\"wp-block-group__inner-container\">\n        <h6 class=\"wp-block-heading\">Contr\u00f4le et interface<\/h6>\n        <p>Via l\u2019application smartphone<br \/>\nVia les boutons sur la borne<\/p>\n        <h6 class=\"wp-block-heading\">Connectivit\u00e9<\/h6>\n        <p>Carte SIM multi-r\u00e9seaux 3G \/ 4G<\/p>\n        <h6 class=\"wp-block-heading\">Type de prise et c\u00e2ble<\/h6>\n        <p>Mod\u00e8le fourni sans c\u00e2ble de recharge<br \/>\nC\u00e2bles de 5m et 8m disponibles en option<br \/>\nCompatible avec les v\u00e9hicules \u00e9lectriques de Type 1 et Type 2<\/p>\n        <h6 class=\"wp-block-heading\">Puissance<\/h6>\n        <p>Puissance de sortie\/courant maximal :<br \/>\n&#8211; 7,4 kW\/32A<br \/>\n&#8211; 22kW\/32A<\/p>\n<p>Alimentation nominale :<br \/>\n&#8211; 7,4kW : 230V AC, 50\/60 HZ<br \/>\n&#8211; 22kW : 230\/400V AC, 50 HZ<\/p>\n        <h6 class=\"wp-block-heading\">Dimensions &amp; poids<\/h6>\n        <p>220mm (H) x 150mm (L) x 140mm (P)<br \/>\n1.48kg (7,4 kW)<br \/>\n1.7kg (22 kW)<\/p>\n        <h6 class=\"wp-block-heading\">Technologie<\/h6>\n        <p>Recharge intelligente dynamique\u2028<br \/>\n\u00c9quilibrage de la puissance \u00e0 domicile\u2028<br \/>\nMises \u00e0 jour \u00e0 distance<br \/>\nExtraction PDF de l&#8217;historique des sessions de charge<\/p>\n        <h6 class=\"wp-block-heading\">Conformit\u00e9<\/h6>\n        <ul>\n<li>Marquage CE<\/li>\n<li>Conforme LVD, EMC, RED, RoHS, WEEE<\/li>\n<li>Conforme NF<\/li>\n<\/ul>\n        <h6 class=\"wp-block-heading\">Garantie<\/h6>\n        <p>Garantie 3 ans incluse<\/p>\n    <\/div>\n<\/div>\n                <\/div>\n                                                            <div class=\"content\" id=\"69f178137e5e0\">\n                    \n<div class=\"wp-block-group specifications\">\n    <div class=\"wp-block-group__inner-container\">\n        <h6 class=\"wp-block-heading\">Contr\u00f4le et interface<\/h6>\n        <p>Plug-and-charge uniquement<\/p>\n        <h6 class=\"wp-block-heading\">Connectivit\u00e9<\/h6>\n        <p>Carte SIM multi-r\u00e9seaux 3G \/ 4G<\/p>\n        <h6 class=\"wp-block-heading\">Type de prise et c\u00e2ble<\/h6>\n        <p>Mod\u00e8le avec c\u00e2ble de recharge int\u00e9gr\u00e9 de 5m &#8211; prise de type Schuko UE (Type 2)<br \/>\nC\u00e2ble de 8m disponible en option<\/p>\n        <h6 class=\"wp-block-heading\">Puissance<\/h6>\n        <p>Puissance de sortie\/courant maximal : 3,7 kW, 16 A<br \/>\nAlimentation nominale : 230 \u00e0 250 V<br \/>\nFr\u00e9quence : 50 Hz<\/p>\n        <h6 class=\"wp-block-heading\">Dimensions et poids<\/h6>\n        <p>238mm (H) x 90mm (L) x 55mm (P)<br \/>\n4kg<\/p>\n        <h6 class=\"wp-block-heading\">Technologie<\/h6>\n        <p>Contr\u00f4le des sessions de recharge via l\u2019application smartphone Ohme<br \/>\nFacturation partag\u00e9e (split billing)<br \/>\nPasserelle OCPP 1.6<\/p>\n        <h6 class=\"wp-block-heading\">Conformit\u00e9<\/h6>\n        <ul>\n<li>IP55<\/li>\n<li>Marquage CE<\/li>\n<li>Certifi\u00e9 TUV Rheinland<\/li>\n<\/ul>\n        <h6 class=\"wp-block-heading\">Garantie<\/h6>\n        <p>Garantie 2 ans incluse<\/p>\n    <\/div>\n<\/div>\n                <\/div>\n                                                <\/div>\n    <\/div>\n\n<\/div>\n\n<\/div>\n\n<div id=\"\" class=\"blockWrapper top-smaller bottom-smaller   \">\n\n<div class=\"info bg-white\">\n    <div class=\"contentWrapper\">\n                    <h2>\n                Documentation marketing            <\/h2>\n                <div class=\"text\">\n            <div><span lang=\"FR\">Vous trouverez ici quelques ressources pour promouvoir Ohme sur votre site internet, ainsi que des supports PDF pr\u00e9sentant nos solutions.<\/span><\/div>\n        <\/div>\n                        <div class=\"buttonsWrapper\">\n                        \n            <a href=\"https:\/\/ohme-ev.com\/fr\/wp-content\/uploads\/sites\/9\/2024\/06\/A5-POS-leaflet-FR-V4-DIGITAL-1.pdf\" download>\n            <button class=\"ohme-btn secondaryLight button download\" title=\"\">Flyer Marketing A5<\/button>\n        <\/a>\n\n                            \n            <a href=\"https:\/\/ohme-ev.com\/fr\/wp-content\/uploads\/sites\/9\/2023\/11\/ePod-S.zip\" download>\n            <button class=\"ohme-btn secondaryLight button download\" title=\"\">Pack photo ePod S<\/button>\n        <\/a>\n\n                        <\/div>\n            <\/div>\n<\/div>\n\n<\/div>\n\n<div id=\"\" class=\"blockWrapper top- bottom-   \">\n\n    <div class=\"step-by-step contentWrapper \">\n                <h3 class=\"sectionTitle\">Pourquoi opter pour Ohme ?<\/h3>\n                <div class=\"contentContainer\">\n            <div class=\"videoInfo\">\n                                    <div class=\"imageContainer\">\n                        <img decoding=\"async\" class=\"image\" src=\"https:\/\/ohme-ev.com\/fr\/wp-content\/uploads\/sites\/9\/2023\/11\/Large-rectangle_Smartphone-woman-charge_FR.webp\" alt=\"Conductrice utilisant l'application Ohme sur son smartphone pour programmer l'ePod S\"\/>\n                    <\/div>\n                            <\/div>\n            <div class=\"infoWrapper\">\n                                                <h2 class=\"title\">Offre tout-en-un<\/h2>\n                                <div><p>C&#8217;est simple, on s&#8217;occupe de tout ! Y<span lang=\"FR\">\u00a0compris de l\u2019installation, que nous garantissons s\u00e9curis\u00e9e et de qualit\u00e9 par l\u2019un de nos installateurs certifi\u00e9s Ohme.<\/span><\/p>\n<\/div>\n                            <\/div>\n        <\/div>\n    <\/div>\n\n<\/div>\n\n<div id=\"\" class=\"blockWrapper top- bottom-   \">\n\n    <div class=\"step-by-step contentWrapper \">\n                <div class=\"contentContainer\">\n            <div class=\"videoInfo\">\n                                    <div class=\"imageContainer\">\n                        <img decoding=\"async\" class=\"image\" src=\"https:\/\/ohme-ev.com\/fr\/wp-content\/uploads\/sites\/9\/2023\/11\/Large-rectangle_car-charge_FR.webp\" alt=\"Conductrice d\u00e9verrouillant sa voiture \u00e9lectrique devant chez elle\"\/>\n                    <\/div>\n                            <\/div>\n            <div class=\"infoWrapper\">\n                                                <h2 class=\"title\">Technologie s\u00e9curis\u00e9e<\/h2>\n                                <div><p>Toutes nos bornes de recharge sont conformes aux derni\u00e8res r\u00e9glementations europ\u00e9ennes en vigueur pour une tranquillit\u00e9 d\u2019esprit totale.<\/p>\n<\/div>\n                            <\/div>\n        <\/div>\n    <\/div>\n\n<\/div>\n\n<div id=\"\" class=\"blockWrapper top- bottom-   \">\n\n    <div class=\"step-by-step contentWrapper \">\n                <div class=\"contentContainer\">\n            <div class=\"videoInfo\">\n                                    <div class=\"imageContainer\">\n                        <img decoding=\"async\" class=\"image\" src=\"https:\/\/ohme-ev.com\/fr\/wp-content\/uploads\/sites\/9\/2023\/11\/Large-rectangle_customer-care_FR.webp\" alt=\"Employ\u00e9e Ohme au t\u00e9l\u00e9phone avec un client\"\/>\n                    <\/div>\n                            <\/div>\n            <div class=\"infoWrapper\">\n                                                <h2 class=\"title\">Support client d&#8217;exception<\/h2>\n                                <div><p>Chez Ohme, notre priorit\u00e9 est la satisfaction de nos clients.\u00a0Le passage \u00e0 la mobilit\u00e9 \u00e9lectrique doit \u00eatre un jeu d\u2019enfant et nos \u00e9quipes sont \u00e0 votre disposition pour une exp\u00e9rience de recharge optimale.<\/p>\n<\/div>\n                            <\/div>\n        <\/div>\n    <\/div>\n\n<\/div>\n\n<div id=\"\" class=\"blockWrapper top-default bottom-smaller   \">\n\n<div class=\"info bg-darkblue\">\n    <div class=\"contentWrapper\">\n                    <h2>\n                Besoin d&#8217;aide ?            <\/h2>\n                <div class=\"text\">\n            <p>Si vous installez d\u00e9j\u00e0 des bornes Ohme et que vous ne trouvez pas ce dont vous avez besoin, veuillez contacter nos experts.<\/p>\n        <\/div>\n                <div class=\"phoneNumberContainer\">\n                        <div class=\"phoneNumberWrapper\">\n                                                                <a class=\"phoneNumber\" href=\"tel:+33 1 89 71 42 87\">+33 1 89 71 42 87<\/a>\n                            <\/div>\n                    <\/div>\n                        <div class=\"buttonsWrapper\">\n                        \n            <button\n                class=\"ohme-btn popup primary button\"\n                data-form-type=\"3\"\n                title=\"\"\n        >Contactez nous<\/button>\n\n                        <\/div>\n            <\/div>\n<\/div>\n\n<\/div>","protected":false},"excerpt":{"rendered":"","protected":false},"author":1,"featured_media":0,"parent":0,"menu_order":0,"comment_status":"closed","ping_status":"closed","template":"","meta":{"_acf_changed":true,"_helpful_status":1,"footnotes":""},"partner":[],"class_list":["post-2199","page","type-page","status-publish","hentry"],"acf":[],"yoast_head":"<!-- This site is optimized with the Yoast SEO Premium plugin v27.4 (Yoast SEO v27.4) - https:\/\/yoast.com\/product\/yoast-seo-premium-wordpress\/ -->\n<title>Installateurs certifi\u00e9s Ohme - Ressources en ligne - Ohme EV France<\/title>\n<meta name=\"description\" content=\"Retrouvez sur cette page les informations techniques de l&#039;ePod S et de l&#039;Ohme Go pour votre activit\u00e9 d&#039;installateurs certifi\u00e9s Ohme\" \/>\n<meta name=\"robots\" content=\"index, follow, max-snippet:-1, max-image-preview:large, max-video-preview:-1\" \/>\n<link rel=\"canonical\" href=\"https:\/\/ohme-ev.com\/fr\/ressources-installateurs-old\/\" \/>\n<meta property=\"og:locale\" content=\"fr_FR\" \/>\n<meta property=\"og:type\" content=\"article\" \/>\n<meta property=\"og:title\" content=\"Ressources pour installateurs certifi\u00e9s Ohme\" \/>\n<meta property=\"og:description\" content=\"Retrouvez sur cette page les informations techniques de l&#039;ePod S et de l&#039;Ohme Go pour votre activit\u00e9 d&#039;installateurs certifi\u00e9s Ohme\" \/>\n<meta property=\"og:url\" content=\"https:\/\/ohme-ev.com\/fr\/ressources-installateurs-old\/\" \/>\n<meta property=\"og:site_name\" content=\"Ohme EV France\" \/>\n<meta property=\"article:publisher\" content=\"https:\/\/www.facebook.com\/OhmeEV\/\" \/>\n<meta property=\"article:modified_time\" content=\"2025-04-09T10:44:23+00:00\" \/>\n<meta name=\"twitter:card\" content=\"summary_large_image\" \/>\n<meta name=\"twitter:site\" content=\"@ohmeev\" \/>\n<script type=\"application\/ld+json\" class=\"yoast-schema-graph\">{\"@context\":\"https:\\\/\\\/schema.org\",\"@graph\":[{\"@type\":\"WebPage\",\"@id\":\"https:\\\/\\\/ohme-ev.com\\\/fr\\\/ressources-installateurs-old\\\/\",\"url\":\"https:\\\/\\\/ohme-ev.com\\\/fr\\\/ressources-installateurs-old\\\/\",\"name\":\"Installateurs certifi\u00e9s Ohme - Ressources en ligne - Ohme EV France\",\"isPartOf\":{\"@id\":\"https:\\\/\\\/ohme-ev.com\\\/fr\\\/#website\"},\"datePublished\":\"2023-06-26T12:01:21+00:00\",\"dateModified\":\"2025-04-09T10:44:23+00:00\",\"description\":\"Retrouvez sur cette page les informations techniques de l'ePod S et de l'Ohme Go pour votre activit\u00e9 d'installateurs certifi\u00e9s Ohme\",\"breadcrumb\":{\"@id\":\"https:\\\/\\\/ohme-ev.com\\\/fr\\\/ressources-installateurs-old\\\/#breadcrumb\"},\"inLanguage\":\"fr-fr\",\"potentialAction\":[{\"@type\":\"ReadAction\",\"target\":[\"https:\\\/\\\/ohme-ev.com\\\/fr\\\/ressources-installateurs-old\\\/\"]}]},{\"@type\":\"BreadcrumbList\",\"@id\":\"https:\\\/\\\/ohme-ev.com\\\/fr\\\/ressources-installateurs-old\\\/#breadcrumb\",\"itemListElement\":[{\"@type\":\"ListItem\",\"position\":1,\"name\":\"Home\",\"item\":\"https:\\\/\\\/ohme-ev.com\\\/fr\\\/\"},{\"@type\":\"ListItem\",\"position\":2,\"name\":\"Ressources pour installateurs certifi\u00e9s Ohme\"}]},{\"@type\":\"WebSite\",\"@id\":\"https:\\\/\\\/ohme-ev.com\\\/fr\\\/#website\",\"url\":\"https:\\\/\\\/ohme-ev.com\\\/fr\\\/\",\"name\":\"Ohme EV France\",\"description\":\"Ohme - EV Smart Charging Solutions\",\"potentialAction\":[{\"@type\":\"SearchAction\",\"target\":{\"@type\":\"EntryPoint\",\"urlTemplate\":\"https:\\\/\\\/ohme-ev.com\\\/fr\\\/?s={search_term_string}\"},\"query-input\":{\"@type\":\"PropertyValueSpecification\",\"valueRequired\":true,\"valueName\":\"search_term_string\"}}],\"inLanguage\":\"fr-fr\"}]}<\/script>\n<!-- \/ Yoast SEO Premium plugin. -->","yoast_head_json":{"title":"Installateurs certifi\u00e9s Ohme - Ressources en ligne - Ohme EV France","description":"Retrouvez sur cette page les informations techniques de l'ePod S et de l'Ohme Go pour votre activit\u00e9 d'installateurs certifi\u00e9s Ohme","robots":{"index":"index","follow":"follow","max-snippet":"max-snippet:-1","max-image-preview":"max-image-preview:large","max-video-preview":"max-video-preview:-1"},"canonical":"https:\/\/ohme-ev.com\/fr\/ressources-installateurs-old\/","og_locale":"fr_FR","og_type":"article","og_title":"Ressources pour installateurs certifi\u00e9s Ohme","og_description":"Retrouvez sur cette page les informations techniques de l'ePod S et de l'Ohme Go pour votre activit\u00e9 d'installateurs certifi\u00e9s Ohme","og_url":"https:\/\/ohme-ev.com\/fr\/ressources-installateurs-old\/","og_site_name":"Ohme EV France","article_publisher":"https:\/\/www.facebook.com\/OhmeEV\/","article_modified_time":"2025-04-09T10:44:23+00:00","twitter_card":"summary_large_image","twitter_site":"@ohmeev","schema":{"@context":"https:\/\/schema.org","@graph":[{"@type":"WebPage","@id":"https:\/\/ohme-ev.com\/fr\/ressources-installateurs-old\/","url":"https:\/\/ohme-ev.com\/fr\/ressources-installateurs-old\/","name":"Installateurs certifi\u00e9s Ohme - Ressources en ligne - Ohme EV France","isPartOf":{"@id":"https:\/\/ohme-ev.com\/fr\/#website"},"datePublished":"2023-06-26T12:01:21+00:00","dateModified":"2025-04-09T10:44:23+00:00","description":"Retrouvez sur cette page les informations techniques de l'ePod S et de l'Ohme Go pour votre activit\u00e9 d'installateurs certifi\u00e9s Ohme","breadcrumb":{"@id":"https:\/\/ohme-ev.com\/fr\/ressources-installateurs-old\/#breadcrumb"},"inLanguage":"fr-fr","potentialAction":[{"@type":"ReadAction","target":["https:\/\/ohme-ev.com\/fr\/ressources-installateurs-old\/"]}]},{"@type":"BreadcrumbList","@id":"https:\/\/ohme-ev.com\/fr\/ressources-installateurs-old\/#breadcrumb","itemListElement":[{"@type":"ListItem","position":1,"name":"Home","item":"https:\/\/ohme-ev.com\/fr\/"},{"@type":"ListItem","position":2,"name":"Ressources pour installateurs certifi\u00e9s Ohme"}]},{"@type":"WebSite","@id":"https:\/\/ohme-ev.com\/fr\/#website","url":"https:\/\/ohme-ev.com\/fr\/","name":"Ohme EV France","description":"Ohme - EV Smart Charging Solutions","potentialAction":[{"@type":"SearchAction","target":{"@type":"EntryPoint","urlTemplate":"https:\/\/ohme-ev.com\/fr\/?s={search_term_string}"},"query-input":{"@type":"PropertyValueSpecification","valueRequired":true,"valueName":"search_term_string"}}],"inLanguage":"fr-fr"}]}},"_links":{"self":[{"href":"https:\/\/ohme-ev.com\/fr\/wp-json\/wp\/v2\/pages\/2199","targetHints":{"allow":["GET"]}}],"collection":[{"href":"https:\/\/ohme-ev.com\/fr\/wp-json\/wp\/v2\/pages"}],"about":[{"href":"https:\/\/ohme-ev.com\/fr\/wp-json\/wp\/v2\/types\/page"}],"author":[{"embeddable":true,"href":"https:\/\/ohme-ev.com\/fr\/wp-json\/wp\/v2\/users\/1"}],"replies":[{"embeddable":true,"href":"https:\/\/ohme-ev.com\/fr\/wp-json\/wp\/v2\/comments?post=2199"}],"version-history":[{"count":0,"href":"https:\/\/ohme-ev.com\/fr\/wp-json\/wp\/v2\/pages\/2199\/revisions"}],"wp:attachment":[{"href":"https:\/\/ohme-ev.com\/fr\/wp-json\/wp\/v2\/media?parent=2199"}],"wp:term":[{"taxonomy":"partner","embeddable":true,"href":"https:\/\/ohme-ev.com\/fr\/wp-json\/wp\/v2\/partner?post=2199"}],"curies":[{"name":"wp","href":"https:\/\/api.w.org\/{rel}","templated":true}]}}