{"id":2197,"date":"2023-06-26T12:03:21","date_gmt":"2023-06-26T12:03:21","guid":{"rendered":"https:\/\/ohme-cs-dev.local\/?page_id=50"},"modified":"2026-01-28T12:15:20","modified_gmt":"2026-01-28T12:15:20","slug":"a-propos","status":"publish","type":"page","link":"https:\/\/ohme-ev.com\/fr\/a-propos\/","title":{"rendered":"Life at Ohme"},"content":{"rendered":"<div class=\"image-text-hero with-colour\" style=\"background-color: #032536;\">\n\n    <div class=\"contentWrapper imageRight mobile-image-bottom\">\n        <div class=\"content-container\">\n            <div class=\"wrapper\">\n                                    <h1>Bonjour, nous c&#039;est Ohme<\/h1>\n                \n                \n                                    <p><p>Notre mission ? Acc\u00e9l\u00e9rer la transition \u00e9nerg\u00e9tique \u00e0 travers le monde, en d\u00e9veloppant des bornes de recharge pour v\u00e9hicules \u00e9lectriques intelligentes, abordables et faciles d\u2019utilisation.<\/p>\n<\/p>\n                \n                \n            <a href=\"https:\/\/ohme-ev.com\/fr\/carrieres\/\" target=\"_self\" >\n            <button class=\"ohme-btn primary button\" title=\"\">Nos offres d\u2019emploi<\/button>\n        <\/a>\n    \n                            <\/div>\n        <\/div>\n\n        <div class=\"image-container\">\n                            <div class=\"image-wrapper\">\n                    <img decoding=\"async\" src=\"https:\/\/ohme-ev.com\/fr\/wp-content\/uploads\/sites\/9\/2023\/07\/Large-inset-header_Chizom_UK.png\" alt=\"Employ\u00e9 Ohme en salle de pause\" \/>\n                <\/div>\n            \n                    <\/div>\n    <\/div>\n\n    <\/div>\n\n<div id=\"\" class=\"blockWrapper top-default bottom-default   \">\n\n\n<div class=\"contentWrapper textImageLeft  image\">\n            <div class=\"imageContainer\">\n            <img decoding=\"async\" loading=\"lazy\" src=\"https:\/\/ohme-ev.com\/fr\/wp-content\/uploads\/sites\/9\/2023\/07\/50x50-text-image_dark-car-charging_master.png\" alt=\"Visuel d'une voiture \u00e9lectrique grise, avec un c\u00e2ble de recharge connect\u00e9\"\/>\n        <\/div>\n\n        <div class=\"textContainer\">\n        <h3 class=\"title\">Ouvrons la voie vers un avenir \u00e9lectrique. Une recharge \u00e0 la fois.<\/h3>\n        <h4 class=\"subtitle regular\"><\/h4>\n        <div class=\"text\"><p>Chez Ohme, nous d\u00e9veloppons des bornes de recharge pour particuliers intelligentes, abordables et faciles d\u2019utilisation. Notre technologie unique permet aux conducteurs de facilement charger leur v\u00e9hicule lorsque l\u2019\u00e9lectricit\u00e9 est plus abordable. Depuis leur domicile.<\/p>\n<p>Notre vision peut sembler ambitieuse, mais c\u2019est l\u00e0 que se trouve tout le potentiel d\u2019Ohme : cr\u00e9er des solutions qui facilitent la transition vers l\u2019\u00e9lectrique \u00e0 travers le monde.\u00a0Et nous ne faisons que commencer !<\/p>\n<\/div>\n        <div class=\"buttonsContainer\">\n                    <\/div>\n            <\/div>\n<\/div>\n<\/div>\n\n<div id=\"\" class=\"blockWrapper top-default bottom-default   \">\n\n<div class=\"text-image-right \">\n    <div class=\"inner\">\n        <div class=\"text-content\">\n                        <h3 class=\"title\">Rejoignez une entreprise en pleine expansion, comptant parmi les plus innovantes d\u2019Europe<\/h3>\n                        <div class=\"text\"><p><span lang=\"FR\">Ohme trouve sa force dans l\u2019humain\u00a0: nous construisons une \u00e9quipe d&#8217;experts inspirants et passionn\u00e9s par l\u2019innovation, dans le but de cr\u00e9er un avenir plus vert. <\/span><\/p>\n<p><span lang=\"EN-US\">\u2028<\/span><span lang=\"FR\">Si vous souhaitez rejoindre l\u2019un des secteurs technologiques les plus importants et prot\u00e9ger la plan\u00e8te, alors Ohme est fait pour vous.<\/span><\/p>\n<\/div>\n                                                <div class=\"buttons\">\n                                    \n            <a href=\"https:\/\/ohme-ev.com\/fr\/carrieres\/\" target=\"_self\" >\n            <button class=\"ohme-btn primary button\" title=\"\">Nous rejoindre<\/button>\n        <\/a>\n                                <\/div>\n                                <\/div>\n        <div class=\"media-content\">\n                        <img decoding=\"async\" loading=\"lazy\" src=\"https:\/\/ohme-ev.com\/fr\/wp-content\/uploads\/sites\/9\/2023\/07\/Mask-group.png\" alt=\"Deux employ\u00e9s Ohme en r\u00e9union, regardant des documents affich\u00e9s au mur\" \/>\n                    <\/div>\n    <\/div>\n<\/div>\n\n<\/div>\n\n<div id=\"\" class=\"blockWrapper top-default bottom-default   \">\n\n<div class=\"text-image-right \">\n    <div class=\"inner\">\n        <div class=\"text-content\">\n                        <h3 class=\"title\">\u00c0 la rencontre de David Watson, notre PDG \u2028et fondateur<\/h3>\n                        <div class=\"text\"><p>Avant de co-fonder Ohme, David Watson a cofond\u00e9 Temporis Capital.\u00a0David a vu une opportunit\u00e9 d\u2019adapter la demande \u00e0 l\u2019offre gr\u00e2ce aux voitures \u00e9lectriques et a cr\u00e9\u00e9 Ohme dans le but d\u2019en faire la plateforme de recharge intelligente la plus fiable au monde.<\/p>\n<p>David \u00e9tait propri\u00e9taire d\u2019une Tesla et a eu l\u2019id\u00e9e de contr\u00f4ler ses sessions de recharge \u00e0 l\u2019aide d\u2019un c\u00e2ble intelligent, offrant ainsi aux clients un contr\u00f4le et une visibilit\u00e9 accrus.\u00a0Le premier prototype de la borne de recharge domestique Ohme a \u00e9t\u00e9 produit en 2018 et la version de production finale a vu le jour en 2019.<\/p>\n<\/div>\n                                                        <\/div>\n        <div class=\"media-content\">\n                        <img decoding=\"async\" loading=\"lazy\" src=\"https:\/\/ohme-ev.com\/fr\/wp-content\/uploads\/sites\/9\/2023\/07\/ohme-ceo.png\" alt=\"Photo de Dave Watson, CEO d'Ohme, dans un entrep\u00f4t de voitures\" \/>\n                    <\/div>\n    <\/div>\n<\/div>\n\n<\/div>\n\n<div id=\"\" class=\"blockWrapper top-default bottom-default   \">\n\n\n<div class=\"contentWrapper textImageLeft  image\">\n            <div class=\"imageContainer\">\n            <img decoding=\"async\" loading=\"lazy\" src=\"https:\/\/ohme-ev.com\/fr\/wp-content\/uploads\/sites\/9\/2023\/07\/ohme-founder.png\" alt=\"Portait de Derry Guy, co-fondateur d'Ohme\"\/>\n        <\/div>\n\n        <div class=\"textContainer\">\n        <h3 class=\"title\">Voici Derry Guy, notre co-fondateur<\/h3>\n        <h4 class=\"subtitle regular\"><\/h4>\n        <div class=\"text\"><p>Derry Guy est co-fondateur et pr\u00e9sident d\u2019Ohme.\u00a0Il est \u00e9galement PDG du Groupe Temporis, la soci\u00e9t\u00e9 m\u00e8re d\u2019Ohme.\u00a0Le Groupe Temporis est une soci\u00e9t\u00e9 d\u2019investissement sp\u00e9cialis\u00e9e dans l\u2019environement durable, afin de g\u00e9n\u00e9rerun impact positif et mesurable sur la r\u00e9duction des effets du changement climatique, conform\u00e9ment aux \u00ab Objectifs de d\u00e9veloppement durable \u00bb des Nations Unies.<\/p>\n<p>Il a cofond\u00e9 Temporis pour acc\u00e9l\u00e9rer la transition vers l\u2019\u00e9nergie renouvelable et de s\u2019engager davantage dans cette passion avant de cofonder Ohme avec David Watson. Auparavant, M. Guy a consacr\u00e9 30 ans \u00e0 sa carri\u00e8re de banquier d\u2019affaires, responsable de financements structur\u00e9s et fondateur d\u2019entreprises de gestion d\u2019actifs alternatifs.<\/p>\n<\/div>\n        <div class=\"buttonsContainer\">\n                    <\/div>\n            <\/div>\n<\/div>\n<\/div>\n\n<div id=\"\" class=\"blockWrapper top-default bottom-default   \">\n\n    <div class=\" keyPointsBlock\">\n        <div class=\"contentWrapper keyPoints\">\n\n                            <h3 class=\"mainTitle\">Nous restons fid\u00e8les \u00e0 nos valeurs<\/h3>\n            \n            \n            <div class=\"keyPointsContainer \">\n                                                            <div class=\"keyPointWrapper\">\n\n                                                            <div class=\"mediaContainer image\">\n                                    <img decoding=\"async\" src=\"https:\/\/ohme-ev.com\/fr\/wp-content\/uploads\/sites\/9\/2023\/08\/Icon_do-good_master.svg\" alt=\"Ic\u00f4ne repr\u00e9sentant avoir le coeur sur la main\" \/>\n                                <\/div>\n\n                            \n                            <h5 class=\"subtitle\">Faire le bien<\/h5>\n                            <div class=\"copy\"><p>Le bien-\u00eatre de nos \u00e9quipes, clients et partenaires passe avant tout. Y compris celui de notre plan\u00e8te.<\/p>\n<\/div>\n\n                            \n                        <\/div>\n                                            <div class=\"keyPointWrapper\">\n\n                                                            <div class=\"mediaContainer image\">\n                                    <img decoding=\"async\" src=\"https:\/\/ohme-ev.com\/fr\/wp-content\/uploads\/sites\/9\/2023\/08\/Icon_customer-obsessed_master.svg\" alt=\"Ic\u00f4ne repr\u00e9sentant des avis clients en ligne\" \/>\n                                <\/div>\n\n                            \n                            <h5 class=\"subtitle\">Le client est roi<\/h5>\n                            <div class=\"copy\"><p>Z\u00e9ro compromis sur la satisfaction de nos clients, au coeur de chacune de nos d\u00e9cisions.<\/p>\n<\/div>\n\n                            \n                        <\/div>\n                                            <div class=\"keyPointWrapper\">\n\n                                                            <div class=\"mediaContainer image\">\n                                    <img decoding=\"async\" src=\"https:\/\/ohme-ev.com\/fr\/wp-content\/uploads\/sites\/9\/2023\/08\/Icon_collaborative_master.svg\" alt=\"Ic\u00f4ne repr\u00e9sentant des employ\u00e9s Ohme\" \/>\n                                <\/div>\n\n                            \n                            <h5 class=\"subtitle\">Le travail d&#039;\u00e9quipe<\/h5>\n                            <div class=\"copy\"><p>C&#8217;est la clef de la r\u00e9ussite : c&#8217;est ensemble que l&#8217;ont aura le plus d&#8217;impact.<\/p>\n<\/div>\n\n                            \n                        <\/div>\n                                            <div class=\"keyPointWrapper\">\n\n                                                            <div class=\"mediaContainer image\">\n                                    <img decoding=\"async\" src=\"https:\/\/ohme-ev.com\/fr\/wp-content\/uploads\/sites\/9\/2023\/08\/Icon_progressive_master.svg\" alt=\"Ic\u00f4ne repr\u00e9sentant une ampoule avec une pousse\" \/>\n                                <\/div>\n\n                            \n                            <h5 class=\"subtitle\">Se r\u00e9inventer au quotidien<\/h5>\n                            <div class=\"copy\"><p>Notre passion depuis le premier jour ? Innover et voir toujours plus grand pour notre plan\u00e8te.<\/p>\n<\/div>\n\n                            \n                        <\/div>\n                                            <div class=\"keyPointWrapper\">\n\n                                                            <div class=\"mediaContainer image\">\n                                    <img decoding=\"async\" src=\"https:\/\/ohme-ev.com\/fr\/wp-content\/uploads\/sites\/9\/2023\/08\/Icon_brave_master.svg\" alt=\"Ic\u00f4ne repr\u00e9sentant un badge de premi\u00e8re place\" \/>\n                                <\/div>\n\n                            \n                            <h5 class=\"subtitle\">Une bonne dose de courage<\/h5>\n                            <div class=\"copy\"><p>C&#8217;est en osant que tout devient possible.<\/p>\n<\/div>\n\n                            \n                        <\/div>\n                                                <\/div>\n\n            <div class=\"cta-container\">\n                <div class=\"buttonsContainer\">\n                                    <\/div>\n            <\/div>\n\n        <\/div>\n    <\/div>\n\n<\/div>\n\n<div id=\"\" class=\"blockWrapper top-default bottom-default   \">\n\n    <div class=\"bgColour\">\n\n        <div class=\"threeColumnWrapper \">\n            <h2 class=\"title\">Quelques mots de nos \u00e9quipes<\/h2>\n            <p class=\"subtitle regular \" style=\"\">Rencontrez certains de nos collaborateurs qui ont fait notre mission d\u2019acc\u00e9l\u00e9rer la transition mondiale mondiale vers l\u2019\u00e9nergie verte la leur.<\/p>\n            <div class=\"columnsContainer\">\n                                        <div class=\"column\">\n                            <div class=\"imageContainer \">\n                                                                    <img loading=\"lazy\" decoding=\"async\" width=\"334\" height=\"242\" src=\"https:\/\/ohme-ev.com\/fr\/wp-content\/uploads\/sites\/9\/2024\/02\/roberto-fauda-pichet-334x242.webp\" class=\"attachment-column_hero size-column_hero\" alt=\"\" srcset=\"https:\/\/ohme-ev.com\/fr\/wp-content\/uploads\/sites\/9\/2024\/02\/roberto-fauda-pichet-334x242.webp 334w, https:\/\/ohme-ev.com\/fr\/wp-content\/uploads\/sites\/9\/2024\/02\/roberto-fauda-pichet-300x217.webp 300w, https:\/\/ohme-ev.com\/fr\/wp-content\/uploads\/sites\/9\/2024\/02\/roberto-fauda-pichet-254x184.webp 254w, https:\/\/ohme-ev.com\/fr\/wp-content\/uploads\/sites\/9\/2024\/02\/roberto-fauda-pichet.webp 340w\" sizes=\"auto, (max-width: 334px) 100vw, 334px\" \/>\n                                                            <\/div>\n\n                            <div>\n                                <p class=\"label\">Ing\u00e9nieur pr\u00e9-ventes<\/p>\n                                <p class=\"subtitleColumn\">Roberto Fauda Pichet<\/p>\n                                <div class=\"body\"><p>&#8220;<span lang=\"FR\">D\u00e8s le premier jour, j\u2019ai rencontr\u00e9 une \u00e9quipe soud\u00e9e, d\u00e9sireuse de m\u2019aider \u00e0 progresser.\u00a0<\/span><span lang=\"FR\">Ce qui m\u2019a initialement attir\u00e9, c\u2019est la vision ambitieuse de l\u2019entreprise en mati\u00e8re de recharge domestique pour les voitures \u00e9lectriques.\u00a0<\/span><span lang=\"FR\">Pour moi, \u00e7a ne fais aucun doute : Ohme repr\u00e9sente l\u2019avenir de la recharge des voitures \u00e9lectriques. Et je suis ravi de faire partie de cette aventure.&#8221;<\/span><\/p>\n<\/div>\n                            <\/div>\n                        <\/div>\n                                                <div class=\"column\">\n                            <div class=\"imageContainer \">\n                                                                    <img loading=\"lazy\" decoding=\"async\" width=\"334\" height=\"242\" src=\"https:\/\/ohme-ev.com\/fr\/wp-content\/uploads\/sites\/9\/2024\/02\/kimberley-pinheiro-334x242.webp\" class=\"attachment-column_hero size-column_hero\" alt=\"\" srcset=\"https:\/\/ohme-ev.com\/fr\/wp-content\/uploads\/sites\/9\/2024\/02\/kimberley-pinheiro-334x242.webp 334w, https:\/\/ohme-ev.com\/fr\/wp-content\/uploads\/sites\/9\/2024\/02\/kimberley-pinheiro-300x217.webp 300w, https:\/\/ohme-ev.com\/fr\/wp-content\/uploads\/sites\/9\/2024\/02\/kimberley-pinheiro-254x184.webp 254w, https:\/\/ohme-ev.com\/fr\/wp-content\/uploads\/sites\/9\/2024\/02\/kimberley-pinheiro.webp 340w\" sizes=\"auto, (max-width: 334px) 100vw, 334px\" \/>\n                                                            <\/div>\n\n                            <div>\n                                <p class=\"label\">Responsable du d\u00e9veloppement commercial<\/p>\n                                <p class=\"subtitleColumn\">Kimberley Pinheiro<\/p>\n                                <div class=\"body\"><p>&#8220;<span lang=\"FR\">J\u2019ai d\u00e9cid\u00e9 de rejoindre Ohme parce que nous partageons la m\u00eame mission\u00a0: rendre le monde meilleur en donnant un coup de pouce \u00e0 la transition mondiale vers la mobilit\u00e9 \u00e9lectrique.\u00a0<\/span><span lang=\"FR\">Je suis ravie de participer au d\u00e9fi que repr\u00e9sente le d\u00e9veloppement de notre marque \u00e0 l\u2019international avec le soutien d\u2019une \u00e9quipe exceptionnelle.<\/span><span lang=\"FR\">&#8220;<\/span><\/p>\n<\/div>\n                            <\/div>\n                        <\/div>\n                                                <div class=\"column\">\n                            <div class=\"imageContainer \">\n                                                                    <img loading=\"lazy\" decoding=\"async\" width=\"334\" height=\"242\" src=\"https:\/\/ohme-ev.com\/fr\/wp-content\/uploads\/sites\/9\/2026\/01\/ThomasMathieu-3-1-334x242.webp\" class=\"attachment-column_hero size-column_hero\" alt=\"\" srcset=\"https:\/\/ohme-ev.com\/fr\/wp-content\/uploads\/sites\/9\/2026\/01\/ThomasMathieu-3-1-334x242.webp 334w, https:\/\/ohme-ev.com\/fr\/wp-content\/uploads\/sites\/9\/2026\/01\/ThomasMathieu-3-1-300x217.webp 300w, https:\/\/ohme-ev.com\/fr\/wp-content\/uploads\/sites\/9\/2026\/01\/ThomasMathieu-3-1-254x184.webp 254w, https:\/\/ohme-ev.com\/fr\/wp-content\/uploads\/sites\/9\/2026\/01\/ThomasMathieu-3-1.webp 340w\" sizes=\"auto, (max-width: 334px) 100vw, 334px\" \/>\n                                                            <\/div>\n\n                            <div>\n                                <p class=\"label\">Responsable du d\u00e9veloppement commercial<\/p>\n                                <p class=\"subtitleColumn\">Thomas Mathieu<\/p>\n                                <div class=\"body\"><p><span lang=\"FR\"><span lang=\"FR\">&#8220;Ce que j\u2019appr\u00e9cie le plus dans mon travail chez Ohme, c\u2019est l\u2019abondance d\u2019opportunit\u00e9s qui m\u2019attendent.\u00a0<\/span><\/span>D\u00e8s le premier jour, j\u2019ai senti l\u2019enthousiasme pour le progr\u00e8s, l\u2019engagement envers l\u2019excellence et la volont\u00e9 de fournir aux clients la meilleure exp\u00e9rience de recharge possible, ce qui m\u2019a vraiment s\u00e9duit.&#8221;<\/p>\n<\/div>\n                            <\/div>\n                        <\/div>\n                                    <\/div>\n                            <div class=\"buttonsContainer\">\n                    \n            <a href=\"https:\/\/ohme-ev.com\/fr\/carrieres\/\" target=\"_self\" >\n            <button class=\"ohme-btn secondaryLight button\" title=\"\">Afficher toutes les offres d\u2019emploi<\/button>\n        <\/a>\n                    <\/div>\n                    <\/div>\n    <\/div>\n<\/div>","protected":false},"excerpt":{"rendered":"","protected":false},"author":1,"featured_media":0,"parent":0,"menu_order":0,"comment_status":"closed","ping_status":"closed","template":"","meta":{"_acf_changed":true,"_helpful_status":1,"footnotes":""},"partner":[],"class_list":["post-2197","page","type-page","status-publish","hentry"],"acf":[],"yoast_head":"<!-- This site is optimized with the Yoast SEO Premium plugin v27.3 (Yoast SEO v27.3) - https:\/\/yoast.com\/product\/yoast-seo-premium-wordpress\/ -->\n<title>Bonjour, nous c&#039;est Ohme - Notre histoire - Ohme EV France<\/title>\n<meta name=\"description\" content=\"Notre mission ? Acc\u00e9l\u00e9rer la transition \u00e9nerg\u00e9tique en d\u00e9veloppant des bornes de recharge intelligentes, abordables et faciles d\u2019utilisation.\" \/>\n<meta name=\"robots\" content=\"index, follow, max-snippet:-1, max-image-preview:large, max-video-preview:-1\" \/>\n<link rel=\"canonical\" href=\"https:\/\/ohme-ev.com\/fr\/a-propos\/\" \/>\n<meta property=\"og:locale\" content=\"fr_FR\" \/>\n<meta property=\"og:type\" content=\"article\" \/>\n<meta property=\"og:title\" content=\"Life at Ohme\" \/>\n<meta property=\"og:description\" content=\"Notre mission ? Acc\u00e9l\u00e9rer la transition \u00e9nerg\u00e9tique en d\u00e9veloppant des bornes de recharge intelligentes, abordables et faciles d\u2019utilisation.\" \/>\n<meta property=\"og:url\" content=\"https:\/\/ohme-ev.com\/fr\/a-propos\/\" \/>\n<meta property=\"og:site_name\" content=\"Ohme EV France\" \/>\n<meta property=\"article:publisher\" content=\"https:\/\/www.facebook.com\/OhmeEV\/\" \/>\n<meta property=\"article:modified_time\" content=\"2026-01-28T12:15:20+00:00\" \/>\n<meta name=\"twitter:card\" content=\"summary_large_image\" \/>\n<meta name=\"twitter:site\" content=\"@ohmeev\" \/>\n<script type=\"application\/ld+json\" class=\"yoast-schema-graph\">{\"@context\":\"https:\\\/\\\/schema.org\",\"@graph\":[{\"@type\":\"WebPage\",\"@id\":\"https:\\\/\\\/ohme-ev.com\\\/fr\\\/a-propos\\\/\",\"url\":\"https:\\\/\\\/ohme-ev.com\\\/fr\\\/a-propos\\\/\",\"name\":\"Bonjour, nous c'est Ohme - Notre histoire - Ohme EV France\",\"isPartOf\":{\"@id\":\"https:\\\/\\\/ohme-ev.com\\\/fr\\\/#website\"},\"datePublished\":\"2023-06-26T12:03:21+00:00\",\"dateModified\":\"2026-01-28T12:15:20+00:00\",\"description\":\"Notre mission ? Acc\u00e9l\u00e9rer la transition \u00e9nerg\u00e9tique en d\u00e9veloppant des bornes de recharge intelligentes, abordables et faciles d\u2019utilisation.\",\"breadcrumb\":{\"@id\":\"https:\\\/\\\/ohme-ev.com\\\/fr\\\/a-propos\\\/#breadcrumb\"},\"inLanguage\":\"fr-fr\",\"potentialAction\":[{\"@type\":\"ReadAction\",\"target\":[\"https:\\\/\\\/ohme-ev.com\\\/fr\\\/a-propos\\\/\"]}]},{\"@type\":\"BreadcrumbList\",\"@id\":\"https:\\\/\\\/ohme-ev.com\\\/fr\\\/a-propos\\\/#breadcrumb\",\"itemListElement\":[{\"@type\":\"ListItem\",\"position\":1,\"name\":\"Home\",\"item\":\"https:\\\/\\\/ohme-ev.com\\\/fr\\\/\"},{\"@type\":\"ListItem\",\"position\":2,\"name\":\"Life at Ohme\"}]},{\"@type\":\"WebSite\",\"@id\":\"https:\\\/\\\/ohme-ev.com\\\/fr\\\/#website\",\"url\":\"https:\\\/\\\/ohme-ev.com\\\/fr\\\/\",\"name\":\"Ohme EV France\",\"description\":\"Ohme - EV Smart Charging Solutions\",\"potentialAction\":[{\"@type\":\"SearchAction\",\"target\":{\"@type\":\"EntryPoint\",\"urlTemplate\":\"https:\\\/\\\/ohme-ev.com\\\/fr\\\/?s={search_term_string}\"},\"query-input\":{\"@type\":\"PropertyValueSpecification\",\"valueRequired\":true,\"valueName\":\"search_term_string\"}}],\"inLanguage\":\"fr-fr\"}]}<\/script>\n<!-- \/ Yoast SEO Premium plugin. -->","yoast_head_json":{"title":"Bonjour, nous c'est Ohme - Notre histoire - Ohme EV France","description":"Notre mission ? Acc\u00e9l\u00e9rer la transition \u00e9nerg\u00e9tique en d\u00e9veloppant des bornes de recharge intelligentes, abordables et faciles d\u2019utilisation.","robots":{"index":"index","follow":"follow","max-snippet":"max-snippet:-1","max-image-preview":"max-image-preview:large","max-video-preview":"max-video-preview:-1"},"canonical":"https:\/\/ohme-ev.com\/fr\/a-propos\/","og_locale":"fr_FR","og_type":"article","og_title":"Life at Ohme","og_description":"Notre mission ? Acc\u00e9l\u00e9rer la transition \u00e9nerg\u00e9tique en d\u00e9veloppant des bornes de recharge intelligentes, abordables et faciles d\u2019utilisation.","og_url":"https:\/\/ohme-ev.com\/fr\/a-propos\/","og_site_name":"Ohme EV France","article_publisher":"https:\/\/www.facebook.com\/OhmeEV\/","article_modified_time":"2026-01-28T12:15:20+00:00","twitter_card":"summary_large_image","twitter_site":"@ohmeev","schema":{"@context":"https:\/\/schema.org","@graph":[{"@type":"WebPage","@id":"https:\/\/ohme-ev.com\/fr\/a-propos\/","url":"https:\/\/ohme-ev.com\/fr\/a-propos\/","name":"Bonjour, nous c'est Ohme - Notre histoire - Ohme EV France","isPartOf":{"@id":"https:\/\/ohme-ev.com\/fr\/#website"},"datePublished":"2023-06-26T12:03:21+00:00","dateModified":"2026-01-28T12:15:20+00:00","description":"Notre mission ? Acc\u00e9l\u00e9rer la transition \u00e9nerg\u00e9tique en d\u00e9veloppant des bornes de recharge intelligentes, abordables et faciles d\u2019utilisation.","breadcrumb":{"@id":"https:\/\/ohme-ev.com\/fr\/a-propos\/#breadcrumb"},"inLanguage":"fr-fr","potentialAction":[{"@type":"ReadAction","target":["https:\/\/ohme-ev.com\/fr\/a-propos\/"]}]},{"@type":"BreadcrumbList","@id":"https:\/\/ohme-ev.com\/fr\/a-propos\/#breadcrumb","itemListElement":[{"@type":"ListItem","position":1,"name":"Home","item":"https:\/\/ohme-ev.com\/fr\/"},{"@type":"ListItem","position":2,"name":"Life at Ohme"}]},{"@type":"WebSite","@id":"https:\/\/ohme-ev.com\/fr\/#website","url":"https:\/\/ohme-ev.com\/fr\/","name":"Ohme EV France","description":"Ohme - EV Smart Charging Solutions","potentialAction":[{"@type":"SearchAction","target":{"@type":"EntryPoint","urlTemplate":"https:\/\/ohme-ev.com\/fr\/?s={search_term_string}"},"query-input":{"@type":"PropertyValueSpecification","valueRequired":true,"valueName":"search_term_string"}}],"inLanguage":"fr-fr"}]}},"_links":{"self":[{"href":"https:\/\/ohme-ev.com\/fr\/wp-json\/wp\/v2\/pages\/2197","targetHints":{"allow":["GET"]}}],"collection":[{"href":"https:\/\/ohme-ev.com\/fr\/wp-json\/wp\/v2\/pages"}],"about":[{"href":"https:\/\/ohme-ev.com\/fr\/wp-json\/wp\/v2\/types\/page"}],"author":[{"embeddable":true,"href":"https:\/\/ohme-ev.com\/fr\/wp-json\/wp\/v2\/users\/1"}],"replies":[{"embeddable":true,"href":"https:\/\/ohme-ev.com\/fr\/wp-json\/wp\/v2\/comments?post=2197"}],"version-history":[{"count":0,"href":"https:\/\/ohme-ev.com\/fr\/wp-json\/wp\/v2\/pages\/2197\/revisions"}],"wp:attachment":[{"href":"https:\/\/ohme-ev.com\/fr\/wp-json\/wp\/v2\/media?parent=2197"}],"wp:term":[{"taxonomy":"partner","embeddable":true,"href":"https:\/\/ohme-ev.com\/fr\/wp-json\/wp\/v2\/partner?post=2197"}],"curies":[{"name":"wp","href":"https:\/\/api.w.org\/{rel}","templated":true}]}}