{"id":2194,"date":"2023-07-13T08:28:13","date_gmt":"2023-07-13T08:28:13","guid":{"rendered":"https:\/\/ohme.wpengine.com\/ie\/?page_id=672"},"modified":"2025-11-26T13:03:59","modified_gmt":"2025-11-26T13:03:59","slug":"nous-contacter-ohme-france","status":"publish","type":"page","link":"https:\/\/ohme-ev.com\/fr\/nous-contacter-ohme-france\/","title":{"rendered":"Contact us"},"content":{"rendered":"<div class=\"thin-hero \" style=\"background-color: #366c92;\">\n    <div class=\"content-container\">\n        <div class=\"wrapper\">\n            <h1>Contactez Ohme<\/h1>\n                            <h5>Vous souhaitez mieux nous conna\u00eetre, devenir revendeur ou partenaire ? Contactez-nous ! Nous serons ravis de vous r\u00e9pondre au plus vite !<\/h5>\n            \n                    <\/div>\n    <\/div>\n<\/div>\n\n<div id=\"business\" class=\"blockWrapper top-default bottom-default   \">\n\n\n<div class=\"contact-detail contentWrapper\">\n  <div class=\"imageContainer\">\n    <img decoding=\"async\" src=\"https:\/\/ohme-ev.com\/fr\/wp-content\/uploads\/sites\/9\/2023\/08\/50x50-small_Mobility-small_UK.jpg\" alt=\"Close up of a charger plugged into a grey car\" \/>\n  <\/div>\n  <div>\n    <h6 class=\"label\">Professionnels<\/h6>\n    <h2 class=\"title\">Partenariats<\/h2>\n\n    <div class=\"text\"><div><span lang=\"FR\">\u00c9changez avec nos experts de 9 \u00e0 18h, votre source privil\u00e9gi\u00e9e pour obtenir plus de renseignements et commencer l\u2019aventure Ohme.<\/span><\/div>\n<\/div>\n          <a class=\"phoneNumber\" href=\"tel:+33 1 89 71 42 87\">+33 1 89 71 42 87<\/a>\n        <div class=\"buttonsContainer\">\n        \n            <button\n                class=\"ohme-btn popup primary button\"\n                data-form-type=\"9\"\n                title=\"\"\n        >Contactez nous<\/button>\n\n        <\/div>\n  <\/div>\n<\/div>\n<\/div>\n\n<div id=\"\" class=\"blockWrapper top-default bottom-default   \">\n\n\n<div class=\"contact-detail contentWrapper\">\n  <div class=\"imageContainer\">\n    <img decoding=\"async\" src=\"https:\/\/ohme-ev.com\/fr\/wp-content\/uploads\/sites\/9\/2023\/08\/50x50-small_Installers-small_UK.jpg\" alt=\"A person wearing protective gloves holding electrical wires\" \/>\n  <\/div>\n  <div>\n    <h6 class=\"label\">Professionnels<\/h6>\n    <h2 class=\"title\">Installateurs<\/h2>\n\n    <div class=\"text\"><p><span style=\"font-weight: 400\">Contactez nous pour rejoindre notre r\u00e9seau <\/span><span style=\"font-weight: 400\">d\u2019installateurs entre 9 et 18h. <\/span><span lang=\"FR\">Vous \u00eates d\u00e9j\u00e0 un installateur certifi\u00e9 Ohme\u00a0? N&#8217;h\u00e9sitez pas \u00e0 \u00e9galement nous contacter.<\/span><\/p>\n<\/div>\n          <a class=\"phoneNumber\" href=\"tel:+33 1 89 71 42 87\">+33 1 89 71 42 87<\/a>\n        <div class=\"buttonsContainer\">\n        \n            <button\n                class=\"ohme-btn popup primary button\"\n                data-form-type=\"3\"\n                title=\"\"\n        >Rejoindre le r\u00e9seau Ohme<\/button>\n\n    \n            <a href=\"https:\/\/ohme-ev.com\/fr\/ressources-installateurs-old\/\" target=\"_self\" >\n            <button class=\"ohme-btn secondaryLight button\" title=\"\">Ressources en ligne<\/button>\n        <\/a>\n        <\/div>\n  <\/div>\n<\/div>\n<\/div>\n\n<div id=\"\" class=\"blockWrapper top-default bottom-default   \">\n\n<div class=\"text-image-right bg-darkblue\">\n    <div class=\"inner\">\n        <div class=\"text-content\">\n                        <h3 class=\"title\">Ohme France<\/h3>\n                        <div class=\"text\"><p>40 rue du Louvre<br \/>\n75001<br \/>\nParis<br \/>\nFrance<\/p>\n<p>mail : <strong><a href=\"mailto:assistance.fr@ohme-ev.com\"><span style=\"text-decoration: underline\">assistance.fr@ohme-ev.com<\/span><\/a><\/strong><\/p>\n<\/div>\n                                                        <\/div>\n        <div class=\"media-content\">\n                        <img decoding=\"async\" loading=\"lazy\" src=\"https:\/\/ohme-ev.com\/fr\/wp-content\/uploads\/sites\/9\/2024\/01\/3-image-module_Mia-phone_master-622x450-1.webp\" alt=\"\" \/>\n                    <\/div>\n    <\/div>\n<\/div>\n\n<\/div>","protected":false},"excerpt":{"rendered":"","protected":false},"author":1,"featured_media":0,"parent":0,"menu_order":0,"comment_status":"closed","ping_status":"closed","template":"","meta":{"_acf_changed":true,"_helpful_status":1,"footnotes":""},"partner":[],"class_list":["post-2194","page","type-page","status-publish","hentry"],"acf":[],"yoast_head":"<!-- This site is optimized with the Yoast SEO Premium plugin v27.4 (Yoast SEO v27.4) - https:\/\/yoast.com\/product\/yoast-seo-premium-wordpress\/ -->\n<title>Contactez nous - Ohme EV France<\/title>\n<meta name=\"description\" content=\"Int\u00e9ress\u00e9s par Ohme et ses solutions de smart charging ? Nous sommes disponibles par t\u00e9l\u00e9phone et via nos formulaires. A bient\u00f4t\" \/>\n<meta name=\"robots\" content=\"index, follow, max-snippet:-1, max-image-preview:large, max-video-preview:-1\" \/>\n<link rel=\"canonical\" href=\"https:\/\/ohme-ev.com\/fr\/nous-contacter-ohme-france\/\" \/>\n<meta property=\"og:locale\" content=\"fr_FR\" \/>\n<meta property=\"og:type\" content=\"article\" \/>\n<meta property=\"og:title\" content=\"Contact us\" \/>\n<meta property=\"og:description\" content=\"Int\u00e9ress\u00e9s par Ohme et ses solutions de smart charging ? Nous sommes disponibles par t\u00e9l\u00e9phone et via nos formulaires. A bient\u00f4t\" \/>\n<meta property=\"og:url\" content=\"https:\/\/ohme-ev.com\/fr\/nous-contacter-ohme-france\/\" \/>\n<meta property=\"og:site_name\" content=\"Ohme EV France\" \/>\n<meta property=\"article:publisher\" content=\"https:\/\/www.facebook.com\/OhmeEV\/\" \/>\n<meta property=\"article:modified_time\" content=\"2025-11-26T13:03:59+00:00\" \/>\n<meta name=\"twitter:card\" content=\"summary_large_image\" \/>\n<meta name=\"twitter:site\" content=\"@ohmeev\" \/>\n<script type=\"application\/ld+json\" class=\"yoast-schema-graph\">{\"@context\":\"https:\\\/\\\/schema.org\",\"@graph\":[{\"@type\":\"WebPage\",\"@id\":\"https:\\\/\\\/ohme-ev.com\\\/fr\\\/nous-contacter-ohme-france\\\/\",\"url\":\"https:\\\/\\\/ohme-ev.com\\\/fr\\\/nous-contacter-ohme-france\\\/\",\"name\":\"Contactez nous - Ohme EV France\",\"isPartOf\":{\"@id\":\"https:\\\/\\\/ohme-ev.com\\\/fr\\\/#website\"},\"datePublished\":\"2023-07-13T08:28:13+00:00\",\"dateModified\":\"2025-11-26T13:03:59+00:00\",\"description\":\"Int\u00e9ress\u00e9s par Ohme et ses solutions de smart charging ? Nous sommes disponibles par t\u00e9l\u00e9phone et via nos formulaires. A bient\u00f4t\",\"breadcrumb\":{\"@id\":\"https:\\\/\\\/ohme-ev.com\\\/fr\\\/nous-contacter-ohme-france\\\/#breadcrumb\"},\"inLanguage\":\"fr-fr\",\"potentialAction\":[{\"@type\":\"ReadAction\",\"target\":[\"https:\\\/\\\/ohme-ev.com\\\/fr\\\/nous-contacter-ohme-france\\\/\"]}]},{\"@type\":\"BreadcrumbList\",\"@id\":\"https:\\\/\\\/ohme-ev.com\\\/fr\\\/nous-contacter-ohme-france\\\/#breadcrumb\",\"itemListElement\":[{\"@type\":\"ListItem\",\"position\":1,\"name\":\"Home\",\"item\":\"https:\\\/\\\/ohme-ev.com\\\/fr\\\/\"},{\"@type\":\"ListItem\",\"position\":2,\"name\":\"Contact us\"}]},{\"@type\":\"WebSite\",\"@id\":\"https:\\\/\\\/ohme-ev.com\\\/fr\\\/#website\",\"url\":\"https:\\\/\\\/ohme-ev.com\\\/fr\\\/\",\"name\":\"Ohme EV France\",\"description\":\"Ohme - EV Smart Charging Solutions\",\"potentialAction\":[{\"@type\":\"SearchAction\",\"target\":{\"@type\":\"EntryPoint\",\"urlTemplate\":\"https:\\\/\\\/ohme-ev.com\\\/fr\\\/?s={search_term_string}\"},\"query-input\":{\"@type\":\"PropertyValueSpecification\",\"valueRequired\":true,\"valueName\":\"search_term_string\"}}],\"inLanguage\":\"fr-fr\"}]}<\/script>\n<!-- \/ Yoast SEO Premium plugin. -->","yoast_head_json":{"title":"Contactez nous - Ohme EV France","description":"Int\u00e9ress\u00e9s par Ohme et ses solutions de smart charging ? Nous sommes disponibles par t\u00e9l\u00e9phone et via nos formulaires. A bient\u00f4t","robots":{"index":"index","follow":"follow","max-snippet":"max-snippet:-1","max-image-preview":"max-image-preview:large","max-video-preview":"max-video-preview:-1"},"canonical":"https:\/\/ohme-ev.com\/fr\/nous-contacter-ohme-france\/","og_locale":"fr_FR","og_type":"article","og_title":"Contact us","og_description":"Int\u00e9ress\u00e9s par Ohme et ses solutions de smart charging ? Nous sommes disponibles par t\u00e9l\u00e9phone et via nos formulaires. A bient\u00f4t","og_url":"https:\/\/ohme-ev.com\/fr\/nous-contacter-ohme-france\/","og_site_name":"Ohme EV France","article_publisher":"https:\/\/www.facebook.com\/OhmeEV\/","article_modified_time":"2025-11-26T13:03:59+00:00","twitter_card":"summary_large_image","twitter_site":"@ohmeev","schema":{"@context":"https:\/\/schema.org","@graph":[{"@type":"WebPage","@id":"https:\/\/ohme-ev.com\/fr\/nous-contacter-ohme-france\/","url":"https:\/\/ohme-ev.com\/fr\/nous-contacter-ohme-france\/","name":"Contactez nous - Ohme EV France","isPartOf":{"@id":"https:\/\/ohme-ev.com\/fr\/#website"},"datePublished":"2023-07-13T08:28:13+00:00","dateModified":"2025-11-26T13:03:59+00:00","description":"Int\u00e9ress\u00e9s par Ohme et ses solutions de smart charging ? Nous sommes disponibles par t\u00e9l\u00e9phone et via nos formulaires. A bient\u00f4t","breadcrumb":{"@id":"https:\/\/ohme-ev.com\/fr\/nous-contacter-ohme-france\/#breadcrumb"},"inLanguage":"fr-fr","potentialAction":[{"@type":"ReadAction","target":["https:\/\/ohme-ev.com\/fr\/nous-contacter-ohme-france\/"]}]},{"@type":"BreadcrumbList","@id":"https:\/\/ohme-ev.com\/fr\/nous-contacter-ohme-france\/#breadcrumb","itemListElement":[{"@type":"ListItem","position":1,"name":"Home","item":"https:\/\/ohme-ev.com\/fr\/"},{"@type":"ListItem","position":2,"name":"Contact us"}]},{"@type":"WebSite","@id":"https:\/\/ohme-ev.com\/fr\/#website","url":"https:\/\/ohme-ev.com\/fr\/","name":"Ohme EV France","description":"Ohme - EV Smart Charging Solutions","potentialAction":[{"@type":"SearchAction","target":{"@type":"EntryPoint","urlTemplate":"https:\/\/ohme-ev.com\/fr\/?s={search_term_string}"},"query-input":{"@type":"PropertyValueSpecification","valueRequired":true,"valueName":"search_term_string"}}],"inLanguage":"fr-fr"}]}},"_links":{"self":[{"href":"https:\/\/ohme-ev.com\/fr\/wp-json\/wp\/v2\/pages\/2194","targetHints":{"allow":["GET"]}}],"collection":[{"href":"https:\/\/ohme-ev.com\/fr\/wp-json\/wp\/v2\/pages"}],"about":[{"href":"https:\/\/ohme-ev.com\/fr\/wp-json\/wp\/v2\/types\/page"}],"author":[{"embeddable":true,"href":"https:\/\/ohme-ev.com\/fr\/wp-json\/wp\/v2\/users\/1"}],"replies":[{"embeddable":true,"href":"https:\/\/ohme-ev.com\/fr\/wp-json\/wp\/v2\/comments?post=2194"}],"version-history":[{"count":0,"href":"https:\/\/ohme-ev.com\/fr\/wp-json\/wp\/v2\/pages\/2194\/revisions"}],"wp:attachment":[{"href":"https:\/\/ohme-ev.com\/fr\/wp-json\/wp\/v2\/media?parent=2194"}],"wp:term":[{"taxonomy":"partner","embeddable":true,"href":"https:\/\/ohme-ev.com\/fr\/wp-json\/wp\/v2\/partner?post=2194"}],"curies":[{"name":"wp","href":"https:\/\/api.w.org\/{rel}","templated":true}]}}