{"id":50,"date":"2023-06-26T12:03:21","date_gmt":"2023-06-26T12:03:21","guid":{"rendered":"https:\/\/ohme-cs-dev.local\/?page_id=50"},"modified":"2026-03-25T17:00:22","modified_gmt":"2026-03-25T17:00:22","slug":"vide-en-ohme","status":"publish","type":"page","link":"https:\/\/ohme-ev.com\/es\/vide-en-ohme\/","title":{"rendered":"Vida en Ohme"},"content":{"rendered":"<div class=\"image-text-hero with-colour\" style=\"background-color: #032536;\">\n\n    <div class=\"contentWrapper imageRight mobile-image-bottom\">\n        <div class=\"content-container\">\n            <div class=\"wrapper\">\n                                    <h1>Hola, somos Ohme<\/h1>\n                \n                \n                                    <p><p>Tenemos la misi\u00f3n de acelerar la transici\u00f3n global hacia la energ\u00eda limpia proporcionando tecnolog\u00eda de carga inteligente asequible y f\u00e1cil de usar para conductores de todo el mundo.<\/p>\n<\/p>\n                \n                \n            <a href=\"https:\/\/ohme-ev.com\/es\/empleos\/\" target=\"_self\" >\n            <button class=\"ohme-btn primary button\" title=\"\">Vea nuestras vacantes<\/button>\n        <\/a>\n    \n                            <\/div>\n        <\/div>\n\n        <div class=\"image-container\">\n                            <div class=\"image-wrapper\">\n                    <img decoding=\"async\" src=\"https:\/\/ohme-ev.com\/es\/wp-content\/uploads\/sites\/17\/2023\/07\/Large-inset-header_Chizom_UK.png\" alt=\"\" \/>\n                <\/div>\n            \n                    <\/div>\n    <\/div>\n\n    <\/div>\n\n<div id=\"\" class=\"blockWrapper top-default bottom-default   \">\n\n\n<div class=\"contentWrapper textImageLeft  image\">\n            <div class=\"imageContainer\">\n            <img decoding=\"async\" loading=\"lazy\" src=\"https:\/\/ohme-ev.com\/es\/wp-content\/uploads\/sites\/17\/2023\/07\/50x50-text-image_dark-car-charging_master.png\" alt=\"\"\/>\n        <\/div>\n\n        <div class=\"textContainer\">\n        <h3 class=\"title\">Allanando el camino hacia un futuro el\u00e9ctrico. Una carga a la vez.<\/h3>\n        <h4 class=\"subtitle regular\"><\/h4>\n        <div class=\"text\"><p>En Ohme, nos centramos en dise\u00f1ar cargadores dom\u00e9sticos inteligentes que proporcionen a los conductores la potencia para aprovechar al m\u00e1ximo su veh\u00edculo el\u00e9ctrico, al mismo tiempo que les ahorramos dinero y ayudamos al planeta.<\/p>\n<p>Nuestra tecnolog\u00eda \u00fanica permite a los conductores cargar en los horarios m\u00e1s baratos y ecol\u00f3gicos disponibles. Estamos llevando la carga inteligente al siguiente nivel.<\/p>\n<p>Nuestra visi\u00f3n puede parecer ambiciosa, pero ah\u00ed es donde radica el potencial de Ohme: en la creaci\u00f3n de soluciones de carga que faciliten la transici\u00f3n a la electricidad en todo el mundo. Y apenas estamos comenzando.<\/p>\n<\/div>\n        <div class=\"buttonsContainer\">\n                    <\/div>\n            <\/div>\n<\/div>\n<\/div>\n\n<div id=\"\" class=\"blockWrapper top-default bottom-default   \">\n\n<div class=\"text-image-right \">\n    <div class=\"inner\">\n        <div class=\"text-content\">\n                        <h3 class=\"title\">\u00danase a una de las empresas de carga de veh\u00edculos el\u00e9ctricos m\u00e1s innovadoras y de r\u00e1pido crecimiento de Europa.<\/h3>\n                        <div class=\"text\"><p>Ohme encuentra sus ra\u00edces en las personas: estamos formando un equipo de personas inspiradoras y apasionadas por abrir nuevos caminos para crear un futuro m\u00e1s verde.<\/p>\n<p>Si lo suyo es cambiar las cosas en una de las industrias tecnol\u00f3gicas m\u00e1s importantes y reducir el impacto en el planeta, prep\u00e1rese para formar parte de nuestro equipo.<\/p>\n<\/div>\n                                                <div class=\"buttons\">\n                                    \n            <a href=\"https:\/\/ohme-ev.com\/es\/empleos\/\" target=\"_self\" >\n            <button class=\"ohme-btn primary button\" title=\"\">Vea las vacantes<\/button>\n        <\/a>\n                                <\/div>\n                                <\/div>\n        <div class=\"media-content\">\n                        <img decoding=\"async\" loading=\"lazy\" src=\"https:\/\/ohme-ev.com\/es\/wp-content\/uploads\/sites\/17\/2023\/07\/Mask-group.png\" alt=\"\" \/>\n                    <\/div>\n    <\/div>\n<\/div>\n\n<\/div>\n\n<div id=\"\" class=\"blockWrapper top-default bottom-default   \">\n\n<div class=\"text-image-right \">\n    <div class=\"inner\">\n        <div class=\"text-content\">\n                        <h3 class=\"title\">Conozca a David, nuestro CEO y fundador<\/h3>\n                        <div class=\"text\"><p>Antes de cofundar Ohme, David Watson cofund\u00f3 Temporis Capital. David vio la oportunidad de ajustar la demanda para satisfacer la oferta utilizando veh\u00edculos el\u00e9ctricos y cre\u00f3 Ohme con el objetivo de convertirla en la plataforma de carga inteligente m\u00e1s fiable del mundo.<\/p>\n<p>David era due\u00f1o de un Tesla y se le ocurri\u00f3 la idea de controlar la carga con un cable inteligente, ofreciendo a los clientes un control mejor y m\u00e1s visible. El primer prototipo funcional del cargador dom\u00e9stico Ohme se produjo en 2018 y la versi\u00f3n de producci\u00f3n final estuvo lista en 2019.<\/p>\n<\/div>\n                                                        <\/div>\n        <div class=\"media-content\">\n                        <img decoding=\"async\" loading=\"lazy\" src=\"https:\/\/ohme-ev.com\/es\/wp-content\/uploads\/sites\/17\/2023\/07\/ohme-ceo.png\" alt=\"\" \/>\n                    <\/div>\n    <\/div>\n<\/div>\n\n<\/div>\n\n<div id=\"\" class=\"blockWrapper top-default bottom-default   \">\n\n\n<div class=\"contentWrapper textImageLeft  image\">\n            <div class=\"imageContainer\">\n            <img decoding=\"async\" loading=\"lazy\" src=\"https:\/\/ohme-ev.com\/es\/wp-content\/uploads\/sites\/17\/2023\/07\/ohme-founder.png\" alt=\"\"\/>\n        <\/div>\n\n        <div class=\"textContainer\">\n        <h3 class=\"title\">Conozca a Derry, nuestro fundador<\/h3>\n        <h4 class=\"subtitle regular\"><\/h4>\n        <div class=\"text\"><p>Derry Guy es cofundador y presidente de Ohme. Tambi\u00e9n es director ejecutivo de Temporis Group, la empresa fuente original de Ohme.<\/p>\n<p>Temporis Group es una empresa de inversi\u00f3n especializada que genera un impacto positivo y mensurable en la reducci\u00f3n de los efectos del cambio clim\u00e1tico en consonancia con los \u201cObjetivos de Desarrollo Sostenible\u201d de las Naciones Unidas. Cofund\u00f3 Temporis para ayudar a acelerar la transici\u00f3n a la energ\u00eda verde y participar a\u00fan m\u00e1s en esa pasi\u00f3n antes de cofundar Ohme junto a David Watson.<\/p>\n<p>Anteriormente, Derry pas\u00f3 30\u00a0a\u00f1os como banquero comercial, financiero estructurado y fundador de negocios de gesti\u00f3n de activos alternativos.<\/p>\n<\/div>\n        <div class=\"buttonsContainer\">\n                    <\/div>\n            <\/div>\n<\/div>\n<\/div>\n\n<div id=\"\" class=\"blockWrapper top-default bottom-default   \">\n\n    <div class=\" keyPointsBlock\">\n        <div class=\"contentWrapper keyPoints\">\n\n                            <h3 class=\"mainTitle\">Nuestros valores y creencias<\/h3>\n            \n            \n            <div class=\"keyPointsContainer \">\n                                                            <div class=\"keyPointWrapper\">\n\n                                                            <div class=\"mediaContainer image\">\n                                    <img decoding=\"async\" src=\"https:\/\/ohme-ev.com\/es\/wp-content\/uploads\/sites\/17\/2023\/08\/Icon_do-good_master.svg\" alt=\"\" \/>\n                                <\/div>\n\n                            \n                            <h5 class=\"subtitle\">Ser \u00e9ticos<\/h5>\n                            <div class=\"copy\"><p>Nos preocupamos por las personas y el medio ambiente.<\/p>\n<\/div>\n\n                            \n                        <\/div>\n                                            <div class=\"keyPointWrapper\">\n\n                                                            <div class=\"mediaContainer image\">\n                                    <img decoding=\"async\" src=\"https:\/\/ohme-ev.com\/es\/wp-content\/uploads\/sites\/17\/2023\/08\/Icon_customer-obsessed_master.svg\" alt=\"\" \/>\n                                <\/div>\n\n                            \n                            <h5 class=\"subtitle\">Concentrados en el cliente<\/h5>\n                            <div class=\"copy\"><p>El cliente est\u00e1 en el centro de todo lo que hacemos.<\/p>\n<\/div>\n\n                            \n                        <\/div>\n                                            <div class=\"keyPointWrapper\">\n\n                                                            <div class=\"mediaContainer image\">\n                                    <img decoding=\"async\" src=\"https:\/\/ohme-ev.com\/es\/wp-content\/uploads\/sites\/17\/2023\/08\/Icon_collaborative_master.svg\" alt=\"\" \/>\n                                <\/div>\n\n                            \n                            <h5 class=\"subtitle\">Colaborativos<\/h5>\n                            <div class=\"copy\"><p>Creemos que nuestro \u00e9xito se basa en relaciones s\u00f3lidas.<\/p>\n<\/div>\n\n                            \n                        <\/div>\n                                            <div class=\"keyPointWrapper\">\n\n                                                            <div class=\"mediaContainer image\">\n                                    <img decoding=\"async\" src=\"https:\/\/ohme-ev.com\/es\/wp-content\/uploads\/sites\/17\/2023\/08\/Icon_progressive_master.svg\" alt=\"\" \/>\n                                <\/div>\n\n                            \n                            <h5 class=\"subtitle\">Innovar, siempre<\/h5>\n                            <div class=\"copy\"><p>Innovamos, alteramos y siempre estamos aprendiendo.<\/p>\n<\/div>\n\n                            \n                        <\/div>\n                                            <div class=\"keyPointWrapper\">\n\n                                                            <div class=\"mediaContainer image\">\n                                    <img decoding=\"async\" src=\"https:\/\/ohme-ev.com\/es\/wp-content\/uploads\/sites\/17\/2023\/08\/Icon_brave_master.svg\" alt=\"\" \/>\n                                <\/div>\n\n                            \n                            <h5 class=\"subtitle\">Valientes<\/h5>\n                            <div class=\"copy\"><p>Probamos cosas nuevas y aprovechamos las posibilidades.<\/p>\n<\/div>\n\n                            \n                        <\/div>\n                                                <\/div>\n\n            <div class=\"cta-container\">\n                <div class=\"buttonsContainer\">\n                                    <\/div>\n            <\/div>\n\n        <\/div>\n    <\/div>\n\n<\/div>\n\n<div id=\"\" class=\"blockWrapper top-default bottom-default   \">\n\n    <div class=\"bgColour\">\n\n        <div class=\"threeColumnWrapper \">\n            <h2 class=\"title\">Escuchamos a nuestra gente<\/h2>\n            <p class=\"subtitle regular \" style=\"\">Sabemos que las mejores ideas nacen cuando trabajamos juntos. Conoce al equipo que est\u00e1 haciendo realidad un futuro de carga m\u00e1s inteligente, sostenible y econ\u00f3mica.<\/p>\n            <div class=\"columnsContainer\">\n                                        <div class=\"column\">\n                            <div class=\"imageContainer \">\n                                                                    <img loading=\"lazy\" decoding=\"async\" width=\"334\" height=\"242\" src=\"https:\/\/ohme-ev.com\/es\/wp-content\/uploads\/sites\/17\/2024\/02\/roberto-fauda-pichet-334x242.webp\" class=\"attachment-column_hero size-column_hero\" alt=\"\" srcset=\"https:\/\/ohme-ev.com\/es\/wp-content\/uploads\/sites\/17\/2024\/02\/roberto-fauda-pichet-334x242.webp 334w, https:\/\/ohme-ev.com\/es\/wp-content\/uploads\/sites\/17\/2024\/02\/roberto-fauda-pichet-300x217.webp 300w, https:\/\/ohme-ev.com\/es\/wp-content\/uploads\/sites\/17\/2024\/02\/roberto-fauda-pichet-254x184.webp 254w, https:\/\/ohme-ev.com\/es\/wp-content\/uploads\/sites\/17\/2024\/02\/roberto-fauda-pichet.webp 340w\" sizes=\"auto, (max-width: 334px) 100vw, 334px\" \/>\n                                                            <\/div>\n\n                            <div>\n                                <p class=\"label\">T\u00e9cnico de preventa<\/p>\n                                <p class=\"subtitleColumn\">Roberto Fauda Pichet<\/p>\n                                <div class=\"body\"><p>\u201cDesde el primer d\u00eda encontr\u00e9 un equipo que me apoy\u00f3 y estaba dispuesto a ayudarme a crecer. Lo que inicialmente me atrajo fue la ambiciosa visi\u00f3n de la empresa para la carga de veh\u00edculos el\u00e9ctricos en casa. Despu\u00e9s de experimentar nuestro din\u00e1mico entorno de oficina, est\u00e1 claro que Ohme representa el futuro de la carga de veh\u00edculos el\u00e9ctricos y estoy encantado de ser parte de ello\u201d.<\/p>\n<\/div>\n                            <\/div>\n                        <\/div>\n                                                <div class=\"column\">\n                            <div class=\"imageContainer \">\n                                                                    <img loading=\"lazy\" decoding=\"async\" width=\"334\" height=\"242\" src=\"https:\/\/ohme-ev.com\/es\/wp-content\/uploads\/sites\/17\/2024\/02\/kimberley-pinheiro-334x242.webp\" class=\"attachment-column_hero size-column_hero\" alt=\"\" srcset=\"https:\/\/ohme-ev.com\/es\/wp-content\/uploads\/sites\/17\/2024\/02\/kimberley-pinheiro-334x242.webp 334w, https:\/\/ohme-ev.com\/es\/wp-content\/uploads\/sites\/17\/2024\/02\/kimberley-pinheiro-300x217.webp 300w, https:\/\/ohme-ev.com\/es\/wp-content\/uploads\/sites\/17\/2024\/02\/kimberley-pinheiro-254x184.webp 254w, https:\/\/ohme-ev.com\/es\/wp-content\/uploads\/sites\/17\/2024\/02\/kimberley-pinheiro.webp 340w\" sizes=\"auto, (max-width: 334px) 100vw, 334px\" \/>\n                                                            <\/div>\n\n                            <div>\n                                <p class=\"label\">Gerente de desarrollo comercial<\/p>\n                                <p class=\"subtitleColumn\">Kimberley Pinheiro<\/p>\n                                <div class=\"body\"><p>\u201cDecid\u00ed unirme a Ohme porque compartimos la misi\u00f3n de hacer del mundo un lugar mejor contribuyendo a la transici\u00f3n global de la movilidad el\u00e9ctrica. Adem\u00e1s, estoy entusiasmada con el desaf\u00edo de expandir nuestra marca a nivel internacional con el apoyo de un equipo excepcional. Juntos, estamos impulsando el progreso hacia un futuro m\u00e1s sostenible\u201d.<\/p>\n<\/div>\n                            <\/div>\n                        <\/div>\n                                                <div class=\"column\">\n                            <div class=\"imageContainer \">\n                                                                    <img loading=\"lazy\" decoding=\"async\" width=\"334\" height=\"242\" src=\"https:\/\/ohme-ev.com\/es\/wp-content\/uploads\/sites\/17\/2026\/03\/pau-de-la-torre-334x242.webp\" class=\"attachment-column_hero size-column_hero\" alt=\"\" srcset=\"https:\/\/ohme-ev.com\/es\/wp-content\/uploads\/sites\/17\/2026\/03\/pau-de-la-torre-334x242.webp 334w, https:\/\/ohme-ev.com\/es\/wp-content\/uploads\/sites\/17\/2026\/03\/pau-de-la-torre-300x217.webp 300w, https:\/\/ohme-ev.com\/es\/wp-content\/uploads\/sites\/17\/2026\/03\/pau-de-la-torre-254x184.webp 254w, https:\/\/ohme-ev.com\/es\/wp-content\/uploads\/sites\/17\/2026\/03\/pau-de-la-torre.webp 340w\" sizes=\"auto, (max-width: 334px) 100vw, 334px\" \/>\n                                                            <\/div>\n\n                            <div>\n                                <p class=\"label\">Senior Business Development Manager<\/p>\n                                <p class=\"subtitleColumn\">Pau de la torre<\/p>\n                                <div class=\"body\"><p>\u201cDesde el principio me atrajo la visi\u00f3n de Ohme de transformar la forma en la que gestionamos la energ\u00eda y la carga de veh\u00edculos el\u00e9ctricos. Como alguien apasionado por la tecnolog\u00eda y el desarrollo, trabajar en ventas aqu\u00ed me permite estar en contacto directo con soluciones innovadoras que marcan la diferencia. Es motivador formar parte de un equipo que est\u00e1 construyendo un futuro m\u00e1s sostenible.\u201d<\/p>\n<\/div>\n                            <\/div>\n                        <\/div>\n                                    <\/div>\n                            <div class=\"buttonsContainer\">\n                    \n            <a href=\"https:\/\/ohme-ev.com\/es\/empleos\/\" target=\"_self\" >\n            <button class=\"ohme-btn secondaryLight button\" title=\"\">\u00bfQuieres ser parte del equipo?<\/button>\n        <\/a>\n                    <\/div>\n                    <\/div>\n    <\/div>\n<\/div>","protected":false},"excerpt":{"rendered":"","protected":false},"author":1,"featured_media":0,"parent":0,"menu_order":0,"comment_status":"closed","ping_status":"closed","template":"","meta":{"_acf_changed":true,"_helpful_status":1,"footnotes":""},"partner":[],"class_list":["post-50","page","type-page","status-publish","hentry"],"acf":[],"yoast_head":"<!-- This site is optimized with the Yoast SEO Premium plugin v27.3 (Yoast SEO v27.3) - https:\/\/yoast.com\/product\/yoast-seo-premium-wordpress\/ -->\n<title>Vida en Ohme - Ohme EV Espa\u00f1a<\/title>\n<meta name=\"robots\" content=\"index, follow, max-snippet:-1, max-image-preview:large, max-video-preview:-1\" \/>\n<link rel=\"canonical\" href=\"https:\/\/ohme-ev.com\/es\/vide-en-ohme\/\" \/>\n<meta property=\"og:locale\" content=\"es_ES\" \/>\n<meta property=\"og:type\" content=\"article\" \/>\n<meta property=\"og:title\" content=\"Vida en Ohme\" \/>\n<meta property=\"og:url\" content=\"https:\/\/ohme-ev.com\/es\/vide-en-ohme\/\" \/>\n<meta property=\"og:site_name\" content=\"Ohme EV Espa\u00f1a\" \/>\n<meta property=\"article:publisher\" content=\"https:\/\/www.facebook.com\/OhmeEV\/\" \/>\n<meta property=\"article:modified_time\" content=\"2026-03-25T17:00:22+00:00\" \/>\n<meta name=\"twitter:card\" content=\"summary_large_image\" \/>\n<meta name=\"twitter:site\" content=\"@ohmeev\" \/>\n<script type=\"application\/ld+json\" class=\"yoast-schema-graph\">{\"@context\":\"https:\\\/\\\/schema.org\",\"@graph\":[{\"@type\":\"WebPage\",\"@id\":\"https:\\\/\\\/ohme-ev.com\\\/es\\\/vide-en-ohme\\\/\",\"url\":\"https:\\\/\\\/ohme-ev.com\\\/es\\\/vide-en-ohme\\\/\",\"name\":\"Vida en Ohme - Ohme EV Espa\u00f1a\",\"isPartOf\":{\"@id\":\"https:\\\/\\\/ohme-ev.com\\\/es\\\/#website\"},\"datePublished\":\"2023-06-26T12:03:21+00:00\",\"dateModified\":\"2026-03-25T17:00:22+00:00\",\"breadcrumb\":{\"@id\":\"https:\\\/\\\/ohme-ev.com\\\/es\\\/vide-en-ohme\\\/#breadcrumb\"},\"inLanguage\":\"es-es\",\"potentialAction\":[{\"@type\":\"ReadAction\",\"target\":[\"https:\\\/\\\/ohme-ev.com\\\/es\\\/vide-en-ohme\\\/\"]}]},{\"@type\":\"BreadcrumbList\",\"@id\":\"https:\\\/\\\/ohme-ev.com\\\/es\\\/vide-en-ohme\\\/#breadcrumb\",\"itemListElement\":[{\"@type\":\"ListItem\",\"position\":1,\"name\":\"Home\",\"item\":\"https:\\\/\\\/ohme-ev.com\\\/es\\\/\"},{\"@type\":\"ListItem\",\"position\":2,\"name\":\"Vida en Ohme\"}]},{\"@type\":\"WebSite\",\"@id\":\"https:\\\/\\\/ohme-ev.com\\\/es\\\/#website\",\"url\":\"https:\\\/\\\/ohme-ev.com\\\/es\\\/\",\"name\":\"Ohme EV Espa\u00f1a\",\"description\":\"Ohme - Cargando El Ma\u00f1ana\",\"publisher\":{\"@id\":\"https:\\\/\\\/ohme-ev.com\\\/es\\\/#organization\"},\"potentialAction\":[{\"@type\":\"SearchAction\",\"target\":{\"@type\":\"EntryPoint\",\"urlTemplate\":\"https:\\\/\\\/ohme-ev.com\\\/es\\\/?s={search_term_string}\"},\"query-input\":{\"@type\":\"PropertyValueSpecification\",\"valueRequired\":true,\"valueName\":\"search_term_string\"}}],\"inLanguage\":\"es-es\"},{\"@type\":\"Organization\",\"@id\":\"https:\\\/\\\/ohme-ev.com\\\/es\\\/#organization\",\"name\":\"Ohme EV Espa\u00f1a\",\"alternateName\":\"Ohme\",\"url\":\"https:\\\/\\\/ohme-ev.com\\\/es\\\/\",\"logo\":{\"@type\":\"ImageObject\",\"inLanguage\":\"es-es\",\"@id\":\"https:\\\/\\\/ohme-ev.com\\\/es\\\/#\\\/schema\\\/logo\\\/image\\\/\",\"url\":\"https:\\\/\\\/ohme-ev.com\\\/es\\\/wp-content\\\/uploads\\\/sites\\\/17\\\/2025\\\/05\\\/Vector-1-e1747753854161.webp\",\"contentUrl\":\"https:\\\/\\\/ohme-ev.com\\\/es\\\/wp-content\\\/uploads\\\/sites\\\/17\\\/2025\\\/05\\\/Vector-1-e1747753854161.webp\",\"width\":86,\"height\":81,\"caption\":\"Ohme EV Espa\u00f1a\"},\"image\":{\"@id\":\"https:\\\/\\\/ohme-ev.com\\\/es\\\/#\\\/schema\\\/logo\\\/image\\\/\"},\"sameAs\":[\"https:\\\/\\\/www.facebook.com\\\/OhmeEV\\\/\",\"https:\\\/\\\/x.com\\\/ohmeev\"]}]}<\/script>\n<!-- \/ Yoast SEO Premium plugin. -->","yoast_head_json":{"title":"Vida en Ohme - Ohme EV Espa\u00f1a","robots":{"index":"index","follow":"follow","max-snippet":"max-snippet:-1","max-image-preview":"max-image-preview:large","max-video-preview":"max-video-preview:-1"},"canonical":"https:\/\/ohme-ev.com\/es\/vide-en-ohme\/","og_locale":"es_ES","og_type":"article","og_title":"Vida en Ohme","og_url":"https:\/\/ohme-ev.com\/es\/vide-en-ohme\/","og_site_name":"Ohme EV Espa\u00f1a","article_publisher":"https:\/\/www.facebook.com\/OhmeEV\/","article_modified_time":"2026-03-25T17:00:22+00:00","twitter_card":"summary_large_image","twitter_site":"@ohmeev","schema":{"@context":"https:\/\/schema.org","@graph":[{"@type":"WebPage","@id":"https:\/\/ohme-ev.com\/es\/vide-en-ohme\/","url":"https:\/\/ohme-ev.com\/es\/vide-en-ohme\/","name":"Vida en Ohme - Ohme EV Espa\u00f1a","isPartOf":{"@id":"https:\/\/ohme-ev.com\/es\/#website"},"datePublished":"2023-06-26T12:03:21+00:00","dateModified":"2026-03-25T17:00:22+00:00","breadcrumb":{"@id":"https:\/\/ohme-ev.com\/es\/vide-en-ohme\/#breadcrumb"},"inLanguage":"es-es","potentialAction":[{"@type":"ReadAction","target":["https:\/\/ohme-ev.com\/es\/vide-en-ohme\/"]}]},{"@type":"BreadcrumbList","@id":"https:\/\/ohme-ev.com\/es\/vide-en-ohme\/#breadcrumb","itemListElement":[{"@type":"ListItem","position":1,"name":"Home","item":"https:\/\/ohme-ev.com\/es\/"},{"@type":"ListItem","position":2,"name":"Vida en Ohme"}]},{"@type":"WebSite","@id":"https:\/\/ohme-ev.com\/es\/#website","url":"https:\/\/ohme-ev.com\/es\/","name":"Ohme EV Espa\u00f1a","description":"Ohme - Cargando El Ma\u00f1ana","publisher":{"@id":"https:\/\/ohme-ev.com\/es\/#organization"},"potentialAction":[{"@type":"SearchAction","target":{"@type":"EntryPoint","urlTemplate":"https:\/\/ohme-ev.com\/es\/?s={search_term_string}"},"query-input":{"@type":"PropertyValueSpecification","valueRequired":true,"valueName":"search_term_string"}}],"inLanguage":"es-es"},{"@type":"Organization","@id":"https:\/\/ohme-ev.com\/es\/#organization","name":"Ohme EV Espa\u00f1a","alternateName":"Ohme","url":"https:\/\/ohme-ev.com\/es\/","logo":{"@type":"ImageObject","inLanguage":"es-es","@id":"https:\/\/ohme-ev.com\/es\/#\/schema\/logo\/image\/","url":"https:\/\/ohme-ev.com\/es\/wp-content\/uploads\/sites\/17\/2025\/05\/Vector-1-e1747753854161.webp","contentUrl":"https:\/\/ohme-ev.com\/es\/wp-content\/uploads\/sites\/17\/2025\/05\/Vector-1-e1747753854161.webp","width":86,"height":81,"caption":"Ohme EV Espa\u00f1a"},"image":{"@id":"https:\/\/ohme-ev.com\/es\/#\/schema\/logo\/image\/"},"sameAs":["https:\/\/www.facebook.com\/OhmeEV\/","https:\/\/x.com\/ohmeev"]}]}},"_links":{"self":[{"href":"https:\/\/ohme-ev.com\/es\/wp-json\/wp\/v2\/pages\/50","targetHints":{"allow":["GET"]}}],"collection":[{"href":"https:\/\/ohme-ev.com\/es\/wp-json\/wp\/v2\/pages"}],"about":[{"href":"https:\/\/ohme-ev.com\/es\/wp-json\/wp\/v2\/types\/page"}],"author":[{"embeddable":true,"href":"https:\/\/ohme-ev.com\/es\/wp-json\/wp\/v2\/users\/1"}],"replies":[{"embeddable":true,"href":"https:\/\/ohme-ev.com\/es\/wp-json\/wp\/v2\/comments?post=50"}],"version-history":[{"count":0,"href":"https:\/\/ohme-ev.com\/es\/wp-json\/wp\/v2\/pages\/50\/revisions"}],"wp:attachment":[{"href":"https:\/\/ohme-ev.com\/es\/wp-json\/wp\/v2\/media?parent=50"}],"wp:term":[{"taxonomy":"partner","embeddable":true,"href":"https:\/\/ohme-ev.com\/es\/wp-json\/wp\/v2\/partner?post=50"}],"curies":[{"name":"wp","href":"https:\/\/api.w.org\/{rel}","templated":true}]}}