{"id":3549,"date":"2025-07-28T15:04:35","date_gmt":"2025-07-28T15:04:35","guid":{"rendered":"https:\/\/ohme-ev.com\/es\/?page_id=3549"},"modified":"2025-09-16T15:05:37","modified_gmt":"2025-09-16T15:05:37","slug":"como-funcionan-cargadores-ohme","status":"publish","type":"page","link":"https:\/\/ohme-ev.com\/es\/como-funcionan-cargadores-ohme\/","title":{"rendered":"C\u00f3mo funcionan nuestros cargadores"},"content":{"rendered":"<div class=\"image-text-hero with-image gradient-enabled gradient-vertical has-mobile-bg\" style=\"--bg-desktop: url(&#039;https:\/\/ohme-ev.com\/es\/wp-content\/uploads\/sites\/17\/2025\/09\/How-our-chargers-work-Desktop.webp&#039;); --bg-mobile: url(&#039;https:\/\/ohme-ev.com\/es\/wp-content\/uploads\/sites\/17\/2025\/09\/How-our-chargers-work-Mobile.webp&#039;);\">\n\n    <div class=\"contentWrapper imageRight mobile-image-bottom\">\n        <div class=\"content-container\">\n            <div class=\"wrapper\">\n                                    <h1>C\u00f3mo funcionan nuestros cargadores<\/h1>\n                \n                \n                                    <p><p>Hemos dise\u00f1ado y desarrollado dos cargadores dom\u00e9sticos de vanguardia para que aproveches al m\u00e1ximo tu veh\u00edculo el\u00e9ctrico. La exclusiva tecnolog\u00eda de carga inteligente de Ohme utiliza datos en tiempo real para ofrecerte una carga m\u00e1s inteligente, ecol\u00f3gica y econ\u00f3mica.<\/p>\n<\/p>\n                \n                \n\n                            <\/div>\n        <\/div>\n\n        <div class=\"image-container\">\n            \n                    <\/div>\n    <\/div>\n\n    <\/div>\n\n<div id=\"\" class=\"blockWrapper top-default bottom-default   \">\n\n    <div class=\"addColour keyPointsBlock\">\n        <div class=\"contentWrapper keyPoints\">\n\n            \n            \n            <div class=\"keyPointsContainer \">\n                                                            <div class=\"keyPointWrapper\">\n\n                                                            <div class=\"mediaContainer image\">\n                                    <img decoding=\"async\" src=\"https:\/\/ohme-ev.com\/es\/wp-content\/uploads\/sites\/17\/2023\/07\/3-column-icons_dynamic-charging_master.svg\" alt=\"\" \/>\n                                <\/div>\n\n                            \n                            <h5 class=\"subtitle\">Carga din\u00e1mica<\/h5>\n                            <div class=\"copy\"><p>Nuestros cargadores utilizan datos en tiempo real para iniciar y detener la carga, aline\u00e1ndose con los per\u00edodos de baja demanda energ\u00e9tica, cuando los precios son m\u00e1s bajos. Optimizan de manera fiable tus sesiones de carga mientras equilibran la red el\u00e9ctrica.<\/p>\n<\/div>\n\n                            \n                        <\/div>\n                                            <div class=\"keyPointWrapper\">\n\n                                                            <div class=\"mediaContainer image\">\n                                    <img decoding=\"async\" src=\"https:\/\/ohme-ev.com\/es\/wp-content\/uploads\/sites\/17\/2023\/07\/3-column-icons_any-tariff_master.svg\" alt=\"\" \/>\n                                <\/div>\n\n                            \n                            <h5 class=\"subtitle\">Cualquier tarifa energ\u00e9tica<\/h5>\n                            <div class=\"copy\"><p>Somos el \u00fanico proveedor de carga para VEs integrado con tarifas como Intelligent Octopus y OVO Charge Anytime en el Reino Unido. Aunque nuestros cargadores son compatibles, esta funcionalidad a\u00fan no est\u00e1 disponible en Espa\u00f1a.<\/p>\n<\/div>\n\n                            \n                        <\/div>\n                                            <div class=\"keyPointWrapper\">\n\n                                                            <div class=\"mediaContainer image\">\n                                    <img decoding=\"async\" src=\"https:\/\/ohme-ev.com\/es\/wp-content\/uploads\/sites\/17\/2023\/07\/3-column-icons_next-generation_master.svg\" alt=\"\" \/>\n                                <\/div>\n\n                            \n                            <h5 class=\"subtitle\">Nueva generaci\u00f3n, ahora<\/h5>\n                            <div class=\"copy\"><p>Aprovecha las actualizaciones tecnol\u00f3gicas por aire para mantenerte a la vanguardia en la carga de coches el\u00e9ctricos. Es simple: una vez conectado a la nube de Ohme, podr\u00e1s acceder a nuevas funciones en cuanto est\u00e9n disponibles.<\/p>\n<\/div>\n\n                            \n                        <\/div>\n                                                <\/div>\n\n            <div class=\"cta-container\">\n                <div class=\"buttonsContainer\">\n                    \n\n                <\/div>\n            <\/div>\n\n        <\/div>\n    <\/div>\n\n<\/div>\n\n<div id=\"\" class=\"blockWrapper top-default bottom-default   \">\n\n\n<div class=\"charging-comparison contentWrapper\">\n<div >\n  <h3 class=\"title\">Carga din\u00e1mica inigualable<\/h3>\n  <div class=\"itemsContainer\">\n            <div class=\"itemWrapper\">\n            <div class=\"sectionTop\">\n            <h5 class=\"subtitle\">Carga est\u00e1ndar<\/h5>\n            <div class=\"copy\"><p>Sesi\u00f3n de carga con tarifa est\u00e1ndar utilizando un programa b\u00e1sico de inicio\/parada. El coche se carga hasta alcanzar el objetivo de carga, y el precio de la energ\u00eda consumida es el mismo durante toda la ventana de carga, acumul\u00e1ndose.<\/p>\n<\/div>\n            <\/div>\n            <div class=\"sectionBottom\">\n            <div class=\"imgContainer\">\n            <img decoding=\"async\" src=\"https:\/\/ohme-ev.com\/es\/wp-content\/uploads\/sites\/17\/2023\/07\/2-image-module_standard-charging_UK.png\" alt=\"\" \/>\n          <\/div>\n          <div class=\"costInfoContainer\">\n          <p class=\"description\">Ventana de carga est\u00e1ndar o de carga en horas valle<\/p>\n          <p class=\"cost\"><\/p>\n          <\/div>\n          <\/div>\n        <\/div>\n            <div class=\"itemWrapper\">\n            <div class=\"sectionTop\">\n            <h5 class=\"subtitle\">Carga din\u00e1mica<\/h5>\n            <div class=\"copy\"><p>Los cargadores Ohme utilizan datos en tiempo real de la red para alcanzar autom\u00e1ticamente el nivel de carga deseado dentro de un horario. El coche se carga cuando la demanda de electricidad es m\u00e1s baja y los precios son m\u00e1s econ\u00f3micos, sin dejar de cumplir con el objetivo de carga deseado.<\/p>\n<\/div>\n            <\/div>\n            <div class=\"sectionBottom\">\n            <div class=\"imgContainer\">\n            <img decoding=\"async\" src=\"https:\/\/ohme-ev.com\/es\/wp-content\/uploads\/sites\/17\/2023\/07\/2-image-module_dynamic-charging_UK.png\" alt=\"\" \/>\n          <\/div>\n          <div class=\"costInfoContainer\">\n          <p class=\"description\">Ventana de carga inteligente: m\u00e1s econ\u00f3mica y ecol\u00f3gica<\/p>\n          <p class=\"cost\"><\/p>\n          <\/div>\n          <\/div>\n        <\/div>\n        <\/div>\n<\/div>\n<\/div>\n<\/div>\n\n<div id=\"\" class=\"blockWrapper top- bottom-   \">\n\n    <div class=\"step-by-step contentWrapper bg-grey\">\n                <div class=\"contentContainer\">\n            <div class=\"videoInfo\">\n                                    <div class=\"video-block video\">\n                        <div class=\"videoWrapper\">\n                                                                                            <div class=\"vimeo-embed\">\n                                    <iframe src=\"\/\/player.vimeo.com\/video\/1104394198?h=fe4a0ad98c&#038;badge=0&#038;autopause=0&#038;player_id=0&#038;app_id=58479\" allow=\"autoplay; fullscreen;\" title=\"\"><\/iframe>\n                                <\/div>\n                                                                                    <\/div>\n                                            <\/div>\n                            <\/div>\n            <div class=\"infoWrapper\">\n                                                <h2 class=\"title\">Impulsa tu coche con la energ\u00eda del sol<\/h2>\n                                <div><p>Di hola a Solar Boost: nuestra \u00faltima funci\u00f3n desarrollada para que puedas usar tu Ohme Home Pro o Ohme ePod para cargar tu veh\u00edculo el\u00e9ctrico con el excedente de energ\u00eda solar generada. Reduce la dependencia de la red mientras aseguras que tu coche est\u00e9 siempre listo, sin importar el clima. Haciendo que la carga sea a\u00fan m\u00e1s inteligente, econ\u00f3mica y sostenible para los conductores.<\/p>\n<\/div>\n                                <div class=\"buttonsContainer\">\n                    \n            <a href=\"https:\/\/ohme-ev.com\/es\/support\/como-cargar-con-solar-boost\/\" target=\"_self\" >\n            <button class=\"ohme-btn primary button\" title=\"\">M\u00e1s informaci\u00f3n<\/button>\n        <\/a>\n                    <\/div>\n                            <\/div>\n        <\/div>\n    <\/div>\n\n<\/div>\n\n<div id=\"\" class=\"blockWrapper top-default bottom-default   \">\n\n    <div class=\"contentWrapper largeTile \">\n        <div class=\"productsContainer\">\n                                            <div class=\"productWrapper\" style=\"background-image: url('https:\/\/ohme-ev.com\/es\/wp-content\/uploads\/sites\/17\/2023\/07\/gradientBg.png');\" data-product-type=\"Home Pro\">\n                    <h3 class=\"title\">Ohme Home Pro<\/h3>\n                    <h6 class=\"subtitle\">Con una pantalla a color y un cable conectado para alimentar su veh\u00edculo el\u00e9ctrico de forma sencilla<\/h6>\n                    <div class=\"buttonsContainer\">\n                                                    \n            <a href=\"https:\/\/survey.ohme-ev.com\/survey\/direct?partnerId=8e31ca5e-d0b7-4acd-a53f-74fdfcc78785&#038;journeyId=b02e494b-93a5-4f7e-89b1-7a7c61154883&#038;region=es\" target=\"_blank\" rel=\"noopener\">\n            <button class=\"ohme-btn survey primary button\" title=\"\">Obtenga un presupuesto<\/button>\n        <\/a>\n\n    \n            <a href=\"https:\/\/ohme-ev.com\/es\/producto\/ohme-home-pro\/\" target=\"_self\" >\n            <button class=\"ohme-btn secondaryDark button\" title=\"\">M\u00e1s informaci\u00f3n<\/button>\n        <\/a>\n                                                <\/div>\n                    <div class=\"imageContainer\">\n                        <img decoding=\"async\" src=\"https:\/\/ohme-ev.com\/es\/wp-content\/uploads\/sites\/17\/2023\/07\/Specs_Home-Pro-cut-out_UK.png\" alt=\"\" \/>\n                    <\/div>\n                    <p class=\"shortText\"><\/p>\n                <\/div>\n                                <div class=\"productWrapper\" style=\"background-image: url('https:\/\/ohme-ev.com\/es\/wp-content\/uploads\/sites\/17\/2023\/07\/gradientBg.png');\" data-product-type=\"ePod\">\n                    <h3 class=\"title\">Ohme ePod<\/h3>\n                    <h6 class=\"subtitle\">Con un dise\u00f1o m\u00e1s compacto y discreto, listo para su cable tipo 1 o 2<\/h6>\n                    <div class=\"buttonsContainer\">\n                                                    \n            <a href=\"https:\/\/survey.ohme-ev.com\/survey\/direct?partnerId=8e31ca5e-d0b7-4acd-a53f-74fdfcc78785&#038;journeyId=b02e494b-93a5-4f7e-89b1-7a7c61154883&#038;region=es\" target=\"_blank\" rel=\"noopener\">\n            <button class=\"ohme-btn survey primary button\" title=\"\">Obtenga un presupuesto<\/button>\n        <\/a>\n\n    \n            <a href=\"https:\/\/ohme-ev.com\/es\/producto\/ohme-epod\/\" target=\"_self\" >\n            <button class=\"ohme-btn secondaryDark button\" title=\"\">M\u00e1s informaci\u00f3n<\/button>\n        <\/a>\n                                                <\/div>\n                    <div class=\"imageContainer\">\n                        <img decoding=\"async\" src=\"https:\/\/ohme-ev.com\/es\/wp-content\/uploads\/sites\/17\/2023\/08\/product_ePod-cut-out_master.png\" alt=\"\" \/>\n                    <\/div>\n                    <p class=\"shortText\"><\/p>\n                <\/div>\n                                    <\/div>\n    <\/div>\n\n<\/div>\n\n<div id=\"\" class=\"blockWrapper top-default bottom-default   \">\n\n<div class=\"text-image-right bg-white\">\n    <div class=\"inner\">\n        <div class=\"text-content\">\n                        <h3 class=\"title\">La integraci\u00f3n de tarifas energ\u00e9ticas, m\u00e1s f\u00e1cil que nunca<\/h3>\n                        <div class=\"text\"><p>Somos el \u00fanico proveedor de carga para veh\u00edculos el\u00e9ctricos que se integra con todas las tarifas energ\u00e9ticas, incluidas. Esto te permite cargar a un precio incre\u00edblemente bajo, ahorrando dinero y ayudando al planeta.<\/p>\n<\/div>\n                                                <div class=\"buttons\">\n                                    \n            <a href=\"https:\/\/ohme-ev.com\/es\/app-carga-coches-electricos\/\" target=\"_self\" >\n            <button class=\"ohme-btn primary button\" title=\"\">Conozca la app de Ohme<\/button>\n        <\/a>\n                                <\/div>\n                                <\/div>\n        <div class=\"media-content\">\n                        <img decoding=\"async\" loading=\"lazy\" src=\"https:\/\/ohme-ev.com\/es\/wp-content\/uploads\/sites\/17\/2023\/07\/50x50_spain-app-3_es.webp\" alt=\"\" \/>\n                    <\/div>\n    <\/div>\n<\/div>\n\n<\/div>\n\n<div id=\"\" class=\"blockWrapper top-default bottom-default   \">\n\n<div class=\"info bg-grey\">\n    <div class=\"contentWrapper\">\n                    <h2>\n                Nuevo en el mundo de la movilidad el\u00e9ctrica?            <\/h2>\n                <div class=\"text\">\n            <p>Aqu\u00ed tienes todo lo que un nuevo conductor de veh\u00edculo el\u00e9ctrico necesita saber sobre la carga en casa.<\/p>\n        <\/div>\n                        <div class=\"buttonsWrapper\">\n                        \n            <a href=\"https:\/\/ohme-ev.com\/es\/nuevo-en-el-mundo-de-los-vehiculos-electricos\/\" target=\"_self\" >\n            <button class=\"ohme-btn primary button\" title=\"\">Enchufar<\/button>\n        <\/a>\n                        <\/div>\n            <\/div>\n<\/div>\n\n<\/div>\n\n<div id=\"\" class=\"blockWrapper top-default bottom-default   \">\n\n<div class=\"standalone-tiles\">\n    <h2>\u00bfQuieres saber m\u00e1s?<\/h2>\n    \n    <div class=\"tiles-wrapper\">\n                                <a href=\"https:\/\/ohme-ev.com\/es\/blog\/cargador-inteligente-home-pro\/\" class=\"tile\">\n                <div class=\"tile-main\">\n                    <div class=\"tile-image\">\n                        <img loading=\"lazy\" decoding=\"async\" width=\"150\" height=\"150\" src=\"https:\/\/ohme-ev.com\/es\/wp-content\/uploads\/sites\/17\/2023\/07\/volvo-homepro-v3-150x150.jpg\" class=\"attachment-thumbnail size-thumbnail wp-post-image\" alt=\"Coche el\u00e9ctrico beneficiado por el Plan MOVES 2025 ayudas movilidad el\u00e9ctrica.\" srcset=\"https:\/\/ohme-ev.com\/es\/wp-content\/uploads\/sites\/17\/2023\/07\/volvo-homepro-v3-150x150.jpg 150w, https:\/\/ohme-ev.com\/es\/wp-content\/uploads\/sites\/17\/2023\/07\/volvo-homepro-v3-600x600.jpg 600w\" sizes=\"auto, (max-width: 150px) 100vw, 150px\" \/>                    <\/div>\n                    <div class=\"tile-heading\">\n                        <p>\u00bfYa conoces\u2026 el Ohme Home Pro?<\/p>\n                    <\/div>\n                <\/div>\n                <div class=\"tile-footer\">\n                    <div class=\"metadata\">\n                        <p>February 25 2025<\/p>\n                        <span class=\"arrow\"><\/span>\n                    <\/div>\n                <\/div>\n            <\/a>\n                        <a href=\"https:\/\/ohme-ev.com\/es\/blog\/coches-electricos-2025\/\" class=\"tile\">\n                <div class=\"tile-main\">\n                    <div class=\"tile-image\">\n                        <img loading=\"lazy\" decoding=\"async\" width=\"150\" height=\"150\" src=\"https:\/\/ohme-ev.com\/es\/wp-content\/uploads\/sites\/17\/2024\/12\/ezgif-4-c104effc09-150x150.webp\" class=\"attachment-thumbnail size-thumbnail wp-post-image\" alt=\"\" \/>                    <\/div>\n                    <div class=\"tile-heading\">\n                        <p>Cinco coches el\u00e9ctricos nuevos que llegar\u00e1n en 2025<\/p>\n                    <\/div>\n                <\/div>\n                <div class=\"tile-footer\">\n                    <div class=\"metadata\">\n                        <p>December 18 2024<\/p>\n                        <span class=\"arrow\"><\/span>\n                    <\/div>\n                <\/div>\n            <\/a>\n                        <a href=\"https:\/\/ohme-ev.com\/es\/blog\/plan-moves-2025-ayudas-movilidad-electrica\/\" class=\"tile\">\n                <div class=\"tile-main\">\n                    <div class=\"tile-image\">\n                        <img loading=\"lazy\" decoding=\"async\" width=\"150\" height=\"150\" src=\"https:\/\/ohme-ev.com\/es\/wp-content\/uploads\/sites\/17\/2023\/07\/volvo-homepro-v3-150x150.jpg\" class=\"attachment-thumbnail size-thumbnail wp-post-image\" alt=\"Coche el\u00e9ctrico beneficiado por el Plan MOVES 2025 ayudas movilidad el\u00e9ctrica.\" srcset=\"https:\/\/ohme-ev.com\/es\/wp-content\/uploads\/sites\/17\/2023\/07\/volvo-homepro-v3-150x150.jpg 150w, https:\/\/ohme-ev.com\/es\/wp-content\/uploads\/sites\/17\/2023\/07\/volvo-homepro-v3-600x600.jpg 600w\" sizes=\"auto, (max-width: 150px) 100vw, 150px\" \/>                    <\/div>\n                    <div class=\"tile-heading\">\n                        <p>El nuevo Plan MOVES: Impulso a la movilidad el\u00e9ctrica en 2025<\/p>\n                    <\/div>\n                <\/div>\n                <div class=\"tile-footer\">\n                    <div class=\"metadata\">\n                        <p>March 6 2025<\/p>\n                        <span class=\"arrow\"><\/span>\n                    <\/div>\n                <\/div>\n            <\/a>\n                        <\/div>\n\n        <div class=\"cta-container\">\n        \n            <button\n                class=\"ohme-btn popup primary button\"\n                data-form-type=\"2\"\n                title=\"\"\n        >Visita nuestro blog<\/button>\n\n        <\/div>\n    <\/div>\n\n<\/div>\n\n\n<p><\/p>\n","protected":false},"excerpt":{"rendered":"","protected":false},"author":27,"featured_media":0,"parent":0,"menu_order":0,"comment_status":"closed","ping_status":"closed","template":"","meta":{"_acf_changed":false,"_helpful_status":1,"footnotes":""},"partner":[],"class_list":["post-3549","page","type-page","status-publish","hentry"],"acf":[],"yoast_head":"<!-- This site is optimized with the Yoast SEO Premium plugin v27.4 (Yoast SEO v27.4) - https:\/\/yoast.com\/product\/yoast-seo-premium-wordpress\/ -->\n<title>C\u00f3mo funcionan cargadores Ohme | Ohme EV Espa\u00f1a<\/title>\n<meta name=\"description\" content=\"Descubre c\u00f3mo funcionan los cargadores Ohme: cargan tu coche de forma inteligente, econ\u00f3mica y sostenible usando datos en tiempo real de la red el\u00e9ctrica.\" \/>\n<meta name=\"robots\" content=\"index, follow, max-snippet:-1, max-image-preview:large, max-video-preview:-1\" \/>\n<link rel=\"canonical\" href=\"https:\/\/ohme-ev.com\/es\/como-funcionan-cargadores-ohme\/\" \/>\n<meta property=\"og:locale\" content=\"es_ES\" \/>\n<meta property=\"og:type\" content=\"article\" \/>\n<meta property=\"og:title\" content=\"C\u00f3mo funcionan nuestros cargadores\" \/>\n<meta property=\"og:description\" content=\"Descubre c\u00f3mo funcionan los cargadores Ohme: cargan tu coche de forma inteligente, econ\u00f3mica y sostenible usando datos en tiempo real de la red el\u00e9ctrica.\" \/>\n<meta property=\"og:url\" content=\"https:\/\/ohme-ev.com\/es\/como-funcionan-cargadores-ohme\/\" \/>\n<meta property=\"og:site_name\" content=\"Ohme EV Espa\u00f1a\" \/>\n<meta property=\"article:publisher\" content=\"https:\/\/www.facebook.com\/OhmeEV\/\" \/>\n<meta property=\"article:modified_time\" content=\"2025-09-16T15:05:37+00:00\" \/>\n<meta name=\"twitter:card\" content=\"summary_large_image\" \/>\n<meta name=\"twitter:site\" content=\"@ohmeev\" \/>\n<script type=\"application\/ld+json\" class=\"yoast-schema-graph\">{\"@context\":\"https:\\\/\\\/schema.org\",\"@graph\":[{\"@type\":\"WebPage\",\"@id\":\"https:\\\/\\\/ohme-ev.com\\\/es\\\/como-funcionan-cargadores-ohme\\\/\",\"url\":\"https:\\\/\\\/ohme-ev.com\\\/es\\\/como-funcionan-cargadores-ohme\\\/\",\"name\":\"C\u00f3mo funcionan cargadores Ohme | Ohme EV Espa\u00f1a\",\"isPartOf\":{\"@id\":\"https:\\\/\\\/ohme-ev.com\\\/es\\\/#website\"},\"datePublished\":\"2025-07-28T15:04:35+00:00\",\"dateModified\":\"2025-09-16T15:05:37+00:00\",\"description\":\"Descubre c\u00f3mo funcionan los cargadores Ohme: cargan tu coche de forma inteligente, econ\u00f3mica y sostenible usando datos en tiempo real de la red el\u00e9ctrica.\",\"breadcrumb\":{\"@id\":\"https:\\\/\\\/ohme-ev.com\\\/es\\\/como-funcionan-cargadores-ohme\\\/#breadcrumb\"},\"inLanguage\":\"es-es\",\"potentialAction\":[{\"@type\":\"ReadAction\",\"target\":[\"https:\\\/\\\/ohme-ev.com\\\/es\\\/como-funcionan-cargadores-ohme\\\/\"]}]},{\"@type\":\"BreadcrumbList\",\"@id\":\"https:\\\/\\\/ohme-ev.com\\\/es\\\/como-funcionan-cargadores-ohme\\\/#breadcrumb\",\"itemListElement\":[{\"@type\":\"ListItem\",\"position\":1,\"name\":\"Home\",\"item\":\"https:\\\/\\\/ohme-ev.com\\\/es\\\/\"},{\"@type\":\"ListItem\",\"position\":2,\"name\":\"C\u00f3mo funcionan nuestros cargadores\"}]},{\"@type\":\"WebSite\",\"@id\":\"https:\\\/\\\/ohme-ev.com\\\/es\\\/#website\",\"url\":\"https:\\\/\\\/ohme-ev.com\\\/es\\\/\",\"name\":\"Ohme EV Espa\u00f1a\",\"description\":\"Ohme - Cargando El Ma\u00f1ana\",\"publisher\":{\"@id\":\"https:\\\/\\\/ohme-ev.com\\\/es\\\/#organization\"},\"potentialAction\":[{\"@type\":\"SearchAction\",\"target\":{\"@type\":\"EntryPoint\",\"urlTemplate\":\"https:\\\/\\\/ohme-ev.com\\\/es\\\/?s={search_term_string}\"},\"query-input\":{\"@type\":\"PropertyValueSpecification\",\"valueRequired\":true,\"valueName\":\"search_term_string\"}}],\"inLanguage\":\"es-es\"},{\"@type\":\"Organization\",\"@id\":\"https:\\\/\\\/ohme-ev.com\\\/es\\\/#organization\",\"name\":\"Ohme EV Espa\u00f1a\",\"alternateName\":\"Ohme\",\"url\":\"https:\\\/\\\/ohme-ev.com\\\/es\\\/\",\"logo\":{\"@type\":\"ImageObject\",\"inLanguage\":\"es-es\",\"@id\":\"https:\\\/\\\/ohme-ev.com\\\/es\\\/#\\\/schema\\\/logo\\\/image\\\/\",\"url\":\"https:\\\/\\\/ohme-ev.com\\\/es\\\/wp-content\\\/uploads\\\/sites\\\/17\\\/2025\\\/05\\\/Vector-1-e1747753854161.webp\",\"contentUrl\":\"https:\\\/\\\/ohme-ev.com\\\/es\\\/wp-content\\\/uploads\\\/sites\\\/17\\\/2025\\\/05\\\/Vector-1-e1747753854161.webp\",\"width\":86,\"height\":81,\"caption\":\"Ohme EV Espa\u00f1a\"},\"image\":{\"@id\":\"https:\\\/\\\/ohme-ev.com\\\/es\\\/#\\\/schema\\\/logo\\\/image\\\/\"},\"sameAs\":[\"https:\\\/\\\/www.facebook.com\\\/OhmeEV\\\/\",\"https:\\\/\\\/x.com\\\/ohmeev\"]}]}<\/script>\n<!-- \/ Yoast SEO Premium plugin. -->","yoast_head_json":{"title":"C\u00f3mo funcionan cargadores Ohme | Ohme EV Espa\u00f1a","description":"Descubre c\u00f3mo funcionan los cargadores Ohme: cargan tu coche de forma inteligente, econ\u00f3mica y sostenible usando datos en tiempo real de la red el\u00e9ctrica.","robots":{"index":"index","follow":"follow","max-snippet":"max-snippet:-1","max-image-preview":"max-image-preview:large","max-video-preview":"max-video-preview:-1"},"canonical":"https:\/\/ohme-ev.com\/es\/como-funcionan-cargadores-ohme\/","og_locale":"es_ES","og_type":"article","og_title":"C\u00f3mo funcionan nuestros cargadores","og_description":"Descubre c\u00f3mo funcionan los cargadores Ohme: cargan tu coche de forma inteligente, econ\u00f3mica y sostenible usando datos en tiempo real de la red el\u00e9ctrica.","og_url":"https:\/\/ohme-ev.com\/es\/como-funcionan-cargadores-ohme\/","og_site_name":"Ohme EV Espa\u00f1a","article_publisher":"https:\/\/www.facebook.com\/OhmeEV\/","article_modified_time":"2025-09-16T15:05:37+00:00","twitter_card":"summary_large_image","twitter_site":"@ohmeev","schema":{"@context":"https:\/\/schema.org","@graph":[{"@type":"WebPage","@id":"https:\/\/ohme-ev.com\/es\/como-funcionan-cargadores-ohme\/","url":"https:\/\/ohme-ev.com\/es\/como-funcionan-cargadores-ohme\/","name":"C\u00f3mo funcionan cargadores Ohme | Ohme EV Espa\u00f1a","isPartOf":{"@id":"https:\/\/ohme-ev.com\/es\/#website"},"datePublished":"2025-07-28T15:04:35+00:00","dateModified":"2025-09-16T15:05:37+00:00","description":"Descubre c\u00f3mo funcionan los cargadores Ohme: cargan tu coche de forma inteligente, econ\u00f3mica y sostenible usando datos en tiempo real de la red el\u00e9ctrica.","breadcrumb":{"@id":"https:\/\/ohme-ev.com\/es\/como-funcionan-cargadores-ohme\/#breadcrumb"},"inLanguage":"es-es","potentialAction":[{"@type":"ReadAction","target":["https:\/\/ohme-ev.com\/es\/como-funcionan-cargadores-ohme\/"]}]},{"@type":"BreadcrumbList","@id":"https:\/\/ohme-ev.com\/es\/como-funcionan-cargadores-ohme\/#breadcrumb","itemListElement":[{"@type":"ListItem","position":1,"name":"Home","item":"https:\/\/ohme-ev.com\/es\/"},{"@type":"ListItem","position":2,"name":"C\u00f3mo funcionan nuestros cargadores"}]},{"@type":"WebSite","@id":"https:\/\/ohme-ev.com\/es\/#website","url":"https:\/\/ohme-ev.com\/es\/","name":"Ohme EV Espa\u00f1a","description":"Ohme - Cargando El Ma\u00f1ana","publisher":{"@id":"https:\/\/ohme-ev.com\/es\/#organization"},"potentialAction":[{"@type":"SearchAction","target":{"@type":"EntryPoint","urlTemplate":"https:\/\/ohme-ev.com\/es\/?s={search_term_string}"},"query-input":{"@type":"PropertyValueSpecification","valueRequired":true,"valueName":"search_term_string"}}],"inLanguage":"es-es"},{"@type":"Organization","@id":"https:\/\/ohme-ev.com\/es\/#organization","name":"Ohme EV Espa\u00f1a","alternateName":"Ohme","url":"https:\/\/ohme-ev.com\/es\/","logo":{"@type":"ImageObject","inLanguage":"es-es","@id":"https:\/\/ohme-ev.com\/es\/#\/schema\/logo\/image\/","url":"https:\/\/ohme-ev.com\/es\/wp-content\/uploads\/sites\/17\/2025\/05\/Vector-1-e1747753854161.webp","contentUrl":"https:\/\/ohme-ev.com\/es\/wp-content\/uploads\/sites\/17\/2025\/05\/Vector-1-e1747753854161.webp","width":86,"height":81,"caption":"Ohme EV Espa\u00f1a"},"image":{"@id":"https:\/\/ohme-ev.com\/es\/#\/schema\/logo\/image\/"},"sameAs":["https:\/\/www.facebook.com\/OhmeEV\/","https:\/\/x.com\/ohmeev"]}]}},"_links":{"self":[{"href":"https:\/\/ohme-ev.com\/es\/wp-json\/wp\/v2\/pages\/3549","targetHints":{"allow":["GET"]}}],"collection":[{"href":"https:\/\/ohme-ev.com\/es\/wp-json\/wp\/v2\/pages"}],"about":[{"href":"https:\/\/ohme-ev.com\/es\/wp-json\/wp\/v2\/types\/page"}],"author":[{"embeddable":true,"href":"https:\/\/ohme-ev.com\/es\/wp-json\/wp\/v2\/users\/27"}],"replies":[{"embeddable":true,"href":"https:\/\/ohme-ev.com\/es\/wp-json\/wp\/v2\/comments?post=3549"}],"version-history":[{"count":0,"href":"https:\/\/ohme-ev.com\/es\/wp-json\/wp\/v2\/pages\/3549\/revisions"}],"wp:attachment":[{"href":"https:\/\/ohme-ev.com\/es\/wp-json\/wp\/v2\/media?parent=3549"}],"wp:term":[{"taxonomy":"partner","embeddable":true,"href":"https:\/\/ohme-ev.com\/es\/wp-json\/wp\/v2\/partner?post=3549"}],"curies":[{"name":"wp","href":"https:\/\/api.w.org\/{rel}","templated":true}]}}