{"id":2674,"date":"2024-05-30T10:03:44","date_gmt":"2024-05-30T10:03:44","guid":{"rendered":"https:\/\/ohme-cs-dev.local\/?page_id=48"},"modified":"2026-01-09T14:44:13","modified_gmt":"2026-01-09T14:44:13","slug":"soporte-para-cargadores-ohme","status":"publish","type":"page","link":"https:\/\/ohme-ev.com\/es\/soporte-para-cargadores-ohme\/","title":{"rendered":"Centro de Soporte"},"content":{"rendered":"\n<div class=\"help-centre-hero with-image gradient-enabled gradient-vertical has-mobile-bg\"\n     style=\"--bg-desktop: url(&#039;https:\/\/ohme-ev.com\/es\/wp-content\/uploads\/sites\/17\/2025\/09\/Built-Environment-Desktop1x.webp&#039;); --bg-mobile: url(&#039;https:\/\/ohme-ev.com\/es\/wp-content\/uploads\/sites\/17\/2025\/09\/Built-Environment-Mobile1x.webp&#039;);\">\n  <div class=\"contentWrapper\">\n      <div class=\"help-centre-hero-search\">\n          <h1 class=\"title\">Centro de Soporte<\/h1>\n          <span class=\"explanatory-text\">\u00bfC\u00f3mo podemos ayudarle hoy?<\/span>\n          <div class=\"search\">\n              <form id='wpes-form-462' role=\"search\" method=\"get\" class=\"search-form \" action=\"https:\/\/ohme-ev.com\/es\/\">\n\t\t<label>\n\t\t    <span class=\"screen-reader-text\">Search for:<\/span>\n\t\t    <input type=\"search\" class=\"search-field \" placeholder=\"Search &hellip;\" value=\"\" name=\"s\" \/>\n\t\t<\/label>\n\t\t<input type=\"submit\" class=\"search-submit \" value=\"Buscar\" \/><input type='hidden' value='462' name='wpessid' \/><\/form>          <\/div>\n      <\/div>\n  <\/div>\n<\/div>\n\n\n<div class=\"help-centre-featured\">\n    <div class=\"content-wrapper\">\n                <div class=\"article-link-container\">\n                                            <a href=\"https:\/\/ohme-ev.com\/es\/support\/primera-carga-con-ohme\/\" class=\"article-link\">\n                                            <img decoding=\"async\" src=\"https:\/\/ohme-ev.com\/es\/wp-content\/uploads\/sites\/17\/2024\/09\/product-information.svg\" class=\"attachment-full size-full\" alt=\"\" \/>                                        <span>Su Primera Carga<\/span>\n                <\/a>\n                                <a href=\"https:\/\/ohme-ev.com\/es\/support\/como-puedo-mantener-seguro-mi-cargador\/\" class=\"article-link\">\n                                            <img decoding=\"async\" src=\"https:\/\/ohme-ev.com\/es\/wp-content\/uploads\/sites\/17\/2024\/09\/ohme-account.svg\" class=\"attachment-full size-full\" alt=\"\" \/>                                        <span>\u00bfC\u00f3mo puedo mantener seguro mi cargador?<\/span>\n                <\/a>\n                                <a href=\"https:\/\/ohme-ev.com\/es\/support\/mi-cargador-esta-fuera-de-linea\/\" class=\"article-link\">\n                                            <img decoding=\"async\" src=\"https:\/\/ohme-ev.com\/es\/wp-content\/uploads\/sites\/17\/2024\/09\/installers.svg\" class=\"attachment-full size-full\" alt=\"\" \/>                                        <span>Mi cargador est\u00e1 fuera de l\u00ednea<\/span>\n                <\/a>\n                                <a href=\"https:\/\/ohme-ev.com\/es\/support\/como-cargar-con-solar-boost\/\" class=\"article-link\">\n                                            <img decoding=\"async\" src=\"https:\/\/ohme-ev.com\/es\/wp-content\/uploads\/sites\/17\/2024\/09\/troubleshooting.svg\" class=\"attachment-full size-full\" alt=\"\" \/>                                        <span>C\u00f3mo cargar con Solar Boost<\/span>\n                <\/a>\n                                    <\/div>\n    <\/div>\n<\/div>\n\n\n<div class=\"categories-list\">\n    <div class=\"contentWrapper\">\n        <h2 class=\"title\"><\/h2>\n        <div class=\"categories-container\">\n                                    <a href=\"https:\/\/ohme-ev.com\/es\/support\/?category=informacion-sobre-el-producto\" class=\"category-card bg-grey\">\n                            <div class=\"icon\">\n                                                                <div class=\"category-icon\"><img decoding=\"async\" src=\"https:\/\/ohme-ev.com\/es\/wp-content\/uploads\/sites\/17\/2024\/09\/product-information.svg\" class=\"attachment-full size-full\" alt=\"\" \/><\/div>\n                                                            <\/div>\n                            <h3 class=\"category-name\">Informaci\u00f3n sobre el producto<\/h3>\n                            <p class=\"category-description\">Conozca su cargador<\/p>\n                        <\/a>\n                                            <a href=\"https:\/\/ohme-ev.com\/es\/support\/?category=como-empezar\" class=\"category-card bg-grey\">\n                            <div class=\"icon\">\n                                                                <div class=\"category-icon\"><img decoding=\"async\" src=\"https:\/\/ohme-ev.com\/es\/wp-content\/uploads\/sites\/17\/2024\/09\/getting-set-up.svg\" class=\"attachment-full size-full\" alt=\"\" \/><\/div>\n                                                            <\/div>\n                            <h3 class=\"category-name\">C\u00f3mo empezar<\/h3>\n                            <p class=\"category-description\">Preferencias de carga, tu tarifa, a\u00f1adir un coche<\/p>\n                        <\/a>\n                                            <a href=\"https:\/\/ohme-ev.com\/es\/support\/?category=como-puedo\" class=\"category-card bg-grey\">\n                            <div class=\"icon\">\n                                                                <div class=\"category-icon\"><img decoding=\"async\" src=\"https:\/\/ohme-ev.com\/es\/wp-content\/uploads\/sites\/17\/2024\/09\/how-do-i.svg\" class=\"attachment-full size-full\" alt=\"\" \/><\/div>\n                                                            <\/div>\n                            <h3 class=\"category-name\">\u00bfC\u00f3mo puedo?<\/h3>\n                            <p class=\"category-description\">Utilizar la aplicaci\u00f3n, entender el cargador<\/p>\n                        <\/a>\n                                            <a href=\"https:\/\/ohme-ev.com\/es\/support\/?category=solucion-de-problemas\" class=\"category-card bg-grey\">\n                            <div class=\"icon\">\n                                                                <div class=\"category-icon\"><img decoding=\"async\" src=\"https:\/\/ohme-ev.com\/es\/wp-content\/uploads\/sites\/17\/2024\/09\/troubleshooting.svg\" class=\"attachment-full size-full\" alt=\"\" \/><\/div>\n                                                            <\/div>\n                            <h3 class=\"category-name\">Soluci\u00f3n de problemas<\/h3>\n                            <p class=\"category-description\">Conectividad del cargador, problemas comunes<\/p>\n                        <\/a>\n                                            <a href=\"https:\/\/ohme-ev.com\/es\/support\/?category=para-instaladores\" class=\"category-card bg-grey\">\n                            <div class=\"icon\">\n                                                                <div class=\"category-icon\"><img decoding=\"async\" src=\"https:\/\/ohme-ev.com\/es\/wp-content\/uploads\/sites\/17\/2024\/09\/installers.svg\" class=\"attachment-full size-full\" alt=\"\" \/><\/div>\n                                                            <\/div>\n                            <h3 class=\"category-name\">Para instaladores<\/h3>\n                            <p class=\"category-description\">Gu\u00edas de instalaci\u00f3n, abrazaderas de TC, cargadores y puesta en marcha<\/p>\n                        <\/a>\n                            <\/div>\n    <\/div>\n<\/div>\n\n\n\n<div class=\"footer-additional-info\">\n    <div class=\"container\">\n        <h3>\u00bfEres un instalador?<\/h3>\n                <p class=\"subtitle\">Para obtener soporte y recursos para instaladores, dir\u00edgete a nuestro espacio de informaci\u00f3n para instaladores.<\/p>\n                <div class=\"cta\">\n            \n            <a href=\"https:\/\/ohme-ev.com\/es\/recursos-instaladores-ohme\/\" target=\"_self\" >\n            <button class=\"ohme-btn primary button\" title=\"\">Explora la ayuda para instaladores<\/button>\n        <\/a>\n            <\/div>\n    <\/div>\n<\/div>\n","protected":false},"excerpt":{"rendered":"","protected":false},"author":1,"featured_media":0,"parent":0,"menu_order":0,"comment_status":"closed","ping_status":"closed","template":"page-templates\/help-centre-homepage.php","meta":{"_acf_changed":true,"_helpful_status":1,"footnotes":""},"partner":[],"class_list":["post-2674","page","type-page","status-publish","hentry"],"acf":[],"yoast_head":"<!-- This site is optimized with the Yoast SEO Premium plugin v27.3 (Yoast SEO v27.3) - https:\/\/yoast.com\/product\/yoast-seo-premium-wordpress\/ -->\n<title>Soporte Para Cargadores Ohme - Ohme Espa\u00f1a<\/title>\n<meta name=\"description\" content=\"Obt\u00e9n soporte t\u00e9cnico y asistencia para la instalaci\u00f3n y uso de los cargadores Ohme. Soporte para cargadores Ohme.\" \/>\n<meta name=\"robots\" content=\"index, follow, max-snippet:-1, max-image-preview:large, max-video-preview:-1\" \/>\n<link rel=\"canonical\" href=\"https:\/\/ohme-ev.com\/es\/soporte-para-cargadores-ohme\/\" \/>\n<meta property=\"og:locale\" content=\"es_ES\" \/>\n<meta property=\"og:type\" content=\"article\" \/>\n<meta property=\"og:title\" content=\"Centro de Soporte\" \/>\n<meta property=\"og:description\" content=\"Obt\u00e9n soporte t\u00e9cnico y asistencia para la instalaci\u00f3n y uso de los cargadores Ohme. Soporte para cargadores Ohme.\" \/>\n<meta property=\"og:url\" content=\"https:\/\/ohme-ev.com\/es\/soporte-para-cargadores-ohme\/\" \/>\n<meta property=\"og:site_name\" content=\"Ohme EV Espa\u00f1a\" \/>\n<meta property=\"article:publisher\" content=\"https:\/\/www.facebook.com\/OhmeEV\/\" \/>\n<meta property=\"article:modified_time\" content=\"2026-01-09T14:44:13+00:00\" \/>\n<meta name=\"twitter:card\" content=\"summary_large_image\" \/>\n<meta name=\"twitter:site\" content=\"@ohmeev\" \/>\n<script type=\"application\/ld+json\" class=\"yoast-schema-graph\">{\"@context\":\"https:\\\/\\\/schema.org\",\"@graph\":[{\"@type\":\"WebPage\",\"@id\":\"https:\\\/\\\/ohme-ev.com\\\/es\\\/soporte-para-cargadores-ohme\\\/\",\"url\":\"https:\\\/\\\/ohme-ev.com\\\/es\\\/soporte-para-cargadores-ohme\\\/\",\"name\":\"Soporte Para Cargadores Ohme - Ohme Espa\u00f1a\",\"isPartOf\":{\"@id\":\"https:\\\/\\\/ohme-ev.com\\\/es\\\/#website\"},\"datePublished\":\"2024-05-30T10:03:44+00:00\",\"dateModified\":\"2026-01-09T14:44:13+00:00\",\"description\":\"Obt\u00e9n soporte t\u00e9cnico y asistencia para la instalaci\u00f3n y uso de los cargadores Ohme. Soporte para cargadores Ohme.\",\"breadcrumb\":{\"@id\":\"https:\\\/\\\/ohme-ev.com\\\/es\\\/soporte-para-cargadores-ohme\\\/#breadcrumb\"},\"inLanguage\":\"es-es\",\"potentialAction\":[{\"@type\":\"ReadAction\",\"target\":[\"https:\\\/\\\/ohme-ev.com\\\/es\\\/soporte-para-cargadores-ohme\\\/\"]}]},{\"@type\":\"BreadcrumbList\",\"@id\":\"https:\\\/\\\/ohme-ev.com\\\/es\\\/soporte-para-cargadores-ohme\\\/#breadcrumb\",\"itemListElement\":[{\"@type\":\"ListItem\",\"position\":1,\"name\":\"Home\",\"item\":\"https:\\\/\\\/ohme-ev.com\\\/es\\\/\"},{\"@type\":\"ListItem\",\"position\":2,\"name\":\"Centro de Soporte\"}]},{\"@type\":\"WebSite\",\"@id\":\"https:\\\/\\\/ohme-ev.com\\\/es\\\/#website\",\"url\":\"https:\\\/\\\/ohme-ev.com\\\/es\\\/\",\"name\":\"Ohme EV Espa\u00f1a\",\"description\":\"Ohme - Cargando El Ma\u00f1ana\",\"publisher\":{\"@id\":\"https:\\\/\\\/ohme-ev.com\\\/es\\\/#organization\"},\"potentialAction\":[{\"@type\":\"SearchAction\",\"target\":{\"@type\":\"EntryPoint\",\"urlTemplate\":\"https:\\\/\\\/ohme-ev.com\\\/es\\\/?s={search_term_string}\"},\"query-input\":{\"@type\":\"PropertyValueSpecification\",\"valueRequired\":true,\"valueName\":\"search_term_string\"}}],\"inLanguage\":\"es-es\"},{\"@type\":\"Organization\",\"@id\":\"https:\\\/\\\/ohme-ev.com\\\/es\\\/#organization\",\"name\":\"Ohme EV Espa\u00f1a\",\"alternateName\":\"Ohme\",\"url\":\"https:\\\/\\\/ohme-ev.com\\\/es\\\/\",\"logo\":{\"@type\":\"ImageObject\",\"inLanguage\":\"es-es\",\"@id\":\"https:\\\/\\\/ohme-ev.com\\\/es\\\/#\\\/schema\\\/logo\\\/image\\\/\",\"url\":\"https:\\\/\\\/ohme-ev.com\\\/es\\\/wp-content\\\/uploads\\\/sites\\\/17\\\/2025\\\/05\\\/Vector-1-e1747753854161.webp\",\"contentUrl\":\"https:\\\/\\\/ohme-ev.com\\\/es\\\/wp-content\\\/uploads\\\/sites\\\/17\\\/2025\\\/05\\\/Vector-1-e1747753854161.webp\",\"width\":86,\"height\":81,\"caption\":\"Ohme EV Espa\u00f1a\"},\"image\":{\"@id\":\"https:\\\/\\\/ohme-ev.com\\\/es\\\/#\\\/schema\\\/logo\\\/image\\\/\"},\"sameAs\":[\"https:\\\/\\\/www.facebook.com\\\/OhmeEV\\\/\",\"https:\\\/\\\/x.com\\\/ohmeev\"]}]}<\/script>\n<!-- \/ Yoast SEO Premium plugin. -->","yoast_head_json":{"title":"Soporte Para Cargadores Ohme - Ohme Espa\u00f1a","description":"Obt\u00e9n soporte t\u00e9cnico y asistencia para la instalaci\u00f3n y uso de los cargadores Ohme. Soporte para cargadores Ohme.","robots":{"index":"index","follow":"follow","max-snippet":"max-snippet:-1","max-image-preview":"max-image-preview:large","max-video-preview":"max-video-preview:-1"},"canonical":"https:\/\/ohme-ev.com\/es\/soporte-para-cargadores-ohme\/","og_locale":"es_ES","og_type":"article","og_title":"Centro de Soporte","og_description":"Obt\u00e9n soporte t\u00e9cnico y asistencia para la instalaci\u00f3n y uso de los cargadores Ohme. Soporte para cargadores Ohme.","og_url":"https:\/\/ohme-ev.com\/es\/soporte-para-cargadores-ohme\/","og_site_name":"Ohme EV Espa\u00f1a","article_publisher":"https:\/\/www.facebook.com\/OhmeEV\/","article_modified_time":"2026-01-09T14:44:13+00:00","twitter_card":"summary_large_image","twitter_site":"@ohmeev","schema":{"@context":"https:\/\/schema.org","@graph":[{"@type":"WebPage","@id":"https:\/\/ohme-ev.com\/es\/soporte-para-cargadores-ohme\/","url":"https:\/\/ohme-ev.com\/es\/soporte-para-cargadores-ohme\/","name":"Soporte Para Cargadores Ohme - Ohme Espa\u00f1a","isPartOf":{"@id":"https:\/\/ohme-ev.com\/es\/#website"},"datePublished":"2024-05-30T10:03:44+00:00","dateModified":"2026-01-09T14:44:13+00:00","description":"Obt\u00e9n soporte t\u00e9cnico y asistencia para la instalaci\u00f3n y uso de los cargadores Ohme. Soporte para cargadores Ohme.","breadcrumb":{"@id":"https:\/\/ohme-ev.com\/es\/soporte-para-cargadores-ohme\/#breadcrumb"},"inLanguage":"es-es","potentialAction":[{"@type":"ReadAction","target":["https:\/\/ohme-ev.com\/es\/soporte-para-cargadores-ohme\/"]}]},{"@type":"BreadcrumbList","@id":"https:\/\/ohme-ev.com\/es\/soporte-para-cargadores-ohme\/#breadcrumb","itemListElement":[{"@type":"ListItem","position":1,"name":"Home","item":"https:\/\/ohme-ev.com\/es\/"},{"@type":"ListItem","position":2,"name":"Centro de Soporte"}]},{"@type":"WebSite","@id":"https:\/\/ohme-ev.com\/es\/#website","url":"https:\/\/ohme-ev.com\/es\/","name":"Ohme EV Espa\u00f1a","description":"Ohme - Cargando El Ma\u00f1ana","publisher":{"@id":"https:\/\/ohme-ev.com\/es\/#organization"},"potentialAction":[{"@type":"SearchAction","target":{"@type":"EntryPoint","urlTemplate":"https:\/\/ohme-ev.com\/es\/?s={search_term_string}"},"query-input":{"@type":"PropertyValueSpecification","valueRequired":true,"valueName":"search_term_string"}}],"inLanguage":"es-es"},{"@type":"Organization","@id":"https:\/\/ohme-ev.com\/es\/#organization","name":"Ohme EV Espa\u00f1a","alternateName":"Ohme","url":"https:\/\/ohme-ev.com\/es\/","logo":{"@type":"ImageObject","inLanguage":"es-es","@id":"https:\/\/ohme-ev.com\/es\/#\/schema\/logo\/image\/","url":"https:\/\/ohme-ev.com\/es\/wp-content\/uploads\/sites\/17\/2025\/05\/Vector-1-e1747753854161.webp","contentUrl":"https:\/\/ohme-ev.com\/es\/wp-content\/uploads\/sites\/17\/2025\/05\/Vector-1-e1747753854161.webp","width":86,"height":81,"caption":"Ohme EV Espa\u00f1a"},"image":{"@id":"https:\/\/ohme-ev.com\/es\/#\/schema\/logo\/image\/"},"sameAs":["https:\/\/www.facebook.com\/OhmeEV\/","https:\/\/x.com\/ohmeev"]}]}},"_links":{"self":[{"href":"https:\/\/ohme-ev.com\/es\/wp-json\/wp\/v2\/pages\/2674","targetHints":{"allow":["GET"]}}],"collection":[{"href":"https:\/\/ohme-ev.com\/es\/wp-json\/wp\/v2\/pages"}],"about":[{"href":"https:\/\/ohme-ev.com\/es\/wp-json\/wp\/v2\/types\/page"}],"author":[{"embeddable":true,"href":"https:\/\/ohme-ev.com\/es\/wp-json\/wp\/v2\/users\/1"}],"replies":[{"embeddable":true,"href":"https:\/\/ohme-ev.com\/es\/wp-json\/wp\/v2\/comments?post=2674"}],"version-history":[{"count":0,"href":"https:\/\/ohme-ev.com\/es\/wp-json\/wp\/v2\/pages\/2674\/revisions"}],"wp:attachment":[{"href":"https:\/\/ohme-ev.com\/es\/wp-json\/wp\/v2\/media?parent=2674"}],"wp:term":[{"taxonomy":"partner","embeddable":true,"href":"https:\/\/ohme-ev.com\/es\/wp-json\/wp\/v2\/partner?post=2674"}],"curies":[{"name":"wp","href":"https:\/\/api.w.org\/{rel}","templated":true}]}}