{"id":50,"date":"2023-06-26T12:03:21","date_gmt":"2023-06-26T12:03:21","guid":{"rendered":"https:\/\/ohme-cs-dev.local\/?page_id=50"},"modified":"2025-06-30T10:27:28","modified_gmt":"2025-06-30T10:27:28","slug":"ueber-ohme","status":"publish","type":"page","link":"https:\/\/ohme-ev.com\/de\/ueber-ohme\/","title":{"rendered":"Life at Ohme"},"content":{"rendered":"<div class=\"image-text-hero with-colour\" style=\"background-color: #032536;\">\n\n    <div class=\"contentWrapper imageRight mobile-image-bottom\">\n        <div class=\"content-container\">\n            <div class=\"wrapper\">\n                                    <h1>Hallo, wir sind Ohme<\/h1>\n                \n                \n                                    <p><p>Wir bei Ohme entwickeln smarte Wallboxen f\u00fcr Menschen, die mehr wollen als einfach nur Strom in den Akku. Seit 2017 arbeiten wir daran, E-Auto-Laden intelligenter, g\u00fcnstiger und gr\u00fcner zu machen \u2013 f\u00fcr zuhause, unterwegs und in Unternehmen.<\/p>\n<\/p>\n                \n                \n            <a href=\"https:\/\/ohme-ev.com\/de\/stellenausschreibungen\/\" target=\"_self\" >\n            <button class=\"ohme-btn primary button\" title=\"\">Unsere offenen Stellen<\/button>\n        <\/a>\n    \n                            <\/div>\n        <\/div>\n\n        <div class=\"image-container\">\n                            <div class=\"image-wrapper\">\n                    <img decoding=\"async\" src=\"https:\/\/ohme-ev.com\/de\/wp-content\/uploads\/sites\/23\/2023\/07\/Large-inset-header_Chizom_UK.png\" alt=\"\" \/>\n                <\/div>\n            \n                    <\/div>\n    <\/div>\n\n    <\/div>\n\n<div id=\"\" class=\"blockWrapper top-default bottom-default   \">\n\n\n<div class=\"contentWrapper textImageLeft  image\">\n            <div class=\"imageContainer\">\n            <img decoding=\"async\" loading=\"lazy\" src=\"https:\/\/ohme-ev.com\/de\/wp-content\/uploads\/sites\/23\/2023\/07\/50x50-text-image_dark-car-charging_master.png\" alt=\"\"\/>\n        <\/div>\n\n        <div class=\"textContainer\">\n        <h3 class=\"title\">E-Auto-Laden &#8211; einfach &amp; f\u00fcr alle<\/h3>\n        <h4 class=\"subtitle regular\"><\/h4>\n        <div class=\"text\"><p data-start=\"1882\" data-end=\"2042\">Wir wollen den Umstieg auf E-Mobilit\u00e4t so einfach wie m\u00f6glich machen \u2013 mit durchdachten Produkten, intuitiver App-Steuerung und einem Rundum-Service.<\/p>\n<p data-start=\"2044\" data-end=\"2161\">Egal ob Einzelperson, Fuhrpark oder Wohnbauprojekt: Wir bringen smarte Ladel\u00f6sungen dorthin, wo sie gebraucht werden.<\/p>\n<\/div>\n        <div class=\"buttonsContainer\">\n                    <\/div>\n            <\/div>\n<\/div>\n<\/div>\n\n<div id=\"\" class=\"blockWrapper top-default bottom-default   \">\n\n<div class=\"text-image-right bg-white\">\n    <div class=\"inner\">\n        <div class=\"text-content\">\n                        <h3 class=\"title\">Was uns Antreibt<\/h3>\n                        <div class=\"text\"><p data-start=\"1591\" data-end=\"1769\">Bei Ohme arbeiten Menschen, die etwas ver\u00e4ndern wollen. Wir sind ein internationales Team mit flachen Hierarchien, schnellen Entscheidungswegen und viel Raum f\u00fcr Eigeninitiative.<\/p>\n<p data-start=\"1771\" data-end=\"1876\">Du willst Teil einer Branche im Wandel sein \u2013 und diesen Wandel aktiv mitgestalten? Dann passt du zu uns.<\/p>\n<ul>\n<li data-start=\"1878\" data-end=\"2091\">Zusammenarbeit auf Augenh\u00f6he<\/li>\n<li data-start=\"1878\" data-end=\"2091\">Offen f\u00fcr Ideen, unabh\u00e4ngig vom Titel<\/li>\n<li data-start=\"1878\" data-end=\"2091\">Agil, pragmatisch, l\u00f6sungsorientiert<\/li>\n<li data-start=\"1878\" data-end=\"2091\">Internationales Umfeld mit lokalem Fokus<\/li>\n<li data-start=\"1878\" data-end=\"2091\">Flexible Arbeitsmodelle &amp; echte Verantwortung<\/li>\n<\/ul>\n<\/div>\n                                                <div class=\"buttons\">\n                                    \n            <a href=\"https:\/\/ohme-ev.com\/de\/stellenausschreibungen\/\" target=\"_self\" >\n            <button class=\"ohme-btn primary button\" title=\"\">Unsere offenen Stellen<\/button>\n        <\/a>\n                                <\/div>\n                                <\/div>\n        <div class=\"media-content\">\n                        <img decoding=\"async\" loading=\"lazy\" src=\"https:\/\/ohme-ev.com\/de\/wp-content\/uploads\/sites\/23\/2023\/07\/Mask-group.png\" alt=\"\" \/>\n                    <\/div>\n    <\/div>\n<\/div>\n\n<\/div>\n\n<div id=\"\" class=\"blockWrapper top-default bottom-default   \">\n\n<div class=\"text-image-right bg-white\">\n    <div class=\"inner\">\n        <div class=\"text-content\">\n                        <h3 class=\"title\">Dave &#8211; unser Ohme Gr\u00fcnder<\/h3>\n            <h4 class=\"subtitle\">Ideengeber, M\u00f6glichmacher, E-Auto-Enthusiast<\/h4>            <div class=\"text\"><p data-start=\"272\" data-end=\"511\">Bevor David Watson Ohme gr\u00fcndete, war er als Mitgr\u00fcnder bei Temporis Capital im Bereich nachhaltiger Energie aktiv. Dabei wurde ihm klar: Elektroautos k\u00f6nnten eine viel gr\u00f6\u00dfere Rolle im Stromsystem spielen \u2013 wenn man sie richtig einbindet.<\/p>\n<p data-start=\"513\" data-end=\"703\">Die Idee zu Ohme kam, als er seinen Tesla lud und dachte: <em data-start=\"571\" data-end=\"686\">\u201eW\u00e4re es nicht schlau eine Wallbox zu haben, die dabei hilft das Stromnetz zu stabilisiren?\u201c<\/em> \u2013 gesagt, getan.<\/p>\n<p data-start=\"705\" data-end=\"941\">2018 entstand der erste funktionierende Prototyp. Schon ein Jahr sp\u00e4ter ging das erste Ohme Heimladeger\u00e4t in Serie. Seitdem entwickeln wir die Plattform stetig weiter \u2013 mit dem Ziel, Smart Charging f\u00fcr alle einfach zug\u00e4nglich zu machen.<\/p>\n<\/div>\n                                                        <\/div>\n        <div class=\"media-content\">\n                        <img decoding=\"async\" loading=\"lazy\" src=\"https:\/\/ohme-ev.com\/de\/wp-content\/uploads\/sites\/23\/2023\/07\/ohme-ceo.png\" alt=\"\" \/>\n                    <\/div>\n    <\/div>\n<\/div>\n\n<\/div>\n\n<div id=\"\" class=\"blockWrapper top-default bottom-default   \">\n\n\n<div class=\"contentWrapper textImageLeft  image\">\n            <div class=\"imageContainer\">\n            <img decoding=\"async\" loading=\"lazy\" src=\"https:\/\/ohme-ev.com\/de\/wp-content\/uploads\/sites\/23\/2023\/07\/ohme-founder.png\" alt=\"\"\/>\n        <\/div>\n\n        <div class=\"textContainer\">\n        <h3 class=\"title\">Derry &#8211; Mitgr\u00fcnder &amp; Chairman<\/h3>\n        <h4 class=\"subtitle regular\">Energie-Investor mit gr\u00fcnem Fokus<\/h4>\n        <div class=\"text\"><p data-start=\"282\" data-end=\"481\">Derry Guy ist Mitgr\u00fcnder von Ohme und Vorsitzender unseres Unternehmens. Au\u00dferdem leitet er die Temporis Group \u2013 ein Investmentunternehmen, das sich auf nachhaltige Energieprojekte spezialisiert hat.<\/p>\n<p data-start=\"483\" data-end=\"677\">Mit Temporis verfolgt Derry ein klares Ziel: Investitionen, die messbar zur Bek\u00e4mpfung des Klimawandels beitragen \u2013 im Einklang mit den Zielen f\u00fcr nachhaltige Entwicklung der Vereinten Nationen.<\/p>\n<p data-start=\"679\" data-end=\"880\">Seine \u00dcberzeugung: Der Wandel zu gr\u00fcner Energie braucht Innovation. Genau deshalb hat er gemeinsam mit David Watson Ohme gegr\u00fcndet \u2013 um E-Mobilit\u00e4t smarter, effizienter und klimafreundlicher zu machen.<\/p>\n<p data-start=\"882\" data-end=\"1002\">Vor Ohme war Derry \u00fcber 30 Jahre in der Finanzwelt aktiv \u2013 als Banker, Gr\u00fcnder und Stratege f\u00fcr alternative Investments.<\/p>\n<\/div>\n        <div class=\"buttonsContainer\">\n                    <\/div>\n            <\/div>\n<\/div>\n<\/div>\n\n<div id=\"\" class=\"blockWrapper top-default bottom-default   \">\n\n    <div class=\" keyPointsBlock\">\n        <div class=\"contentWrapper keyPoints\">\n\n                            <h3 class=\"mainTitle\">Unsere Werte bei Ohme<\/h3>\n            \n            \n            <div class=\"keyPointsContainer \">\n                                                            <div class=\"keyPointWrapper\">\n\n                                                            <div class=\"mediaContainer image\">\n                                    <img decoding=\"async\" src=\"https:\/\/ohme-ev.com\/de\/wp-content\/uploads\/sites\/23\/2023\/08\/Icon_do-good_master.svg\" alt=\"\" \/>\n                                <\/div>\n\n                            \n                            <h5 class=\"subtitle\">Do Good<\/h5>\n                            <div class=\"copy\"><p>Menschen und die Umwelt liegen uns am Herzen.<\/p>\n<\/div>\n\n                            \n                        <\/div>\n                                            <div class=\"keyPointWrapper\">\n\n                                                            <div class=\"mediaContainer image\">\n                                    <img decoding=\"async\" src=\"https:\/\/ohme-ev.com\/de\/wp-content\/uploads\/sites\/23\/2023\/08\/Icon_customer-obsessed_master.svg\" alt=\"\" \/>\n                                <\/div>\n\n                            \n                            <h5 class=\"subtitle\">Customer obsessed<\/h5>\n                            <div class=\"copy\"><p>Alles was wir tun, dreht sich um unsere Kunden.<\/p>\n<\/div>\n\n                            \n                        <\/div>\n                                            <div class=\"keyPointWrapper\">\n\n                                                            <div class=\"mediaContainer image\">\n                                    <img decoding=\"async\" src=\"https:\/\/ohme-ev.com\/de\/wp-content\/uploads\/sites\/23\/2023\/08\/Icon_collaborative_master.svg\" alt=\"\" \/>\n                                <\/div>\n\n                            \n                            <h5 class=\"subtitle\">Collaborative<\/h5>\n                            <div class=\"copy\"><p>Wir glauben, dass unser Erfolg auf starken Beziehungen beruht.<\/p>\n<\/div>\n\n                            \n                        <\/div>\n                                            <div class=\"keyPointWrapper\">\n\n                                                            <div class=\"mediaContainer image\">\n                                    <img decoding=\"async\" src=\"https:\/\/ohme-ev.com\/de\/wp-content\/uploads\/sites\/23\/2023\/08\/Icon_progressive_master.svg\" alt=\"\" \/>\n                                <\/div>\n\n                            \n                            <h5 class=\"subtitle\">Progressive<\/h5>\n                            <div class=\"copy\"><p>Wir sind innovativ und lernen st\u00e4ndig dazu.<\/p>\n<\/div>\n\n                            \n                        <\/div>\n                                            <div class=\"keyPointWrapper\">\n\n                                                            <div class=\"mediaContainer image\">\n                                    <img decoding=\"async\" src=\"https:\/\/ohme-ev.com\/de\/wp-content\/uploads\/sites\/23\/2023\/08\/Icon_brave_master.svg\" alt=\"\" \/>\n                                <\/div>\n\n                            \n                            <h5 class=\"subtitle\">Brave<\/h5>\n                            <div class=\"copy\"><p>Wir gehen neue Wege und setzen Chancen in die Tat um.<\/p>\n<\/div>\n\n                            \n                        <\/div>\n                                                <\/div>\n\n            <div class=\"cta-container\">\n                <div class=\"buttonsContainer\">\n                    \n\n                <\/div>\n            <\/div>\n\n        <\/div>\n    <\/div>\n\n<\/div>\n\n<div id=\"\" class=\"blockWrapper top-default bottom-default   \">\n\n    <div class=\"bgColour\">\n\n        <div class=\"threeColumnWrapper \">\n            <h2 class=\"title\">Was unser Team sagt<\/h2>\n            <p class=\"subtitle regular \" style=\"\">Lerne einige der Menschen kennen, die Ohme besonders machen<\/p>\n            <div class=\"columnsContainer\">\n                                        <div class=\"column\">\n                            <div class=\"imageContainer \">\n                                                                    <img loading=\"lazy\" decoding=\"async\" width=\"319\" height=\"242\" src=\"https:\/\/ohme-ev.com\/de\/wp-content\/uploads\/sites\/23\/2024\/03\/1000047179-1-319x242.jpg\" class=\"attachment-column_hero size-column_hero\" alt=\"\" srcset=\"https:\/\/ohme-ev.com\/de\/wp-content\/uploads\/sites\/23\/2024\/03\/1000047179-1-319x242.jpg 319w, https:\/\/ohme-ev.com\/de\/wp-content\/uploads\/sites\/23\/2024\/03\/1000047179-1-300x228.jpg 300w, https:\/\/ohme-ev.com\/de\/wp-content\/uploads\/sites\/23\/2024\/03\/1000047179-1-1024x777.jpg 1024w, https:\/\/ohme-ev.com\/de\/wp-content\/uploads\/sites\/23\/2024\/03\/1000047179-1-768x583.jpg 768w, https:\/\/ohme-ev.com\/de\/wp-content\/uploads\/sites\/23\/2024\/03\/1000047179-1-1536x1166.jpg 1536w, https:\/\/ohme-ev.com\/de\/wp-content\/uploads\/sites\/23\/2024\/03\/1000047179-1-2048x1554.jpg 2048w, https:\/\/ohme-ev.com\/de\/wp-content\/uploads\/sites\/23\/2024\/03\/1000047179-1-242x184.jpg 242w\" sizes=\"auto, (max-width: 319px) 100vw, 319px\" \/>\n                                                            <\/div>\n\n                            <div>\n                                <p class=\"label\">Senior Key Account Manager<\/p>\n                                <p class=\"subtitleColumn\">Jan Hendrik M\u00fcller<\/p>\n                                <div class=\"body\"><p>\u201cIch wurde bei Ohme so freundschaftlich, offen, ehrlich aufgenommen und immer wieder aufgefordert offen meinen Ideen kommunizieren!<br \/>\nDavid w\u00f6rtlich: Wir wissen erst dann\u00a0 ob es etwas gebracht hat, wenn wir es probiert haben. Und solche Aussagen geben mir sicherheit,\u00a0 das zutun was im Verkauf wichtig ist&#8230;konzentration auf das wesentliche, den Kunden und unseren Umsatz!<br \/>\nIch finde unser gesamtes Team total toll und freue mich auf die n\u00e4chsten Jahre der Zusammenarbeit.\u201d<\/p>\n<\/div>\n                            <\/div>\n                        <\/div>\n                                                <div class=\"column\">\n                            <div class=\"imageContainer \">\n                                                                    <img loading=\"lazy\" decoding=\"async\" width=\"334\" height=\"242\" src=\"https:\/\/ohme-ev.com\/de\/wp-content\/uploads\/sites\/23\/2023\/12\/kimberley-pinheiro-334x242.webp\" class=\"attachment-column_hero size-column_hero\" alt=\"\" srcset=\"https:\/\/ohme-ev.com\/de\/wp-content\/uploads\/sites\/23\/2023\/12\/kimberley-pinheiro-334x242.webp 334w, https:\/\/ohme-ev.com\/de\/wp-content\/uploads\/sites\/23\/2023\/12\/kimberley-pinheiro-300x217.webp 300w, https:\/\/ohme-ev.com\/de\/wp-content\/uploads\/sites\/23\/2023\/12\/kimberley-pinheiro-254x184.webp 254w, https:\/\/ohme-ev.com\/de\/wp-content\/uploads\/sites\/23\/2023\/12\/kimberley-pinheiro.webp 340w\" sizes=\"auto, (max-width: 334px) 100vw, 334px\" \/>\n                                                            <\/div>\n\n                            <div>\n                                <p class=\"label\">Business Development Manager<\/p>\n                                <p class=\"subtitleColumn\">Kimberley Pinheiro<\/p>\n                                <div class=\"body\"><p>\u201cI decided to join Ohme because we share the mission of making the world a better place by contributing to the global transition to electric mobility. Furthermore, I am excited about the challenge of expanding our brand internationally with the support of an exceptional team. Together, we\u2019re driving progress towards a more sustainable future.\u201d<\/p>\n<\/div>\n                            <\/div>\n                        <\/div>\n                                                <div class=\"column\">\n                            <div class=\"imageContainer \">\n                                                                    <img loading=\"lazy\" decoding=\"async\" width=\"242\" height=\"242\" src=\"https:\/\/ohme-ev.com\/de\/wp-content\/uploads\/sites\/23\/2024\/03\/1710406287265-242x242.jpg\" class=\"attachment-column_hero size-column_hero\" alt=\"\" srcset=\"https:\/\/ohme-ev.com\/de\/wp-content\/uploads\/sites\/23\/2024\/03\/1710406287265-242x242.jpg 242w, https:\/\/ohme-ev.com\/de\/wp-content\/uploads\/sites\/23\/2024\/03\/1710406287265-300x300.jpg 300w, https:\/\/ohme-ev.com\/de\/wp-content\/uploads\/sites\/23\/2024\/03\/1710406287265-150x150.jpg 150w, https:\/\/ohme-ev.com\/de\/wp-content\/uploads\/sites\/23\/2024\/03\/1710406287265-768x768.jpg 768w, https:\/\/ohme-ev.com\/de\/wp-content\/uploads\/sites\/23\/2024\/03\/1710406287265-184x184.jpg 184w, https:\/\/ohme-ev.com\/de\/wp-content\/uploads\/sites\/23\/2024\/03\/1710406287265.jpg 800w\" sizes=\"auto, (max-width: 242px) 100vw, 242px\" \/>\n                                                            <\/div>\n\n                            <div>\n                                <p class=\"label\">Junior Marketing Coordinator<\/p>\n                                <p class=\"subtitleColumn\">Shari Friedrich<\/p>\n                                <div class=\"body\"><p>\u201cBei Ohme hat mich von Anfang an angesprochen, dass wir das gemeinsame Ziel haben, die Welt jeden Tag ein kleines St\u00fcckchen besser zu machen. Die Motivation des Teams und die ehrgeizigen Pl\u00e4ne des Unternehmens, den Energiemarkt nachhaltig zu ver\u00e4ndern, sind einfach inspirierend. Als kreativer Idealist sch\u00e4tze ich die positive Energie im Team, die man hier echt jedem anmerkt. Es f\u00fchlt sich gro\u00dfartig an, Teil eines Unternehmens zu sein, das nicht nur innovative Wege geht, sondern auch Herzblut in seine Mission steckt.\u201d<\/p>\n<p>&nbsp;<\/p>\n<\/div>\n                            <\/div>\n                        <\/div>\n                                    <\/div>\n                            <div class=\"buttonsContainer\">\n                    \n            <a href=\"https:\/\/ohme-ev.com\/de\/stellenausschreibungen\/\" target=\"_self\" >\n            <button class=\"ohme-btn secondaryLight button\" title=\"\">Lust, deine Reise bei uns zu beginnen?<\/button>\n        <\/a>\n                    <\/div>\n                    <\/div>\n    <\/div>\n<\/div>","protected":false},"excerpt":{"rendered":"","protected":false},"author":1,"featured_media":0,"parent":0,"menu_order":0,"comment_status":"closed","ping_status":"closed","template":"","meta":{"_acf_changed":true,"_helpful_status":1,"footnotes":""},"partner":[],"class_list":["post-50","page","type-page","status-publish","hentry"],"acf":[],"yoast_head":"<!-- This site is optimized with the Yoast SEO Premium plugin v27.4 (Yoast SEO v27.4) - https:\/\/yoast.com\/product\/yoast-seo-premium-wordpress\/ -->\n<title>\u00dcber Ohme - Ohme EV Deutschland<\/title>\n<meta name=\"description\" content=\"Erfahre mehr \u00fcber Ohme - Englands Marktf\u00fchrer f\u00fcr den Heimladebereich und Verfechter von Smart Charging-Technologie.\" \/>\n<meta name=\"robots\" content=\"index, follow, max-snippet:-1, max-image-preview:large, max-video-preview:-1\" \/>\n<link rel=\"canonical\" href=\"https:\/\/ohme-ev.com\/de\/ueber-ohme\/\" \/>\n<meta property=\"og:locale\" content=\"de_DE\" \/>\n<meta property=\"og:type\" content=\"article\" \/>\n<meta property=\"og:title\" content=\"Life at Ohme\" \/>\n<meta property=\"og:description\" content=\"Erfahre mehr \u00fcber Ohme - Englands Marktf\u00fchrer f\u00fcr den Heimladebereich und Verfechter von Smart Charging-Technologie.\" \/>\n<meta property=\"og:url\" content=\"https:\/\/ohme-ev.com\/de\/ueber-ohme\/\" \/>\n<meta property=\"og:site_name\" content=\"Ohme EV Deutschland\" \/>\n<meta property=\"article:publisher\" content=\"https:\/\/www.facebook.com\/OhmeEV\/\" \/>\n<meta property=\"article:modified_time\" content=\"2025-06-30T10:27:28+00:00\" \/>\n<meta name=\"twitter:card\" content=\"summary_large_image\" \/>\n<meta name=\"twitter:site\" content=\"@ohmeev\" \/>\n<script type=\"application\/ld+json\" class=\"yoast-schema-graph\">{\"@context\":\"https:\\\/\\\/schema.org\",\"@graph\":[{\"@type\":\"WebPage\",\"@id\":\"https:\\\/\\\/ohme-ev.com\\\/de\\\/ueber-ohme\\\/\",\"url\":\"https:\\\/\\\/ohme-ev.com\\\/de\\\/ueber-ohme\\\/\",\"name\":\"\u00dcber Ohme - Ohme EV Deutschland\",\"isPartOf\":{\"@id\":\"https:\\\/\\\/ohme-ev.com\\\/de\\\/#website\"},\"datePublished\":\"2023-06-26T12:03:21+00:00\",\"dateModified\":\"2025-06-30T10:27:28+00:00\",\"description\":\"Erfahre mehr \u00fcber Ohme - Englands Marktf\u00fchrer f\u00fcr den Heimladebereich und Verfechter von Smart Charging-Technologie.\",\"breadcrumb\":{\"@id\":\"https:\\\/\\\/ohme-ev.com\\\/de\\\/ueber-ohme\\\/#breadcrumb\"},\"inLanguage\":\"de-de\",\"potentialAction\":[{\"@type\":\"ReadAction\",\"target\":[\"https:\\\/\\\/ohme-ev.com\\\/de\\\/ueber-ohme\\\/\"]}]},{\"@type\":\"BreadcrumbList\",\"@id\":\"https:\\\/\\\/ohme-ev.com\\\/de\\\/ueber-ohme\\\/#breadcrumb\",\"itemListElement\":[{\"@type\":\"ListItem\",\"position\":1,\"name\":\"Home\",\"item\":\"https:\\\/\\\/ohme-ev.com\\\/de\\\/\"},{\"@type\":\"ListItem\",\"position\":2,\"name\":\"Life at Ohme\"}]},{\"@type\":\"WebSite\",\"@id\":\"https:\\\/\\\/ohme-ev.com\\\/de\\\/#website\",\"url\":\"https:\\\/\\\/ohme-ev.com\\\/de\\\/\",\"name\":\"Ohme EV Deutschland\",\"description\":\"Ohme - EV Smart Charging Solutions\",\"publisher\":{\"@id\":\"https:\\\/\\\/ohme-ev.com\\\/de\\\/#organization\"},\"potentialAction\":[{\"@type\":\"SearchAction\",\"target\":{\"@type\":\"EntryPoint\",\"urlTemplate\":\"https:\\\/\\\/ohme-ev.com\\\/de\\\/?s={search_term_string}\"},\"query-input\":{\"@type\":\"PropertyValueSpecification\",\"valueRequired\":true,\"valueName\":\"search_term_string\"}}],\"inLanguage\":\"de-de\"},{\"@type\":\"Organization\",\"@id\":\"https:\\\/\\\/ohme-ev.com\\\/de\\\/#organization\",\"name\":\"Ohme EV\",\"url\":\"https:\\\/\\\/ohme-ev.com\\\/de\\\/\",\"logo\":{\"@type\":\"ImageObject\",\"inLanguage\":\"de-de\",\"@id\":\"https:\\\/\\\/ohme-ev.com\\\/de\\\/#\\\/schema\\\/logo\\\/image\\\/\",\"url\":\"https:\\\/\\\/ohme-ev.com\\\/de\\\/wp-content\\\/uploads\\\/sites\\\/23\\\/2025\\\/07\\\/Ohme-blue-logo.webp\",\"contentUrl\":\"https:\\\/\\\/ohme-ev.com\\\/de\\\/wp-content\\\/uploads\\\/sites\\\/23\\\/2025\\\/07\\\/Ohme-blue-logo.webp\",\"width\":393,\"height\":192,\"caption\":\"Ohme EV\"},\"image\":{\"@id\":\"https:\\\/\\\/ohme-ev.com\\\/de\\\/#\\\/schema\\\/logo\\\/image\\\/\"},\"sameAs\":[\"https:\\\/\\\/www.facebook.com\\\/OhmeEV\\\/\",\"https:\\\/\\\/x.com\\\/ohmeev\",\"https:\\\/\\\/www.linkedin.com\\\/company\\\/19177772\"]}]}<\/script>\n<!-- \/ Yoast SEO Premium plugin. -->","yoast_head_json":{"title":"\u00dcber Ohme - Ohme EV Deutschland","description":"Erfahre mehr \u00fcber Ohme - Englands Marktf\u00fchrer f\u00fcr den Heimladebereich und Verfechter von Smart Charging-Technologie.","robots":{"index":"index","follow":"follow","max-snippet":"max-snippet:-1","max-image-preview":"max-image-preview:large","max-video-preview":"max-video-preview:-1"},"canonical":"https:\/\/ohme-ev.com\/de\/ueber-ohme\/","og_locale":"de_DE","og_type":"article","og_title":"Life at Ohme","og_description":"Erfahre mehr \u00fcber Ohme - Englands Marktf\u00fchrer f\u00fcr den Heimladebereich und Verfechter von Smart Charging-Technologie.","og_url":"https:\/\/ohme-ev.com\/de\/ueber-ohme\/","og_site_name":"Ohme EV Deutschland","article_publisher":"https:\/\/www.facebook.com\/OhmeEV\/","article_modified_time":"2025-06-30T10:27:28+00:00","twitter_card":"summary_large_image","twitter_site":"@ohmeev","schema":{"@context":"https:\/\/schema.org","@graph":[{"@type":"WebPage","@id":"https:\/\/ohme-ev.com\/de\/ueber-ohme\/","url":"https:\/\/ohme-ev.com\/de\/ueber-ohme\/","name":"\u00dcber Ohme - Ohme EV Deutschland","isPartOf":{"@id":"https:\/\/ohme-ev.com\/de\/#website"},"datePublished":"2023-06-26T12:03:21+00:00","dateModified":"2025-06-30T10:27:28+00:00","description":"Erfahre mehr \u00fcber Ohme - Englands Marktf\u00fchrer f\u00fcr den Heimladebereich und Verfechter von Smart Charging-Technologie.","breadcrumb":{"@id":"https:\/\/ohme-ev.com\/de\/ueber-ohme\/#breadcrumb"},"inLanguage":"de-de","potentialAction":[{"@type":"ReadAction","target":["https:\/\/ohme-ev.com\/de\/ueber-ohme\/"]}]},{"@type":"BreadcrumbList","@id":"https:\/\/ohme-ev.com\/de\/ueber-ohme\/#breadcrumb","itemListElement":[{"@type":"ListItem","position":1,"name":"Home","item":"https:\/\/ohme-ev.com\/de\/"},{"@type":"ListItem","position":2,"name":"Life at Ohme"}]},{"@type":"WebSite","@id":"https:\/\/ohme-ev.com\/de\/#website","url":"https:\/\/ohme-ev.com\/de\/","name":"Ohme EV Deutschland","description":"Ohme - EV Smart Charging Solutions","publisher":{"@id":"https:\/\/ohme-ev.com\/de\/#organization"},"potentialAction":[{"@type":"SearchAction","target":{"@type":"EntryPoint","urlTemplate":"https:\/\/ohme-ev.com\/de\/?s={search_term_string}"},"query-input":{"@type":"PropertyValueSpecification","valueRequired":true,"valueName":"search_term_string"}}],"inLanguage":"de-de"},{"@type":"Organization","@id":"https:\/\/ohme-ev.com\/de\/#organization","name":"Ohme EV","url":"https:\/\/ohme-ev.com\/de\/","logo":{"@type":"ImageObject","inLanguage":"de-de","@id":"https:\/\/ohme-ev.com\/de\/#\/schema\/logo\/image\/","url":"https:\/\/ohme-ev.com\/de\/wp-content\/uploads\/sites\/23\/2025\/07\/Ohme-blue-logo.webp","contentUrl":"https:\/\/ohme-ev.com\/de\/wp-content\/uploads\/sites\/23\/2025\/07\/Ohme-blue-logo.webp","width":393,"height":192,"caption":"Ohme EV"},"image":{"@id":"https:\/\/ohme-ev.com\/de\/#\/schema\/logo\/image\/"},"sameAs":["https:\/\/www.facebook.com\/OhmeEV\/","https:\/\/x.com\/ohmeev","https:\/\/www.linkedin.com\/company\/19177772"]}]}},"_links":{"self":[{"href":"https:\/\/ohme-ev.com\/de\/wp-json\/wp\/v2\/pages\/50","targetHints":{"allow":["GET"]}}],"collection":[{"href":"https:\/\/ohme-ev.com\/de\/wp-json\/wp\/v2\/pages"}],"about":[{"href":"https:\/\/ohme-ev.com\/de\/wp-json\/wp\/v2\/types\/page"}],"author":[{"embeddable":true,"href":"https:\/\/ohme-ev.com\/de\/wp-json\/wp\/v2\/users\/1"}],"replies":[{"embeddable":true,"href":"https:\/\/ohme-ev.com\/de\/wp-json\/wp\/v2\/comments?post=50"}],"version-history":[{"count":0,"href":"https:\/\/ohme-ev.com\/de\/wp-json\/wp\/v2\/pages\/50\/revisions"}],"wp:attachment":[{"href":"https:\/\/ohme-ev.com\/de\/wp-json\/wp\/v2\/media?parent=50"}],"wp:term":[{"taxonomy":"partner","embeddable":true,"href":"https:\/\/ohme-ev.com\/de\/wp-json\/wp\/v2\/partner?post=50"}],"curies":[{"name":"wp","href":"https:\/\/api.w.org\/{rel}","templated":true}]}}