{"id":3048,"date":"2023-08-23T16:12:01","date_gmt":"2023-08-23T16:12:01","guid":{"rendered":"https:\/\/ohme.wpengine.com\/?page_id=1747"},"modified":"2025-10-07T08:52:55","modified_gmt":"2025-10-07T08:52:55","slug":"wallbox-kaufen-e-auto-guide","status":"publish","type":"page","link":"https:\/\/ohme-ev.com\/de\/wallbox-kaufen-e-auto-guide\/","title":{"rendered":"Neu mit E-Auto?"},"content":{"rendered":"<div class=\"image-text-hero with-image gradient-enabled gradient-vertical has-mobile-bg\" style=\"--bg-desktop: url(&#039;https:\/\/ohme-ev.com\/de\/wp-content\/uploads\/sites\/23\/2025\/09\/New-to-EVs-Desktop1x.webp&#039;); --bg-mobile: url(&#039;https:\/\/ohme-ev.com\/de\/wp-content\/uploads\/sites\/23\/2025\/09\/New-to-EVs-Mobile1x.webp&#039;);\">\n\n    <div class=\"contentWrapper imageRight mobile-image-bottom\">\n        <div class=\"content-container\">\n            <div class=\"wrapper\">\n                                    <h1>Neu auf ein E-Auto umgestiegen?<\/h1>\n                \n                \n                                    <p><p>Alles, was du zum Laden zu Hause wissen musst<\/p>\n<\/p>\n                \n                \n\n                            <\/div>\n        <\/div>\n\n        <div class=\"image-container\">\n            \n                    <\/div>\n    <\/div>\n\n    <\/div>\n\n<div id=\"\" class=\"blockWrapper top-default bottom-default   \">\n\n<div class=\"text-image-right bg-white\">\n    <div class=\"inner\">\n        <div class=\"text-content\">\n                        <h3 class=\"title\">Was ist eine Wallbox?<\/h3>\n                        <div class=\"text\"><p data-pm-slice=\"1 1 []\">Eine Wallbox ist dein pers\u00f6nliches Ladeger\u00e4t f\u00fcr zu Hause. Sie l\u00e4dt dein E-Auto schneller und sicherer als eine normale Steckdose \u2013 und oft deutlich g\u00fcnstiger als \u00f6ffentliches Laden.<\/p>\n<\/div>\n                                                <div class=\"buttons\">\n                                    \n            <a href=\"https:\/\/ohme-ev.com\/de\/produkt\/\" target=\"_self\" >\n            <button class=\"ohme-btn primary button\" title=\"\">Unsere Wallbox entdecken<\/button>\n        <\/a>\n                                <\/div>\n                                <\/div>\n        <div class=\"media-content\">\n                        <img decoding=\"async\" loading=\"lazy\" src=\"https:\/\/ohme-ev.com\/de\/wp-content\/uploads\/sites\/23\/2023\/07\/Ohme_Charger-5-1.png\" alt=\"Ohme Home Pro EV charger with blue car\" \/>\n                    <\/div>\n    <\/div>\n<\/div>\n\n<\/div>\n\n<div id=\"\" class=\"blockWrapper top-default bottom-default   \">\n\n    <div class=\"dualTilesWrapper blockWrapper\">\n        <h3><\/h3>\n        <div class=\"tilesContainer\">\n                                <div class=\"tileWrapper \">\n                        <h2 class=\"title\">AC-Laden (Wechselstrom)<\/h2>\n\n                        <div class=\"copy\"><p data-pm-slice=\"1 1 []\">Ideal f\u00fcr zu Hause: Mit einer Wallbox l\u00e4dst du dein E-Auto bequem \u00fcber Nacht oder w\u00e4hrend der Arbeit. Ladeleistung: meist 11 kW oder 22 kW.<\/p>\n<\/div>\n                                                                                                                        <div class=\"ctasContainer\">\n                                                    <\/div>\n                    <\/div>\n                                    <div class=\"tileWrapper \">\n                        <h2 class=\"title\">DC-Laden (Gleichstrom)<\/h2>\n\n                        <div class=\"copy\"><p data-pm-slice=\"1 1 []\">Perfekt f\u00fcr unterwegs: An Schnellladestationen geht es mit bis zu 350 kW zur Sache. Diese \u00f6ffentlichen Ladestationen f\u00fcr Elektrofahrzeuge sind f\u00fcr lange Strecken und kurze Stopps.<\/p>\n<\/div>\n                                                                                                                        <div class=\"ctasContainer\">\n                                                    <\/div>\n                    <\/div>\n                        <\/div>\n    <\/div>\n\n<\/div>\n\n<div id=\"\" class=\"blockWrapper top-default bottom-default   \">\n\n\n<div class=\"charging-comparison contentWrapper\">\n<div >\n  <h3 class=\"title\">Welche Wallbox passt zu dir?<\/h3>\n  <div class=\"itemsContainer\">\n            <div class=\"itemWrapper\">\n            <div class=\"sectionTop\">\n            <h5 class=\"subtitle\">Feste Wallbox f\u00fcr zu Hause<\/h5>\n            <div class=\"copy\"><p data-pm-slice=\"1 1 []\"><strong>Ohme Home Pro MID<\/strong>: Fest installiert, mit Kabel, App-Anbindung und MID-Zertifizierung \u2013 ideal f\u00fcr Firmenwagen und smartes Laden daheim.<\/p>\n<\/div>\n            <\/div>\n            <div class=\"sectionBottom\">\n            <div class=\"imgContainer\">\n            <img decoding=\"async\" src=\"https:\/\/ohme-ev.com\/de\/wp-content\/uploads\/sites\/23\/2025\/03\/Ohme-DMS-1_29_1_50-e1742812182141.webp\" alt=\"\" \/>\n          <\/div>\n          <div class=\"costInfoContainer\">\n          <p class=\"description\">Ohme Home Pro MID<\/p>\n          <p class=\"cost\"><\/p>\n          <\/div>\n          <\/div>\n        <\/div>\n            <div class=\"itemWrapper\">\n            <div class=\"sectionTop\">\n            <h5 class=\"subtitle\">Mobile Ladel\u00f6sung f\u00fcr unterwegs<\/h5>\n            <div class=\"copy\"><p data-pm-slice=\"1 1 []\"><strong>Ohme Go<\/strong>: Flexibel, kompakt und sofort einsatzbereit \u2013 ideal f\u00fcrs Laden unterwegs oder bei Freunden ohne Wallbox.<\/p>\n<\/div>\n            <\/div>\n            <div class=\"sectionBottom\">\n            <div class=\"imgContainer\">\n            <img decoding=\"async\" src=\"https:\/\/ohme-ev.com\/de\/wp-content\/uploads\/sites\/23\/2025\/03\/209A4502_1_2_19-e1742565902397.webp\" alt=\"\" \/>\n          <\/div>\n          <div class=\"costInfoContainer\">\n          <p class=\"description\">Ohme Go<\/p>\n          <p class=\"cost\"><\/p>\n          <\/div>\n          <\/div>\n        <\/div>\n        <\/div>\n<\/div>\n<\/div>\n<\/div>\n\n<div id=\"\" class=\"blockWrapper top-default bottom-default   \">\n\n<div class=\"old-standalone-tiles blockWrapper\">\n    <div class=\"contentWrapper\">\n        <h2>Zuhause laden: Dein 1\u00d71 f\u00fcr Einsteiger<\/h2>\n                <div class=\"tiles-wrapper\">\n            <div class=\"tiles\">\n                                                        <div class=\"tile custom\">\n                        <img loading=\"lazy\" decoding=\"async\" width=\"307\" height=\"184\" src=\"https:\/\/ohme-ev.com\/de\/wp-content\/uploads\/sites\/23\/2023\/08\/Card-header_Woman-driver-sun-visor_master-750x450.png\" class=\"attachment-tile_hero size-tile_hero\" alt=\"Was bedeutet kWh?\" srcset=\"https:\/\/ohme-ev.com\/de\/wp-content\/uploads\/sites\/23\/2023\/08\/Card-header_Woman-driver-sun-visor_master-750x450.png 750w, https:\/\/ohme-ev.com\/de\/wp-content\/uploads\/sites\/23\/2023\/08\/Card-header_Woman-driver-sun-visor_master-300x180.png 300w, https:\/\/ohme-ev.com\/de\/wp-content\/uploads\/sites\/23\/2023\/08\/Card-header_Woman-driver-sun-visor_master-768x461.png 768w, https:\/\/ohme-ev.com\/de\/wp-content\/uploads\/sites\/23\/2023\/08\/Card-header_Woman-driver-sun-visor_master.png 1020w\" sizes=\"auto, (max-width: 307px) 100vw, 307px\" \/>                        <div class=\"content\">\n                            <h3 class=\"title\">Was bedeutet kWh?<\/h3>\n                            <p>kWh steht f\u00fcr Kilowattstunde und gibt an, wie viel Energie Ihr E-Auto speichern kann \u2013 quasi die Gr\u00f6\u00dfe des \u201eTanks\u201c f\u00fcr Strom. Je gr\u00f6\u00dfer die kWh-Zahl, desto mehr Reichweite steckt im Akku<\/p>\n                                                    <\/div>\n                    <\/div>\n                                                                            <div class=\"tile custom\">\n                        <img loading=\"lazy\" decoding=\"async\" width=\"307\" height=\"184\" src=\"https:\/\/ohme-ev.com\/de\/wp-content\/uploads\/sites\/23\/2023\/08\/Card-header_Man-Home-Pro-press_UK-750x450.png\" class=\"attachment-tile_hero size-tile_hero\" alt=\"Welche Ladeleistung brauche ich?\" srcset=\"https:\/\/ohme-ev.com\/de\/wp-content\/uploads\/sites\/23\/2023\/08\/Card-header_Man-Home-Pro-press_UK-750x450.png 750w, https:\/\/ohme-ev.com\/de\/wp-content\/uploads\/sites\/23\/2023\/08\/Card-header_Man-Home-Pro-press_UK-300x180.png 300w, https:\/\/ohme-ev.com\/de\/wp-content\/uploads\/sites\/23\/2023\/08\/Card-header_Man-Home-Pro-press_UK-768x461.png 768w, https:\/\/ohme-ev.com\/de\/wp-content\/uploads\/sites\/23\/2023\/08\/Card-header_Man-Home-Pro-press_UK.png 1020w\" sizes=\"auto, (max-width: 307px) 100vw, 307px\" \/>                        <div class=\"content\">\n                            <h3 class=\"title\">Welche Ladeleistung brauche ich?<\/h3>\n                            <p>In den meisten Haushalten ist ein 11-kW-Wallbox die beste Wahl. Sie nutzt den dreiphasigen Stromanschluss, den viele H\u00e4user sowieso haben. Ein 22kW-Ladeger\u00e4t braucht oft einen st\u00e4rkeren Netzanschluss.<\/p>\n                                                    <\/div>\n                    <\/div>\n                                                                            <div class=\"tile custom\">\n                        <img loading=\"lazy\" decoding=\"async\" width=\"307\" height=\"184\" src=\"https:\/\/ohme-ev.com\/de\/wp-content\/uploads\/sites\/23\/2023\/08\/Card-header_Charge-cap-open-_UK-750x450.png\" class=\"attachment-tile_hero size-tile_hero\" alt=\"Wie viel sollte ich laden?\" srcset=\"https:\/\/ohme-ev.com\/de\/wp-content\/uploads\/sites\/23\/2023\/08\/Card-header_Charge-cap-open-_UK-750x450.png 750w, https:\/\/ohme-ev.com\/de\/wp-content\/uploads\/sites\/23\/2023\/08\/Card-header_Charge-cap-open-_UK-300x180.png 300w, https:\/\/ohme-ev.com\/de\/wp-content\/uploads\/sites\/23\/2023\/08\/Card-header_Charge-cap-open-_UK-768x461.png 768w, https:\/\/ohme-ev.com\/de\/wp-content\/uploads\/sites\/23\/2023\/08\/Card-header_Charge-cap-open-_UK.png 1020w\" sizes=\"auto, (max-width: 307px) 100vw, 307px\" \/>                        <div class=\"content\">\n                            <h3 class=\"title\">Wie viel sollte ich laden?<\/h3>\n                            <p>F\u00fcr eine lange Akkulebensdauer: H\u00e4ltst du den Ladestand idealerweise zwischen 20 und 80 %. Kurzzeitige Schwankungen sind normal, aber regelm\u00e4\u00dfiges Laden in diesem Bereich schont den Akku.<\/p>\n                                                    <\/div>\n                    <\/div>\n                                                                            <div class=\"tile custom\">\n                        <img loading=\"lazy\" decoding=\"async\" width=\"276\" height=\"184\" src=\"https:\/\/ohme-ev.com\/de\/wp-content\/uploads\/sites\/23\/2025\/03\/Ohme_Home_Pro_-_Leaf-transformed-276x184.webp\" class=\"attachment-tile_hero size-tile_hero\" alt=\"Was kostet das Laden?\" srcset=\"https:\/\/ohme-ev.com\/de\/wp-content\/uploads\/sites\/23\/2025\/03\/Ohme_Home_Pro_-_Leaf-transformed-276x184.webp 276w, https:\/\/ohme-ev.com\/de\/wp-content\/uploads\/sites\/23\/2025\/03\/Ohme_Home_Pro_-_Leaf-transformed-300x200.webp 300w, https:\/\/ohme-ev.com\/de\/wp-content\/uploads\/sites\/23\/2025\/03\/Ohme_Home_Pro_-_Leaf-transformed-1024x683.webp 1024w, https:\/\/ohme-ev.com\/de\/wp-content\/uploads\/sites\/23\/2025\/03\/Ohme_Home_Pro_-_Leaf-transformed-768x512.webp 768w, https:\/\/ohme-ev.com\/de\/wp-content\/uploads\/sites\/23\/2025\/03\/Ohme_Home_Pro_-_Leaf-transformed-340x227.webp 340w, https:\/\/ohme-ev.com\/de\/wp-content\/uploads\/sites\/23\/2025\/03\/Ohme_Home_Pro_-_Leaf-transformed.webp 1131w\" sizes=\"auto, (max-width: 276px) 100vw, 276px\" \/>                        <div class=\"content\">\n                            <h3 class=\"title\">Was kostet das Laden?<\/h3>\n                            <p>Das Laden zu Hause ist nicht nur umweltfreundlicher, sondern auch g\u00fcnstiger als Benzin. Die genauen Kosten h\u00e4ngen von Fahrzeug und Stromtarif ab \u2013 mit einem flexiblen Tarif sparen Sie bis zu 50%.<\/p>\n                                                    <\/div>\n                    <\/div>\n                                                                            <div class=\"tile custom\">\n                        <img loading=\"lazy\" decoding=\"async\" width=\"307\" height=\"184\" src=\"https:\/\/ohme-ev.com\/de\/wp-content\/uploads\/sites\/23\/2023\/08\/Card-header_Car-tunnel_master-750x450.png\" class=\"attachment-tile_hero size-tile_hero\" alt=\"Wie lange dauert das Laden?\" srcset=\"https:\/\/ohme-ev.com\/de\/wp-content\/uploads\/sites\/23\/2023\/08\/Card-header_Car-tunnel_master-750x450.png 750w, https:\/\/ohme-ev.com\/de\/wp-content\/uploads\/sites\/23\/2023\/08\/Card-header_Car-tunnel_master-300x180.png 300w, https:\/\/ohme-ev.com\/de\/wp-content\/uploads\/sites\/23\/2023\/08\/Card-header_Car-tunnel_master-768x461.png 768w, https:\/\/ohme-ev.com\/de\/wp-content\/uploads\/sites\/23\/2023\/08\/Card-header_Car-tunnel_master.png 1020w\" sizes=\"auto, (max-width: 307px) 100vw, 307px\" \/>                        <div class=\"content\">\n                            <h3 class=\"title\">Wie lange dauert das Laden?<\/h3>\n                            <p>Die Ladezeit h\u00e4ngt von der Akkugr\u00f6\u00dfe, der Ladeleistung des Autos und der Leistung des Ladeger\u00e4ts ab. Mit einem 11kW-Ladeger\u00e4t dauert eine Vollladung im Schnitt etwa 5 Stunden.<\/p>\n                                                    <\/div>\n                    <\/div>\n                                                                            <div class=\"tile custom\">\n                        <img loading=\"lazy\" decoding=\"async\" width=\"307\" height=\"184\" src=\"https:\/\/ohme-ev.com\/de\/wp-content\/uploads\/sites\/23\/2023\/08\/Card-header_Charge-dashboard_master-750x450.png\" class=\"attachment-tile_hero size-tile_hero\" alt=\"Was ist die Reichweite eines Fahrzeugs? \" srcset=\"https:\/\/ohme-ev.com\/de\/wp-content\/uploads\/sites\/23\/2023\/08\/Card-header_Charge-dashboard_master-750x450.png 750w, https:\/\/ohme-ev.com\/de\/wp-content\/uploads\/sites\/23\/2023\/08\/Card-header_Charge-dashboard_master-300x180.png 300w, https:\/\/ohme-ev.com\/de\/wp-content\/uploads\/sites\/23\/2023\/08\/Card-header_Charge-dashboard_master-768x461.png 768w, https:\/\/ohme-ev.com\/de\/wp-content\/uploads\/sites\/23\/2023\/08\/Card-header_Charge-dashboard_master.png 1020w\" sizes=\"auto, (max-width: 307px) 100vw, 307px\" \/>                        <div class=\"content\">\n                            <h3 class=\"title\">Was ist die Reichweite eines Fahrzeugs? <\/h3>\n                            <p>So weit kommst du mit einer vollen Ladung. Abh\u00e4ngig von Fahrstil, Wetter &amp; Akku.<\/p>\n                                                    <\/div>\n                    <\/div>\n                                                    <div class=\"backdrop  \"><\/div>\n            <\/div>\n            \n        <\/div>\n    <\/div>\n<\/div>\n\n<\/div>\n\n<div id=\"\" class=\"blockWrapper top-default bottom-default   \">\n\n<div class=\"text-image-right bg-white\">\n    <div class=\"inner\">\n        <div class=\"text-content\">\n                        <h3 class=\"title\">Smart Charging erkl\u00e4rt<\/h3>\n                        <div class=\"text\"><p data-pm-slice=\"1 1 []\">Mit einem smarten Ladeger\u00e4t wie von Ohme passt sich der Ladevorgang an deinen Stromtarif an. Hei\u00dft: Du l\u00e4dst automatisch dann, wenn der Strom am g\u00fcnstigsten und umweltfreundlichsten ist.<\/p>\n<p data-pm-slice=\"1 1 []\"><strong>Mit der App kannst du:<\/strong><\/p>\n<ul data-spread=\"false\">\n<li>Ladezeiten planen<\/li>\n<li>Preisgrenzen setzen<\/li>\n<li>Kosten und Verbrauch tracken<\/li>\n<\/ul>\n<p><strong>Und das Netz profitiert auch:<\/strong> Unsere Technologie hilft, Stromspitzen zu vermeiden (Peak Shaving) und unterst\u00fctzt das Stromnetz.<\/p>\n<\/div>\n                                                <div class=\"buttons\">\n                                    \n            <a href=\"https:\/\/ohme-ev.com\/de\/e-auto-guenstiger-laden\/\" target=\"_self\" >\n            <button class=\"ohme-btn primary button\" title=\"\">Mehr zu Smart Charging erfahren<\/button>\n        <\/a>\n                                <\/div>\n                                <\/div>\n        <div class=\"media-content\">\n                        <img decoding=\"async\" loading=\"lazy\" src=\"https:\/\/ohme-ev.com\/de\/wp-content\/uploads\/sites\/23\/2024\/03\/50x50_DE-app-3_DE.webp\" alt=\"\" \/>\n                    <\/div>\n    <\/div>\n<\/div>\n\n<\/div>\n\n<div id=\"\" class=\"blockWrapper top-default bottom-default   \">\n\n    <div class=\"dualTilesWrapper blockWrapper\">\n        <h3><\/h3>\n        <div class=\"tilesContainer\">\n                                <div class=\"tileWrapper \">\n                        <h2 class=\"title\">Entdecke die Ohme Wallboxen<\/h2>\n\n                        <div class=\"copy\"><p data-pm-slice=\"1 1 []\">Lust auf smartes, unkompliziertes Laden? Unsere Ohme Wallboxen machen\u2019s m\u00f6glich.<\/p>\n<p data-pm-slice=\"1 1 []\">Finde heraus, welche Wallbox zu deinem Alltag passt \u2013 und mach dein Zuhause bereit f\u00fcr die Mobilit\u00e4t von morgen.<\/p>\n<\/div>\n                                                                                                                        <div class=\"ctasContainer\">\n                            \n            <a href=\"https:\/\/ohme-ev.com\/de\/produkt\/\" target=\"_self\" >\n            <button class=\"ohme-btn primary button\" title=\"\">Mehr erfahren<\/button>\n        <\/a>\n                            <\/div>\n                    <\/div>\n                                    <div class=\"tileWrapper \">\n                        <h2 class=\"title\">Bereit f\u00fcr deine Wallbox?<\/h2>\n\n                        <div class=\"copy\"><p data-pm-slice=\"1 1 []\">Finde das passende Modell, beantworte ein paar Fragen \u2013 und wir vermitteln dir den richtigen Installationspartner.<\/p>\n<\/div>\n                                                                                                                        <div class=\"ctasContainer\">\n                            \n            <a href=\"https:\/\/survey.ohme-ev.com\/survey\/direct?partnerId=1d27f2b3-22e4-4e40-b055-d4f13e9e5bb4&#038;journeyId=d09ac916-161f-4598-b3ab-e8900ee4c667&#038;region=de\" target=\"_blank\" rel=\"noopener\">\n            <button class=\"ohme-btn primary button external\" title=\"\">Angebot anfragen<\/button>\n        <\/a>\n                            <\/div>\n                    <\/div>\n                        <\/div>\n    <\/div>\n\n<\/div>","protected":false},"excerpt":{"rendered":"","protected":false},"author":20,"featured_media":0,"parent":0,"menu_order":0,"comment_status":"closed","ping_status":"closed","template":"","meta":{"_acf_changed":true,"_helpful_status":1,"footnotes":""},"partner":[],"class_list":["post-3048","page","type-page","status-publish","hentry"],"acf":[],"yoast_head":"<!-- This site is optimized with the Yoast SEO Premium plugin v27.4 (Yoast SEO v27.4) - https:\/\/yoast.com\/product\/yoast-seo-premium-wordpress\/ -->\n<title>Wallbox kaufen f\u00fcrs E-Auto: Der Guide f\u00fcr Einsteiger | Ohme<\/title>\n<meta name=\"description\" content=\"Du willst eine Wallbox f\u00fcr dein E-Auto kaufen? Wir helfen dir die perfekte L\u00f6sung f\u00fcr dein Zuhause zu finden!\" \/>\n<meta name=\"robots\" content=\"index, follow, max-snippet:-1, max-image-preview:large, max-video-preview:-1\" \/>\n<link rel=\"canonical\" href=\"https:\/\/ohme-ev.com\/de\/wallbox-kaufen-e-auto-guide\/\" \/>\n<meta property=\"og:locale\" content=\"de_DE\" \/>\n<meta property=\"og:type\" content=\"article\" \/>\n<meta property=\"og:title\" content=\"Neu mit E-Auto?\" \/>\n<meta property=\"og:description\" content=\"Du willst eine Wallbox f\u00fcr dein E-Auto kaufen? Wir helfen dir die perfekte L\u00f6sung f\u00fcr dein Zuhause zu finden!\" \/>\n<meta property=\"og:url\" content=\"https:\/\/ohme-ev.com\/de\/wallbox-kaufen-e-auto-guide\/\" \/>\n<meta property=\"og:site_name\" content=\"Ohme EV Deutschland\" \/>\n<meta property=\"article:publisher\" content=\"https:\/\/www.facebook.com\/OhmeEV\/\" \/>\n<meta property=\"article:modified_time\" content=\"2025-10-07T08:52:55+00:00\" \/>\n<meta name=\"twitter:card\" content=\"summary_large_image\" \/>\n<meta name=\"twitter:site\" content=\"@ohmeev\" \/>\n<script type=\"application\/ld+json\" class=\"yoast-schema-graph\">{\"@context\":\"https:\\\/\\\/schema.org\",\"@graph\":[{\"@type\":\"WebPage\",\"@id\":\"https:\\\/\\\/ohme-ev.com\\\/de\\\/wallbox-kaufen-e-auto-guide\\\/\",\"url\":\"https:\\\/\\\/ohme-ev.com\\\/de\\\/wallbox-kaufen-e-auto-guide\\\/\",\"name\":\"Wallbox kaufen f\u00fcrs E-Auto: Der Guide f\u00fcr Einsteiger | Ohme\",\"isPartOf\":{\"@id\":\"https:\\\/\\\/ohme-ev.com\\\/de\\\/#website\"},\"datePublished\":\"2023-08-23T16:12:01+00:00\",\"dateModified\":\"2025-10-07T08:52:55+00:00\",\"description\":\"Du willst eine Wallbox f\u00fcr dein E-Auto kaufen? Wir helfen dir die perfekte L\u00f6sung f\u00fcr dein Zuhause zu finden!\",\"breadcrumb\":{\"@id\":\"https:\\\/\\\/ohme-ev.com\\\/de\\\/wallbox-kaufen-e-auto-guide\\\/#breadcrumb\"},\"inLanguage\":\"de-de\",\"potentialAction\":[{\"@type\":\"ReadAction\",\"target\":[\"https:\\\/\\\/ohme-ev.com\\\/de\\\/wallbox-kaufen-e-auto-guide\\\/\"]}]},{\"@type\":\"BreadcrumbList\",\"@id\":\"https:\\\/\\\/ohme-ev.com\\\/de\\\/wallbox-kaufen-e-auto-guide\\\/#breadcrumb\",\"itemListElement\":[{\"@type\":\"ListItem\",\"position\":1,\"name\":\"Home\",\"item\":\"https:\\\/\\\/ohme-ev.com\\\/de\\\/\"},{\"@type\":\"ListItem\",\"position\":2,\"name\":\"Neu mit E-Auto?\"}]},{\"@type\":\"WebSite\",\"@id\":\"https:\\\/\\\/ohme-ev.com\\\/de\\\/#website\",\"url\":\"https:\\\/\\\/ohme-ev.com\\\/de\\\/\",\"name\":\"Ohme EV Deutschland\",\"description\":\"Ohme - EV Smart Charging Solutions\",\"publisher\":{\"@id\":\"https:\\\/\\\/ohme-ev.com\\\/de\\\/#organization\"},\"potentialAction\":[{\"@type\":\"SearchAction\",\"target\":{\"@type\":\"EntryPoint\",\"urlTemplate\":\"https:\\\/\\\/ohme-ev.com\\\/de\\\/?s={search_term_string}\"},\"query-input\":{\"@type\":\"PropertyValueSpecification\",\"valueRequired\":true,\"valueName\":\"search_term_string\"}}],\"inLanguage\":\"de-de\"},{\"@type\":\"Organization\",\"@id\":\"https:\\\/\\\/ohme-ev.com\\\/de\\\/#organization\",\"name\":\"Ohme EV\",\"url\":\"https:\\\/\\\/ohme-ev.com\\\/de\\\/\",\"logo\":{\"@type\":\"ImageObject\",\"inLanguage\":\"de-de\",\"@id\":\"https:\\\/\\\/ohme-ev.com\\\/de\\\/#\\\/schema\\\/logo\\\/image\\\/\",\"url\":\"https:\\\/\\\/ohme-ev.com\\\/de\\\/wp-content\\\/uploads\\\/sites\\\/23\\\/2025\\\/07\\\/Ohme-blue-logo.webp\",\"contentUrl\":\"https:\\\/\\\/ohme-ev.com\\\/de\\\/wp-content\\\/uploads\\\/sites\\\/23\\\/2025\\\/07\\\/Ohme-blue-logo.webp\",\"width\":393,\"height\":192,\"caption\":\"Ohme EV\"},\"image\":{\"@id\":\"https:\\\/\\\/ohme-ev.com\\\/de\\\/#\\\/schema\\\/logo\\\/image\\\/\"},\"sameAs\":[\"https:\\\/\\\/www.facebook.com\\\/OhmeEV\\\/\",\"https:\\\/\\\/x.com\\\/ohmeev\",\"https:\\\/\\\/www.linkedin.com\\\/company\\\/19177772\"]}]}<\/script>\n<!-- \/ Yoast SEO Premium plugin. -->","yoast_head_json":{"title":"Wallbox kaufen f\u00fcrs E-Auto: Der Guide f\u00fcr Einsteiger | Ohme","description":"Du willst eine Wallbox f\u00fcr dein E-Auto kaufen? Wir helfen dir die perfekte L\u00f6sung f\u00fcr dein Zuhause zu finden!","robots":{"index":"index","follow":"follow","max-snippet":"max-snippet:-1","max-image-preview":"max-image-preview:large","max-video-preview":"max-video-preview:-1"},"canonical":"https:\/\/ohme-ev.com\/de\/wallbox-kaufen-e-auto-guide\/","og_locale":"de_DE","og_type":"article","og_title":"Neu mit E-Auto?","og_description":"Du willst eine Wallbox f\u00fcr dein E-Auto kaufen? Wir helfen dir die perfekte L\u00f6sung f\u00fcr dein Zuhause zu finden!","og_url":"https:\/\/ohme-ev.com\/de\/wallbox-kaufen-e-auto-guide\/","og_site_name":"Ohme EV Deutschland","article_publisher":"https:\/\/www.facebook.com\/OhmeEV\/","article_modified_time":"2025-10-07T08:52:55+00:00","twitter_card":"summary_large_image","twitter_site":"@ohmeev","schema":{"@context":"https:\/\/schema.org","@graph":[{"@type":"WebPage","@id":"https:\/\/ohme-ev.com\/de\/wallbox-kaufen-e-auto-guide\/","url":"https:\/\/ohme-ev.com\/de\/wallbox-kaufen-e-auto-guide\/","name":"Wallbox kaufen f\u00fcrs E-Auto: Der Guide f\u00fcr Einsteiger | Ohme","isPartOf":{"@id":"https:\/\/ohme-ev.com\/de\/#website"},"datePublished":"2023-08-23T16:12:01+00:00","dateModified":"2025-10-07T08:52:55+00:00","description":"Du willst eine Wallbox f\u00fcr dein E-Auto kaufen? Wir helfen dir die perfekte L\u00f6sung f\u00fcr dein Zuhause zu finden!","breadcrumb":{"@id":"https:\/\/ohme-ev.com\/de\/wallbox-kaufen-e-auto-guide\/#breadcrumb"},"inLanguage":"de-de","potentialAction":[{"@type":"ReadAction","target":["https:\/\/ohme-ev.com\/de\/wallbox-kaufen-e-auto-guide\/"]}]},{"@type":"BreadcrumbList","@id":"https:\/\/ohme-ev.com\/de\/wallbox-kaufen-e-auto-guide\/#breadcrumb","itemListElement":[{"@type":"ListItem","position":1,"name":"Home","item":"https:\/\/ohme-ev.com\/de\/"},{"@type":"ListItem","position":2,"name":"Neu mit E-Auto?"}]},{"@type":"WebSite","@id":"https:\/\/ohme-ev.com\/de\/#website","url":"https:\/\/ohme-ev.com\/de\/","name":"Ohme EV Deutschland","description":"Ohme - EV Smart Charging Solutions","publisher":{"@id":"https:\/\/ohme-ev.com\/de\/#organization"},"potentialAction":[{"@type":"SearchAction","target":{"@type":"EntryPoint","urlTemplate":"https:\/\/ohme-ev.com\/de\/?s={search_term_string}"},"query-input":{"@type":"PropertyValueSpecification","valueRequired":true,"valueName":"search_term_string"}}],"inLanguage":"de-de"},{"@type":"Organization","@id":"https:\/\/ohme-ev.com\/de\/#organization","name":"Ohme EV","url":"https:\/\/ohme-ev.com\/de\/","logo":{"@type":"ImageObject","inLanguage":"de-de","@id":"https:\/\/ohme-ev.com\/de\/#\/schema\/logo\/image\/","url":"https:\/\/ohme-ev.com\/de\/wp-content\/uploads\/sites\/23\/2025\/07\/Ohme-blue-logo.webp","contentUrl":"https:\/\/ohme-ev.com\/de\/wp-content\/uploads\/sites\/23\/2025\/07\/Ohme-blue-logo.webp","width":393,"height":192,"caption":"Ohme EV"},"image":{"@id":"https:\/\/ohme-ev.com\/de\/#\/schema\/logo\/image\/"},"sameAs":["https:\/\/www.facebook.com\/OhmeEV\/","https:\/\/x.com\/ohmeev","https:\/\/www.linkedin.com\/company\/19177772"]}]}},"_links":{"self":[{"href":"https:\/\/ohme-ev.com\/de\/wp-json\/wp\/v2\/pages\/3048","targetHints":{"allow":["GET"]}}],"collection":[{"href":"https:\/\/ohme-ev.com\/de\/wp-json\/wp\/v2\/pages"}],"about":[{"href":"https:\/\/ohme-ev.com\/de\/wp-json\/wp\/v2\/types\/page"}],"author":[{"embeddable":true,"href":"https:\/\/ohme-ev.com\/de\/wp-json\/wp\/v2\/users\/20"}],"replies":[{"embeddable":true,"href":"https:\/\/ohme-ev.com\/de\/wp-json\/wp\/v2\/comments?post=3048"}],"version-history":[{"count":0,"href":"https:\/\/ohme-ev.com\/de\/wp-json\/wp\/v2\/pages\/3048\/revisions"}],"wp:attachment":[{"href":"https:\/\/ohme-ev.com\/de\/wp-json\/wp\/v2\/media?parent=3048"}],"wp:term":[{"taxonomy":"partner","embeddable":true,"href":"https:\/\/ohme-ev.com\/de\/wp-json\/wp\/v2\/partner?post=3048"}],"curies":[{"name":"wp","href":"https:\/\/api.w.org\/{rel}","templated":true}]}}