{"id":2937,"date":"2025-02-25T10:39:28","date_gmt":"2025-02-25T10:39:28","guid":{"rendered":"https:\/\/ohme-ev.com\/de\/?page_id=2937"},"modified":"2025-09-16T09:58:35","modified_gmt":"2025-09-16T09:58:35","slug":"so-laeuft-die-wallbox-installation-mit-ohme","status":"publish","type":"page","link":"https:\/\/ohme-ev.com\/de\/so-laeuft-die-wallbox-installation-mit-ohme\/","title":{"rendered":"So l\u00e4uft die Wallbox Installation mit Ohme"},"content":{"rendered":"<div class=\"image-text-hero with-image gradient-enabled gradient-vertical has-mobile-bg\" style=\"--bg-desktop: url(&#039;https:\/\/ohme-ev.com\/de\/wp-content\/uploads\/sites\/23\/2025\/09\/How-installation-works-Desktop1x.webp&#039;); --bg-mobile: url(&#039;https:\/\/ohme-ev.com\/de\/wp-content\/uploads\/sites\/23\/2025\/09\/How-installation-woks-Mobile1x.webp&#039;);\">\n\n    <div class=\"contentWrapper imageRight mobile-image-bottom\">\n        <div class=\"content-container\">\n            <div class=\"wrapper\">\n                                    <h1>So l\u00e4uft die Wallbox Installation mit Ohme<\/h1>\n                \n                                    <h5>Du willst deine eigene Wallbox installieren lassen? <\/h5>\n                \n                                    <p><p>Wir regeln das f\u00fcr dich. Du bestellst \u2013 wir liefern, beraten und organisieren die Installation gleich mit. Schnell, unkompliziert und von zertifizierten Profis.<\/p>\n<\/p>\n                \n                \n            <a href=\"https:\/\/survey.ohme-ev.com\/survey\/direct?partnerId=1d27f2b3-22e4-4e40-b055-d4f13e9e5bb4&#038;journeyId=d09ac916-161f-4598-b3ab-e8900ee4c667&#038;region=de\" target=\"_blank\" rel=\"noopener\">\n            <button class=\"ohme-btn secondaryDark button external\" title=\"\">Jetzt anfragen<\/button>\n        <\/a>\n    \n                            <\/div>\n        <\/div>\n\n        <div class=\"image-container\">\n            \n                    <\/div>\n    <\/div>\n\n    <\/div>\n\n<!-- start block wrapper top -->\n<div id=\"\" class=\"blockWrapper top-default bottom-default   \">\n<!-- end block wrapper top -->\n\n\n<!-- \/\/\/\/\/\/\/\/\/  start block  \/\/\/\/\/\/\/\/\/ -->\n\n<div class=\"block timeline contentWrapper\">\n  <h2>\n    So einfach geht die Wallbox Installation mit Ohme  <\/h2>\n  <div class=\"sections-container\">\n    <div class=\"timeline-line\">\n\n    <\/div>\n    <div class=\"timeline-content\">\n                        <div class=\"section\">\n            <h3>\n              Vor dem Installationstag            <\/h3>\n                                                      <div class=\"subsection\">\n                  <h5 class=\"subsection__title\">\n                    Du sagst uns, was du brauchst                  <\/h5>\n                                      <p>\n                      Du willst eine Ohme Wallbox installieren lassen? F\u00fcll einfach unseren Installationsfragebogen online aus. Je mehr Infos wir von dir haben \u2013 z.\u202fB. zu deinem Hausanschluss oder wo die Wallbox h\u00e4ngen soll \u2013 desto besser k\u00f6nnen wir deine Installation vorbereiten.                    <\/p>\n                                                                                          \n            <a href=\"https:\/\/survey.ohme-ev.com\/survey\/direct?partnerId=1d27f2b3-22e4-4e40-b055-d4f13e9e5bb4&#038;journeyId=d09ac916-161f-4598-b3ab-e8900ee4c667&#038;region=de\" target=\"_blank\" rel=\"noopener\">\n            <button class=\"ohme-btn primary button external\" title=\"\">\ud83d\udc49 Hier Geht&#039;s direkt zum Fragebogen<\/button>\n        <\/a>\n                    <\/div>\n                              <div class=\"subsection\">\n                  <h5 class=\"subsection__title\">\n                    \ud83d\udcde Pers\u00f6nliche Beratung &#8211; ehrlich und unkompliziert                  <\/h5>\n                                      <p>\n                      Sobald wir deinen Fragebogen haben, rufen wir dich an. Wir sprechen \u00fcber deine Situation vor Ort, kl\u00e4ren offene Fragen und erkl\u00e4ren dir, wie\u2019s weitergeht. Keine Warteschleife, kein Technik-Kauderwelsch \u2013 nur ein ehrliches Gespr\u00e4ch.                    <\/p>\n                                                                                          \n                <\/div>\n                              <div class=\"subsection\">\n                  <h5 class=\"subsection__title\">\n                    Wir bringen dich mit einem passenden Installateur zusammen                  <\/h5>\n                                      <p>\n                      Danach \u00fcbergeben wir deine Infos an einen unserer zertifizierten Ohme-Installationspartner in deiner N\u00e4he. Der meldet sich direkt bei dir, um alles Weitere zu planen.                    <\/p>\n                                                                          <div class=\"tip\">\n                      <h6>\n                        Good to know                      <\/h6>\n                      <p>\n                        Alle unsere Partner kennen Ohme in- und auswendig. Du bekommst also Profis, die wissen, was sie tun.                      <\/p>\n                    <\/div>\n                                                      \n                <\/div>\n                              <div class=\"subsection\">\n                  <h5 class=\"subsection__title\">\n                    Der Installateur meldet sich bei dir                  <\/h5>\n                                      <p>\n                      Dein Installateur kl\u00e4rt mit dir offene Fragen \u2013 per Vor-Ort-Termin oder z.B. mit Fotos vom Stromz\u00e4hler und der gew\u00fcnschten Position f\u00fcr deine Wallbox.                    <\/p>\n                                                                                          \n                <\/div>\n                              <div class=\"subsection\">\n                  <h5 class=\"subsection__title\">\n                    Du bekommst dein pers\u00f6nliches Angebot                  <\/h5>\n                                      <p>\n                      Basierend auf dem Aufwand bekommst du ein pers\u00f6nliches Angebot f\u00fcr die Installation deiner Wallbox. Du entscheidest, ob du\u2019s annimmst.                    <\/p>\n                                                                                          \n                <\/div>\n                              <div class=\"subsection\">\n                  <h5 class=\"subsection__title\">\n                    \ud83d\udcc6 Ihr macht den Termin fix                  <\/h5>\n                                      <p>\n                      Passt alles f\u00fcr dich? Dann sprichst du direkt mit dem Installateur einen passenden Installationstermin ab. So kannst du dich darauf einstellen \u2013 und brauchst nur noch Vorfreude mitzubringen.                    <\/p>\n                                                                                          \n                <\/div>\n                                    <\/div>\n\n                  <div class=\"section\">\n            <h3>\n              Der Installationstag            <\/h3>\n                                                      <div class=\"subsection\">\n                  <h5 class=\"subsection__title\">\n                    Dein Installateur kommt mit deiner neuen Ohme Wallbox vorbei                  <\/h5>\n                                      <p>\n                      Dein Installateur bringt deine Ohme Wallbox mit, montiert sie fachgerecht und sorgt daf\u00fcr, dass alles funktioniert. Bitte sorge daf\u00fcr, dass rund um den Stromz\u00e4hler oder Verteilerkasten Platz ist \u2013 den Rest \u00fcbernehmen wir.                    <\/p>\n                                                                          <div class=\"tip\">\n                      <h6>\n                        Good to know                      <\/h6>\n                      <p>\n                         Meist dauert die Installation rund 4 Stunden \u2013 bei manchen H\u00e4usern auch etwas mehr oder weniger. Dein Installateur h\u00e4lt dich nat\u00fcrlich auf dem Laufenden.                      <\/p>\n                    <\/div>\n                                                      \n                <\/div>\n                              <div class=\"subsection\">\n                  <h5 class=\"subsection__title\">\n                    Alles fertig \u2013 jetzt kannst du laden!                  <\/h5>\n                                      <p>\n                      Dein Installateur zeigt dir, wie du dein Ohme Ladeger\u00e4t nutzt, beantwortet deine Fragen und macht den Platz wieder sauber. <br \/>\r\n<br \/>\r\nJetzt kann das Laden losgehen!                    <\/p>\n                                                                                          \n                <\/div>\n                                    <\/div>\n\n                  <div class=\"section\">\n            <h3>\n              Nach der Installation            <\/h3>\n                                                      <div class=\"subsection\">\n                  <h5 class=\"subsection__title\">\n                    Auch nach der Installation f\u00fcr dich da                  <\/h5>\n                                      <p>\n                      Die Installation ist abgeschlossen \u2013 aber unser Support bleibt. Bei Fragen, Updates oder Problemen stehen wir dir weiterhin zur Seite.                     <\/p>\n                                                                                          \n            <a href=\"https:\/\/ohme-ev.com\/de\/blog\/\" target=\"_self\" >\n            <button class=\"ohme-btn primary button\" title=\"\">Zum Ohme Blog<\/button>\n        <\/a>\n                    <\/div>\n                                    <\/div>\n\n                  <\/div>\n\n  <\/div>\n\n<\/div>\n<!-- \/\/\/\/\/\/\/\/\/  end block  \/\/\/\/\/\/\/\/\/ -->\n\n\n<!-- start block wrapper bottom -->\n<\/div><!-- end block wrapper bottom -->\n\n<div id=\"\" class=\"blockWrapper top-default bottom-default   no-max-width\">\n\n<div class=\"block quote-carousel-block\">\n    <div class=\"quote-carousel \">\n\n        <div class=\"title-arrow-container\">\n            <h2>Was unsere Kunden \u00fcber uns sagen<\/h2>\n            <div class=\"arrow-container\">\n            <\/div>\n        <\/div>\n\n        <div class=\"carousel-wrapper \">\n                                                <div class=\"item\">\n                        <div class=\"inner-content\">\n                            <p class=\"quote\">Klein, smart und super unauff\u00e4llig!<\/p>\n                            <p class=\"author\">Tobias  D.<\/p>\n                        <\/div>\n                    <\/div>\n                                    <div class=\"item\">\n                        <div class=\"inner-content\">\n                            <p class=\"quote\">Das Setup war super easy, die Bedienung \u00fcber die App funktioniert einwandfrei.<\/p>\n                            <p class=\"author\">Ines S.<\/p>\n                        <\/div>\n                    <\/div>\n                                    <div class=\"item\">\n                        <div class=\"inner-content\">\n                            <p class=\"quote\">Die Kommunikation war von Anfang bis Ende klasse \u2013 ich wusste immer, was gerade passiert.<\/p>\n                            <p class=\"author\">Hannes M.<\/p>\n                        <\/div>\n                    <\/div>\n                                    <div class=\"item\">\n                        <div class=\"inner-content\">\n                            <p class=\"quote\">Schnelle Installation, super intuitive Bedienung<\/p>\n                            <p class=\"author\">Isabell P.<\/p>\n                        <\/div>\n                    <\/div>\n                                    <div class=\"item\">\n                        <div class=\"inner-content\">\n                            <p class=\"quote\">Als E-Auto-Neuling rundum zufrieden.<\/p>\n                            <p class=\"author\">Gerhardt E.<\/p>\n                        <\/div>\n                    <\/div>\n                                    <div class=\"item\">\n                        <div class=\"inner-content\">\n                            <p class=\"quote\"> Ich h\u00e4tte nicht gedacht, dass das alles so einfach geht \u2013 danke, Ohme!<\/p>\n                            <p class=\"author\">Laura W.<\/p>\n                        <\/div>\n                    <\/div>\n                                    <\/div>\n                <div class=\"trustpilot-widget trustpilot-logo\" data-locale=\"de-de\" data-template-id=\"53aa8807dec7e10d38f59f32\" data-businessunit-id=\"5d3237d97eea3b0001c71608\" data-style-height=\"150px\" data-style-width=\"100%\" data-theme=\"dark\">\n            <a href=\"https:\/\/uk.trustpilot.com\/review\/www.ohme-ev.com\" target=\"_blank\" rel=\"noopener\">Trustpilot<\/a>\n        <\/div>\n            <\/div>\n<\/div>\n<\/div>\n\n<div id=\"\" class=\"blockWrapper top-smaller bottom-smaller   \">\n\n    <div class=\"contentWrapper largeTile \">\n        <div class=\"productsContainer\">\n                                            <div class=\"productWrapper\" style=\"background-image: url('https:\/\/ohme-ev.com\/de\/wp-content\/uploads\/sites\/23\/2023\/07\/gradientBg.png');\" data-product-type=\"Home Pro\">\n                    <h3 class=\"title\">Ohme Home Pro<\/h3>\n                    <h6 class=\"subtitle\">Dein smartes Ladeger\u00e4t mit Farbdisplay und fest verbundenem Kabel \u2013 einfach anschlie\u00dfen, Strom tanken, fertig! Komfortables Laden f\u00fcr dein E-Auto, so easy wie nie.<\/h6>\n                    <div class=\"buttonsContainer\">\n                                                    \n            <a href=\"https:\/\/survey.ohme-ev.com\/survey\/direct?partnerId=1d27f2b3-22e4-4e40-b055-d4f13e9e5bb4&#038;journeyId=d09ac916-161f-4598-b3ab-e8900ee4c667&#038;region=de\" target=\"_blank\" rel=\"noopener\">\n            <button class=\"ohme-btn primary button external\" title=\"\">Angebot anfordern<\/button>\n        <\/a>\n    \n            <a href=\"https:\/\/ohme-ev.com\/de\/produkt\/ohme-home-pro\/\" target=\"_self\" >\n            <button class=\"ohme-btn secondaryDark button\" title=\"\">Mehr erfahren<\/button>\n        <\/a>\n                                                <\/div>\n                    <div class=\"imageContainer\">\n                        <img decoding=\"async\" src=\"https:\/\/ohme-ev.com\/de\/wp-content\/uploads\/sites\/23\/2023\/08\/2-column-product_HomePro-cut-out_master-2.png\" alt=\"Produktabbildung der Ohme Wallbox \u2013 kompaktes Design f\u00fcr smartes Laden mit Solarstrom\" \/>\n                    <\/div>\n                    <p class=\"shortText\"><\/p>\n                <\/div>\n                                <div class=\"productWrapper\" style=\"background-image: url('https:\/\/ohme-ev.com\/de\/wp-content\/uploads\/sites\/23\/2023\/07\/gradientBg.png');\" data-product-type=\"Home Pro\">\n                    <h3 class=\"title\">Ohme Home Pro MID<\/h3>\n                    <h6 class=\"subtitle\">Perfekt f\u00fcr Firmenwagen, Unternehmen und Zuhause. Lade kosteneffizient, gesetzeskonform und mit einfacher Abrechnung \u2013 die smarte L\u00f6sung f\u00fcr alle, die\u2019s richtig machen wollen.<\/h6>\n                    <div class=\"buttonsContainer\">\n                                                    \n            <a href=\"https:\/\/survey.ohme-ev.com\/survey\/direct?partnerId=1d27f2b3-22e4-4e40-b055-d4f13e9e5bb4&#038;journeyId=d09ac916-161f-4598-b3ab-e8900ee4c667&#038;region=de\" target=\"_blank\" rel=\"noopener\">\n            <button class=\"ohme-btn primary button external\" title=\"\">Angebot anfordern<\/button>\n        <\/a>\n    \n            <a href=\"https:\/\/ohme-ev.com\/de\/produkt\/ohme-home-pro-mid\/\" target=\"_self\" >\n            <button class=\"ohme-btn secondaryDark button\" title=\"\">Mehr erfahren<\/button>\n        <\/a>\n                                                <\/div>\n                    <div class=\"imageContainer\">\n                        <img decoding=\"async\" src=\"https:\/\/ohme-ev.com\/de\/wp-content\/uploads\/sites\/23\/2023\/08\/2-column-product_HomePro-cut-out_master-2.png\" alt=\"Produktabbildung der Ohme Wallbox \u2013 kompaktes Design f\u00fcr smartes Laden mit Solarstrom\" \/>\n                    <\/div>\n                    <p class=\"shortText\"><\/p>\n                <\/div>\n                                    <\/div>\n    <\/div>\n\n<\/div>","protected":false},"excerpt":{"rendered":"","protected":false},"author":20,"featured_media":0,"parent":0,"menu_order":0,"comment_status":"closed","ping_status":"closed","template":"","meta":{"_acf_changed":true,"_helpful_status":1,"footnotes":""},"partner":[],"class_list":["post-2937","page","type-page","status-publish","hentry"],"acf":[],"yoast_head":"<!-- This site is optimized with the Yoast SEO Premium plugin v27.3 (Yoast SEO v27.3) - https:\/\/yoast.com\/product\/yoast-seo-premium-wordpress\/ -->\n<title>So l\u00e4uft die Wallbox Installation mit Ohme - Ohme EV Deutschland<\/title>\n<meta name=\"description\" content=\"So l\u00e4uft die Wallbox Installation mit Ohme: Von der Anfrage bis zur Inbetriebnahme \u2013 einfach erkl\u00e4rt und durch unsere Partner umgesetzt.\" \/>\n<meta name=\"robots\" content=\"index, follow, max-snippet:-1, max-image-preview:large, max-video-preview:-1\" \/>\n<link rel=\"canonical\" href=\"https:\/\/ohme-ev.com\/de\/so-laeuft-die-wallbox-installation-mit-ohme\/\" \/>\n<meta property=\"og:locale\" content=\"de_DE\" \/>\n<meta property=\"og:type\" content=\"article\" \/>\n<meta property=\"og:title\" content=\"So l\u00e4uft die Wallbox Installation mit Ohme\" \/>\n<meta property=\"og:description\" content=\"So l\u00e4uft die Wallbox Installation mit Ohme: Von der Anfrage bis zur Inbetriebnahme \u2013 einfach erkl\u00e4rt und durch unsere Partner umgesetzt.\" \/>\n<meta property=\"og:url\" content=\"https:\/\/ohme-ev.com\/de\/so-laeuft-die-wallbox-installation-mit-ohme\/\" \/>\n<meta property=\"og:site_name\" content=\"Ohme EV Deutschland\" \/>\n<meta property=\"article:publisher\" content=\"https:\/\/www.facebook.com\/OhmeEV\/\" \/>\n<meta property=\"article:modified_time\" content=\"2025-09-16T09:58:35+00:00\" \/>\n<meta name=\"twitter:card\" content=\"summary_large_image\" \/>\n<meta name=\"twitter:site\" content=\"@ohmeev\" \/>\n<script type=\"application\/ld+json\" class=\"yoast-schema-graph\">{\"@context\":\"https:\\\/\\\/schema.org\",\"@graph\":[{\"@type\":\"WebPage\",\"@id\":\"https:\\\/\\\/ohme-ev.com\\\/de\\\/so-laeuft-die-wallbox-installation-mit-ohme\\\/\",\"url\":\"https:\\\/\\\/ohme-ev.com\\\/de\\\/so-laeuft-die-wallbox-installation-mit-ohme\\\/\",\"name\":\"So l\u00e4uft die Wallbox Installation mit Ohme - Ohme EV Deutschland\",\"isPartOf\":{\"@id\":\"https:\\\/\\\/ohme-ev.com\\\/de\\\/#website\"},\"datePublished\":\"2025-02-25T10:39:28+00:00\",\"dateModified\":\"2025-09-16T09:58:35+00:00\",\"description\":\"So l\u00e4uft die Wallbox Installation mit Ohme: Von der Anfrage bis zur Inbetriebnahme \u2013 einfach erkl\u00e4rt und durch unsere Partner umgesetzt.\",\"breadcrumb\":{\"@id\":\"https:\\\/\\\/ohme-ev.com\\\/de\\\/so-laeuft-die-wallbox-installation-mit-ohme\\\/#breadcrumb\"},\"inLanguage\":\"de-de\",\"potentialAction\":[{\"@type\":\"ReadAction\",\"target\":[\"https:\\\/\\\/ohme-ev.com\\\/de\\\/so-laeuft-die-wallbox-installation-mit-ohme\\\/\"]}]},{\"@type\":\"BreadcrumbList\",\"@id\":\"https:\\\/\\\/ohme-ev.com\\\/de\\\/so-laeuft-die-wallbox-installation-mit-ohme\\\/#breadcrumb\",\"itemListElement\":[{\"@type\":\"ListItem\",\"position\":1,\"name\":\"Home\",\"item\":\"https:\\\/\\\/ohme-ev.com\\\/de\\\/\"},{\"@type\":\"ListItem\",\"position\":2,\"name\":\"So l\u00e4uft die Wallbox Installation mit Ohme\"}]},{\"@type\":\"WebSite\",\"@id\":\"https:\\\/\\\/ohme-ev.com\\\/de\\\/#website\",\"url\":\"https:\\\/\\\/ohme-ev.com\\\/de\\\/\",\"name\":\"Ohme EV Deutschland\",\"description\":\"Ohme - EV Smart Charging Solutions\",\"publisher\":{\"@id\":\"https:\\\/\\\/ohme-ev.com\\\/de\\\/#organization\"},\"potentialAction\":[{\"@type\":\"SearchAction\",\"target\":{\"@type\":\"EntryPoint\",\"urlTemplate\":\"https:\\\/\\\/ohme-ev.com\\\/de\\\/?s={search_term_string}\"},\"query-input\":{\"@type\":\"PropertyValueSpecification\",\"valueRequired\":true,\"valueName\":\"search_term_string\"}}],\"inLanguage\":\"de-de\"},{\"@type\":\"Organization\",\"@id\":\"https:\\\/\\\/ohme-ev.com\\\/de\\\/#organization\",\"name\":\"Ohme EV\",\"url\":\"https:\\\/\\\/ohme-ev.com\\\/de\\\/\",\"logo\":{\"@type\":\"ImageObject\",\"inLanguage\":\"de-de\",\"@id\":\"https:\\\/\\\/ohme-ev.com\\\/de\\\/#\\\/schema\\\/logo\\\/image\\\/\",\"url\":\"https:\\\/\\\/ohme-ev.com\\\/de\\\/wp-content\\\/uploads\\\/sites\\\/23\\\/2025\\\/07\\\/Ohme-blue-logo.webp\",\"contentUrl\":\"https:\\\/\\\/ohme-ev.com\\\/de\\\/wp-content\\\/uploads\\\/sites\\\/23\\\/2025\\\/07\\\/Ohme-blue-logo.webp\",\"width\":393,\"height\":192,\"caption\":\"Ohme EV\"},\"image\":{\"@id\":\"https:\\\/\\\/ohme-ev.com\\\/de\\\/#\\\/schema\\\/logo\\\/image\\\/\"},\"sameAs\":[\"https:\\\/\\\/www.facebook.com\\\/OhmeEV\\\/\",\"https:\\\/\\\/x.com\\\/ohmeev\",\"https:\\\/\\\/www.linkedin.com\\\/company\\\/19177772\"]}]}<\/script>\n<!-- \/ Yoast SEO Premium plugin. -->","yoast_head_json":{"title":"So l\u00e4uft die Wallbox Installation mit Ohme - Ohme EV Deutschland","description":"So l\u00e4uft die Wallbox Installation mit Ohme: Von der Anfrage bis zur Inbetriebnahme \u2013 einfach erkl\u00e4rt und durch unsere Partner umgesetzt.","robots":{"index":"index","follow":"follow","max-snippet":"max-snippet:-1","max-image-preview":"max-image-preview:large","max-video-preview":"max-video-preview:-1"},"canonical":"https:\/\/ohme-ev.com\/de\/so-laeuft-die-wallbox-installation-mit-ohme\/","og_locale":"de_DE","og_type":"article","og_title":"So l\u00e4uft die Wallbox Installation mit Ohme","og_description":"So l\u00e4uft die Wallbox Installation mit Ohme: Von der Anfrage bis zur Inbetriebnahme \u2013 einfach erkl\u00e4rt und durch unsere Partner umgesetzt.","og_url":"https:\/\/ohme-ev.com\/de\/so-laeuft-die-wallbox-installation-mit-ohme\/","og_site_name":"Ohme EV Deutschland","article_publisher":"https:\/\/www.facebook.com\/OhmeEV\/","article_modified_time":"2025-09-16T09:58:35+00:00","twitter_card":"summary_large_image","twitter_site":"@ohmeev","schema":{"@context":"https:\/\/schema.org","@graph":[{"@type":"WebPage","@id":"https:\/\/ohme-ev.com\/de\/so-laeuft-die-wallbox-installation-mit-ohme\/","url":"https:\/\/ohme-ev.com\/de\/so-laeuft-die-wallbox-installation-mit-ohme\/","name":"So l\u00e4uft die Wallbox Installation mit Ohme - Ohme EV Deutschland","isPartOf":{"@id":"https:\/\/ohme-ev.com\/de\/#website"},"datePublished":"2025-02-25T10:39:28+00:00","dateModified":"2025-09-16T09:58:35+00:00","description":"So l\u00e4uft die Wallbox Installation mit Ohme: Von der Anfrage bis zur Inbetriebnahme \u2013 einfach erkl\u00e4rt und durch unsere Partner umgesetzt.","breadcrumb":{"@id":"https:\/\/ohme-ev.com\/de\/so-laeuft-die-wallbox-installation-mit-ohme\/#breadcrumb"},"inLanguage":"de-de","potentialAction":[{"@type":"ReadAction","target":["https:\/\/ohme-ev.com\/de\/so-laeuft-die-wallbox-installation-mit-ohme\/"]}]},{"@type":"BreadcrumbList","@id":"https:\/\/ohme-ev.com\/de\/so-laeuft-die-wallbox-installation-mit-ohme\/#breadcrumb","itemListElement":[{"@type":"ListItem","position":1,"name":"Home","item":"https:\/\/ohme-ev.com\/de\/"},{"@type":"ListItem","position":2,"name":"So l\u00e4uft die Wallbox Installation mit Ohme"}]},{"@type":"WebSite","@id":"https:\/\/ohme-ev.com\/de\/#website","url":"https:\/\/ohme-ev.com\/de\/","name":"Ohme EV Deutschland","description":"Ohme - EV Smart Charging Solutions","publisher":{"@id":"https:\/\/ohme-ev.com\/de\/#organization"},"potentialAction":[{"@type":"SearchAction","target":{"@type":"EntryPoint","urlTemplate":"https:\/\/ohme-ev.com\/de\/?s={search_term_string}"},"query-input":{"@type":"PropertyValueSpecification","valueRequired":true,"valueName":"search_term_string"}}],"inLanguage":"de-de"},{"@type":"Organization","@id":"https:\/\/ohme-ev.com\/de\/#organization","name":"Ohme EV","url":"https:\/\/ohme-ev.com\/de\/","logo":{"@type":"ImageObject","inLanguage":"de-de","@id":"https:\/\/ohme-ev.com\/de\/#\/schema\/logo\/image\/","url":"https:\/\/ohme-ev.com\/de\/wp-content\/uploads\/sites\/23\/2025\/07\/Ohme-blue-logo.webp","contentUrl":"https:\/\/ohme-ev.com\/de\/wp-content\/uploads\/sites\/23\/2025\/07\/Ohme-blue-logo.webp","width":393,"height":192,"caption":"Ohme EV"},"image":{"@id":"https:\/\/ohme-ev.com\/de\/#\/schema\/logo\/image\/"},"sameAs":["https:\/\/www.facebook.com\/OhmeEV\/","https:\/\/x.com\/ohmeev","https:\/\/www.linkedin.com\/company\/19177772"]}]}},"_links":{"self":[{"href":"https:\/\/ohme-ev.com\/de\/wp-json\/wp\/v2\/pages\/2937","targetHints":{"allow":["GET"]}}],"collection":[{"href":"https:\/\/ohme-ev.com\/de\/wp-json\/wp\/v2\/pages"}],"about":[{"href":"https:\/\/ohme-ev.com\/de\/wp-json\/wp\/v2\/types\/page"}],"author":[{"embeddable":true,"href":"https:\/\/ohme-ev.com\/de\/wp-json\/wp\/v2\/users\/20"}],"replies":[{"embeddable":true,"href":"https:\/\/ohme-ev.com\/de\/wp-json\/wp\/v2\/comments?post=2937"}],"version-history":[{"count":0,"href":"https:\/\/ohme-ev.com\/de\/wp-json\/wp\/v2\/pages\/2937\/revisions"}],"wp:attachment":[{"href":"https:\/\/ohme-ev.com\/de\/wp-json\/wp\/v2\/media?parent=2937"}],"wp:term":[{"taxonomy":"partner","embeddable":true,"href":"https:\/\/ohme-ev.com\/de\/wp-json\/wp\/v2\/partner?post=2937"}],"curies":[{"name":"wp","href":"https:\/\/api.w.org\/{rel}","templated":true}]}}