{"id":2249,"date":"2023-06-26T12:01:28","date_gmt":"2023-06-26T12:01:28","guid":{"rendered":"https:\/\/ohme-cs-dev.local\/?page_id=42"},"modified":"2025-09-29T13:51:21","modified_gmt":"2025-09-29T13:51:21","slug":"partnerschaft-ladeinfrastruktur-energie-immobilien","status":"publish","type":"page","link":"https:\/\/ohme-ev.com\/de\/partnerschaft-ladeinfrastruktur-energie-immobilien\/","title":{"rendered":"Business partnerships"},"content":{"rendered":"<div class=\"image-text-hero with-image gradient-enabled gradient-vertical has-mobile-bg\" style=\"--bg-desktop: url(&#039;https:\/\/ohme-ev.com\/de\/wp-content\/uploads\/sites\/23\/2025\/09\/Mobility-page-Desktop1x.webp&#039;); --bg-mobile: url(&#039;https:\/\/ohme-ev.com\/de\/wp-content\/uploads\/sites\/23\/2025\/09\/Mobility-page-Mobile1x.webp&#039;);\">\n\n    <div class=\"contentWrapper imageRight mobile-image-bottom\">\n        <div class=\"content-container\">\n            <div class=\"wrapper\">\n                                    <h1>Ladeinfrastruktur-Partnerschaft f\u00fcr Energieversorger &amp; Immobilienentwickler<\/h1>\n                \n                \n                                    <p><p>Elektromobilit\u00e4t integrieren \u2013 einfach, zuverl\u00e4ssig und mit einem starken Partner an deiner Seite.<br \/>\nIn Gro\u00dfbritannien und Irland vertrauen bereits f\u00fchrende Marken wie Audi, Octopus Energy und Harron Homes auf Ohme als Partner f\u00fcr intelligente Ladeinfrastruktur.<\/p>\n<\/p>\n                \n                \n            <a href=\"https:\/\/ohme-ev.com\/de\/ohme-partner-werden\/\" target=\"_self\" >\n            <button class=\"ohme-btn secondaryDark button\" title=\"\">Jetzt Kontakt aufnehmen<\/button>\n        <\/a>\n    \n                            <\/div>\n        <\/div>\n\n        <div class=\"image-container\">\n            \n                    <\/div>\n    <\/div>\n\n    <\/div>\n\n<div id=\"\" class=\"blockWrapper top-default bottom-default   \">\n\n    <div class=\"\">\n\n        <div class=\"threeColumnWrapper \">\n            <h2 class=\"title\">Was unsere Partnerschaften so erfolgreich macht<\/h2>\n            <p class=\"subtitle regular \" style=\"\"><\/p>\n            <div class=\"columnsContainer\">\n                                        <div class=\"column\">\n                            <div class=\"imageContainer \">\n                                                                    <img loading=\"lazy\" decoding=\"async\" width=\"334\" height=\"242\" src=\"https:\/\/ohme-ev.com\/de\/wp-content\/uploads\/sites\/23\/2024\/03\/3-image_home-pro_DE-334x242.jpg\" class=\"attachment-column_hero size-column_hero\" alt=\"\" srcset=\"https:\/\/ohme-ev.com\/de\/wp-content\/uploads\/sites\/23\/2024\/03\/3-image_home-pro_DE-334x242.jpg 334w, https:\/\/ohme-ev.com\/de\/wp-content\/uploads\/sites\/23\/2024\/03\/3-image_home-pro_DE-300x217.jpg 300w, https:\/\/ohme-ev.com\/de\/wp-content\/uploads\/sites\/23\/2024\/03\/3-image_home-pro_DE-254x184.jpg 254w, https:\/\/ohme-ev.com\/de\/wp-content\/uploads\/sites\/23\/2024\/03\/3-image_home-pro_DE.jpg 680w\" sizes=\"auto, (max-width: 334px) 100vw, 334px\" \/>\n                                                            <\/div>\n\n                            <div>\n                                <p class=\"label\"><\/p>\n                                <p class=\"subtitleColumn\">Intelligente Technologie, die mitdenkt<\/p>\n                                <div class=\"body\"><p>Unsere Ladeger\u00e4te unterst\u00fctzen PV-\u00dcberschussladen, sind \u00a714a-konform steuerbar, OCPP- und Modbus-kompatibel \u2013 und bieten maximale Flexibilit\u00e4t f\u00fcr Energie- und Immobilienprojekte. F\u00fcr abrechnungsrelevante Anwendungen steht dir mit der Home Pro MID zudem eine MID-konforme Variante zur Verf\u00fcgung.<\/p>\n<\/div>\n                            <\/div>\n                        <\/div>\n                                                <div class=\"column\">\n                            <div class=\"imageContainer \">\n                                                                    <img loading=\"lazy\" decoding=\"async\" width=\"334\" height=\"242\" src=\"https:\/\/ohme-ev.com\/de\/wp-content\/uploads\/sites\/23\/2023\/08\/3-image-module_black-car-charge_master.png\" class=\"attachment-column_hero size-column_hero\" alt=\"\" srcset=\"https:\/\/ohme-ev.com\/de\/wp-content\/uploads\/sites\/23\/2023\/08\/3-image-module_black-car-charge_master.png 340w, https:\/\/ohme-ev.com\/de\/wp-content\/uploads\/sites\/23\/2023\/08\/3-image-module_black-car-charge_master-300x217.png 300w\" sizes=\"auto, (max-width: 334px) 100vw, 334px\" \/>\n                                                            <\/div>\n\n                            <div>\n                                <p class=\"label\"><\/p>\n                                <p class=\"subtitleColumn\">Alles aus einer Hand \u2013 von Beratung bis Betrieb<\/p>\n                                <div class=\"body\"><p>Wir begleiten euch von der ersten Idee bis zum laufenden Betrieb: mit individueller Beratung, professioneller Installation und einem deutschlandweiten Servicenetz.<\/p>\n<\/div>\n                            <\/div>\n                        <\/div>\n                                                <div class=\"column\">\n                            <div class=\"imageContainer \">\n                                                                    <img loading=\"lazy\" decoding=\"async\" width=\"334\" height=\"242\" src=\"https:\/\/ohme-ev.com\/de\/wp-content\/uploads\/sites\/23\/2024\/12\/3-Image-Module-Life-at-Ohme-334x242.webp\" class=\"attachment-column_hero size-column_hero\" alt=\"\" srcset=\"https:\/\/ohme-ev.com\/de\/wp-content\/uploads\/sites\/23\/2024\/12\/3-Image-Module-Life-at-Ohme-334x242.webp 334w, https:\/\/ohme-ev.com\/de\/wp-content\/uploads\/sites\/23\/2024\/12\/3-Image-Module-Life-at-Ohme-300x217.webp 300w, https:\/\/ohme-ev.com\/de\/wp-content\/uploads\/sites\/23\/2024\/12\/3-Image-Module-Life-at-Ohme-254x184.webp 254w, https:\/\/ohme-ev.com\/de\/wp-content\/uploads\/sites\/23\/2024\/12\/3-Image-Module-Life-at-Ohme.webp 680w\" sizes=\"auto, (max-width: 334px) 100vw, 334px\" \/>\n                                                            <\/div>\n\n                            <div>\n                                <p class=\"label\"><\/p>\n                                <p class=\"subtitleColumn\">Bew\u00e4hrter Partner in Gro\u00dfprojekten<\/p>\n                                <div class=\"body\"><p>In Gro\u00dfbritannien und Irland vertrauen f\u00fchrende Unternehmen wie Audi UK, Octopus Energy oder Harron Homes auf unsere Technologie. Diese internationale Erfahrung bringen wir mit \u2013 f\u00fcr ma\u00dfgeschneiderte Ladel\u00f6sungen auch in deinem Projekt.<\/p>\n<\/div>\n                            <\/div>\n                        <\/div>\n                                    <\/div>\n                    <\/div>\n    <\/div>\n<\/div>\n\n<div id=\"\" class=\"blockWrapper top-default bottom-default   \">\n\n\n<div class=\" keyStatsBlock\">\n  <div class=\"contentWrapper stats\">\n    <h3 class=\"title\">Wir haben reichlich Erfahrung<\/h3>\n    <div class=\"statsContainer\">\n                <div class=\"statWrapper\">\n            <h1 class=\"stat\">15 <\/h1>\n            <p class=\"copy\">Autohersteller<\/p>\n          <\/div>\n\n                <div class=\"statWrapper\">\n            <h1 class=\"stat\">900 <\/h1>\n            <p class=\"copy\">Automobileinzelh\u00e4ndler <\/p>\n          <\/div>\n\n                <div class=\"statWrapper\">\n            <h1 class=\"stat\">15+ <\/h1>\n            <p class=\"copy\">Leasingunternehmen und Makler<\/p>\n          <\/div>\n\n          <\/div>\n  <\/div>\n<\/div>\n<\/div>\n\n<div id=\"\" class=\"blockWrapper top-default bottom-default   \">\n\n<div class=\"text-image-right bg-white\">\n    <div class=\"inner\">\n        <div class=\"text-content\">\n                        <h3 class=\"title\">Offizieller Ladepartner von Audi UK<\/h3>\n                        <div class=\"text\"><p data-start=\"180\" data-end=\"221\"><strong data-start=\"180\" data-end=\"221\">Passende Ladel\u00f6sungen f\u00fcr alle, die einen Audi fahren<\/strong><\/p>\n<p data-start=\"223\" data-end=\"476\">Gemeinsam mit Audi UK und Irland bieten wir Sonderkonditionen f\u00fcr unsere Home Pro- und ePod-Wallboxen an. Unsere Technologie ist nahtlos in das Elektrofahrzeug-Angebot von Audi integriert \u2013 f\u00fcr ein reibungsloses Ladeerlebnis bei Neu- und Gebrauchtwagen.<\/p>\n<p data-start=\"478\" data-end=\"506\"><strong data-start=\"478\" data-end=\"506\">Support auf allen Ebenen<\/strong><\/p>\n<p data-start=\"508\" data-end=\"680\">Ob Display-Ger\u00e4te f\u00fcr den Showroom, Schulungen f\u00fcr Mitarbeitende oder ein eigenes Partnerportal \u2013 wir unterst\u00fctzen Audi umfassend bei der Kundenberatung und Inbetriebnahme.<\/p>\n<p data-start=\"682\" data-end=\"724\"><strong data-start=\"682\" data-end=\"724\">Einfach eingebunden ins Verkaufsmodell<\/strong><\/p>\n<p data-start=\"726\" data-end=\"906\">Unsere modulare L\u00f6sung passt sich den Prozessen im Autohaus an. So konnte Audi schnell ein hochwertiges, skalierbares Ladeangebot etablieren \u2013 voll integriert und kundenfreundlich.<\/p>\n<\/div>\n                                                <div class=\"buttons\">\n                                    \n                                <\/div>\n                                <\/div>\n        <div class=\"media-content\">\n                        <img decoding=\"async\" loading=\"lazy\" src=\"https:\/\/ohme-ev.com\/de\/wp-content\/uploads\/sites\/23\/2023\/02\/6760_Audi_HomePro_front.jpg\" alt=\"Audi e-tron Gt Ireland Ohme Home Pro EV charger\" \/>\n                    <\/div>\n    <\/div>\n<\/div>\n\n<\/div>\n\n<div id=\"\" class=\"blockWrapper top-default bottom-default   \">\n\n<div class=\"text-image-right bg-white\">\n    <div class=\"inner\">\n        <div class=\"text-content\">\n                        <h3 class=\"title\">Zusammenarbeit mit Octopus Energy<\/h3>\n                        <div class=\"text\"><p data-start=\"252\" data-end=\"297\"><strong>Gemeinsam f\u00fcr intelligentes Laden zuhause<\/strong><\/p>\n<p data-start=\"299\" data-end=\"539\">Octopus Energy z\u00e4hlt zu den gr\u00f6\u00dften Energieversorgern Gro\u00dfbritanniens \u2013 mit innovativen Stromtarifen f\u00fcr E-Auto-Fahrer:innen. Als bevorzugter Hardware-Partner sorgt Ohme daf\u00fcr, dass Kund:innen einfach, g\u00fcnstig und netzdienlich laden k\u00f6nnen.<\/p>\n<p data-start=\"541\" data-end=\"570\"><strong>Nahtlose Tarifintegration<\/strong><\/p>\n<p data-start=\"572\" data-end=\"800\">Unsere Wallboxen lassen sich direkt mit den Off-Peak-Tarifen von Octopus verbinden \u2013 egal ob feste oder dynamische Zeitfenster. So wird automatisch dann geladen, wenn der Strom am g\u00fcnstigsten ist \u2013 unabh\u00e4ngig vom Fahrzeugmodell.<\/p>\n<p data-start=\"802\" data-end=\"841\"><strong>Technologie, die das Netz entlastet<\/strong><\/p>\n<p data-start=\"843\" data-end=\"1065\">Durch intelligentes Lastmanagement unterst\u00fctzt unsere Software Energieanbieter wie Octopus dabei, Ladevorg\u00e4nge aus den Spitzenzeiten zu verlagern \u2013 und so Netzstabilit\u00e4t und Kundenzufriedenheit gleicherma\u00dfen zu verbessern.<\/p>\n<\/div>\n                                                <div class=\"buttons\">\n                                    \n                                <\/div>\n                                <\/div>\n        <div class=\"media-content\">\n                        <img decoding=\"async\" loading=\"lazy\" src=\"https:\/\/ohme-ev.com\/de\/wp-content\/uploads\/sites\/23\/2023\/08\/Large-inset-header_solar-field_master.png\" alt=\"Solar panels in a green field\" \/>\n                    <\/div>\n    <\/div>\n<\/div>\n\n<\/div>\n\n<div id=\"\" class=\"blockWrapper top-default bottom-default   \">\n\n\n<div class=\"contentWrapper textImageLeft  image\">\n            <div class=\"imageContainer\">\n            <img decoding=\"async\" loading=\"lazy\" src=\"https:\/\/ohme-ev.com\/de\/wp-content\/uploads\/sites\/23\/2023\/12\/50x50_BE-header_master.webp\" alt=\"\"\/>\n        <\/div>\n\n        <div class=\"textContainer\">\n        <h3 class=\"title\">Partnerschaft<br>mit Harron Homes<\/h3>\n        <h4 class=\"subtitle regular\"><\/h4>\n        <div class=\"text\"><p data-start=\"223\" data-end=\"276\"><strong data-start=\"223\" data-end=\"276\">Ladeinfrastruktur direkt ins Eigenheim integriert<\/strong><\/p>\n<p data-start=\"278\" data-end=\"463\">Als Ladepartner zahlreicher Bauunternehmen in Gro\u00dfbritannien stattet Ohme unter anderem alle Neubauten von <a href=\"https:\/\/www.harronhomes.com\/\"><strong data-start=\"385\" data-end=\"401\">Harron Homes<\/strong><\/a> mit der ePod-Wallbox aus \u2013 f\u00fcr E-Mobilit\u00e4t ab dem ersten Tag.<\/p>\n<p data-start=\"465\" data-end=\"505\"><strong data-start=\"465\" data-end=\"505\">Technisch &amp; rechtlich zukunftssicher<\/strong><\/p>\n<p data-start=\"507\" data-end=\"726\">Unsere Technologie erf\u00fcllt alle aktuellen Vorschriften und Vorgaben der britischen Regierung. Gemeinsam mit Harron Homes sorgen wir daf\u00fcr, dass Immobilienprojekte elektromobilit\u00e4tsf\u00e4hig und f\u00f6rderf\u00e4hig aufgestellt sind.<\/p>\n<p data-start=\"728\" data-end=\"763\"><strong data-start=\"728\" data-end=\"763\">Ganzheitliche Projektbegleitung<\/strong><\/p>\n<p data-start=\"765\" data-end=\"1005\">Von der Planung der Ladepunkte bis zur finalen Umsetzung vor Ort: Unsere Expert:innen unterst\u00fctzen Harron Homes bei der optimalen Integration der Ladeinfrastruktur \u2013 inklusive technischer Beratung, Standortanalyse und Installationsvorgaben.<\/p>\n<p>&nbsp;<\/p>\n<\/div>\n        <div class=\"buttonsContainer\">\n            \n            <\/div>\n            <\/div>\n<\/div>\n<\/div>\n\n<div id=\"\" class=\"blockWrapper top-default bottom-default   \">\n\n\n    <div class=\"featuresWrapper\">\n        <div class=\"contentWrapper features\">\n            <h3 class=\"title\">Was unsere Wallboxen auszeichnet<\/h3>\n            <p class=\"subtitle\"><\/p>\n            <div class=\"featuresContainer\">\n                                        <div class=\"featureWrapper\">\n                            <div class=\"iconContainer\">\n                                <img decoding=\"async\" src=\"https:\/\/ohme-ev.com\/de\/wp-content\/uploads\/sites\/23\/2023\/07\/Tick.svg\" alt=\"\"\/>\n                            <\/div>\n                            <p class=\"copy\">PV-\u00dcberschussladen<\/p>\n                        <\/div>\n\n                                                <div class=\"featureWrapper\">\n                            <div class=\"iconContainer\">\n                                <img decoding=\"async\" src=\"https:\/\/ohme-ev.com\/de\/wp-content\/uploads\/sites\/23\/2023\/07\/Tick.svg\" alt=\"\"\/>\n                            <\/div>\n                            <p class=\"copy\">MID-konform f\u00fcr Firmenwagen<\/p>\n                        <\/div>\n\n                                                <div class=\"featureWrapper\">\n                            <div class=\"iconContainer\">\n                                <img decoding=\"async\" src=\"https:\/\/ohme-ev.com\/de\/wp-content\/uploads\/sites\/23\/2023\/07\/Tick.svg\" alt=\"\"\/>\n                            <\/div>\n                            <p class=\"copy\">Hervorragender Kundensupport<\/p>\n                        <\/div>\n\n                                                <div class=\"featureWrapper\">\n                            <div class=\"iconContainer\">\n                                <img decoding=\"async\" src=\"https:\/\/ohme-ev.com\/de\/wp-content\/uploads\/sites\/23\/2023\/07\/Tick.svg\" alt=\"\"\/>\n                            <\/div>\n                            <p class=\"copy\">G\u00fcnstig laden mit Smart Charging<\/p>\n                        <\/div>\n\n                                                <div class=\"featureWrapper\">\n                            <div class=\"iconContainer\">\n                                <img decoding=\"async\" src=\"https:\/\/ohme-ev.com\/de\/wp-content\/uploads\/sites\/23\/2023\/07\/Tick.svg\" alt=\"\"\/>\n                            <\/div>\n                            <p class=\"copy\">Mit TCP Modbus und OCPP<\/p>\n                        <\/div>\n\n                                                <div class=\"featureWrapper\">\n                            <div class=\"iconContainer\">\n                                <img decoding=\"async\" src=\"https:\/\/ohme-ev.com\/de\/wp-content\/uploads\/sites\/23\/2023\/07\/Tick.svg\" alt=\"\"\/>\n                            <\/div>\n                            <p class=\"copy\">\u00a714a konform<\/p>\n                        <\/div>\n\n                                    <\/div>\n            \n\n        <\/div>\n    <\/div>\n<\/div>\n\n<div id=\"\" class=\"blockWrapper top-default bottom-default   \">\n\n<div class=\"info bg-darkgreen\">\n    <div class=\"contentWrapper\">\n                    <h2>\n                Werde Partner \u2013 in 3 einfachen Schritten            <\/h2>\n                <div class=\"text\">\n            <ul>\n<li data-start=\"2829\" data-end=\"2890\">\n<p data-start=\"2832\" data-end=\"2890\"><strong data-start=\"2832\" data-end=\"2851\">Anfrage stellen<\/strong> \u2013 Wir besprechen deine Anforderungen<\/p>\n<\/li>\n<li data-start=\"2891\" data-end=\"2957\">\n<p data-start=\"2894\" data-end=\"2957\"><strong data-start=\"2894\" data-end=\"2913\">L\u00f6sung erhalten<\/strong> \u2013 Technische &amp; wirtschaftliche Empfehlung<\/p>\n<\/li>\n<li data-start=\"2958\" data-end=\"3025\">\n<p data-start=\"2961\" data-end=\"3025\"><strong data-start=\"2961\" data-end=\"2985\">Integration umsetzen<\/strong> \u2013 Mit Support &amp; zertifizierten Partnern<\/p>\n<\/li>\n<\/ul>\n        <\/div>\n                        <div class=\"buttonsWrapper\">\n                        \n            <a href=\"https:\/\/ohme-ev.com\/de\/ohme-partner-werden\/\" target=\"_self\" >\n            <button class=\"ohme-btn primary button\" title=\"\">Jetzt Projekt besprechen<\/button>\n        <\/a>\n                        <\/div>\n            <\/div>\n<\/div>\n\n<\/div>","protected":false},"excerpt":{"rendered":"","protected":false},"author":1,"featured_media":0,"parent":0,"menu_order":0,"comment_status":"closed","ping_status":"closed","template":"","meta":{"_acf_changed":true,"_helpful_status":1,"footnotes":""},"partner":[],"class_list":["post-2249","page","type-page","status-publish","hentry"],"acf":[],"yoast_head":"<!-- This site is optimized with the Yoast SEO Premium plugin v27.4 (Yoast SEO v27.4) - https:\/\/yoast.com\/product\/yoast-seo-premium-wordpress\/ -->\n<title>Partnerschaft Ladeinfrastruktur Energie &amp; Immobilien<\/title>\n<meta name=\"description\" content=\"Partnerschaft f\u00fcr Ladeinfrastruktur Energie &amp; Immobilien gesucht? Mit Ohme jetzt in die Elektromibilit\u00e4t s\u00fcr dein Projekt starten!\" \/>\n<meta name=\"robots\" content=\"index, follow, max-snippet:-1, max-image-preview:large, max-video-preview:-1\" \/>\n<link rel=\"canonical\" href=\"https:\/\/ohme-ev.com\/de\/partnerschaft-ladeinfrastruktur-energie-immobilien\/\" \/>\n<meta property=\"og:locale\" content=\"de_DE\" \/>\n<meta property=\"og:type\" content=\"article\" \/>\n<meta property=\"og:title\" content=\"Business partnerships\" \/>\n<meta property=\"og:description\" content=\"Partnerschaft f\u00fcr Ladeinfrastruktur Energie &amp; Immobilien gesucht? Mit Ohme jetzt in die Elektromibilit\u00e4t s\u00fcr dein Projekt starten!\" \/>\n<meta property=\"og:url\" content=\"https:\/\/ohme-ev.com\/de\/partnerschaft-ladeinfrastruktur-energie-immobilien\/\" \/>\n<meta property=\"og:site_name\" content=\"Ohme EV Deutschland\" \/>\n<meta property=\"article:publisher\" content=\"https:\/\/www.facebook.com\/OhmeEV\/\" \/>\n<meta property=\"article:modified_time\" content=\"2025-09-29T13:51:21+00:00\" \/>\n<meta name=\"twitter:card\" content=\"summary_large_image\" \/>\n<meta name=\"twitter:site\" content=\"@ohmeev\" \/>\n<script type=\"application\/ld+json\" class=\"yoast-schema-graph\">{\"@context\":\"https:\\\/\\\/schema.org\",\"@graph\":[{\"@type\":\"WebPage\",\"@id\":\"https:\\\/\\\/ohme-ev.com\\\/de\\\/partnerschaft-ladeinfrastruktur-energie-immobilien\\\/\",\"url\":\"https:\\\/\\\/ohme-ev.com\\\/de\\\/partnerschaft-ladeinfrastruktur-energie-immobilien\\\/\",\"name\":\"Partnerschaft Ladeinfrastruktur Energie & Immobilien\",\"isPartOf\":{\"@id\":\"https:\\\/\\\/ohme-ev.com\\\/de\\\/#website\"},\"datePublished\":\"2023-06-26T12:01:28+00:00\",\"dateModified\":\"2025-09-29T13:51:21+00:00\",\"description\":\"Partnerschaft f\u00fcr Ladeinfrastruktur Energie & Immobilien gesucht? Mit Ohme jetzt in die Elektromibilit\u00e4t s\u00fcr dein Projekt starten!\",\"breadcrumb\":{\"@id\":\"https:\\\/\\\/ohme-ev.com\\\/de\\\/partnerschaft-ladeinfrastruktur-energie-immobilien\\\/#breadcrumb\"},\"inLanguage\":\"de-de\",\"potentialAction\":[{\"@type\":\"ReadAction\",\"target\":[\"https:\\\/\\\/ohme-ev.com\\\/de\\\/partnerschaft-ladeinfrastruktur-energie-immobilien\\\/\"]}]},{\"@type\":\"BreadcrumbList\",\"@id\":\"https:\\\/\\\/ohme-ev.com\\\/de\\\/partnerschaft-ladeinfrastruktur-energie-immobilien\\\/#breadcrumb\",\"itemListElement\":[{\"@type\":\"ListItem\",\"position\":1,\"name\":\"Home\",\"item\":\"https:\\\/\\\/ohme-ev.com\\\/de\\\/\"},{\"@type\":\"ListItem\",\"position\":2,\"name\":\"Business partnerships\"}]},{\"@type\":\"WebSite\",\"@id\":\"https:\\\/\\\/ohme-ev.com\\\/de\\\/#website\",\"url\":\"https:\\\/\\\/ohme-ev.com\\\/de\\\/\",\"name\":\"Ohme EV Deutschland\",\"description\":\"Ohme - EV Smart Charging Solutions\",\"publisher\":{\"@id\":\"https:\\\/\\\/ohme-ev.com\\\/de\\\/#organization\"},\"potentialAction\":[{\"@type\":\"SearchAction\",\"target\":{\"@type\":\"EntryPoint\",\"urlTemplate\":\"https:\\\/\\\/ohme-ev.com\\\/de\\\/?s={search_term_string}\"},\"query-input\":{\"@type\":\"PropertyValueSpecification\",\"valueRequired\":true,\"valueName\":\"search_term_string\"}}],\"inLanguage\":\"de-de\"},{\"@type\":\"Organization\",\"@id\":\"https:\\\/\\\/ohme-ev.com\\\/de\\\/#organization\",\"name\":\"Ohme EV\",\"url\":\"https:\\\/\\\/ohme-ev.com\\\/de\\\/\",\"logo\":{\"@type\":\"ImageObject\",\"inLanguage\":\"de-de\",\"@id\":\"https:\\\/\\\/ohme-ev.com\\\/de\\\/#\\\/schema\\\/logo\\\/image\\\/\",\"url\":\"https:\\\/\\\/ohme-ev.com\\\/de\\\/wp-content\\\/uploads\\\/sites\\\/23\\\/2025\\\/07\\\/Ohme-blue-logo.webp\",\"contentUrl\":\"https:\\\/\\\/ohme-ev.com\\\/de\\\/wp-content\\\/uploads\\\/sites\\\/23\\\/2025\\\/07\\\/Ohme-blue-logo.webp\",\"width\":393,\"height\":192,\"caption\":\"Ohme EV\"},\"image\":{\"@id\":\"https:\\\/\\\/ohme-ev.com\\\/de\\\/#\\\/schema\\\/logo\\\/image\\\/\"},\"sameAs\":[\"https:\\\/\\\/www.facebook.com\\\/OhmeEV\\\/\",\"https:\\\/\\\/x.com\\\/ohmeev\",\"https:\\\/\\\/www.linkedin.com\\\/company\\\/19177772\"]}]}<\/script>\n<!-- \/ Yoast SEO Premium plugin. -->","yoast_head_json":{"title":"Partnerschaft Ladeinfrastruktur Energie & Immobilien","description":"Partnerschaft f\u00fcr Ladeinfrastruktur Energie & Immobilien gesucht? Mit Ohme jetzt in die Elektromibilit\u00e4t s\u00fcr dein Projekt starten!","robots":{"index":"index","follow":"follow","max-snippet":"max-snippet:-1","max-image-preview":"max-image-preview:large","max-video-preview":"max-video-preview:-1"},"canonical":"https:\/\/ohme-ev.com\/de\/partnerschaft-ladeinfrastruktur-energie-immobilien\/","og_locale":"de_DE","og_type":"article","og_title":"Business partnerships","og_description":"Partnerschaft f\u00fcr Ladeinfrastruktur Energie & Immobilien gesucht? Mit Ohme jetzt in die Elektromibilit\u00e4t s\u00fcr dein Projekt starten!","og_url":"https:\/\/ohme-ev.com\/de\/partnerschaft-ladeinfrastruktur-energie-immobilien\/","og_site_name":"Ohme EV Deutschland","article_publisher":"https:\/\/www.facebook.com\/OhmeEV\/","article_modified_time":"2025-09-29T13:51:21+00:00","twitter_card":"summary_large_image","twitter_site":"@ohmeev","schema":{"@context":"https:\/\/schema.org","@graph":[{"@type":"WebPage","@id":"https:\/\/ohme-ev.com\/de\/partnerschaft-ladeinfrastruktur-energie-immobilien\/","url":"https:\/\/ohme-ev.com\/de\/partnerschaft-ladeinfrastruktur-energie-immobilien\/","name":"Partnerschaft Ladeinfrastruktur Energie & Immobilien","isPartOf":{"@id":"https:\/\/ohme-ev.com\/de\/#website"},"datePublished":"2023-06-26T12:01:28+00:00","dateModified":"2025-09-29T13:51:21+00:00","description":"Partnerschaft f\u00fcr Ladeinfrastruktur Energie & Immobilien gesucht? Mit Ohme jetzt in die Elektromibilit\u00e4t s\u00fcr dein Projekt starten!","breadcrumb":{"@id":"https:\/\/ohme-ev.com\/de\/partnerschaft-ladeinfrastruktur-energie-immobilien\/#breadcrumb"},"inLanguage":"de-de","potentialAction":[{"@type":"ReadAction","target":["https:\/\/ohme-ev.com\/de\/partnerschaft-ladeinfrastruktur-energie-immobilien\/"]}]},{"@type":"BreadcrumbList","@id":"https:\/\/ohme-ev.com\/de\/partnerschaft-ladeinfrastruktur-energie-immobilien\/#breadcrumb","itemListElement":[{"@type":"ListItem","position":1,"name":"Home","item":"https:\/\/ohme-ev.com\/de\/"},{"@type":"ListItem","position":2,"name":"Business partnerships"}]},{"@type":"WebSite","@id":"https:\/\/ohme-ev.com\/de\/#website","url":"https:\/\/ohme-ev.com\/de\/","name":"Ohme EV Deutschland","description":"Ohme - EV Smart Charging Solutions","publisher":{"@id":"https:\/\/ohme-ev.com\/de\/#organization"},"potentialAction":[{"@type":"SearchAction","target":{"@type":"EntryPoint","urlTemplate":"https:\/\/ohme-ev.com\/de\/?s={search_term_string}"},"query-input":{"@type":"PropertyValueSpecification","valueRequired":true,"valueName":"search_term_string"}}],"inLanguage":"de-de"},{"@type":"Organization","@id":"https:\/\/ohme-ev.com\/de\/#organization","name":"Ohme EV","url":"https:\/\/ohme-ev.com\/de\/","logo":{"@type":"ImageObject","inLanguage":"de-de","@id":"https:\/\/ohme-ev.com\/de\/#\/schema\/logo\/image\/","url":"https:\/\/ohme-ev.com\/de\/wp-content\/uploads\/sites\/23\/2025\/07\/Ohme-blue-logo.webp","contentUrl":"https:\/\/ohme-ev.com\/de\/wp-content\/uploads\/sites\/23\/2025\/07\/Ohme-blue-logo.webp","width":393,"height":192,"caption":"Ohme EV"},"image":{"@id":"https:\/\/ohme-ev.com\/de\/#\/schema\/logo\/image\/"},"sameAs":["https:\/\/www.facebook.com\/OhmeEV\/","https:\/\/x.com\/ohmeev","https:\/\/www.linkedin.com\/company\/19177772"]}]}},"_links":{"self":[{"href":"https:\/\/ohme-ev.com\/de\/wp-json\/wp\/v2\/pages\/2249","targetHints":{"allow":["GET"]}}],"collection":[{"href":"https:\/\/ohme-ev.com\/de\/wp-json\/wp\/v2\/pages"}],"about":[{"href":"https:\/\/ohme-ev.com\/de\/wp-json\/wp\/v2\/types\/page"}],"author":[{"embeddable":true,"href":"https:\/\/ohme-ev.com\/de\/wp-json\/wp\/v2\/users\/1"}],"replies":[{"embeddable":true,"href":"https:\/\/ohme-ev.com\/de\/wp-json\/wp\/v2\/comments?post=2249"}],"version-history":[{"count":0,"href":"https:\/\/ohme-ev.com\/de\/wp-json\/wp\/v2\/pages\/2249\/revisions"}],"wp:attachment":[{"href":"https:\/\/ohme-ev.com\/de\/wp-json\/wp\/v2\/media?parent=2249"}],"wp:term":[{"taxonomy":"partner","embeddable":true,"href":"https:\/\/ohme-ev.com\/de\/wp-json\/wp\/v2\/partner?post=2249"}],"curies":[{"name":"wp","href":"https:\/\/api.w.org\/{rel}","templated":true}]}}