{"id":2230,"date":"2023-06-26T12:04:17","date_gmt":"2023-06-26T12:04:17","guid":{"rendered":"https:\/\/ohme-cs-dev.local\/?page_id=58"},"modified":"2026-02-27T13:44:58","modified_gmt":"2026-02-27T13:44:58","slug":"shop","status":"publish","type":"page","link":"https:\/\/ohme-ev.com\/de\/shop\/","title":{"rendered":"Shop"},"content":{"rendered":"<div class=\"thin-hero \" style=\"background-color: #032536;\">\n    <div class=\"content-container\">\n        <div class=\"wrapper\">\n            <h1>Angebot anfordern<\/h1>\n                            <h5>F\u00fclle das Kontaktformular aus und wir verbinden Dich mit einem unserer Installationspartner.<\/h5>\n            \n                    <\/div>\n    <\/div>\n<\/div>\n\n<div id=\"\" class=\"blockWrapper top-default bottom-default   \">\n\n    <div class=\"contentWrapper largeTile \">\n        <div class=\"productsContainer\">\n                                            <div class=\"productWrapper\" style=\"background-image: url('https:\/\/ohme-ev.com\/de\/wp-content\/uploads\/sites\/23\/2023\/07\/gradientBg.png');\" data-product-type=\"Home Pro\">\n                    <h3 class=\"title\">Ohme Home Pro<\/h3>\n                    <h6 class=\"subtitle\">Mit Farbdisplay und angeschlossenem Kabel zur einfachen Stromversorgung Ihres Elektrofahrzeugs<\/h6>\n                    <div class=\"buttonsContainer\">\n                                                    \n            <a href=\"https:\/\/survey.ohme-ev.com\/survey\/direct?partnerId=1d27f2b3-22e4-4e40-b055-d4f13e9e5bb4&#038;journeyId=5aab81c9-7e74-40f6-86d7-770289322012&#038;region=de\" target=\"_blank\" rel=\"noopener\">\n            <button class=\"ohme-btn survey primary button\" title=\"\">Angebot anfordern<\/button>\n        <\/a>\n\n    \n            <a href=\"https:\/\/ohme-ev.com\/de\/produkt\/ohme-home-pro\/\" target=\"_self\" >\n            <button class=\"ohme-btn secondaryDark button\" title=\"\">Mehr erfahren<\/button>\n        <\/a>\n                                                <\/div>\n                    <div class=\"imageContainer\">\n                        <img decoding=\"async\" src=\"https:\/\/ohme-ev.com\/de\/wp-content\/uploads\/sites\/23\/2023\/08\/2-column-product_HomePro-cut-out_master-2.png\" alt=\"Produktabbildung der Ohme Wallbox \u2013 kompaktes Design f\u00fcr smartes Laden mit Solarstrom\" \/>\n                    <\/div>\n                    <p class=\"shortText\"><\/p>\n                <\/div>\n                                <div class=\"productWrapper\" style=\"background-image: url('https:\/\/ohme-ev.com\/de\/wp-content\/uploads\/sites\/23\/2023\/07\/gradientBg.png');\" data-product-type=\"Go\">\n                    <h3 class=\"title\">Ohme Go<\/h3>\n                    <h6 class=\"subtitle\">Tragbares Smart Charging Kabel \u2013 damit damit Du dein Elektroauto immer und \u00fcberall aufladen k\u00f6nnen<\/h6>\n                    <div class=\"buttonsContainer\">\n                                                    \n            <a href=\"https:\/\/survey.ohme-ev.com\/survey\/direct?partnerId=1d27f2b3-22e4-4e40-b055-d4f13e9e5bb4&#038;journeyId=5aab81c9-7e74-40f6-86d7-770289322012&#038;region=de\" target=\"_blank\" rel=\"noopener\">\n            <button class=\"ohme-btn survey primary button\" title=\"\">Angebot anfordern<\/button>\n        <\/a>\n\n    \n            <a href=\"https:\/\/ohme-ev.com\/de\/produkt\/ohme-go-ladekabel-elektroauto\/\" target=\"_self\" >\n            <button class=\"ohme-btn secondaryDark button\" title=\"\">Mehr erfahren<\/button>\n        <\/a>\n                                                <\/div>\n                    <div class=\"imageContainer\">\n                        <img decoding=\"async\" src=\"https:\/\/ohme-ev.com\/de\/wp-content\/uploads\/sites\/23\/2024\/03\/Schucko-retouch-Front.webp\" alt=\"\" \/>\n                    <\/div>\n                    <p class=\"shortText\"><\/p>\n                <\/div>\n                                    <\/div>\n    <\/div>\n\n<\/div>\n\n<div id=\"\" class=\"blockWrapper top-default bottom-default   \">\n\n\n    <div class=\"featuresWrapper\">\n        <div class=\"contentWrapper features\">\n            <h3 class=\"title\">Erstklassige Ladeger\u00e4te, auf die Du dich verlassen kannst:<\/h3>\n            <p class=\"subtitle\"><\/p>\n            <div class=\"featuresContainer\">\n                                        <div class=\"featureWrapper\">\n                            <div class=\"iconContainer\">\n                                <img decoding=\"async\" src=\"https:\/\/ohme-ev.com\/de\/wp-content\/uploads\/sites\/23\/2023\/07\/Tick.svg\" alt=\"\"\/>\n                            <\/div>\n                            <p class=\"copy\">Schnelleres Laden als mit einer herk\u00f6mmlichen Steckdose<\/p>\n                        <\/div>\n\n                                                <div class=\"featureWrapper\">\n                            <div class=\"iconContainer\">\n                                <img decoding=\"async\" src=\"https:\/\/ohme-ev.com\/de\/wp-content\/uploads\/sites\/23\/2023\/07\/Tick.svg\" alt=\"\"\/>\n                            <\/div>\n                            <p class=\"copy\">Einfache Einrichtung zum Laden zu den g\u00fcnstigsten Zeiten<\/p>\n                        <\/div>\n\n                                                <div class=\"featureWrapper\">\n                            <div class=\"iconContainer\">\n                                <img decoding=\"async\" src=\"https:\/\/ohme-ev.com\/de\/wp-content\/uploads\/sites\/23\/2023\/07\/Tick.svg\" alt=\"\"\/>\n                            <\/div>\n                            <p class=\"copy\">Gesteuert per Smartphone-App<\/p>\n                        <\/div>\n\n                                                <div class=\"featureWrapper\">\n                            <div class=\"iconContainer\">\n                                <img decoding=\"async\" src=\"https:\/\/ohme-ev.com\/de\/wp-content\/uploads\/sites\/23\/2023\/07\/Tick.svg\" alt=\"\"\/>\n                            <\/div>\n                            <p class=\"copy\">Konform mit europ\u00e4ischen Vorschriften f\u00fcr mehr Sicherheit<\/p>\n                        <\/div>\n\n                                                <div class=\"featureWrapper\">\n                            <div class=\"iconContainer\">\n                                <img decoding=\"async\" src=\"https:\/\/ohme-ev.com\/de\/wp-content\/uploads\/sites\/23\/2023\/07\/Tick.svg\" alt=\"\"\/>\n                            <\/div>\n                            <p class=\"copy\">Kompaktes und diskretes Design<\/p>\n                        <\/div>\n\n                                                <div class=\"featureWrapper\">\n                            <div class=\"iconContainer\">\n                                <img decoding=\"async\" src=\"https:\/\/ohme-ev.com\/de\/wp-content\/uploads\/sites\/23\/2023\/07\/Tick.svg\" alt=\"\"\/>\n                            <\/div>\n                            <p class=\"copy\">Preisgekr\u00f6nter Kundensupport<\/p>\n                        <\/div>\n\n                                    <\/div>\n            \n            <a href=\"#compare\">\n            <button class=\"ohme-btn primary button\" title=\"\">Unsere Ladeger\u00e4te im Vergleich<\/button>\n        <\/a>\n\n    \n        <\/div>\n    <\/div>\n<\/div>\n\n<div id=\"\" class=\"blockWrapper top-default bottom-default   \">\n\n<div class=\"text-image-right bg-white\">\n    <div class=\"inner\">\n        <div class=\"text-content\">\n                        <h3 class=\"title\">Smartphone-App f\u00fcr mehr Kontrolle<\/h3>\n                        <div class=\"text\"><h3>Plane deine Ladezeiten<\/h3>\n<p>Reduziere deine Kosten der Ladevorg\u00e4nge, indem Du in der Ohme App einen personalisierten Zeitplan erstellen, der speziell auf deine Zeit- und Tarifpr\u00e4ferenz ausgerichtet ist.<\/p>\n<h3>F\u00fcge Deinen Stromtarif hinzu<\/h3>\n<p>Richte deine zeitabh\u00e4ngigen Stromtarif ein und lass die App automatisch dein Elektrofahrzeug aufladen, wenn der Preis am niedrigsten ist.<\/p>\n<h3>Behalte Dein Energieverbrauch im Blick<\/h3>\n<p>Verfolge die Kosten f\u00fcr das Laden deines Fahrzeugs und jede verbrauchte kWh, um deinen Energieverbrauch zuhause besser zu verstehen.<\/p>\n<\/div>\n                                                            <div class=\"buttons\">\n                                                            <a href=\"https:\/\/apps.apple.com\/gb\/app\/ohme-intelligent-ev-charger\/id1377322844\" target=\"\">\n                            <img decoding=\"async\" src=\"https:\/\/ohme-ev.com\/de\/wp-content\/uploads\/sites\/23\/2024\/03\/black.svg\" alt=\"\" \/>\n                        <\/a>\n                                                                                <a href=\"https:\/\/play.google.com\/store\/apps\/details?id=io.ohme.androidu0026amp;hl=en_GBu0026amp;gl=US\" target=\"\">\n                            <img decoding=\"async\" src=\"https:\/\/ohme-ev.com\/de\/wp-content\/uploads\/sites\/23\/2024\/03\/DEplay-1.png\" alt=\"\" \/>\n                        <\/a>\n                                                <\/div>\n                    <\/div>\n        <div class=\"media-content\">\n                        <img decoding=\"async\" loading=\"lazy\" src=\"https:\/\/ohme-ev.com\/de\/wp-content\/uploads\/sites\/23\/2024\/03\/50x50_DE-app-4_DE.webp\" alt=\"\" \/>\n                    <\/div>\n    <\/div>\n<\/div>\n\n<\/div>\n\n<div id=\"compare\" class=\"blockWrapper top-default bottom-default   \">\n\n<div class=\"block compare-specs\">\n    <div class=\"contentWrapper\">\n        <h2 class=\"header\">\n            Unsere Ladeger\u00e4te im Vergleich        <\/h2>\n        <div class=\"nav-space\">\n                    <div class=\"carousel-nav show-wide\">\n                <div class=\"prev\"><\/div>\n                <div class=\"next\"><\/div>\n            <\/div>\n                <\/div>\n        <div class=\"product-carousel\">\n                                    <div class=\"product-wrapper\">\n                <div class=\"product__info\">\n                    <img loading=\"lazy\" decoding=\"async\" width=\"235\" height=\"209\" src=\"https:\/\/ohme-ev.com\/de\/wp-content\/uploads\/sites\/23\/2023\/07\/Homepro-cut-out.png\" class=\"attachment-post-thumbnail size-post-thumbnail wp-post-image\" alt=\"\" \/>                    <h4>Ohme Home Pro MID<\/h4>\n                                                        <\/div>\n                <div class=\"product__specs\">\n                                        <h6>Kontrolle &amp; Zugang<\/h6>\n                    <p>\u00dcber die Ohme App<br \/>\n\u00dcber die Tasten an der Wallbox<\/p>\n                                                            <h6>Konnektivit\u00e4t<\/h6>\n                    <p>3G\/4G-Multinetz-Sim-Karte<\/p>\n                                                            <h6>Steckertyp &amp; Kabel<\/h6>\n                    <p>Standardm\u00e4\u00dfig mit einem 5 m langen Typ-2-Kabel ausgestattet<br \/>\n8 m langes Kabel als optionales Extra erh\u00e4ltlich<\/p>\n                                                            <h6>Ladeleistung<\/h6>\n                    <p>Ausgangsleistung\/Maximalstrom: 11 kW\/16 A, 3P+N+PE<br \/>\nSpannung: 400 V AC 3 ph<br \/>\nFrequenz: 50 Hz<\/p>\n                                                            <h6>Ma\u00dfe &amp; Gewicht<\/h6>\n                    <p>170 mm (H) x 200 mm (B) x 100 mm (T)<br \/>\n4 kg <\/p>\n                                                            <h6>Technische Daten<\/h6>\n                    <p>Smart Charging mit dynamischen Tarifen<br \/>\nPV-\u00dcberschussladen integriert<br \/>\nKommuniziert per OCPP und TCP Modbus<br \/>\nDynamischer Lastausgleich<br \/>\nOver-the-Air Updates<\/p>\n                                                            <h6>Konformit\u00e4t<\/h6>\n                    <ul>\n<li>IP55\n<li>CE gekennzeichnet<\/li>\n<li>LVD, MID, EMC, RED, RoHS, WEEE konform<\/li>\n<li>T\u00dcV Rheinland zertifiziert<\/li>\n<\/ul>\n                                                            <h6>Garantie<\/h6>\n                    <p>Standardm\u00e4\u00dfig 3 Jahre<\/p>\n                                    <\/div>\n            <\/div>\n                                    <div class=\"product-wrapper\">\n                <div class=\"product__info\">\n                    <img loading=\"lazy\" decoding=\"async\" width=\"1837\" height=\"1674\" src=\"https:\/\/ohme-ev.com\/de\/wp-content\/uploads\/sites\/23\/2024\/03\/Schucko-retouch-Front-no-shaddow.webp\" class=\"attachment-post-thumbnail size-post-thumbnail wp-post-image\" alt=\"\" srcset=\"https:\/\/ohme-ev.com\/de\/wp-content\/uploads\/sites\/23\/2024\/03\/Schucko-retouch-Front-no-shaddow.webp 1837w, https:\/\/ohme-ev.com\/de\/wp-content\/uploads\/sites\/23\/2024\/03\/Schucko-retouch-Front-no-shaddow-300x273.webp 300w, https:\/\/ohme-ev.com\/de\/wp-content\/uploads\/sites\/23\/2024\/03\/Schucko-retouch-Front-no-shaddow-1024x933.webp 1024w, https:\/\/ohme-ev.com\/de\/wp-content\/uploads\/sites\/23\/2024\/03\/Schucko-retouch-Front-no-shaddow-768x700.webp 768w, https:\/\/ohme-ev.com\/de\/wp-content\/uploads\/sites\/23\/2024\/03\/Schucko-retouch-Front-no-shaddow-1536x1400.webp 1536w, https:\/\/ohme-ev.com\/de\/wp-content\/uploads\/sites\/23\/2024\/03\/Schucko-retouch-Front-no-shaddow-202x184.webp 202w, https:\/\/ohme-ev.com\/de\/wp-content\/uploads\/sites\/23\/2024\/03\/Schucko-retouch-Front-no-shaddow-266x242.webp 266w\" sizes=\"auto, (max-width: 1837px) 100vw, 1837px\" \/>                    <h4>Ohme Go<\/h4>\n                                                        <\/div>\n                <div class=\"product__specs\">\n                                        <h6>Kontrolle &amp; Zugang<\/h6>\n                    <p>Plug &amp; Charge<\/p>\n                                                            <h6>Konnektivit\u00e4t<\/h6>\n                    <p>3G\/4G-Multinetz-Sim-Karte<br \/>\nBei fehlender Verbindung werden Daten auf dem Ger\u00e4t gespeichert<\/p>\n                                                            <h6>Steckertyp &amp; Kabel<\/h6>\n                    <p>Schuko EU-Stecker zu Typ 2<br \/>\nVerf\u00fcgbar als 5m- und 8m-Version<\/p>\n                                                            <h6>Ladeleistung<\/h6>\n                    <p>Ausgangsleistung: 3.7 kW, 16 A<br \/>\nSpannung: 230 V<br \/>\nFrequenz: 50-60 Hz<\/p>\n                                                            <h6>Ma\u00dfe &amp; Gewicht<\/h6>\n                    <p>238 mm (H) x 90 mm (B) x 55 mm (T)<br \/>\n4 kg<\/p>\n                                                            <h6>Technische Daten<\/h6>\n                    <p>Getrennte Abrechnung<br \/>\nOCPP 1.6 Schnittstelle<\/p>\n                                                            <h6>Konformit\u00e4t<\/h6>\n                    <ul>\n<li>IP55<\/li>\n<li>CE gekennzeichnet<\/li>\n<li>T\u00dcV Rheinland zertifiziert<\/li>\n<\/ul>\n                                                            <h6>Garantie<\/h6>\n                    <p>Standardm\u00e4\u00dfig 2 Jahre<\/p>\n                                    <\/div>\n            <\/div>\n                                    <div class=\"product-wrapper\">\n                <div class=\"product__info\">\n                    <img loading=\"lazy\" decoding=\"async\" width=\"235\" height=\"209\" src=\"https:\/\/ohme-ev.com\/de\/wp-content\/uploads\/sites\/23\/2023\/07\/Homepro-cut-out.png\" class=\"attachment-post-thumbnail size-post-thumbnail wp-post-image\" alt=\"\" \/>                    <h4>Ohme Home Pro (11kW)<\/h4>\n                                                        <\/div>\n                <div class=\"product__specs\">\n                                        <h6>Kontrolle &amp; Zugang<\/h6>\n                    <p>\u00dcber das eingebaute LCD-Display<br \/>\n\u00dcber die Smartphone-App<br \/>\n\u00dcber die Tasten auf dem Ladeger\u00e4t<\/p>\n                                                            <h6>Konnektivit\u00e4t<\/h6>\n                    <p>3G\/4G-Multinetz-Sim-Karte<\/p>\n                                                            <h6>Steckertyp &amp; Kabel<\/h6>\n                    <p>Standardm\u00e4\u00dfig mit einem 5 m langen Typ-2-Kabel ausgestattet <\/p>\n                                                            <h6>Ladeleistung<\/h6>\n                    <p>Ausgangsleistung\/Maximalstrom: 11 kW\/16 A, 3P+N+PE<br \/>\nSpannung: 400V AC 3 ph<br \/>\nFrequenz: 50 Hz<br \/>\nHinweis: 11-kW-Ladeger\u00e4te f\u00fcr den Heimverbrauch erfordern eine dreiphasige Stromversorgung <\/p>\n                                                            <h6>Ma\u00dfe &amp; Gewicht<\/h6>\n                    <p>170 mm (H) x 200 mm (B) x 100 mm (T)<br \/>\n4 kg <\/p>\n                                                            <h6>Technische Daten<\/h6>\n                    <p>Smart Charging mit dynamischen Tarifen<br \/>\nPV-\u00dcberschussladen integriert<br \/>\nKommuniziert per OCPP und TCP Modbus<br \/>\nDynamischer Lastausgleich<br \/>\nOver-the-Air Updates<\/p>\n                                                            <h6>Konformit\u00e4t<\/h6>\n                    <ul>\n<li>IP55\n<li>CE gekennzeichnet<\/li>\n<li>LVD, EMC, RED, RoHS, WEEE konform<\/li>\n<li>T\u00dcV Rheinland zertifiziert<\/li>\n<\/ul>\n                                                            <h6>Garantie<\/h6>\n                    <p>Standardm\u00e4\u00dfig 3 Jahre<\/p>\n                                    <\/div>\n            <\/div>\n                    <\/div>\n\n    <\/div>\n<\/div>\n\n<\/div>","protected":false},"excerpt":{"rendered":"","protected":false},"author":1,"featured_media":0,"parent":0,"menu_order":0,"comment_status":"closed","ping_status":"closed","template":"","meta":{"_acf_changed":true,"_helpful_status":1,"footnotes":""},"partner":[],"class_list":["post-2230","page","type-page","status-publish","hentry"],"acf":[],"yoast_head":"<!-- This site is optimized with the Yoast SEO Premium plugin v27.4 (Yoast SEO v27.4) - https:\/\/yoast.com\/product\/yoast-seo-premium-wordpress\/ -->\n<title>Shop - Ohme EV Deutschland<\/title>\n<meta name=\"description\" content=\"Jetzt Ohmes smarte Wallboxen online kaufen \u2013 ideal f\u00fcr Zuhause, f\u00f6rderf\u00e4hig und kompatibel mit dynamischen Stromtarifen und PV-Anlagen\" \/>\n<meta name=\"robots\" content=\"index, follow, max-snippet:-1, max-image-preview:large, max-video-preview:-1\" \/>\n<link rel=\"canonical\" href=\"https:\/\/ohme-ev.com\/de\/shop\/\" \/>\n<meta property=\"og:locale\" content=\"de_DE\" \/>\n<meta property=\"og:type\" content=\"article\" \/>\n<meta property=\"og:title\" content=\"Shop\" \/>\n<meta property=\"og:description\" content=\"Jetzt Ohmes smarte Wallboxen online kaufen \u2013 ideal f\u00fcr Zuhause, f\u00f6rderf\u00e4hig und kompatibel mit dynamischen Stromtarifen und PV-Anlagen\" \/>\n<meta property=\"og:url\" content=\"https:\/\/ohme-ev.com\/de\/shop\/\" \/>\n<meta property=\"og:site_name\" content=\"Ohme EV Deutschland\" \/>\n<meta property=\"article:publisher\" content=\"https:\/\/www.facebook.com\/OhmeEV\/\" \/>\n<meta property=\"article:modified_time\" content=\"2026-02-27T13:44:58+00:00\" \/>\n<meta name=\"twitter:card\" content=\"summary_large_image\" \/>\n<meta name=\"twitter:site\" content=\"@ohmeev\" \/>\n<script type=\"application\/ld+json\" class=\"yoast-schema-graph\">{\"@context\":\"https:\\\/\\\/schema.org\",\"@graph\":[{\"@type\":\"WebPage\",\"@id\":\"https:\\\/\\\/ohme-ev.com\\\/de\\\/shop\\\/\",\"url\":\"https:\\\/\\\/ohme-ev.com\\\/de\\\/shop\\\/\",\"name\":\"Shop - Ohme EV Deutschland\",\"isPartOf\":{\"@id\":\"https:\\\/\\\/ohme-ev.com\\\/de\\\/#website\"},\"datePublished\":\"2023-06-26T12:04:17+00:00\",\"dateModified\":\"2026-02-27T13:44:58+00:00\",\"description\":\"Jetzt Ohmes smarte Wallboxen online kaufen \u2013 ideal f\u00fcr Zuhause, f\u00f6rderf\u00e4hig und kompatibel mit dynamischen Stromtarifen und PV-Anlagen\",\"breadcrumb\":{\"@id\":\"https:\\\/\\\/ohme-ev.com\\\/de\\\/shop\\\/#breadcrumb\"},\"inLanguage\":\"de-de\",\"potentialAction\":[{\"@type\":\"ReadAction\",\"target\":[\"https:\\\/\\\/ohme-ev.com\\\/de\\\/shop\\\/\"]}]},{\"@type\":\"BreadcrumbList\",\"@id\":\"https:\\\/\\\/ohme-ev.com\\\/de\\\/shop\\\/#breadcrumb\",\"itemListElement\":[{\"@type\":\"ListItem\",\"position\":1,\"name\":\"Home\",\"item\":\"https:\\\/\\\/ohme-ev.com\\\/de\\\/\"},{\"@type\":\"ListItem\",\"position\":2,\"name\":\"Shop\"}]},{\"@type\":\"WebSite\",\"@id\":\"https:\\\/\\\/ohme-ev.com\\\/de\\\/#website\",\"url\":\"https:\\\/\\\/ohme-ev.com\\\/de\\\/\",\"name\":\"Ohme EV Deutschland\",\"description\":\"Ohme - EV Smart Charging Solutions\",\"publisher\":{\"@id\":\"https:\\\/\\\/ohme-ev.com\\\/de\\\/#organization\"},\"potentialAction\":[{\"@type\":\"SearchAction\",\"target\":{\"@type\":\"EntryPoint\",\"urlTemplate\":\"https:\\\/\\\/ohme-ev.com\\\/de\\\/?s={search_term_string}\"},\"query-input\":{\"@type\":\"PropertyValueSpecification\",\"valueRequired\":true,\"valueName\":\"search_term_string\"}}],\"inLanguage\":\"de-de\"},{\"@type\":\"Organization\",\"@id\":\"https:\\\/\\\/ohme-ev.com\\\/de\\\/#organization\",\"name\":\"Ohme EV\",\"url\":\"https:\\\/\\\/ohme-ev.com\\\/de\\\/\",\"logo\":{\"@type\":\"ImageObject\",\"inLanguage\":\"de-de\",\"@id\":\"https:\\\/\\\/ohme-ev.com\\\/de\\\/#\\\/schema\\\/logo\\\/image\\\/\",\"url\":\"https:\\\/\\\/ohme-ev.com\\\/de\\\/wp-content\\\/uploads\\\/sites\\\/23\\\/2025\\\/07\\\/Ohme-blue-logo.webp\",\"contentUrl\":\"https:\\\/\\\/ohme-ev.com\\\/de\\\/wp-content\\\/uploads\\\/sites\\\/23\\\/2025\\\/07\\\/Ohme-blue-logo.webp\",\"width\":393,\"height\":192,\"caption\":\"Ohme EV\"},\"image\":{\"@id\":\"https:\\\/\\\/ohme-ev.com\\\/de\\\/#\\\/schema\\\/logo\\\/image\\\/\"},\"sameAs\":[\"https:\\\/\\\/www.facebook.com\\\/OhmeEV\\\/\",\"https:\\\/\\\/x.com\\\/ohmeev\",\"https:\\\/\\\/www.linkedin.com\\\/company\\\/19177772\"]}]}<\/script>\n<!-- \/ Yoast SEO Premium plugin. -->","yoast_head_json":{"title":"Shop - Ohme EV Deutschland","description":"Jetzt Ohmes smarte Wallboxen online kaufen \u2013 ideal f\u00fcr Zuhause, f\u00f6rderf\u00e4hig und kompatibel mit dynamischen Stromtarifen und PV-Anlagen","robots":{"index":"index","follow":"follow","max-snippet":"max-snippet:-1","max-image-preview":"max-image-preview:large","max-video-preview":"max-video-preview:-1"},"canonical":"https:\/\/ohme-ev.com\/de\/shop\/","og_locale":"de_DE","og_type":"article","og_title":"Shop","og_description":"Jetzt Ohmes smarte Wallboxen online kaufen \u2013 ideal f\u00fcr Zuhause, f\u00f6rderf\u00e4hig und kompatibel mit dynamischen Stromtarifen und PV-Anlagen","og_url":"https:\/\/ohme-ev.com\/de\/shop\/","og_site_name":"Ohme EV Deutschland","article_publisher":"https:\/\/www.facebook.com\/OhmeEV\/","article_modified_time":"2026-02-27T13:44:58+00:00","twitter_card":"summary_large_image","twitter_site":"@ohmeev","schema":{"@context":"https:\/\/schema.org","@graph":[{"@type":"WebPage","@id":"https:\/\/ohme-ev.com\/de\/shop\/","url":"https:\/\/ohme-ev.com\/de\/shop\/","name":"Shop - Ohme EV Deutschland","isPartOf":{"@id":"https:\/\/ohme-ev.com\/de\/#website"},"datePublished":"2023-06-26T12:04:17+00:00","dateModified":"2026-02-27T13:44:58+00:00","description":"Jetzt Ohmes smarte Wallboxen online kaufen \u2013 ideal f\u00fcr Zuhause, f\u00f6rderf\u00e4hig und kompatibel mit dynamischen Stromtarifen und PV-Anlagen","breadcrumb":{"@id":"https:\/\/ohme-ev.com\/de\/shop\/#breadcrumb"},"inLanguage":"de-de","potentialAction":[{"@type":"ReadAction","target":["https:\/\/ohme-ev.com\/de\/shop\/"]}]},{"@type":"BreadcrumbList","@id":"https:\/\/ohme-ev.com\/de\/shop\/#breadcrumb","itemListElement":[{"@type":"ListItem","position":1,"name":"Home","item":"https:\/\/ohme-ev.com\/de\/"},{"@type":"ListItem","position":2,"name":"Shop"}]},{"@type":"WebSite","@id":"https:\/\/ohme-ev.com\/de\/#website","url":"https:\/\/ohme-ev.com\/de\/","name":"Ohme EV Deutschland","description":"Ohme - EV Smart Charging Solutions","publisher":{"@id":"https:\/\/ohme-ev.com\/de\/#organization"},"potentialAction":[{"@type":"SearchAction","target":{"@type":"EntryPoint","urlTemplate":"https:\/\/ohme-ev.com\/de\/?s={search_term_string}"},"query-input":{"@type":"PropertyValueSpecification","valueRequired":true,"valueName":"search_term_string"}}],"inLanguage":"de-de"},{"@type":"Organization","@id":"https:\/\/ohme-ev.com\/de\/#organization","name":"Ohme EV","url":"https:\/\/ohme-ev.com\/de\/","logo":{"@type":"ImageObject","inLanguage":"de-de","@id":"https:\/\/ohme-ev.com\/de\/#\/schema\/logo\/image\/","url":"https:\/\/ohme-ev.com\/de\/wp-content\/uploads\/sites\/23\/2025\/07\/Ohme-blue-logo.webp","contentUrl":"https:\/\/ohme-ev.com\/de\/wp-content\/uploads\/sites\/23\/2025\/07\/Ohme-blue-logo.webp","width":393,"height":192,"caption":"Ohme EV"},"image":{"@id":"https:\/\/ohme-ev.com\/de\/#\/schema\/logo\/image\/"},"sameAs":["https:\/\/www.facebook.com\/OhmeEV\/","https:\/\/x.com\/ohmeev","https:\/\/www.linkedin.com\/company\/19177772"]}]}},"_links":{"self":[{"href":"https:\/\/ohme-ev.com\/de\/wp-json\/wp\/v2\/pages\/2230","targetHints":{"allow":["GET"]}}],"collection":[{"href":"https:\/\/ohme-ev.com\/de\/wp-json\/wp\/v2\/pages"}],"about":[{"href":"https:\/\/ohme-ev.com\/de\/wp-json\/wp\/v2\/types\/page"}],"author":[{"embeddable":true,"href":"https:\/\/ohme-ev.com\/de\/wp-json\/wp\/v2\/users\/1"}],"replies":[{"embeddable":true,"href":"https:\/\/ohme-ev.com\/de\/wp-json\/wp\/v2\/comments?post=2230"}],"version-history":[{"count":0,"href":"https:\/\/ohme-ev.com\/de\/wp-json\/wp\/v2\/pages\/2230\/revisions"}],"wp:attachment":[{"href":"https:\/\/ohme-ev.com\/de\/wp-json\/wp\/v2\/media?parent=2230"}],"wp:term":[{"taxonomy":"partner","embeddable":true,"href":"https:\/\/ohme-ev.com\/de\/wp-json\/wp\/v2\/partner?post=2230"}],"curies":[{"name":"wp","href":"https:\/\/api.w.org\/{rel}","templated":true}]}}