{"id":2174,"date":"2023-06-26T08:46:21","date_gmt":"2023-06-26T08:46:21","guid":{"rendered":"https:\/\/ohme-cs-dev.local\/?page_id=5"},"modified":"2024-02-05T14:12:52","modified_gmt":"2024-02-05T14:12:52","slug":"landing-page","status":"publish","type":"page","link":"https:\/\/ohme-ev.com\/de\/landing-page\/","title":{"rendered":"Landing Page"},"content":{"rendered":"\n<div class=\"fullscreen-hero \">\n    <!-- Desktop Media -->\n            <picture>\n            <source media=\"(orientation: portrait) and (max-width: 767px)\" srcset=\"https:\/\/ohme-ev.com\/de\/wp-content\/uploads\/sites\/23\/2023\/10\/Header_HomePro-mobile_master.jpg 300w,\n            https:\/\/ohme-ev.com\/de\/wp-content\/uploads\/sites\/23\/2023\/10\/Header_HomePro-mobile_master.jpg 400w,\n            https:\/\/ohme-ev.com\/de\/wp-content\/uploads\/sites\/23\/2023\/10\/Header_HomePro-mobile_master.jpg 480w,\n            https:\/\/ohme-ev.com\/de\/wp-content\/uploads\/sites\/23\/2023\/10\/Header_HomePro-mobile_master.jpg 600w,\n            https:\/\/ohme-ev.com\/de\/wp-content\/uploads\/sites\/23\/2023\/10\/Header_HomePro-mobile_master.jpg 720w,\n            \" sizes=\"(max-width: 399px) 100vw, calc(100vw - 40px)\" \/>\n            <source media=\"(orientation: landscape) and (min-width: 768px)\" srcset=\"https:\/\/ohme-ev.com\/de\/wp-content\/uploads\/sites\/23\/2023\/10\/Header_HomePro-desktop_master-scaled.jpg 740w,\n            https:\/\/ohme-ev.com\/de\/wp-content\/uploads\/sites\/23\/2023\/10\/Header_HomePro-desktop_master-scaled.jpg 1024w,\n            https:\/\/ohme-ev.com\/de\/wp-content\/uploads\/sites\/23\/2023\/10\/Header_HomePro-desktop_master-scaled.jpg 1240w,\n            https:\/\/ohme-ev.com\/de\/wp-content\/uploads\/sites\/23\/2023\/10\/Header_HomePro-desktop_master-scaled.jpg 1590w,\n            https:\/\/ohme-ev.com\/de\/wp-content\/uploads\/sites\/23\/2023\/10\/Header_HomePro-desktop_master-scaled.jpg 1680w,\n            https:\/\/ohme-ev.com\/de\/wp-content\/uploads\/sites\/23\/2023\/10\/Header_HomePro-desktop_master-scaled.jpg 1880w,\n            https:\/\/ohme-ev.com\/de\/wp-content\/uploads\/sites\/23\/2023\/10\/Header_HomePro-desktop_master-scaled.jpg 2000w,\n            https:\/\/ohme-ev.com\/de\/wp-content\/uploads\/sites\/23\/2023\/10\/Header_HomePro-desktop_master-scaled.jpg 3000w\n            \" sizes=\"calc(100vw - 40px)\" \/>\n            <img decoding=\"async\" class=\"responsive-image\" src=\"https:\/\/ohme-ev.com\/de\/wp-content\/uploads\/sites\/23\/2023\/10\/Header_HomePro-desktop_master-scaled.jpg\" alt=\"\"\/>\n        <\/picture>\n    \n\n    \n    <div class=\"content-container\">\n        <div class=\"wrapper threeColumnWrapper\">\n                            <h1>Ohme Home Pro &amp; Ohme Go<\/h1>\n            \n            <p class=\"hero-subtitle\">Sagen Sie hallo, zum smarten, g\u00fcnstigen und nachhaltigen Laden von E-Autos. Alles auf einmal.<\/p>\n\n            \n            <a href=\"#Ohme\">\n            <button class=\"ohme-btn primary button\" title=\"\">Mehr erfahren<\/button>\n        <\/a>\n\n    \n            \n            \n                    <\/div>\n    <\/div>\n\n    <!-- Scroll Animation -->\n    <\/div>\n\n<div id=\"Ohme\" class=\"blockWrapper top-default bottom-default   \">\n\n<div class=\"text-image-right \">\n    <div class=\"inner\">\n        <div class=\"text-content\">\n                        <h3 class=\"title\">Hallo, wir sind Ohme<\/h3>\n                        <div class=\"text\"><p>Ohme hat es sich zur Aufgabe gemacht, den globalen \u00dcbergang zu nachhalitiger Energie zu beschleunigen, indem wir g\u00fcnstige und intuitiv zu bedienende intelligente Ladetechnologie f\u00fcr Autofahrer auf der ganzen Welt anbieten.<\/p>\n<p>Wir haben uns auf die Entwicklung von Heimladeger\u00e4ten konzentriert, die mehr Kontrolle in Ihre Hand legen, damit Sie das Beste aus Ihrem Elektroauto herausholen k\u00f6nnen. Damit k\u00f6nnen Sie gleichzeitig Geld sparen und unserem Planeten helfen.<\/p>\n<p>Die einzigartige Technologie von Ohme erm\u00f6glicht es Autofahrern, zu den g\u00fcnstigsten verf\u00fcgbaren Zeiten zu laden. Es ist ganz einfach: Ihr Auto wird immer passend geladen, damit es dann zur Verf\u00fcgung steht, wenn sie es brauchen.<\/p>\n<p>Coming soon: Treten Sie in Verbindung mit unseren Experten, um einer der ersten Besitzer eines unserer Ladeger\u00e4te zu sein.<\/p>\n<\/div>\n                                                <div class=\"buttons\">\n                                    \n            <a href=\"mailto:hilfe@ohme-ev.com\" target=\"_blank\" rel=\"noopener\">\n            <button class=\"ohme-btn primary button external\" title=\"\">Kontakt aufnehmen<\/button>\n        <\/a>\n                                <\/div>\n                                <\/div>\n        <div class=\"media-content\">\n                        <img decoding=\"async\" loading=\"lazy\" src=\"https:\/\/ohme-ev.com\/de\/wp-content\/uploads\/sites\/23\/2023\/10\/50x50_Charge-close-up-grey-car_master.jpg\" alt=\"\" \/>\n                    <\/div>\n    <\/div>\n<\/div>\n\n<\/div>\n\n<div id=\"\" class=\"blockWrapper top-default bottom-default   \">\n\n<div class=\"block compare-specs\">\n    <div class=\"contentWrapper\">\n        <h2 class=\"header\">\n                    <\/h2>\n        <div class=\"nav-space\">\n                    <div class=\"carousel-nav show-wide\">\n                <div class=\"prev\"><\/div>\n                <div class=\"next\"><\/div>\n            <\/div>\n                <\/div>\n        <div class=\"product-carousel\">\n                                    <div class=\"product-wrapper\">\n                <div class=\"product__info\">\n                    <img loading=\"lazy\" decoding=\"async\" width=\"235\" height=\"209\" src=\"https:\/\/ohme-ev.com\/de\/wp-content\/uploads\/sites\/23\/2023\/07\/Homepro-cut-out.png\" class=\"attachment-post-thumbnail size-post-thumbnail wp-post-image\" alt=\"\" \/>                    <h4>Ohme Home Pro MID<\/h4>\n                                        <p><\/p>\n                                                        <\/div>\n                <div class=\"product__specs\">\n                                        <h6>Kontrolle &amp; Zugang<\/h6>\n                    <p>\u00dcber die Ohme App<br \/>\n\u00dcber die Tasten an der Wallbox<\/p>\n                                                            <h6>Konnektivit\u00e4t<\/h6>\n                    <p>3G\/4G-Multinetz-Sim-Karte<\/p>\n                                                            <h6>Steckertyp &amp; Kabel<\/h6>\n                    <p>Standardm\u00e4\u00dfig mit einem 5 m langen Typ-2-Kabel ausgestattet<br \/>\n8 m langes Kabel als optionales Extra erh\u00e4ltlich<\/p>\n                                                            <h6>Ladeleistung<\/h6>\n                    <p>Ausgangsleistung\/Maximalstrom: 11 kW\/16 A, 3P+N+PE<br \/>\nSpannung: 400 V AC 3 ph<br \/>\nFrequenz: 50 Hz<\/p>\n                                                            <h6>Ma\u00dfe &amp; Gewicht<\/h6>\n                    <p>170 mm (H) x 200 mm (B) x 100 mm (T)<br \/>\n4 kg <\/p>\n                                                            <h6>Technische Daten<\/h6>\n                    <p>Smart Charging mit dynamischen Tarifen<br \/>\nPV-\u00dcberschussladen integriert<br \/>\nKommuniziert per OCPP und TCP Modbus<br \/>\nDynamischer Lastausgleich<br \/>\nOver-the-Air Updates<\/p>\n                                                            <h6>Konformit\u00e4t<\/h6>\n                    <ul>\n<li>IP55\n<li>CE gekennzeichnet<\/li>\n<li>LVD, MID, EMC, RED, RoHS, WEEE konform<\/li>\n<li>T\u00dcV Rheinland zertifiziert<\/li>\n<\/ul>\n                                                            <h6>Garantie<\/h6>\n                    <p>Standardm\u00e4\u00dfig 3 Jahre<\/p>\n                                    <\/div>\n            <\/div>\n                                    <div class=\"product-wrapper\">\n                <div class=\"product__info\">\n                    <img loading=\"lazy\" decoding=\"async\" width=\"1837\" height=\"1674\" src=\"https:\/\/ohme-ev.com\/de\/wp-content\/uploads\/sites\/23\/2024\/03\/Schucko-retouch-Front-no-shaddow.webp\" class=\"attachment-post-thumbnail size-post-thumbnail wp-post-image\" alt=\"\" srcset=\"https:\/\/ohme-ev.com\/de\/wp-content\/uploads\/sites\/23\/2024\/03\/Schucko-retouch-Front-no-shaddow.webp 1837w, https:\/\/ohme-ev.com\/de\/wp-content\/uploads\/sites\/23\/2024\/03\/Schucko-retouch-Front-no-shaddow-300x273.webp 300w, https:\/\/ohme-ev.com\/de\/wp-content\/uploads\/sites\/23\/2024\/03\/Schucko-retouch-Front-no-shaddow-1024x933.webp 1024w, https:\/\/ohme-ev.com\/de\/wp-content\/uploads\/sites\/23\/2024\/03\/Schucko-retouch-Front-no-shaddow-768x700.webp 768w, https:\/\/ohme-ev.com\/de\/wp-content\/uploads\/sites\/23\/2024\/03\/Schucko-retouch-Front-no-shaddow-1536x1400.webp 1536w, https:\/\/ohme-ev.com\/de\/wp-content\/uploads\/sites\/23\/2024\/03\/Schucko-retouch-Front-no-shaddow-202x184.webp 202w, https:\/\/ohme-ev.com\/de\/wp-content\/uploads\/sites\/23\/2024\/03\/Schucko-retouch-Front-no-shaddow-266x242.webp 266w\" sizes=\"auto, (max-width: 1837px) 100vw, 1837px\" \/>                    <h4>Ohme Go<\/h4>\n                                        <p><\/p>\n                                                        <\/div>\n                <div class=\"product__specs\">\n                                        <h6>Kontrolle &amp; Zugang<\/h6>\n                    <p>Plug &amp; Charge<\/p>\n                                                            <h6>Konnektivit\u00e4t<\/h6>\n                    <p>3G\/4G-Multinetz-Sim-Karte<br \/>\nBei fehlender Verbindung werden Daten auf dem Ger\u00e4t gespeichert<\/p>\n                                                            <h6>Steckertyp &amp; Kabel<\/h6>\n                    <p>Schuko EU-Stecker zu Typ 2<br \/>\nVerf\u00fcgbar als 5m- und 8m-Version<\/p>\n                                                            <h6>Ladeleistung<\/h6>\n                    <p>Ausgangsleistung: 3.7 kW, 16 A<br \/>\nSpannung: 230 V<br \/>\nFrequenz: 50-60 Hz<\/p>\n                                                            <h6>Ma\u00dfe &amp; Gewicht<\/h6>\n                    <p>238 mm (H) x 90 mm (B) x 55 mm (T)<br \/>\n4 kg<\/p>\n                                                            <h6>Technische Daten<\/h6>\n                    <p>Getrennte Abrechnung<br \/>\nOCPP 1.6 Schnittstelle<\/p>\n                                                            <h6>Konformit\u00e4t<\/h6>\n                    <ul>\n<li>IP55<\/li>\n<li>CE gekennzeichnet<\/li>\n<li>T\u00dcV Rheinland zertifiziert<\/li>\n<\/ul>\n                                                            <h6>Garantie<\/h6>\n                    <p>Standardm\u00e4\u00dfig 2 Jahre<\/p>\n                                    <\/div>\n            <\/div>\n                                    <div class=\"product-wrapper\">\n                <div class=\"product__info\">\n                    <img loading=\"lazy\" decoding=\"async\" width=\"235\" height=\"209\" src=\"https:\/\/ohme-ev.com\/de\/wp-content\/uploads\/sites\/23\/2023\/07\/Homepro-cut-out.png\" class=\"attachment-post-thumbnail size-post-thumbnail wp-post-image\" alt=\"\" \/>                    <h4>Ohme Home Pro (11kW)<\/h4>\n                                        <p><\/p>\n                                                        <\/div>\n                <div class=\"product__specs\">\n                                        <h6>Kontrolle &amp; Zugang<\/h6>\n                    <p>\u00dcber das eingebaute LCD-Display<br \/>\n\u00dcber die Smartphone-App<br \/>\n\u00dcber die Tasten auf dem Ladeger\u00e4t<\/p>\n                                                            <h6>Konnektivit\u00e4t<\/h6>\n                    <p>3G\/4G-Multinetz-Sim-Karte<\/p>\n                                                            <h6>Steckertyp &amp; Kabel<\/h6>\n                    <p>Standardm\u00e4\u00dfig mit einem 5 m langen Typ-2-Kabel ausgestattet <\/p>\n                                                            <h6>Ladeleistung<\/h6>\n                    <p>Ausgangsleistung\/Maximalstrom: 11 kW\/16 A, 3P+N+PE<br \/>\nSpannung: 400V AC 3 ph<br \/>\nFrequenz: 50 Hz<br \/>\nHinweis: 11-kW-Ladeger\u00e4te f\u00fcr den Heimverbrauch erfordern eine dreiphasige Stromversorgung <\/p>\n                                                            <h6>Ma\u00dfe &amp; Gewicht<\/h6>\n                    <p>170 mm (H) x 200 mm (B) x 100 mm (T)<br \/>\n4 kg <\/p>\n                                                            <h6>Technische Daten<\/h6>\n                    <p>Smart Charging mit dynamischen Tarifen<br \/>\nPV-\u00dcberschussladen integriert<br \/>\nKommuniziert per OCPP und TCP Modbus<br \/>\nDynamischer Lastausgleich<br \/>\nOver-the-Air Updates<\/p>\n                                                            <h6>Konformit\u00e4t<\/h6>\n                    <ul>\n<li>IP55\n<li>CE gekennzeichnet<\/li>\n<li>LVD, EMC, RED, RoHS, WEEE konform<\/li>\n<li>T\u00dcV Rheinland zertifiziert<\/li>\n<\/ul>\n                                                            <h6>Garantie<\/h6>\n                    <p>Standardm\u00e4\u00dfig 3 Jahre<\/p>\n                                    <\/div>\n            <\/div>\n                    <\/div>\n\n    <\/div>\n<\/div>\n\n<\/div>\n\n<div id=\"\" class=\"blockWrapper top-default bottom-default   \">\n\n    <div class=\"dualTilesWrapper blockWrapper\">\n        <h3><\/h3>\n        <div class=\"tilesContainer\">\n                                <div class=\"tileWrapper \">\n                        <h2 class=\"title\">Brauchen Sie Hilfe?<\/h2>\n\n                        <div class=\"copy\"><p>Schreiben Sie uns eine Nachricht, wenn Sie technische Unterst\u00fctzung ben\u00f6tigen oder mehr \u00fcber unsere Ladeger\u00e4te erfahren m\u00f6chten &#8211; unsere Experten sind f\u00fcr Sie da und helfen Ihnen bei jedem Schritt.<\/p>\n<\/div>\n                                                                                                                        <div class=\"ctasContainer\">\n                            \n            <a href=\"mailto:hilfe@ohme-ev.com\" target=\"_blank\" rel=\"noopener\">\n            <button class=\"ohme-btn primary button external\" title=\"\">Kontaktieren Sie uns<\/button>\n        <\/a>\n    \n                        <\/div>\n                    <\/div>\n                                    <div class=\"tileWrapper \">\n                        <h2 class=\"title\">Werden Sie ein zertifizierter Ohme-Installateur<\/h2>\n\n                        <div class=\"copy\"><p>Sind Sie bereit, an der Elektrofahrzeug-Revolution teilzunehmen? Wir suchen die weltbesten Installateure, die uns bei der Umstellung auf Elektromobilit\u00e4t auf der ganzen Welt unterst\u00fctzen wollen.<\/p>\n<\/div>\n                                                                                                                        <div class=\"ctasContainer\">\n                            \n            <a href=\"mailto:sales.de@ohme-ev.com\" target=\"_blank\" rel=\"noopener\">\n            <button class=\"ohme-btn primary button external\" title=\"\">Werden Sie ein Ohme-Partner<\/button>\n        <\/a>\n    \n                        <\/div>\n                    <\/div>\n                        <\/div>\n    <\/div>\n\n<\/div>","protected":false},"excerpt":{"rendered":"","protected":false},"author":1,"featured_media":0,"parent":0,"menu_order":0,"comment_status":"closed","ping_status":"closed","template":"","meta":{"_acf_changed":false,"_helpful_status":1,"footnotes":""},"partner":[],"class_list":["post-2174","page","type-page","status-publish","hentry"],"acf":[],"yoast_head":"<!-- This site is optimized with the Yoast SEO Premium plugin v27.4 (Yoast SEO v27.4) - https:\/\/yoast.com\/product\/yoast-seo-premium-wordpress\/ -->\n<title>Ohme - Hallo zum smarten, g\u00fcnstigen und gr\u00fcnen Laden<\/title>\n<meta name=\"description\" content=\"Sagen Sie hallo, zum smarten, g\u00fcnstigen und gr\u00fcnen Laden von E-Autos. Alles auf einmal.\" \/>\n<meta name=\"robots\" content=\"index, follow, max-snippet:-1, max-image-preview:large, max-video-preview:-1\" \/>\n<link rel=\"canonical\" href=\"https:\/\/ohme-ev.com\/de\/landing-page\/\" \/>\n<meta property=\"og:locale\" content=\"de_DE\" \/>\n<meta property=\"og:type\" content=\"article\" \/>\n<meta property=\"og:title\" content=\"Landing Page\" \/>\n<meta property=\"og:description\" content=\"Sagen Sie hallo, zum smarten, g\u00fcnstigen und gr\u00fcnen Laden von E-Autos. Alles auf einmal.\" \/>\n<meta property=\"og:url\" content=\"https:\/\/ohme-ev.com\/de\/landing-page\/\" \/>\n<meta property=\"og:site_name\" content=\"Ohme EV Deutschland\" \/>\n<meta property=\"article:publisher\" content=\"https:\/\/www.facebook.com\/OhmeEV\/\" \/>\n<meta property=\"article:modified_time\" content=\"2024-02-05T14:12:52+00:00\" \/>\n<meta name=\"twitter:card\" content=\"summary_large_image\" \/>\n<meta name=\"twitter:site\" content=\"@ohmeev\" \/>\n<script type=\"application\/ld+json\" class=\"yoast-schema-graph\">{\"@context\":\"https:\\\/\\\/schema.org\",\"@graph\":[{\"@type\":\"WebPage\",\"@id\":\"https:\\\/\\\/ohme-ev.com\\\/de\\\/landing-page\\\/\",\"url\":\"https:\\\/\\\/ohme-ev.com\\\/de\\\/landing-page\\\/\",\"name\":\"Ohme - Hallo zum smarten, g\u00fcnstigen und gr\u00fcnen Laden\",\"isPartOf\":{\"@id\":\"https:\\\/\\\/ohme-ev.com\\\/de\\\/#website\"},\"datePublished\":\"2023-06-26T08:46:21+00:00\",\"dateModified\":\"2024-02-05T14:12:52+00:00\",\"description\":\"Sagen Sie hallo, zum smarten, g\u00fcnstigen und gr\u00fcnen Laden von E-Autos. Alles auf einmal.\",\"breadcrumb\":{\"@id\":\"https:\\\/\\\/ohme-ev.com\\\/de\\\/landing-page\\\/#breadcrumb\"},\"inLanguage\":\"de-de\",\"potentialAction\":[{\"@type\":\"ReadAction\",\"target\":[\"https:\\\/\\\/ohme-ev.com\\\/de\\\/landing-page\\\/\"]}]},{\"@type\":\"BreadcrumbList\",\"@id\":\"https:\\\/\\\/ohme-ev.com\\\/de\\\/landing-page\\\/#breadcrumb\",\"itemListElement\":[{\"@type\":\"ListItem\",\"position\":1,\"name\":\"Home\",\"item\":\"https:\\\/\\\/ohme-ev.com\\\/de\\\/\"},{\"@type\":\"ListItem\",\"position\":2,\"name\":\"Landing Page\"}]},{\"@type\":\"WebSite\",\"@id\":\"https:\\\/\\\/ohme-ev.com\\\/de\\\/#website\",\"url\":\"https:\\\/\\\/ohme-ev.com\\\/de\\\/\",\"name\":\"Ohme EV Deutschland\",\"description\":\"Ohme - EV Smart Charging Solutions\",\"publisher\":{\"@id\":\"https:\\\/\\\/ohme-ev.com\\\/de\\\/#organization\"},\"potentialAction\":[{\"@type\":\"SearchAction\",\"target\":{\"@type\":\"EntryPoint\",\"urlTemplate\":\"https:\\\/\\\/ohme-ev.com\\\/de\\\/?s={search_term_string}\"},\"query-input\":{\"@type\":\"PropertyValueSpecification\",\"valueRequired\":true,\"valueName\":\"search_term_string\"}}],\"inLanguage\":\"de-de\"},{\"@type\":\"Organization\",\"@id\":\"https:\\\/\\\/ohme-ev.com\\\/de\\\/#organization\",\"name\":\"Ohme EV\",\"url\":\"https:\\\/\\\/ohme-ev.com\\\/de\\\/\",\"logo\":{\"@type\":\"ImageObject\",\"inLanguage\":\"de-de\",\"@id\":\"https:\\\/\\\/ohme-ev.com\\\/de\\\/#\\\/schema\\\/logo\\\/image\\\/\",\"url\":\"https:\\\/\\\/ohme-ev.com\\\/de\\\/wp-content\\\/uploads\\\/sites\\\/23\\\/2025\\\/07\\\/Ohme-blue-logo.webp\",\"contentUrl\":\"https:\\\/\\\/ohme-ev.com\\\/de\\\/wp-content\\\/uploads\\\/sites\\\/23\\\/2025\\\/07\\\/Ohme-blue-logo.webp\",\"width\":393,\"height\":192,\"caption\":\"Ohme EV\"},\"image\":{\"@id\":\"https:\\\/\\\/ohme-ev.com\\\/de\\\/#\\\/schema\\\/logo\\\/image\\\/\"},\"sameAs\":[\"https:\\\/\\\/www.facebook.com\\\/OhmeEV\\\/\",\"https:\\\/\\\/x.com\\\/ohmeev\",\"https:\\\/\\\/www.linkedin.com\\\/company\\\/19177772\"]}]}<\/script>\n<!-- \/ Yoast SEO Premium plugin. -->","yoast_head_json":{"title":"Ohme - Hallo zum smarten, g\u00fcnstigen und gr\u00fcnen Laden","description":"Sagen Sie hallo, zum smarten, g\u00fcnstigen und gr\u00fcnen Laden von E-Autos. Alles auf einmal.","robots":{"index":"index","follow":"follow","max-snippet":"max-snippet:-1","max-image-preview":"max-image-preview:large","max-video-preview":"max-video-preview:-1"},"canonical":"https:\/\/ohme-ev.com\/de\/landing-page\/","og_locale":"de_DE","og_type":"article","og_title":"Landing Page","og_description":"Sagen Sie hallo, zum smarten, g\u00fcnstigen und gr\u00fcnen Laden von E-Autos. Alles auf einmal.","og_url":"https:\/\/ohme-ev.com\/de\/landing-page\/","og_site_name":"Ohme EV Deutschland","article_publisher":"https:\/\/www.facebook.com\/OhmeEV\/","article_modified_time":"2024-02-05T14:12:52+00:00","twitter_card":"summary_large_image","twitter_site":"@ohmeev","schema":{"@context":"https:\/\/schema.org","@graph":[{"@type":"WebPage","@id":"https:\/\/ohme-ev.com\/de\/landing-page\/","url":"https:\/\/ohme-ev.com\/de\/landing-page\/","name":"Ohme - Hallo zum smarten, g\u00fcnstigen und gr\u00fcnen Laden","isPartOf":{"@id":"https:\/\/ohme-ev.com\/de\/#website"},"datePublished":"2023-06-26T08:46:21+00:00","dateModified":"2024-02-05T14:12:52+00:00","description":"Sagen Sie hallo, zum smarten, g\u00fcnstigen und gr\u00fcnen Laden von E-Autos. Alles auf einmal.","breadcrumb":{"@id":"https:\/\/ohme-ev.com\/de\/landing-page\/#breadcrumb"},"inLanguage":"de-de","potentialAction":[{"@type":"ReadAction","target":["https:\/\/ohme-ev.com\/de\/landing-page\/"]}]},{"@type":"BreadcrumbList","@id":"https:\/\/ohme-ev.com\/de\/landing-page\/#breadcrumb","itemListElement":[{"@type":"ListItem","position":1,"name":"Home","item":"https:\/\/ohme-ev.com\/de\/"},{"@type":"ListItem","position":2,"name":"Landing Page"}]},{"@type":"WebSite","@id":"https:\/\/ohme-ev.com\/de\/#website","url":"https:\/\/ohme-ev.com\/de\/","name":"Ohme EV Deutschland","description":"Ohme - EV Smart Charging Solutions","publisher":{"@id":"https:\/\/ohme-ev.com\/de\/#organization"},"potentialAction":[{"@type":"SearchAction","target":{"@type":"EntryPoint","urlTemplate":"https:\/\/ohme-ev.com\/de\/?s={search_term_string}"},"query-input":{"@type":"PropertyValueSpecification","valueRequired":true,"valueName":"search_term_string"}}],"inLanguage":"de-de"},{"@type":"Organization","@id":"https:\/\/ohme-ev.com\/de\/#organization","name":"Ohme EV","url":"https:\/\/ohme-ev.com\/de\/","logo":{"@type":"ImageObject","inLanguage":"de-de","@id":"https:\/\/ohme-ev.com\/de\/#\/schema\/logo\/image\/","url":"https:\/\/ohme-ev.com\/de\/wp-content\/uploads\/sites\/23\/2025\/07\/Ohme-blue-logo.webp","contentUrl":"https:\/\/ohme-ev.com\/de\/wp-content\/uploads\/sites\/23\/2025\/07\/Ohme-blue-logo.webp","width":393,"height":192,"caption":"Ohme EV"},"image":{"@id":"https:\/\/ohme-ev.com\/de\/#\/schema\/logo\/image\/"},"sameAs":["https:\/\/www.facebook.com\/OhmeEV\/","https:\/\/x.com\/ohmeev","https:\/\/www.linkedin.com\/company\/19177772"]}]}},"_links":{"self":[{"href":"https:\/\/ohme-ev.com\/de\/wp-json\/wp\/v2\/pages\/2174","targetHints":{"allow":["GET"]}}],"collection":[{"href":"https:\/\/ohme-ev.com\/de\/wp-json\/wp\/v2\/pages"}],"about":[{"href":"https:\/\/ohme-ev.com\/de\/wp-json\/wp\/v2\/types\/page"}],"author":[{"embeddable":true,"href":"https:\/\/ohme-ev.com\/de\/wp-json\/wp\/v2\/users\/1"}],"replies":[{"embeddable":true,"href":"https:\/\/ohme-ev.com\/de\/wp-json\/wp\/v2\/comments?post=2174"}],"version-history":[{"count":0,"href":"https:\/\/ohme-ev.com\/de\/wp-json\/wp\/v2\/pages\/2174\/revisions"}],"wp:attachment":[{"href":"https:\/\/ohme-ev.com\/de\/wp-json\/wp\/v2\/media?parent=2174"}],"wp:term":[{"taxonomy":"partner","embeddable":true,"href":"https:\/\/ohme-ev.com\/de\/wp-json\/wp\/v2\/partner?post=2174"}],"curies":[{"name":"wp","href":"https:\/\/api.w.org\/{rel}","templated":true}]}}