{"id":50,"date":"2023-06-26T12:03:21","date_gmt":"2023-06-26T12:03:21","guid":{"rendered":"https:\/\/ohme-cs-dev.local\/?page_id=50"},"modified":"2025-03-03T10:00:08","modified_gmt":"2025-03-03T10:00:08","slug":"werken-bij-ohme","status":"publish","type":"page","link":"https:\/\/ohme-ev.com\/be-nl\/werken-bij-ohme\/","title":{"rendered":"De wereld van Ohme"},"content":{"rendered":"<div class=\"image-text-hero with-colour\" style=\"background-color: #032536;\">\n\n    <div class=\"contentWrapper imageRight mobile-image-bottom\">\n        <div class=\"content-container\">\n            <div class=\"wrapper\">\n                                    <h1>Hallo, wij zijn Ohme!<\/h1>\n                \n                \n                                    <p><p>Het is onze missie om de wereldwijde overgang naar schone energie te versnellen door betaalbare en gebruiksvriendelijke slimme laadtechnologie te leveren aan bestuurders over de hele wereld.<\/p>\n<\/p>\n                \n                \n            <a href=\"https:\/\/ohme-ev.com\/be-nl\/vacatures\/\" target=\"_self\" >\n            <button class=\"ohme-btn primary button\" title=\"\">Bekijk onze openstaande vacatures<\/button>\n        <\/a>\n    \n                            <\/div>\n        <\/div>\n\n        <div class=\"image-container\">\n                            <div class=\"image-wrapper\">\n                    <img decoding=\"async\" src=\"https:\/\/ohme-ev.com\/be-nl\/wp-content\/uploads\/sites\/20\/2023\/07\/Large-inset-header_Chizom_UK.png\" alt=\"\" \/>\n                <\/div>\n            \n                    <\/div>\n    <\/div>\n\n    <\/div>\n\n<div id=\"\" class=\"blockWrapper top-default bottom-default   \">\n\n\n<div class=\"contentWrapper textImageLeft  image\">\n            <div class=\"imageContainer\">\n            <img decoding=\"async\" loading=\"lazy\" src=\"https:\/\/ohme-ev.com\/be-nl\/wp-content\/uploads\/sites\/20\/2023\/07\/50x50-text-image_dark-car-charging_master.png\" alt=\"\"\/>\n        <\/div>\n\n        <div class=\"textContainer\">\n        <h3 class=\"title\">De weg vrijmaken voor een elektrische toekomst. E\u00e9n laadbeurt per keer.<\/h3>\n        <h4 class=\"subtitle regular\"><\/h4>\n        <div class=\"text\"><p><span lang=\"NL-BE\">Hier bij Ohme richten we ons op de ontwikkeling van slimme thuisladers waarmee bestuurders het meeste uit hun elektrische voertuig kunnen halen. En dat terwijl ze geld besparen en de planeet helpen!<\/span><\/p>\n<p><span lang=\"NL-BE\">Dankzij onze unieke technologie kunnen chauffeurs laden op de goedkoopste en groenste tijdstippen.<\/span> Wij tillen slim opladen naar een hoger niveau.<\/p>\n<p><span lang=\"NL-BE\">Onze visie klinkt misschien ambitieus, maar dit is waar het potentieel van Ohme ligt &#8211; in het cre\u00ebren van laadoplossingen die de overgang naar elektrisch over de hele wereld vergemakkelijken. <\/span>En dan zijn we nog maar pas begonnen!<\/p>\n<\/div>\n        <div class=\"buttonsContainer\">\n                    <\/div>\n            <\/div>\n<\/div>\n<\/div>\n\n<div id=\"\" class=\"blockWrapper top-default bottom-default   \">\n\n<div class=\"text-image-right bg-white\">\n    <div class=\"inner\">\n        <div class=\"text-content\">\n                        <h3 class=\"title\">Kom werken bij een van de meest innovatieve, snelgroeiende e-mobility bedrijven in Europa<\/h3>\n                        <div class=\"text\"><p><span lang=\"NL-BE\">Ohme vindt zijn oorsprong in mensen &#8211; we bouwen aan een team van inspirerende individuen die gepassioneerd zijn om nieuwe wegen in te slaan om samen een groenere toekomst te cre\u00ebren.<\/span><\/p>\n<p><span lang=\"NL-BE\">Als jij het wel ziet zitten om \u00e9\u00e9n van de belangrijkste tech-industrie\u00ebn op zijn kop te zetten en onze impact op de planeet te verminderen, dan is werken bij Ohme misschien wel iets voor jou!<\/span><\/p>\n<\/div>\n                                                <div class=\"buttons\">\n                                    \n            <a href=\"https:\/\/ohme-ev.com\/be-nl\/vacatures\/\" target=\"_self\" >\n            <button class=\"ohme-btn primary button\" title=\"\">Bekijk onze openstaande vacatures<\/button>\n        <\/a>\n                                <\/div>\n                                <\/div>\n        <div class=\"media-content\">\n                        <img decoding=\"async\" loading=\"lazy\" src=\"https:\/\/ohme-ev.com\/be-nl\/wp-content\/uploads\/sites\/20\/2023\/07\/Mask-group.png\" alt=\"\" \/>\n                    <\/div>\n    <\/div>\n<\/div>\n\n<\/div>\n\n<div id=\"\" class=\"blockWrapper top-default bottom-default   \">\n\n<div class=\"text-image-right bg-darkblue\">\n    <div class=\"inner\">\n        <div class=\"text-content\">\n                        <h3 class=\"title\">Maak kennis met David, onze CEO en oprichter<\/h3>\n                        <div class=\"text\"><p>Voordat hij Ohme oprichtte, was David Watson medeoprichter van Temporis Capital. David zag een kans om de vraag naar elektriciteit aan te passen aan het aanbod met behulp van elektrische voertuigen en cre\u00eberde Ohme met als doel om &#8216;s werelds meest vertrouwde slimme laadplatform te worden.<\/p>\n<p>David reed met een Tesla en kwam op het idee om het opladen te regelen met een slimme kabel, waardoor klanten meer controle over hun energieverbruik kregen. Het eerste werkende prototype voor de Ohme thuislader werd geproduceerd in 2018 en de uiteindelijke productieversie was klaar voor de markt in 2019.<\/p>\n<\/div>\n                                                        <\/div>\n        <div class=\"media-content\">\n                        <img decoding=\"async\" loading=\"lazy\" src=\"https:\/\/ohme-ev.com\/be-nl\/wp-content\/uploads\/sites\/20\/2023\/07\/ohme-ceo.png\" alt=\"\" \/>\n                    <\/div>\n    <\/div>\n<\/div>\n\n<\/div>\n\n<div id=\"\" class=\"blockWrapper top-default bottom-default   \">\n\n\n<div class=\"contentWrapper textImageLeft  image\">\n            <div class=\"imageContainer\">\n            <img decoding=\"async\" loading=\"lazy\" src=\"https:\/\/ohme-ev.com\/be-nl\/wp-content\/uploads\/sites\/20\/2023\/07\/ohme-founder.png\" alt=\"\"\/>\n        <\/div>\n\n        <div class=\"textContainer\">\n        <h3 class=\"title\">Ontmoet Derry, onze oprichter<\/h3>\n        <h4 class=\"subtitle regular\"><\/h4>\n        <div class=\"text\"><p><span lang=\"NL-BE\">Derry Guy is medeoprichter en voorzitter van Ohme. <\/span>Hij is ook CEO van de Temporis Group, het oorspronkelijke moederbedrijf van Ohme.<\/p>\n<p><span lang=\"NL-BE\"><span lang=\"NL-BE\">De Temporis Group is een gespecialiseerde investeringsmaatschappij. Als maatschappij genereert de Temporis Group een positieve en meetbare impact op het terugdringen van de effecten van klimaatverandering, in lijn met de &#8216;Duurzame Ontwikkelingsdoelen&#8217; van de VN. <\/span><\/span>Hij richtte Temporis op om de overgang naar groene energie te versnellen en omdat hij zich nog verder wilde inzetten voor die passie richtte hij samen met David Watson Ohme op.<\/p>\n<p>Daarvoor werkte Derry 30 jaar als zakenbankier, gestructureerd financier en oprichter van alternatieve vermogensbeheerbedrijven.<\/p>\n<\/div>\n        <div class=\"buttonsContainer\">\n                    <\/div>\n            <\/div>\n<\/div>\n<\/div>\n\n<div id=\"\" class=\"blockWrapper top-default bottom-default   \">\n\n    <div class=\" keyPointsBlock\">\n        <div class=\"contentWrapper keyPoints\">\n\n                            <h3 class=\"mainTitle\">Onze waarden en overtuigingen<\/h3>\n            \n            \n            <div class=\"keyPointsContainer \">\n                                                            <div class=\"keyPointWrapper\">\n\n                                                            <div class=\"mediaContainer image\">\n                                    <img decoding=\"async\" src=\"https:\/\/ohme-ev.com\/be-nl\/wp-content\/uploads\/sites\/20\/2023\/08\/Icon_do-good_master.svg\" alt=\"\" \/>\n                                <\/div>\n\n                            \n                            <h5 class=\"subtitle\">Goed doen<\/h5>\n                            <div class=\"copy\"><div><span lang=\"NL-BE\">Wij geven om mensen en het milieu.<\/span><\/div>\n<\/div>\n\n                            \n                        <\/div>\n                                            <div class=\"keyPointWrapper\">\n\n                                                            <div class=\"mediaContainer image\">\n                                    <img decoding=\"async\" src=\"https:\/\/ohme-ev.com\/be-nl\/wp-content\/uploads\/sites\/20\/2023\/08\/Icon_customer-obsessed_master.svg\" alt=\"\" \/>\n                                <\/div>\n\n                            \n                            <h5 class=\"subtitle\">Klantgericht<\/h5>\n                            <div class=\"copy\"><div><span lang=\"NL-BE\">De klant staat centraal bij alles wat we doen.<\/span><\/div>\n<\/div>\n\n                            \n                        <\/div>\n                                            <div class=\"keyPointWrapper\">\n\n                                                            <div class=\"mediaContainer image\">\n                                    <img decoding=\"async\" src=\"https:\/\/ohme-ev.com\/be-nl\/wp-content\/uploads\/sites\/20\/2023\/08\/Icon_collaborative_master.svg\" alt=\"\" \/>\n                                <\/div>\n\n                            \n                            <h5 class=\"subtitle\">Samenwerking<\/h5>\n                            <div class=\"copy\"><div><span lang=\"NL-BE\">Wij geloven dat ons succes voortvloeit uit sterke relaties.<\/span><\/div>\n<\/div>\n\n                            \n                        <\/div>\n                                            <div class=\"keyPointWrapper\">\n\n                                                            <div class=\"mediaContainer image\">\n                                    <img decoding=\"async\" src=\"https:\/\/ohme-ev.com\/be-nl\/wp-content\/uploads\/sites\/20\/2023\/08\/Icon_progressive_master.svg\" alt=\"\" \/>\n                                <\/div>\n\n                            \n                            <h5 class=\"subtitle\">Innovatie<\/h5>\n                            <div class=\"copy\"><div><span lang=\"NL-BE\">Wij innoveren en leren constant bij.<\/span><\/div>\n<\/div>\n\n                            \n                        <\/div>\n                                            <div class=\"keyPointWrapper\">\n\n                                                            <div class=\"mediaContainer image\">\n                                    <img decoding=\"async\" src=\"https:\/\/ohme-ev.com\/be-nl\/wp-content\/uploads\/sites\/20\/2023\/08\/Icon_brave_master.svg\" alt=\"\" \/>\n                                <\/div>\n\n                            \n                            <h5 class=\"subtitle\">Durf<\/h5>\n                            <div class=\"copy\"><div><span lang=\"NL-BE\">We proberen nieuwe dingen en cre\u00ebren nieuwe mogelijkheden.<\/span><\/div>\n<\/div>\n\n                            \n                        <\/div>\n                                                <\/div>\n\n            <div class=\"cta-container\">\n                <div class=\"buttonsContainer\">\n                                    <\/div>\n            <\/div>\n\n        <\/div>\n    <\/div>\n\n<\/div>\n\n<div id=\"\" class=\"blockWrapper top-default bottom-default   \">\n\n    <div class=\"bgColour\">\n\n        <div class=\"threeColumnWrapper \">\n            <h2 class=\"title\">Ontmoet onze mensen<\/h2>\n            <p class=\"subtitle regular \" style=\"\">Wij geloven dat samenwerken als team voor de grootste impact zorgt. Maak daarom kennis met een aantal collega&#8217;s die onze missie om de wereldwijde overgang naar schone energie te versnellen aansturen.<\/p>\n            <div class=\"columnsContainer\">\n                                        <div class=\"column\">\n                            <div class=\"imageContainer \">\n                                                                    <img loading=\"lazy\" decoding=\"async\" width=\"334\" height=\"242\" src=\"https:\/\/ohme-ev.com\/be-nl\/wp-content\/uploads\/sites\/20\/2023\/12\/roberto-fauda-pichet-334x242.webp\" class=\"attachment-column_hero size-column_hero\" alt=\"\" srcset=\"https:\/\/ohme-ev.com\/be-nl\/wp-content\/uploads\/sites\/20\/2023\/12\/roberto-fauda-pichet-334x242.webp 334w, https:\/\/ohme-ev.com\/be-nl\/wp-content\/uploads\/sites\/20\/2023\/12\/roberto-fauda-pichet-300x217.webp 300w, https:\/\/ohme-ev.com\/be-nl\/wp-content\/uploads\/sites\/20\/2023\/12\/roberto-fauda-pichet-254x184.webp 254w, https:\/\/ohme-ev.com\/be-nl\/wp-content\/uploads\/sites\/20\/2023\/12\/roberto-fauda-pichet.webp 340w\" sizes=\"auto, (max-width: 334px) 100vw, 334px\" \/>\n                                                            <\/div>\n\n                            <div>\n                                <p class=\"label\">Pre Sales Ingenieur<\/p>\n                                <p class=\"subtitleColumn\">Roberto Fauda Pichet<\/p>\n                                <div class=\"body\"><p>\u201c<span lang=\"NL-BE\">Vanaf dag \u00e9\u00e9n was er een ondersteunend team dat me graag wilde helpen groeien. <\/span><span lang=\"NL-BE\">Wat me aanvankelijk aantrok, was de ambitieuze visie van het bedrijf voor het thuis laden van EV\u2019s. <\/span><span lang=\"NL-BE\">In onze dynamische kantooromgeving is het duidelijk dat Ohme de toekomst van het laden van EV\u2019s vertegenwoordigt, en ik vind het geweldig om daar deel van uit te maken.\u201d<\/span><\/p>\n<\/div>\n                            <\/div>\n                        <\/div>\n                                                <div class=\"column\">\n                            <div class=\"imageContainer \">\n                                                                    <img loading=\"lazy\" decoding=\"async\" width=\"334\" height=\"242\" src=\"https:\/\/ohme-ev.com\/be-nl\/wp-content\/uploads\/sites\/20\/2023\/12\/kimberley-pinheiro-334x242.webp\" class=\"attachment-column_hero size-column_hero\" alt=\"\" srcset=\"https:\/\/ohme-ev.com\/be-nl\/wp-content\/uploads\/sites\/20\/2023\/12\/kimberley-pinheiro-334x242.webp 334w, https:\/\/ohme-ev.com\/be-nl\/wp-content\/uploads\/sites\/20\/2023\/12\/kimberley-pinheiro-300x217.webp 300w, https:\/\/ohme-ev.com\/be-nl\/wp-content\/uploads\/sites\/20\/2023\/12\/kimberley-pinheiro-254x184.webp 254w, https:\/\/ohme-ev.com\/be-nl\/wp-content\/uploads\/sites\/20\/2023\/12\/kimberley-pinheiro.webp 340w\" sizes=\"auto, (max-width: 334px) 100vw, 334px\" \/>\n                                                            <\/div>\n\n                            <div>\n                                <p class=\"label\">Business Development Manager<\/p>\n                                <p class=\"subtitleColumn\">Kimberley Pinheiro<\/p>\n                                <div class=\"body\"><p>\u201c<span lang=\"NL-BE\">Ik besloot om bij Ohme te gaan werken omdat we de missie delen om van de wereld een betere plek te maken. Dit doen we door bij te dragen aan de wereldwijde overgang naar elektrische mobiliteit. <\/span><span lang=\"NL-BE\">Bovendien ben ik enthousiast over de uitdaging om ons merk internationaal uit te bouwen met de steun van een uitzonderlijk team. <\/span><span lang=\"NL-BE\">Samen boeken we vooruitgang op weg naar een duurzamere toekomst.\u201d<\/span><\/p>\n<\/div>\n                            <\/div>\n                        <\/div>\n                                                <div class=\"column\">\n                            <div class=\"imageContainer \">\n                                                                    <img loading=\"lazy\" decoding=\"async\" width=\"334\" height=\"242\" src=\"https:\/\/ohme-ev.com\/be-nl\/wp-content\/uploads\/sites\/20\/2023\/12\/thomas-mathieu-334x242.webp\" class=\"attachment-column_hero size-column_hero\" alt=\"\" srcset=\"https:\/\/ohme-ev.com\/be-nl\/wp-content\/uploads\/sites\/20\/2023\/12\/thomas-mathieu-334x242.webp 334w, https:\/\/ohme-ev.com\/be-nl\/wp-content\/uploads\/sites\/20\/2023\/12\/thomas-mathieu-300x217.webp 300w, https:\/\/ohme-ev.com\/be-nl\/wp-content\/uploads\/sites\/20\/2023\/12\/thomas-mathieu-254x184.webp 254w, https:\/\/ohme-ev.com\/be-nl\/wp-content\/uploads\/sites\/20\/2023\/12\/thomas-mathieu.webp 340w\" sizes=\"auto, (max-width: 334px) 100vw, 334px\" \/>\n                                                            <\/div>\n\n                            <div>\n                                <p class=\"label\">Business Development Manager<\/p>\n                                <p class=\"subtitleColumn\">Thomas Mathieu<\/p>\n                                <div class=\"body\"><p>\u201c<span lang=\"NL-BE\">Wat ik het meest waardeer in mijn baan bij Ohme is de overvloed aan mogelijkheden die voor me liggen. <\/span><span lang=\"NL-BE\">Vanaf de eerste dag voelde ik het enthousiasme voor vooruitgang, het streven naar uitmuntendheid en de toewijding om klanten de best mogelijke EV-laadervaring te bieden. Die dingen trokken me echt over de streep.\u201d<\/span><\/p>\n<p>&nbsp;<\/p>\n<\/div>\n                            <\/div>\n                        <\/div>\n                                    <\/div>\n                            <div class=\"buttonsContainer\">\n                    \n            <a href=\"https:\/\/ohme-ev.com\/be-nl\/vacatures\/\" target=\"_self\" >\n            <button class=\"ohme-btn secondaryLight button\" title=\"\">Wil jij ook deel uitmaken van de elektrische revolutie?<\/button>\n        <\/a>\n                    <\/div>\n                    <\/div>\n    <\/div>\n<\/div>","protected":false},"excerpt":{"rendered":"","protected":false},"author":1,"featured_media":0,"parent":0,"menu_order":0,"comment_status":"closed","ping_status":"closed","template":"","meta":{"_acf_changed":true,"_helpful_status":1,"footnotes":""},"partner":[],"class_list":["post-50","page","type-page","status-publish","hentry"],"acf":[],"yoast_head":"<!-- This site is optimized with the Yoast SEO Premium plugin v27.3 (Yoast SEO v27.3) - https:\/\/yoast.com\/product\/yoast-seo-premium-wordpress\/ -->\n<title>De wereld van Ohme - Ohme EV Belgi\u00eb<\/title>\n<meta name=\"robots\" content=\"index, follow, max-snippet:-1, max-image-preview:large, max-video-preview:-1\" \/>\n<link rel=\"canonical\" href=\"https:\/\/ohme-ev.com\/be-nl\/werken-bij-ohme\/\" \/>\n<meta property=\"og:locale\" content=\"nl_NL\" \/>\n<meta property=\"og:type\" content=\"article\" \/>\n<meta property=\"og:title\" content=\"De wereld van Ohme\" \/>\n<meta property=\"og:url\" content=\"https:\/\/ohme-ev.com\/be-nl\/werken-bij-ohme\/\" \/>\n<meta property=\"og:site_name\" content=\"Ohme EV Belgi\u00eb\" \/>\n<meta property=\"article:publisher\" content=\"https:\/\/www.facebook.com\/OhmeEV\/\" \/>\n<meta property=\"article:modified_time\" content=\"2025-03-03T10:00:08+00:00\" \/>\n<meta name=\"twitter:card\" content=\"summary_large_image\" \/>\n<meta name=\"twitter:site\" content=\"@ohmeev\" \/>\n<script type=\"application\/ld+json\" class=\"yoast-schema-graph\">{\"@context\":\"https:\\\/\\\/schema.org\",\"@graph\":[{\"@type\":\"WebPage\",\"@id\":\"https:\\\/\\\/ohme-ev.com\\\/be-nl\\\/werken-bij-ohme\\\/\",\"url\":\"https:\\\/\\\/ohme-ev.com\\\/be-nl\\\/werken-bij-ohme\\\/\",\"name\":\"De wereld van Ohme - Ohme EV Belgi\u00eb\",\"isPartOf\":{\"@id\":\"https:\\\/\\\/ohme-ev.com\\\/be-nl\\\/#website\"},\"datePublished\":\"2023-06-26T12:03:21+00:00\",\"dateModified\":\"2025-03-03T10:00:08+00:00\",\"breadcrumb\":{\"@id\":\"https:\\\/\\\/ohme-ev.com\\\/be-nl\\\/werken-bij-ohme\\\/#breadcrumb\"},\"inLanguage\":\"nl-be\",\"potentialAction\":[{\"@type\":\"ReadAction\",\"target\":[\"https:\\\/\\\/ohme-ev.com\\\/be-nl\\\/werken-bij-ohme\\\/\"]}]},{\"@type\":\"BreadcrumbList\",\"@id\":\"https:\\\/\\\/ohme-ev.com\\\/be-nl\\\/werken-bij-ohme\\\/#breadcrumb\",\"itemListElement\":[{\"@type\":\"ListItem\",\"position\":1,\"name\":\"Home\",\"item\":\"https:\\\/\\\/ohme-ev.com\\\/be-nl\\\/\"},{\"@type\":\"ListItem\",\"position\":2,\"name\":\"De wereld van Ohme\"}]},{\"@type\":\"WebSite\",\"@id\":\"https:\\\/\\\/ohme-ev.com\\\/be-nl\\\/#website\",\"url\":\"https:\\\/\\\/ohme-ev.com\\\/be-nl\\\/\",\"name\":\"Ohme EV Belgi\u00eb\",\"description\":\"Ohme - Slimme EV-laadoplossingen\",\"potentialAction\":[{\"@type\":\"SearchAction\",\"target\":{\"@type\":\"EntryPoint\",\"urlTemplate\":\"https:\\\/\\\/ohme-ev.com\\\/be-nl\\\/?s={search_term_string}\"},\"query-input\":{\"@type\":\"PropertyValueSpecification\",\"valueRequired\":true,\"valueName\":\"search_term_string\"}}],\"inLanguage\":\"nl-be\"}]}<\/script>\n<!-- \/ Yoast SEO Premium plugin. -->","yoast_head_json":{"title":"De wereld van Ohme - Ohme EV Belgi\u00eb","robots":{"index":"index","follow":"follow","max-snippet":"max-snippet:-1","max-image-preview":"max-image-preview:large","max-video-preview":"max-video-preview:-1"},"canonical":"https:\/\/ohme-ev.com\/be-nl\/werken-bij-ohme\/","og_locale":"nl_NL","og_type":"article","og_title":"De wereld van Ohme","og_url":"https:\/\/ohme-ev.com\/be-nl\/werken-bij-ohme\/","og_site_name":"Ohme EV Belgi\u00eb","article_publisher":"https:\/\/www.facebook.com\/OhmeEV\/","article_modified_time":"2025-03-03T10:00:08+00:00","twitter_card":"summary_large_image","twitter_site":"@ohmeev","schema":{"@context":"https:\/\/schema.org","@graph":[{"@type":"WebPage","@id":"https:\/\/ohme-ev.com\/be-nl\/werken-bij-ohme\/","url":"https:\/\/ohme-ev.com\/be-nl\/werken-bij-ohme\/","name":"De wereld van Ohme - Ohme EV Belgi\u00eb","isPartOf":{"@id":"https:\/\/ohme-ev.com\/be-nl\/#website"},"datePublished":"2023-06-26T12:03:21+00:00","dateModified":"2025-03-03T10:00:08+00:00","breadcrumb":{"@id":"https:\/\/ohme-ev.com\/be-nl\/werken-bij-ohme\/#breadcrumb"},"inLanguage":"nl-be","potentialAction":[{"@type":"ReadAction","target":["https:\/\/ohme-ev.com\/be-nl\/werken-bij-ohme\/"]}]},{"@type":"BreadcrumbList","@id":"https:\/\/ohme-ev.com\/be-nl\/werken-bij-ohme\/#breadcrumb","itemListElement":[{"@type":"ListItem","position":1,"name":"Home","item":"https:\/\/ohme-ev.com\/be-nl\/"},{"@type":"ListItem","position":2,"name":"De wereld van Ohme"}]},{"@type":"WebSite","@id":"https:\/\/ohme-ev.com\/be-nl\/#website","url":"https:\/\/ohme-ev.com\/be-nl\/","name":"Ohme EV Belgi\u00eb","description":"Ohme - Slimme EV-laadoplossingen","potentialAction":[{"@type":"SearchAction","target":{"@type":"EntryPoint","urlTemplate":"https:\/\/ohme-ev.com\/be-nl\/?s={search_term_string}"},"query-input":{"@type":"PropertyValueSpecification","valueRequired":true,"valueName":"search_term_string"}}],"inLanguage":"nl-be"}]}},"_links":{"self":[{"href":"https:\/\/ohme-ev.com\/be-nl\/wp-json\/wp\/v2\/pages\/50","targetHints":{"allow":["GET"]}}],"collection":[{"href":"https:\/\/ohme-ev.com\/be-nl\/wp-json\/wp\/v2\/pages"}],"about":[{"href":"https:\/\/ohme-ev.com\/be-nl\/wp-json\/wp\/v2\/types\/page"}],"author":[{"embeddable":true,"href":"https:\/\/ohme-ev.com\/be-nl\/wp-json\/wp\/v2\/users\/1"}],"replies":[{"embeddable":true,"href":"https:\/\/ohme-ev.com\/be-nl\/wp-json\/wp\/v2\/comments?post=50"}],"version-history":[{"count":0,"href":"https:\/\/ohme-ev.com\/be-nl\/wp-json\/wp\/v2\/pages\/50\/revisions"}],"wp:attachment":[{"href":"https:\/\/ohme-ev.com\/be-nl\/wp-json\/wp\/v2\/media?parent=50"}],"wp:term":[{"taxonomy":"partner","embeddable":true,"href":"https:\/\/ohme-ev.com\/be-nl\/wp-json\/wp\/v2\/partner?post=50"}],"curies":[{"name":"wp","href":"https:\/\/api.w.org\/{rel}","templated":true}]}}