{"id":2249,"date":"2023-06-26T12:01:28","date_gmt":"2023-06-26T12:01:28","guid":{"rendered":"https:\/\/ohme-cs-dev.local\/?page_id=42"},"modified":"2025-09-16T14:05:46","modified_gmt":"2025-09-16T14:05:46","slug":"professionele-partners","status":"publish","type":"page","link":"https:\/\/ohme-ev.com\/be-nl\/professionele-partners\/","title":{"rendered":"Business partnerships"},"content":{"rendered":"<div class=\"image-text-hero with-image gradient-enabled gradient-vertical has-mobile-bg\" style=\"--bg-desktop: url(&#039;https:\/\/ohme-ev.com\/be-nl\/wp-content\/uploads\/sites\/20\/2025\/09\/Mobility-page-Desktop1x.webp&#039;); --bg-mobile: url(&#039;https:\/\/ohme-ev.com\/be-nl\/wp-content\/uploads\/sites\/20\/2025\/09\/Mobility-page-Mobile1x.webp&#039;);\">\n\n    <div class=\"contentWrapper imageRight mobile-image-bottom\">\n        <div class=\"content-container\">\n            <div class=\"wrapper\">\n                                    <h1>Zakelijke partnerschappen<\/h1>\n                \n                \n                                    <p><p>Enkele van de grootste bedrijven binnen de sector vertrouwen op ons om hun klanten slimme en gebruiksvriendelijke thuisladers te leveren. Of je nu een autofabrikant, energieleverancier of een projectontwikkelaar bent &#8211; wij hebben het juiste EV-laadaanbod voor jou.<\/p>\n<\/p>\n                \n                \n            <a href=\"https:\/\/ohme-ev.com\/be-nl\/word-een-ohme-partner\/\" target=\"_self\" >\n            <button class=\"ohme-btn secondaryDark button\" title=\"\">Vraag nu meer informatie aan<\/button>\n        <\/a>\n    \n                            <\/div>\n        <\/div>\n\n        <div class=\"image-container\">\n            \n                    <\/div>\n    <\/div>\n\n    <\/div>\n\n<div id=\"\" class=\"blockWrapper top-default bottom-default   \">\n\n    <div class=\"\">\n\n        <div class=\"threeColumnWrapper \">\n            <h2 class=\"title\">Waarom samenwerken met Ohme?<\/h2>\n            <p class=\"subtitle regular \" style=\"\">Slim met de hoofletter S &#8211; haal meer uit je elektrische wagen met onze slimme, gebruiksvriendelijke en toekomstbestendige laadtechnologie.<\/p>\n            <div class=\"columnsContainer\">\n                                        <div class=\"column\">\n                            <div class=\"imageContainer \">\n                                                                    <img loading=\"lazy\" decoding=\"async\" width=\"334\" height=\"242\" src=\"https:\/\/ohme-ev.com\/be-nl\/wp-content\/uploads\/sites\/20\/2023\/07\/3-image-module_ePod-zoom_master.png\" class=\"attachment-column_hero size-column_hero\" alt=\"\" srcset=\"https:\/\/ohme-ev.com\/be-nl\/wp-content\/uploads\/sites\/20\/2023\/07\/3-image-module_ePod-zoom_master.png 680w, https:\/\/ohme-ev.com\/be-nl\/wp-content\/uploads\/sites\/20\/2023\/07\/3-image-module_ePod-zoom_master-300x217.png 300w, https:\/\/ohme-ev.com\/be-nl\/wp-content\/uploads\/sites\/20\/2023\/07\/3-image-module_ePod-zoom_master-622x450.png 622w\" sizes=\"auto, (max-width: 334px) 100vw, 334px\" \/>\n                                                            <\/div>\n\n                            <div>\n                                <p class=\"label\"><\/p>\n                                <p class=\"subtitleColumn\">Unieke technologie<\/p>\n                                <div class=\"body\"><p>Onze laadoplossingen geven je meer controle om het meeste uit je elektrische wagen te halen. Je stelt ze eenvoudig in om op de goedkoopste tijdstippen te laden en zij zorgen ervoor dat je wagen opgeladen is wanneer je hem nodig hebt. Zo simpel is het!<\/p>\n<\/div>\n                            <\/div>\n                        <\/div>\n                                                <div class=\"column\">\n                            <div class=\"imageContainer \">\n                                                                    <img loading=\"lazy\" decoding=\"async\" width=\"340\" height=\"204\" src=\"https:\/\/ohme-ev.com\/be-nl\/wp-content\/uploads\/sites\/20\/2023\/08\/Card-header_Blerina-ePod-phone_master.png\" class=\"attachment-column_hero size-column_hero\" alt=\"\" srcset=\"https:\/\/ohme-ev.com\/be-nl\/wp-content\/uploads\/sites\/20\/2023\/08\/Card-header_Blerina-ePod-phone_master.png 1020w, https:\/\/ohme-ev.com\/be-nl\/wp-content\/uploads\/sites\/20\/2023\/08\/Card-header_Blerina-ePod-phone_master-300x180.png 300w, https:\/\/ohme-ev.com\/be-nl\/wp-content\/uploads\/sites\/20\/2023\/08\/Card-header_Blerina-ePod-phone_master-768x461.png 768w, https:\/\/ohme-ev.com\/be-nl\/wp-content\/uploads\/sites\/20\/2023\/08\/Card-header_Blerina-ePod-phone_master-750x450.png 750w\" sizes=\"auto, (max-width: 340px) 100vw, 340px\" \/>\n                                                            <\/div>\n\n                            <div>\n                                <p class=\"label\"><\/p>\n                                <p class=\"subtitleColumn\">E\u00e9n complete oplossing<\/p>\n                                <div class=\"body\"><p><span lang=\"NL-BE\">Wij zorgen voor alles.<\/span>\u00a0Inclusief de installatie van je lader.\u00a0<span lang=\"NL-BE\">Wij garanderen een veilige installatie van hoge kwaliteit door \u00e9\u00e9n van onze erkende Ohme-installatiepartners.<\/span><\/p>\n<\/div>\n                            <\/div>\n                        <\/div>\n                                                <div class=\"column\">\n                            <div class=\"imageContainer \">\n                                                                    <img loading=\"lazy\" decoding=\"async\" width=\"334\" height=\"242\" src=\"https:\/\/ohme-ev.com\/be-nl\/wp-content\/uploads\/sites\/20\/2024\/12\/3-Image-Module-Life-at-Ohme-334x242.webp\" class=\"attachment-column_hero size-column_hero\" alt=\"\" srcset=\"https:\/\/ohme-ev.com\/be-nl\/wp-content\/uploads\/sites\/20\/2024\/12\/3-Image-Module-Life-at-Ohme-334x242.webp 334w, https:\/\/ohme-ev.com\/be-nl\/wp-content\/uploads\/sites\/20\/2024\/12\/3-Image-Module-Life-at-Ohme-300x217.webp 300w, https:\/\/ohme-ev.com\/be-nl\/wp-content\/uploads\/sites\/20\/2024\/12\/3-Image-Module-Life-at-Ohme-254x184.webp 254w, https:\/\/ohme-ev.com\/be-nl\/wp-content\/uploads\/sites\/20\/2024\/12\/3-Image-Module-Life-at-Ohme.webp 680w\" sizes=\"auto, (max-width: 334px) 100vw, 334px\" \/>\n                                                            <\/div>\n\n                            <div>\n                                <p class=\"label\"><\/p>\n                                <p class=\"subtitleColumn\">Naadloze service<\/p>\n                                <div class=\"body\"><p><span lang=\"NL-BE\">Wij zijn gek van onze klanten en vinden dan ook dat de overstap naar elektrisch rijden voor hen zo gemakkelijk mogelijk moet zijn.\u00a0<\/span>Ons team van experts staat klaar om je bij elke stap te begeleiden en je laadervaring te optimaliseren.<\/p>\n<\/div>\n                            <\/div>\n                        <\/div>\n                                    <\/div>\n                    <\/div>\n    <\/div>\n<\/div>\n\n<div id=\"\" class=\"blockWrapper top-default bottom-default   \">\n\n\n<div class=\" keyStatsBlock\">\n  <div class=\"contentWrapper stats\">\n    <h3 class=\"title\">Enkele cijfers<\/h3>\n    <div class=\"statsContainer\">\n                <div class=\"statWrapper\">\n            <h1 class=\"stat\">15 <\/h1>\n            <p class=\"copy\">partnerships met autofabrikanten<\/p>\n          <\/div>\n\n                <div class=\"statWrapper\">\n            <h1 class=\"stat\">900 <\/h1>\n            <p class=\"copy\">partnerships met autodealers<\/p>\n          <\/div>\n\n                <div class=\"statWrapper\">\n            <h1 class=\"stat\">10+ <\/h1>\n            <p class=\"copy\">partnerships met leasemaatschappijen en makelaars<\/p>\n          <\/div>\n\n          <\/div>\n  <\/div>\n<\/div>\n<\/div>\n\n<div id=\"\" class=\"blockWrapper top-default bottom-default   \">\n\n<div class=\"text-image-right bg-darkblue\">\n    <div class=\"inner\">\n        <div class=\"text-content\">\n                        <h3 class=\"title\">Offici\u00eble oplaadpartner van Audi UK<\/h3>\n                        <div class=\"text\"><h3><span lang=\"NL-BE\">Aanbod op maat voor het opladen van elektrische voertuigen<\/span><\/h3>\n<p><span lang=\"NL-BE\"><span lang=\"NL-BE\">Audi gaf ons het vertrouwen en biedt zijn klanten in het Verenigd Koninkrijk en Ierland nu Ohme-laders aan aan een verlaagd tarief. <\/span><\/span><span lang=\"NL-BE\">Zo is onze technologie naadloos ge\u00efntegreerd in Audi\u2019s aanbod van nieuwe en gebruikte elektrische wagens.<\/span><\/p>\n<h3>Training en activering<\/h3>\n<p><span lang=\"NL-BE\"><span lang=\"NL-BE\">We begeleiden de teams van Audi en rusten hun concessiehouders uit met laders zodat ze klanten een duidelijke demo kunnen geven.\u00a0 Daarnaast trainen we de Audi-medewerkers in het gebruik van een online platform dat ervoor zorgt dat het beheren van offerteaanvragen een fluitje van een cent wordt.<\/span><\/span><\/p>\n<h3><span lang=\"NL-BE\">Complete en op maat gemaakte service<\/span><\/h3>\n<p><span lang=\"NL-BE\"><span lang=\"NL-BE\">Onze prioriteit was om ervoor te zorgen dat de Audi teams vertrouwd raakten met onze producten en het aanbod dat we samen ontwikkelden. <\/span><\/span>Dankzij onze kant-en-klare en modulaire oplossing konden we Audi gemakkelijk ondersteunen en voldoen aan hun specifieke behoeften en verkoopmodel.<\/p>\n<\/div>\n                                                <div class=\"buttons\">\n                                    \n                                <\/div>\n                                <\/div>\n        <div class=\"media-content\">\n                        <img decoding=\"async\" loading=\"lazy\" src=\"https:\/\/ohme-ev.com\/be-nl\/wp-content\/uploads\/sites\/20\/2023\/02\/6760_Audi_HomePro_front.jpg\" alt=\"Audi e-tron Gt Ireland Ohme Home Pro EV charger\" \/>\n                    <\/div>\n    <\/div>\n<\/div>\n\n<\/div>\n\n<div id=\"\" class=\"blockWrapper top-default bottom-default   \">\n\n\n<div class=\"contentWrapper textImageLeft  image\">\n            <div class=\"imageContainer\">\n            <img decoding=\"async\" loading=\"lazy\" src=\"https:\/\/ohme-ev.com\/be-nl\/wp-content\/uploads\/sites\/20\/2023\/08\/Large-inset-header_solar-field_master.png\" alt=\"Solar panels in a green field\"\/>\n        <\/div>\n\n        <div class=\"textContainer\">\n        <h3 class=\"title\">Samenwerken met Octopus Energy in het Verenigd Koninkrijk<\/h3>\n        <h4 class=\"subtitle regular\"><\/h4>\n        <div class=\"text\"><h3><span lang=\"NL-BE\">Slimme partner voor het opladen van elektrische voertuigen <\/span><\/h3>\n<p>Octopus Energy, een van de grootste energieleveranciers van het Verenigd Koninkrijk, heeft Ohme gekozen als erkende leverancier van laadpunten zodat hun klanten thuis makkelijk en slim hun voertuigen kunnen opladen.<\/p>\n<h3><span lang=\"NL-BE\">Eenvoudige integratie van energietarieven <\/span><\/h3>\n<p><span lang=\"NL-BE\">De daluren van Octopus Energy bieden chauffeurs de keuze uit vaste of flexibele uren. <\/span>De Ohme-laders zijn in staat om te integreren met elk energietarief, waardoor eigenaars van elektrische voertuigen automatisch goedkoper kunnen laden, welke wagen en welk tarief ze ook hebben.<\/p>\n<h3><span lang=\"NL-BE\">Vraag en aanbod in evenwicht brengen<\/span><\/h3>\n<p><span lang=\"NL-BE\">De flexibiliteit van de Ohme-technologie stelt Octopus Energy, en andere elektriciteitsleveranciers, in staat om laden tijdens pieken in het energieverbruik te vermijden. <\/span>Ohme-laders kunnen dus de slimste en voordeligste laadtijden aanbieden voor zowel klanten als providers. <span lang=\"NL-BE\">Voor intelligenter, kosteneffectiever en milieuverantwoord laden.<\/span><\/p>\n<\/div>\n        <div class=\"buttonsContainer\">\n                    <\/div>\n            <\/div>\n<\/div>\n<\/div>\n\n<div id=\"\" class=\"blockWrapper top-default bottom-default   \">\n\n<div class=\"text-image-right bg-darkblue\">\n    <div class=\"inner\">\n        <div class=\"text-content\">\n                        <h3 class=\"title\">Samenwerken met Harron Homes<\/h3>\n                        <div class=\"text\"><h3><span lang=\"NL-BE\">Huiseigenaren klaarstomen voor de toekomst <\/span><\/h3>\n<p><span lang=\"NL-BE\">Ohme is de laadpartner van talrijke huisvestingsontwikkelaars in het Verenigd Koninkrijk, waaronder Harron Homes. <\/span>Harron Homes plaatst de Ohme ePod in al haar nieuwe woningen en geeft huiseigenaren zo het gemak van een private lader.<\/p>\n<h3><span lang=\"NL-BE\">Conform de voorschriften <\/span><\/h3>\n<p><span lang=\"NL-BE\">Onze unieke laadtechnologie voldoet volledig aan de nieuwste voorschriften en wetgeving van de overheid. <\/span>We hebben nauw samengewerkt met Harron Homes om hen te helpen hun ontwikkelingen toekomstbestendig te maken voor hun klanten.<\/p>\n<h3><span lang=\"NL-BE\">Advies van begin tot eind <\/span><\/h3>\n<p><span lang=\"NL-BE\">Van begeleiding bij de installatie en plaatsing van hardware tot elektrische vereisten, de experts van Ohme hebben een laadstrategie op maat geleverd voor Harron Homes. Het resultaat? Een oplossing op maat die het beste biedt voor vastgoed in aanbouw.<\/span><\/p>\n<\/div>\n                                                        <\/div>\n        <div class=\"media-content\">\n                        <img decoding=\"async\" loading=\"lazy\" src=\"https:\/\/ohme-ev.com\/be-nl\/wp-content\/uploads\/sites\/20\/2023\/12\/50x50_BE-header_master.webp\" alt=\"\" \/>\n                    <\/div>\n    <\/div>\n<\/div>\n\n<\/div>\n\n<div id=\"\" class=\"blockWrapper top-default bottom-default   \">\n\n\n    <div class=\"featuresWrapper\">\n        <div class=\"contentWrapper features\">\n            <h3 class=\"title\">Hoogwaardige laders waarop je kunt vertrouwen<\/h3>\n            <p class=\"subtitle\"><\/p>\n            <div class=\"featuresContainer\">\n                                        <div class=\"featureWrapper\">\n                            <div class=\"iconContainer\">\n                                <img decoding=\"async\" src=\"https:\/\/ohme-ev.com\/be-nl\/wp-content\/uploads\/sites\/20\/2023\/07\/Tick.svg\" alt=\"\"\/>\n                            <\/div>\n                            <p class=\"copy\">Veilige en snelle installatie<\/p>\n                        <\/div>\n\n                                                <div class=\"featureWrapper\">\n                            <div class=\"iconContainer\">\n                                <img decoding=\"async\" src=\"https:\/\/ohme-ev.com\/be-nl\/wp-content\/uploads\/sites\/20\/2023\/07\/Tick.svg\" alt=\"\"\/>\n                            <\/div>\n                            <p class=\"copy\">Sneller laden dan via een standaardstopcontact<\/p>\n                        <\/div>\n\n                                                <div class=\"featureWrapper\">\n                            <div class=\"iconContainer\">\n                                <img decoding=\"async\" src=\"https:\/\/ohme-ev.com\/be-nl\/wp-content\/uploads\/sites\/20\/2023\/07\/Tick.svg\" alt=\"\"\/>\n                            <\/div>\n                            <p class=\"copy\">Uitzonderlijke klantenondersteuning<\/p>\n                        <\/div>\n\n                                                <div class=\"featureWrapper\">\n                            <div class=\"iconContainer\">\n                                <img decoding=\"async\" src=\"https:\/\/ohme-ev.com\/be-nl\/wp-content\/uploads\/sites\/20\/2023\/07\/Tick.svg\" alt=\"\"\/>\n                            <\/div>\n                            <p class=\"copy\">Eenvoudig in te stellen voor betrouwbaar opladen tijdens de goedkoopste uren<\/p>\n                        <\/div>\n\n                                                <div class=\"featureWrapper\">\n                            <div class=\"iconContainer\">\n                                <img decoding=\"async\" src=\"https:\/\/ohme-ev.com\/be-nl\/wp-content\/uploads\/sites\/20\/2023\/07\/Tick.svg\" alt=\"\"\/>\n                            <\/div>\n                            <p class=\"copy\">Standaard load managment (modelafhankelijk)<\/p>\n                        <\/div>\n\n                                                <div class=\"featureWrapper\">\n                            <div class=\"iconContainer\">\n                                <img decoding=\"async\" src=\"https:\/\/ohme-ev.com\/be-nl\/wp-content\/uploads\/sites\/20\/2023\/07\/Tick.svg\" alt=\"\"\/>\n                            <\/div>\n                            <p class=\"copy\">ISO 9001, ISO 27001 gecertificeerd<\/p>\n                        <\/div>\n\n                                    <\/div>\n            \n\n        <\/div>\n    <\/div>\n<\/div>\n\n<div id=\"\" class=\"blockWrapper top-default bottom-default   \">\n\n<div class=\"info bg-darkgreen\">\n    <div class=\"contentWrapper\">\n                    <h2>\n                Samenwerken met Ohme            <\/h2>\n                <div class=\"text\">\n            <div><span lang=\"NL-BE\">Samenwerken met Ohme maakt de overstap naar een elektrisch voertuig een makkie &#8211; zowel voor jou als voor je klanten. <\/span>Neem contact op met \u00e9\u00e9n van onze experts om je noden te bespreken en ontdek hoe onze unieke technologie kan worden ge\u00efntegreerd in je aanbod voor elektrische voertuigen.<\/div>\n<p><span lang=\"NL-BE\">Wij hebben de expertise om jouw ambities op schaal te realiseren.<\/span><\/p>\n        <\/div>\n                        <div class=\"buttonsWrapper\">\n                        \n            <a href=\"https:\/\/ohme-ev.com\/be-nl\/word-een-ohme-partner\/\" target=\"_self\" >\n            <button class=\"ohme-btn primary button\" title=\"\">Vraag nu meer informatie aan<\/button>\n        <\/a>\n                        <\/div>\n            <\/div>\n<\/div>\n\n<\/div>","protected":false},"excerpt":{"rendered":"","protected":false},"author":1,"featured_media":0,"parent":0,"menu_order":0,"comment_status":"closed","ping_status":"closed","template":"","meta":{"_acf_changed":true,"_helpful_status":1,"footnotes":""},"partner":[],"class_list":["post-2249","page","type-page","status-publish","hentry"],"acf":[],"yoast_head":"<!-- This site is optimized with the Yoast SEO Premium plugin v27.5 (Yoast SEO v27.5) - https:\/\/yoast.com\/product\/yoast-seo-premium-wordpress\/ -->\n<title>Business partnerships - Ohme EV Belgi\u00eb<\/title>\n<meta name=\"robots\" content=\"index, follow, max-snippet:-1, max-image-preview:large, max-video-preview:-1\" \/>\n<link rel=\"canonical\" href=\"https:\/\/ohme-ev.com\/be-nl\/professionele-partners\/\" \/>\n<meta property=\"og:locale\" content=\"nl_NL\" \/>\n<meta property=\"og:type\" content=\"article\" \/>\n<meta property=\"og:title\" content=\"Business partnerships\" \/>\n<meta property=\"og:url\" content=\"https:\/\/ohme-ev.com\/be-nl\/professionele-partners\/\" \/>\n<meta property=\"og:site_name\" content=\"Ohme EV Belgi\u00eb\" \/>\n<meta property=\"article:publisher\" content=\"https:\/\/www.facebook.com\/OhmeEV\/\" \/>\n<meta property=\"article:modified_time\" content=\"2025-09-16T14:05:46+00:00\" \/>\n<meta name=\"twitter:card\" content=\"summary_large_image\" \/>\n<meta name=\"twitter:site\" content=\"@ohmeev\" \/>\n<script type=\"application\/ld+json\" class=\"yoast-schema-graph\">{\"@context\":\"https:\\\/\\\/schema.org\",\"@graph\":[{\"@type\":\"WebPage\",\"@id\":\"https:\\\/\\\/ohme-ev.com\\\/be-nl\\\/professionele-partners\\\/\",\"url\":\"https:\\\/\\\/ohme-ev.com\\\/be-nl\\\/professionele-partners\\\/\",\"name\":\"Business partnerships - Ohme EV Belgi\u00eb\",\"isPartOf\":{\"@id\":\"https:\\\/\\\/ohme-ev.com\\\/be-nl\\\/#website\"},\"datePublished\":\"2023-06-26T12:01:28+00:00\",\"dateModified\":\"2025-09-16T14:05:46+00:00\",\"breadcrumb\":{\"@id\":\"https:\\\/\\\/ohme-ev.com\\\/be-nl\\\/professionele-partners\\\/#breadcrumb\"},\"inLanguage\":\"nl-be\",\"potentialAction\":[{\"@type\":\"ReadAction\",\"target\":[\"https:\\\/\\\/ohme-ev.com\\\/be-nl\\\/professionele-partners\\\/\"]}]},{\"@type\":\"BreadcrumbList\",\"@id\":\"https:\\\/\\\/ohme-ev.com\\\/be-nl\\\/professionele-partners\\\/#breadcrumb\",\"itemListElement\":[{\"@type\":\"ListItem\",\"position\":1,\"name\":\"Home\",\"item\":\"https:\\\/\\\/ohme-ev.com\\\/be-nl\\\/\"},{\"@type\":\"ListItem\",\"position\":2,\"name\":\"Business partnerships\"}]},{\"@type\":\"WebSite\",\"@id\":\"https:\\\/\\\/ohme-ev.com\\\/be-nl\\\/#website\",\"url\":\"https:\\\/\\\/ohme-ev.com\\\/be-nl\\\/\",\"name\":\"Ohme EV Belgi\u00eb\",\"description\":\"Ohme - Slimme EV-laadoplossingen\",\"potentialAction\":[{\"@type\":\"SearchAction\",\"target\":{\"@type\":\"EntryPoint\",\"urlTemplate\":\"https:\\\/\\\/ohme-ev.com\\\/be-nl\\\/?s={search_term_string}\"},\"query-input\":{\"@type\":\"PropertyValueSpecification\",\"valueRequired\":true,\"valueName\":\"search_term_string\"}}],\"inLanguage\":\"nl-be\"}]}<\/script>\n<!-- \/ Yoast SEO Premium plugin. -->","yoast_head_json":{"title":"Business partnerships - Ohme EV Belgi\u00eb","robots":{"index":"index","follow":"follow","max-snippet":"max-snippet:-1","max-image-preview":"max-image-preview:large","max-video-preview":"max-video-preview:-1"},"canonical":"https:\/\/ohme-ev.com\/be-nl\/professionele-partners\/","og_locale":"nl_NL","og_type":"article","og_title":"Business partnerships","og_url":"https:\/\/ohme-ev.com\/be-nl\/professionele-partners\/","og_site_name":"Ohme EV Belgi\u00eb","article_publisher":"https:\/\/www.facebook.com\/OhmeEV\/","article_modified_time":"2025-09-16T14:05:46+00:00","twitter_card":"summary_large_image","twitter_site":"@ohmeev","schema":{"@context":"https:\/\/schema.org","@graph":[{"@type":"WebPage","@id":"https:\/\/ohme-ev.com\/be-nl\/professionele-partners\/","url":"https:\/\/ohme-ev.com\/be-nl\/professionele-partners\/","name":"Business partnerships - Ohme EV Belgi\u00eb","isPartOf":{"@id":"https:\/\/ohme-ev.com\/be-nl\/#website"},"datePublished":"2023-06-26T12:01:28+00:00","dateModified":"2025-09-16T14:05:46+00:00","breadcrumb":{"@id":"https:\/\/ohme-ev.com\/be-nl\/professionele-partners\/#breadcrumb"},"inLanguage":"nl-be","potentialAction":[{"@type":"ReadAction","target":["https:\/\/ohme-ev.com\/be-nl\/professionele-partners\/"]}]},{"@type":"BreadcrumbList","@id":"https:\/\/ohme-ev.com\/be-nl\/professionele-partners\/#breadcrumb","itemListElement":[{"@type":"ListItem","position":1,"name":"Home","item":"https:\/\/ohme-ev.com\/be-nl\/"},{"@type":"ListItem","position":2,"name":"Business partnerships"}]},{"@type":"WebSite","@id":"https:\/\/ohme-ev.com\/be-nl\/#website","url":"https:\/\/ohme-ev.com\/be-nl\/","name":"Ohme EV Belgi\u00eb","description":"Ohme - Slimme EV-laadoplossingen","potentialAction":[{"@type":"SearchAction","target":{"@type":"EntryPoint","urlTemplate":"https:\/\/ohme-ev.com\/be-nl\/?s={search_term_string}"},"query-input":{"@type":"PropertyValueSpecification","valueRequired":true,"valueName":"search_term_string"}}],"inLanguage":"nl-be"}]}},"_links":{"self":[{"href":"https:\/\/ohme-ev.com\/be-nl\/wp-json\/wp\/v2\/pages\/2249","targetHints":{"allow":["GET"]}}],"collection":[{"href":"https:\/\/ohme-ev.com\/be-nl\/wp-json\/wp\/v2\/pages"}],"about":[{"href":"https:\/\/ohme-ev.com\/be-nl\/wp-json\/wp\/v2\/types\/page"}],"author":[{"embeddable":true,"href":"https:\/\/ohme-ev.com\/be-nl\/wp-json\/wp\/v2\/users\/1"}],"replies":[{"embeddable":true,"href":"https:\/\/ohme-ev.com\/be-nl\/wp-json\/wp\/v2\/comments?post=2249"}],"version-history":[{"count":0,"href":"https:\/\/ohme-ev.com\/be-nl\/wp-json\/wp\/v2\/pages\/2249\/revisions"}],"wp:attachment":[{"href":"https:\/\/ohme-ev.com\/be-nl\/wp-json\/wp\/v2\/media?parent=2249"}],"wp:term":[{"taxonomy":"partner","embeddable":true,"href":"https:\/\/ohme-ev.com\/be-nl\/wp-json\/wp\/v2\/partner?post=2249"}],"curies":[{"name":"wp","href":"https:\/\/api.w.org\/{rel}","templated":true}]}}