{"id":4805,"date":"2025-05-09T11:31:22","date_gmt":"2025-05-09T11:31:22","guid":{"rendered":"https:\/\/ohme-ev.com\/be-nl\/?page_id=3933"},"modified":"2026-04-01T09:13:41","modified_gmt":"2026-04-01T09:13:41","slug":"supports-techniques-pour-les-installateurs","status":"publish","type":"page","link":"https:\/\/ohme-ev.com\/be-fr\/supports-techniques-pour-les-installateurs\/","title":{"rendered":"Supports techniques pour les installateurs"},"content":{"rendered":"<div class=\"image-text-hero with-colour\" style=\"background-color: #032536;\">\n\n    <div class=\"contentWrapper imageRight mobile-image-bottom\">\n        <div class=\"content-container\">\n            <div class=\"wrapper\">\n                                    <h1>Supports techniques pour les installateurs<\/h1>\n                \n                \n                \n                \n\n                            <\/div>\n        <\/div>\n\n        <div class=\"image-container\">\n                            <div class=\"image-wrapper\">\n                    <img decoding=\"async\" src=\"https:\/\/ohme-ev.com\/be-fr\/wp-content\/uploads\/sites\/19\/2023\/08\/Support_wires-close-up-header_UK.jpg\" alt=\"Hand holding electrical wires and wire cutters\" \/>\n                <\/div>\n            \n                    <\/div>\n    <\/div>\n\n    <\/div>\n\n<div id=\"\" class=\"blockWrapper top-default bottom-none   \">\n\n\n<div class=\"contentWrapper textImageLeft  image\">\n            <div class=\"imageContainer\">\n            <img decoding=\"async\" loading=\"lazy\" src=\"https:\/\/ohme-ev.com\/be-fr\/wp-content\/uploads\/sites\/19\/2023\/08\/Support_Anytime-header_UK.jpg\" alt=\"Person using the Ohme Home Pro charger installed on a brick wall\"\/>\n        <\/div>\n\n        <div class=\"textContainer\">\n        <h3 class=\"title larger\">Fiches techniques<\/h3>\n        <h4 class=\"subtitle regular\"><\/h4>\n        <div class=\"text\"><p>Vous trouverez sur ces fiches toutes les sp\u00e9cifications techniques et m\u00e9caniques de nos produits.<\/p>\n<\/div>\n        <div class=\"buttonsContainer\">\n                    <\/div>\n            <\/div>\n<\/div>\n<\/div>\n\n<!-- start block wrapper top -->\n<div id=\"\" class=\"blockWrapper top-none bottom-default   \">\n<!-- end block wrapper top -->\n\n\n<!-- \/\/\/\/\/\/\/\/\/  start block  \/\/\/\/\/\/\/\/\/ -->\n\n<div class=\"block documents contentWrapper\">\n  <h6>\n    Technische fiches  <\/h6>\n  <hr>\n  <div class=\"files\">\n                  <a download href=\"https:\/\/ohme-ev.com\/be-fr\/wp-content\/uploads\/sites\/19\/2026\/03\/March-26-Ohme-Go-3_BEFR.pdf\">\n\n        <div class=\"file\">\n          <div class=\"file__wrapper\">\n          <p class=\"file__wrapper__name\">\n            Ohme Go          <\/p>\n          <p class=\"file__wrapper__type\">\n            pdf          <\/p>\n          <\/div>\n\n        <\/div>\n      <\/a>\n\n                <a download href=\"https:\/\/ohme-ev.com\/be-fr\/wp-content\/uploads\/sites\/19\/2026\/03\/March-26-BE-FR_HomePro_7kW_STD_Product_Data_Sheet_.pdf\">\n\n        <div class=\"file\">\n          <div class=\"file__wrapper\">\n          <p class=\"file__wrapper__name\">\n            Ohme Home Pro 7kW          <\/p>\n          <p class=\"file__wrapper__type\">\n            pdf          <\/p>\n          <\/div>\n\n        <\/div>\n      <\/a>\n\n                <a download href=\"https:\/\/ohme-ev.com\/be-fr\/wp-content\/uploads\/sites\/19\/2026\/03\/March-26-BE-FR_HomePro_11kW_STD_Product_Data_Sheet_.pdf\">\n\n        <div class=\"file\">\n          <div class=\"file__wrapper\">\n          <p class=\"file__wrapper__name\">\n            Ohme Home Pro 11kW          <\/p>\n          <p class=\"file__wrapper__type\">\n            pdf          <\/p>\n          <\/div>\n\n        <\/div>\n      <\/a>\n\n                <a download href=\"https:\/\/ohme-ev.com\/be-fr\/wp-content\/uploads\/sites\/19\/2026\/03\/March-26-BEFR_HomePro_11kW_DELTA_Product_data_sheet.pdf\">\n\n        <div class=\"file\">\n          <div class=\"file__wrapper\">\n          <p class=\"file__wrapper__name\">\n            Ohme Home Pro 11kW Delta Grid          <\/p>\n          <p class=\"file__wrapper__type\">\n            pdf          <\/p>\n          <\/div>\n\n        <\/div>\n      <\/a>\n\n                <a download href=\"https:\/\/ohme-ev.com\/be-fr\/wp-content\/uploads\/sites\/19\/2026\/04\/March-26-BE-FR_HomePro_11kW_MID_Product_Data_Sheet_.pdf\">\n\n        <div class=\"file\">\n          <div class=\"file__wrapper\">\n          <p class=\"file__wrapper__name\">\n            Ohme Home Pro 11 MID          <\/p>\n          <p class=\"file__wrapper__type\">\n            pdf          <\/p>\n          <\/div>\n\n        <\/div>\n      <\/a>\n\n                <a download href=\"https:\/\/ohme-ev.com\/be-fr\/wp-content\/uploads\/sites\/19\/2026\/03\/March-26-BE-FR_ePod_22kW_Datasheet.pdf\">\n\n        <div class=\"file\">\n          <div class=\"file__wrapper\">\n          <p class=\"file__wrapper__name\">\n            Ohme ePod 22kW          <\/p>\n          <p class=\"file__wrapper__type\">\n            pdf          <\/p>\n          <\/div>\n\n        <\/div>\n      <\/a>\n\n        <\/div>\n\n<\/div>\n<!-- \/\/\/\/\/\/\/\/\/  end block  \/\/\/\/\/\/\/\/\/ -->\n\n\n<!-- start block wrapper bottom -->\n<\/div><!-- end block wrapper bottom -->\n\n<div id=\"\" class=\"blockWrapper top-default bottom-default   \">\n\n<div class=\"text-image-right bg-darkblue\">\n    <div class=\"inner\">\n        <div class=\"text-content\">\n                        <h3 class=\"title larger\">Manuels<\/h3>\n                        <div class=\"text\"><p>Vous avez besoin d&#8217;informations plus d\u00e9taill\u00e9es sur nos produits et leur installation ? T\u00e9l\u00e9chargez nos manuels ci-dessous.<\/p>\n<\/div>\n                                                <div class=\"buttons\">\n                                    \n            <a href=\"https:\/\/ohme-ev.com\/be-fr\/aide\/manuels-d-utilisation\/\" target=\"_blank\" rel=\"noopener\">\n            <button class=\"ohme-btn primary button external\" title=\"\">Manuels<\/button>\n        <\/a>\n                                <\/div>\n                                <\/div>\n        <div class=\"media-content\">\n                        <img decoding=\"async\" loading=\"lazy\" src=\"https:\/\/ohme-ev.com\/be-fr\/wp-content\/uploads\/sites\/19\/2025\/05\/Mokka_Lifestyle_with_belina_plugin-ezgif.com-jpg-to-webp-converter.webp\" alt=\"\" \/>\n                    <\/div>\n    <\/div>\n<\/div>\n\n<\/div>\n\n\n<p><\/p>\n","protected":false},"excerpt":{"rendered":"","protected":false},"author":38,"featured_media":0,"parent":0,"menu_order":0,"comment_status":"closed","ping_status":"closed","template":"","meta":{"_acf_changed":true,"_helpful_status":1,"footnotes":""},"partner":[],"class_list":["post-4805","page","type-page","status-publish","hentry"],"acf":[],"yoast_head":"<!-- This site is optimized with the Yoast SEO Premium plugin v27.4 (Yoast SEO v27.4) - https:\/\/yoast.com\/product\/yoast-seo-premium-wordpress\/ -->\n<title>Supports techniques pour les installateurs - Ohme EV Belgique<\/title>\n<meta name=\"description\" content=\"Vous cherchez des informations techniques sur nos produits ? Vous \u00eates au bon endroit !\" \/>\n<meta name=\"robots\" content=\"index, follow, max-snippet:-1, max-image-preview:large, max-video-preview:-1\" \/>\n<link rel=\"canonical\" href=\"https:\/\/ohme-ev.com\/be-fr\/supports-techniques-pour-les-installateurs\/\" \/>\n<meta property=\"og:locale\" content=\"fr_FR\" \/>\n<meta property=\"og:type\" content=\"article\" \/>\n<meta property=\"og:title\" content=\"Supports techniques pour les installateurs\" \/>\n<meta property=\"og:description\" content=\"Vous cherchez des informations techniques sur nos produits ? Vous \u00eates au bon endroit !\" \/>\n<meta property=\"og:url\" content=\"https:\/\/ohme-ev.com\/be-fr\/supports-techniques-pour-les-installateurs\/\" \/>\n<meta property=\"og:site_name\" content=\"Ohme EV Belgique\" \/>\n<meta property=\"article:publisher\" content=\"https:\/\/www.facebook.com\/OhmeEV\/\" \/>\n<meta property=\"article:modified_time\" content=\"2026-04-01T09:13:41+00:00\" \/>\n<meta name=\"twitter:card\" content=\"summary_large_image\" \/>\n<meta name=\"twitter:site\" content=\"@ohmeev\" \/>\n<script type=\"application\/ld+json\" class=\"yoast-schema-graph\">{\"@context\":\"https:\\\/\\\/schema.org\",\"@graph\":[{\"@type\":\"WebPage\",\"@id\":\"https:\\\/\\\/ohme-ev.com\\\/be-fr\\\/supports-techniques-pour-les-installateurs\\\/\",\"url\":\"https:\\\/\\\/ohme-ev.com\\\/be-fr\\\/supports-techniques-pour-les-installateurs\\\/\",\"name\":\"Supports techniques pour les installateurs - Ohme EV Belgique\",\"isPartOf\":{\"@id\":\"https:\\\/\\\/ohme-ev.com\\\/be-fr\\\/#website\"},\"datePublished\":\"2025-05-09T11:31:22+00:00\",\"dateModified\":\"2026-04-01T09:13:41+00:00\",\"description\":\"Vous cherchez des informations techniques sur nos produits ? Vous \u00eates au bon endroit !\",\"breadcrumb\":{\"@id\":\"https:\\\/\\\/ohme-ev.com\\\/be-fr\\\/supports-techniques-pour-les-installateurs\\\/#breadcrumb\"},\"inLanguage\":\"fr-be\",\"potentialAction\":[{\"@type\":\"ReadAction\",\"target\":[\"https:\\\/\\\/ohme-ev.com\\\/be-fr\\\/supports-techniques-pour-les-installateurs\\\/\"]}]},{\"@type\":\"BreadcrumbList\",\"@id\":\"https:\\\/\\\/ohme-ev.com\\\/be-fr\\\/supports-techniques-pour-les-installateurs\\\/#breadcrumb\",\"itemListElement\":[{\"@type\":\"ListItem\",\"position\":1,\"name\":\"Home\",\"item\":\"https:\\\/\\\/ohme-ev.com\\\/be-fr\\\/\"},{\"@type\":\"ListItem\",\"position\":2,\"name\":\"Supports techniques pour les installateurs\"}]},{\"@type\":\"WebSite\",\"@id\":\"https:\\\/\\\/ohme-ev.com\\\/be-fr\\\/#website\",\"url\":\"https:\\\/\\\/ohme-ev.com\\\/be-fr\\\/\",\"name\":\"Ohme EV Belgique\",\"description\":\"Ohme - EV Smart Charging Solutions\",\"potentialAction\":[{\"@type\":\"SearchAction\",\"target\":{\"@type\":\"EntryPoint\",\"urlTemplate\":\"https:\\\/\\\/ohme-ev.com\\\/be-fr\\\/?s={search_term_string}\"},\"query-input\":{\"@type\":\"PropertyValueSpecification\",\"valueRequired\":true,\"valueName\":\"search_term_string\"}}],\"inLanguage\":\"fr-be\"}]}<\/script>\n<!-- \/ Yoast SEO Premium plugin. -->","yoast_head_json":{"title":"Supports techniques pour les installateurs - Ohme EV Belgique","description":"Vous cherchez des informations techniques sur nos produits ? Vous \u00eates au bon endroit !","robots":{"index":"index","follow":"follow","max-snippet":"max-snippet:-1","max-image-preview":"max-image-preview:large","max-video-preview":"max-video-preview:-1"},"canonical":"https:\/\/ohme-ev.com\/be-fr\/supports-techniques-pour-les-installateurs\/","og_locale":"fr_FR","og_type":"article","og_title":"Supports techniques pour les installateurs","og_description":"Vous cherchez des informations techniques sur nos produits ? Vous \u00eates au bon endroit !","og_url":"https:\/\/ohme-ev.com\/be-fr\/supports-techniques-pour-les-installateurs\/","og_site_name":"Ohme EV Belgique","article_publisher":"https:\/\/www.facebook.com\/OhmeEV\/","article_modified_time":"2026-04-01T09:13:41+00:00","twitter_card":"summary_large_image","twitter_site":"@ohmeev","schema":{"@context":"https:\/\/schema.org","@graph":[{"@type":"WebPage","@id":"https:\/\/ohme-ev.com\/be-fr\/supports-techniques-pour-les-installateurs\/","url":"https:\/\/ohme-ev.com\/be-fr\/supports-techniques-pour-les-installateurs\/","name":"Supports techniques pour les installateurs - Ohme EV Belgique","isPartOf":{"@id":"https:\/\/ohme-ev.com\/be-fr\/#website"},"datePublished":"2025-05-09T11:31:22+00:00","dateModified":"2026-04-01T09:13:41+00:00","description":"Vous cherchez des informations techniques sur nos produits ? Vous \u00eates au bon endroit !","breadcrumb":{"@id":"https:\/\/ohme-ev.com\/be-fr\/supports-techniques-pour-les-installateurs\/#breadcrumb"},"inLanguage":"fr-be","potentialAction":[{"@type":"ReadAction","target":["https:\/\/ohme-ev.com\/be-fr\/supports-techniques-pour-les-installateurs\/"]}]},{"@type":"BreadcrumbList","@id":"https:\/\/ohme-ev.com\/be-fr\/supports-techniques-pour-les-installateurs\/#breadcrumb","itemListElement":[{"@type":"ListItem","position":1,"name":"Home","item":"https:\/\/ohme-ev.com\/be-fr\/"},{"@type":"ListItem","position":2,"name":"Supports techniques pour les installateurs"}]},{"@type":"WebSite","@id":"https:\/\/ohme-ev.com\/be-fr\/#website","url":"https:\/\/ohme-ev.com\/be-fr\/","name":"Ohme EV Belgique","description":"Ohme - EV Smart Charging Solutions","potentialAction":[{"@type":"SearchAction","target":{"@type":"EntryPoint","urlTemplate":"https:\/\/ohme-ev.com\/be-fr\/?s={search_term_string}"},"query-input":{"@type":"PropertyValueSpecification","valueRequired":true,"valueName":"search_term_string"}}],"inLanguage":"fr-be"}]}},"_links":{"self":[{"href":"https:\/\/ohme-ev.com\/be-fr\/wp-json\/wp\/v2\/pages\/4805","targetHints":{"allow":["GET"]}}],"collection":[{"href":"https:\/\/ohme-ev.com\/be-fr\/wp-json\/wp\/v2\/pages"}],"about":[{"href":"https:\/\/ohme-ev.com\/be-fr\/wp-json\/wp\/v2\/types\/page"}],"author":[{"embeddable":true,"href":"https:\/\/ohme-ev.com\/be-fr\/wp-json\/wp\/v2\/users\/38"}],"replies":[{"embeddable":true,"href":"https:\/\/ohme-ev.com\/be-fr\/wp-json\/wp\/v2\/comments?post=4805"}],"version-history":[{"count":0,"href":"https:\/\/ohme-ev.com\/be-fr\/wp-json\/wp\/v2\/pages\/4805\/revisions"}],"wp:attachment":[{"href":"https:\/\/ohme-ev.com\/be-fr\/wp-json\/wp\/v2\/media?parent=4805"}],"wp:term":[{"taxonomy":"partner","embeddable":true,"href":"https:\/\/ohme-ev.com\/be-fr\/wp-json\/wp\/v2\/partner?post=4805"}],"curies":[{"name":"wp","href":"https:\/\/api.w.org\/{rel}","templated":true}]}}