{"id":3015,"date":"2024-03-29T12:57:08","date_gmt":"2024-03-29T12:57:08","guid":{"rendered":"https:\/\/ohme-ev.com\/fr\/?page_id=3029"},"modified":"2025-09-16T14:24:58","modified_gmt":"2025-09-16T14:24:58","slug":"constructeurs-et-concessionnaires-automobiles","status":"publish","type":"page","link":"https:\/\/ohme-ev.com\/be-fr\/constructeurs-et-concessionnaires-automobiles\/","title":{"rendered":"Constructeurs et concessionnaires automobiles"},"content":{"rendered":"<div class=\"image-text-hero with-image gradient-enabled gradient-vertical has-mobile-bg\" style=\"--bg-desktop: url(&#039;https:\/\/ohme-ev.com\/be-fr\/wp-content\/uploads\/sites\/19\/2025\/09\/Mobility-page-Desktop1x.webp&#039;); --bg-mobile: url(&#039;https:\/\/ohme-ev.com\/be-fr\/wp-content\/uploads\/sites\/19\/2025\/09\/Mobility-page-Mobile1x.webp&#039;);\">\n\n    <div class=\"contentWrapper imageRight mobile-image-bottom\">\n        <div class=\"content-container\">\n            <div class=\"wrapper\">\n                                    <h1>Constructeurs et concessionnaires automobiles<\/h1>\n                \n                                    <h5>Votre partenaire pour une recharge plus intelligente<\/h5>\n                \n                                    <p><p>B\u00e9n\u00e9ficiez d&#039;une offre tout-inclus de borne de recharge combin\u00e9e \u00e0 un service client de qualit\u00e9. Le partenariat avec Ohme facilite le passage de vos clients vers le v\u00e9hicule \u00e9lectrique.<\/p>\n<\/p>\n                \n                \n            <a href=\"https:\/\/ohme-ev.com\/be-fr\/word-een-ohme-partner\/\" target=\"_self\" >\n            <button class=\"ohme-btn secondaryDark button\" title=\"\">Parlons-en !<\/button>\n        <\/a>\n    \n                            <\/div>\n        <\/div>\n\n        <div class=\"image-container\">\n            \n                    <\/div>\n    <\/div>\n\n    <\/div>\n\n<div id=\"\" class=\"blockWrapper top-default bottom-default   \">\n\n\n<div class=\" keyStatsBlock\">\n  <div class=\"contentWrapper stats\">\n    <h3 class=\"title\">Quelques chiffres<\/h3>\n    <div class=\"statsContainer\">\n                <div class=\"statWrapper\">\n            <h1 class=\"stat\">15 <\/h1>\n            <p class=\"copy\">Partenariats avec des constructeurs automobiles<\/p>\n          <\/div>\n\n                <div class=\"statWrapper\">\n            <h1 class=\"stat\">900 <\/h1>\n            <p class=\"copy\">Partenariats avec des concessionnaires<\/p>\n          <\/div>\n\n                <div class=\"statWrapper\">\n            <h1 class=\"stat\">10+ <\/h1>\n            <p class=\"copy\">Partenariats avec des soci\u00e9t\u00e9s de leasing<\/p>\n          <\/div>\n\n          <\/div>\n  <\/div>\n<\/div>\n<\/div>\n\n<div id=\"\" class=\"blockWrapper top-default bottom-default   \">\n\n<div class=\"text-image-right bg-white\">\n    <div class=\"inner\">\n        <div class=\"text-content\">\n                        <h3 class=\"title\">Partenaire officiel d\u2019Audi au Royaume-Uni<\/h3>\n                        <div class=\"text\"><h3><strong>Solutions de recharge sur mesure<\/strong><\/h3>\n<p><span lang=\"FR\">Audi nous a fait confiance pour offrir \u00e0 leurs clients un tarif pr\u00e9f\u00e9rentiel sur nos bornes de recharge, au Royaume Uni et en Irlande.\u00a0<\/span>Int\u00e9grant ainsi notre technologie \u00e0 leur gamme de v\u00e9hicules \u00e9lectriques.<\/p>\n<h3><strong><span lang=\"FR\">Formation\u00a0<\/span><span lang=\"FR\">et activation de l\u2019offre<\/span><\/strong><\/h3>\n<p>Nos accompagnons les \u00e9quipes Audi et \u00e9quipons leur concessionnaires avec des bornes d\u2019exposition. Les employ\u00e9s sont \u00e9galement form\u00e9s \u00e0 l\u2019utilisation d\u2019une plateforme en ligne, pour une gestion des demandes de devis facilit\u00e9e.<\/p>\n<h3><strong>Accompagnement personnalis\u00e9<\/strong><\/h3>\n<p>Notre priorit\u00e9 est de familiariser les \u00e9quipes Audi avec nos produits, ainsi que l\u2019offre d\u00e9velopp\u00e9e ensemble. Notre solution cl\u00e9 en main nous a permis de r\u00e9pondre aux besoins sp\u00e9cifiques de ce partenariat.<\/p>\n<\/div>\n                                                <div class=\"buttons\">\n                                    \n            <a href=\"https:\/\/ohme-ev.com\/be-fr\/word-een-ohme-partner\/\" target=\"_self\" >\n            <button class=\"ohme-btn primary button\" title=\"\">Devenir partenaire<\/button>\n        <\/a>\n                                <\/div>\n                                <\/div>\n        <div class=\"media-content\">\n                        <img decoding=\"async\" loading=\"lazy\" src=\"https:\/\/ohme-ev.com\/be-fr\/wp-content\/uploads\/sites\/19\/2023\/02\/6760_Audi_HomePro_front.jpg\" alt=\"Audi e-tron Gt Ireland Ohme Home Pro EV charger\" \/>\n                    <\/div>\n    <\/div>\n<\/div>\n\n<\/div>\n\n<div id=\"\" class=\"blockWrapper top-default bottom-default   \">\n\n    <div class=\"\">\n\n        <div class=\"threeColumnWrapper \">\n            <h2 class=\"title\">Pourquoi devenir un partenaire Ohme?<\/h2>\n            <p class=\"subtitle regular \" style=\"\">Vous proposez \u00e0 vos clients une offre de recharge innovante pour tirer le meilleur parti de leur v\u00e9hicule \u00e9lectrique. Notre technologie de recharge est intelligente, facile \u00e0 utiliser et \u00e9volutive.<\/p>\n            <div class=\"columnsContainer\">\n                                        <div class=\"column\">\n                            <div class=\"imageContainer \">\n                                                                    <img loading=\"lazy\" decoding=\"async\" width=\"214\" height=\"242\" src=\"https:\/\/ohme-ev.com\/be-fr\/wp-content\/uploads\/sites\/19\/2023\/07\/50x50_ePod-front-light-background_master-1.jpg\" class=\"attachment-column_hero size-column_hero\" alt=\"Front view of an ePod with a light background\" srcset=\"https:\/\/ohme-ev.com\/be-fr\/wp-content\/uploads\/sites\/19\/2023\/07\/50x50_ePod-front-light-background_master-1.jpg 1154w, https:\/\/ohme-ev.com\/be-fr\/wp-content\/uploads\/sites\/19\/2023\/07\/50x50_ePod-front-light-background_master-1-265x300.jpg 265w, https:\/\/ohme-ev.com\/be-fr\/wp-content\/uploads\/sites\/19\/2023\/07\/50x50_ePod-front-light-background_master-1-903x1024.jpg 903w, https:\/\/ohme-ev.com\/be-fr\/wp-content\/uploads\/sites\/19\/2023\/07\/50x50_ePod-front-light-background_master-1-768x870.jpg 768w, https:\/\/ohme-ev.com\/be-fr\/wp-content\/uploads\/sites\/19\/2023\/07\/50x50_ePod-front-light-background_master-1-397x450.jpg 397w\" sizes=\"auto, (max-width: 214px) 100vw, 214px\" \/>\n                                                            <\/div>\n\n                            <div>\n                                <p class=\"label\"><\/p>\n                                <p class=\"subtitleColumn\">Technologie unique<\/p>\n                                <div class=\"body\"><p>Nos bornes de recharge ont une technologie unique de pilotage de la recharge (smart charging) qui s\u2019adapte au contrat de votre fournisseur d\u2019\u00e9lectricit\u00e9. Vos clients peuvent ainsi recharger leur v\u00e9hicule \u00e9lectrique aux heures les moins co\u00fbteuses et en toute facilit\u00e9.<\/p>\n<\/div>\n                            <\/div>\n                        <\/div>\n                                                <div class=\"column\">\n                            <div class=\"imageContainer \">\n                                                                    <img loading=\"lazy\" decoding=\"async\" width=\"340\" height=\"204\" src=\"https:\/\/ohme-ev.com\/be-fr\/wp-content\/uploads\/sites\/19\/2023\/08\/Card-header_Blerina-ePod-phone_master.png\" class=\"attachment-column_hero size-column_hero\" alt=\"\" srcset=\"https:\/\/ohme-ev.com\/be-fr\/wp-content\/uploads\/sites\/19\/2023\/08\/Card-header_Blerina-ePod-phone_master.png 1020w, https:\/\/ohme-ev.com\/be-fr\/wp-content\/uploads\/sites\/19\/2023\/08\/Card-header_Blerina-ePod-phone_master-300x180.png 300w, https:\/\/ohme-ev.com\/be-fr\/wp-content\/uploads\/sites\/19\/2023\/08\/Card-header_Blerina-ePod-phone_master-768x461.png 768w, https:\/\/ohme-ev.com\/be-fr\/wp-content\/uploads\/sites\/19\/2023\/08\/Card-header_Blerina-ePod-phone_master-750x450.png 750w\" sizes=\"auto, (max-width: 340px) 100vw, 340px\" \/>\n                                                            <\/div>\n\n                            <div>\n                                <p class=\"label\"><\/p>\n                                <p class=\"subtitleColumn\">Offre tout inclus<\/p>\n                                <div class=\"body\"><p><span lang=\"FR\">Nous nous occupons de tout et\u00a0<\/span>garantissons une installation s\u00e9curis\u00e9e et de qualit\u00e9 par l\u2019un de nos installateurs certifi\u00e9s Ohme.<\/p>\n<\/div>\n                            <\/div>\n                        <\/div>\n                                                <div class=\"column\">\n                            <div class=\"imageContainer \">\n                                                                    <img loading=\"lazy\" decoding=\"async\" width=\"334\" height=\"242\" src=\"https:\/\/ohme-ev.com\/be-fr\/wp-content\/uploads\/sites\/19\/2024\/12\/3-Image-Module-Life-at-Ohme-334x242.webp\" class=\"attachment-column_hero size-column_hero\" alt=\"\" srcset=\"https:\/\/ohme-ev.com\/be-fr\/wp-content\/uploads\/sites\/19\/2024\/12\/3-Image-Module-Life-at-Ohme-334x242.webp 334w, https:\/\/ohme-ev.com\/be-fr\/wp-content\/uploads\/sites\/19\/2024\/12\/3-Image-Module-Life-at-Ohme-300x217.webp 300w, https:\/\/ohme-ev.com\/be-fr\/wp-content\/uploads\/sites\/19\/2024\/12\/3-Image-Module-Life-at-Ohme-254x184.webp 254w, https:\/\/ohme-ev.com\/be-fr\/wp-content\/uploads\/sites\/19\/2024\/12\/3-Image-Module-Life-at-Ohme.webp 680w\" sizes=\"auto, (max-width: 334px) 100vw, 334px\" \/>\n                                                            <\/div>\n\n                            <div>\n                                <p class=\"label\"><\/p>\n                                <p class=\"subtitleColumn\">Service d&#8217;exception<\/p>\n                                <div class=\"body\"><p>Notre priorit\u00e9 est la satisfaction de nos clients. Le passage \u00e0 la mobilit\u00e9 \u00e9lectrique doit \u00eatre un jeu d\u2019enfant et n<span lang=\"FR\">os experts sont l\u00e0 pour guider vos clients \u00e0 chaque \u00e9tape, pour une exp\u00e9rience de recharge optimale.<\/span><\/p>\n<\/div>\n                            <\/div>\n                        <\/div>\n                                    <\/div>\n                    <\/div>\n    <\/div>\n<\/div>\n\n<div id=\"\" class=\"blockWrapper top-default bottom-default   \">\n\n<div class=\"info bg-darkgreen\">\n    <div class=\"contentWrapper\">\n                    <h2>\n                Pour proposer vous aussi les solutions Ohme \u00e0 vos clients&#8230;            <\/h2>\n                <div class=\"text\">\n            <p>Contactez l\u2019un de nos experts pour discuter de vos besoins et de la mani\u00e8re dont notre technologie pourrait s&#8217;int\u00e9grer \u00e0 votre offre de v\u00e9hicules \u00e9lectriques.<\/p>\n<p>Ensemble, nous pouvons concr\u00e9tiser vos ambitions.<\/p>\n        <\/div>\n                        <div class=\"buttonsWrapper\">\n                        \n            <a href=\"https:\/\/ohme-ev.com\/be-fr\/word-een-ohme-partner\/\" target=\"_self\" >\n            <button class=\"ohme-btn primary button\" title=\"\">Contactez nous<\/button>\n        <\/a>\n                        <\/div>\n            <\/div>\n<\/div>\n\n<\/div>","protected":false},"excerpt":{"rendered":"","protected":false},"author":22,"featured_media":0,"parent":0,"menu_order":0,"comment_status":"closed","ping_status":"closed","template":"","meta":{"_acf_changed":true,"_helpful_status":1,"footnotes":""},"partner":[],"class_list":["post-3015","page","type-page","status-publish","hentry"],"acf":[],"yoast_head":"<!-- This site is optimized with the Yoast SEO Premium plugin v27.5 (Yoast SEO v27.5) - https:\/\/yoast.com\/product\/yoast-seo-premium-wordpress\/ -->\n<title>Solutions de recharge pour VE - Partenariats &amp; Professionnels - Ohme EV Belgique<\/title>\n<meta name=\"description\" content=\"Le partenariat avec Ohme facilite le passage de vos clients vers le v\u00e9hicule \u00e9lectrique. Nos solutions sont simples \u00e0 installer et utiliser.\" \/>\n<meta name=\"robots\" content=\"index, follow, max-snippet:-1, max-image-preview:large, max-video-preview:-1\" \/>\n<link rel=\"canonical\" href=\"https:\/\/ohme-ev.com\/be-fr\/constructeurs-et-concessionnaires-automobiles\/\" \/>\n<meta property=\"og:locale\" content=\"fr_FR\" \/>\n<meta property=\"og:type\" content=\"article\" \/>\n<meta property=\"og:title\" content=\"Constructeurs et concessionnaires automobiles\" \/>\n<meta property=\"og:description\" content=\"Le partenariat avec Ohme facilite le passage de vos clients vers le v\u00e9hicule \u00e9lectrique. Nos solutions sont simples \u00e0 installer et utiliser.\" \/>\n<meta property=\"og:url\" content=\"https:\/\/ohme-ev.com\/be-fr\/constructeurs-et-concessionnaires-automobiles\/\" \/>\n<meta property=\"og:site_name\" content=\"Ohme EV Belgique\" \/>\n<meta property=\"article:publisher\" content=\"https:\/\/www.facebook.com\/OhmeEV\/\" \/>\n<meta property=\"article:modified_time\" content=\"2025-09-16T14:24:58+00:00\" \/>\n<meta name=\"twitter:card\" content=\"summary_large_image\" \/>\n<meta name=\"twitter:site\" content=\"@ohmeev\" \/>\n<script type=\"application\/ld+json\" class=\"yoast-schema-graph\">{\"@context\":\"https:\\\/\\\/schema.org\",\"@graph\":[{\"@type\":\"WebPage\",\"@id\":\"https:\\\/\\\/ohme-ev.com\\\/be-fr\\\/constructeurs-et-concessionnaires-automobiles\\\/\",\"url\":\"https:\\\/\\\/ohme-ev.com\\\/be-fr\\\/constructeurs-et-concessionnaires-automobiles\\\/\",\"name\":\"Solutions de recharge pour VE - Partenariats & Professionnels - Ohme EV Belgique\",\"isPartOf\":{\"@id\":\"https:\\\/\\\/ohme-ev.com\\\/be-fr\\\/#website\"},\"datePublished\":\"2024-03-29T12:57:08+00:00\",\"dateModified\":\"2025-09-16T14:24:58+00:00\",\"description\":\"Le partenariat avec Ohme facilite le passage de vos clients vers le v\u00e9hicule \u00e9lectrique. Nos solutions sont simples \u00e0 installer et utiliser.\",\"breadcrumb\":{\"@id\":\"https:\\\/\\\/ohme-ev.com\\\/be-fr\\\/constructeurs-et-concessionnaires-automobiles\\\/#breadcrumb\"},\"inLanguage\":\"fr-be\",\"potentialAction\":[{\"@type\":\"ReadAction\",\"target\":[\"https:\\\/\\\/ohme-ev.com\\\/be-fr\\\/constructeurs-et-concessionnaires-automobiles\\\/\"]}]},{\"@type\":\"BreadcrumbList\",\"@id\":\"https:\\\/\\\/ohme-ev.com\\\/be-fr\\\/constructeurs-et-concessionnaires-automobiles\\\/#breadcrumb\",\"itemListElement\":[{\"@type\":\"ListItem\",\"position\":1,\"name\":\"Home\",\"item\":\"https:\\\/\\\/ohme-ev.com\\\/be-fr\\\/\"},{\"@type\":\"ListItem\",\"position\":2,\"name\":\"Constructeurs et concessionnaires automobiles\"}]},{\"@type\":\"WebSite\",\"@id\":\"https:\\\/\\\/ohme-ev.com\\\/be-fr\\\/#website\",\"url\":\"https:\\\/\\\/ohme-ev.com\\\/be-fr\\\/\",\"name\":\"Ohme EV Belgique\",\"description\":\"Ohme - EV Smart Charging Solutions\",\"potentialAction\":[{\"@type\":\"SearchAction\",\"target\":{\"@type\":\"EntryPoint\",\"urlTemplate\":\"https:\\\/\\\/ohme-ev.com\\\/be-fr\\\/?s={search_term_string}\"},\"query-input\":{\"@type\":\"PropertyValueSpecification\",\"valueRequired\":true,\"valueName\":\"search_term_string\"}}],\"inLanguage\":\"fr-be\"}]}<\/script>\n<!-- \/ Yoast SEO Premium plugin. -->","yoast_head_json":{"title":"Solutions de recharge pour VE - Partenariats & Professionnels - Ohme EV Belgique","description":"Le partenariat avec Ohme facilite le passage de vos clients vers le v\u00e9hicule \u00e9lectrique. Nos solutions sont simples \u00e0 installer et utiliser.","robots":{"index":"index","follow":"follow","max-snippet":"max-snippet:-1","max-image-preview":"max-image-preview:large","max-video-preview":"max-video-preview:-1"},"canonical":"https:\/\/ohme-ev.com\/be-fr\/constructeurs-et-concessionnaires-automobiles\/","og_locale":"fr_FR","og_type":"article","og_title":"Constructeurs et concessionnaires automobiles","og_description":"Le partenariat avec Ohme facilite le passage de vos clients vers le v\u00e9hicule \u00e9lectrique. Nos solutions sont simples \u00e0 installer et utiliser.","og_url":"https:\/\/ohme-ev.com\/be-fr\/constructeurs-et-concessionnaires-automobiles\/","og_site_name":"Ohme EV Belgique","article_publisher":"https:\/\/www.facebook.com\/OhmeEV\/","article_modified_time":"2025-09-16T14:24:58+00:00","twitter_card":"summary_large_image","twitter_site":"@ohmeev","schema":{"@context":"https:\/\/schema.org","@graph":[{"@type":"WebPage","@id":"https:\/\/ohme-ev.com\/be-fr\/constructeurs-et-concessionnaires-automobiles\/","url":"https:\/\/ohme-ev.com\/be-fr\/constructeurs-et-concessionnaires-automobiles\/","name":"Solutions de recharge pour VE - Partenariats & Professionnels - Ohme EV Belgique","isPartOf":{"@id":"https:\/\/ohme-ev.com\/be-fr\/#website"},"datePublished":"2024-03-29T12:57:08+00:00","dateModified":"2025-09-16T14:24:58+00:00","description":"Le partenariat avec Ohme facilite le passage de vos clients vers le v\u00e9hicule \u00e9lectrique. Nos solutions sont simples \u00e0 installer et utiliser.","breadcrumb":{"@id":"https:\/\/ohme-ev.com\/be-fr\/constructeurs-et-concessionnaires-automobiles\/#breadcrumb"},"inLanguage":"fr-be","potentialAction":[{"@type":"ReadAction","target":["https:\/\/ohme-ev.com\/be-fr\/constructeurs-et-concessionnaires-automobiles\/"]}]},{"@type":"BreadcrumbList","@id":"https:\/\/ohme-ev.com\/be-fr\/constructeurs-et-concessionnaires-automobiles\/#breadcrumb","itemListElement":[{"@type":"ListItem","position":1,"name":"Home","item":"https:\/\/ohme-ev.com\/be-fr\/"},{"@type":"ListItem","position":2,"name":"Constructeurs et concessionnaires automobiles"}]},{"@type":"WebSite","@id":"https:\/\/ohme-ev.com\/be-fr\/#website","url":"https:\/\/ohme-ev.com\/be-fr\/","name":"Ohme EV Belgique","description":"Ohme - EV Smart Charging Solutions","potentialAction":[{"@type":"SearchAction","target":{"@type":"EntryPoint","urlTemplate":"https:\/\/ohme-ev.com\/be-fr\/?s={search_term_string}"},"query-input":{"@type":"PropertyValueSpecification","valueRequired":true,"valueName":"search_term_string"}}],"inLanguage":"fr-be"}]}},"_links":{"self":[{"href":"https:\/\/ohme-ev.com\/be-fr\/wp-json\/wp\/v2\/pages\/3015","targetHints":{"allow":["GET"]}}],"collection":[{"href":"https:\/\/ohme-ev.com\/be-fr\/wp-json\/wp\/v2\/pages"}],"about":[{"href":"https:\/\/ohme-ev.com\/be-fr\/wp-json\/wp\/v2\/types\/page"}],"author":[{"embeddable":true,"href":"https:\/\/ohme-ev.com\/be-fr\/wp-json\/wp\/v2\/users\/22"}],"replies":[{"embeddable":true,"href":"https:\/\/ohme-ev.com\/be-fr\/wp-json\/wp\/v2\/comments?post=3015"}],"version-history":[{"count":0,"href":"https:\/\/ohme-ev.com\/be-fr\/wp-json\/wp\/v2\/pages\/3015\/revisions"}],"wp:attachment":[{"href":"https:\/\/ohme-ev.com\/be-fr\/wp-json\/wp\/v2\/media?parent=3015"}],"wp:term":[{"taxonomy":"partner","embeddable":true,"href":"https:\/\/ohme-ev.com\/be-fr\/wp-json\/wp\/v2\/partner?post=3015"}],"curies":[{"name":"wp","href":"https:\/\/api.w.org\/{rel}","templated":true}]}}