{"id":2235,"date":"2023-06-26T12:01:21","date_gmt":"2023-06-26T12:01:21","guid":{"rendered":"https:\/\/ohme-cs-dev.local\/?page_id=40"},"modified":"2025-12-29T13:00:49","modified_gmt":"2025-12-29T13:00:49","slug":"ressources-installateur","status":"publish","type":"page","link":"https:\/\/ohme-ev.com\/be-fr\/ressources-installateur\/","title":{"rendered":"Ressources pour installateurs"},"content":{"rendered":"<div class=\"image-text-hero with-image gradient-enabled gradient-vertical has-mobile-bg\" style=\"--bg-desktop: url(&#039;https:\/\/ohme-ev.com\/be-fr\/wp-content\/uploads\/sites\/19\/2025\/09\/Installer-resources-Desktop1x.webp&#039;); --bg-mobile: url(&#039;https:\/\/ohme-ev.com\/be-fr\/wp-content\/uploads\/sites\/19\/2025\/09\/Installer-resources-Mobile1x.webp&#039;);\">\n\n    <div class=\"contentWrapper imageRight mobile-image-bottom\">\n        <div class=\"content-container\">\n            <div class=\"wrapper\">\n                                    <h1>Ressources en ligne<\/h1>\n                \n                \n                                    <p><p>Acc\u00e9dez \u00e0 notre documentation pour vous familiariser avec nos bornes de recharge.<\/p>\n<\/p>\n                \n                \n\n                            <\/div>\n        <\/div>\n\n        <div class=\"image-container\">\n            \n                    <\/div>\n    <\/div>\n\n    <\/div>\n\n<div id=\"\" class=\"blockWrapper top-none bottom-smaller   \">\n\n<div class=\"info bg-grey\">\n    <div class=\"contentWrapper\">\n                    <h2>\n                Guides, assistance et d\u00e9pannage            <\/h2>\n                <div class=\"text\">\n            <p class=\"p1\">Trouvez des conseils, des guides d\u2019installation et des ressources de d\u00e9pannage pour vous aider \u00e0 configurer et entretenir les chargeurs Ohme.<\/p>\n        <\/div>\n                        <div class=\"buttonsWrapper\">\n                        \n            <a href=\"https:\/\/ohme-ev.com\/be-fr\/aide\/?category=pour-installateurs\" target=\"_blank\" rel=\"noopener\">\n            <button class=\"ohme-btn primary button external\" title=\"\">Pour les installateurs<\/button>\n        <\/a>\n                            \n            <a href=\"https:\/\/ohme-ev.com\/be-fr\/aide\/manuels-d-utilisation\/\" target=\"_self\" >\n            <button class=\"ohme-btn primary button\" title=\"\">Manuels du produit<\/button>\n        <\/a>\n                        <\/div>\n            <\/div>\n<\/div>\n\n<\/div>\n\n<div id=\"\" class=\"blockWrapper top-default bottom-default   \">\n\n<div class=\"text-image-right bg-white\">\n    <div class=\"inner\">\n        <div class=\"text-content\">\n                        <h3 class=\"title larger\">Kit marketing<\/h3>\n                        <div class=\"text\"><p>Voici quelques supports cl\u00e9s que vous pourriez trouver utiles \u00e0 ajouter \u00e0 votre site web, \u00e0 vos offres etc.<\/p>\n<\/div>\n                                                <div class=\"buttons\">\n                                    \n                                <\/div>\n                                <\/div>\n        <div class=\"media-content\">\n                        <img decoding=\"async\" loading=\"lazy\" src=\"https:\/\/ohme-ev.com\/be-fr\/wp-content\/uploads\/sites\/19\/2024\/09\/ezgif-5-d14ea6d070.webp\" alt=\"\" \/>\n                    <\/div>\n    <\/div>\n<\/div>\n\n<\/div>\n\n<div id=\"\" class=\"blockWrapper top-none bottom-default   \">\n\n    <div class=\"dualTilesWrapper blockWrapper\">\n        <h3><\/h3>\n        <div class=\"tilesContainer\">\n                                <div class=\"tileWrapper \">\n                        <h2 class=\"title\">Ohme ePod<\/h2>\n\n                        <div class=\"copy\"><p>T\u00e9l\u00e9chargez ici quelques belles photos de notre ePod.<\/p>\n<\/div>\n                                                                                                                        <div class=\"ctasContainer\">\n                            \n            <a href=\"https:\/\/ohme-ev.com\/be-fr\/wp-content\/uploads\/sites\/19\/2025\/06\/Ohme-ePod-Lifestyle.zip\" target=\"_blank\" rel=\"noopener\">\n            <button class=\"ohme-btn primary button external\" title=\"\">T\u00e9l\u00e9chargez le pack de photos ePod<\/button>\n        <\/a>\n    \n            <a href=\"https:\/\/ohme-ev.com\/be-fr\/wp-content\/uploads\/sites\/19\/2025\/06\/Ohme-ePod-Product.zip\" target=\"_blank\" rel=\"noopener\">\n            <button class=\"ohme-btn primary button external\" title=\"\">T\u00e9l\u00e9chargez les photos produit ePod<\/button>\n        <\/a>\n                            <\/div>\n                    <\/div>\n                                    <div class=\"tileWrapper \">\n                        <h2 class=\"title\">Ohme Home Pro<\/h2>\n\n                        <div class=\"copy\"><p>Home Pro en action ? Vous trouverez les photos ici !<\/p>\n<\/div>\n                                                                                                                        <div class=\"ctasContainer\">\n                            \n            <a href=\"https:\/\/ohme-ev.com\/be-fr\/wp-content\/uploads\/sites\/19\/2025\/06\/Ohme-Home-Pro-Lifestyle.zip\" target=\"_blank\" rel=\"noopener\">\n            <button class=\"ohme-btn primary button external\" title=\"\">T\u00e9l\u00e9chargez le pack de photos Home Pro<\/button>\n        <\/a>\n    \n            <a href=\"https:\/\/ohme-ev.com\/be-fr\/wp-content\/uploads\/sites\/19\/2025\/06\/Ohme-Home-Pro-Product.zip\" target=\"_blank\" rel=\"noopener\">\n            <button class=\"ohme-btn primary button external\" title=\"\">T\u00e9l\u00e9chargez les photos produit Home Pro<\/button>\n        <\/a>\n                            <\/div>\n                    <\/div>\n                        <\/div>\n    <\/div>\n\n<\/div>\n\n<div id=\"\" class=\"blockWrapper top-none bottom-default   \">\n\n    <div class=\"dualTilesWrapper blockWrapper\">\n        <h3><\/h3>\n        <div class=\"tilesContainer\">\n                                <div class=\"tileWrapper blueBg\">\n                        <h2 class=\"title\">Ohme Go<\/h2>\n\n                        <div class=\"copy\"><p>Vous cherchez des photos de l&#8217;Ohme Go ? Alors vous devriez \u00eatre ici.<\/p>\n<\/div>\n                                                                                                                        <div class=\"ctasContainer\">\n                            \n            <a href=\"https:\/\/ohme-ev.com\/be-fr\/wp-content\/uploads\/sites\/19\/2025\/05\/Ohme-Go.zip\" target=\"_blank\" rel=\"noopener\">\n            <button class=\"ohme-btn primary button external\" title=\"\">T\u00e9l\u00e9chargez le pack de photos Go<\/button>\n        <\/a>\n    \n            <a href=\"https:\/\/ohme-ev.com\/be-fr\/wp-content\/uploads\/sites\/19\/2025\/06\/Ohme-Go-Product.zip\" target=\"_blank\" rel=\"noopener\">\n            <button class=\"ohme-btn primary button external\" title=\"\">T\u00e9l\u00e9chargez les photos produit Go<\/button>\n        <\/a>\n                            <\/div>\n                    <\/div>\n                                    <div class=\"tileWrapper blueBg\">\n                        <h2 class=\"title\">Ohme Logo<\/h2>\n\n                        <div class=\"copy\"><p>Les logos Ohme sont disponibles via le bouton ci-dessous.<\/p>\n<\/div>\n                                                                                                                        <div class=\"ctasContainer\">\n                            \n            <a href=\"https:\/\/ohme-ev.com\/be-fr\/wp-content\/uploads\/sites\/19\/2025\/05\/Logos.zip\" target=\"_blank\" rel=\"noopener\">\n            <button class=\"ohme-btn primary button external\" title=\"\">T\u00e9l\u00e9chargez les logos<\/button>\n        <\/a>\n                            <\/div>\n                    <\/div>\n                        <\/div>\n    <\/div>\n\n<\/div>\n\n<div id=\"\" class=\"blockWrapper top-default bottom-default   \">\n\n\n<div class=\"contentWrapper textImageLeft  image\">\n            <div class=\"imageContainer\">\n            <img decoding=\"async\" loading=\"lazy\" src=\"https:\/\/ohme-ev.com\/be-fr\/wp-content\/uploads\/sites\/19\/2023\/07\/Product-details-large-collage_ePod-dark-background-front_UK-1.png\" alt=\"\"\/>\n        <\/div>\n\n        <div class=\"textContainer\">\n        <h3 class=\"title\">Kit technique<\/h3>\n        <h4 class=\"subtitle regular\"><\/h4>\n        <div class=\"text\"><p>Vous cherchez des informations techniques sur nos produits ? Pas de probl\u00e8me. Vous pouvez d\u00e9couvrir nos fiches techniques et nos manuels en cliquant sur le bouton ci-dessous.<\/p>\n<\/div>\n        <div class=\"buttonsContainer\">\n            \n            <a href=\"https:\/\/ohme-ev.com\/be-fr\/supports-techniques-pour-les-installateurs\/\" target=\"_blank\" rel=\"noopener\">\n            <button class=\"ohme-btn primary button external\" title=\"\">Au kit technique<\/button>\n        <\/a>\n            <\/div>\n            <\/div>\n<\/div>\n<\/div>\n\n<div id=\"ressourcesetaide\" class=\"blockWrapper top-default bottom-default   \">\n\n<div class=\"block installer-block contentWrapper\">\n    <div class=\"titles\">\n        <h2>S\u00e9lectionnez le chargeur sur lequel vous souhaitez obtenir plus d&#8217;informations<\/h2>\n        <h5><\/h5>\n    <\/div>\n    <div>\n        <div class=\"tabs-header\">\n                                            <div class=\"toggle-btn\" data-target=\"69de49d121796\">\n                    <div class=\"tickbox\"><\/div>\n                    <img loading=\"lazy\" decoding=\"async\" width=\"442\" height=\"602\" src=\"https:\/\/ohme-ev.com\/be-fr\/wp-content\/uploads\/sites\/19\/2023\/08\/product_ePod-cut-out_master.png\" class=\"attachment-post-thumbnail size-post-thumbnail wp-post-image\" alt=\"\" srcset=\"https:\/\/ohme-ev.com\/be-fr\/wp-content\/uploads\/sites\/19\/2023\/08\/product_ePod-cut-out_master.png 442w, https:\/\/ohme-ev.com\/be-fr\/wp-content\/uploads\/sites\/19\/2023\/08\/product_ePod-cut-out_master-220x300.png 220w, https:\/\/ohme-ev.com\/be-fr\/wp-content\/uploads\/sites\/19\/2023\/08\/product_ePod-cut-out_master-330x450.png 330w\" sizes=\"auto, (max-width: 442px) 100vw, 442px\" \/>                    <p>Ohme ePod<\/p>\n                <\/div>\n                                            <div class=\"toggle-btn\" data-target=\"69de49d121f2b\">\n                    <div class=\"tickbox\"><\/div>\n                    <img loading=\"lazy\" decoding=\"async\" width=\"1837\" height=\"1674\" src=\"https:\/\/ohme-ev.com\/be-fr\/wp-content\/uploads\/sites\/19\/2023\/09\/Schucko-retouch-Front-no-shaddow.webp\" class=\"attachment-post-thumbnail size-post-thumbnail wp-post-image\" alt=\"\" srcset=\"https:\/\/ohme-ev.com\/be-fr\/wp-content\/uploads\/sites\/19\/2023\/09\/Schucko-retouch-Front-no-shaddow.webp 1837w, https:\/\/ohme-ev.com\/be-fr\/wp-content\/uploads\/sites\/19\/2023\/09\/Schucko-retouch-Front-no-shaddow-300x273.webp 300w, https:\/\/ohme-ev.com\/be-fr\/wp-content\/uploads\/sites\/19\/2023\/09\/Schucko-retouch-Front-no-shaddow-1024x933.webp 1024w, https:\/\/ohme-ev.com\/be-fr\/wp-content\/uploads\/sites\/19\/2023\/09\/Schucko-retouch-Front-no-shaddow-768x700.webp 768w, https:\/\/ohme-ev.com\/be-fr\/wp-content\/uploads\/sites\/19\/2023\/09\/Schucko-retouch-Front-no-shaddow-1536x1400.webp 1536w, https:\/\/ohme-ev.com\/be-fr\/wp-content\/uploads\/sites\/19\/2023\/09\/Schucko-retouch-Front-no-shaddow-202x184.webp 202w, https:\/\/ohme-ev.com\/be-fr\/wp-content\/uploads\/sites\/19\/2023\/09\/Schucko-retouch-Front-no-shaddow-266x242.webp 266w\" sizes=\"auto, (max-width: 1837px) 100vw, 1837px\" \/>                    <p>Ohme Go<\/p>\n                <\/div>\n                                            <div class=\"toggle-btn\" data-target=\"69de49d122762\">\n                    <div class=\"tickbox\"><\/div>\n                    <img loading=\"lazy\" decoding=\"async\" width=\"286\" height=\"248\" src=\"https:\/\/ohme-ev.com\/be-fr\/wp-content\/uploads\/sites\/19\/2023\/07\/Specs_Home-Pro-cut-out_UK.png\" class=\"attachment-post-thumbnail size-post-thumbnail wp-post-image\" alt=\"\" \/>                    <p>Ohme Home Pro (11kW)<\/p>\n                <\/div>\n                                <\/div>\n        <div class=\"tabs-content\">\n                                                        <div class=\"content\" id=\"69de49d121796\">\n                    \n<div class=\"wp-block-group specifications\">\n    <div class=\"wp-block-group__inner-container\">\n        <h6 class=\"wp-block-heading\">Contr\u00f4le et interface<\/h6>\n        <p>Via l\u2019application smartphone<br \/>\nVia les boutons sur la borne<\/p>\n        <h6 class=\"wp-block-heading\">Connectivit\u00e9<\/h6>\n        <p>Carte SIM multi-r\u00e9seaux 3G\/4G<\/p>\n        <h6 class=\"wp-block-heading\">Type de prise et c\u00e2ble<\/h6>\n        <p>Mod\u00e8le sans c\u00e2ble fixe<br \/>\nCompatible avec Type 1 et Type 2<\/p>\n        <h6 class=\"wp-block-heading\">Puissance<\/h6>\n        <p>Puissance de sortie\/courant maximal :<br \/>\n&#8211; 7,4kW\/32A<br \/>\n&#8211; 22kW\/32A<\/p>\n<p>Alimentation nominale :<br \/>\n&#8211; 7,4kW &#8211; 230V AC, 50 Hz<br \/>\n&#8211; 22kW &#8211; 230V\/400V AC, 50 Hz<\/p>\n        <h6 class=\"wp-block-heading\">Dimensions et poids<\/h6>\n        <p>7,4kW: 230mm (H) x 140mm (L) x 100 mm (P) &#8211; 1,48kg<br \/>\n22kW: 220mm (H) x 150mm (L) x 140 mm (P) &#8211; 1,7kg<\/p>\n        <h6 class=\"wp-block-heading\">Technologie<\/h6>\n        <p>Recharge intelligente dynamique<br \/>\n\u00c9quilibrage de la puissance \u00e0 domicile<br \/>\nMises \u00e0 jour \u00e0 distance<\/p>\n        <h6 class=\"wp-block-heading\">Conformit\u00e9<\/h6>\n        <ul>\n<li>IP54<\/li>\n<li>Marquage CE<\/li>\n<li>Marsuage NF<\/li>\n<li>Conforme aux normes LVD, EMC, RED, RoHS, AEEA<\/li>\n<\/ul>\n        <h6 class=\"wp-block-heading\">Garantie<\/h6>\n        <p>Garantie 3 ans incluse<\/p>\n    <\/div>\n<\/div>\n                <\/div>\n                                                            <div class=\"content\" id=\"69de49d121f2b\">\n                    \n<div class=\"wp-block-group specifications\">\n    <div class=\"wp-block-group__inner-container\">\n        <h6 class=\"wp-block-heading\">Contr\u00f4le et interface<\/h6>\n        <p>Via l&#8217;appli Ohme<\/p>\n        <h6 class=\"wp-block-heading\">Connectivit\u00e9<\/h6>\n        <p>Carte SIM multi-r\u00e9seaux 3G\/4G<\/p>\n        <h6 class=\"wp-block-heading\">Type de prise et c\u00e2ble<\/h6>\n        <p>Mod\u00e8le avec c\u00e2ble de recharge int\u00e9gr\u00e9 de 5m &#8211; prise type Schuko UE \u00e0 Type 2<br \/>\nC\u00e2ble de 8m disponible en option<\/p>\n        <h6 class=\"wp-block-heading\">Puissance<\/h6>\n        <p>Puissance de sortie\/courant maximal : 3,7 kW, 16 A<br \/>\nAlimentation nominale : 220 \u00e0 250 V<br \/>\nFr\u00e9quence : 50 Hz<\/p>\n        <h6 class=\"wp-block-heading\">Dimensions et poids<\/h6>\n        <p>238mm (H) x 90mm (L) x 55mm (P)<br \/>\n4kg<\/p>\n        <h6 class=\"wp-block-heading\">Technologie<\/h6>\n        <p>Contr\u00f4le des sessions de recharge via l\u2019application smartphone Ohme<br \/>\nFacturation partag\u00e9e (split billing)<br \/>\nPasserelle OCPP 1.6<\/p>\n        <h6 class=\"wp-block-heading\">Conformit\u00e9<\/h6>\n        <ul>\n<li>IP55<\/li>\n<li>Marquage CE<\/li>\n<li>Certifi\u00e9 TUV Rheinland<\/li>\n<\/ul>\n        <h6 class=\"wp-block-heading\">Garantie<\/h6>\n        <p>Garantie 2 ans incluse<\/p>\n    <\/div>\n<\/div>\n                <\/div>\n                                                            <div class=\"content\" id=\"69de49d122762\">\n                    \n<div class=\"wp-block-group specifications\">\n    <div class=\"wp-block-group__inner-container\">\n        <h6 class=\"wp-block-heading\">Contr\u00f4le et interface<\/h6>\n        <p>Via l\u2019\u00e9cran LCD sur la borne<br \/>\nVia l\u2019application smartphone<br \/>\nVia les boutons sur la borne<\/p>\n        <h6 class=\"wp-block-heading\">Connectivit\u00e9<\/h6>\n        <p>Carte SIM multi-r\u00e9seaux 3G\/4G<\/p>\n        <h6 class=\"wp-block-heading\">Type de prise et c\u00e2ble<\/h6>\n        <p>Fourni avec un c\u00e2ble de recharge int\u00e9gr\u00e9 de 5m de Type 2<br \/>\nC\u00e2ble de 8 m disponible en option<\/p>\n        <h6 class=\"wp-block-heading\">Puissance<\/h6>\n        <p>Puissance de sortie\/courant maximal :<br \/>\n&#8211; 7,4kW\/32A<br \/>\n&#8211; 11 kW\/16A, 3P+N+PE<\/p>\n<p>Alimentation nominale :<br \/>\n&#8211; 7,4kW &#8211; 230V<br \/>\n&#8211; 11kW &#8211; 230V\/400V AC<\/p>\n<p>Fr\u00e9quence : 50 Hz<\/p>\n<p>Remarque : Les bornes de recharge domestiques de 11 kW n\u00e9cessitent une alimentation \u00e9lectrique triphas\u00e9e<\/p>\n        <h6 class=\"wp-block-heading\">Dimensions et poids<\/h6>\n        <p>170mm (H) x 200mm (L) x 100mm (P)<br \/>\n4kg <\/p>\n        <h6 class=\"wp-block-heading\">Technologie<\/h6>\n        <p>Recharge intelligente dynamique<br \/>\n\u00c9quilibrage de la puissance \u00e0 domicile<br \/>\nMises \u00e0 jour \u00e0 distance<\/p>\n        <h6 class=\"wp-block-heading\">Conformit\u00e9<\/h6>\n        <ul>\n<li>IP55\n<li>Marquage CE<\/li>\n<li>Conforme aux normes LVD, EMC, RED, RoHS, WEEE<\/li>\n<li>Certifi\u00e9 TUV Rheinland<\/li>\n<\/ul>\n        <h6 class=\"wp-block-heading\">Garantie<\/h6>\n        <p>Garantie 3 ans incluse<\/p>\n    <\/div>\n<\/div>\n                <\/div>\n                                                <\/div>\n    <\/div>\n\n<\/div>\n\n<\/div>\n\n<div id=\"\" class=\"blockWrapper top-default bottom-default   \">\n\n<div class=\"info bg-darkblue\">\n    <div class=\"contentWrapper\">\n                    <h2>\n                Besoin d\u2019aide ?            <\/h2>\n                <div class=\"text\">\n            <p>Si vous ne trouvez pas ce que vous cherchez, envoyez un message \u00e0 notre \u00e9quipe via <a href=\"mailto:sales.be@ohme-ev.com\">sales.be@ohme-ev.com<\/a> ou appelez-nous au num\u00e9ro ci-dessous<\/p>\n        <\/div>\n                <div class=\"phoneNumberContainer\">\n                        <div class=\"phoneNumberWrapper\">\n                                                                <a class=\"phoneNumber\" href=\"tel:+32 (0) 2 808 63 37\">+32 (0) 2 808 63 37<\/a>\n                            <\/div>\n                    <\/div>\n                        <div class=\"buttonsWrapper\">\n                        \n            <button\n                class=\"ohme-btn popup primary button\"\n                data-form-type=\"27\"\n                title=\"\"\n        >Devenez installateur certifi\u00e9<\/button>\n\n                            \n                    <\/div>\n            <\/div>\n<\/div>\n\n<\/div>","protected":false},"excerpt":{"rendered":"","protected":false},"author":1,"featured_media":0,"parent":0,"menu_order":0,"comment_status":"closed","ping_status":"closed","template":"","meta":{"_acf_changed":true,"_helpful_status":1,"footnotes":""},"partner":[],"class_list":["post-2235","page","type-page","status-publish","hentry"],"acf":[],"yoast_head":"<!-- This site is optimized with the Yoast SEO Premium plugin v27.3 (Yoast SEO v27.3) - https:\/\/yoast.com\/product\/yoast-seo-premium-wordpress\/ -->\n<title>Installateurs certifi\u00e9s Ohme - Ressources en ligne - Ohme EV Belgique<\/title>\n<meta name=\"robots\" content=\"index, follow, max-snippet:-1, max-image-preview:large, max-video-preview:-1\" \/>\n<link rel=\"canonical\" href=\"https:\/\/ohme-ev.com\/be-fr\/ressources-installateur\/\" \/>\n<meta property=\"og:locale\" content=\"fr_FR\" \/>\n<meta property=\"og:type\" content=\"article\" \/>\n<meta property=\"og:title\" content=\"Ressources pour installateurs\" \/>\n<meta property=\"og:url\" content=\"https:\/\/ohme-ev.com\/be-fr\/ressources-installateur\/\" \/>\n<meta property=\"og:site_name\" content=\"Ohme EV Belgique\" \/>\n<meta property=\"article:publisher\" content=\"https:\/\/www.facebook.com\/OhmeEV\/\" \/>\n<meta property=\"article:modified_time\" content=\"2025-12-29T13:00:49+00:00\" \/>\n<meta name=\"twitter:card\" content=\"summary_large_image\" \/>\n<meta name=\"twitter:site\" content=\"@ohmeev\" \/>\n<script type=\"application\/ld+json\" class=\"yoast-schema-graph\">{\"@context\":\"https:\\\/\\\/schema.org\",\"@graph\":[{\"@type\":\"WebPage\",\"@id\":\"https:\\\/\\\/ohme-ev.com\\\/be-fr\\\/ressources-installateur\\\/\",\"url\":\"https:\\\/\\\/ohme-ev.com\\\/be-fr\\\/ressources-installateur\\\/\",\"name\":\"Installateurs certifi\u00e9s Ohme - Ressources en ligne - Ohme EV Belgique\",\"isPartOf\":{\"@id\":\"https:\\\/\\\/ohme-ev.com\\\/be-fr\\\/#website\"},\"datePublished\":\"2023-06-26T12:01:21+00:00\",\"dateModified\":\"2025-12-29T13:00:49+00:00\",\"breadcrumb\":{\"@id\":\"https:\\\/\\\/ohme-ev.com\\\/be-fr\\\/ressources-installateur\\\/#breadcrumb\"},\"inLanguage\":\"fr-be\",\"potentialAction\":[{\"@type\":\"ReadAction\",\"target\":[\"https:\\\/\\\/ohme-ev.com\\\/be-fr\\\/ressources-installateur\\\/\"]}]},{\"@type\":\"BreadcrumbList\",\"@id\":\"https:\\\/\\\/ohme-ev.com\\\/be-fr\\\/ressources-installateur\\\/#breadcrumb\",\"itemListElement\":[{\"@type\":\"ListItem\",\"position\":1,\"name\":\"Home\",\"item\":\"https:\\\/\\\/ohme-ev.com\\\/be-fr\\\/\"},{\"@type\":\"ListItem\",\"position\":2,\"name\":\"Ressources pour installateurs\"}]},{\"@type\":\"WebSite\",\"@id\":\"https:\\\/\\\/ohme-ev.com\\\/be-fr\\\/#website\",\"url\":\"https:\\\/\\\/ohme-ev.com\\\/be-fr\\\/\",\"name\":\"Ohme EV Belgique\",\"description\":\"Ohme - EV Smart Charging Solutions\",\"potentialAction\":[{\"@type\":\"SearchAction\",\"target\":{\"@type\":\"EntryPoint\",\"urlTemplate\":\"https:\\\/\\\/ohme-ev.com\\\/be-fr\\\/?s={search_term_string}\"},\"query-input\":{\"@type\":\"PropertyValueSpecification\",\"valueRequired\":true,\"valueName\":\"search_term_string\"}}],\"inLanguage\":\"fr-be\"}]}<\/script>\n<!-- \/ Yoast SEO Premium plugin. -->","yoast_head_json":{"title":"Installateurs certifi\u00e9s Ohme - Ressources en ligne - Ohme EV Belgique","robots":{"index":"index","follow":"follow","max-snippet":"max-snippet:-1","max-image-preview":"max-image-preview:large","max-video-preview":"max-video-preview:-1"},"canonical":"https:\/\/ohme-ev.com\/be-fr\/ressources-installateur\/","og_locale":"fr_FR","og_type":"article","og_title":"Ressources pour installateurs","og_url":"https:\/\/ohme-ev.com\/be-fr\/ressources-installateur\/","og_site_name":"Ohme EV Belgique","article_publisher":"https:\/\/www.facebook.com\/OhmeEV\/","article_modified_time":"2025-12-29T13:00:49+00:00","twitter_card":"summary_large_image","twitter_site":"@ohmeev","schema":{"@context":"https:\/\/schema.org","@graph":[{"@type":"WebPage","@id":"https:\/\/ohme-ev.com\/be-fr\/ressources-installateur\/","url":"https:\/\/ohme-ev.com\/be-fr\/ressources-installateur\/","name":"Installateurs certifi\u00e9s Ohme - Ressources en ligne - Ohme EV Belgique","isPartOf":{"@id":"https:\/\/ohme-ev.com\/be-fr\/#website"},"datePublished":"2023-06-26T12:01:21+00:00","dateModified":"2025-12-29T13:00:49+00:00","breadcrumb":{"@id":"https:\/\/ohme-ev.com\/be-fr\/ressources-installateur\/#breadcrumb"},"inLanguage":"fr-be","potentialAction":[{"@type":"ReadAction","target":["https:\/\/ohme-ev.com\/be-fr\/ressources-installateur\/"]}]},{"@type":"BreadcrumbList","@id":"https:\/\/ohme-ev.com\/be-fr\/ressources-installateur\/#breadcrumb","itemListElement":[{"@type":"ListItem","position":1,"name":"Home","item":"https:\/\/ohme-ev.com\/be-fr\/"},{"@type":"ListItem","position":2,"name":"Ressources pour installateurs"}]},{"@type":"WebSite","@id":"https:\/\/ohme-ev.com\/be-fr\/#website","url":"https:\/\/ohme-ev.com\/be-fr\/","name":"Ohme EV Belgique","description":"Ohme - EV Smart Charging Solutions","potentialAction":[{"@type":"SearchAction","target":{"@type":"EntryPoint","urlTemplate":"https:\/\/ohme-ev.com\/be-fr\/?s={search_term_string}"},"query-input":{"@type":"PropertyValueSpecification","valueRequired":true,"valueName":"search_term_string"}}],"inLanguage":"fr-be"}]}},"_links":{"self":[{"href":"https:\/\/ohme-ev.com\/be-fr\/wp-json\/wp\/v2\/pages\/2235","targetHints":{"allow":["GET"]}}],"collection":[{"href":"https:\/\/ohme-ev.com\/be-fr\/wp-json\/wp\/v2\/pages"}],"about":[{"href":"https:\/\/ohme-ev.com\/be-fr\/wp-json\/wp\/v2\/types\/page"}],"author":[{"embeddable":true,"href":"https:\/\/ohme-ev.com\/be-fr\/wp-json\/wp\/v2\/users\/1"}],"replies":[{"embeddable":true,"href":"https:\/\/ohme-ev.com\/be-fr\/wp-json\/wp\/v2\/comments?post=2235"}],"version-history":[{"count":0,"href":"https:\/\/ohme-ev.com\/be-fr\/wp-json\/wp\/v2\/pages\/2235\/revisions"}],"wp:attachment":[{"href":"https:\/\/ohme-ev.com\/be-fr\/wp-json\/wp\/v2\/media?parent=2235"}],"wp:term":[{"taxonomy":"partner","embeddable":true,"href":"https:\/\/ohme-ev.com\/be-fr\/wp-json\/wp\/v2\/partner?post=2235"}],"curies":[{"name":"wp","href":"https:\/\/api.w.org\/{rel}","templated":true}]}}