{"id":2234,"date":"2023-06-26T12:01:28","date_gmt":"2023-06-26T12:01:28","guid":{"rendered":"https:\/\/ohme-cs-dev.local\/?page_id=42"},"modified":"2025-09-16T14:21:01","modified_gmt":"2025-09-16T14:21:01","slug":"etudes-de-cas","status":"publish","type":"page","link":"https:\/\/ohme-ev.com\/be-fr\/etudes-de-cas\/","title":{"rendered":"Business partnerships"},"content":{"rendered":"<div class=\"image-text-hero with-image gradient-enabled gradient-vertical has-mobile-bg\" style=\"--bg-desktop: url(&#039;https:\/\/ohme-ev.com\/be-fr\/wp-content\/uploads\/sites\/19\/2025\/09\/Mobility-page-Desktop1x.webp&#039;); --bg-mobile: url(&#039;https:\/\/ohme-ev.com\/be-fr\/wp-content\/uploads\/sites\/19\/2025\/09\/Mobility-page-Mobile1x.webp&#039;);\">\n\n    <div class=\"contentWrapper imageRight mobile-image-bottom\">\n        <div class=\"content-container\">\n            <div class=\"wrapper\">\n                                    <h1>\u00c9tudes de cas<\/h1>\n                \n                \n                                    <p><p>Certaines des plus grandes entreprises nous font confiance pour fournir des bornes de recharge \u00e0 leur clients. Que vous soyez un constructeur automobile, un fournisseur d\u2019\u00e9nergie ou un promoteur immobilier, nous avons l\u2019offre qu\u2019il vous faut.<\/p>\n<\/p>\n                \n                \n            <a href=\"https:\/\/ohme-ev.com\/be-fr\/word-een-ohme-partner\/\" target=\"_self\" >\n            <button class=\"ohme-btn secondaryDark button\" title=\"\">Contactez nous<\/button>\n        <\/a>\n    \n                            <\/div>\n        <\/div>\n\n        <div class=\"image-container\">\n            \n                    <\/div>\n    <\/div>\n\n    <\/div>\n\n<div id=\"\" class=\"blockWrapper top-default bottom-default   \">\n\n    <div class=\"\">\n\n        <div class=\"threeColumnWrapper \">\n            <h2 class=\"title\">Pourquoi devenir un partenaire Ohme?<\/h2>\n            <p class=\"subtitle regular \" style=\"\">L\u2019intelligence avec un grand I : vos clients tirent le meilleur parti de leur v\u00e9hicule \u00e9lectrique gr\u00e2ce \u00e0 notre technologie de recharge intelligente, facile \u00e0 utiliser et \u00e9volutive.<\/p>\n            <div class=\"columnsContainer\">\n                                        <div class=\"column\">\n                            <div class=\"imageContainer \">\n                                                                    <img loading=\"lazy\" decoding=\"async\" width=\"334\" height=\"242\" src=\"https:\/\/ohme-ev.com\/be-fr\/wp-content\/uploads\/sites\/19\/2023\/07\/3-image-module_ePod-zoom_master.png\" class=\"attachment-column_hero size-column_hero\" alt=\"\" srcset=\"https:\/\/ohme-ev.com\/be-fr\/wp-content\/uploads\/sites\/19\/2023\/07\/3-image-module_ePod-zoom_master.png 680w, https:\/\/ohme-ev.com\/be-fr\/wp-content\/uploads\/sites\/19\/2023\/07\/3-image-module_ePod-zoom_master-300x217.png 300w, https:\/\/ohme-ev.com\/be-fr\/wp-content\/uploads\/sites\/19\/2023\/07\/3-image-module_ePod-zoom_master-622x450.png 622w\" sizes=\"auto, (max-width: 334px) 100vw, 334px\" \/>\n                                                            <\/div>\n\n                            <div>\n                                <p class=\"label\"><\/p>\n                                <p class=\"subtitleColumn\">Technologie unique<\/p>\n                                <div class=\"body\"><p>Nos bornes de recharge s\u2019adaptent \u00e0 toutes les pr\u00e9f\u00e9rences. Permettant ainsi \u00e0 vos clients de tirer le meilleur parti de leur v\u00e9hicule \u00e9lectrique, tout en rechargeant aux heures creuses en toute facilit\u00e9.<\/p>\n<\/div>\n                            <\/div>\n                        <\/div>\n                                                <div class=\"column\">\n                            <div class=\"imageContainer \">\n                                                                    <img loading=\"lazy\" decoding=\"async\" width=\"340\" height=\"204\" src=\"https:\/\/ohme-ev.com\/be-fr\/wp-content\/uploads\/sites\/19\/2023\/08\/Card-header_Blerina-ePod-phone_master.png\" class=\"attachment-column_hero size-column_hero\" alt=\"\" srcset=\"https:\/\/ohme-ev.com\/be-fr\/wp-content\/uploads\/sites\/19\/2023\/08\/Card-header_Blerina-ePod-phone_master.png 1020w, https:\/\/ohme-ev.com\/be-fr\/wp-content\/uploads\/sites\/19\/2023\/08\/Card-header_Blerina-ePod-phone_master-300x180.png 300w, https:\/\/ohme-ev.com\/be-fr\/wp-content\/uploads\/sites\/19\/2023\/08\/Card-header_Blerina-ePod-phone_master-768x461.png 768w, https:\/\/ohme-ev.com\/be-fr\/wp-content\/uploads\/sites\/19\/2023\/08\/Card-header_Blerina-ePod-phone_master-750x450.png 750w\" sizes=\"auto, (max-width: 340px) 100vw, 340px\" \/>\n                                                            <\/div>\n\n                            <div>\n                                <p class=\"label\"><\/p>\n                                <p class=\"subtitleColumn\">Offre tout-en-un<\/p>\n                                <div class=\"body\"><p>Nous nous occupons de tout et garantissons une installation s\u00e9curis\u00e9e et de qualit\u00e9 par l\u2019un de nos installateurs certifi\u00e9s Ohme.<\/p>\n<\/div>\n                            <\/div>\n                        <\/div>\n                                                <div class=\"column\">\n                            <div class=\"imageContainer \">\n                                                                    <img loading=\"lazy\" decoding=\"async\" width=\"334\" height=\"242\" src=\"https:\/\/ohme-ev.com\/be-fr\/wp-content\/uploads\/sites\/19\/2024\/12\/3-Image-Module-Life-at-Ohme-334x242.webp\" class=\"attachment-column_hero size-column_hero\" alt=\"\" srcset=\"https:\/\/ohme-ev.com\/be-fr\/wp-content\/uploads\/sites\/19\/2024\/12\/3-Image-Module-Life-at-Ohme-334x242.webp 334w, https:\/\/ohme-ev.com\/be-fr\/wp-content\/uploads\/sites\/19\/2024\/12\/3-Image-Module-Life-at-Ohme-300x217.webp 300w, https:\/\/ohme-ev.com\/be-fr\/wp-content\/uploads\/sites\/19\/2024\/12\/3-Image-Module-Life-at-Ohme-254x184.webp 254w, https:\/\/ohme-ev.com\/be-fr\/wp-content\/uploads\/sites\/19\/2024\/12\/3-Image-Module-Life-at-Ohme.webp 680w\" sizes=\"auto, (max-width: 334px) 100vw, 334px\" \/>\n                                                            <\/div>\n\n                            <div>\n                                <p class=\"label\"><\/p>\n                                <p class=\"subtitleColumn\">Service d\u2019exception<\/p>\n                                <div class=\"body\"><p>Notre priorit\u00e9 est la satisfaction de nos clients. Le passage \u00e0 la mobilit\u00e9 \u00e9lectrique doit \u00eatre un jeu d\u2019enfant et nos experts sont la pour guider vos clients \u00e0 chaque \u00e9tape, pour une exp\u00e9rience de recharge optimale.<\/p>\n<\/div>\n                            <\/div>\n                        <\/div>\n                                    <\/div>\n                    <\/div>\n    <\/div>\n<\/div>\n\n<div id=\"\" class=\"blockWrapper top-default bottom-default   \">\n\n\n<div class=\" keyStatsBlock\">\n  <div class=\"contentWrapper stats\">\n    <h3 class=\"title\">Quelques chiffres<\/h3>\n    <div class=\"statsContainer\">\n                <div class=\"statWrapper\">\n            <h1 class=\"stat\">15 <\/h1>\n            <p class=\"copy\">Partenariats avec des constructeurs automobiles<\/p>\n          <\/div>\n\n                <div class=\"statWrapper\">\n            <h1 class=\"stat\">900 <\/h1>\n            <p class=\"copy\">Partenariats avec des concessionnaires<\/p>\n          <\/div>\n\n                <div class=\"statWrapper\">\n            <h1 class=\"stat\">10+ <\/h1>\n            <p class=\"copy\">Partenariats avec des soci\u00e9t\u00e9s de leasing<\/p>\n          <\/div>\n\n          <\/div>\n  <\/div>\n<\/div>\n<\/div>\n\n<div id=\"\" class=\"blockWrapper top-default bottom-default   \">\n\n<div class=\"text-image-right \">\n    <div class=\"inner\">\n        <div class=\"text-content\">\n                        <h3 class=\"title\">Partenaire officiel d\u2019Audi au Royaume-Uni<\/h3>\n                        <div class=\"text\"><h3><strong>Solutions de recharge sur mesure<\/strong><\/h3>\n<p><span lang=\"FR\">Audi nous a fait confiance pour offrir \u00e0 leurs clients un tarif pr\u00e9f\u00e9rentiel sur nos bornes de recharge, au Royaume Uni et en Irlande.\u00a0<\/span>Int\u00e9grant ainsi notre technologie \u00e0 leur gamme de v\u00e9hicules \u00e9lectriques.<\/p>\n<h3><strong><span lang=\"FR\">Formation\u00a0<\/span><span lang=\"FR\">et activation de l\u2019offre<\/span><\/strong><\/h3>\n<p>Nos accompagnons les \u00e9quipes Audi et \u00e9quipons leur concessionnaires avec des bornes d\u2019exposition. Les employ\u00e9s sont \u00e9galement form\u00e9s \u00e0 l\u2019utilisation d\u2019une platfeforme en ligne, pour une gestion des demandes de devis facilit\u00e9e.<\/p>\n<h3><strong>Service personalis\u00e9 tout-en-un<\/strong><\/h3>\n<p>Notre priorit\u00e9 est de familiariser les \u00e9quipes Audi avec nos produits, ainsi que l\u2019offre d\u00e9velopp\u00e9e ensemble. Notre solution cl\u00e9 en main nous a permis de r\u00e9pondre aux besoins sp\u00e9cifiques de ce partenariat.<\/p>\n<\/div>\n                                                <div class=\"buttons\">\n                                    \n                                <\/div>\n                                <\/div>\n        <div class=\"media-content\">\n                        <img decoding=\"async\" loading=\"lazy\" src=\"https:\/\/ohme-ev.com\/be-fr\/wp-content\/uploads\/sites\/19\/2023\/02\/6760_Audi_HomePro_front.jpg\" alt=\"Audi e-tron Gt Ireland Ohme Home Pro EV charger\" \/>\n                    <\/div>\n    <\/div>\n<\/div>\n\n<\/div>\n\n<div id=\"\" class=\"blockWrapper top-default bottom-default   \">\n\n\n<div class=\"contentWrapper textImageLeft  image\">\n            <div class=\"imageContainer\">\n            <img decoding=\"async\" loading=\"lazy\" src=\"https:\/\/ohme-ev.com\/be-fr\/wp-content\/uploads\/sites\/19\/2023\/08\/50x50-small_Energy-small_UK.jpg\" alt=\"A field with solar panels\"\/>\n        <\/div>\n\n        <div class=\"textContainer\">\n        <h3 class=\"title\">Un future plus vert avec Octopus Energy<\/h3>\n        <h4 class=\"subtitle regular\"><\/h4>\n        <div class=\"text\"><h3><strong><span lang=\"FR\">Partenaire de recharge tout-en-un<\/span><\/strong><\/h3>\n<p>Octopus Energy, l\u2019un des plus grands fournisseurs d\u2019\u00e9nergie du Royaume-Uni,\u00a0<span lang=\"FR\">a choisi Ohme comme fournisseur de bornes de recharge agr\u00e9\u00e9 afin de permettre \u00e0 leur client de recharger leur v\u00e9hicule depuis leur domicile.\u00a0<\/span><\/p>\n<h3><strong><span lang=\"FR\">Int\u00e9gration avec les tarifs d\u2019\u00e9lectricit\u00e9 facilit\u00e9e<\/span><\/strong><\/h3>\n<p>Les tarifs heures creuses d\u2019Octopus Energy permettent aux conducteurs de choisir entre des plages horaires fixes et flexibles pour charger lorsque cela leur convient. La technologie Ohme s\u2019int\u00e9gre \u00e0 n\u2019importe quel tarif d\u2019\u00e9nergie, pour une recharge moins ch\u00e8re.<\/p>\n<h3><strong>\u00c9quilibre entre l\u2019offre et la demande d\u2019\u00e9nergie\u00a0<\/strong><\/h3>\n<p>La flexibilit\u00e9 de la technologie Ohme a permis \u00e0 Octopus Energy, ainsi qu\u2019\u00e0 d\u2019autres fournisseurs d\u2019\u00e9lectricit\u00e9, d\u2019\u00e9viter les recharges pendant les pics de consommation d\u2019\u00e9nergie. Pour une recharge plus intelligente, rentable, et \u00e9co-responsable.<\/p>\n<\/div>\n        <div class=\"buttonsContainer\">\n                    <\/div>\n            <\/div>\n<\/div>\n<\/div>\n\n<div id=\"\" class=\"blockWrapper top-default bottom-default   \">\n\n<div class=\"text-image-right \">\n    <div class=\"inner\">\n        <div class=\"text-content\">\n                        <h3 class=\"title\">Un avenir \u00e9lectrique avec Harron Homes<\/h3>\n                        <div class=\"text\"><h3><span lang=\"FR\"><strong>Partenariat sur mesure<\/strong><\/span><\/h3>\n<p>Ohme est le partenaire officiel de nombreux promoteurs immobiliers au Royaume-Uni.\u00a0<span lang=\"FR\">Dans le cadre de ce partenariat avec Harron Homes, toutes leurs nouvelles propri\u00e9t\u00e9s ont \u00e9t\u00e9 \u00e9quip\u00e9es avec une borne Ohme, offrant aux propri\u00e9taires une solution de recharge \u00e0 domicile imm\u00e9diate.<\/span><\/p>\n<h3><strong>Conforme aux r\u00e9glementations en vigueur<\/strong><\/h3>\n<p>Nos bornes de recharge sont conformes aux derni\u00e8res r\u00e9glementations et l\u00e9gislations gouvernementale en vigueur.<\/p>\n<h3><span lang=\"FR\"><strong>\u00c9tude personnalis\u00e9e<\/strong><br \/>\n<\/span><\/h3>\n<p><span lang=\"FR\">La mise en place ce projet a commenc\u00e9 par une \u00e9tude sur mesure, afin de conseiller Harron Homes sur les meilleurs emplacements pour chacune des bornes de recharge.\u00a0<\/span>Le r\u00e9sultat? Une solution adapt\u00e9e aux biens en construction.<\/p>\n<\/div>\n                                                        <\/div>\n        <div class=\"media-content\">\n                        <img decoding=\"async\" loading=\"lazy\" src=\"https:\/\/ohme-ev.com\/be-fr\/wp-content\/uploads\/sites\/19\/2024\/01\/epod-wall.webp\" alt=\"\" \/>\n                    <\/div>\n    <\/div>\n<\/div>\n\n<\/div>\n\n<div id=\"\" class=\"blockWrapper top-default bottom-default   \">\n\n\n    <div class=\"featuresWrapper\">\n        <div class=\"contentWrapper features\">\n            <h3 class=\"title\">Des bornes de recharge d\u2019exception<\/h3>\n            <p class=\"subtitle\"><\/p>\n            <div class=\"featuresContainer\">\n                                        <div class=\"featureWrapper\">\n                            <div class=\"iconContainer\">\n                                <img decoding=\"async\" src=\"https:\/\/ohme-ev.com\/be-fr\/wp-content\/uploads\/sites\/19\/2023\/07\/Tick.svg\" alt=\"\"\/>\n                            <\/div>\n                            <p class=\"copy\">Rechargez plus rapidement qu\u2019avec une prise domestique<\/p>\n                        <\/div>\n\n                                                <div class=\"featureWrapper\">\n                            <div class=\"iconContainer\">\n                                <img decoding=\"async\" src=\"https:\/\/ohme-ev.com\/be-fr\/wp-content\/uploads\/sites\/19\/2023\/07\/Tick.svg\" alt=\"\"\/>\n                            <\/div>\n                            <p class=\"copy\">Bornes de recharge mobiles ou murales dynamique de la recharge<\/p>\n                        <\/div>\n\n                                                <div class=\"featureWrapper\">\n                            <div class=\"iconContainer\">\n                                <img decoding=\"async\" src=\"https:\/\/ohme-ev.com\/be-fr\/wp-content\/uploads\/sites\/19\/2023\/07\/Tick.svg\" alt=\"\"\/>\n                            <\/div>\n                            <p class=\"copy\">Certification TUV<\/p>\n                        <\/div>\n\n                                                <div class=\"featureWrapper\">\n                            <div class=\"iconContainer\">\n                                <img decoding=\"async\" src=\"https:\/\/ohme-ev.com\/be-fr\/wp-content\/uploads\/sites\/19\/2023\/07\/Tick.svg\" alt=\"\"\/>\n                            <\/div>\n                            <p class=\"copy\">Carte SIM multi-r\u00e9seaux 3G \/ 4G<\/p>\n                        <\/div>\n\n                                                <div class=\"featureWrapper\">\n                            <div class=\"iconContainer\">\n                                <img decoding=\"async\" src=\"https:\/\/ohme-ev.com\/be-fr\/wp-content\/uploads\/sites\/19\/2023\/07\/Tick.svg\" alt=\"\"\/>\n                            <\/div>\n                            <p class=\"copy\">Gestion dynamique de la recharge (disponible sur certain mod\u00e8les)<\/p>\n                        <\/div>\n\n                                                <div class=\"featureWrapper\">\n                            <div class=\"iconContainer\">\n                                <img decoding=\"async\" src=\"https:\/\/ohme-ev.com\/be-fr\/wp-content\/uploads\/sites\/19\/2023\/07\/Tick.svg\" alt=\"\"\/>\n                            <\/div>\n                            <p class=\"copy\">Certifications ISO 9001, ISO 27001<\/p>\n                        <\/div>\n\n                                    <\/div>\n            \n\n        <\/div>\n    <\/div>\n<\/div>\n\n<div id=\"\" class=\"blockWrapper top-default bottom-default   \">\n\n<div class=\"info bg-darkgreen\">\n    <div class=\"contentWrapper\">\n                    <h2>\n                Devenir partenaire            <\/h2>\n                <div class=\"text\">\n            <p>Contactez l\u2019un de nos experts pour discuter de vos besoins et de la mani\u00e8re dont notre technologie pourrait s\u2019int\u00e9grer \u00e0 votre offre de v\u00e9hicules \u00e9lectriques. Ensemble, nous pouvons concr\u00e9tiser vos ambitions \u00e0 grande \u00e9chelle.<\/p>\n        <\/div>\n                        <div class=\"buttonsWrapper\">\n                        \n            <a href=\"https:\/\/ohme-ev.com\/be-fr\/word-een-ohme-partner\/\" target=\"_self\" >\n            <button class=\"ohme-btn primary button\" title=\"\">Contactez nous<\/button>\n        <\/a>\n                        <\/div>\n            <\/div>\n<\/div>\n\n<\/div>","protected":false},"excerpt":{"rendered":"","protected":false},"author":1,"featured_media":0,"parent":0,"menu_order":0,"comment_status":"closed","ping_status":"closed","template":"","meta":{"_acf_changed":true,"_helpful_status":1,"footnotes":""},"partner":[],"class_list":["post-2234","page","type-page","status-publish","hentry"],"acf":[],"yoast_head":"<!-- This site is optimized with the Yoast SEO Premium plugin v27.5 (Yoast SEO v27.5) - https:\/\/yoast.com\/product\/yoast-seo-premium-wordpress\/ -->\n<title>Solutions de recharge pour VE - Partenariats &amp; Professionnels - Ohme EV Belgique<\/title>\n<meta name=\"robots\" content=\"index, follow, max-snippet:-1, max-image-preview:large, max-video-preview:-1\" \/>\n<link rel=\"canonical\" href=\"https:\/\/ohme-ev.com\/be-fr\/etudes-de-cas\/\" \/>\n<meta property=\"og:locale\" content=\"fr_FR\" \/>\n<meta property=\"og:type\" content=\"article\" \/>\n<meta property=\"og:title\" content=\"Business partnerships\" \/>\n<meta property=\"og:url\" content=\"https:\/\/ohme-ev.com\/be-fr\/etudes-de-cas\/\" \/>\n<meta property=\"og:site_name\" content=\"Ohme EV Belgique\" \/>\n<meta property=\"article:publisher\" content=\"https:\/\/www.facebook.com\/OhmeEV\/\" \/>\n<meta property=\"article:modified_time\" content=\"2025-09-16T14:21:01+00:00\" \/>\n<meta name=\"twitter:card\" content=\"summary_large_image\" \/>\n<meta name=\"twitter:site\" content=\"@ohmeev\" \/>\n<script type=\"application\/ld+json\" class=\"yoast-schema-graph\">{\"@context\":\"https:\\\/\\\/schema.org\",\"@graph\":[{\"@type\":\"WebPage\",\"@id\":\"https:\\\/\\\/ohme-ev.com\\\/be-fr\\\/etudes-de-cas\\\/\",\"url\":\"https:\\\/\\\/ohme-ev.com\\\/be-fr\\\/etudes-de-cas\\\/\",\"name\":\"Solutions de recharge pour VE - Partenariats & Professionnels - Ohme EV Belgique\",\"isPartOf\":{\"@id\":\"https:\\\/\\\/ohme-ev.com\\\/be-fr\\\/#website\"},\"datePublished\":\"2023-06-26T12:01:28+00:00\",\"dateModified\":\"2025-09-16T14:21:01+00:00\",\"breadcrumb\":{\"@id\":\"https:\\\/\\\/ohme-ev.com\\\/be-fr\\\/etudes-de-cas\\\/#breadcrumb\"},\"inLanguage\":\"fr-be\",\"potentialAction\":[{\"@type\":\"ReadAction\",\"target\":[\"https:\\\/\\\/ohme-ev.com\\\/be-fr\\\/etudes-de-cas\\\/\"]}]},{\"@type\":\"BreadcrumbList\",\"@id\":\"https:\\\/\\\/ohme-ev.com\\\/be-fr\\\/etudes-de-cas\\\/#breadcrumb\",\"itemListElement\":[{\"@type\":\"ListItem\",\"position\":1,\"name\":\"Home\",\"item\":\"https:\\\/\\\/ohme-ev.com\\\/be-fr\\\/\"},{\"@type\":\"ListItem\",\"position\":2,\"name\":\"Business partnerships\"}]},{\"@type\":\"WebSite\",\"@id\":\"https:\\\/\\\/ohme-ev.com\\\/be-fr\\\/#website\",\"url\":\"https:\\\/\\\/ohme-ev.com\\\/be-fr\\\/\",\"name\":\"Ohme EV Belgique\",\"description\":\"Ohme - EV Smart Charging Solutions\",\"potentialAction\":[{\"@type\":\"SearchAction\",\"target\":{\"@type\":\"EntryPoint\",\"urlTemplate\":\"https:\\\/\\\/ohme-ev.com\\\/be-fr\\\/?s={search_term_string}\"},\"query-input\":{\"@type\":\"PropertyValueSpecification\",\"valueRequired\":true,\"valueName\":\"search_term_string\"}}],\"inLanguage\":\"fr-be\"}]}<\/script>\n<!-- \/ Yoast SEO Premium plugin. -->","yoast_head_json":{"title":"Solutions de recharge pour VE - Partenariats & Professionnels - Ohme EV Belgique","robots":{"index":"index","follow":"follow","max-snippet":"max-snippet:-1","max-image-preview":"max-image-preview:large","max-video-preview":"max-video-preview:-1"},"canonical":"https:\/\/ohme-ev.com\/be-fr\/etudes-de-cas\/","og_locale":"fr_FR","og_type":"article","og_title":"Business partnerships","og_url":"https:\/\/ohme-ev.com\/be-fr\/etudes-de-cas\/","og_site_name":"Ohme EV Belgique","article_publisher":"https:\/\/www.facebook.com\/OhmeEV\/","article_modified_time":"2025-09-16T14:21:01+00:00","twitter_card":"summary_large_image","twitter_site":"@ohmeev","schema":{"@context":"https:\/\/schema.org","@graph":[{"@type":"WebPage","@id":"https:\/\/ohme-ev.com\/be-fr\/etudes-de-cas\/","url":"https:\/\/ohme-ev.com\/be-fr\/etudes-de-cas\/","name":"Solutions de recharge pour VE - Partenariats & Professionnels - Ohme EV Belgique","isPartOf":{"@id":"https:\/\/ohme-ev.com\/be-fr\/#website"},"datePublished":"2023-06-26T12:01:28+00:00","dateModified":"2025-09-16T14:21:01+00:00","breadcrumb":{"@id":"https:\/\/ohme-ev.com\/be-fr\/etudes-de-cas\/#breadcrumb"},"inLanguage":"fr-be","potentialAction":[{"@type":"ReadAction","target":["https:\/\/ohme-ev.com\/be-fr\/etudes-de-cas\/"]}]},{"@type":"BreadcrumbList","@id":"https:\/\/ohme-ev.com\/be-fr\/etudes-de-cas\/#breadcrumb","itemListElement":[{"@type":"ListItem","position":1,"name":"Home","item":"https:\/\/ohme-ev.com\/be-fr\/"},{"@type":"ListItem","position":2,"name":"Business partnerships"}]},{"@type":"WebSite","@id":"https:\/\/ohme-ev.com\/be-fr\/#website","url":"https:\/\/ohme-ev.com\/be-fr\/","name":"Ohme EV Belgique","description":"Ohme - EV Smart Charging Solutions","potentialAction":[{"@type":"SearchAction","target":{"@type":"EntryPoint","urlTemplate":"https:\/\/ohme-ev.com\/be-fr\/?s={search_term_string}"},"query-input":{"@type":"PropertyValueSpecification","valueRequired":true,"valueName":"search_term_string"}}],"inLanguage":"fr-be"}]}},"_links":{"self":[{"href":"https:\/\/ohme-ev.com\/be-fr\/wp-json\/wp\/v2\/pages\/2234","targetHints":{"allow":["GET"]}}],"collection":[{"href":"https:\/\/ohme-ev.com\/be-fr\/wp-json\/wp\/v2\/pages"}],"about":[{"href":"https:\/\/ohme-ev.com\/be-fr\/wp-json\/wp\/v2\/types\/page"}],"author":[{"embeddable":true,"href":"https:\/\/ohme-ev.com\/be-fr\/wp-json\/wp\/v2\/users\/1"}],"replies":[{"embeddable":true,"href":"https:\/\/ohme-ev.com\/be-fr\/wp-json\/wp\/v2\/comments?post=2234"}],"version-history":[{"count":0,"href":"https:\/\/ohme-ev.com\/be-fr\/wp-json\/wp\/v2\/pages\/2234\/revisions"}],"wp:attachment":[{"href":"https:\/\/ohme-ev.com\/be-fr\/wp-json\/wp\/v2\/media?parent=2234"}],"wp:term":[{"taxonomy":"partner","embeddable":true,"href":"https:\/\/ohme-ev.com\/be-fr\/wp-json\/wp\/v2\/partner?post=2234"}],"curies":[{"name":"wp","href":"https:\/\/api.w.org\/{rel}","templated":true}]}}