{"id":3243,"date":"2024-12-11T10:37:29","date_gmt":"2024-12-11T10:37:29","guid":{"rendered":"https:\/\/ohmestg.wpengine.com\/es\/?post_type=product&amp;p=3243"},"modified":"2024-12-11T10:37:29","modified_gmt":"2024-12-11T10:37:29","slug":"ohme-go-commando","status":"publish","type":"product","link":"https:\/\/ohme-ev.com\/ar\/producto\/ohme-go-commando\/","title":{"rendered":"Ohme Go (commando)"},"content":{"rendered":"<div class=\"product-hero bg-darkblue\">\n    <div class=\"contentWrapper\">\n        <div class=\"image-container\">\n                            <div class=\"image-wrapper\">\n                    <img decoding=\"async\" src=\"https:\/\/ohme-ev.com\/ar\/wp-content\/uploads\/sites\/26\/2023\/09\/Ohme-Go-34-light-square-1.jpg\" alt=\"https:\/\/ohme-ev.com\/ar\/wp-content\/uploads\/sites\/26\/2023\/09\/Ohme-Go-34-light-square-1.jpg\" \/>\n                <\/div>\n                                            <\/div>\n        <div class=\"content-container\">\n            <div class=\"wrapper\">\n                <h1 class=\"title\">Conoce el Ohme Go<\/h1>\n                                    <h5 class=\"subtitle\">Cable de carga inteligente port\u00e1til: te permite cargar tu VE en cualquier momento y lugar, manteniendo el control de los costes para un reembolso r\u00e1pido y f\u00e1cil.<\/h5>\n                                                \n            <button\n                class=\"ohme-btn popup primary button\"\n                data-form-type=\"8\"\n                title=\"\"\n        >Obtenga un presupuesto<\/button>\n\n                                                <\/div>\n        <\/div>\n    <\/div>\n<\/div>\n\n<div id=\"\" class=\"blockWrapper top-default bottom-default   \">\n\n\n    <div class=\"featuresWrapper\">\n        <div class=\"contentWrapper features\">\n            <h3 class=\"title\">La soluci\u00f3n definitiva para enchufar y cargar<\/h3>\n            <p class=\"subtitle\"><\/p>\n            <div class=\"featuresContainer\">\n                                        <div class=\"featureWrapper\">\n                            <div class=\"iconContainer\">\n                                <img decoding=\"async\" src=\"https:\/\/ohme-ev.com\/ar\/wp-content\/uploads\/sites\/26\/2023\/07\/Tick-1.svg\" alt=\"\"\/>\n                            <\/div>\n                            <p class=\"copy\">Cable port\u00e1til, sin instalaci\u00f3n<\/p>\n                        <\/div>\n\n                                                <div class=\"featureWrapper\">\n                            <div class=\"iconContainer\">\n                                <img decoding=\"async\" src=\"https:\/\/ohme-ev.com\/ar\/wp-content\/uploads\/sites\/26\/2023\/07\/Tick-1.svg\" alt=\"\"\/>\n                            <\/div>\n                            <p class=\"copy\">Controlado por aplicaci\u00f3n para smartphone<\/p>\n                        <\/div>\n\n                                                <div class=\"featureWrapper\">\n                            <div class=\"iconContainer\">\n                                <img decoding=\"async\" src=\"https:\/\/ohme-ev.com\/ar\/wp-content\/uploads\/sites\/26\/2023\/07\/Tick-1.svg\" alt=\"\"\/>\n                            <\/div>\n                            <p class=\"copy\">Pantalla LCD<\/p>\n                        <\/div>\n\n                                                <div class=\"featureWrapper\">\n                            <div class=\"iconContainer\">\n                                <img decoding=\"async\" src=\"https:\/\/ohme-ev.com\/ar\/wp-content\/uploads\/sites\/26\/2023\/07\/Tick-1.svg\" alt=\"\"\/>\n                            <\/div>\n                            <p class=\"copy\">Habilitado para facturaci\u00f3n dividida<\/p>\n                        <\/div>\n\n                                                <div class=\"featureWrapper\">\n                            <div class=\"iconContainer\">\n                                <img decoding=\"async\" src=\"https:\/\/ohme-ev.com\/ar\/wp-content\/uploads\/sites\/26\/2023\/07\/Tick-1.svg\" alt=\"\"\/>\n                            <\/div>\n                            <p class=\"copy\">Reembolso f\u00e1cil a trav\u00e9s del portal de gesti\u00f3n de flotas de Ohme<\/p>\n                        <\/div>\n\n                                                <div class=\"featureWrapper\">\n                            <div class=\"iconContainer\">\n                                <img decoding=\"async\" src=\"https:\/\/ohme-ev.com\/ar\/wp-content\/uploads\/sites\/26\/2023\/07\/Tick-1.svg\" alt=\"\"\/>\n                            <\/div>\n                            <p class=\"copy\">Garant\u00eda de 2 a\u00f1os como est\u00e1ndar<\/p>\n                        <\/div>\n\n                                    <\/div>\n            \n            <a href=\"#compare\">\n            <button class=\"ohme-btn primary button\" title=\"\">Compare nuestros cargadores<\/button>\n        <\/a>\n\n    \n        <\/div>\n    <\/div>\n<\/div>\n\n<div id=\"\" class=\"blockWrapper top-default bottom-default   \">\n\n<div class=\"text-image-right \">\n    <div class=\"inner\">\n        <div class=\"text-content\">\n                        <h3 class=\"title\">Aplicaci\u00f3n para smartphone para disponer de m\u00e1s control<\/h3>\n                        <div class=\"text\"><h3>Programe sus sesiones de carga<\/h3>\n<p>Optimice el coste de sus sesiones de carga configurando una programaci\u00f3n personalizada en la aplicaci\u00f3n Ohme, seg\u00fan sus preferencias de horas y tarifa.<\/p>\n<h3>A\u00f1ada su tarifa energ\u00e9tica<\/h3>\n<p>Configure su tarifa el\u00e9ctrica seg\u00fan el tiempo de uso y deje que la aplicaci\u00f3n programe autom\u00e1ticamente la carga de su veh\u00edculo el\u00e9ctrico cuando sea m\u00e1s barato.<\/p>\n<h3>Carga solar (seg\u00fan el modelo)<\/h3>\n<p>Active \u200bnuestra \u200bfunci\u00f3n \u200bsolar \u200ben \u200bla \u200baplicaci\u00f3n \u200by use el excedente de energ\u00eda solar para cargar su autom\u00f3vil con \u200benerg\u00eda \u200bverde.<\/p>\n<h3>Monitorice el uso de energ\u00eda<\/h3>\n<p>Vigile los costes de carga de su autom\u00f3vil y a cada kWh utilizado para comprender mejor su uso de energ\u00eda en el hogar.<\/p>\n<\/div>\n                                                            <div class=\"buttons\">\n                                                            <a href=\"https:\/\/apps.apple.com\/gb\/app\/ohme-intelligent-ev-charger\/id1377322844\" target=\"\">\n                            <img decoding=\"async\" src=\"https:\/\/ohme-ev.com\/ar\/wp-content\/uploads\/sites\/26\/2024\/02\/app-store-es-1-2.webp\" alt=\"\" \/>\n                        <\/a>\n                                                                                <a href=\"https:\/\/play.google.com\/store\/apps\/details?id=io.ohme.android&amp;hl=en_GB&amp;gl=US\" target=\"\">\n                            <img decoding=\"async\" src=\"https:\/\/ohme-ev.com\/ar\/wp-content\/uploads\/sites\/26\/2024\/02\/google-play-badge-es-2.webp\" alt=\"\" \/>\n                        <\/a>\n                                                <\/div>\n                    <\/div>\n        <div class=\"media-content\">\n                        <img decoding=\"async\" loading=\"lazy\" src=\"https:\/\/ohme-ev.com\/ar\/wp-content\/uploads\/sites\/26\/2024\/02\/50x50_spain-app-1_es-1.webp\" alt=\"Ohme\" \/>\n                    <\/div>\n    <\/div>\n<\/div>\n\n<\/div>\n\n<div id=\"\" class=\"blockWrapper top-default bottom-default   \">\n\n\n<div class=\"contentWrapper textImageLeft  image\">\n            <div class=\"imageContainer\">\n            <img decoding=\"async\" loading=\"lazy\" src=\"https:\/\/ohme-ev.com\/ar\/wp-content\/uploads\/sites\/26\/2023\/07\/50x50_Home-Pro-front-light-background_master-1.jpg\" alt=\"Ohme Home Pro on a clear background\"\/>\n        <\/div>\n\n        <div class=\"textContainer\">\n        <h3 class=\"title\">\u00bfNecesitas un cargador fijo en la pared?<\/h3>\n        <h4 class=\"subtitle regular\"><\/h4>\n        <div class=\"text\"><p>Echa un vistazo al Ohme Home Pro: nuestro cargador con cable, que cuenta con una pantalla a color para mayor comodidad.<\/p>\n<\/div>\n        <div class=\"buttonsContainer\">\n            \n            <button\n                class=\"ohme-btn popup primary button\"\n                data-form-type=\"8\"\n                title=\"\"\n        >Obt\u00e9n un presupuesto<\/button>\n\n    \n            <a href=\"https:\/\/ohme-ev.com\/ar\/producto\/ohme-home-pro\/\" target=\"_self\" >\n            <button class=\"ohme-btn secondaryLight button\" title=\"\">Mas informaci\u00f3n<\/button>\n        <\/a>\n            <\/div>\n            <\/div>\n<\/div>\n<\/div>\n\n<div id=\"compare\" class=\"blockWrapper top-default bottom-default   \">\n\n<div class=\"block compare-specs\">\n    <div class=\"contentWrapper\">\n        <h2 class=\"header\">\n            Compare nuestros cargadores        <\/h2>\n        <div class=\"nav-space\">\n                    <div class=\"carousel-nav show-wide\">\n                <div class=\"prev\"><\/div>\n                <div class=\"next\"><\/div>\n            <\/div>\n                <\/div>\n        <div class=\"product-carousel\">\n                                    <div class=\"product-wrapper\">\n                <div class=\"product__info\">\n                    <img loading=\"lazy\" decoding=\"async\" width=\"716\" height=\"626\" src=\"https:\/\/ohme-ev.com\/ar\/wp-content\/uploads\/sites\/26\/2025\/06\/2-column-product_HomePro-cut-out_master-2-1.webp\" class=\"attachment-post-thumbnail size-post-thumbnail wp-post-image\" alt=\"\" srcset=\"https:\/\/ohme-ev.com\/ar\/wp-content\/uploads\/sites\/26\/2025\/06\/2-column-product_HomePro-cut-out_master-2-1.webp 716w, https:\/\/ohme-ev.com\/ar\/wp-content\/uploads\/sites\/26\/2025\/06\/2-column-product_HomePro-cut-out_master-2-1-300x262.webp 300w, https:\/\/ohme-ev.com\/ar\/wp-content\/uploads\/sites\/26\/2025\/06\/2-column-product_HomePro-cut-out_master-2-1-210x184.webp 210w, https:\/\/ohme-ev.com\/ar\/wp-content\/uploads\/sites\/26\/2025\/06\/2-column-product_HomePro-cut-out_master-2-1-277x242.webp 277w\" sizes=\"auto, (max-width: 716px) 100vw, 716px\" \/>                    <h4>Ohme Home Pro (7.4kW)<\/h4>\n                                                        <\/div>\n                <div class=\"product__specs\">\n                                        <h6>Control y acceso<\/h6>\n                    <p>A trav\u00e9s de una pantalla LCD incorporada<br \/>\nA trav\u00e9s de una aplicaci\u00f3n para smartphone<br \/>\nA trav\u00e9s de botones en el cargador<\/p>\n                                                            <h6>Conectividad<\/h6>\n                    <p>Tarjeta SIM multi-red (3G\/4G) o Wi-Fi y Bluetooth, seg\u00fan el modelo.<\/p>\n                                                            <h6>Tipo de enchufe y cable<\/h6>\n                    <p>Viene con un cable tipo 2 de 5 m conectado como est\u00e1ndar<br \/>\nActualizaci\u00f3n de cable de 8 m disponible como opci\u00f3n<\/p>\n                                                            <h6>Clasificaci\u00f3n de potencia<\/h6>\n                    <p>Salida de potencia\/corriente m\u00e1xima: 7,4 kW\/32 A, F+N+PE<br \/>\nAlimentaci\u00f3n nominal: 230V CA, Frecuencia: 50 Hz<\/p>\n                                                            <h6>Dimensiones y peso<\/h6>\n                    <p>170 mm (alt.) x 200 mm (anch.) x 100 mm (prof.)<br \/>\n4kg<\/p>\n                                                            <h6>Tecnolog\u00eda<\/h6>\n                    <p>Carga inteligente din\u00e1mica<br \/>\nCarga solar lista mediante pinza amperim\u00e9trica (CT Clamp)<br \/>\nBalanceo de carga en el hogar mediante pinza amperim\u00e9trica (CT Clamp)<br \/>\nActualizaciones inal\u00e1mbricas<\/p>\n                                                            <h6>Cumplimiento normativo<\/h6>\n                    <ul>\n<li>IP55<\/li>\n<li>Marcado CE<\/li>\n<li>Cumple con las normativas LVD, EMC, RED, RoHS, WEEE<\/li>\n<li>Certificado TUV Rheinland<\/li>\n<\/ul>\n                                                            <h6>Garant\u00eda<\/h6>\n                    <p>3 a\u00f1os est\u00e1ndar<\/p>\n                                    <\/div>\n            <\/div>\n                                    <div class=\"product-wrapper\">\n                <div class=\"product__info\">\n                    <img loading=\"lazy\" decoding=\"async\" width=\"164\" height=\"223\" src=\"https:\/\/ohme-ev.com\/ar\/wp-content\/uploads\/sites\/26\/2023\/07\/ePod-cut-out-1.png\" class=\"attachment-post-thumbnail size-post-thumbnail wp-post-image\" alt=\"\" srcset=\"https:\/\/ohme-ev.com\/ar\/wp-content\/uploads\/sites\/26\/2023\/07\/ePod-cut-out-1.png 164w, https:\/\/ohme-ev.com\/ar\/wp-content\/uploads\/sites\/26\/2023\/07\/ePod-cut-out-1-135x184.png 135w\" sizes=\"auto, (max-width: 164px) 100vw, 164px\" \/>                    <h4>Ohme ePod<\/h4>\n                                                        <\/div>\n                <div class=\"product__specs\">\n                                        <h6>Control y acceso<\/h6>\n                    <p>A trav\u00e9s de la aplicaci\u00f3n para smartphone<br \/>\nA trav\u00e9s de botones en el cargador<\/p>\n                                                            <h6>Conectividad<\/h6>\n                    <p>Tarjeta SIM multirred 3G\/4G<\/p>\n                                                            <h6>Tipo de enchufe y cable<\/h6>\n                    <p>Modelo sin cable<br \/>\nCompatible con veh\u00edculos el\u00e9ctricos Tipo 1 y Tipo 2<br \/>\nCable de 5 m y 8 m disponible como opci\u00f3n<\/p>\n                                                            <h6>Potencia nominal<\/h6>\n                    <p>Salida de potencia\/corriente m\u00e1xima: 7,4 kW\/32 A<br \/>\nAlimentaci\u00f3n nominal: 230 V CA, Frecuencia: 50 Hz<\/p>\n                                                            <h6>Dimensiones y peso<\/h6>\n                    <p>230 mm (alt.) x 140 mm (anch.) x 100 mm (prof.)<br \/>\n1,48kg<\/p>\n                                                            <h6>Tecnolog\u00eda<\/h6>\n                    <p>Carga inteligente din\u00e1mica<br \/>\nBalanceo de carga en el hogar<br \/>\nActualizaciones inal\u00e1mbricas<br \/>\nTecnolog\u00eda de carga solar (pr\u00f3ximamente)<\/p>\n                                                            <h6>Cumplimiento normativo<\/h6>\n                    <ul>\n<li>IP54<\/li>\n<li>Marcado CE<\/li>\n<li>Cumple con la UNE<\/li>\n<li>Cumple con LVD, EMC, RED, RoHS y WEEE<\/li>\n<\/ul>\n                                                            <h6>Garant\u00eda<\/h6>\n                    <p>3 a\u00f1os est\u00e1ndar<\/p>\n                                    <\/div>\n            <\/div>\n                                    <div class=\"product-wrapper\">\n                <div class=\"product__info\">\n                    <img loading=\"lazy\" decoding=\"async\" width=\"1288\" height=\"1420\" src=\"https:\/\/ohme-ev.com\/ar\/wp-content\/uploads\/sites\/26\/2023\/09\/Ohme-Go-front_square-1.png\" class=\"attachment-post-thumbnail size-post-thumbnail wp-post-image\" alt=\"\" srcset=\"https:\/\/ohme-ev.com\/ar\/wp-content\/uploads\/sites\/26\/2023\/09\/Ohme-Go-front_square-1.png 1288w, https:\/\/ohme-ev.com\/ar\/wp-content\/uploads\/sites\/26\/2023\/09\/Ohme-Go-front_square-1-272x300.png 272w, https:\/\/ohme-ev.com\/ar\/wp-content\/uploads\/sites\/26\/2023\/09\/Ohme-Go-front_square-1-929x1024.png 929w, https:\/\/ohme-ev.com\/ar\/wp-content\/uploads\/sites\/26\/2023\/09\/Ohme-Go-front_square-1-768x847.png 768w, https:\/\/ohme-ev.com\/ar\/wp-content\/uploads\/sites\/26\/2023\/09\/Ohme-Go-front_square-1-167x184.png 167w, https:\/\/ohme-ev.com\/ar\/wp-content\/uploads\/sites\/26\/2023\/09\/Ohme-Go-front_square-1-220x242.png 220w\" sizes=\"auto, (max-width: 1288px) 100vw, 1288px\" \/>                    <h4>Ohme Go<\/h4>\n                                                        <\/div>\n                <div class=\"product__specs\">\n                                        <h6>Control y accesso<\/h6>\n                    <p>Solo Plug &amp; Charge<\/p>\n                                                            <h6>Conectividad<\/h6>\n                    <p>Tarjeta 3G \/ 4G multioperador incluida<\/p>\n                                                            <h6>Tipo de enchufe y cable<\/h6>\n                    <p>Modelo con cable integrado<br \/>\nDe Schuko a conector Tipo  2<\/p>\n                                                            <h6>Clasificaci\u00f3n de potencia<\/h6>\n                    <p>M\u00e1xima potencia\/M\u00e1xima corriente: 3.7kW, 16A<br \/>\nVoltaje: 220-250V, Frequencia: 50-60 Hz<\/p>\n                                                            <h6>Dimensiones y peso<\/h6>\n                    <p>240mm (A) x 90mm (A) x 60mm (P)<br \/>\n4 kg<\/p>\n                                                            <h6>Tecnolog\u00eda<\/h6>\n                    <p>Controlado por aplicaci\u00f3n smartphone<br \/>\nFacturaci\u00f3n dividida<br \/>\nOCPP 1.6<\/p>\n                                                            <h6>Cumplimiento normativo<\/h6>\n                    <ul>\n<li>IP55 + inmersi\u00f3n parcial<\/li>\n<li>CE<\/li>\n<li>Certificado por TUV Rheinland<\/li>\n<\/ul>\n                                                            <h6>Garant\u00eda<\/h6>\n                    <p>2 a\u00f1os como est\u00e1ndar<\/p>\n                                    <\/div>\n            <\/div>\n                                    <div class=\"product-wrapper\">\n                <div class=\"product__info\">\n                    <img loading=\"lazy\" decoding=\"async\" width=\"800\" height=\"701\" src=\"https:\/\/ohme-ev.com\/ar\/wp-content\/uploads\/sites\/26\/2024\/12\/OhmeGo_Commando_FrontView-2-1.webp\" class=\"attachment-post-thumbnail size-post-thumbnail wp-post-image\" alt=\"\" srcset=\"https:\/\/ohme-ev.com\/ar\/wp-content\/uploads\/sites\/26\/2024\/12\/OhmeGo_Commando_FrontView-2-1.webp 800w, https:\/\/ohme-ev.com\/ar\/wp-content\/uploads\/sites\/26\/2024\/12\/OhmeGo_Commando_FrontView-2-1-300x263.webp 300w, https:\/\/ohme-ev.com\/ar\/wp-content\/uploads\/sites\/26\/2024\/12\/OhmeGo_Commando_FrontView-2-1-768x673.webp 768w, https:\/\/ohme-ev.com\/ar\/wp-content\/uploads\/sites\/26\/2024\/12\/OhmeGo_Commando_FrontView-2-1-210x184.webp 210w, https:\/\/ohme-ev.com\/ar\/wp-content\/uploads\/sites\/26\/2024\/12\/OhmeGo_Commando_FrontView-2-1-276x242.webp 276w\" sizes=\"auto, (max-width: 800px) 100vw, 800px\" \/>                    <h4>Ohme Go (commando)<\/h4>\n                                                        <\/div>\n                <div class=\"product__specs\">\n                                        <h6>Control y accesso<\/h6>\n                    <p>Solo Plug &amp; Charge<\/p>\n                                                            <h6>Conectividad<\/h6>\n                    <p>Tarjeta 3G \/ 4G multioperador incluida<\/p>\n                                                            <h6>Tipo de enchufe y cable<\/h6>\n                    <p>Cable de carga &#8211; cable est\u00e1ndar de 5 m con enchufe Commando a Type 2, opci\u00f3n de actualizaci\u00f3n a cable de 8 m.<\/p>\n                                                            <h6>Clasificaci\u00f3n de potencia<\/h6>\n                    <p>M\u00e1xima potencia\/M\u00e1xima corriente: 7,4 kW \/ 32 A<br \/>\nVoltaje: 220-250V, Frequencia: 50-60 Hz<\/p>\n                                                            <h6>Dimensiones y peso<\/h6>\n                    <p>240mm (A) x 90mm (A) x 60mm (P)<br \/>\n4 kg<\/p>\n                                                            <h6>Tecnolog\u00eda<\/h6>\n                    <p>Controlado por aplicaci\u00f3n smartphone<br \/>\nFacturaci\u00f3n dividida<br \/>\nOCPP 1.6<\/p>\n                                                            <h6>Cumplimiento normativo<\/h6>\n                    <ul>\n<li>IP55 + inmersi\u00f3n parcial<\/li>\n<li>CE<\/li>\n<li>Certificado por TUV Rheinland<\/li>\n<\/ul>\n                                                            <h6>Garant\u00eda<\/h6>\n                    <p>2 a\u00f1os como est\u00e1ndar<\/p>\n                                    <\/div>\n            <\/div>\n                    <\/div>\n\n    <\/div>\n<\/div>\n\n<\/div>","protected":false},"featured_media":3244,"template":"","class_list":["post-3243","product","type-product","status-publish","has-post-thumbnail","hentry"],"acf":[],"yoast_head":"<!-- This site is optimized with the Yoast SEO Premium plugin v27.4 (Yoast SEO v27.4) - https:\/\/yoast.com\/product\/yoast-seo-premium-wordpress\/ -->\n<title>Ohme Go (commando) - Ohme EV Argentina<\/title>\n<meta name=\"robots\" content=\"index, follow, max-snippet:-1, max-image-preview:large, max-video-preview:-1\" \/>\n<link rel=\"canonical\" href=\"https:\/\/ohme-ev.com\/ar\/product\/ohme-go-commando\/\" \/>\n<meta property=\"og:locale\" content=\"es_ES\" \/>\n<meta property=\"og:type\" content=\"article\" \/>\n<meta property=\"og:title\" content=\"Ohme Go (commando)\" \/>\n<meta property=\"og:url\" content=\"https:\/\/ohme-ev.com\/ar\/product\/ohme-go-commando\/\" \/>\n<meta property=\"og:site_name\" content=\"Ohme EV Argentina\" \/>\n<meta property=\"og:image\" content=\"https:\/\/ohme-ev.com\/ar\/wp-content\/uploads\/sites\/26\/2024\/12\/OhmeGo_Commando_FrontView-2-1.webp\" \/>\n\t<meta property=\"og:image:width\" content=\"800\" \/>\n\t<meta property=\"og:image:height\" content=\"701\" \/>\n\t<meta property=\"og:image:type\" content=\"image\/webp\" \/>\n<meta name=\"twitter:card\" content=\"summary_large_image\" \/>\n<meta name=\"twitter:label1\" content=\"Est. reading time\" \/>\n\t<meta name=\"twitter:data1\" content=\"1 minute\" \/>\n<script type=\"application\/ld+json\" class=\"yoast-schema-graph\">{\"@context\":\"https:\\\/\\\/schema.org\",\"@graph\":[{\"@type\":\"WebPage\",\"@id\":\"https:\\\/\\\/ohme-ev.com\\\/ar\\\/product\\\/ohme-go-commando\\\/\",\"url\":\"https:\\\/\\\/ohme-ev.com\\\/ar\\\/product\\\/ohme-go-commando\\\/\",\"name\":\"Ohme Go (commando) - Ohme EV Argentina\",\"isPartOf\":{\"@id\":\"https:\\\/\\\/ohme-ev.com\\\/ar\\\/#website\"},\"primaryImageOfPage\":{\"@id\":\"https:\\\/\\\/ohme-ev.com\\\/ar\\\/product\\\/ohme-go-commando\\\/#primaryimage\"},\"image\":{\"@id\":\"https:\\\/\\\/ohme-ev.com\\\/ar\\\/product\\\/ohme-go-commando\\\/#primaryimage\"},\"thumbnailUrl\":\"https:\\\/\\\/ohme-ev.com\\\/ar\\\/wp-content\\\/uploads\\\/sites\\\/26\\\/2024\\\/12\\\/OhmeGo_Commando_FrontView-2-1.webp\",\"datePublished\":\"2024-12-11T10:37:29+00:00\",\"breadcrumb\":{\"@id\":\"https:\\\/\\\/ohme-ev.com\\\/ar\\\/product\\\/ohme-go-commando\\\/#breadcrumb\"},\"inLanguage\":\"es-ar\",\"potentialAction\":[{\"@type\":\"ReadAction\",\"target\":[\"https:\\\/\\\/ohme-ev.com\\\/ar\\\/product\\\/ohme-go-commando\\\/\"]}]},{\"@type\":\"ImageObject\",\"inLanguage\":\"es-ar\",\"@id\":\"https:\\\/\\\/ohme-ev.com\\\/ar\\\/product\\\/ohme-go-commando\\\/#primaryimage\",\"url\":\"https:\\\/\\\/ohme-ev.com\\\/ar\\\/wp-content\\\/uploads\\\/sites\\\/26\\\/2024\\\/12\\\/OhmeGo_Commando_FrontView-2-1.webp\",\"contentUrl\":\"https:\\\/\\\/ohme-ev.com\\\/ar\\\/wp-content\\\/uploads\\\/sites\\\/26\\\/2024\\\/12\\\/OhmeGo_Commando_FrontView-2-1.webp\",\"width\":800,\"height\":701},{\"@type\":\"BreadcrumbList\",\"@id\":\"https:\\\/\\\/ohme-ev.com\\\/ar\\\/product\\\/ohme-go-commando\\\/#breadcrumb\",\"itemListElement\":[{\"@type\":\"ListItem\",\"position\":1,\"name\":\"Home\",\"item\":\"https:\\\/\\\/ohme-ev.com\\\/ar\\\/\"},{\"@type\":\"ListItem\",\"position\":2,\"name\":\"Products\",\"item\":\"https:\\\/\\\/ohme-ev.com\\\/ar\\\/product\\\/\"},{\"@type\":\"ListItem\",\"position\":3,\"name\":\"Ohme Go (commando)\"}]},{\"@type\":\"WebSite\",\"@id\":\"https:\\\/\\\/ohme-ev.com\\\/ar\\\/#website\",\"url\":\"https:\\\/\\\/ohme-ev.com\\\/ar\\\/\",\"name\":\"Ohme EV Argentina\",\"description\":\"Ohme - EV Smart Charging Solutions\",\"potentialAction\":[{\"@type\":\"SearchAction\",\"target\":{\"@type\":\"EntryPoint\",\"urlTemplate\":\"https:\\\/\\\/ohme-ev.com\\\/ar\\\/?s={search_term_string}\"},\"query-input\":{\"@type\":\"PropertyValueSpecification\",\"valueRequired\":true,\"valueName\":\"search_term_string\"}}],\"inLanguage\":\"es-ar\"}]}<\/script>\n<!-- \/ Yoast SEO Premium plugin. -->","yoast_head_json":{"title":"Ohme Go (commando) - Ohme EV Argentina","robots":{"index":"index","follow":"follow","max-snippet":"max-snippet:-1","max-image-preview":"max-image-preview:large","max-video-preview":"max-video-preview:-1"},"canonical":"https:\/\/ohme-ev.com\/ar\/product\/ohme-go-commando\/","og_locale":"es_ES","og_type":"article","og_title":"Ohme Go (commando)","og_url":"https:\/\/ohme-ev.com\/ar\/product\/ohme-go-commando\/","og_site_name":"Ohme EV Argentina","og_image":[{"width":800,"height":701,"url":"https:\/\/ohme-ev.com\/ar\/wp-content\/uploads\/sites\/26\/2024\/12\/OhmeGo_Commando_FrontView-2-1.webp","type":"image\/webp"}],"twitter_card":"summary_large_image","twitter_misc":{"Est. reading time":"1 minute"},"schema":{"@context":"https:\/\/schema.org","@graph":[{"@type":"WebPage","@id":"https:\/\/ohme-ev.com\/ar\/product\/ohme-go-commando\/","url":"https:\/\/ohme-ev.com\/ar\/product\/ohme-go-commando\/","name":"Ohme Go (commando) - Ohme EV Argentina","isPartOf":{"@id":"https:\/\/ohme-ev.com\/ar\/#website"},"primaryImageOfPage":{"@id":"https:\/\/ohme-ev.com\/ar\/product\/ohme-go-commando\/#primaryimage"},"image":{"@id":"https:\/\/ohme-ev.com\/ar\/product\/ohme-go-commando\/#primaryimage"},"thumbnailUrl":"https:\/\/ohme-ev.com\/ar\/wp-content\/uploads\/sites\/26\/2024\/12\/OhmeGo_Commando_FrontView-2-1.webp","datePublished":"2024-12-11T10:37:29+00:00","breadcrumb":{"@id":"https:\/\/ohme-ev.com\/ar\/product\/ohme-go-commando\/#breadcrumb"},"inLanguage":"es-ar","potentialAction":[{"@type":"ReadAction","target":["https:\/\/ohme-ev.com\/ar\/product\/ohme-go-commando\/"]}]},{"@type":"ImageObject","inLanguage":"es-ar","@id":"https:\/\/ohme-ev.com\/ar\/product\/ohme-go-commando\/#primaryimage","url":"https:\/\/ohme-ev.com\/ar\/wp-content\/uploads\/sites\/26\/2024\/12\/OhmeGo_Commando_FrontView-2-1.webp","contentUrl":"https:\/\/ohme-ev.com\/ar\/wp-content\/uploads\/sites\/26\/2024\/12\/OhmeGo_Commando_FrontView-2-1.webp","width":800,"height":701},{"@type":"BreadcrumbList","@id":"https:\/\/ohme-ev.com\/ar\/product\/ohme-go-commando\/#breadcrumb","itemListElement":[{"@type":"ListItem","position":1,"name":"Home","item":"https:\/\/ohme-ev.com\/ar\/"},{"@type":"ListItem","position":2,"name":"Products","item":"https:\/\/ohme-ev.com\/ar\/product\/"},{"@type":"ListItem","position":3,"name":"Ohme Go (commando)"}]},{"@type":"WebSite","@id":"https:\/\/ohme-ev.com\/ar\/#website","url":"https:\/\/ohme-ev.com\/ar\/","name":"Ohme EV Argentina","description":"Ohme - EV Smart Charging Solutions","potentialAction":[{"@type":"SearchAction","target":{"@type":"EntryPoint","urlTemplate":"https:\/\/ohme-ev.com\/ar\/?s={search_term_string}"},"query-input":{"@type":"PropertyValueSpecification","valueRequired":true,"valueName":"search_term_string"}}],"inLanguage":"es-ar"}]}},"_links":{"self":[{"href":"https:\/\/ohme-ev.com\/ar\/wp-json\/wp\/v2\/product\/3243","targetHints":{"allow":["GET"]}}],"collection":[{"href":"https:\/\/ohme-ev.com\/ar\/wp-json\/wp\/v2\/product"}],"about":[{"href":"https:\/\/ohme-ev.com\/ar\/wp-json\/wp\/v2\/types\/product"}],"wp:featuredmedia":[{"embeddable":true,"href":"https:\/\/ohme-ev.com\/ar\/wp-json\/wp\/v2\/media\/3244"}],"wp:attachment":[{"href":"https:\/\/ohme-ev.com\/ar\/wp-json\/wp\/v2\/media?parent=3243"}],"curies":[{"name":"wp","href":"https:\/\/api.w.org\/{rel}","templated":true}]}}