{"id":672,"date":"2023-07-13T08:28:13","date_gmt":"2023-07-13T08:28:13","guid":{"rendered":"https:\/\/ohme.wpengine.com\/ie\/?page_id=672"},"modified":"2025-06-03T07:54:46","modified_gmt":"2025-06-03T07:54:46","slug":"contactenos","status":"publish","type":"page","link":"https:\/\/ohme-ev.com\/ar\/contactenos\/","title":{"rendered":"Cont\u00e1ctenos"},"content":{"rendered":"<div class=\"thin-hero \" style=\"background-color: #366c92;\">\n    <div class=\"content-container\">\n        <div class=\"wrapper\">\n            <h1>Cont\u00e1ctenos<\/h1>\n                            <h5>\u00bfC\u00f3mo podemos ayudarle?<\/h5>\n            \n                    <\/div>\n    <\/div>\n<\/div>\n\n<div id=\"business\" class=\"blockWrapper top-default bottom-default   \">\n\n\n<div class=\"contact-detail contentWrapper\">\n  <div class=\"imageContainer\">\n    <img decoding=\"async\" src=\"https:\/\/ohme-ev.com\/ar\/wp-content\/uploads\/sites\/26\/2023\/08\/50x50-small_Mobility-small_UK-1.jpg\" alt=\"Close up of a charger plugged into a grey car\" \/>\n  <\/div>\n  <div>\n    <h6 class=\"label\">Empresa<\/h6>\n    <h2 class=\"title\">Asociaciones comerciales<\/h2>\n\n    <div class=\"text\"><p>Con\u00e9ctese con nuestros expertos en carga de veh\u00edculos el\u00e9ctricos: su fuente de referencia para obtener ayuda y comenzar a utilizar Ohme.<\/p>\n<\/div>\n        <div class=\"buttonsContainer\">\n        \n            <button\n                class=\"ohme-btn popup primary button\"\n                data-form-type=\"6\"\n                title=\"\"\n        >Env\u00edenos un mensaje<\/button>\n\n        <\/div>\n  <\/div>\n<\/div>\n<\/div>\n\n<div id=\"\" class=\"blockWrapper top-default bottom-default   \">\n\n\n<div class=\"contact-detail contentWrapper\">\n  <div class=\"imageContainer\">\n    <img decoding=\"async\" src=\"https:\/\/ohme-ev.com\/ar\/wp-content\/uploads\/sites\/26\/2023\/08\/50x50-small_Installers-small_UK-1.jpg\" alt=\"A person wearing protective gloves holding electrical wires\" \/>\n  <\/div>\n  <div>\n    <h6 class=\"label\">Empresa<\/h6>\n    <h2 class=\"title\">Instaladores<\/h2>\n\n    <div class=\"text\"><p>Presente su solicitud ahora para incorporarse a nuestra red de t\u00e9cnicos cualificados. \u00bfYa es un instalador aprobado por Ohme? No dude en ponerse en contacto tambi\u00e9n.<\/p>\n<\/div>\n        <div class=\"buttonsContainer\">\n        \n            <button\n                class=\"ohme-btn popup primary button\"\n                data-form-type=\"6\"\n                title=\"\"\n        >Env\u00edenos un mensaje<\/button>\n\n    \n            <button\n                class=\"ohme-btn popup secondaryLight button\"\n                data-form-type=\"9\"\n                title=\"\"\n        >\u00danete a nuestra red<\/button>\n\n        <\/div>\n  <\/div>\n<\/div>\n<\/div>\n\n<div id=\"business\" class=\"blockWrapper top-default bottom-default   \">\n\n\n<div class=\"contact-detail contentWrapper\">\n  <div class=\"imageContainer\">\n    <img decoding=\"async\" src=\"https:\/\/ohme-ev.com\/ar\/wp-content\/uploads\/sites\/26\/2023\/08\/Partner_Polestar-header-IRE_master-scaled-1.jpg\" alt=\"Ohme Home Pro on a wall with a black Polestar car in the background\" \/>\n  <\/div>\n  <div>\n    <h6 class=\"label\">Soporte<\/h6>\n    <h2 class=\"title\">Clientes<\/h2>\n\n    <div class=\"text\"><p>Cont\u00e1ctenos aqu\u00ed si necesita soporte con su cargador Ohme EV.<\/p>\n<\/div>\n        <div class=\"buttonsContainer\">\n        \n            <button\n                class=\"ohme-btn popup primary button\"\n                data-form-type=\"3\"\n                title=\"\"\n        >Cont\u00e1ctanos si tienes alg\u00fan problema<\/button>\n\n        <\/div>\n  <\/div>\n<\/div>\n<\/div>","protected":false},"excerpt":{"rendered":"","protected":false},"author":31,"featured_media":0,"parent":0,"menu_order":0,"comment_status":"closed","ping_status":"closed","template":"","meta":{"_acf_changed":true,"_helpful_status":1,"footnotes":""},"partner":[],"class_list":["post-672","page","type-page","status-publish","hentry"],"acf":[],"yoast_head":"<!-- This site is optimized with the Yoast SEO Premium plugin v27.4 (Yoast SEO v27.4) - https:\/\/yoast.com\/product\/yoast-seo-premium-wordpress\/ -->\n<title>Cont\u00e1ctenos - Ohme EV Argentina<\/title>\n<meta name=\"robots\" content=\"index, follow, max-snippet:-1, max-image-preview:large, max-video-preview:-1\" \/>\n<link rel=\"canonical\" href=\"https:\/\/ohme-ev.com\/ar\/contactenos\/\" \/>\n<meta property=\"og:locale\" content=\"es_ES\" \/>\n<meta property=\"og:type\" content=\"article\" \/>\n<meta property=\"og:title\" content=\"Cont\u00e1ctenos\" \/>\n<meta property=\"og:url\" content=\"https:\/\/ohme-ev.com\/ar\/contactenos\/\" \/>\n<meta property=\"og:site_name\" content=\"Ohme EV Argentina\" \/>\n<meta property=\"article:modified_time\" content=\"2025-06-03T07:54:46+00:00\" \/>\n<meta name=\"twitter:card\" content=\"summary_large_image\" \/>\n<script type=\"application\/ld+json\" class=\"yoast-schema-graph\">{\"@context\":\"https:\\\/\\\/schema.org\",\"@graph\":[{\"@type\":\"WebPage\",\"@id\":\"https:\\\/\\\/ohme-ev.com\\\/ar\\\/contactenos\\\/\",\"url\":\"https:\\\/\\\/ohme-ev.com\\\/ar\\\/contactenos\\\/\",\"name\":\"Cont\u00e1ctenos - Ohme EV Argentina\",\"isPartOf\":{\"@id\":\"https:\\\/\\\/ohme-ev.com\\\/ar\\\/#website\"},\"datePublished\":\"2023-07-13T08:28:13+00:00\",\"dateModified\":\"2025-06-03T07:54:46+00:00\",\"breadcrumb\":{\"@id\":\"https:\\\/\\\/ohme-ev.com\\\/ar\\\/contactenos\\\/#breadcrumb\"},\"inLanguage\":\"es-ar\",\"potentialAction\":[{\"@type\":\"ReadAction\",\"target\":[\"https:\\\/\\\/ohme-ev.com\\\/ar\\\/contactenos\\\/\"]}]},{\"@type\":\"BreadcrumbList\",\"@id\":\"https:\\\/\\\/ohme-ev.com\\\/ar\\\/contactenos\\\/#breadcrumb\",\"itemListElement\":[{\"@type\":\"ListItem\",\"position\":1,\"name\":\"Home\",\"item\":\"https:\\\/\\\/ohme-ev.com\\\/ar\\\/\"},{\"@type\":\"ListItem\",\"position\":2,\"name\":\"Cont\u00e1ctenos\"}]},{\"@type\":\"WebSite\",\"@id\":\"https:\\\/\\\/ohme-ev.com\\\/ar\\\/#website\",\"url\":\"https:\\\/\\\/ohme-ev.com\\\/ar\\\/\",\"name\":\"Ohme EV Argentina\",\"description\":\"Ohme - EV Smart Charging Solutions\",\"potentialAction\":[{\"@type\":\"SearchAction\",\"target\":{\"@type\":\"EntryPoint\",\"urlTemplate\":\"https:\\\/\\\/ohme-ev.com\\\/ar\\\/?s={search_term_string}\"},\"query-input\":{\"@type\":\"PropertyValueSpecification\",\"valueRequired\":true,\"valueName\":\"search_term_string\"}}],\"inLanguage\":\"es-ar\"}]}<\/script>\n<!-- \/ Yoast SEO Premium plugin. -->","yoast_head_json":{"title":"Cont\u00e1ctenos - Ohme EV Argentina","robots":{"index":"index","follow":"follow","max-snippet":"max-snippet:-1","max-image-preview":"max-image-preview:large","max-video-preview":"max-video-preview:-1"},"canonical":"https:\/\/ohme-ev.com\/ar\/contactenos\/","og_locale":"es_ES","og_type":"article","og_title":"Cont\u00e1ctenos","og_url":"https:\/\/ohme-ev.com\/ar\/contactenos\/","og_site_name":"Ohme EV Argentina","article_modified_time":"2025-06-03T07:54:46+00:00","twitter_card":"summary_large_image","schema":{"@context":"https:\/\/schema.org","@graph":[{"@type":"WebPage","@id":"https:\/\/ohme-ev.com\/ar\/contactenos\/","url":"https:\/\/ohme-ev.com\/ar\/contactenos\/","name":"Cont\u00e1ctenos - Ohme EV Argentina","isPartOf":{"@id":"https:\/\/ohme-ev.com\/ar\/#website"},"datePublished":"2023-07-13T08:28:13+00:00","dateModified":"2025-06-03T07:54:46+00:00","breadcrumb":{"@id":"https:\/\/ohme-ev.com\/ar\/contactenos\/#breadcrumb"},"inLanguage":"es-ar","potentialAction":[{"@type":"ReadAction","target":["https:\/\/ohme-ev.com\/ar\/contactenos\/"]}]},{"@type":"BreadcrumbList","@id":"https:\/\/ohme-ev.com\/ar\/contactenos\/#breadcrumb","itemListElement":[{"@type":"ListItem","position":1,"name":"Home","item":"https:\/\/ohme-ev.com\/ar\/"},{"@type":"ListItem","position":2,"name":"Cont\u00e1ctenos"}]},{"@type":"WebSite","@id":"https:\/\/ohme-ev.com\/ar\/#website","url":"https:\/\/ohme-ev.com\/ar\/","name":"Ohme EV Argentina","description":"Ohme - EV Smart Charging Solutions","potentialAction":[{"@type":"SearchAction","target":{"@type":"EntryPoint","urlTemplate":"https:\/\/ohme-ev.com\/ar\/?s={search_term_string}"},"query-input":{"@type":"PropertyValueSpecification","valueRequired":true,"valueName":"search_term_string"}}],"inLanguage":"es-ar"}]}},"_links":{"self":[{"href":"https:\/\/ohme-ev.com\/ar\/wp-json\/wp\/v2\/pages\/672","targetHints":{"allow":["GET"]}}],"collection":[{"href":"https:\/\/ohme-ev.com\/ar\/wp-json\/wp\/v2\/pages"}],"about":[{"href":"https:\/\/ohme-ev.com\/ar\/wp-json\/wp\/v2\/types\/page"}],"author":[{"embeddable":true,"href":"https:\/\/ohme-ev.com\/ar\/wp-json\/wp\/v2\/users\/31"}],"replies":[{"embeddable":true,"href":"https:\/\/ohme-ev.com\/ar\/wp-json\/wp\/v2\/comments?post=672"}],"version-history":[{"count":0,"href":"https:\/\/ohme-ev.com\/ar\/wp-json\/wp\/v2\/pages\/672\/revisions"}],"wp:attachment":[{"href":"https:\/\/ohme-ev.com\/ar\/wp-json\/wp\/v2\/media?parent=672"}],"wp:term":[{"taxonomy":"partner","embeddable":true,"href":"https:\/\/ohme-ev.com\/ar\/wp-json\/wp\/v2\/partner?post=672"}],"curies":[{"name":"wp","href":"https:\/\/api.w.org\/{rel}","templated":true}]}}