{"id":5,"date":"2023-06-26T08:46:21","date_gmt":"2023-06-26T08:46:21","guid":{"rendered":"https:\/\/ohme-cs-dev.local\/?page_id=5"},"modified":"2025-09-02T16:51:03","modified_gmt":"2025-09-02T16:51:03","slug":"cargadores-inteligentes-coches-electricos","status":"publish","type":"page","link":"https:\/\/ohme-ev.com\/ar\/","title":{"rendered":"Home"},"content":{"rendered":"\n<div class=\"fullscreen-hero gradient-enabled gradient-vertical\">\n    <!-- Desktop Media -->\n            <picture>\n            <source media=\"(orientation: portrait) and (max-width: 767px)\" srcset=\"https:\/\/ohme-ev.com\/ar\/wp-content\/uploads\/sites\/26\/2025\/09\/Home-page-Mobile-2-1-300x531.webp 300w,\n            https:\/\/ohme-ev.com\/ar\/wp-content\/uploads\/sites\/26\/2025\/09\/Home-page-Mobile-2-1-400x708.webp 400w,\n            https:\/\/ohme-ev.com\/ar\/wp-content\/uploads\/sites\/26\/2025\/09\/Home-page-Mobile-2-1-480x850.webp 480w,\n            https:\/\/ohme-ev.com\/ar\/wp-content\/uploads\/sites\/26\/2025\/09\/Home-page-Mobile-2-1-600x1062.webp 600w,\n            https:\/\/ohme-ev.com\/ar\/wp-content\/uploads\/sites\/26\/2025\/09\/Home-page-Mobile-2-1-720x1275.webp 720w,\n            \" sizes=\"(max-width: 399px) 100vw, calc(100vw - 40px)\" \/>\n            <source media=\"(orientation: landscape) and (min-width: 768px)\" srcset=\"https:\/\/ohme-ev.com\/ar\/wp-content\/uploads\/sites\/26\/2025\/09\/Homepage-Desktop-3-740x457.webp 740w,\n            https:\/\/ohme-ev.com\/ar\/wp-content\/uploads\/sites\/26\/2025\/09\/Homepage-Desktop-3-1024x633.webp 1024w,\n            https:\/\/ohme-ev.com\/ar\/wp-content\/uploads\/sites\/26\/2025\/09\/Homepage-Desktop-3-1240x766.webp 1240w,\n            https:\/\/ohme-ev.com\/ar\/wp-content\/uploads\/sites\/26\/2025\/09\/Homepage-Desktop-3-1590x983.webp 1590w,\n            https:\/\/ohme-ev.com\/ar\/wp-content\/uploads\/sites\/26\/2025\/09\/Homepage-Desktop-3-1680x1038.webp 1680w,\n            https:\/\/ohme-ev.com\/ar\/wp-content\/uploads\/sites\/26\/2025\/09\/Homepage-Desktop-3-1880x1162.webp 1880w,\n            https:\/\/ohme-ev.com\/ar\/wp-content\/uploads\/sites\/26\/2025\/09\/Homepage-Desktop-3.webp 2000w,\n            https:\/\/ohme-ev.com\/ar\/wp-content\/uploads\/sites\/26\/2025\/09\/Homepage-Desktop-3.webp 3000w\n            \" sizes=\"calc(100vw - 40px)\" \/>\n            <img decoding=\"async\" class=\"responsive-image\" src=\"https:\/\/ohme-ev.com\/ar\/wp-content\/uploads\/sites\/26\/2025\/09\/Homepage-Desktop-3-740x457.webp\" alt=\"\"\/>\n        <\/picture>\n    \n\n    \n    <div class=\"content-container\">\n        <div class=\"wrapper threeColumnWrapper\">\n                            <h1>Cargando el futuro<\/h1>\n            \n            <p class=\"hero-subtitle\">Carga tu veh\u00edculo el\u00e9ctrico de forma m\u00e1s inteligente, ecol\u00f3gica y econ\u00f3mica en casa. Todo en uno.<\/p>\n\n            \n            <a href=\"https:\/\/ohme-ev.com\/ar\/cargador-coche-electrico-argentina\/\" target=\"_self\" >\n            <button class=\"ohme-btn primary button\" title=\"\">Descubre nuestros cargadores<\/button>\n        <\/a>\n    \n            \n            \n                    <\/div>\n    <\/div>\n\n    <!-- Scroll Animation -->\n                    <div class=\"scroll-animation-container\" style=\"width:60px; height:60px;\">\n            <lottie-player\n                    src=\"https:\/\/ohme-ev.com\/ar\/wp-content\/uploads\/sites\/26\/2025\/09\/Ohme_ScrollAnimation2-1.json\"\n                    background=\"rgba(255,255,255,0)\"\n                    speed=\"1\"\n                    style=\"width: 60px; height: 60px;\"\n                loop                autoplay            ><\/lottie-player>\n        <\/div>\n    <\/div>\n\n<div id=\"\" class=\"blockWrapper top-default bottom-default   \">\n\n<div class=\"old-standalone-tiles blockWrapper\">\n    <div class=\"contentWrapper\">\n        <h2>\u00bfPor qu\u00e9 cargar su coche el\u00e9ctrico con Ohme?<\/h2>\n        <h5 class=\"subtitle\">M\u00e1s que inteligente: aprovecha al m\u00e1ximo tu coche el\u00e9ctrico con nuestra tecnolog\u00eda de carga avanzada, f\u00e1cil de usar y preparada para el futuro.<\/h5>        <div class=\"tiles-wrapper\">\n            <div class=\"tiles\">\n                                                            <a href=\"https:\/\/ohme-ev.com\/ar\/cargador-coche-electrico-argentina\/\">\n                                        <div class=\"tile custom\">\n                        <img loading=\"lazy\" decoding=\"async\" width=\"254\" height=\"184\" src=\"https:\/\/ohme-ev.com\/ar\/wp-content\/uploads\/sites\/26\/2025\/06\/3-image-module_ePod-zoom_master-254x184.webp\" class=\"attachment-tile_hero size-tile_hero\" alt=\"Tecnolog\u00eda \u00fanica\" srcset=\"https:\/\/ohme-ev.com\/ar\/wp-content\/uploads\/sites\/26\/2025\/06\/3-image-module_ePod-zoom_master-254x184.webp 254w, https:\/\/ohme-ev.com\/ar\/wp-content\/uploads\/sites\/26\/2025\/06\/3-image-module_ePod-zoom_master-300x217.webp 300w, https:\/\/ohme-ev.com\/ar\/wp-content\/uploads\/sites\/26\/2025\/06\/3-image-module_ePod-zoom_master-334x242.webp 334w, https:\/\/ohme-ev.com\/ar\/wp-content\/uploads\/sites\/26\/2025\/06\/3-image-module_ePod-zoom_master.webp 680w\" sizes=\"auto, (max-width: 254px) 100vw, 254px\" \/>                        <div class=\"content\">\n                            <h3 class=\"title\">Tecnolog\u00eda \u00fanica<\/h3>\n                            <p>Nuestros cargadores le proporcionan m\u00e1s control para aprovechar al m\u00e1ximo su veh\u00edculo el\u00e9ctrico y son f\u00e1ciles de configurar para cargar en los horarios m\u00e1s econ\u00f3micos disponibles.<\/p>\n                                                            <div class=\"link\">Descubre nuestros cargadores<\/div>\n                                                    <\/div>\n                    <\/div>\n                                            <\/a>\n                                                                                <a href=\"https:\/\/ohme-ev.com\/ar\/contactenos\/\">\n                                        <div class=\"tile custom\">\n                        <img loading=\"lazy\" decoding=\"async\" width=\"254\" height=\"184\" src=\"https:\/\/ohme-ev.com\/ar\/wp-content\/uploads\/sites\/26\/2025\/06\/3-Image-Module-Life-at-Ohme-254x184.webp\" class=\"attachment-tile_hero size-tile_hero\" alt=\"Servicio perfecto\" srcset=\"https:\/\/ohme-ev.com\/ar\/wp-content\/uploads\/sites\/26\/2025\/06\/3-Image-Module-Life-at-Ohme-254x184.webp 254w, https:\/\/ohme-ev.com\/ar\/wp-content\/uploads\/sites\/26\/2025\/06\/3-Image-Module-Life-at-Ohme-300x217.webp 300w, https:\/\/ohme-ev.com\/ar\/wp-content\/uploads\/sites\/26\/2025\/06\/3-Image-Module-Life-at-Ohme-334x242.webp 334w, https:\/\/ohme-ev.com\/ar\/wp-content\/uploads\/sites\/26\/2025\/06\/3-Image-Module-Life-at-Ohme.webp 680w\" sizes=\"auto, (max-width: 254px) 100vw, 254px\" \/>                        <div class=\"content\">\n                            <h3 class=\"title\">Servicio perfecto<\/h3>\n                            <p>Tenemos una gran orientaci\u00f3n hacia el cliente y creemos que el cambio al el\u00e9ctrico deber\u00eda ser f\u00e1cil. Nuestro equipo de expertos est\u00e1 aqu\u00ed para guiarle en cada paso del proceso.<\/p>\n                                                            <div class=\"link\">Cont\u00e1ctenos<\/div>\n                                                    <\/div>\n                    <\/div>\n                                            <\/a>\n                                                                                <a href=\"https:\/\/ohme-ev.com\/ar\/app-carga-vehiculos-electricos\/\">\n                                        <div class=\"tile custom\">\n                        <img loading=\"lazy\" decoding=\"async\" width=\"255\" height=\"184\" src=\"https:\/\/ohme-ev.com\/ar\/wp-content\/uploads\/sites\/26\/2025\/06\/ES-Mini-First-Section-1-255x184.webp\" class=\"attachment-tile_hero size-tile_hero\" alt=\"Descubre Multicar\" srcset=\"https:\/\/ohme-ev.com\/ar\/wp-content\/uploads\/sites\/26\/2025\/06\/ES-Mini-First-Section-1-255x184.webp 255w, https:\/\/ohme-ev.com\/ar\/wp-content\/uploads\/sites\/26\/2025\/06\/ES-Mini-First-Section-1-300x216.webp 300w, https:\/\/ohme-ev.com\/ar\/wp-content\/uploads\/sites\/26\/2025\/06\/ES-Mini-First-Section-1-336x242.webp 336w, https:\/\/ohme-ev.com\/ar\/wp-content\/uploads\/sites\/26\/2025\/06\/ES-Mini-First-Section-1.webp 344w\" sizes=\"auto, (max-width: 255px) 100vw, 255px\" \/>                        <div class=\"content\">\n                            <h3 class=\"title\">Descubre Multicar<\/h3>\n                            <p>\u00a1Nueva funcionalidad! Con la app de Ohme puedes guardar, seleccionar y cambiar de un veh\u00edculo a otro. Perfecto para coches particulares o de empresa.<\/p>\n                                                            <div class=\"link\">Conoce nuestra app<\/div>\n                                                    <\/div>\n                    <\/div>\n                                            <\/a>\n                                                    <div class=\"backdrop  \"><\/div>\n            <\/div>\n            \n        <\/div>\n    <\/div>\n<\/div>\n\n<\/div>\n\n<div id=\"\" class=\"blockWrapper top-none bottom-smaller   \">\n\n\n<div class=\"contentWrapper textImageLeft  image\">\n            <div class=\"imageContainer\">\n            <img decoding=\"async\" loading=\"lazy\" src=\"https:\/\/ohme-ev.com\/ar\/wp-content\/uploads\/sites\/26\/2025\/05\/50x50_Ohme-Home-Pro-Ohme-ePod-EV-chargers-light-circle.webp\" alt=\"\"\/>\n        <\/div>\n\n        <div class=\"textContainer\">\n        <h3 class=\"title larger\">Descubre nuestros <br> cargadores para el hogar.<\/h3>\n        <h4 class=\"subtitle regular\">Cargar en casa nunca fue tan f\u00e1cil. Como deber\u00eda ser.<\/h4>\n        <div class=\"text\"><ul>\n<li>Cargue m\u00e1s r\u00e1pido que un enchufe dom\u00e9stico est\u00e1ndar<\/li>\n<li>Dise\u00f1o discreto y compacto<\/li>\n<li>Controle sus sesiones de carga a trav\u00e9s de la aplicaci\u00f3n para smartphone Ohme<\/li>\n<li>Opciones de conectividad: elija entre 3G\/4G, Wi-Fi o Bluetooth, seg\u00fan sus necesidades<\/li>\n<\/ul>\n<\/div>\n        <div class=\"buttonsContainer\">\n            \n            <a href=\"https:\/\/ohme-ev.com\/ar\/cargador-coche-electrico-argentina\/\" target=\"_self\" >\n            <button class=\"ohme-btn primary button\" title=\"\">Compra ahora<\/button>\n        <\/a>\n            <\/div>\n            <\/div>\n<\/div>\n<\/div>\n\n<div id=\"\" class=\"blockWrapper top-default bottom-default   \">\n\n    <div class=\"dualTilesWrapper blockWrapper\">\n        <h3><\/h3>\n        <div class=\"tilesContainer\">\n                                <div class=\"tileWrapper \">\n                        <h2 class=\"title\">Comience con Ohme<\/h2>\n\n                        <div class=\"copy\"><p>Es sencillo: comparta sus detalles con nosotros y le pondremos en contacto con uno de nuestros socios instaladores.<\/p>\n<\/div>\n                                                                                                                        <div class=\"ctasContainer\">\n                            \n            <a href=\"https:\/\/ohme-ev.com\/ar\/cargador-coche-electrico-argentina\/\" target=\"_self\" >\n            <button class=\"ohme-btn primary button\" title=\"\">Descubre los cargadores<\/button>\n        <\/a>\n                            <\/div>\n                    <\/div>\n                                    <div class=\"tileWrapper \">\n                        <h2 class=\"title\">\u00bfNuevo en el mundo de los veh\u00edculos electricos?<\/h2>\n\n                        <div class=\"copy\"><p>Todo lo que un nuevo conductor de coches el\u00e9ctricos necesita saber sobre la carga en casa.<\/p>\n<\/div>\n                                                                                                                        <div class=\"ctasContainer\">\n                            \n            <a href=\"https:\/\/ohme-ev.com\/ar\/nuevo-en-el-mundo-de-los-vehiculos-electricos\/\" target=\"_self\" >\n            <button class=\"ohme-btn primary button\" title=\"\">M\u00e1s informaci\u00f3n<\/button>\n        <\/a>\n                            <\/div>\n                    <\/div>\n                        <\/div>\n    <\/div>\n\n<\/div>\n\n<div id=\"\" class=\"blockWrapper top-default bottom-default   \">\n\n<div class=\"old-standalone-tiles blockWrapper\">\n    <div class=\"contentWrapper\">\n        <h2>Soluciones para empresas<\/h2>\n                <div class=\"tiles-wrapper\">\n            <div class=\"tiles\">\n                                                            <a href=\"https:\/\/ohme-ev.com\/ar\/soluciones-de-carga-flotas\/\">\n                                        <div class=\"tile custom\">\n                        <img loading=\"lazy\" decoding=\"async\" width=\"170\" height=\"184\" src=\"https:\/\/ohme-ev.com\/ar\/wp-content\/uploads\/sites\/26\/2025\/06\/Large-inset-header_walking-away-from-car_master-1-1-170x184.webp\" class=\"attachment-tile_hero size-tile_hero\" alt=\"Gesti\u00f3n de flotas\" srcset=\"https:\/\/ohme-ev.com\/ar\/wp-content\/uploads\/sites\/26\/2025\/06\/Large-inset-header_walking-away-from-car_master-1-1-170x184.webp 170w, https:\/\/ohme-ev.com\/ar\/wp-content\/uploads\/sites\/26\/2025\/06\/Large-inset-header_walking-away-from-car_master-1-1-277x300.webp 277w, https:\/\/ohme-ev.com\/ar\/wp-content\/uploads\/sites\/26\/2025\/06\/Large-inset-header_walking-away-from-car_master-1-1-945x1024.webp 945w, https:\/\/ohme-ev.com\/ar\/wp-content\/uploads\/sites\/26\/2025\/06\/Large-inset-header_walking-away-from-car_master-1-1-768x832.webp 768w, https:\/\/ohme-ev.com\/ar\/wp-content\/uploads\/sites\/26\/2025\/06\/Large-inset-header_walking-away-from-car_master-1-1-223x242.webp 223w, https:\/\/ohme-ev.com\/ar\/wp-content\/uploads\/sites\/26\/2025\/06\/Large-inset-header_walking-away-from-car_master-1-1.webp 1152w\" sizes=\"auto, (max-width: 170px) 100vw, 170px\" \/>                        <div class=\"content\">\n                            <h3 class=\"title\">Gesti\u00f3n de flotas<\/h3>\n                            <p>Soluciones l\u00edderes en carga para flotas que brindan a los gestores de flotas control total de sus veh\u00edculos el\u00e9ctricos, adaptadas a las necesidades espec\u00edficas de su negocio y conductores.<\/p>\n                                                            <div class=\"link\">M\u00e1s informaci\u00f3n<\/div>\n                                                    <\/div>\n                    <\/div>\n                                            <\/a>\n                                                                                <a href=\"https:\/\/ohme-ev.com\/ar\/acuerdos-comerciales-cargadores\/\">\n                                        <div class=\"tile custom\">\n                        <img loading=\"lazy\" decoding=\"async\" width=\"162\" height=\"184\" src=\"https:\/\/ohme-ev.com\/ar\/wp-content\/uploads\/sites\/26\/2025\/06\/50x50_Charge-close-up-grey-car_master-min-1-162x184.webp\" class=\"attachment-tile_hero size-tile_hero\" alt=\"Colaboraciones\" srcset=\"https:\/\/ohme-ev.com\/ar\/wp-content\/uploads\/sites\/26\/2025\/06\/50x50_Charge-close-up-grey-car_master-min-1-162x184.webp 162w, https:\/\/ohme-ev.com\/ar\/wp-content\/uploads\/sites\/26\/2025\/06\/50x50_Charge-close-up-grey-car_master-min-1-265x300.webp 265w, https:\/\/ohme-ev.com\/ar\/wp-content\/uploads\/sites\/26\/2025\/06\/50x50_Charge-close-up-grey-car_master-min-1-903x1024.webp 903w, https:\/\/ohme-ev.com\/ar\/wp-content\/uploads\/sites\/26\/2025\/06\/50x50_Charge-close-up-grey-car_master-min-1-768x870.webp 768w, https:\/\/ohme-ev.com\/ar\/wp-content\/uploads\/sites\/26\/2025\/06\/50x50_Charge-close-up-grey-car_master-min-1-214x242.webp 214w, https:\/\/ohme-ev.com\/ar\/wp-content\/uploads\/sites\/26\/2025\/06\/50x50_Charge-close-up-grey-car_master-min-1.webp 1154w\" sizes=\"auto, (max-width: 162px) 100vw, 162px\" \/>                        <div class=\"content\">\n                            <h3 class=\"title\">Colaboraciones<\/h3>\n                            <p>Algunas de las empresas m\u00e1s importantes conf\u00edan en nosotros: tanto si es un fabricante de autom\u00f3viles, un proveedor de energ\u00eda o un promotor de viviendas, tenemos la oferta de carga de veh\u00edculos el\u00e9ct<\/p>\n                                                            <div class=\"link\">M\u00e1s informaci\u00f3n<\/div>\n                                                    <\/div>\n                    <\/div>\n                                            <\/a>\n                                                                                <a href=\"https:\/\/ohme-ev.com\/ar\/instalador-de-cargadores\/\">\n                                        <div class=\"tile custom\">\n                        <img loading=\"lazy\" decoding=\"async\" width=\"170\" height=\"184\" src=\"https:\/\/ohme-ev.com\/ar\/wp-content\/uploads\/sites\/26\/2025\/06\/Large-inset-header_brick-laying_UK-1-170x184.webp\" class=\"attachment-tile_hero size-tile_hero\" alt=\"Instaladores\" srcset=\"https:\/\/ohme-ev.com\/ar\/wp-content\/uploads\/sites\/26\/2025\/06\/Large-inset-header_brick-laying_UK-1-170x184.webp 170w, https:\/\/ohme-ev.com\/ar\/wp-content\/uploads\/sites\/26\/2025\/06\/Large-inset-header_brick-laying_UK-1-276x300.webp 276w, https:\/\/ohme-ev.com\/ar\/wp-content\/uploads\/sites\/26\/2025\/06\/Large-inset-header_brick-laying_UK-1-223x242.webp 223w, https:\/\/ohme-ev.com\/ar\/wp-content\/uploads\/sites\/26\/2025\/06\/Large-inset-header_brick-laying_UK-1.webp 600w\" sizes=\"auto, (max-width: 170px) 100vw, 170px\" \/>                        <div class=\"content\">\n                            <h3 class=\"title\">Instaladores<\/h3>\n                            <p>\u00bfListo\/a para ser parte de la revoluci\u00f3n el\u00e9ctrica? Estamos buscando a los mejores instaladores del mundo para que se unan a nosotros y ayuden en la transici\u00f3n a la movilidad el\u00e9ctrica en todo el mund<\/p>\n                                                            <div class=\"link\">M\u00e1s informaci\u00f3n<\/div>\n                                                    <\/div>\n                    <\/div>\n                                            <\/a>\n                                                    <div class=\"backdrop  \"><\/div>\n            <\/div>\n            \n        <\/div>\n    <\/div>\n<\/div>\n\n<\/div>","protected":false},"excerpt":{"rendered":"","protected":false},"author":31,"featured_media":0,"parent":0,"menu_order":0,"comment_status":"closed","ping_status":"closed","template":"","meta":{"_acf_changed":true,"_helpful_status":1,"footnotes":""},"partner":[],"class_list":["post-5","page","type-page","status-publish","hentry"],"acf":[],"yoast_head":"<!-- This site is optimized with the Yoast SEO Premium plugin v27.4 (Yoast SEO v27.4) - https:\/\/yoast.com\/product\/yoast-seo-premium-wordpress\/ -->\n<title>Carga inteligente, ecol\u00f3gica y econ\u00f3mica en casa | Ohme<\/title>\n<meta name=\"description\" content=\"Ohme ofrece cargadores inteligentes para coches el\u00e9ctricos: una forma m\u00e1s ecol\u00f3gica, eficiente y econ\u00f3mica de cargar en casa.\" \/>\n<meta name=\"robots\" content=\"index, follow, max-snippet:-1, max-image-preview:large, max-video-preview:-1\" \/>\n<link rel=\"canonical\" href=\"https:\/\/ohme-ev.com\/ar\/\" \/>\n<meta property=\"og:locale\" content=\"es_ES\" \/>\n<meta property=\"og:type\" content=\"article\" \/>\n<meta property=\"og:title\" content=\"Home\" \/>\n<meta property=\"og:description\" content=\"Ohme ofrece cargadores inteligentes para coches el\u00e9ctricos: una forma m\u00e1s ecol\u00f3gica, eficiente y econ\u00f3mica de cargar en casa.\" \/>\n<meta property=\"og:url\" content=\"https:\/\/ohme-ev.com\/ar\/\" \/>\n<meta property=\"og:site_name\" content=\"Ohme EV Argentina\" \/>\n<meta property=\"article:modified_time\" content=\"2025-09-02T16:51:03+00:00\" \/>\n<meta name=\"twitter:card\" content=\"summary_large_image\" \/>\n<script type=\"application\/ld+json\" class=\"yoast-schema-graph\">{\"@context\":\"https:\\\/\\\/schema.org\",\"@graph\":[{\"@type\":\"WebPage\",\"@id\":\"https:\\\/\\\/ohme-ev.com\\\/ar\\\/\",\"url\":\"https:\\\/\\\/ohme-ev.com\\\/ar\\\/\",\"name\":\"Carga inteligente, ecol\u00f3gica y econ\u00f3mica en casa | Ohme\",\"isPartOf\":{\"@id\":\"https:\\\/\\\/ohme-ev.com\\\/ar\\\/#website\"},\"datePublished\":\"2023-06-26T08:46:21+00:00\",\"dateModified\":\"2025-09-02T16:51:03+00:00\",\"description\":\"Ohme ofrece cargadores inteligentes para coches el\u00e9ctricos: una forma m\u00e1s ecol\u00f3gica, eficiente y econ\u00f3mica de cargar en casa.\",\"breadcrumb\":{\"@id\":\"https:\\\/\\\/ohme-ev.com\\\/ar\\\/#breadcrumb\"},\"inLanguage\":\"es-ar\",\"potentialAction\":[{\"@type\":\"ReadAction\",\"target\":[\"https:\\\/\\\/ohme-ev.com\\\/ar\\\/\"]}]},{\"@type\":\"BreadcrumbList\",\"@id\":\"https:\\\/\\\/ohme-ev.com\\\/ar\\\/#breadcrumb\",\"itemListElement\":[{\"@type\":\"ListItem\",\"position\":1,\"name\":\"Home\",\"item\":\"https:\\\/\\\/ohme-ev.com\\\/ar\\\/\"},{\"@type\":\"ListItem\",\"position\":2,\"name\":\"Home\"}]},{\"@type\":\"WebSite\",\"@id\":\"https:\\\/\\\/ohme-ev.com\\\/ar\\\/#website\",\"url\":\"https:\\\/\\\/ohme-ev.com\\\/ar\\\/\",\"name\":\"Ohme EV Argentina\",\"description\":\"Ohme - EV Smart Charging Solutions\",\"potentialAction\":[{\"@type\":\"SearchAction\",\"target\":{\"@type\":\"EntryPoint\",\"urlTemplate\":\"https:\\\/\\\/ohme-ev.com\\\/ar\\\/?s={search_term_string}\"},\"query-input\":{\"@type\":\"PropertyValueSpecification\",\"valueRequired\":true,\"valueName\":\"search_term_string\"}}],\"inLanguage\":\"es-ar\"}]}<\/script>\n<!-- \/ Yoast SEO Premium plugin. -->","yoast_head_json":{"title":"Carga inteligente, ecol\u00f3gica y econ\u00f3mica en casa | Ohme","description":"Ohme ofrece cargadores inteligentes para coches el\u00e9ctricos: una forma m\u00e1s ecol\u00f3gica, eficiente y econ\u00f3mica de cargar en casa.","robots":{"index":"index","follow":"follow","max-snippet":"max-snippet:-1","max-image-preview":"max-image-preview:large","max-video-preview":"max-video-preview:-1"},"canonical":"https:\/\/ohme-ev.com\/ar\/","og_locale":"es_ES","og_type":"article","og_title":"Home","og_description":"Ohme ofrece cargadores inteligentes para coches el\u00e9ctricos: una forma m\u00e1s ecol\u00f3gica, eficiente y econ\u00f3mica de cargar en casa.","og_url":"https:\/\/ohme-ev.com\/ar\/","og_site_name":"Ohme EV Argentina","article_modified_time":"2025-09-02T16:51:03+00:00","twitter_card":"summary_large_image","schema":{"@context":"https:\/\/schema.org","@graph":[{"@type":"WebPage","@id":"https:\/\/ohme-ev.com\/ar\/","url":"https:\/\/ohme-ev.com\/ar\/","name":"Carga inteligente, ecol\u00f3gica y econ\u00f3mica en casa | Ohme","isPartOf":{"@id":"https:\/\/ohme-ev.com\/ar\/#website"},"datePublished":"2023-06-26T08:46:21+00:00","dateModified":"2025-09-02T16:51:03+00:00","description":"Ohme ofrece cargadores inteligentes para coches el\u00e9ctricos: una forma m\u00e1s ecol\u00f3gica, eficiente y econ\u00f3mica de cargar en casa.","breadcrumb":{"@id":"https:\/\/ohme-ev.com\/ar\/#breadcrumb"},"inLanguage":"es-ar","potentialAction":[{"@type":"ReadAction","target":["https:\/\/ohme-ev.com\/ar\/"]}]},{"@type":"BreadcrumbList","@id":"https:\/\/ohme-ev.com\/ar\/#breadcrumb","itemListElement":[{"@type":"ListItem","position":1,"name":"Home","item":"https:\/\/ohme-ev.com\/ar\/"},{"@type":"ListItem","position":2,"name":"Home"}]},{"@type":"WebSite","@id":"https:\/\/ohme-ev.com\/ar\/#website","url":"https:\/\/ohme-ev.com\/ar\/","name":"Ohme EV Argentina","description":"Ohme - EV Smart Charging Solutions","potentialAction":[{"@type":"SearchAction","target":{"@type":"EntryPoint","urlTemplate":"https:\/\/ohme-ev.com\/ar\/?s={search_term_string}"},"query-input":{"@type":"PropertyValueSpecification","valueRequired":true,"valueName":"search_term_string"}}],"inLanguage":"es-ar"}]}},"_links":{"self":[{"href":"https:\/\/ohme-ev.com\/ar\/wp-json\/wp\/v2\/pages\/5","targetHints":{"allow":["GET"]}}],"collection":[{"href":"https:\/\/ohme-ev.com\/ar\/wp-json\/wp\/v2\/pages"}],"about":[{"href":"https:\/\/ohme-ev.com\/ar\/wp-json\/wp\/v2\/types\/page"}],"author":[{"embeddable":true,"href":"https:\/\/ohme-ev.com\/ar\/wp-json\/wp\/v2\/users\/31"}],"replies":[{"embeddable":true,"href":"https:\/\/ohme-ev.com\/ar\/wp-json\/wp\/v2\/comments?post=5"}],"version-history":[{"count":0,"href":"https:\/\/ohme-ev.com\/ar\/wp-json\/wp\/v2\/pages\/5\/revisions"}],"wp:attachment":[{"href":"https:\/\/ohme-ev.com\/ar\/wp-json\/wp\/v2\/media?parent=5"}],"wp:term":[{"taxonomy":"partner","embeddable":true,"href":"https:\/\/ohme-ev.com\/ar\/wp-json\/wp\/v2\/partner?post=5"}],"curies":[{"name":"wp","href":"https:\/\/api.w.org\/{rel}","templated":true}]}}