{"id":3154,"date":"2023-06-26T12:03:36","date_gmt":"2023-06-26T12:03:36","guid":{"rendered":"https:\/\/ohme-cs-dev.local\/?page_id=54"},"modified":"2023-06-26T12:03:36","modified_gmt":"2023-06-26T12:03:36","slug":"blog-ohme","status":"publish","type":"page","link":"https:\/\/ohme-ev.com\/ar\/blog-ohme\/","title":{"rendered":"Blog"},"content":{"rendered":"<div class=\"thin-hero \" style=\"background-color: #366c92;\">\n    <div class=\"content-container\">\n        <div class=\"wrapper\">\n            <h1>Blog<\/h1>\n            \n                    <\/div>\n    <\/div>\n<\/div>\n\n\n<div class=\"posts-block blockWrapper top-default bottom-default\">\n    <div class=\"contentWrapper\">\n        <div class=\"search-input-container\">\n            <form action=\"\" method=\"get\" id=\"search_form\">\n                <div class=\"search-box\">\n                    <label for=\"search_query\">Search<\/label>\n                    <input type=\"search\" id=\"search_query\" name=\"query\" value=\"\"\/>\n                <\/div>\n\n                <div class=\"search-tag\">\n                    <label for=\"tag_filter\">Filter by Tag<\/label>\n                    <select id=\"tag_filter\" name=\"tag\">\n                        <option value=\"\">All Tags<\/option>\n                                                    <option value=\"solar-boost\" >\n                                solar boost                            <\/option>\n                                                    <option value=\"multiple-cars\" >\n                                multiple cars                            <\/option>\n                                                    <option value=\"no-puede-cobrar\" >\n                                no puede cobrar                            <\/option>\n                                                    <option value=\"ohme-epod\" >\n                                ohme epod                            <\/option>\n                                                    <option value=\"ohme-home-pro\" >\n                                ohme home pro                            <\/option>\n                                                    <option value=\"pantalla-del-cargador\" >\n                                pantalla del cargador                            <\/option>\n                                                    <option value=\"problemas-de-tropiezo\" >\n                                problemas de tropiezo                            <\/option>\n                                                    <option value=\"puesta-en-servicio\" >\n                                puesta en servicio                            <\/option>\n                                                    <option value=\"sin-conexion\" >\n                                sin conexi\u00f3n                            <\/option>\n                                                    <option value=\"sin-energia\" >\n                                sin energ\u00eda                            <\/option>\n                                                    <option value=\"solar\" >\n                                Solar                            <\/option>\n                                                    <option value=\"multiple-car\" >\n                                multiple car                            <\/option>\n                                                    <option value=\"solar-charging\" >\n                                solar charging                            <\/option>\n                                                    <option value=\"tarifa\" >\n                                tarifa                            <\/option>\n                                                    <option value=\"tropezando\" >\n                                tropezando                            <\/option>\n                                                    <option value=\"two-cars\" >\n                                two cars                            <\/option>\n                                                    <option value=\"nextgen\" >\n                                Nextgen                            <\/option>\n                                                    <option value=\"widget\" >\n                                widget                            <\/option>\n                                                    <option value=\"aleman\" >\n                                Alem\u00e1n                            <\/option>\n                                                    <option value=\"cambiar-idioma\" >\n                                cambiar idioma                            <\/option>\n                                                    <option value=\"espanol\" >\n                                Espa\u00f1ol                            <\/option>\n                                                    <option value=\"idioma\" >\n                                Idioma                            <\/option>\n                                                    <option value=\"desenchufe\" >\n                                desenchufe                            <\/option>\n                                                    <option value=\"botones-del-cargador\" >\n                                botones del cargador                            <\/option>\n                                                    <option value=\"cambiar-ve\" >\n                                cambiar ve                            <\/option>\n                                                    <option value=\"car\" >\n                                car                            <\/option>\n                                                    <option value=\"carga-solar\" >\n                                carga solar                            <\/option>\n                                                    <option value=\"coche\" >\n                                coche                            <\/option>\n                                                    <option value=\"comision\" >\n                                comisi\u00f3n                            <\/option>\n                                                    <option value=\"configuracion-de-seguridad\" >\n                                configuraci\u00f3n de seguridad                            <\/option>\n                                                    <option value=\"costos-de-carga-en-carretera\" >\n                                costos de carga en carretera                            <\/option>\n                                                    <option value=\"costos-de-carga-en-casa\" >\n                                Costos de carga en casa                            <\/option>\n                                                    <option value=\"desbloquear\" >\n                                desbloquear                            <\/option>\n                                                    <option value=\"bloqueo-del-cargador\" >\n                                bloqueo del cargador                            <\/option>\n                                                    <option value=\"epod\" >\n                                ePod                            <\/option>\n                                                    <option value=\"evs\" >\n                                EVs                            <\/option>\n                                                    <option value=\"home-pro\" >\n                                Home Pro                            <\/option>\n                                                    <option value=\"horario\" >\n                                horario                            <\/option>\n                                                    <option value=\"instalacion\" >\n                                instalaci\u00f3n                            <\/option>\n                                                    <option value=\"instalador\" >\n                                Instalador                            <\/option>\n                                                    <option value=\"luces-del-cargador\" >\n                                luces del cargador                            <\/option>\n                                                    <option value=\"manuales-de-productos\" >\n                                manuales de productos                            <\/option>\n                                                    <option value=\"modo-instalador\" >\n                                Modo Instalador                            <\/option>\n                                                    <option value=\"multicar\" >\n                                multicar                            <\/option>\n                                            <\/select>\n                <\/div>\n\n                <button type=\"submit\">Filter<\/button>\n            <\/form>\n        <\/div>\n\n                    <div class=\"tiles\">\n                                    <a href=\"https:\/\/ohme-ev.com\/ar\/2025\/02\/25\/cargador-inteligente-home-pro\/\">\n                        <div class=\"tile\">\n                            <img loading=\"lazy\" decoding=\"async\" width=\"1536\" height=\"1025\" src=\"https:\/\/ohme-ev.com\/ar\/wp-content\/uploads\/sites\/26\/2023\/07\/volvo-homepro-v3-1.jpg\" class=\"attachment-post-thumbnail size-post-thumbnail wp-post-image\" alt=\"Coche el\u00e9ctrico beneficiado por el Plan MOVES 2025 ayudas movilidad el\u00e9ctrica.\" srcset=\"https:\/\/ohme-ev.com\/ar\/wp-content\/uploads\/sites\/26\/2023\/07\/volvo-homepro-v3-1.jpg 1536w, https:\/\/ohme-ev.com\/ar\/wp-content\/uploads\/sites\/26\/2023\/07\/volvo-homepro-v3-1-300x200.jpg 300w, https:\/\/ohme-ev.com\/ar\/wp-content\/uploads\/sites\/26\/2023\/07\/volvo-homepro-v3-1-1024x683.jpg 1024w, https:\/\/ohme-ev.com\/ar\/wp-content\/uploads\/sites\/26\/2023\/07\/volvo-homepro-v3-1-768x513.jpg 768w, https:\/\/ohme-ev.com\/ar\/wp-content\/uploads\/sites\/26\/2023\/07\/volvo-homepro-v3-1-276x184.jpg 276w, https:\/\/ohme-ev.com\/ar\/wp-content\/uploads\/sites\/26\/2023\/07\/volvo-homepro-v3-1-340x227.jpg 340w\" sizes=\"auto, (max-width: 1536px) 100vw, 1536px\" \/>                            <div class=\"content\">\n                                <div class=\"date\">February 25 2025<\/div>\n                                <h4 class=\"title\">\u00bfYa conoces\u2026 el Ohme Home Pro?<\/h4>\n                                <div class=\"link\" href=\"https:\/\/ohme-ev.com\/ar\/2025\/02\/25\/cargador-inteligente-home-pro\/\">Read<\/div>\n                            <\/div>\n                        <\/div>\n                    <\/a>\n                                                        <a href=\"https:\/\/ohme-ev.com\/ar\/2025\/01\/22\/beneficios-vehiculos-electricos\/\">\n                        <div class=\"tile\">\n                            <img loading=\"lazy\" decoding=\"async\" width=\"1020\" height=\"612\" src=\"https:\/\/ohme-ev.com\/ar\/wp-content\/uploads\/sites\/26\/2023\/08\/Card-header_Car-tunnel_master-1.png\" class=\"attachment-post-thumbnail size-post-thumbnail wp-post-image\" alt=\"\" srcset=\"https:\/\/ohme-ev.com\/ar\/wp-content\/uploads\/sites\/26\/2023\/08\/Card-header_Car-tunnel_master-1.png 1020w, https:\/\/ohme-ev.com\/ar\/wp-content\/uploads\/sites\/26\/2023\/08\/Card-header_Car-tunnel_master-1-300x180.png 300w, https:\/\/ohme-ev.com\/ar\/wp-content\/uploads\/sites\/26\/2023\/08\/Card-header_Car-tunnel_master-1-768x461.png 768w, https:\/\/ohme-ev.com\/ar\/wp-content\/uploads\/sites\/26\/2023\/08\/Card-header_Car-tunnel_master-1-307x184.png 307w, https:\/\/ohme-ev.com\/ar\/wp-content\/uploads\/sites\/26\/2023\/08\/Card-header_Car-tunnel_master-1-340x204.png 340w\" sizes=\"auto, (max-width: 1020px) 100vw, 1020px\" \/>                            <div class=\"content\">\n                                <div class=\"date\">January 22 2025<\/div>\n                                <h4 class=\"title\">\u00bfPor qu\u00e9 elegir la conducci\u00f3n el\u00e9ctrica en 2025?<\/h4>\n                                <div class=\"link\" href=\"https:\/\/ohme-ev.com\/ar\/2025\/01\/22\/beneficios-vehiculos-electricos\/\">Read<\/div>\n                            <\/div>\n                        <\/div>\n                    <\/a>\n                                                        <a href=\"https:\/\/ohme-ev.com\/ar\/2024\/12\/18\/coches-electricos-2025\/\">\n                        <div class=\"tile\">\n                            <img loading=\"lazy\" decoding=\"async\" width=\"1500\" height=\"1102\" src=\"https:\/\/ohme-ev.com\/ar\/wp-content\/uploads\/sites\/26\/2024\/12\/ezgif-4-c104effc09-1.webp\" class=\"attachment-post-thumbnail size-post-thumbnail wp-post-image\" alt=\"\" srcset=\"https:\/\/ohme-ev.com\/ar\/wp-content\/uploads\/sites\/26\/2024\/12\/ezgif-4-c104effc09-1.webp 1500w, https:\/\/ohme-ev.com\/ar\/wp-content\/uploads\/sites\/26\/2024\/12\/ezgif-4-c104effc09-1-300x220.webp 300w, https:\/\/ohme-ev.com\/ar\/wp-content\/uploads\/sites\/26\/2024\/12\/ezgif-4-c104effc09-1-1024x752.webp 1024w, https:\/\/ohme-ev.com\/ar\/wp-content\/uploads\/sites\/26\/2024\/12\/ezgif-4-c104effc09-1-768x564.webp 768w, https:\/\/ohme-ev.com\/ar\/wp-content\/uploads\/sites\/26\/2024\/12\/ezgif-4-c104effc09-1-250x184.webp 250w, https:\/\/ohme-ev.com\/ar\/wp-content\/uploads\/sites\/26\/2024\/12\/ezgif-4-c104effc09-1-329x242.webp 329w\" sizes=\"auto, (max-width: 1500px) 100vw, 1500px\" \/>                            <div class=\"content\">\n                                <div class=\"date\">December 18 2024<\/div>\n                                <h4 class=\"title\">Cinco coches el\u00e9ctricos nuevos que llegar\u00e1n en 2025<\/h4>\n                                <div class=\"link\" href=\"https:\/\/ohme-ev.com\/ar\/2024\/12\/18\/coches-electricos-2025\/\">Read<\/div>\n                            <\/div>\n                        <\/div>\n                    <\/a>\n                                                        <a href=\"https:\/\/ohme-ev.com\/ar\/2024\/11\/19\/movilidad-electrica-guia-ohme\/\">\n                        <div class=\"tile\">\n                            <img loading=\"lazy\" decoding=\"async\" width=\"1868\" height=\"1054\" src=\"https:\/\/ohme-ev.com\/ar\/wp-content\/uploads\/sites\/26\/2023\/08\/Support_epod-help-header_UK-1.jpg\" class=\"attachment-post-thumbnail size-post-thumbnail wp-post-image\" alt=\"Person smiling using the Ohme ePod charger\" srcset=\"https:\/\/ohme-ev.com\/ar\/wp-content\/uploads\/sites\/26\/2023\/08\/Support_epod-help-header_UK-1.jpg 1868w, https:\/\/ohme-ev.com\/ar\/wp-content\/uploads\/sites\/26\/2023\/08\/Support_epod-help-header_UK-1-300x169.jpg 300w, https:\/\/ohme-ev.com\/ar\/wp-content\/uploads\/sites\/26\/2023\/08\/Support_epod-help-header_UK-1-1024x578.jpg 1024w, https:\/\/ohme-ev.com\/ar\/wp-content\/uploads\/sites\/26\/2023\/08\/Support_epod-help-header_UK-1-768x433.jpg 768w, https:\/\/ohme-ev.com\/ar\/wp-content\/uploads\/sites\/26\/2023\/08\/Support_epod-help-header_UK-1-1536x867.jpg 1536w, https:\/\/ohme-ev.com\/ar\/wp-content\/uploads\/sites\/26\/2023\/08\/Support_epod-help-header_UK-1-326x184.jpg 326w, https:\/\/ohme-ev.com\/ar\/wp-content\/uploads\/sites\/26\/2023\/08\/Support_epod-help-header_UK-1-340x192.jpg 340w\" sizes=\"auto, (max-width: 1868px) 100vw, 1868px\" \/>                            <div class=\"content\">\n                                <div class=\"date\">November 19 2024<\/div>\n                                <h4 class=\"title\">\u00bfNuevo en el mundo de los veh\u00edculos el\u00e9ctricos?<\/h4>\n                                <div class=\"link\" href=\"https:\/\/ohme-ev.com\/ar\/2024\/11\/19\/movilidad-electrica-guia-ohme\/\">Read<\/div>\n                            <\/div>\n                        <\/div>\n                    <\/a>\n                                                <\/div>\n            <div class=\"pagination\">\n    <div class=\"items\">\n        <p>Page 1 of 1<\/p>    <\/div>\n<\/div>\n        \n\n    <\/div>\n<\/div>\n","protected":false},"excerpt":{"rendered":"","protected":false},"author":31,"featured_media":0,"parent":0,"menu_order":0,"comment_status":"closed","ping_status":"closed","template":"","meta":{"_acf_changed":false,"_helpful_status":1,"footnotes":""},"partner":[],"class_list":["post-3154","page","type-page","status-publish","hentry"],"acf":[],"yoast_head":"<!-- This site is optimized with the Yoast SEO Premium plugin v27.4 (Yoast SEO v27.4) - https:\/\/yoast.com\/product\/yoast-seo-premium-wordpress\/ -->\n<title>Blog Ohme - Ohme EV Argentina<\/title>\n<meta name=\"description\" content=\"Descubre el blog de Ohme para conocer las \u00faltimas novedades sobre veh\u00edculos el\u00e9ctricos y cargadores inteligentes.\" \/>\n<meta name=\"robots\" content=\"index, follow, max-snippet:-1, max-image-preview:large, max-video-preview:-1\" \/>\n<link rel=\"canonical\" href=\"https:\/\/ohme-ev.com\/ar\/blog-ohme\/\" \/>\n<meta property=\"og:locale\" content=\"es_ES\" \/>\n<meta property=\"og:type\" content=\"article\" \/>\n<meta property=\"og:title\" content=\"Blog\" \/>\n<meta property=\"og:description\" content=\"Descubre el blog de Ohme para conocer las \u00faltimas novedades sobre veh\u00edculos el\u00e9ctricos y cargadores inteligentes.\" \/>\n<meta property=\"og:url\" content=\"https:\/\/ohme-ev.com\/ar\/blog-ohme\/\" \/>\n<meta property=\"og:site_name\" content=\"Ohme EV Argentina\" \/>\n<meta name=\"twitter:card\" content=\"summary_large_image\" \/>\n<script type=\"application\/ld+json\" class=\"yoast-schema-graph\">{\"@context\":\"https:\\\/\\\/schema.org\",\"@graph\":[{\"@type\":\"WebPage\",\"@id\":\"https:\\\/\\\/ohme-ev.com\\\/ar\\\/blog-ohme\\\/\",\"url\":\"https:\\\/\\\/ohme-ev.com\\\/ar\\\/blog-ohme\\\/\",\"name\":\"Blog Ohme - Ohme EV Argentina\",\"isPartOf\":{\"@id\":\"https:\\\/\\\/ohme-ev.com\\\/ar\\\/#website\"},\"datePublished\":\"2023-06-26T12:03:36+00:00\",\"description\":\"Descubre el blog de Ohme para conocer las \u00faltimas novedades sobre veh\u00edculos el\u00e9ctricos y cargadores inteligentes.\",\"breadcrumb\":{\"@id\":\"https:\\\/\\\/ohme-ev.com\\\/ar\\\/blog-ohme\\\/#breadcrumb\"},\"inLanguage\":\"es-ar\",\"potentialAction\":[{\"@type\":\"ReadAction\",\"target\":[\"https:\\\/\\\/ohme-ev.com\\\/ar\\\/blog-ohme\\\/\"]}]},{\"@type\":\"BreadcrumbList\",\"@id\":\"https:\\\/\\\/ohme-ev.com\\\/ar\\\/blog-ohme\\\/#breadcrumb\",\"itemListElement\":[{\"@type\":\"ListItem\",\"position\":1,\"name\":\"Home\",\"item\":\"https:\\\/\\\/ohme-ev.com\\\/ar\\\/\"},{\"@type\":\"ListItem\",\"position\":2,\"name\":\"Blog\"}]},{\"@type\":\"WebSite\",\"@id\":\"https:\\\/\\\/ohme-ev.com\\\/ar\\\/#website\",\"url\":\"https:\\\/\\\/ohme-ev.com\\\/ar\\\/\",\"name\":\"Ohme EV Argentina\",\"description\":\"Ohme - EV Smart Charging Solutions\",\"potentialAction\":[{\"@type\":\"SearchAction\",\"target\":{\"@type\":\"EntryPoint\",\"urlTemplate\":\"https:\\\/\\\/ohme-ev.com\\\/ar\\\/?s={search_term_string}\"},\"query-input\":{\"@type\":\"PropertyValueSpecification\",\"valueRequired\":true,\"valueName\":\"search_term_string\"}}],\"inLanguage\":\"es-ar\"}]}<\/script>\n<!-- \/ Yoast SEO Premium plugin. -->","yoast_head_json":{"title":"Blog Ohme - Ohme EV Argentina","description":"Descubre el blog de Ohme para conocer las \u00faltimas novedades sobre veh\u00edculos el\u00e9ctricos y cargadores inteligentes.","robots":{"index":"index","follow":"follow","max-snippet":"max-snippet:-1","max-image-preview":"max-image-preview:large","max-video-preview":"max-video-preview:-1"},"canonical":"https:\/\/ohme-ev.com\/ar\/blog-ohme\/","og_locale":"es_ES","og_type":"article","og_title":"Blog","og_description":"Descubre el blog de Ohme para conocer las \u00faltimas novedades sobre veh\u00edculos el\u00e9ctricos y cargadores inteligentes.","og_url":"https:\/\/ohme-ev.com\/ar\/blog-ohme\/","og_site_name":"Ohme EV Argentina","twitter_card":"summary_large_image","schema":{"@context":"https:\/\/schema.org","@graph":[{"@type":"WebPage","@id":"https:\/\/ohme-ev.com\/ar\/blog-ohme\/","url":"https:\/\/ohme-ev.com\/ar\/blog-ohme\/","name":"Blog Ohme - Ohme EV Argentina","isPartOf":{"@id":"https:\/\/ohme-ev.com\/ar\/#website"},"datePublished":"2023-06-26T12:03:36+00:00","description":"Descubre el blog de Ohme para conocer las \u00faltimas novedades sobre veh\u00edculos el\u00e9ctricos y cargadores inteligentes.","breadcrumb":{"@id":"https:\/\/ohme-ev.com\/ar\/blog-ohme\/#breadcrumb"},"inLanguage":"es-ar","potentialAction":[{"@type":"ReadAction","target":["https:\/\/ohme-ev.com\/ar\/blog-ohme\/"]}]},{"@type":"BreadcrumbList","@id":"https:\/\/ohme-ev.com\/ar\/blog-ohme\/#breadcrumb","itemListElement":[{"@type":"ListItem","position":1,"name":"Home","item":"https:\/\/ohme-ev.com\/ar\/"},{"@type":"ListItem","position":2,"name":"Blog"}]},{"@type":"WebSite","@id":"https:\/\/ohme-ev.com\/ar\/#website","url":"https:\/\/ohme-ev.com\/ar\/","name":"Ohme EV Argentina","description":"Ohme - EV Smart Charging Solutions","potentialAction":[{"@type":"SearchAction","target":{"@type":"EntryPoint","urlTemplate":"https:\/\/ohme-ev.com\/ar\/?s={search_term_string}"},"query-input":{"@type":"PropertyValueSpecification","valueRequired":true,"valueName":"search_term_string"}}],"inLanguage":"es-ar"}]}},"_links":{"self":[{"href":"https:\/\/ohme-ev.com\/ar\/wp-json\/wp\/v2\/pages\/3154","targetHints":{"allow":["GET"]}}],"collection":[{"href":"https:\/\/ohme-ev.com\/ar\/wp-json\/wp\/v2\/pages"}],"about":[{"href":"https:\/\/ohme-ev.com\/ar\/wp-json\/wp\/v2\/types\/page"}],"author":[{"embeddable":true,"href":"https:\/\/ohme-ev.com\/ar\/wp-json\/wp\/v2\/users\/31"}],"replies":[{"embeddable":true,"href":"https:\/\/ohme-ev.com\/ar\/wp-json\/wp\/v2\/comments?post=3154"}],"version-history":[{"count":0,"href":"https:\/\/ohme-ev.com\/ar\/wp-json\/wp\/v2\/pages\/3154\/revisions"}],"wp:attachment":[{"href":"https:\/\/ohme-ev.com\/ar\/wp-json\/wp\/v2\/media?parent=3154"}],"wp:term":[{"taxonomy":"partner","embeddable":true,"href":"https:\/\/ohme-ev.com\/ar\/wp-json\/wp\/v2\/partner?post=3154"}],"curies":[{"name":"wp","href":"https:\/\/api.w.org\/{rel}","templated":true}]}}